{"id":50916,"date":"2026-03-09T13:41:38","date_gmt":"2026-03-09T12:41:38","guid":{"rendered":"https:\/\/laguiole.com\/?post_type=product&#038;p=50916"},"modified":"2026-05-04T12:47:10","modified_gmt":"2026-05-04T10:47:10","slug":"forge-de-laguiole-tischgabeln-in-der-shiny-stainless-steel-elegance-range-set-von-6-copie","status":"publish","type":"product","link":"https:\/\/laguiole.com\/de\/produit\/forge-de-laguiole-tischgabeln-in-der-shiny-stainless-steel-elegance-range-set-von-6-copie\/","title":{"rendered":"Essl\u00f6ffel Forge de Laguiole in der Shiny Stainless Steel Elegance Reihe (Set von 6)"},"content":{"rendered":"<hr data-start=\"182\" data-end=\"185\">\n<h1 data-section-id=\"bytn3k\" data-start=\"187\" data-end=\"242\">Forge de Laguiole Tischsuppenl\u00f6ffel \u2013 Elegance-Sortiment<\/h1>\n<p data-start=\"244\" data-end=\"483\">Die <strong data-start=\"248\" data-end=\"305\">Forge de Laguiole Tischsuppenl\u00f6ffel \u2013 Die Elegance-Reihe<\/strong> vereint perfekt <strong data-start=\"329\" data-end=\"394\">elegantes Design, Fertigungsqualit\u00e4t und franz\u00f6sisches Know-how<\/strong>. Ihre n\u00fcchterne und ausgewogene Linie verleiht Ihrem Tisch sofort eine raffinierte Note. <\/p>\n<p data-start=\"485\" data-end=\"787\">Zun\u00e4chst einmal verf\u00fchrt ihr Design mit seiner <strong data-start=\"524\" data-end=\"552\">gro\u00dfen \u00e4sthetischen Reinheit<\/strong>. Jeder L\u00f6ffel besteht <strong data-start=\"584\" data-end=\"631\">aus einem einzigen Block gl\u00e4nzenden Edelstahls<\/strong>. Diese einteilige Konstruktion verst\u00e4rkt die Festigkeit der Abdeckung und garantiert zudem eine hervorragende Haltbarkeit.  <\/p>\n<p data-start=\"789\" data-end=\"1052\">Zweitens bietet die <strong data-start=\"801\" data-end=\"840\">weiche und elegante Form des Aquariums<\/strong> einen sehr angenehmen Gebrauchskomfort. Es erm\u00f6glicht ein nat\u00fcrliches und harmonisches Mundgef\u00fchl. Dank seines minimalistischen Designs passt der L\u00f6ffel problemlos in jede Art von Tischdeckung.  <\/p>\n<p data-start=\"1054\" data-end=\"1193\">Dar\u00fcber hinaus bringt die <strong data-start=\"1066\" data-end=\"1097\">gl\u00e4nzende, polierte Edelstahloberfl\u00e4che<\/strong> Glanz und Raffinesse. Sie f\u00e4ngt das Licht ein und bereichert Ihren Abendservice. <\/p>\n<p data-start=\"1195\" data-end=\"1394\">Wie das andere Besteck der Reihe lassen sich diese L\u00f6ffel problemlos mit <strong data-start=\"1276\" data-end=\"1319\">vielen verschiedenen Tischmessertypen<\/strong> kombinieren. So k\u00f6nnen Sie einen stimmigen, eleganten und zeitlosen Tisch erstellen. <\/p>\n<p data-start=\"1396\" data-end=\"1662\">Zus\u00e4tzlich werden die <strong data-start=\"1414\" data-end=\"1454\">Suppenl\u00f6ffel von Forge de Laguiole Elegance<\/strong> <strong data-start=\"1460\" data-end=\"1504\">in einem praktischen Stoffbeutel geliefert<\/strong>. Es hat <strong data-start=\"1524\" data-end=\"1557\">sechs einzelne F\u00e4cher,<\/strong> um jedes Besteck separat zu lagern. Dann wird die Tasche <strong data-start=\"1616\" data-end=\"1661\">zusammengerollt und mit einer Bindung geschlossen<\/strong>.  <\/p>\n<p data-start=\"1664\" data-end=\"1863\">Dieses Speichersystem hat mehrere Vorteile. Einerseits <strong data-start=\"1733\" data-end=\"1757\">sch\u00fctzt es das Besteck<\/strong>. Andererseits <strong data-start=\"1776\" data-end=\"1814\">l\u00e4sst er sich problemlos in einer Schublade aufbewahren<\/strong> und nimmt weniger Platz ein als eine herk\u00f6mmliche Schachtel.  <\/p>\n<p data-start=\"1865\" data-end=\"2098\">Schlie\u00dflich verf\u00fchren die <strong data-start=\"1876\" data-end=\"1933\">Forge de Laguiole Tischsuppenl\u00f6ffel \u2013 Elegance-Sortiment<\/strong> mit ihrer <strong data-start=\"1953\" data-end=\"2011\">N\u00fcchternheit, Eleganz und Herstellungsqualit\u00e4t<\/strong>. Sie bieten sowohl Alltagsmahlzeiten als auch die feinsten Tische. <\/p>\n<p data-start=\"1865\" data-end=\"2098\">Es wird mit den Gabeln und Dessertl\u00f6ffeln aus der Elegance-Reihe vervollst\u00e4ndigt.<\/p>\n<p data-start=\"1865\" data-end=\"2098\">\n","protected":false},"excerpt":{"rendered":"<p>Set aus 6 Essl\u00f6ffeln Forge de Laguiole Elegance Sortiment aus gl\u00e4nzendem<br \/>\nEdelstahl, flacher Griff, alles gl\u00e4nzender<br \/>\nEdelstahl Gesamtgr\u00f6\u00dfe des Essl\u00f6ffels: 20 cm<br \/>\nGeschmiedet in einem Teil, fein und elegant<\/p>\n","protected":false},"featured_media":51083,"template":"","meta":{"_acf_changed":false,"_monsterinsights_skip_tracking":false,"_monsterinsights_sitenote_active":false,"_monsterinsights_sitenote_note":"","_monsterinsights_sitenote_category":0},"product_brand":[],"product_cat":[5955,5957],"product_tag":[],"class_list":{"0":"post-50916","1":"product","2":"type-product","3":"status-publish","4":"has-post-thumbnail","6":"product_cat-laguiole-tafelbesteck","7":"product_cat-loeffel","8":"pa_conditionnement-6-teiliges-set","9":"pa_finition-brillant","10":"pa_manche-en-matiere-moderne-komplett-glaenzender-edelstahl","11":"pa_marque-forge-de-laguiole","12":"pa_mitres-ohne-gehrung-vollstaendige-huelse","13":"tm-no-options","16":"instock","17":"taxable","18":"shipping-taxable","19":"purchasable","20":"product-type-simple"},"supplier_id":null,"supplier_sku":"","barcode":null,"atum_controlled":true,"out_stock_date":null,"out_stock_threshold":null,"inheritable":false,"inbound_stock":0,"stock_on_hold":0,"sold_today":0,"sales_last_days":0,"reserved_stock":0,"customer_returns":0,"warehouse_damage":0,"lost_in_post":0,"other_logs":0,"out_stock_days":0,"lost_sales":0,"has_location":false,"update_date":"2026-05-07T00:53:32","atum_locations":[],"atum_stock_status":"instock","restock_status":false,"low_stock_amount":"","sales_update_date":"2026-05-07T00:53:32","calc_backorders":0,"acf":[],"yoast_head":"<!-- This site is optimized with the Yoast SEO plugin v27.3 - https:\/\/yoast.com\/product\/yoast-seo-wordpress\/ -->\n<title>Forge de Laguiole Elegance Tischl\u00f6ffel \u2013<\/title>\n<meta name=\"description\" content=\"Forge de Laguiole Elegance Tischl\u00f6ffel aus einteiligen, gl\u00e4nzenden Edelstahl. Elegantes Design, geliefert in einem praktischen Beutel f\u00fcr einen eleganten Tisch.\" \/>\n<meta name=\"robots\" content=\"index, follow, max-snippet:-1, max-image-preview:large, max-video-preview:-1\" \/>\n<link rel=\"canonical\" href=\"https:\/\/laguiole.com\/de\/produit\/forge-de-laguiole-tischgabeln-in-der-shiny-stainless-steel-elegance-range-set-von-6-copie\/\" \/>\n<meta property=\"og:locale\" content=\"de_DE\" \/>\n<meta property=\"og:type\" content=\"article\" \/>\n<meta property=\"og:title\" content=\"Forge de Laguiole Elegance Tischl\u00f6ffel \u2013\" \/>\n<meta property=\"og:description\" content=\"Forge de Laguiole Elegance Tischl\u00f6ffel aus einteiligen, gl\u00e4nzenden Edelstahl. Elegantes Design, geliefert in einem praktischen Beutel f\u00fcr einen eleganten Tisch.\" \/>\n<meta property=\"og:url\" content=\"https:\/\/laguiole.com\/de\/produit\/forge-de-laguiole-tischgabeln-in-der-shiny-stainless-steel-elegance-range-set-von-6-copie\/\" \/>\n<meta property=\"og:site_name\" content=\"Laguiole.com \u00ae\" \/>\n<meta property=\"article:publisher\" content=\"https:\/\/www.facebook.com\/laguiolecom\/\" \/>\n<meta property=\"article:modified_time\" content=\"2026-05-04T10:47:10+00:00\" \/>\n<meta property=\"og:image\" content=\"https:\/\/laguiole.com\/wp-content\/uploads\/2023\/08\/logo_laguiole_com_\u00ae_300dpi_Noir_et_Blanc.jpg\" \/>\n\t<meta property=\"og:image:width\" content=\"1920\" \/>\n\t<meta property=\"og:image:height\" content=\"854\" \/>\n\t<meta property=\"og:image:type\" content=\"image\/jpeg\" \/>\n<meta name=\"twitter:card\" content=\"summary_large_image\" \/>\n<meta name=\"twitter:label1\" content=\"Gesch\u00e4tzte Lesezeit\" \/>\n\t<meta name=\"twitter:data1\" content=\"1\u00a0Minute\" \/>\n<script type=\"application\/ld+json\" class=\"yoast-schema-graph\">{\"@context\":\"https:\\\/\\\/schema.org\",\"@graph\":[{\"@type\":\"WebPage\",\"@id\":\"https:\\\/\\\/laguiole.com\\\/de\\\/produit\\\/forge-de-laguiole-tischgabeln-in-der-shiny-stainless-steel-elegance-range-set-von-6-copie\\\/\",\"url\":\"https:\\\/\\\/laguiole.com\\\/de\\\/produit\\\/forge-de-laguiole-tischgabeln-in-der-shiny-stainless-steel-elegance-range-set-von-6-copie\\\/\",\"name\":\"Forge de Laguiole Elegance Tischl\u00f6ffel \u2013\",\"isPartOf\":{\"@id\":\"https:\\\/\\\/laguiole.com\\\/de\\\/#website\"},\"primaryImageOfPage\":{\"@id\":\"https:\\\/\\\/laguiole.com\\\/de\\\/produit\\\/forge-de-laguiole-tischgabeln-in-der-shiny-stainless-steel-elegance-range-set-von-6-copie\\\/#primaryimage\"},\"image\":{\"@id\":\"https:\\\/\\\/laguiole.com\\\/de\\\/produit\\\/forge-de-laguiole-tischgabeln-in-der-shiny-stainless-steel-elegance-range-set-von-6-copie\\\/#primaryimage\"},\"thumbnailUrl\":\"https:\\\/\\\/laguiole.com\\\/wp-content\\\/uploads\\\/2026\\\/03\\\/Cuilleeres_a_Soupe_de_table_Forge_de_Laguiole_en_Inox_Brillant_Gamme_Elegance_Set_de_6_05.jpg\",\"datePublished\":\"2026-03-09T12:41:38+00:00\",\"dateModified\":\"2026-05-04T10:47:10+00:00\",\"description\":\"Forge de Laguiole Elegance Tischl\u00f6ffel aus einteiligen, gl\u00e4nzenden Edelstahl. Elegantes Design, geliefert in einem praktischen Beutel f\u00fcr einen eleganten Tisch.\",\"breadcrumb\":{\"@id\":\"https:\\\/\\\/laguiole.com\\\/de\\\/produit\\\/forge-de-laguiole-tischgabeln-in-der-shiny-stainless-steel-elegance-range-set-von-6-copie\\\/#breadcrumb\"},\"inLanguage\":\"de\",\"potentialAction\":[{\"@type\":\"ReadAction\",\"target\":[\"https:\\\/\\\/laguiole.com\\\/de\\\/produit\\\/forge-de-laguiole-tischgabeln-in-der-shiny-stainless-steel-elegance-range-set-von-6-copie\\\/\"]}]},{\"@type\":\"ImageObject\",\"inLanguage\":\"de\",\"@id\":\"https:\\\/\\\/laguiole.com\\\/de\\\/produit\\\/forge-de-laguiole-tischgabeln-in-der-shiny-stainless-steel-elegance-range-set-von-6-copie\\\/#primaryimage\",\"url\":\"https:\\\/\\\/laguiole.com\\\/wp-content\\\/uploads\\\/2026\\\/03\\\/Cuilleeres_a_Soupe_de_table_Forge_de_Laguiole_en_Inox_Brillant_Gamme_Elegance_Set_de_6_05.jpg\",\"contentUrl\":\"https:\\\/\\\/laguiole.com\\\/wp-content\\\/uploads\\\/2026\\\/03\\\/Cuilleeres_a_Soupe_de_table_Forge_de_Laguiole_en_Inox_Brillant_Gamme_Elegance_Set_de_6_05.jpg\",\"width\":1033,\"height\":1033,\"caption\":\"Cuill\u00e8res \u00e0 Soupe de table Forge de Laguiole en Inox Brillant Gamme El\u00e9gance (Set de 6)\"},{\"@type\":\"BreadcrumbList\",\"@id\":\"https:\\\/\\\/laguiole.com\\\/de\\\/produit\\\/forge-de-laguiole-tischgabeln-in-der-shiny-stainless-steel-elegance-range-set-von-6-copie\\\/#breadcrumb\",\"itemListElement\":[{\"@type\":\"ListItem\",\"position\":1,\"name\":\"Accueil\",\"item\":\"https:\\\/\\\/laguiole.com\\\/de\\\/\"},{\"@type\":\"ListItem\",\"position\":2,\"name\":\"Shop\",\"item\":\"https:\\\/\\\/laguiole.com\\\/de\\\/shop-2\\\/\"},{\"@type\":\"ListItem\",\"position\":3,\"name\":\"Essl\u00f6ffel Forge de Laguiole in der Shiny Stainless Steel Elegance Reihe (Set von 6)\"}]},{\"@type\":\"WebSite\",\"@id\":\"https:\\\/\\\/laguiole.com\\\/de\\\/#website\",\"url\":\"https:\\\/\\\/laguiole.com\\\/de\\\/\",\"name\":\"Laguiole.com\",\"description\":\"Laguiole - Couteau laguiole, Chateau Laguiole, Laguiole en Aubrac, Forge de Laguiole\",\"publisher\":{\"@id\":\"https:\\\/\\\/laguiole.com\\\/de\\\/#organization\"},\"potentialAction\":[{\"@type\":\"SearchAction\",\"target\":{\"@type\":\"EntryPoint\",\"urlTemplate\":\"https:\\\/\\\/laguiole.com\\\/de\\\/?s={search_term_string}\"},\"query-input\":{\"@type\":\"PropertyValueSpecification\",\"valueRequired\":true,\"valueName\":\"search_term_string\"}}],\"inLanguage\":\"de\"},{\"@type\":\"Organization\",\"@id\":\"https:\\\/\\\/laguiole.com\\\/de\\\/#organization\",\"name\":\"Laguiole.com\",\"url\":\"https:\\\/\\\/laguiole.com\\\/de\\\/\",\"logo\":{\"@type\":\"ImageObject\",\"inLanguage\":\"de\",\"@id\":\"https:\\\/\\\/laguiole.com\\\/de\\\/#\\\/schema\\\/logo\\\/image\\\/\",\"url\":\"https:\\\/\\\/laguiole.com\\\/wp-content\\\/uploads\\\/2021\\\/02\\\/logo_laguiole.com-horizontal.jpg\",\"contentUrl\":\"https:\\\/\\\/laguiole.com\\\/wp-content\\\/uploads\\\/2021\\\/02\\\/logo_laguiole.com-horizontal.jpg\",\"width\":490,\"height\":156,\"caption\":\"Laguiole.com\"},\"image\":{\"@id\":\"https:\\\/\\\/laguiole.com\\\/de\\\/#\\\/schema\\\/logo\\\/image\\\/\"},\"sameAs\":[\"https:\\\/\\\/www.facebook.com\\\/laguiolecom\\\/\",\"https:\\\/\\\/www.instagram.com\\\/laguiolecom\\\/\",\"https:\\\/\\\/www.youtube.com\\\/@laguiolecom\\\/videos\"]}]}<\/script>\n<!-- \/ Yoast SEO plugin. -->","yoast_head_json":{"title":"Forge de Laguiole Elegance Tischl\u00f6ffel \u2013","description":"Forge de Laguiole Elegance Tischl\u00f6ffel aus einteiligen, gl\u00e4nzenden Edelstahl. Elegantes Design, geliefert in einem praktischen Beutel f\u00fcr einen eleganten Tisch.","robots":{"index":"index","follow":"follow","max-snippet":"max-snippet:-1","max-image-preview":"max-image-preview:large","max-video-preview":"max-video-preview:-1"},"canonical":"https:\/\/laguiole.com\/de\/produit\/forge-de-laguiole-tischgabeln-in-der-shiny-stainless-steel-elegance-range-set-von-6-copie\/","og_locale":"de_DE","og_type":"article","og_title":"Forge de Laguiole Elegance Tischl\u00f6ffel \u2013","og_description":"Forge de Laguiole Elegance Tischl\u00f6ffel aus einteiligen, gl\u00e4nzenden Edelstahl. Elegantes Design, geliefert in einem praktischen Beutel f\u00fcr einen eleganten Tisch.","og_url":"https:\/\/laguiole.com\/de\/produit\/forge-de-laguiole-tischgabeln-in-der-shiny-stainless-steel-elegance-range-set-von-6-copie\/","og_site_name":"Laguiole.com \u00ae","article_publisher":"https:\/\/www.facebook.com\/laguiolecom\/","article_modified_time":"2026-05-04T10:47:10+00:00","og_image":[{"width":1920,"height":854,"url":"https:\/\/laguiole.com\/wp-content\/uploads\/2023\/08\/logo_laguiole_com_\u00ae_300dpi_Noir_et_Blanc.jpg","type":"image\/jpeg"}],"twitter_card":"summary_large_image","twitter_misc":{"Gesch\u00e4tzte Lesezeit":"1\u00a0Minute"},"schema":{"@context":"https:\/\/schema.org","@graph":[{"@type":"WebPage","@id":"https:\/\/laguiole.com\/de\/produit\/forge-de-laguiole-tischgabeln-in-der-shiny-stainless-steel-elegance-range-set-von-6-copie\/","url":"https:\/\/laguiole.com\/de\/produit\/forge-de-laguiole-tischgabeln-in-der-shiny-stainless-steel-elegance-range-set-von-6-copie\/","name":"Forge de Laguiole Elegance Tischl\u00f6ffel \u2013","isPartOf":{"@id":"https:\/\/laguiole.com\/de\/#website"},"primaryImageOfPage":{"@id":"https:\/\/laguiole.com\/de\/produit\/forge-de-laguiole-tischgabeln-in-der-shiny-stainless-steel-elegance-range-set-von-6-copie\/#primaryimage"},"image":{"@id":"https:\/\/laguiole.com\/de\/produit\/forge-de-laguiole-tischgabeln-in-der-shiny-stainless-steel-elegance-range-set-von-6-copie\/#primaryimage"},"thumbnailUrl":"https:\/\/laguiole.com\/wp-content\/uploads\/2026\/03\/Cuilleeres_a_Soupe_de_table_Forge_de_Laguiole_en_Inox_Brillant_Gamme_Elegance_Set_de_6_05.jpg","datePublished":"2026-03-09T12:41:38+00:00","dateModified":"2026-05-04T10:47:10+00:00","description":"Forge de Laguiole Elegance Tischl\u00f6ffel aus einteiligen, gl\u00e4nzenden Edelstahl. Elegantes Design, geliefert in einem praktischen Beutel f\u00fcr einen eleganten Tisch.","breadcrumb":{"@id":"https:\/\/laguiole.com\/de\/produit\/forge-de-laguiole-tischgabeln-in-der-shiny-stainless-steel-elegance-range-set-von-6-copie\/#breadcrumb"},"inLanguage":"de","potentialAction":[{"@type":"ReadAction","target":["https:\/\/laguiole.com\/de\/produit\/forge-de-laguiole-tischgabeln-in-der-shiny-stainless-steel-elegance-range-set-von-6-copie\/"]}]},{"@type":"ImageObject","inLanguage":"de","@id":"https:\/\/laguiole.com\/de\/produit\/forge-de-laguiole-tischgabeln-in-der-shiny-stainless-steel-elegance-range-set-von-6-copie\/#primaryimage","url":"https:\/\/laguiole.com\/wp-content\/uploads\/2026\/03\/Cuilleeres_a_Soupe_de_table_Forge_de_Laguiole_en_Inox_Brillant_Gamme_Elegance_Set_de_6_05.jpg","contentUrl":"https:\/\/laguiole.com\/wp-content\/uploads\/2026\/03\/Cuilleeres_a_Soupe_de_table_Forge_de_Laguiole_en_Inox_Brillant_Gamme_Elegance_Set_de_6_05.jpg","width":1033,"height":1033,"caption":"Cuill\u00e8res \u00e0 Soupe de table Forge de Laguiole en Inox Brillant Gamme El\u00e9gance (Set de 6)"},{"@type":"BreadcrumbList","@id":"https:\/\/laguiole.com\/de\/produit\/forge-de-laguiole-tischgabeln-in-der-shiny-stainless-steel-elegance-range-set-von-6-copie\/#breadcrumb","itemListElement":[{"@type":"ListItem","position":1,"name":"Accueil","item":"https:\/\/laguiole.com\/de\/"},{"@type":"ListItem","position":2,"name":"Shop","item":"https:\/\/laguiole.com\/de\/shop-2\/"},{"@type":"ListItem","position":3,"name":"Essl\u00f6ffel Forge de Laguiole in der Shiny Stainless Steel Elegance Reihe (Set von 6)"}]},{"@type":"WebSite","@id":"https:\/\/laguiole.com\/de\/#website","url":"https:\/\/laguiole.com\/de\/","name":"Laguiole.com","description":"Laguiole - Couteau laguiole, Chateau Laguiole, Laguiole en Aubrac, Forge de Laguiole","publisher":{"@id":"https:\/\/laguiole.com\/de\/#organization"},"potentialAction":[{"@type":"SearchAction","target":{"@type":"EntryPoint","urlTemplate":"https:\/\/laguiole.com\/de\/?s={search_term_string}"},"query-input":{"@type":"PropertyValueSpecification","valueRequired":true,"valueName":"search_term_string"}}],"inLanguage":"de"},{"@type":"Organization","@id":"https:\/\/laguiole.com\/de\/#organization","name":"Laguiole.com","url":"https:\/\/laguiole.com\/de\/","logo":{"@type":"ImageObject","inLanguage":"de","@id":"https:\/\/laguiole.com\/de\/#\/schema\/logo\/image\/","url":"https:\/\/laguiole.com\/wp-content\/uploads\/2021\/02\/logo_laguiole.com-horizontal.jpg","contentUrl":"https:\/\/laguiole.com\/wp-content\/uploads\/2021\/02\/logo_laguiole.com-horizontal.jpg","width":490,"height":156,"caption":"Laguiole.com"},"image":{"@id":"https:\/\/laguiole.com\/de\/#\/schema\/logo\/image\/"},"sameAs":["https:\/\/www.facebook.com\/laguiolecom\/","https:\/\/www.instagram.com\/laguiolecom\/","https:\/\/www.youtube.com\/@laguiolecom\/videos"]}]}},"_links":{"self":[{"href":"https:\/\/laguiole.com\/de\/wp-json\/wp\/v2\/product\/50916","targetHints":{"allow":["GET"]}}],"collection":[{"href":"https:\/\/laguiole.com\/de\/wp-json\/wp\/v2\/product"}],"about":[{"href":"https:\/\/laguiole.com\/de\/wp-json\/wp\/v2\/types\/product"}],"version-history":[{"count":1,"href":"https:\/\/laguiole.com\/de\/wp-json\/wp\/v2\/product\/50916\/revisions"}],"predecessor-version":[{"id":50925,"href":"https:\/\/laguiole.com\/de\/wp-json\/wp\/v2\/product\/50916\/revisions\/50925"}],"wp:featuredmedia":[{"embeddable":true,"href":"https:\/\/laguiole.com\/de\/wp-json\/wp\/v2\/media\/51083"}],"wp:attachment":[{"href":"https:\/\/laguiole.com\/de\/wp-json\/wp\/v2\/media?parent=50916"}],"wp:term":[{"taxonomy":"product_brand","embeddable":true,"href":"https:\/\/laguiole.com\/de\/wp-json\/wp\/v2\/product_brand?post=50916"},{"taxonomy":"product_cat","embeddable":true,"href":"https:\/\/laguiole.com\/de\/wp-json\/wp\/v2\/product_cat?post=50916"},{"taxonomy":"product_tag","embeddable":true,"href":"https:\/\/laguiole.com\/de\/wp-json\/wp\/v2\/product_tag?post=50916"}],"curies":[{"name":"wp","href":"https:\/\/api.w.org\/{rel}","templated":true}]}}