{"id":50359,"date":"2026-02-24T13:31:33","date_gmt":"2026-02-24T12:31:33","guid":{"rendered":"https:\/\/laguiole.com\/?post_type=product&#038;p=50359"},"modified":"2026-03-02T11:49:42","modified_gmt":"2026-03-02T10:49:42","slug":"set-mit-3-laguiole-gourmet-kuchenmessern-in-aubrac-aus-mischholz-copie","status":"publish","type":"product","link":"https:\/\/laguiole.com\/de\/produit\/set-mit-3-laguiole-gourmet-kuchenmessern-in-aubrac-aus-mischholz-copie\/","title":{"rendered":"Set mit 3 Laguiole Gourmet K\u00fcchenmessern in Aubrac in Ebony"},"content":{"rendered":"<h1 data-start=\"225\" data-end=\"282\">Auswahl von 3 Gourmet-Ebenholz-K\u00fcchenmessern<\/h1>\n<h2 data-start=\"283\" data-end=\"374\">Kunsthandwerkliches Set aus Laguiole \u2013 Die Exzellenz von Aubrac im Dienst Ihrer K\u00fcche<\/h2>\n<p data-start=\"376\" data-end=\"688\">In der Welt der Gastronomie macht Pr\u00e4zision den entscheidenden Unterschied. Genau mit diesem Gedanken wurde diese <strong data-start=\"491\" data-end=\"561\">Kollektion von drei Ebenholz-K\u00fcchenmessern aus Laguiole entworfen<\/strong> . An der Schnittstelle von Leistung und Eleganz verk\u00f6rpert dieses Set voll und ganz das handwerkliche Know-how des Aubrac.  <\/p>\n<p data-start=\"690\" data-end=\"921\">Auf den ersten Blick f\u00e4ngt die schwarze Tiefe des Ebenholz das Licht ein und behauptet einen Stil, der sowohl n\u00fcchtern als auch prestigetr\u00e4chtig ist. Dann best\u00e4tigen in der Hand das Gleichgewicht und die Fl\u00fcssigkeit der Geste die Qualit\u00e4t eines mit hohen Standards ausgef\u00fchrten Werks. <\/p>\n<hr data-start=\"923\" data-end=\"926\">\n<h2 data-start=\"928\" data-end=\"988\">Drei komplement\u00e4re Messer f\u00fcr perfekte Kontrolle<\/h2>\n<p data-start=\"990\" data-end=\"1171\">Vor allem erf\u00fcllt dieses Set die wesentlichen Anforderungen einer strukturierten und effizienten K\u00fcche. Jedes St\u00fcck spielt eine bestimmte Rolle, sodass du deine Geste an jede Vorbereitung anpassen kannst. <\/p>\n<h3 data-start=\"1173\" data-end=\"1209\">\ud83d\udd2a Sch\u00e4lmesser \u2013 10 cm Klinge<\/h3>\n<p data-start=\"1210\" data-end=\"1369\">Gesamtl\u00e4nge mit Griff: 22 cm<br data-start=\"1245\" data-end=\"1248\">Ideal f\u00fcr feinen Schnitt, Sch\u00e4len oder sorgf\u00e4ltige Arbeit an Obst und Gem\u00fcse bietet es Kontrolle und Pr\u00e4zision.<\/p>\n<h3 data-start=\"1371\" data-end=\"1408\">\ud83d\udd2a K\u00fcchenmesser \u2013 15 cm Klinge<\/h3>\n<p data-start=\"1409\" data-end=\"1570\">Gesamtl\u00e4nge mit Griff: 29 cm<br data-start=\"1444\" data-end=\"1447\">Vielseitig par excellence, beinhaltet es das Schneiden von Fleisch sowie Gem\u00fcse oder aromatischen Kr\u00e4utern.<\/p>\n<h3 data-start=\"1572\" data-end=\"1609\">\ud83d\udd2a K\u00fcchenmesser \u2013 20 cm Klinge<\/h3>\n<p data-start=\"1610\" data-end=\"1765\">Gesamtl\u00e4nge mit Griff: 33 cm<br data-start=\"1645\" data-end=\"1648\">L\u00e4nger und kraftvoller sorgt er f\u00fcr saubere und gleichm\u00e4\u00dfige Kanten, besonders bei gr\u00f6\u00dferen St\u00fccken.<\/p>\n<p data-start=\"1767\" data-end=\"1869\">So bildet das Ganze ein stimmiges Trio, das darauf ausgelegt ist, die Gesten mit Fl\u00fcssigkeit und Effizienz zu verbinden.<\/p>\n<hr data-start=\"1871\" data-end=\"1874\">\n<h2 data-start=\"1876\" data-end=\"1921\">Ebenholz: Adel, Intensit\u00e4t und Charakter<\/h2>\n<p data-start=\"1923\" data-end=\"2161\">Um dieses Set zu sublimieren, haben die Handwerker ein <strong data-start=\"1980\" data-end=\"2006\">echtes Ebenholzholz<\/strong> ausgew\u00e4hlt, das f\u00fcr seine au\u00dfergew\u00f6hnliche Dichte und bemerkenswerte Haltbarkeit bekannt ist. Sein tiefschwarzer Farbton verleiht sofort ein zeitgem\u00e4\u00dfes und raffiniertes Aussehen. <\/p>\n<p data-start=\"2163\" data-end=\"2431\">Dar\u00fcber hinaus bietet das Material ein sanftes und stabiles Gef\u00fchl, was den Komfort der Nutzer verbessert. Dank seiner nat\u00fcrlichen St\u00e4rke bewahrt Ebenholz seine Eleganz \u00fcber die Zeit. Jeder Hals weist subtile Variationen auf, ein Beweis f\u00fcr ein lebendiges und authentisches Material.  <\/p>\n<hr data-start=\"2433\" data-end=\"2436\">\n<h2 data-start=\"2438\" data-end=\"2480\">Ein starkes Markenzeichen: die Gourmet-Biene<\/h2>\n<p data-start=\"2482\" data-end=\"2680\">Zart in den Griff integriert, erinnert die <strong data-start=\"2523\" data-end=\"2553\">Abeille Gourmet-Dekoration<\/strong> an das historische Erbe von Laguiole. Viel mehr als ein einfaches Schmuckst\u00fcck symbolisiert es die franz\u00f6sische Bestecktradition. <\/p>\n<p data-start=\"2682\" data-end=\"2810\">Daher unterstreicht dieses Detail die Identit\u00e4t des Produkts und best\u00e4tigt gleichzeitig seine Zugeh\u00f6rigkeit zum handwerklichen Erbe von Aubrac.<\/p>\n<hr data-start=\"2812\" data-end=\"2815\">\n<h2 data-start=\"2817\" data-end=\"2862\">Handwerkliches Know-how, das in Laguiole verwurzelt ist<\/h2>\n<p data-start=\"2864\" data-end=\"3087\">Im Herzen des Laguiole-Gebiets wird jedes Messer mit Sorgfalt zusammengebaut, eingestellt und poliert. W\u00e4hrend des gesamten Prozesses sorgen die Handwerker f\u00fcr die perfekte Ausrichtung der St\u00fccke, die Qualit\u00e4t der Oberfl\u00e4chen und das Gesamtausgleich. <\/p>\n<p data-start=\"3089\" data-end=\"3271\">Diese Anforderung f\u00fchrt zu einem langlebigen, zuverl\u00e4ssigen und \u00e4sthetisch makellosen Produkt. Mit der Wahl dieses <strong data-start=\"3190\" data-end=\"3254\">Sets von 3 handgefertigten K\u00fcchenmessern aus Laguiole<\/strong> unterst\u00fctzen Sie: <\/p>\n<ul data-start=\"3273\" data-end=\"3439\">\n<li data-start=\"3273\" data-end=\"3310\">\n<p data-start=\"3275\" data-end=\"3310\">Traditionelle franz\u00f6sische Handwerkskunst<\/p>\n<\/li>\n<li data-start=\"3311\" data-end=\"3350\">\n<p data-start=\"3313\" data-end=\"3350\">Das Besteckerbe von Aubrac<\/p>\n<\/li>\n<li data-start=\"3351\" data-end=\"3388\">\n<p data-start=\"3353\" data-end=\"3388\">Strenge lokale Herstellung<\/p>\n<\/li>\n<li data-start=\"3389\" data-end=\"3439\">\n<p data-start=\"3391\" data-end=\"3439\">Edle und sorgf\u00e4ltig ausgew\u00e4hlte Materialien<\/p>\n<\/li>\n<\/ul>\n<hr data-start=\"3441\" data-end=\"3444\">\n<h2 data-start=\"3446\" data-end=\"3499\">Zwischen kulinarischer Leistung und zeitloser Sch\u00f6nheit<\/h2>\n<p data-start=\"3501\" data-end=\"3718\">Neben technischer Effizienz beeindruckt diese Serie mit ihrem eleganten und harmonischen Look. Die Kombination aus klaren Linien und der Tiefe von Ebenholz schafft eine starke visuelle Pr\u00e4senz auf der Arbeitsplatte. <\/p>\n<p data-start=\"3720\" data-end=\"3938\">Am Ende ist es nicht nur ein Messerset. Es handelt sich um ein <strong data-start=\"3799\" data-end=\"3846\">hochwertiges, handwerkliches K\u00fcchenset,<\/strong> entworfen, um Ihre kulinarische Leidenschaft lange zu begleiten und jede Zubereitung zu sublimieren. <\/p>\n","protected":false},"excerpt":{"rendered":"<p>Auswahl aus 3 Gourmet-K\u00fcchenmessern<br \/>\nGriffe: Ebenholz<br \/>\n1 Sch\u00e4lmesser 10 cm Ebenholz-Griff (Ma\u00df mit Griff 22 cm)<br \/>\n 1 K\u00fcchenmesser 15 cm Ebenholz-Griff (Ma\u00df mit Griff 29 cm)<br \/>\n 1 K\u00fcchenmesser 20 cm Ebenholz-Griff (Ma\u00df mit Griff 33 cm)<br \/>\n Gourmet-Bienen-Dekoration im Griff eingesetzt<\/p>\n","protected":false},"featured_media":50453,"template":"","meta":{"_acf_changed":false,"_monsterinsights_skip_tracking":false,"_monsterinsights_sitenote_active":false,"_monsterinsights_sitenote_note":"","_monsterinsights_sitenote_category":0},"product_brand":[],"product_cat":[5933],"product_tag":[],"class_list":{"0":"post-50359","1":"product","2":"type-product","3":"status-publish","4":"has-post-thumbnail","6":"product_cat-laguiole-kuechenbloecke-und-messer","7":"pa_finition-gebuerstet","8":"pa_lame-gebuersteter-edelstahl","9":"pa_manche-en-bois-ebenholz","10":"pa_marque-laguiole-en-aubracfr","11":"tm-has-options","14":"instock","15":"taxable","16":"shipping-taxable","17":"purchasable","18":"product-type-simple"},"supplier_id":null,"supplier_sku":"","barcode":null,"atum_controlled":true,"out_stock_date":null,"out_stock_threshold":null,"inheritable":false,"inbound_stock":0,"stock_on_hold":0,"sold_today":0,"sales_last_days":0,"reserved_stock":0,"customer_returns":0,"warehouse_damage":0,"lost_in_post":0,"other_logs":0,"out_stock_days":0,"lost_sales":0,"has_location":false,"update_date":"2026-05-07T00:49:16","atum_locations":[],"atum_stock_status":"instock","restock_status":false,"low_stock_amount":"","sales_update_date":"2026-05-07T00:49:16","calc_backorders":0,"acf":[],"yoast_head":"<!-- This site is optimized with the Yoast SEO plugin v27.3 - https:\/\/yoast.com\/product\/yoast-seo-wordpress\/ -->\n<title>Laguiole-Ebenholz-K\u00fcchenmesser \u2013 Franz\u00f6sische Handwerkskunst<\/title>\n<meta name=\"description\" content=\"Ebenholz-K\u00fcchenmesser hergestellt in Laguiole. Franz\u00f6sische Handwerkskunst, tiefschwarze Eleganz und Gourmet Bee f\u00fcr pr\u00e4zise und raffinierte K\u00fcche\" \/>\n<meta name=\"robots\" content=\"index, follow, max-snippet:-1, max-image-preview:large, max-video-preview:-1\" \/>\n<link rel=\"canonical\" href=\"https:\/\/laguiole.com\/de\/produit\/set-mit-3-laguiole-gourmet-kuchenmessern-in-aubrac-aus-mischholz-copie\/\" \/>\n<meta property=\"og:locale\" content=\"de_DE\" \/>\n<meta property=\"og:type\" content=\"article\" \/>\n<meta property=\"og:title\" content=\"Laguiole-Ebenholz-K\u00fcchenmesser \u2013 Franz\u00f6sische Handwerkskunst\" \/>\n<meta property=\"og:description\" content=\"Ebenholz-K\u00fcchenmesser hergestellt in Laguiole. Franz\u00f6sische Handwerkskunst, tiefschwarze Eleganz und Gourmet Bee f\u00fcr pr\u00e4zise und raffinierte K\u00fcche\" \/>\n<meta property=\"og:url\" content=\"https:\/\/laguiole.com\/de\/produit\/set-mit-3-laguiole-gourmet-kuchenmessern-in-aubrac-aus-mischholz-copie\/\" \/>\n<meta property=\"og:site_name\" content=\"Laguiole.com \u00ae\" \/>\n<meta property=\"article:publisher\" content=\"https:\/\/www.facebook.com\/laguiolecom\/\" \/>\n<meta property=\"article:modified_time\" content=\"2026-03-02T10:49:42+00:00\" \/>\n<meta property=\"og:image\" content=\"https:\/\/laguiole.com\/wp-content\/uploads\/2023\/08\/logo_laguiole_com_\u00ae_300dpi_Noir_et_Blanc.jpg\" \/>\n\t<meta property=\"og:image:width\" content=\"1920\" \/>\n\t<meta property=\"og:image:height\" content=\"854\" \/>\n\t<meta property=\"og:image:type\" content=\"image\/jpeg\" \/>\n<meta name=\"twitter:card\" content=\"summary_large_image\" \/>\n<meta name=\"twitter:label1\" content=\"Gesch\u00e4tzte Lesezeit\" \/>\n\t<meta name=\"twitter:data1\" content=\"3\u00a0Minute\" \/>\n<script type=\"application\/ld+json\" class=\"yoast-schema-graph\">{\"@context\":\"https:\\\/\\\/schema.org\",\"@graph\":[{\"@type\":\"WebPage\",\"@id\":\"https:\\\/\\\/laguiole.com\\\/de\\\/produit\\\/set-mit-3-laguiole-gourmet-kuchenmessern-in-aubrac-aus-mischholz-copie\\\/\",\"url\":\"https:\\\/\\\/laguiole.com\\\/de\\\/produit\\\/set-mit-3-laguiole-gourmet-kuchenmessern-in-aubrac-aus-mischholz-copie\\\/\",\"name\":\"Laguiole-Ebenholz-K\u00fcchenmesser \u2013 Franz\u00f6sische Handwerkskunst\",\"isPartOf\":{\"@id\":\"https:\\\/\\\/laguiole.com\\\/de\\\/#website\"},\"primaryImageOfPage\":{\"@id\":\"https:\\\/\\\/laguiole.com\\\/de\\\/produit\\\/set-mit-3-laguiole-gourmet-kuchenmessern-in-aubrac-aus-mischholz-copie\\\/#primaryimage\"},\"image\":{\"@id\":\"https:\\\/\\\/laguiole.com\\\/de\\\/produit\\\/set-mit-3-laguiole-gourmet-kuchenmessern-in-aubrac-aus-mischholz-copie\\\/#primaryimage\"},\"thumbnailUrl\":\"https:\\\/\\\/laguiole.com\\\/wp-content\\\/uploads\\\/2026\\\/02\\\/Set_de_3_Couteaux_de_Cuisine_Gourmet_Laguiole_en_Aubrac_en_Ebene_00.jpg\",\"datePublished\":\"2026-02-24T12:31:33+00:00\",\"dateModified\":\"2026-03-02T10:49:42+00:00\",\"description\":\"Ebenholz-K\u00fcchenmesser hergestellt in Laguiole. Franz\u00f6sische Handwerkskunst, tiefschwarze Eleganz und Gourmet Bee f\u00fcr pr\u00e4zise und raffinierte K\u00fcche\",\"breadcrumb\":{\"@id\":\"https:\\\/\\\/laguiole.com\\\/de\\\/produit\\\/set-mit-3-laguiole-gourmet-kuchenmessern-in-aubrac-aus-mischholz-copie\\\/#breadcrumb\"},\"inLanguage\":\"de\",\"potentialAction\":[{\"@type\":\"ReadAction\",\"target\":[\"https:\\\/\\\/laguiole.com\\\/de\\\/produit\\\/set-mit-3-laguiole-gourmet-kuchenmessern-in-aubrac-aus-mischholz-copie\\\/\"]}]},{\"@type\":\"ImageObject\",\"inLanguage\":\"de\",\"@id\":\"https:\\\/\\\/laguiole.com\\\/de\\\/produit\\\/set-mit-3-laguiole-gourmet-kuchenmessern-in-aubrac-aus-mischholz-copie\\\/#primaryimage\",\"url\":\"https:\\\/\\\/laguiole.com\\\/wp-content\\\/uploads\\\/2026\\\/02\\\/Set_de_3_Couteaux_de_Cuisine_Gourmet_Laguiole_en_Aubrac_en_Ebene_00.jpg\",\"contentUrl\":\"https:\\\/\\\/laguiole.com\\\/wp-content\\\/uploads\\\/2026\\\/02\\\/Set_de_3_Couteaux_de_Cuisine_Gourmet_Laguiole_en_Aubrac_en_Ebene_00.jpg\",\"width\":1033,\"height\":1033,\"caption\":\"Set de 3 Couteaux de Cuisine Gourmet Laguiole en Aubrac en Eb\u00e8ne\"},{\"@type\":\"BreadcrumbList\",\"@id\":\"https:\\\/\\\/laguiole.com\\\/de\\\/produit\\\/set-mit-3-laguiole-gourmet-kuchenmessern-in-aubrac-aus-mischholz-copie\\\/#breadcrumb\",\"itemListElement\":[{\"@type\":\"ListItem\",\"position\":1,\"name\":\"Accueil\",\"item\":\"https:\\\/\\\/laguiole.com\\\/de\\\/\"},{\"@type\":\"ListItem\",\"position\":2,\"name\":\"Shop\",\"item\":\"https:\\\/\\\/laguiole.com\\\/de\\\/shop-2\\\/\"},{\"@type\":\"ListItem\",\"position\":3,\"name\":\"Set mit 3 Laguiole Gourmet K\u00fcchenmessern in Aubrac in Ebony\"}]},{\"@type\":\"WebSite\",\"@id\":\"https:\\\/\\\/laguiole.com\\\/de\\\/#website\",\"url\":\"https:\\\/\\\/laguiole.com\\\/de\\\/\",\"name\":\"Laguiole.com\",\"description\":\"Laguiole - Couteau laguiole, Chateau Laguiole, Laguiole en Aubrac, Forge de Laguiole\",\"publisher\":{\"@id\":\"https:\\\/\\\/laguiole.com\\\/de\\\/#organization\"},\"potentialAction\":[{\"@type\":\"SearchAction\",\"target\":{\"@type\":\"EntryPoint\",\"urlTemplate\":\"https:\\\/\\\/laguiole.com\\\/de\\\/?s={search_term_string}\"},\"query-input\":{\"@type\":\"PropertyValueSpecification\",\"valueRequired\":true,\"valueName\":\"search_term_string\"}}],\"inLanguage\":\"de\"},{\"@type\":\"Organization\",\"@id\":\"https:\\\/\\\/laguiole.com\\\/de\\\/#organization\",\"name\":\"Laguiole.com\",\"url\":\"https:\\\/\\\/laguiole.com\\\/de\\\/\",\"logo\":{\"@type\":\"ImageObject\",\"inLanguage\":\"de\",\"@id\":\"https:\\\/\\\/laguiole.com\\\/de\\\/#\\\/schema\\\/logo\\\/image\\\/\",\"url\":\"https:\\\/\\\/laguiole.com\\\/wp-content\\\/uploads\\\/2021\\\/02\\\/logo_laguiole.com-horizontal.jpg\",\"contentUrl\":\"https:\\\/\\\/laguiole.com\\\/wp-content\\\/uploads\\\/2021\\\/02\\\/logo_laguiole.com-horizontal.jpg\",\"width\":490,\"height\":156,\"caption\":\"Laguiole.com\"},\"image\":{\"@id\":\"https:\\\/\\\/laguiole.com\\\/de\\\/#\\\/schema\\\/logo\\\/image\\\/\"},\"sameAs\":[\"https:\\\/\\\/www.facebook.com\\\/laguiolecom\\\/\",\"https:\\\/\\\/www.instagram.com\\\/laguiolecom\\\/\",\"https:\\\/\\\/www.youtube.com\\\/@laguiolecom\\\/videos\"]}]}<\/script>\n<!-- \/ Yoast SEO plugin. -->","yoast_head_json":{"title":"Laguiole-Ebenholz-K\u00fcchenmesser \u2013 Franz\u00f6sische Handwerkskunst","description":"Ebenholz-K\u00fcchenmesser hergestellt in Laguiole. Franz\u00f6sische Handwerkskunst, tiefschwarze Eleganz und Gourmet Bee f\u00fcr pr\u00e4zise und raffinierte K\u00fcche","robots":{"index":"index","follow":"follow","max-snippet":"max-snippet:-1","max-image-preview":"max-image-preview:large","max-video-preview":"max-video-preview:-1"},"canonical":"https:\/\/laguiole.com\/de\/produit\/set-mit-3-laguiole-gourmet-kuchenmessern-in-aubrac-aus-mischholz-copie\/","og_locale":"de_DE","og_type":"article","og_title":"Laguiole-Ebenholz-K\u00fcchenmesser \u2013 Franz\u00f6sische Handwerkskunst","og_description":"Ebenholz-K\u00fcchenmesser hergestellt in Laguiole. Franz\u00f6sische Handwerkskunst, tiefschwarze Eleganz und Gourmet Bee f\u00fcr pr\u00e4zise und raffinierte K\u00fcche","og_url":"https:\/\/laguiole.com\/de\/produit\/set-mit-3-laguiole-gourmet-kuchenmessern-in-aubrac-aus-mischholz-copie\/","og_site_name":"Laguiole.com \u00ae","article_publisher":"https:\/\/www.facebook.com\/laguiolecom\/","article_modified_time":"2026-03-02T10:49:42+00:00","og_image":[{"width":1920,"height":854,"url":"https:\/\/laguiole.com\/wp-content\/uploads\/2023\/08\/logo_laguiole_com_\u00ae_300dpi_Noir_et_Blanc.jpg","type":"image\/jpeg"}],"twitter_card":"summary_large_image","twitter_misc":{"Gesch\u00e4tzte Lesezeit":"3\u00a0Minute"},"schema":{"@context":"https:\/\/schema.org","@graph":[{"@type":"WebPage","@id":"https:\/\/laguiole.com\/de\/produit\/set-mit-3-laguiole-gourmet-kuchenmessern-in-aubrac-aus-mischholz-copie\/","url":"https:\/\/laguiole.com\/de\/produit\/set-mit-3-laguiole-gourmet-kuchenmessern-in-aubrac-aus-mischholz-copie\/","name":"Laguiole-Ebenholz-K\u00fcchenmesser \u2013 Franz\u00f6sische Handwerkskunst","isPartOf":{"@id":"https:\/\/laguiole.com\/de\/#website"},"primaryImageOfPage":{"@id":"https:\/\/laguiole.com\/de\/produit\/set-mit-3-laguiole-gourmet-kuchenmessern-in-aubrac-aus-mischholz-copie\/#primaryimage"},"image":{"@id":"https:\/\/laguiole.com\/de\/produit\/set-mit-3-laguiole-gourmet-kuchenmessern-in-aubrac-aus-mischholz-copie\/#primaryimage"},"thumbnailUrl":"https:\/\/laguiole.com\/wp-content\/uploads\/2026\/02\/Set_de_3_Couteaux_de_Cuisine_Gourmet_Laguiole_en_Aubrac_en_Ebene_00.jpg","datePublished":"2026-02-24T12:31:33+00:00","dateModified":"2026-03-02T10:49:42+00:00","description":"Ebenholz-K\u00fcchenmesser hergestellt in Laguiole. Franz\u00f6sische Handwerkskunst, tiefschwarze Eleganz und Gourmet Bee f\u00fcr pr\u00e4zise und raffinierte K\u00fcche","breadcrumb":{"@id":"https:\/\/laguiole.com\/de\/produit\/set-mit-3-laguiole-gourmet-kuchenmessern-in-aubrac-aus-mischholz-copie\/#breadcrumb"},"inLanguage":"de","potentialAction":[{"@type":"ReadAction","target":["https:\/\/laguiole.com\/de\/produit\/set-mit-3-laguiole-gourmet-kuchenmessern-in-aubrac-aus-mischholz-copie\/"]}]},{"@type":"ImageObject","inLanguage":"de","@id":"https:\/\/laguiole.com\/de\/produit\/set-mit-3-laguiole-gourmet-kuchenmessern-in-aubrac-aus-mischholz-copie\/#primaryimage","url":"https:\/\/laguiole.com\/wp-content\/uploads\/2026\/02\/Set_de_3_Couteaux_de_Cuisine_Gourmet_Laguiole_en_Aubrac_en_Ebene_00.jpg","contentUrl":"https:\/\/laguiole.com\/wp-content\/uploads\/2026\/02\/Set_de_3_Couteaux_de_Cuisine_Gourmet_Laguiole_en_Aubrac_en_Ebene_00.jpg","width":1033,"height":1033,"caption":"Set de 3 Couteaux de Cuisine Gourmet Laguiole en Aubrac en Eb\u00e8ne"},{"@type":"BreadcrumbList","@id":"https:\/\/laguiole.com\/de\/produit\/set-mit-3-laguiole-gourmet-kuchenmessern-in-aubrac-aus-mischholz-copie\/#breadcrumb","itemListElement":[{"@type":"ListItem","position":1,"name":"Accueil","item":"https:\/\/laguiole.com\/de\/"},{"@type":"ListItem","position":2,"name":"Shop","item":"https:\/\/laguiole.com\/de\/shop-2\/"},{"@type":"ListItem","position":3,"name":"Set mit 3 Laguiole Gourmet K\u00fcchenmessern in Aubrac in Ebony"}]},{"@type":"WebSite","@id":"https:\/\/laguiole.com\/de\/#website","url":"https:\/\/laguiole.com\/de\/","name":"Laguiole.com","description":"Laguiole - Couteau laguiole, Chateau Laguiole, Laguiole en Aubrac, Forge de Laguiole","publisher":{"@id":"https:\/\/laguiole.com\/de\/#organization"},"potentialAction":[{"@type":"SearchAction","target":{"@type":"EntryPoint","urlTemplate":"https:\/\/laguiole.com\/de\/?s={search_term_string}"},"query-input":{"@type":"PropertyValueSpecification","valueRequired":true,"valueName":"search_term_string"}}],"inLanguage":"de"},{"@type":"Organization","@id":"https:\/\/laguiole.com\/de\/#organization","name":"Laguiole.com","url":"https:\/\/laguiole.com\/de\/","logo":{"@type":"ImageObject","inLanguage":"de","@id":"https:\/\/laguiole.com\/de\/#\/schema\/logo\/image\/","url":"https:\/\/laguiole.com\/wp-content\/uploads\/2021\/02\/logo_laguiole.com-horizontal.jpg","contentUrl":"https:\/\/laguiole.com\/wp-content\/uploads\/2021\/02\/logo_laguiole.com-horizontal.jpg","width":490,"height":156,"caption":"Laguiole.com"},"image":{"@id":"https:\/\/laguiole.com\/de\/#\/schema\/logo\/image\/"},"sameAs":["https:\/\/www.facebook.com\/laguiolecom\/","https:\/\/www.instagram.com\/laguiolecom\/","https:\/\/www.youtube.com\/@laguiolecom\/videos"]}]}},"_links":{"self":[{"href":"https:\/\/laguiole.com\/de\/wp-json\/wp\/v2\/product\/50359","targetHints":{"allow":["GET"]}}],"collection":[{"href":"https:\/\/laguiole.com\/de\/wp-json\/wp\/v2\/product"}],"about":[{"href":"https:\/\/laguiole.com\/de\/wp-json\/wp\/v2\/types\/product"}],"version-history":[{"count":2,"href":"https:\/\/laguiole.com\/de\/wp-json\/wp\/v2\/product\/50359\/revisions"}],"predecessor-version":[{"id":50391,"href":"https:\/\/laguiole.com\/de\/wp-json\/wp\/v2\/product\/50359\/revisions\/50391"}],"wp:featuredmedia":[{"embeddable":true,"href":"https:\/\/laguiole.com\/de\/wp-json\/wp\/v2\/media\/50453"}],"wp:attachment":[{"href":"https:\/\/laguiole.com\/de\/wp-json\/wp\/v2\/media?parent=50359"}],"wp:term":[{"taxonomy":"product_brand","embeddable":true,"href":"https:\/\/laguiole.com\/de\/wp-json\/wp\/v2\/product_brand?post=50359"},{"taxonomy":"product_cat","embeddable":true,"href":"https:\/\/laguiole.com\/de\/wp-json\/wp\/v2\/product_cat?post=50359"},{"taxonomy":"product_tag","embeddable":true,"href":"https:\/\/laguiole.com\/de\/wp-json\/wp\/v2\/product_tag?post=50359"}],"curies":[{"name":"wp","href":"https:\/\/api.w.org\/{rel}","templated":true}]}}