{"id":50038,"date":"2026-02-19T15:15:01","date_gmt":"2026-02-19T14:15:01","guid":{"rendered":"https:\/\/laguiole.com\/?post_type=product&#038;p=50038"},"modified":"2026-02-19T18:31:10","modified_gmt":"2026-02-19T17:31:10","slug":"le-coq-francais-tafelmesser-soleil-levant-holz-rotes-herz-6er-set-copie-copie-copie-copie","status":"publish","type":"product","link":"https:\/\/laguiole.com\/de\/produit\/le-coq-francais-tafelmesser-soleil-levant-holz-rotes-herz-6er-set-copie-copie-copie-copie\/","title":{"rendered":"Set aus 6 Sublimationstischmessern Le Coq Fran\u00e7ais \u2013 asiatisches Thema, japanisches Kirschbaummotiv,"},"content":{"rendered":"<article class=\"text-token-text-primary w-full focus:outline-none [--shadow-height:45px] has-data-writing-block:pointer-events-none has-data-writing-block:-mt-(--shadow-height) has-data-writing-block:pt-(--shadow-height) [&amp;:has([data-writing-block])&gt;*]:pointer-events-auto scroll-mt-(--header-height)\" dir=\"auto\" tabindex=\"-1\" data-turn-id=\"37ae4145-4488-40c5-bff1-1167f7b1607f\" data-testid=\"conversation-turn-23\" data-scroll-anchor=\"false\" data-turn=\"user\"><\/article>\n<article class=\"text-token-text-primary w-full focus:outline-none [--shadow-height:45px] has-data-writing-block:pointer-events-none has-data-writing-block:-mt-(--shadow-height) has-data-writing-block:pt-(--shadow-height) [&amp;:has([data-writing-block])&gt;*]:pointer-events-auto scroll-mt-[calc(var(--header-height)+min(200px,max(70px,20svh)))]\" dir=\"auto\" tabindex=\"-1\" data-turn-id=\"request-WEB:ff9c2a6b-952a-4824-959c-5d1e44a76c15-11\" data-testid=\"conversation-turn-24\" data-scroll-anchor=\"true\" data-turn=\"assistant\">\n<div class=\"text-base my-auto mx-auto pb-10 [--thread-content-margin:--spacing(4)] @w-sm\/main:[--thread-content-margin:--spacing(6)] @w-lg\/main:[--thread-content-margin:--spacing(16)] px-(--thread-content-margin)\">\n<div class=\"[--thread-content-max-width:40rem] @w-lg\/main:[--thread-content-max-width:48rem] mx-auto max-w-(--thread-content-max-width) flex-1 group\/turn-messages focus-visible:outline-hidden relative flex w-full min-w-0 flex-col agent-turn\" tabindex=\"-1\">\n<div class=\"flex max-w-full flex-col grow\">\n<div class=\"min-h-8 text-message relative flex w-full flex-col items-end gap-2 text-start break-words whitespace-normal [.text-message+&amp;]:mt-1\" dir=\"auto\" data-message-author-role=\"assistant\" data-message-id=\"99af9467-deef-44db-ab46-ca6dd05126de\" data-message-model-slug=\"gpt-5-2\">\n<div class=\"flex w-full flex-col gap-1 empty:hidden first:pt-[1px]\">\n<div class=\"markdown prose dark:prose-invert w-full wrap-break-word light markdown-new-styling\">\n<h2 data-start=\"0\" data-end=\"68\">\ud83c\udf38 Set aus 6 Tischmessern \u2013 Sublimation Asia Japanese Cherry<\/h2>\n<p data-start=\"69\" data-end=\"116\"><strong data-start=\"69\" data-end=\"116\">Die Eleganz von 100 % franz\u00f6sischem Know-how<\/strong><\/p>\n<hr data-start=\"118\" data-end=\"121\">\n<h2 data-start=\"123\" data-end=\"164\">\ud83c\udf0f Eine Einladung zur Poesie Japans<\/h2>\n<p data-start=\"166\" data-end=\"423\">Mit dieser exklusiven Box l\u00e4sst sich Ihr Tisch von der Zartheit der japanischen Landschaft inspirieren. Als Symbol f\u00fcr Erneuerung und fl\u00fcchtige Sch\u00f6nheit <strong data-start=\"302\" data-end=\"323\">bl\u00fcht die japanische Kirsche<\/strong> hier in einer feinen Komposition, sublimiert von einer <strong data-start=\"386\" data-end=\"422\">tiefen und leuchtenden blauen Farbe.<\/strong> <\/p>\n<p data-start=\"425\" data-end=\"689\">Die schlanken \u00c4ste entfalten sich anmutig, w\u00e4hrend die Kirschbl\u00fcten an jedem Griff leicht zu bl\u00fchen scheinen. Der Kontrast aus intensivem Blau und Wei\u00df verleiht dem Ganzen Reinheit und Gelassenheit und ruft die Ruhe eines japanischen Fr\u00fchlingsgartens hervor. <\/p>\n<p data-start=\"691\" data-end=\"822\">So hauchen diese Messer keineswegs klassische Dekorationen deinem Tisch eine beruhigende und elegante Atmosph\u00e4re ein, durchdrungen von Poesie.<\/p>\n<hr data-start=\"824\" data-end=\"827\">\n<h2 data-start=\"829\" data-end=\"877\">\u2728 Messer \u2013 Zwischen Tradition und Moderne<\/h2>\n<p data-start=\"879\" data-end=\"1118\">Inspiriert von asiatischer \u00c4sthetik feiert diese Kollektion die Finesse der japanischen Kunst durch ein zartes und harmonisches Muster. Jedes Messer wird zu einem eigenen dekorativen St\u00fcck, das grafische Feinheiten und visuelles Gleichgewicht vereint. <\/p>\n<p data-start=\"1120\" data-end=\"1306\">Dank des <strong data-start=\"1135\" data-end=\"1163\">asiatisch-japanischen Kirsch-Themas<\/strong> nimmt Ihr Tisch eine sanfte und anspruchsvolle visuelle Identit\u00e4t an, ideal sowohl f\u00fcr t\u00e4gliche Mahlzeiten als auch f\u00fcr besondere Anl\u00e4sse.<\/p>\n<hr data-start=\"1308\" data-end=\"1311\">\n<h2 data-start=\"1313\" data-end=\"1365\">\ud83d\udd2a Ein Design, das Technik und Moderne verbindet<\/h2>\n<h3 data-start=\"1367\" data-end=\"1404\">Eine leistungsstarke und langlebige Klinge<\/h3>\n<p data-start=\"1406\" data-end=\"1624\">Zun\u00e4chst einmal wird die Klinge aus <strong data-start=\"1442\" data-end=\"1469\">Z40C13<\/strong> Edelstahl geschmiedet, der f\u00fcr seine Festigkeit und Schneidqualit\u00e4t bekannt ist. Seine <strong data-start=\"1525\" data-end=\"1545\">satinierte Oberfl\u00e4che<\/strong> unterstreicht seine Eleganz und garantiert \u00fcber die Zeit eine hervorragende Haltbarkeit. <\/p>\n<h3 data-start=\"1626\" data-end=\"1666\">Ein heller und zeitgen\u00f6ssischer Griff<\/h3>\n<p data-start=\"1668\" data-end=\"1928\">Im Gegensatz zu traditionellen Holzgriffen verwendet dieses Set einen <strong data-start=\"1738\" data-end=\"1776\">makellosen wei\u00dfen Acrylgriff<\/strong>. Diese helle Basis hebt die Blaut\u00f6ne im Kirschmuster perfekt hervor. Weich beim Anfassen bietet es bei jeder Anwendung optimalen Komfort.  <\/p>\n<h3 data-start=\"1930\" data-end=\"1976\">Innovative Sublimationsdekoration<\/h3>\n<p data-start=\"1978\" data-end=\"2206\">Schlie\u00dflich profitieren die Muster von einer <strong data-start=\"2014\" data-end=\"2054\">Technik der Sublimation in der Farbe<\/strong>, die in der Welt des Bestecks selten ist. Die Pigmente werden direkt in das Material impr\u00e4gniert, was f\u00fcr lebendige, pr\u00e4zise und langanhaltende Farbt\u00f6ne sorgt. <\/p>\n<p data-start=\"2208\" data-end=\"2346\">So wird jeder Sleeve zu einem echten Kunstwerk, inspiriert <strong data-start=\"2262\" data-end=\"2295\">von Japan<\/strong>, das \u00fcber die Jahre all seine Intensit\u00e4t bewahrt.<\/p>\n<hr data-start=\"2348\" data-end=\"2351\">\n<h2 data-start=\"2353\" data-end=\"2389\">\u2728 Eine Kiste, die als Geh\u00e4use entworfen ist<\/h2>\n<p data-start=\"2391\" data-end=\"2601\">In einer <strong data-start=\"2409\" data-end=\"2444\">eleganten, starren Pappschachtel<\/strong> in den Farben der Marke pr\u00e4sentiert, spiegelt diese Schachtel eine hochwertige Positionierung wider. Sein <strong data-start=\"2529\" data-end=\"2561\">magnetisches Verschlusssystem<\/strong> bietet eine fl\u00fcssige und verfeinerte \u00d6ffnung. <\/p>\n<p data-start=\"2603\" data-end=\"2814\">Im Inneren ruhen die Messer in <strong data-start=\"2649\" data-end=\"2677\">einem sch\u00fctzenden schwarzen Schaumstoff<\/strong>, der Halt, Sicherheit und \u00c4sthetik garantiert. Das Set ist ein idealer Rahmen, perfekt, um Ihren eigenen Tisch anzubieten oder zu versch\u00f6nern. <\/p>\n<hr data-start=\"2816\" data-end=\"2819\">\n<h2 data-start=\"2821\" data-end=\"2865\">\ud83c\uddeb\ud83c\uddf7 Au\u00dfergew\u00f6hnliches franz\u00f6sisches Know-how<\/h2>\n<p data-start=\"2867\" data-end=\"3098\">Entworfen und hergestellt in Frankreich, verk\u00f6rpern diese Messer die Verbindung von Bestecktradition und asiatischer k\u00fcnstlerischer Inspiration. Jedes Detail zeugt von einer Nachfrage nach Qualit\u00e4t und einer tiefen Verbundenheit mit nationalem Know-how. <\/p>\n<hr data-start=\"3100\" data-end=\"3103\">\n<h3 data-start=\"3105\" data-end=\"3171\">Set mit 6 Sublimationstischmessern \u2013 Asia Cherry Blue<\/h3>\n<p data-start=\"3173\" data-end=\"3371\" data-is-last-node=\"\" data-is-only-node=\"\">Zwischen blumiger Delikatesse und japanischer Gelassenheit verwandelt diese Box jede Mahlzeit in einen eleganten und beruhigenden Moment. Eine Einladung, die Poesie des Kirschbaums ins Herz Ihres Tisches zu bringen. \ud83c\udf38\ud83d\udc99  <\/p>\n<\/div>\n<\/div>\n<\/div>\n<\/div>\n<\/div>\n<\/div>\n<\/article>\n","protected":false},"excerpt":{"rendered":"<div id=\"row-971838223\" class=\"row\">\n<div id=\"col-1764306836\" class=\"col medium-6 small-12 large-6\">\n<div class=\"col-inner\">\n<div id=\"image_909872120\" class=\"img has-hover x md-x lg-x y md-y lg-y\">\n<div class=\"img-inner image-cover dark\">\n<ul>\n<li>6 Le Coq Fran\u00e7ais Sublimation Asia Tischmesser<\/li>\n<li>Tischmesser: Gesamtl\u00e4nge 23 cm<\/li>\n<li>Griff: 11,8 cm wei\u00dfes Acryl<\/li>\n<li>Z40 Edelstahlklinge 11,2 cm<\/li>\n<li>Wellendicke 9 mm<\/li>\n<li>Klingendicke 2 mm<\/li>\n<li>Sublimationsthema Asien Zeichnen Japanische Kirsche<\/li>\n<li>Die Geschichte &#8220;Le Coq Fran\u00e7ais&#8221; im Deckel.<\/li>\n<li>Elegantes starres Geh\u00e4use mit magnetischem Verschluss-\/\u00d6ffnungssystem<\/li>\n<\/ul>\n<\/div>\n<\/div>\n<\/div>\n<\/div>\n<\/div>\n","protected":false},"featured_media":50147,"template":"","meta":{"_acf_changed":false,"_monsterinsights_skip_tracking":false,"_monsterinsights_sitenote_active":false,"_monsterinsights_sitenote_note":"","_monsterinsights_sitenote_category":0},"product_brand":[],"product_cat":[5946,5956],"product_tag":[],"class_list":{"0":"post-50038","1":"product","2":"type-product","3":"status-publish","4":"has-post-thumbnail","6":"product_cat-le-coq-francais-klappmesser","7":"product_cat-messer-tafelgeschirr","8":"pa_conditionnement-6-teiliges-set","9":"pa_finition-gebuerstet","10":"pa_lame-gebuersteter-edelstahl","11":"pa_manche-en-matiere-moderne-acryl","12":"pa_marque-le-coq-francais","13":"pa_mitres-ohne-gehrung-vollstaendige-huelse","14":"tm-has-options","17":"instock","18":"taxable","19":"shipping-taxable","20":"purchasable","21":"product-type-simple"},"supplier_id":null,"supplier_sku":"","barcode":null,"atum_controlled":true,"out_stock_date":null,"out_stock_threshold":null,"inheritable":false,"inbound_stock":0,"stock_on_hold":0,"sold_today":0,"sales_last_days":0,"reserved_stock":0,"customer_returns":0,"warehouse_damage":0,"lost_in_post":0,"other_logs":0,"out_stock_days":0,"lost_sales":0,"has_location":false,"update_date":"2026-05-08T00:51:02","atum_locations":[],"atum_stock_status":"instock","restock_status":false,"low_stock_amount":"","sales_update_date":"2026-05-08T00:51:02","calc_backorders":0,"acf":[],"yoast_head":"<!-- This site is optimized with the Yoast SEO plugin v27.3 - https:\/\/yoast.com\/product\/yoast-seo-wordpress\/ -->\n<title>Set aus 6 blau-wei\u00dfen asiatischen Tischmessern \u2013 Dragon<\/title>\n<meta name=\"description\" content=\"Entdecke die Schachtel mit 6 blau-wei\u00dfen asiatischen Tischmessern: Drachenmotive. 100 % in Frankreich hergestellt. Eleganz und Gelassenheit f\u00fcr Ihren Tisch.\" \/>\n<meta name=\"robots\" content=\"index, follow, max-snippet:-1, max-image-preview:large, max-video-preview:-1\" \/>\n<link rel=\"canonical\" href=\"https:\/\/laguiole.com\/de\/produit\/le-coq-francais-tafelmesser-soleil-levant-holz-rotes-herz-6er-set-copie-copie-copie-copie\/\" \/>\n<meta property=\"og:locale\" content=\"de_DE\" \/>\n<meta property=\"og:type\" content=\"article\" \/>\n<meta property=\"og:title\" content=\"Set aus 6 blau-wei\u00dfen asiatischen Tischmessern \u2013 Dragon\" \/>\n<meta property=\"og:description\" content=\"Entdecke die Schachtel mit 6 blau-wei\u00dfen asiatischen Tischmessern: Drachenmotive. 100 % in Frankreich hergestellt. Eleganz und Gelassenheit f\u00fcr Ihren Tisch.\" \/>\n<meta property=\"og:url\" content=\"https:\/\/laguiole.com\/de\/produit\/le-coq-francais-tafelmesser-soleil-levant-holz-rotes-herz-6er-set-copie-copie-copie-copie\/\" \/>\n<meta property=\"og:site_name\" content=\"Laguiole.com \u00ae\" \/>\n<meta property=\"article:publisher\" content=\"https:\/\/www.facebook.com\/laguiolecom\/\" \/>\n<meta property=\"article:modified_time\" content=\"2026-02-19T17:31:10+00:00\" \/>\n<meta property=\"og:image\" content=\"https:\/\/laguiole.com\/wp-content\/uploads\/2026\/02\/Coffret_de_6-_couteaux_de_table_sublimation_Le_Coq-Francais_Theme_Asie_Motif_Cerisier_du_Japon_00-1.jpg\" \/>\n\t<meta property=\"og:image:width\" content=\"1033\" \/>\n\t<meta property=\"og:image:height\" content=\"1033\" \/>\n\t<meta property=\"og:image:type\" content=\"image\/jpeg\" \/>\n<meta name=\"twitter:card\" content=\"summary_large_image\" \/>\n<meta name=\"twitter:label1\" content=\"Gesch\u00e4tzte Lesezeit\" \/>\n\t<meta name=\"twitter:data1\" content=\"2\u00a0Minute\" \/>\n<script type=\"application\/ld+json\" class=\"yoast-schema-graph\">{\"@context\":\"https:\\\/\\\/schema.org\",\"@graph\":[{\"@type\":\"WebPage\",\"@id\":\"https:\\\/\\\/laguiole.com\\\/de\\\/produit\\\/le-coq-francais-tafelmesser-soleil-levant-holz-rotes-herz-6er-set-copie-copie-copie-copie\\\/\",\"url\":\"https:\\\/\\\/laguiole.com\\\/de\\\/produit\\\/le-coq-francais-tafelmesser-soleil-levant-holz-rotes-herz-6er-set-copie-copie-copie-copie\\\/\",\"name\":\"Set aus 6 blau-wei\u00dfen asiatischen Tischmessern \u2013 Dragon\",\"isPartOf\":{\"@id\":\"https:\\\/\\\/laguiole.com\\\/de\\\/#website\"},\"primaryImageOfPage\":{\"@id\":\"https:\\\/\\\/laguiole.com\\\/de\\\/produit\\\/le-coq-francais-tafelmesser-soleil-levant-holz-rotes-herz-6er-set-copie-copie-copie-copie\\\/#primaryimage\"},\"image\":{\"@id\":\"https:\\\/\\\/laguiole.com\\\/de\\\/produit\\\/le-coq-francais-tafelmesser-soleil-levant-holz-rotes-herz-6er-set-copie-copie-copie-copie\\\/#primaryimage\"},\"thumbnailUrl\":\"https:\\\/\\\/laguiole.com\\\/wp-content\\\/uploads\\\/2026\\\/02\\\/Coffret_de_6-_couteaux_de_table_sublimation_Le_Coq-Francais_Theme_Asie_Motif_Cerisier_du_Japon_00-1.jpg\",\"datePublished\":\"2026-02-19T14:15:01+00:00\",\"dateModified\":\"2026-02-19T17:31:10+00:00\",\"description\":\"Entdecke die Schachtel mit 6 blau-wei\u00dfen asiatischen Tischmessern: Drachenmotive. 100 % in Frankreich hergestellt. Eleganz und Gelassenheit f\u00fcr Ihren Tisch.\",\"breadcrumb\":{\"@id\":\"https:\\\/\\\/laguiole.com\\\/de\\\/produit\\\/le-coq-francais-tafelmesser-soleil-levant-holz-rotes-herz-6er-set-copie-copie-copie-copie\\\/#breadcrumb\"},\"inLanguage\":\"de\",\"potentialAction\":[{\"@type\":\"ReadAction\",\"target\":[\"https:\\\/\\\/laguiole.com\\\/de\\\/produit\\\/le-coq-francais-tafelmesser-soleil-levant-holz-rotes-herz-6er-set-copie-copie-copie-copie\\\/\"]}]},{\"@type\":\"ImageObject\",\"inLanguage\":\"de\",\"@id\":\"https:\\\/\\\/laguiole.com\\\/de\\\/produit\\\/le-coq-francais-tafelmesser-soleil-levant-holz-rotes-herz-6er-set-copie-copie-copie-copie\\\/#primaryimage\",\"url\":\"https:\\\/\\\/laguiole.com\\\/wp-content\\\/uploads\\\/2026\\\/02\\\/Coffret_de_6-_couteaux_de_table_sublimation_Le_Coq-Francais_Theme_Asie_Motif_Cerisier_du_Japon_00-1.jpg\",\"contentUrl\":\"https:\\\/\\\/laguiole.com\\\/wp-content\\\/uploads\\\/2026\\\/02\\\/Coffret_de_6-_couteaux_de_table_sublimation_Le_Coq-Francais_Theme_Asie_Motif_Cerisier_du_Japon_00-1.jpg\",\"width\":1033,\"height\":1033,\"caption\":\"Set aus 6 Sublimationstischmessern Le Coq Fran\u00e7ais \u2013 asiatisches Thema, japanisches Kirschbaummotiv,\"},{\"@type\":\"BreadcrumbList\",\"@id\":\"https:\\\/\\\/laguiole.com\\\/de\\\/produit\\\/le-coq-francais-tafelmesser-soleil-levant-holz-rotes-herz-6er-set-copie-copie-copie-copie\\\/#breadcrumb\",\"itemListElement\":[{\"@type\":\"ListItem\",\"position\":1,\"name\":\"Accueil\",\"item\":\"https:\\\/\\\/laguiole.com\\\/de\\\/\"},{\"@type\":\"ListItem\",\"position\":2,\"name\":\"Shop\",\"item\":\"https:\\\/\\\/laguiole.com\\\/de\\\/shop-2\\\/\"},{\"@type\":\"ListItem\",\"position\":3,\"name\":\"Set aus 6 Sublimationstischmessern Le Coq Fran\u00e7ais \u2013 asiatisches Thema, japanisches Kirschbaummotiv,\"}]},{\"@type\":\"WebSite\",\"@id\":\"https:\\\/\\\/laguiole.com\\\/de\\\/#website\",\"url\":\"https:\\\/\\\/laguiole.com\\\/de\\\/\",\"name\":\"Laguiole.com\",\"description\":\"Laguiole - Couteau laguiole, Chateau Laguiole, Laguiole en Aubrac, Forge de Laguiole\",\"publisher\":{\"@id\":\"https:\\\/\\\/laguiole.com\\\/de\\\/#organization\"},\"potentialAction\":[{\"@type\":\"SearchAction\",\"target\":{\"@type\":\"EntryPoint\",\"urlTemplate\":\"https:\\\/\\\/laguiole.com\\\/de\\\/?s={search_term_string}\"},\"query-input\":{\"@type\":\"PropertyValueSpecification\",\"valueRequired\":true,\"valueName\":\"search_term_string\"}}],\"inLanguage\":\"de\"},{\"@type\":\"Organization\",\"@id\":\"https:\\\/\\\/laguiole.com\\\/de\\\/#organization\",\"name\":\"Laguiole.com\",\"url\":\"https:\\\/\\\/laguiole.com\\\/de\\\/\",\"logo\":{\"@type\":\"ImageObject\",\"inLanguage\":\"de\",\"@id\":\"https:\\\/\\\/laguiole.com\\\/de\\\/#\\\/schema\\\/logo\\\/image\\\/\",\"url\":\"https:\\\/\\\/laguiole.com\\\/wp-content\\\/uploads\\\/2021\\\/02\\\/logo_laguiole.com-horizontal.jpg\",\"contentUrl\":\"https:\\\/\\\/laguiole.com\\\/wp-content\\\/uploads\\\/2021\\\/02\\\/logo_laguiole.com-horizontal.jpg\",\"width\":490,\"height\":156,\"caption\":\"Laguiole.com\"},\"image\":{\"@id\":\"https:\\\/\\\/laguiole.com\\\/de\\\/#\\\/schema\\\/logo\\\/image\\\/\"},\"sameAs\":[\"https:\\\/\\\/www.facebook.com\\\/laguiolecom\\\/\",\"https:\\\/\\\/www.instagram.com\\\/laguiolecom\\\/\",\"https:\\\/\\\/www.youtube.com\\\/@laguiolecom\\\/videos\"]}]}<\/script>\n<!-- \/ Yoast SEO plugin. -->","yoast_head_json":{"title":"Set aus 6 blau-wei\u00dfen asiatischen Tischmessern \u2013 Dragon","description":"Entdecke die Schachtel mit 6 blau-wei\u00dfen asiatischen Tischmessern: Drachenmotive. 100 % in Frankreich hergestellt. Eleganz und Gelassenheit f\u00fcr Ihren Tisch.","robots":{"index":"index","follow":"follow","max-snippet":"max-snippet:-1","max-image-preview":"max-image-preview:large","max-video-preview":"max-video-preview:-1"},"canonical":"https:\/\/laguiole.com\/de\/produit\/le-coq-francais-tafelmesser-soleil-levant-holz-rotes-herz-6er-set-copie-copie-copie-copie\/","og_locale":"de_DE","og_type":"article","og_title":"Set aus 6 blau-wei\u00dfen asiatischen Tischmessern \u2013 Dragon","og_description":"Entdecke die Schachtel mit 6 blau-wei\u00dfen asiatischen Tischmessern: Drachenmotive. 100 % in Frankreich hergestellt. Eleganz und Gelassenheit f\u00fcr Ihren Tisch.","og_url":"https:\/\/laguiole.com\/de\/produit\/le-coq-francais-tafelmesser-soleil-levant-holz-rotes-herz-6er-set-copie-copie-copie-copie\/","og_site_name":"Laguiole.com \u00ae","article_publisher":"https:\/\/www.facebook.com\/laguiolecom\/","article_modified_time":"2026-02-19T17:31:10+00:00","og_image":[{"width":1033,"height":1033,"url":"https:\/\/laguiole.com\/wp-content\/uploads\/2026\/02\/Coffret_de_6-_couteaux_de_table_sublimation_Le_Coq-Francais_Theme_Asie_Motif_Cerisier_du_Japon_00-1.jpg","type":"image\/jpeg"}],"twitter_card":"summary_large_image","twitter_misc":{"Gesch\u00e4tzte Lesezeit":"2\u00a0Minute"},"schema":{"@context":"https:\/\/schema.org","@graph":[{"@type":"WebPage","@id":"https:\/\/laguiole.com\/de\/produit\/le-coq-francais-tafelmesser-soleil-levant-holz-rotes-herz-6er-set-copie-copie-copie-copie\/","url":"https:\/\/laguiole.com\/de\/produit\/le-coq-francais-tafelmesser-soleil-levant-holz-rotes-herz-6er-set-copie-copie-copie-copie\/","name":"Set aus 6 blau-wei\u00dfen asiatischen Tischmessern \u2013 Dragon","isPartOf":{"@id":"https:\/\/laguiole.com\/de\/#website"},"primaryImageOfPage":{"@id":"https:\/\/laguiole.com\/de\/produit\/le-coq-francais-tafelmesser-soleil-levant-holz-rotes-herz-6er-set-copie-copie-copie-copie\/#primaryimage"},"image":{"@id":"https:\/\/laguiole.com\/de\/produit\/le-coq-francais-tafelmesser-soleil-levant-holz-rotes-herz-6er-set-copie-copie-copie-copie\/#primaryimage"},"thumbnailUrl":"https:\/\/laguiole.com\/wp-content\/uploads\/2026\/02\/Coffret_de_6-_couteaux_de_table_sublimation_Le_Coq-Francais_Theme_Asie_Motif_Cerisier_du_Japon_00-1.jpg","datePublished":"2026-02-19T14:15:01+00:00","dateModified":"2026-02-19T17:31:10+00:00","description":"Entdecke die Schachtel mit 6 blau-wei\u00dfen asiatischen Tischmessern: Drachenmotive. 100 % in Frankreich hergestellt. Eleganz und Gelassenheit f\u00fcr Ihren Tisch.","breadcrumb":{"@id":"https:\/\/laguiole.com\/de\/produit\/le-coq-francais-tafelmesser-soleil-levant-holz-rotes-herz-6er-set-copie-copie-copie-copie\/#breadcrumb"},"inLanguage":"de","potentialAction":[{"@type":"ReadAction","target":["https:\/\/laguiole.com\/de\/produit\/le-coq-francais-tafelmesser-soleil-levant-holz-rotes-herz-6er-set-copie-copie-copie-copie\/"]}]},{"@type":"ImageObject","inLanguage":"de","@id":"https:\/\/laguiole.com\/de\/produit\/le-coq-francais-tafelmesser-soleil-levant-holz-rotes-herz-6er-set-copie-copie-copie-copie\/#primaryimage","url":"https:\/\/laguiole.com\/wp-content\/uploads\/2026\/02\/Coffret_de_6-_couteaux_de_table_sublimation_Le_Coq-Francais_Theme_Asie_Motif_Cerisier_du_Japon_00-1.jpg","contentUrl":"https:\/\/laguiole.com\/wp-content\/uploads\/2026\/02\/Coffret_de_6-_couteaux_de_table_sublimation_Le_Coq-Francais_Theme_Asie_Motif_Cerisier_du_Japon_00-1.jpg","width":1033,"height":1033,"caption":"Set aus 6 Sublimationstischmessern Le Coq Fran\u00e7ais \u2013 asiatisches Thema, japanisches Kirschbaummotiv,"},{"@type":"BreadcrumbList","@id":"https:\/\/laguiole.com\/de\/produit\/le-coq-francais-tafelmesser-soleil-levant-holz-rotes-herz-6er-set-copie-copie-copie-copie\/#breadcrumb","itemListElement":[{"@type":"ListItem","position":1,"name":"Accueil","item":"https:\/\/laguiole.com\/de\/"},{"@type":"ListItem","position":2,"name":"Shop","item":"https:\/\/laguiole.com\/de\/shop-2\/"},{"@type":"ListItem","position":3,"name":"Set aus 6 Sublimationstischmessern Le Coq Fran\u00e7ais \u2013 asiatisches Thema, japanisches Kirschbaummotiv,"}]},{"@type":"WebSite","@id":"https:\/\/laguiole.com\/de\/#website","url":"https:\/\/laguiole.com\/de\/","name":"Laguiole.com","description":"Laguiole - Couteau laguiole, Chateau Laguiole, Laguiole en Aubrac, Forge de Laguiole","publisher":{"@id":"https:\/\/laguiole.com\/de\/#organization"},"potentialAction":[{"@type":"SearchAction","target":{"@type":"EntryPoint","urlTemplate":"https:\/\/laguiole.com\/de\/?s={search_term_string}"},"query-input":{"@type":"PropertyValueSpecification","valueRequired":true,"valueName":"search_term_string"}}],"inLanguage":"de"},{"@type":"Organization","@id":"https:\/\/laguiole.com\/de\/#organization","name":"Laguiole.com","url":"https:\/\/laguiole.com\/de\/","logo":{"@type":"ImageObject","inLanguage":"de","@id":"https:\/\/laguiole.com\/de\/#\/schema\/logo\/image\/","url":"https:\/\/laguiole.com\/wp-content\/uploads\/2021\/02\/logo_laguiole.com-horizontal.jpg","contentUrl":"https:\/\/laguiole.com\/wp-content\/uploads\/2021\/02\/logo_laguiole.com-horizontal.jpg","width":490,"height":156,"caption":"Laguiole.com"},"image":{"@id":"https:\/\/laguiole.com\/de\/#\/schema\/logo\/image\/"},"sameAs":["https:\/\/www.facebook.com\/laguiolecom\/","https:\/\/www.instagram.com\/laguiolecom\/","https:\/\/www.youtube.com\/@laguiolecom\/videos"]}]}},"_links":{"self":[{"href":"https:\/\/laguiole.com\/de\/wp-json\/wp\/v2\/product\/50038","targetHints":{"allow":["GET"]}}],"collection":[{"href":"https:\/\/laguiole.com\/de\/wp-json\/wp\/v2\/product"}],"about":[{"href":"https:\/\/laguiole.com\/de\/wp-json\/wp\/v2\/types\/product"}],"version-history":[{"count":2,"href":"https:\/\/laguiole.com\/de\/wp-json\/wp\/v2\/product\/50038\/revisions"}],"predecessor-version":[{"id":50150,"href":"https:\/\/laguiole.com\/de\/wp-json\/wp\/v2\/product\/50038\/revisions\/50150"}],"wp:featuredmedia":[{"embeddable":true,"href":"https:\/\/laguiole.com\/de\/wp-json\/wp\/v2\/media\/50147"}],"wp:attachment":[{"href":"https:\/\/laguiole.com\/de\/wp-json\/wp\/v2\/media?parent=50038"}],"wp:term":[{"taxonomy":"product_brand","embeddable":true,"href":"https:\/\/laguiole.com\/de\/wp-json\/wp\/v2\/product_brand?post=50038"},{"taxonomy":"product_cat","embeddable":true,"href":"https:\/\/laguiole.com\/de\/wp-json\/wp\/v2\/product_cat?post=50038"},{"taxonomy":"product_tag","embeddable":true,"href":"https:\/\/laguiole.com\/de\/wp-json\/wp\/v2\/product_tag?post=50038"}],"curies":[{"name":"wp","href":"https:\/\/api.w.org\/{rel}","templated":true}]}}