{"id":50034,"date":"2026-02-19T15:04:07","date_gmt":"2026-02-19T14:04:07","guid":{"rendered":"https:\/\/laguiole.com\/?post_type=product&#038;p=50034"},"modified":"2026-02-19T18:36:10","modified_gmt":"2026-02-19T17:36:10","slug":"le-coq-francais-tafelmesser-soleil-levant-holz-rotes-herz-6er-set-copie-copie-copie","status":"publish","type":"product","link":"https:\/\/laguiole.com\/de\/produit\/le-coq-francais-tafelmesser-soleil-levant-holz-rotes-herz-6er-set-copie-copie-copie\/","title":{"rendered":"Set aus 6 Sublimationstischmessern Le Coq Fran\u00e7ais \u2013 Asien-Thema Drachenmotiv"},"content":{"rendered":"<article class=\"text-token-text-primary w-full focus:outline-none [--shadow-height:45px] has-data-writing-block:pointer-events-none has-data-writing-block:-mt-(--shadow-height) has-data-writing-block:pt-(--shadow-height) [&amp;:has([data-writing-block])&gt;*]:pointer-events-auto scroll-mt-(--header-height)\" dir=\"auto\" tabindex=\"-1\" data-turn-id=\"a137e335-984a-498e-841b-27884fb718e3\" data-testid=\"conversation-turn-19\" data-scroll-anchor=\"false\" data-turn=\"user\"><\/article>\n<article class=\"text-token-text-primary w-full focus:outline-none [--shadow-height:45px] has-data-writing-block:pointer-events-none has-data-writing-block:-mt-(--shadow-height) has-data-writing-block:pt-(--shadow-height) [&amp;:has([data-writing-block])&gt;*]:pointer-events-auto scroll-mt-[calc(var(--header-height)+min(200px,max(70px,20svh)))]\" dir=\"auto\" tabindex=\"-1\" data-turn-id=\"request-WEB:ff9c2a6b-952a-4824-959c-5d1e44a76c15-9\" data-testid=\"conversation-turn-20\" data-scroll-anchor=\"true\" data-turn=\"assistant\">\n<div class=\"text-base my-auto mx-auto pb-10 [--thread-content-margin:--spacing(4)] @w-sm\/main:[--thread-content-margin:--spacing(6)] @w-lg\/main:[--thread-content-margin:--spacing(16)] px-(--thread-content-margin)\">\n<div class=\"[--thread-content-max-width:40rem] @w-lg\/main:[--thread-content-max-width:48rem] mx-auto max-w-(--thread-content-max-width) flex-1 group\/turn-messages focus-visible:outline-hidden relative flex w-full min-w-0 flex-col agent-turn\" tabindex=\"-1\">\n<div class=\"flex max-w-full flex-col grow\">\n<div class=\"min-h-8 text-message relative flex w-full flex-col items-end gap-2 text-start break-words whitespace-normal [.text-message+&amp;]:mt-1\" dir=\"auto\" data-message-author-role=\"assistant\" data-message-id=\"021da0f4-ae1a-4b0c-92f3-46840ce255dd\" data-message-model-slug=\"gpt-5-2\">\n<div class=\"flex w-full flex-col gap-1 empty:hidden first:pt-[1px]\">\n<div class=\"markdown prose dark:prose-invert w-full wrap-break-word light markdown-new-styling\">\n<h2 data-start=\"0\" data-end=\"67\">\ud83d\udc09 Set mit 6 Tischmessern \u2013 Sublimation Asia Blue &amp; White<\/h2>\n<p data-start=\"68\" data-end=\"115\"><strong data-start=\"68\" data-end=\"115\">Die Eleganz von 100 % franz\u00f6sischem Know-how<\/strong><\/p>\n<hr data-start=\"117\" data-end=\"120\">\n<h3 data-start=\"122\" data-end=\"168\">\ud83c\udf0f Ein Tisch, inspiriert vom ewigen Asien<\/h3>\n<p data-start=\"170\" data-end=\"409\">Schm\u00fccken Sie Ihren Tisch mit einem Set Messer mit asiatischen Motiven, das Gelassenheit und Eleganz vereint. Durch diese exklusive Box wird die Reinheit von <strong data-start=\"304\" data-end=\"341\">tiefem Blau und leuchtendem Wei\u00df<\/strong> in einem visuellen Gleichgewicht ausgedr\u00fcckt, das sowohl zeitlos als auch raffiniert ist. <\/p>\n<p data-start=\"411\" data-end=\"506\">Tats\u00e4chlich zeigt die Sammlung zwei emblematische Dekorationen der fern\u00f6stlichen \u00c4sthetik:<\/p>\n<ul data-start=\"507\" data-end=\"696\">\n<li data-start=\"507\" data-end=\"598\">\n<p data-start=\"509\" data-end=\"598\">\ud83d\udc09 <strong data-start=\"512\" data-end=\"545\">Die legend\u00e4re St\u00e4rke des Drachen<\/strong>, ein Symbol f\u00fcr Macht, Schutz und Weisheit<\/p>\n<\/li>\n<li data-start=\"599\" data-end=\"696\">\n<p data-start=\"601\" data-end=\"696\">\ud83c\udf8b <strong data-start=\"604\" data-end=\"639\">Die zarte Poesie des Drucks<\/strong>, eine subtile Beschw\u00f6rung von Landschaften und schwebenden Momenten<\/p>\n<\/li>\n<\/ul>\n<p data-start=\"698\" data-end=\"801\">So erz\u00e4hlt jedes Messer eine Geschichte, die zwischen kontrollierter Energie und nachdenklicher S\u00fc\u00dfe schwankt.<\/p>\n<hr data-start=\"803\" data-end=\"806\">\n<h3 data-start=\"808\" data-end=\"859\">\u2728 Messer \u2013 Zwischen Kraft und Zartheit<\/h3>\n<p data-start=\"861\" data-end=\"1050\">Reise ins Herz des ewigen Asiens. Diese Box feiert die Finesse und den Reichtum der K\u00fcnste des Fernen Ostens, sublimiert von einem klassischen chromatischen Duo: <strong data-start=\"1015\" data-end=\"1049\">intensives Blau und leuchtendes Wei\u00df<\/strong>. <\/p>\n<p data-start=\"1052\" data-end=\"1342\">Einerseits setzt der Dragon seine dynamischen und majest\u00e4tischen Linien ein. Andererseits offenbart der Druck ein luftigeres Universum, durchdrungen von Ruhe und Harmonie. Keine Monotonie der einheitlichen Tische mehr: Dank dieser subtilen Kombination nimmt Ihr Tisch eine starke und anspruchsvolle visuelle Identit\u00e4t an.  <\/p>\n<p data-start=\"1344\" data-end=\"1469\">Diese Verbindung von grafischer Kraft und k\u00fcnstlerischer Gelassenheit zollt dem Glanz und dem Gleichgewicht der asiatischen Kunst Tribut.<\/p>\n<hr data-start=\"1471\" data-end=\"1474\">\n<h3 data-start=\"1476\" data-end=\"1529\">\ud83d\udd2a Ein Design, das Technik und Moderne verbindet<\/h3>\n<h4 data-start=\"1531\" data-end=\"1569\">Eine leistungsstarke und langlebige Klinge<\/h4>\n<p data-start=\"1571\" data-end=\"1813\">Zun\u00e4chst einmal wird die Klinge aus <strong data-start=\"1607\" data-end=\"1634\">Z40C13<\/strong> Edelstahl geschmiedet, der f\u00fcr seine Festigkeit und Schneidqualit\u00e4t bekannt ist. Seine <strong data-start=\"1690\" data-end=\"1710\">satinierte Oberfl\u00e4che<\/strong> verleiht einen zus\u00e4tzlichen Hauch von Eleganz und sorgt gleichzeitig f\u00fcr eine ausgezeichnete Widerstandsf\u00e4higkeit \u00fcber die Zeit. <\/p>\n<h4 data-start=\"1815\" data-end=\"1856\">Ein heller und zeitgen\u00f6ssischer Griff<\/h4>\n<p data-start=\"1858\" data-end=\"2139\">Im Gegensatz zu traditionellen Holzhenkeln verwendet dieses Set ein <strong data-start=\"1928\" data-end=\"1956\">makelloses wei\u00dfes Acryl.<\/strong> Diese helle Basis hebt die blauen Muster perfekt hervor und betont ihre Tiefe und Finesse. Angenehm anzuf\u00fchlen, bietet es zudem optimalen Gebrauchskomfort.  <\/p>\n<h4 data-start=\"2141\" data-end=\"2181\">Innovative Farbsublimation<\/h4>\n<p data-start=\"2183\" data-end=\"2394\">Schlie\u00dflich profitieren die Dragon- und Print-Dekorationen von einer <strong data-start=\"2237\" data-end=\"2277\">Farbsublimationstechnik<\/strong>. Die Pigmente werden direkt in das Material impr\u00e4gniert, um lebendige, pr\u00e4zise und langanhaltende Farbt\u00f6ne zu gew\u00e4hrleisten. <\/p>\n<p data-start=\"2396\" data-end=\"2502\">Dank dieses Prozesses wird jeder \u00c4rmel zu einem echten <strong data-start=\"2452\" data-end=\"2477\">asiatischen Kunstwerk<\/strong>, lebendig und widerstandsf\u00e4hig.<\/p>\n<hr data-start=\"2504\" data-end=\"2507\">\n<h3 data-start=\"2509\" data-end=\"2546\">\u2728 Eine Kiste, die als Geh\u00e4use entworfen ist<\/h3>\n<p data-start=\"2548\" data-end=\"2774\">Pr\u00e4sentiert in einer <strong data-start=\"2566\" data-end=\"2601\">eleganten, starren Pappschachtel<\/strong> in den Farben der Marke, spiegelt die Verpackung sofort ihre hochwertige Positionierung wider. Sein <strong data-start=\"2701\" data-end=\"2733\">magnetisches Verschlusssystem<\/strong> sorgt f\u00fcr eine fl\u00fcssige und verfeinerte \u00d6ffnung. <\/p>\n<p data-start=\"2776\" data-end=\"2980\">Im Inneren sind die Messer in einem <strong data-start=\"2828\" data-end=\"2856\">sch\u00fctzenden schwarzen Schaumstoff<\/strong> gehalten, der Sicherheit und \u00c4sthetik garantiert. Das Set ist ein idealer Rahmen, perfekt, um Ihren eigenen Tisch anzubieten oder zu versch\u00f6nern. <\/p>\n<hr data-start=\"2982\" data-end=\"2985\">\n<h2 data-start=\"2987\" data-end=\"3031\">\ud83c\uddeb\ud83c\uddf7 Au\u00dfergew\u00f6hnliches franz\u00f6sisches Know-how<\/h2>\n<p data-start=\"3033\" data-end=\"3269\">Diese Messer wurden in Frankreich entworfen und hergestellt und verk\u00f6rpern die Verbindung von Bestecktradition und internationaler k\u00fcnstlerischer Inspiration. Jedes Detail zeugt von einer Nachfrage nach Qualit\u00e4t und einer tiefen Verbundenheit mit nationalem Know-how. <\/p>\n<hr data-start=\"3271\" data-end=\"3274\">\n<h3 data-start=\"3276\" data-end=\"3341\">Set mit 6 Sublimationstischmessern \u2013 Asia Blue &amp; White<\/h3>\n<p data-start=\"3343\" data-end=\"3553\" data-is-last-node=\"\" data-is-only-node=\"\">Zwischen der Macht des Drachen und der Zartheit des Drucks verwandelt diese Box jede Mahlzeit in einen Moment der Eleganz und Gelassenheit. Eine Einladung, die asiatische Seele ins Herz Ihres Tisches zu bringen. \ud83d\udc09\ud83d\udc99  <\/p>\n<\/div>\n<\/div>\n<\/div>\n<\/div>\n<\/div>\n<\/div>\n<\/article>\n","protected":false},"excerpt":{"rendered":"<div id=\"row-971838223\" class=\"row\">\n<div id=\"col-1764306836\" class=\"col medium-6 small-12 large-6\">\n<div class=\"col-inner\">\n<div id=\"image_909872120\" class=\"img has-hover x md-x lg-x y md-y lg-y\">\n<div class=\"img-inner image-cover dark\">\n<ul>\n<li>6 Le Coq Fran\u00e7ais Sublimation Asia Tischmesser<\/li>\n<li>Tischmesser: Gesamtl\u00e4nge 23 cm<\/li>\n<li>Griff: 11,8 cm wei\u00dfes Acryl<\/li>\n<li>Z40 Edelstahlklinge 11,2 cm<\/li>\n<li>Wellendicke 9 mm<\/li>\n<li>Klingendicke 2 mm<\/li>\n<li>Sublimation Asien Thema Zeichendrache<\/li>\n<li>Die Geschichte &#8220;Le Coq Fran\u00e7ais&#8221; im Deckel.<\/li>\n<li>Elegantes starres Geh\u00e4use mit magnetischem Verschluss-\/\u00d6ffnungssystem<\/li>\n<\/ul>\n<\/div>\n<\/div>\n<\/div>\n<\/div>\n<\/div>\n","protected":false},"featured_media":50230,"template":"","meta":{"_acf_changed":false,"_monsterinsights_skip_tracking":false,"_monsterinsights_sitenote_active":false,"_monsterinsights_sitenote_note":"","_monsterinsights_sitenote_category":0},"product_brand":[],"product_cat":[5946,5956],"product_tag":[],"class_list":{"0":"post-50034","1":"product","2":"type-product","3":"status-publish","4":"has-post-thumbnail","6":"product_cat-le-coq-francais-klappmesser","7":"product_cat-messer-tafelgeschirr","8":"pa_conditionnement-6-teiliges-set","9":"pa_finition-gebuerstet","10":"pa_lame-gebuersteter-edelstahl","11":"pa_manche-en-matiere-moderne-acryl","12":"pa_marque-le-coq-francais","13":"pa_mitres-ohne-gehrung-vollstaendige-huelse","14":"tm-has-options","17":"instock","18":"taxable","19":"shipping-taxable","20":"purchasable","21":"product-type-simple"},"supplier_id":null,"supplier_sku":"","barcode":null,"atum_controlled":true,"out_stock_date":null,"out_stock_threshold":null,"inheritable":false,"inbound_stock":0,"stock_on_hold":0,"sold_today":0,"sales_last_days":0,"reserved_stock":0,"customer_returns":0,"warehouse_damage":0,"lost_in_post":0,"other_logs":0,"out_stock_days":0,"lost_sales":0,"has_location":false,"update_date":"2026-05-08T00:50:59","atum_locations":[],"atum_stock_status":"instock","restock_status":false,"low_stock_amount":"","sales_update_date":"2026-05-08T00:50:59","calc_backorders":0,"acf":[],"yoast_head":"<!-- This site is optimized with the Yoast SEO plugin v27.3 - https:\/\/yoast.com\/product\/yoast-seo-wordpress\/ -->\n<title>Set aus 6 blau-wei\u00dfen asiatischen Tischmessern \u2013 Dragon and Print<\/title>\n<meta name=\"description\" content=\"Entdecke die Schachtel mit 6 blau-wei\u00dfen asiatischen Tischmessern: Drachen- und Druckmotive, 100 % hergestellt in Frankreich. Eleganz und Gelassenheit f\u00fcr Ihren Tisch.\" \/>\n<meta name=\"robots\" content=\"index, follow, max-snippet:-1, max-image-preview:large, max-video-preview:-1\" \/>\n<link rel=\"canonical\" href=\"https:\/\/laguiole.com\/de\/produit\/le-coq-francais-tafelmesser-soleil-levant-holz-rotes-herz-6er-set-copie-copie-copie\/\" \/>\n<meta property=\"og:locale\" content=\"de_DE\" \/>\n<meta property=\"og:type\" content=\"article\" \/>\n<meta property=\"og:title\" content=\"Set aus 6 blau-wei\u00dfen asiatischen Tischmessern \u2013 Dragon and Print\" \/>\n<meta property=\"og:description\" content=\"Entdecke die Schachtel mit 6 blau-wei\u00dfen asiatischen Tischmessern: Drachen- und Druckmotive, 100 % hergestellt in Frankreich. Eleganz und Gelassenheit f\u00fcr Ihren Tisch.\" \/>\n<meta property=\"og:url\" content=\"https:\/\/laguiole.com\/de\/produit\/le-coq-francais-tafelmesser-soleil-levant-holz-rotes-herz-6er-set-copie-copie-copie\/\" \/>\n<meta property=\"og:site_name\" content=\"Laguiole.com \u00ae\" \/>\n<meta property=\"article:publisher\" content=\"https:\/\/www.facebook.com\/laguiolecom\/\" \/>\n<meta property=\"article:modified_time\" content=\"2026-02-19T17:36:10+00:00\" \/>\n<meta property=\"og:image\" content=\"https:\/\/laguiole.com\/wp-content\/uploads\/2023\/08\/logo_laguiole_com_\u00ae_300dpi_Noir_et_Blanc.jpg\" \/>\n\t<meta property=\"og:image:width\" content=\"1920\" \/>\n\t<meta property=\"og:image:height\" content=\"854\" \/>\n\t<meta property=\"og:image:type\" content=\"image\/jpeg\" \/>\n<meta name=\"twitter:card\" content=\"summary_large_image\" \/>\n<meta name=\"twitter:label1\" content=\"Gesch\u00e4tzte Lesezeit\" \/>\n\t<meta name=\"twitter:data1\" content=\"3\u00a0Minute\" \/>\n<script type=\"application\/ld+json\" class=\"yoast-schema-graph\">{\"@context\":\"https:\\\/\\\/schema.org\",\"@graph\":[{\"@type\":\"WebPage\",\"@id\":\"https:\\\/\\\/laguiole.com\\\/de\\\/produit\\\/le-coq-francais-tafelmesser-soleil-levant-holz-rotes-herz-6er-set-copie-copie-copie\\\/\",\"url\":\"https:\\\/\\\/laguiole.com\\\/de\\\/produit\\\/le-coq-francais-tafelmesser-soleil-levant-holz-rotes-herz-6er-set-copie-copie-copie\\\/\",\"name\":\"Set aus 6 blau-wei\u00dfen asiatischen Tischmessern \u2013 Dragon and Print\",\"isPartOf\":{\"@id\":\"https:\\\/\\\/laguiole.com\\\/de\\\/#website\"},\"primaryImageOfPage\":{\"@id\":\"https:\\\/\\\/laguiole.com\\\/de\\\/produit\\\/le-coq-francais-tafelmesser-soleil-levant-holz-rotes-herz-6er-set-copie-copie-copie\\\/#primaryimage\"},\"image\":{\"@id\":\"https:\\\/\\\/laguiole.com\\\/de\\\/produit\\\/le-coq-francais-tafelmesser-soleil-levant-holz-rotes-herz-6er-set-copie-copie-copie\\\/#primaryimage\"},\"thumbnailUrl\":\"https:\\\/\\\/laguiole.com\\\/wp-content\\\/uploads\\\/2026\\\/02\\\/Coffret_de_6_couteaux_de_table_sublimation_Le_Coq_Francais_Theme_Asie_Motif_Dragon_00.jpg\",\"datePublished\":\"2026-02-19T14:04:07+00:00\",\"dateModified\":\"2026-02-19T17:36:10+00:00\",\"description\":\"Entdecke die Schachtel mit 6 blau-wei\u00dfen asiatischen Tischmessern: Drachen- und Druckmotive, 100 % hergestellt in Frankreich. Eleganz und Gelassenheit f\u00fcr Ihren Tisch.\",\"breadcrumb\":{\"@id\":\"https:\\\/\\\/laguiole.com\\\/de\\\/produit\\\/le-coq-francais-tafelmesser-soleil-levant-holz-rotes-herz-6er-set-copie-copie-copie\\\/#breadcrumb\"},\"inLanguage\":\"de\",\"potentialAction\":[{\"@type\":\"ReadAction\",\"target\":[\"https:\\\/\\\/laguiole.com\\\/de\\\/produit\\\/le-coq-francais-tafelmesser-soleil-levant-holz-rotes-herz-6er-set-copie-copie-copie\\\/\"]}]},{\"@type\":\"ImageObject\",\"inLanguage\":\"de\",\"@id\":\"https:\\\/\\\/laguiole.com\\\/de\\\/produit\\\/le-coq-francais-tafelmesser-soleil-levant-holz-rotes-herz-6er-set-copie-copie-copie\\\/#primaryimage\",\"url\":\"https:\\\/\\\/laguiole.com\\\/wp-content\\\/uploads\\\/2026\\\/02\\\/Coffret_de_6_couteaux_de_table_sublimation_Le_Coq_Francais_Theme_Asie_Motif_Dragon_00.jpg\",\"contentUrl\":\"https:\\\/\\\/laguiole.com\\\/wp-content\\\/uploads\\\/2026\\\/02\\\/Coffret_de_6_couteaux_de_table_sublimation_Le_Coq_Francais_Theme_Asie_Motif_Dragon_00.jpg\",\"width\":1033,\"height\":1033,\"caption\":\"Coffret de 6 couteaux de table sublimation Le Coq Fran\u00e7ais\u2013 Theme Asie Motif Dragon\"},{\"@type\":\"BreadcrumbList\",\"@id\":\"https:\\\/\\\/laguiole.com\\\/de\\\/produit\\\/le-coq-francais-tafelmesser-soleil-levant-holz-rotes-herz-6er-set-copie-copie-copie\\\/#breadcrumb\",\"itemListElement\":[{\"@type\":\"ListItem\",\"position\":1,\"name\":\"Accueil\",\"item\":\"https:\\\/\\\/laguiole.com\\\/de\\\/\"},{\"@type\":\"ListItem\",\"position\":2,\"name\":\"Shop\",\"item\":\"https:\\\/\\\/laguiole.com\\\/de\\\/shop-2\\\/\"},{\"@type\":\"ListItem\",\"position\":3,\"name\":\"Set aus 6 Sublimationstischmessern Le Coq Fran\u00e7ais \u2013 Asien-Thema Drachenmotiv\"}]},{\"@type\":\"WebSite\",\"@id\":\"https:\\\/\\\/laguiole.com\\\/de\\\/#website\",\"url\":\"https:\\\/\\\/laguiole.com\\\/de\\\/\",\"name\":\"Laguiole.com\",\"description\":\"Laguiole - Couteau laguiole, Chateau Laguiole, Laguiole en Aubrac, Forge de Laguiole\",\"publisher\":{\"@id\":\"https:\\\/\\\/laguiole.com\\\/de\\\/#organization\"},\"potentialAction\":[{\"@type\":\"SearchAction\",\"target\":{\"@type\":\"EntryPoint\",\"urlTemplate\":\"https:\\\/\\\/laguiole.com\\\/de\\\/?s={search_term_string}\"},\"query-input\":{\"@type\":\"PropertyValueSpecification\",\"valueRequired\":true,\"valueName\":\"search_term_string\"}}],\"inLanguage\":\"de\"},{\"@type\":\"Organization\",\"@id\":\"https:\\\/\\\/laguiole.com\\\/de\\\/#organization\",\"name\":\"Laguiole.com\",\"url\":\"https:\\\/\\\/laguiole.com\\\/de\\\/\",\"logo\":{\"@type\":\"ImageObject\",\"inLanguage\":\"de\",\"@id\":\"https:\\\/\\\/laguiole.com\\\/de\\\/#\\\/schema\\\/logo\\\/image\\\/\",\"url\":\"https:\\\/\\\/laguiole.com\\\/wp-content\\\/uploads\\\/2021\\\/02\\\/logo_laguiole.com-horizontal.jpg\",\"contentUrl\":\"https:\\\/\\\/laguiole.com\\\/wp-content\\\/uploads\\\/2021\\\/02\\\/logo_laguiole.com-horizontal.jpg\",\"width\":490,\"height\":156,\"caption\":\"Laguiole.com\"},\"image\":{\"@id\":\"https:\\\/\\\/laguiole.com\\\/de\\\/#\\\/schema\\\/logo\\\/image\\\/\"},\"sameAs\":[\"https:\\\/\\\/www.facebook.com\\\/laguiolecom\\\/\",\"https:\\\/\\\/www.instagram.com\\\/laguiolecom\\\/\",\"https:\\\/\\\/www.youtube.com\\\/@laguiolecom\\\/videos\"]}]}<\/script>\n<!-- \/ Yoast SEO plugin. -->","yoast_head_json":{"title":"Set aus 6 blau-wei\u00dfen asiatischen Tischmessern \u2013 Dragon and Print","description":"Entdecke die Schachtel mit 6 blau-wei\u00dfen asiatischen Tischmessern: Drachen- und Druckmotive, 100 % hergestellt in Frankreich. Eleganz und Gelassenheit f\u00fcr Ihren Tisch.","robots":{"index":"index","follow":"follow","max-snippet":"max-snippet:-1","max-image-preview":"max-image-preview:large","max-video-preview":"max-video-preview:-1"},"canonical":"https:\/\/laguiole.com\/de\/produit\/le-coq-francais-tafelmesser-soleil-levant-holz-rotes-herz-6er-set-copie-copie-copie\/","og_locale":"de_DE","og_type":"article","og_title":"Set aus 6 blau-wei\u00dfen asiatischen Tischmessern \u2013 Dragon and Print","og_description":"Entdecke die Schachtel mit 6 blau-wei\u00dfen asiatischen Tischmessern: Drachen- und Druckmotive, 100 % hergestellt in Frankreich. Eleganz und Gelassenheit f\u00fcr Ihren Tisch.","og_url":"https:\/\/laguiole.com\/de\/produit\/le-coq-francais-tafelmesser-soleil-levant-holz-rotes-herz-6er-set-copie-copie-copie\/","og_site_name":"Laguiole.com \u00ae","article_publisher":"https:\/\/www.facebook.com\/laguiolecom\/","article_modified_time":"2026-02-19T17:36:10+00:00","og_image":[{"width":1920,"height":854,"url":"https:\/\/laguiole.com\/wp-content\/uploads\/2023\/08\/logo_laguiole_com_\u00ae_300dpi_Noir_et_Blanc.jpg","type":"image\/jpeg"}],"twitter_card":"summary_large_image","twitter_misc":{"Gesch\u00e4tzte Lesezeit":"3\u00a0Minute"},"schema":{"@context":"https:\/\/schema.org","@graph":[{"@type":"WebPage","@id":"https:\/\/laguiole.com\/de\/produit\/le-coq-francais-tafelmesser-soleil-levant-holz-rotes-herz-6er-set-copie-copie-copie\/","url":"https:\/\/laguiole.com\/de\/produit\/le-coq-francais-tafelmesser-soleil-levant-holz-rotes-herz-6er-set-copie-copie-copie\/","name":"Set aus 6 blau-wei\u00dfen asiatischen Tischmessern \u2013 Dragon and Print","isPartOf":{"@id":"https:\/\/laguiole.com\/de\/#website"},"primaryImageOfPage":{"@id":"https:\/\/laguiole.com\/de\/produit\/le-coq-francais-tafelmesser-soleil-levant-holz-rotes-herz-6er-set-copie-copie-copie\/#primaryimage"},"image":{"@id":"https:\/\/laguiole.com\/de\/produit\/le-coq-francais-tafelmesser-soleil-levant-holz-rotes-herz-6er-set-copie-copie-copie\/#primaryimage"},"thumbnailUrl":"https:\/\/laguiole.com\/wp-content\/uploads\/2026\/02\/Coffret_de_6_couteaux_de_table_sublimation_Le_Coq_Francais_Theme_Asie_Motif_Dragon_00.jpg","datePublished":"2026-02-19T14:04:07+00:00","dateModified":"2026-02-19T17:36:10+00:00","description":"Entdecke die Schachtel mit 6 blau-wei\u00dfen asiatischen Tischmessern: Drachen- und Druckmotive, 100 % hergestellt in Frankreich. Eleganz und Gelassenheit f\u00fcr Ihren Tisch.","breadcrumb":{"@id":"https:\/\/laguiole.com\/de\/produit\/le-coq-francais-tafelmesser-soleil-levant-holz-rotes-herz-6er-set-copie-copie-copie\/#breadcrumb"},"inLanguage":"de","potentialAction":[{"@type":"ReadAction","target":["https:\/\/laguiole.com\/de\/produit\/le-coq-francais-tafelmesser-soleil-levant-holz-rotes-herz-6er-set-copie-copie-copie\/"]}]},{"@type":"ImageObject","inLanguage":"de","@id":"https:\/\/laguiole.com\/de\/produit\/le-coq-francais-tafelmesser-soleil-levant-holz-rotes-herz-6er-set-copie-copie-copie\/#primaryimage","url":"https:\/\/laguiole.com\/wp-content\/uploads\/2026\/02\/Coffret_de_6_couteaux_de_table_sublimation_Le_Coq_Francais_Theme_Asie_Motif_Dragon_00.jpg","contentUrl":"https:\/\/laguiole.com\/wp-content\/uploads\/2026\/02\/Coffret_de_6_couteaux_de_table_sublimation_Le_Coq_Francais_Theme_Asie_Motif_Dragon_00.jpg","width":1033,"height":1033,"caption":"Coffret de 6 couteaux de table sublimation Le Coq Fran\u00e7ais\u2013 Theme Asie Motif Dragon"},{"@type":"BreadcrumbList","@id":"https:\/\/laguiole.com\/de\/produit\/le-coq-francais-tafelmesser-soleil-levant-holz-rotes-herz-6er-set-copie-copie-copie\/#breadcrumb","itemListElement":[{"@type":"ListItem","position":1,"name":"Accueil","item":"https:\/\/laguiole.com\/de\/"},{"@type":"ListItem","position":2,"name":"Shop","item":"https:\/\/laguiole.com\/de\/shop-2\/"},{"@type":"ListItem","position":3,"name":"Set aus 6 Sublimationstischmessern Le Coq Fran\u00e7ais \u2013 Asien-Thema Drachenmotiv"}]},{"@type":"WebSite","@id":"https:\/\/laguiole.com\/de\/#website","url":"https:\/\/laguiole.com\/de\/","name":"Laguiole.com","description":"Laguiole - Couteau laguiole, Chateau Laguiole, Laguiole en Aubrac, Forge de Laguiole","publisher":{"@id":"https:\/\/laguiole.com\/de\/#organization"},"potentialAction":[{"@type":"SearchAction","target":{"@type":"EntryPoint","urlTemplate":"https:\/\/laguiole.com\/de\/?s={search_term_string}"},"query-input":{"@type":"PropertyValueSpecification","valueRequired":true,"valueName":"search_term_string"}}],"inLanguage":"de"},{"@type":"Organization","@id":"https:\/\/laguiole.com\/de\/#organization","name":"Laguiole.com","url":"https:\/\/laguiole.com\/de\/","logo":{"@type":"ImageObject","inLanguage":"de","@id":"https:\/\/laguiole.com\/de\/#\/schema\/logo\/image\/","url":"https:\/\/laguiole.com\/wp-content\/uploads\/2021\/02\/logo_laguiole.com-horizontal.jpg","contentUrl":"https:\/\/laguiole.com\/wp-content\/uploads\/2021\/02\/logo_laguiole.com-horizontal.jpg","width":490,"height":156,"caption":"Laguiole.com"},"image":{"@id":"https:\/\/laguiole.com\/de\/#\/schema\/logo\/image\/"},"sameAs":["https:\/\/www.facebook.com\/laguiolecom\/","https:\/\/www.instagram.com\/laguiolecom\/","https:\/\/www.youtube.com\/@laguiolecom\/videos"]}]}},"_links":{"self":[{"href":"https:\/\/laguiole.com\/de\/wp-json\/wp\/v2\/product\/50034","targetHints":{"allow":["GET"]}}],"collection":[{"href":"https:\/\/laguiole.com\/de\/wp-json\/wp\/v2\/product"}],"about":[{"href":"https:\/\/laguiole.com\/de\/wp-json\/wp\/v2\/types\/product"}],"version-history":[{"count":2,"href":"https:\/\/laguiole.com\/de\/wp-json\/wp\/v2\/product\/50034\/revisions"}],"predecessor-version":[{"id":50156,"href":"https:\/\/laguiole.com\/de\/wp-json\/wp\/v2\/product\/50034\/revisions\/50156"}],"wp:featuredmedia":[{"embeddable":true,"href":"https:\/\/laguiole.com\/de\/wp-json\/wp\/v2\/media\/50230"}],"wp:attachment":[{"href":"https:\/\/laguiole.com\/de\/wp-json\/wp\/v2\/media?parent=50034"}],"wp:term":[{"taxonomy":"product_brand","embeddable":true,"href":"https:\/\/laguiole.com\/de\/wp-json\/wp\/v2\/product_brand?post=50034"},{"taxonomy":"product_cat","embeddable":true,"href":"https:\/\/laguiole.com\/de\/wp-json\/wp\/v2\/product_cat?post=50034"},{"taxonomy":"product_tag","embeddable":true,"href":"https:\/\/laguiole.com\/de\/wp-json\/wp\/v2\/product_tag?post=50034"}],"curies":[{"name":"wp","href":"https:\/\/api.w.org\/{rel}","templated":true}]}}