{"id":50000,"date":"2026-02-19T13:24:45","date_gmt":"2026-02-19T12:24:45","guid":{"rendered":"https:\/\/laguiole.com\/?post_type=product&#038;p=50000"},"modified":"2026-02-19T18:33:37","modified_gmt":"2026-02-19T17:33:37","slug":"le-coq-francais-tafelmesser-soleil-levant-holz-rotes-herz-6er-set-copie","status":"publish","type":"product","link":"https:\/\/laguiole.com\/de\/produit\/le-coq-francais-tafelmesser-soleil-levant-holz-rotes-herz-6er-set-copie\/","title":{"rendered":"Set aus 6 Sublimationstischmessern Le Coq Fran\u00e7ais \u2013 Thema-Orient-Rosetten"},"content":{"rendered":"<h2 data-start=\"0\" data-end=\"60\">\ud83e\udde1 Set von 6 Tischmessern \u2013 <strong data-start=\"48\" data-end=\"58\">Sublimation Orient<\/strong><\/h2>\n<p data-start=\"61\" data-end=\"110\"><strong data-start=\"61\" data-end=\"110\">Die Exzellenz von 100 % franz\u00f6sischem Know-how<\/strong><\/p>\n<p>&nbsp;<\/p>\n<h3 data-start=\"851\" data-end=\"902\">\ud83c\udf1e Eine Einladung, ins Herz des Orients zu reisen<\/h3>\n<p data-start=\"904\" data-end=\"1136\">Mit dieser exklusiven Box beginnt die Flucht am Tisch. Tats\u00e4chlich feiert die Kollektion den Reichtum der <strong data-start=\"1006\" data-end=\"1037\">angestammten orientalischen Motive<\/strong>, verst\u00e4rkt durch eine leuchtende Farbpalette <strong data-start=\"1082\" data-end=\"1135\">, die intensives Rot, warmes Orange und Sonnengelb<\/strong> vereint. <\/p>\n<p data-start=\"1138\" data-end=\"1400\">Einerseits fesseln die <strong data-start=\"1153\" data-end=\"1177\">geometrischen Rosetten<\/strong> mit ihrer Pr\u00e4zision und Harmonie. Dieses subtile Gleichgewicht zwischen Struktur und Zartheit f\u00fchrt zu einer starken und verfeinerten visuellen Identit\u00e4t. <\/p>\n<p data-start=\"1402\" data-end=\"1709\">Au\u00dferdem bricht dieses Set aus<strong> sechs &#8220;Rosetten&#8221;-Messern<\/strong> bewusst mit der Monotonie traditioneller Gottesdienste. Dank dieses Musters ist Ihr Tisch mit einer k\u00fcnstlerischen und warmen Dimension geschm\u00fcckt, die der Pracht und Eleganz der K\u00fcnste des Orients Tribut zollt. <\/p>\n<hr data-start=\"1711\" data-end=\"1714\">\n<h3 data-start=\"1716\" data-end=\"1769\">\ud83d\udd2a Ein Design, das Technik und Moderne verbindet<\/h3>\n<h4 data-start=\"1771\" data-end=\"1809\">Eine leistungsstarke und langlebige Klinge<\/h4>\n<p data-start=\"1810\" data-end=\"2103\">Zun\u00e4chst einmal wird die Klinge aus <strong data-start=\"1846\" data-end=\"1873\">Z40C13<\/strong> Edelstahl geschmiedet, der f\u00fcr seine Festigkeit und Schneidqualit\u00e4t bekannt ist. Seine <strong data-start=\"1929\" data-end=\"1949\">satinierte Oberfl\u00e4che<\/strong> verleiht ihm nicht nur ein elegantes Aussehen, sondern garantiert auch eine hervorragende Haltbarkeit \u00fcber die Zeit. Daher gehen \u00c4sthetik und Performance Hand in Hand.  <\/p>\n<h4 data-start=\"2105\" data-end=\"2145\">Ein entschlossen zeitgen\u00f6ssischer Hals<\/h4>\n<p data-start=\"2146\" data-end=\"2448\">Im Gegensatz zu traditionellen Holzmodellen trifft diese exklusive Box die mutige Wahl <strong data-start=\"2244\" data-end=\"2282\">eines makellosen wei\u00dfen Acrylgriffs.<\/strong> Dieses moderne Material beeindruckt durch seine Weichheit und sein elegantes Aussehen. Durch die Wahl dieses leuchtenden Finishes gewinnt das Design an Frische und Raffinesse.  <\/p>\n<h4 data-start=\"2450\" data-end=\"2497\">Innovative Sublimationsdekoration<\/h4>\n<p data-start=\"2498\" data-end=\"2807\">Schlie\u00dflich zeichnen sich diese Messer durch eine <strong data-start=\"2541\" data-end=\"2586\">seltene Technik der Sublimation in Farbe<\/strong> aus. Wo die klassische Gravur auf der Oberfl\u00e4che verbleibt, erm\u00f6glicht die Sublimierung, dass die Pigmente direkt in das Material impr\u00e4gniert werden. Dadurch zeigen die Muster lebendige, pr\u00e4zise und besonders langlebige Farben.  <\/p>\n<p data-start=\"2809\" data-end=\"2974\">Dank dieses innovativen Verfahrens wird jeder Hals zu einem wirklich <strong data-start=\"2874\" data-end=\"2894\">k\u00fcnstlerischen<\/strong>, lebendigen und langlebigen St\u00fcck, das seine gesamte Intensit\u00e4t \u00fcber die Zeit bewahren kann.<\/p>\n<hr data-start=\"2976\" data-end=\"2979\">\n<h2 data-start=\"2981\" data-end=\"3025\">\ud83c\uddeb\ud83c\uddf7 Au\u00dfergew\u00f6hnliches franz\u00f6sisches Know-how<\/h2>\n<p data-start=\"3027\" data-end=\"3272\">Kurz gesagt, diese Box verk\u00f6rpert perfekt die Verbindung von Bestecktradition und \u00e4sthetischer Innovation. Diese Messer wurden in Frankreich entworfen und hergestellt und zeigen einen hohen Qualit\u00e4tsstandard und eine tiefe Bindung an das nationale Know-how. <\/p>\n<hr data-start=\"3274\" data-end=\"3277\">\n<h3 data-start=\"3279\" data-end=\"3335\">Set aus 6 Sublimationstischmessern \u2013 <strong data-start=\"3325\" data-end=\"3335\">Orient<\/strong><\/h3>\n<hr data-start=\"112\" data-end=\"115\">\n<h3 data-start=\"117\" data-end=\"154\">\u2728 Eine Kiste, die als Geh\u00e4use entworfen ist<\/h3>\n<p data-start=\"156\" data-end=\"405\">Schon bevor man die Messer entdeckt, wird das Auge von einem <strong data-start=\"222\" data-end=\"258\">eleganten, starren Pappkarton<\/strong> verf\u00fchrt, der in den emblematischen Farben der Marke gekleidet ist.<\/p>\n<p data-start=\"156\" data-end=\"405\">Sowohl n\u00fcchtern als auch raffiniert spiegelt es sofort die hochwertige Positionierung des Produkts wider.<\/p>\n<p data-start=\"407\" data-end=\"844\">Au\u00dferdem bietet das <strong data-start=\"420\" data-end=\"452\">magnetische Verschlusssystem<\/strong> eine sanfte und angenehme \u00d6ffnung, die das Qualit\u00e4tsgef\u00fchl von Anfang an verst\u00e4rkt. Im Inneren ruht jedes Messer zart in <strong data-start=\"617\" data-end=\"647\">einem sch\u00fctzenden schwarzen Schaum,<\/strong> der gleichzeitig Unterst\u00fctzung, Sicherheit und \u00c4sthetik gew\u00e4hrleistet. Auf diese Weise pr\u00e4sentiert wird das Set zu einem echten dekorativen Objekt, ideal f\u00fcr ein prestigetr\u00e4chtiges Geschenk oder zur Bereicherung der eigenen Sammlung.  <\/p>\n<p data-start=\"3337\" data-end=\"3598\" data-is-last-node=\"\" data-is-only-node=\"\">An der Schnittstelle von Kunst, Design und Performance verwandelt diese Box jede Mahlzeit in ein warmes und raffiniertes sinnliches Erlebnis. Eine ideale Wahl f\u00fcr diejenigen, die einen eleganten und strahlenden Hauch von Exotismus auf den Tisch bringen m\u00f6chten. <\/p>\n","protected":false},"excerpt":{"rendered":"<div id=\"row-971838223\" class=\"row\">\n<div id=\"col-1764306836\" class=\"col medium-6 small-12 large-6\">\n<div class=\"col-inner\">\n<div id=\"image_909872120\" class=\"img has-hover x md-x lg-x y md-y lg-y\">\n<div class=\"img-inner image-cover dark\">\n<ul>\n<li>6 Le Coq Fran\u00e7ais Sublimation Orient-Rosettes Tischmesser<\/li>\n<li>Tischmesser: Gesamtl\u00e4nge 23 cm<\/li>\n<li>Stiel: 11,8 cm in wei\u00dfem Acryl<\/li>\n<li>Z40 Edelstahlklinge 11,2 cm<\/li>\n<li>Wellendicke 9 mm<\/li>\n<li>Klingendicke 2 mm<\/li>\n<li>Sublimation Orientalisches Thema Zeichnungsrosetten<\/li>\n<li>Die Geschichte &#8220;Le Coq Fran\u00e7ais&#8221; im Deckel.<\/li>\n<li>Elegantes starres Geh\u00e4use mit magnetischem Verschluss-\/\u00d6ffnungssystem<\/li>\n<\/ul>\n<\/div>\n<\/div>\n<\/div>\n<\/div>\n<\/div>\n","protected":false},"featured_media":50209,"template":"","meta":{"_acf_changed":false,"_monsterinsights_skip_tracking":false,"_monsterinsights_sitenote_active":false,"_monsterinsights_sitenote_note":"","_monsterinsights_sitenote_category":0},"product_brand":[],"product_cat":[5946,5956],"product_tag":[],"class_list":{"0":"post-50000","1":"product","2":"type-product","3":"status-publish","4":"has-post-thumbnail","6":"product_cat-le-coq-francais-klappmesser","7":"product_cat-messer-tafelgeschirr","8":"pa_finition-gebuerstet","9":"pa_manche-en-bois-rotes-herz","10":"pa_manche-en-matiere-moderne-acryl","11":"pa_marque-le-coq-francais","12":"tm-has-options","15":"instock","16":"taxable","17":"shipping-taxable","18":"purchasable","19":"product-type-simple"},"supplier_id":null,"supplier_sku":"","barcode":null,"atum_controlled":true,"out_stock_date":null,"out_stock_threshold":null,"inheritable":false,"inbound_stock":0,"stock_on_hold":0,"sold_today":0,"sales_last_days":0,"reserved_stock":0,"customer_returns":0,"warehouse_damage":0,"lost_in_post":0,"other_logs":0,"out_stock_days":0,"lost_sales":0,"has_location":false,"update_date":"2026-05-08T00:50:54","atum_locations":[],"atum_stock_status":"instock","restock_status":false,"low_stock_amount":"","sales_update_date":"2026-05-08T00:50:54","calc_backorders":0,"acf":[],"yoast_head":"<!-- This site is optimized with the Yoast SEO plugin v27.3 - https:\/\/yoast.com\/product\/yoast-seo-wordpress\/ -->\n<title>Set aus 6 Orient-Tischmessern \u2013 hergestellt in Frankreich<\/title>\n<meta name=\"description\" content=\"Set mit 6 Orienttischmessern: Griffe mit Rosettenmotiven sublimiert, 100 % in Frankreich hergestellt. Eleganz und Originalit\u00e4t f\u00fcr Ihren Tisch.\" \/>\n<meta name=\"robots\" content=\"index, follow, max-snippet:-1, max-image-preview:large, max-video-preview:-1\" \/>\n<link rel=\"canonical\" href=\"https:\/\/laguiole.com\/de\/produit\/le-coq-francais-tafelmesser-soleil-levant-holz-rotes-herz-6er-set-copie\/\" \/>\n<meta property=\"og:locale\" content=\"de_DE\" \/>\n<meta property=\"og:type\" content=\"article\" \/>\n<meta property=\"og:title\" content=\"Set aus 6 Orient-Tischmessern \u2013 hergestellt in Frankreich\" \/>\n<meta property=\"og:description\" content=\"Set mit 6 Orienttischmessern: Griffe mit Rosettenmotiven sublimiert, 100 % in Frankreich hergestellt. Eleganz und Originalit\u00e4t f\u00fcr Ihren Tisch.\" \/>\n<meta property=\"og:url\" content=\"https:\/\/laguiole.com\/de\/produit\/le-coq-francais-tafelmesser-soleil-levant-holz-rotes-herz-6er-set-copie\/\" \/>\n<meta property=\"og:site_name\" content=\"Laguiole.com \u00ae\" \/>\n<meta property=\"article:publisher\" content=\"https:\/\/www.facebook.com\/laguiolecom\/\" \/>\n<meta property=\"article:modified_time\" content=\"2026-02-19T17:33:37+00:00\" \/>\n<meta property=\"og:image\" content=\"https:\/\/laguiole.com\/wp-content\/uploads\/2023\/08\/logo_laguiole_com_\u00ae_300dpi_Noir_et_Blanc.jpg\" \/>\n\t<meta property=\"og:image:width\" content=\"1920\" \/>\n\t<meta property=\"og:image:height\" content=\"854\" \/>\n\t<meta property=\"og:image:type\" content=\"image\/jpeg\" \/>\n<meta name=\"twitter:card\" content=\"summary_large_image\" \/>\n<meta name=\"twitter:label1\" content=\"Gesch\u00e4tzte Lesezeit\" \/>\n\t<meta name=\"twitter:data1\" content=\"3\u00a0Minute\" \/>\n<script type=\"application\/ld+json\" class=\"yoast-schema-graph\">{\"@context\":\"https:\\\/\\\/schema.org\",\"@graph\":[{\"@type\":\"WebPage\",\"@id\":\"https:\\\/\\\/laguiole.com\\\/de\\\/produit\\\/le-coq-francais-tafelmesser-soleil-levant-holz-rotes-herz-6er-set-copie\\\/\",\"url\":\"https:\\\/\\\/laguiole.com\\\/de\\\/produit\\\/le-coq-francais-tafelmesser-soleil-levant-holz-rotes-herz-6er-set-copie\\\/\",\"name\":\"Set aus 6 Orient-Tischmessern \u2013 hergestellt in Frankreich\",\"isPartOf\":{\"@id\":\"https:\\\/\\\/laguiole.com\\\/de\\\/#website\"},\"primaryImageOfPage\":{\"@id\":\"https:\\\/\\\/laguiole.com\\\/de\\\/produit\\\/le-coq-francais-tafelmesser-soleil-levant-holz-rotes-herz-6er-set-copie\\\/#primaryimage\"},\"image\":{\"@id\":\"https:\\\/\\\/laguiole.com\\\/de\\\/produit\\\/le-coq-francais-tafelmesser-soleil-levant-holz-rotes-herz-6er-set-copie\\\/#primaryimage\"},\"thumbnailUrl\":\"https:\\\/\\\/laguiole.com\\\/wp-content\\\/uploads\\\/2026\\\/02\\\/Coffret_de_6_couteaux_de_table_sublimation_Le_Coq_Francais_Theme_Orient_Rosaces_00.jpg\",\"datePublished\":\"2026-02-19T12:24:45+00:00\",\"dateModified\":\"2026-02-19T17:33:37+00:00\",\"description\":\"Set mit 6 Orienttischmessern: Griffe mit Rosettenmotiven sublimiert, 100 % in Frankreich hergestellt. Eleganz und Originalit\u00e4t f\u00fcr Ihren Tisch.\",\"breadcrumb\":{\"@id\":\"https:\\\/\\\/laguiole.com\\\/de\\\/produit\\\/le-coq-francais-tafelmesser-soleil-levant-holz-rotes-herz-6er-set-copie\\\/#breadcrumb\"},\"inLanguage\":\"de\",\"potentialAction\":[{\"@type\":\"ReadAction\",\"target\":[\"https:\\\/\\\/laguiole.com\\\/de\\\/produit\\\/le-coq-francais-tafelmesser-soleil-levant-holz-rotes-herz-6er-set-copie\\\/\"]}]},{\"@type\":\"ImageObject\",\"inLanguage\":\"de\",\"@id\":\"https:\\\/\\\/laguiole.com\\\/de\\\/produit\\\/le-coq-francais-tafelmesser-soleil-levant-holz-rotes-herz-6er-set-copie\\\/#primaryimage\",\"url\":\"https:\\\/\\\/laguiole.com\\\/wp-content\\\/uploads\\\/2026\\\/02\\\/Coffret_de_6_couteaux_de_table_sublimation_Le_Coq_Francais_Theme_Orient_Rosaces_00.jpg\",\"contentUrl\":\"https:\\\/\\\/laguiole.com\\\/wp-content\\\/uploads\\\/2026\\\/02\\\/Coffret_de_6_couteaux_de_table_sublimation_Le_Coq_Francais_Theme_Orient_Rosaces_00.jpg\",\"width\":1033,\"height\":1033,\"caption\":\"Coffret de 6 couteaux de table sublimation Le Coq Fran\u00e7ais \u2013 Theme Orient Rosaces\"},{\"@type\":\"BreadcrumbList\",\"@id\":\"https:\\\/\\\/laguiole.com\\\/de\\\/produit\\\/le-coq-francais-tafelmesser-soleil-levant-holz-rotes-herz-6er-set-copie\\\/#breadcrumb\",\"itemListElement\":[{\"@type\":\"ListItem\",\"position\":1,\"name\":\"Accueil\",\"item\":\"https:\\\/\\\/laguiole.com\\\/de\\\/\"},{\"@type\":\"ListItem\",\"position\":2,\"name\":\"Shop\",\"item\":\"https:\\\/\\\/laguiole.com\\\/de\\\/shop-2\\\/\"},{\"@type\":\"ListItem\",\"position\":3,\"name\":\"Set aus 6 Sublimationstischmessern Le Coq Fran\u00e7ais \u2013 Thema-Orient-Rosetten\"}]},{\"@type\":\"WebSite\",\"@id\":\"https:\\\/\\\/laguiole.com\\\/de\\\/#website\",\"url\":\"https:\\\/\\\/laguiole.com\\\/de\\\/\",\"name\":\"Laguiole.com\",\"description\":\"Laguiole - Couteau laguiole, Chateau Laguiole, Laguiole en Aubrac, Forge de Laguiole\",\"publisher\":{\"@id\":\"https:\\\/\\\/laguiole.com\\\/de\\\/#organization\"},\"potentialAction\":[{\"@type\":\"SearchAction\",\"target\":{\"@type\":\"EntryPoint\",\"urlTemplate\":\"https:\\\/\\\/laguiole.com\\\/de\\\/?s={search_term_string}\"},\"query-input\":{\"@type\":\"PropertyValueSpecification\",\"valueRequired\":true,\"valueName\":\"search_term_string\"}}],\"inLanguage\":\"de\"},{\"@type\":\"Organization\",\"@id\":\"https:\\\/\\\/laguiole.com\\\/de\\\/#organization\",\"name\":\"Laguiole.com\",\"url\":\"https:\\\/\\\/laguiole.com\\\/de\\\/\",\"logo\":{\"@type\":\"ImageObject\",\"inLanguage\":\"de\",\"@id\":\"https:\\\/\\\/laguiole.com\\\/de\\\/#\\\/schema\\\/logo\\\/image\\\/\",\"url\":\"https:\\\/\\\/laguiole.com\\\/wp-content\\\/uploads\\\/2021\\\/02\\\/logo_laguiole.com-horizontal.jpg\",\"contentUrl\":\"https:\\\/\\\/laguiole.com\\\/wp-content\\\/uploads\\\/2021\\\/02\\\/logo_laguiole.com-horizontal.jpg\",\"width\":490,\"height\":156,\"caption\":\"Laguiole.com\"},\"image\":{\"@id\":\"https:\\\/\\\/laguiole.com\\\/de\\\/#\\\/schema\\\/logo\\\/image\\\/\"},\"sameAs\":[\"https:\\\/\\\/www.facebook.com\\\/laguiolecom\\\/\",\"https:\\\/\\\/www.instagram.com\\\/laguiolecom\\\/\",\"https:\\\/\\\/www.youtube.com\\\/@laguiolecom\\\/videos\"]}]}<\/script>\n<!-- \/ Yoast SEO plugin. -->","yoast_head_json":{"title":"Set aus 6 Orient-Tischmessern \u2013 hergestellt in Frankreich","description":"Set mit 6 Orienttischmessern: Griffe mit Rosettenmotiven sublimiert, 100 % in Frankreich hergestellt. Eleganz und Originalit\u00e4t f\u00fcr Ihren Tisch.","robots":{"index":"index","follow":"follow","max-snippet":"max-snippet:-1","max-image-preview":"max-image-preview:large","max-video-preview":"max-video-preview:-1"},"canonical":"https:\/\/laguiole.com\/de\/produit\/le-coq-francais-tafelmesser-soleil-levant-holz-rotes-herz-6er-set-copie\/","og_locale":"de_DE","og_type":"article","og_title":"Set aus 6 Orient-Tischmessern \u2013 hergestellt in Frankreich","og_description":"Set mit 6 Orienttischmessern: Griffe mit Rosettenmotiven sublimiert, 100 % in Frankreich hergestellt. Eleganz und Originalit\u00e4t f\u00fcr Ihren Tisch.","og_url":"https:\/\/laguiole.com\/de\/produit\/le-coq-francais-tafelmesser-soleil-levant-holz-rotes-herz-6er-set-copie\/","og_site_name":"Laguiole.com \u00ae","article_publisher":"https:\/\/www.facebook.com\/laguiolecom\/","article_modified_time":"2026-02-19T17:33:37+00:00","og_image":[{"width":1920,"height":854,"url":"https:\/\/laguiole.com\/wp-content\/uploads\/2023\/08\/logo_laguiole_com_\u00ae_300dpi_Noir_et_Blanc.jpg","type":"image\/jpeg"}],"twitter_card":"summary_large_image","twitter_misc":{"Gesch\u00e4tzte Lesezeit":"3\u00a0Minute"},"schema":{"@context":"https:\/\/schema.org","@graph":[{"@type":"WebPage","@id":"https:\/\/laguiole.com\/de\/produit\/le-coq-francais-tafelmesser-soleil-levant-holz-rotes-herz-6er-set-copie\/","url":"https:\/\/laguiole.com\/de\/produit\/le-coq-francais-tafelmesser-soleil-levant-holz-rotes-herz-6er-set-copie\/","name":"Set aus 6 Orient-Tischmessern \u2013 hergestellt in Frankreich","isPartOf":{"@id":"https:\/\/laguiole.com\/de\/#website"},"primaryImageOfPage":{"@id":"https:\/\/laguiole.com\/de\/produit\/le-coq-francais-tafelmesser-soleil-levant-holz-rotes-herz-6er-set-copie\/#primaryimage"},"image":{"@id":"https:\/\/laguiole.com\/de\/produit\/le-coq-francais-tafelmesser-soleil-levant-holz-rotes-herz-6er-set-copie\/#primaryimage"},"thumbnailUrl":"https:\/\/laguiole.com\/wp-content\/uploads\/2026\/02\/Coffret_de_6_couteaux_de_table_sublimation_Le_Coq_Francais_Theme_Orient_Rosaces_00.jpg","datePublished":"2026-02-19T12:24:45+00:00","dateModified":"2026-02-19T17:33:37+00:00","description":"Set mit 6 Orienttischmessern: Griffe mit Rosettenmotiven sublimiert, 100 % in Frankreich hergestellt. Eleganz und Originalit\u00e4t f\u00fcr Ihren Tisch.","breadcrumb":{"@id":"https:\/\/laguiole.com\/de\/produit\/le-coq-francais-tafelmesser-soleil-levant-holz-rotes-herz-6er-set-copie\/#breadcrumb"},"inLanguage":"de","potentialAction":[{"@type":"ReadAction","target":["https:\/\/laguiole.com\/de\/produit\/le-coq-francais-tafelmesser-soleil-levant-holz-rotes-herz-6er-set-copie\/"]}]},{"@type":"ImageObject","inLanguage":"de","@id":"https:\/\/laguiole.com\/de\/produit\/le-coq-francais-tafelmesser-soleil-levant-holz-rotes-herz-6er-set-copie\/#primaryimage","url":"https:\/\/laguiole.com\/wp-content\/uploads\/2026\/02\/Coffret_de_6_couteaux_de_table_sublimation_Le_Coq_Francais_Theme_Orient_Rosaces_00.jpg","contentUrl":"https:\/\/laguiole.com\/wp-content\/uploads\/2026\/02\/Coffret_de_6_couteaux_de_table_sublimation_Le_Coq_Francais_Theme_Orient_Rosaces_00.jpg","width":1033,"height":1033,"caption":"Coffret de 6 couteaux de table sublimation Le Coq Fran\u00e7ais \u2013 Theme Orient Rosaces"},{"@type":"BreadcrumbList","@id":"https:\/\/laguiole.com\/de\/produit\/le-coq-francais-tafelmesser-soleil-levant-holz-rotes-herz-6er-set-copie\/#breadcrumb","itemListElement":[{"@type":"ListItem","position":1,"name":"Accueil","item":"https:\/\/laguiole.com\/de\/"},{"@type":"ListItem","position":2,"name":"Shop","item":"https:\/\/laguiole.com\/de\/shop-2\/"},{"@type":"ListItem","position":3,"name":"Set aus 6 Sublimationstischmessern Le Coq Fran\u00e7ais \u2013 Thema-Orient-Rosetten"}]},{"@type":"WebSite","@id":"https:\/\/laguiole.com\/de\/#website","url":"https:\/\/laguiole.com\/de\/","name":"Laguiole.com","description":"Laguiole - Couteau laguiole, Chateau Laguiole, Laguiole en Aubrac, Forge de Laguiole","publisher":{"@id":"https:\/\/laguiole.com\/de\/#organization"},"potentialAction":[{"@type":"SearchAction","target":{"@type":"EntryPoint","urlTemplate":"https:\/\/laguiole.com\/de\/?s={search_term_string}"},"query-input":{"@type":"PropertyValueSpecification","valueRequired":true,"valueName":"search_term_string"}}],"inLanguage":"de"},{"@type":"Organization","@id":"https:\/\/laguiole.com\/de\/#organization","name":"Laguiole.com","url":"https:\/\/laguiole.com\/de\/","logo":{"@type":"ImageObject","inLanguage":"de","@id":"https:\/\/laguiole.com\/de\/#\/schema\/logo\/image\/","url":"https:\/\/laguiole.com\/wp-content\/uploads\/2021\/02\/logo_laguiole.com-horizontal.jpg","contentUrl":"https:\/\/laguiole.com\/wp-content\/uploads\/2021\/02\/logo_laguiole.com-horizontal.jpg","width":490,"height":156,"caption":"Laguiole.com"},"image":{"@id":"https:\/\/laguiole.com\/de\/#\/schema\/logo\/image\/"},"sameAs":["https:\/\/www.facebook.com\/laguiolecom\/","https:\/\/www.instagram.com\/laguiolecom\/","https:\/\/www.youtube.com\/@laguiolecom\/videos"]}]}},"_links":{"self":[{"href":"https:\/\/laguiole.com\/de\/wp-json\/wp\/v2\/product\/50000","targetHints":{"allow":["GET"]}}],"collection":[{"href":"https:\/\/laguiole.com\/de\/wp-json\/wp\/v2\/product"}],"about":[{"href":"https:\/\/laguiole.com\/de\/wp-json\/wp\/v2\/types\/product"}],"version-history":[{"count":2,"href":"https:\/\/laguiole.com\/de\/wp-json\/wp\/v2\/product\/50000\/revisions"}],"predecessor-version":[{"id":50153,"href":"https:\/\/laguiole.com\/de\/wp-json\/wp\/v2\/product\/50000\/revisions\/50153"}],"wp:featuredmedia":[{"embeddable":true,"href":"https:\/\/laguiole.com\/de\/wp-json\/wp\/v2\/media\/50209"}],"wp:attachment":[{"href":"https:\/\/laguiole.com\/de\/wp-json\/wp\/v2\/media?parent=50000"}],"wp:term":[{"taxonomy":"product_brand","embeddable":true,"href":"https:\/\/laguiole.com\/de\/wp-json\/wp\/v2\/product_brand?post=50000"},{"taxonomy":"product_cat","embeddable":true,"href":"https:\/\/laguiole.com\/de\/wp-json\/wp\/v2\/product_cat?post=50000"},{"taxonomy":"product_tag","embeddable":true,"href":"https:\/\/laguiole.com\/de\/wp-json\/wp\/v2\/product_tag?post=50000"}],"curies":[{"name":"wp","href":"https:\/\/api.w.org\/{rel}","templated":true}]}}