{"id":49926,"date":"2026-02-16T14:17:06","date_gmt":"2026-02-16T13:17:06","guid":{"rendered":"https:\/\/laguiole.com\/?post_type=product&#038;p=49926"},"modified":"2026-02-19T21:31:19","modified_gmt":"2026-02-19T20:31:19","slug":"sauveterre-1-stuck-messer-11-cm-vollstiel-ebenholzfliege-prestige-salbeiblatt-guillochierte-platten-geburstetes-finish-sanfte-feder-in-3d-anpassbar-copie","status":"publish","type":"product","link":"https:\/\/laguiole.com\/de\/produit\/sauveterre-1-stuck-messer-11-cm-vollstiel-ebenholzfliege-prestige-salbeiblatt-guillochierte-platten-geburstetes-finish-sanfte-feder-in-3d-anpassbar-copie\/","title":{"rendered":"SAUVETERRE-Messer 1 St\u00fcck 11 cm Vollst\u00e4ndig handgeschnitzter gepr\u00e4gter Griff aus Ebenholz Prestige-Fliege Salbeiblatt-Guilloch\u00e9-Platten Geb\u00fcrstete Oberfl\u00e4che Glatte Feder anpassbar in 3D"},"content":{"rendered":"<p>Resultierend aus dem traditionellen Know-how des Besteckbeckens Laguiole, sticht das <strong>Sauveterre-Messer<\/strong> hier in einer au\u00dfergew\u00f6hnlichen Version hervor, die Raffinesse, Noblesse der Materialien und hochfliegende Handwerkskunst vereint.<\/p>\n<p>Dieses Klappmesser mit vollem Griff und handgeschnitztem Griff, das im geschlossenen Zustand 11 cm lang ist, beeindruckt durch seine kompakte und perfekt ausbalancierte Gr\u00f6\u00dfe. Der Griff besteht aus tiefem Ebenholz, einem edlen und dichten Holz, dessen schwarzer Farbton die nat\u00fcrliche Eleganz des St\u00fccks unterstreicht. <\/p>\n<p>Es wird durch eine Oberfl\u00e4che aus geb\u00fcrstetem Edelstahl aufgewertet, die n\u00fcchtern, modern und widerstandsf\u00e4hig ist und dem Ganzen einen raffinierten und langlebigen Charakter verleiht.<\/p>\n<p>Die guillochierten Plattenteller, die fein mit einer Feile gearbeitet sind, sorgen f\u00fcr einen zus\u00e4tzlichen Hauch von Raffinesse. Die sanfte Feder erm\u00f6glicht eine 3D-Anpassung. <\/p>\n<p>Auf der R\u00fcckseite der Feder befindet sich eine prestigetr\u00e4chtige Fliege in Form eines Salbeiblattes, die vollst\u00e4ndig von Hand geformt wurde, das Markenzeichen dieses au\u00dfergew\u00f6hnlichen St\u00fccks. Inspiriert von der Natur verleiht diese einzigartige Ornamentik dem Ganzen eine poetische und unverwechselbare Dimension. <\/p>\n<p>Faltbar, pr\u00e4zise und bis ins kleinste Detail durchdacht, ist dieses Sauveterre viel mehr als nur ein Messer: Es ist ein n\u00fctzliches Kunstwerk, das Ergebnis einer anspruchsvollen und leidenschaftlichen Handwerkskunst, das f\u00fcr aufgekl\u00e4rte Amateure und Sammler gleicherma\u00dfen gedacht ist.<\/p>\n<p>Dieses Messer erm\u00f6glicht eine 3D-Anpassung an der Feder!<\/p>\n<p>Geliefert mit Echtheitszertifikat, in einem schwarzen Baumwollbeutel signiert von Sauveterre.<\/p>\n","protected":false},"excerpt":{"rendered":"<p>SAUVETERRE<br \/>\nregionales Klappmesser Vollgriff Ebenholz-Handreliefs Handgeb\u00fcrstete<br \/>\nund Guilloch\u00e9<br \/>\nPlatten Glatte Feder anpassbar in 3D<br \/>\nPrestige Fliegeblatt Salbeiblatt<br \/>\n12C27 Edelstahlklinge mit Laschen.<br \/>\nMesserfinish: Geb\u00fcrstetes<br \/>\nForced Notch Closure-System.<\/p>\n<p>Gesamtl\u00e4nge entfaltet: 20,5 cm<br \/>\nGriffl\u00e4nge: 11 cm<br \/>\nKlingenl\u00e4nge: 9,1 cm<br \/>\nGewicht: 82 g<\/p>\n","protected":false},"featured_media":43677,"template":"","meta":{"_acf_changed":false,"_monsterinsights_skip_tracking":false,"_monsterinsights_sitenote_active":false,"_monsterinsights_sitenote_note":"","_monsterinsights_sitenote_category":0},"product_brand":[],"product_cat":[5938,5948],"product_tag":[],"class_list":{"0":"post-49926","1":"product","2":"type-product","3":"status-publish","4":"has-post-thumbnail","6":"product_cat-klappmesser","7":"product_cat-sauveterre-klappmesser","8":"pa_finition-gebuerstet","9":"pa_lame-gebuersteter-edelstahl","10":"pa_manche-en-bois-ebenholz","11":"pa_marque-laguiole-en-aubracfr","12":"pa_mitres-ohne-gehrung-vollstaendige-huelse","13":"pa_platines-einzelplatin","14":"pa_platines-guilloche-muster","15":"pa_ressort-zum-personalisieren-lasergravur","16":"tm-has-options","19":"instock","20":"taxable","21":"shipping-taxable","22":"purchasable","23":"product-type-simple"},"supplier_id":null,"supplier_sku":"","barcode":null,"atum_controlled":true,"out_stock_date":null,"out_stock_threshold":null,"inheritable":false,"inbound_stock":0,"stock_on_hold":0,"sold_today":0,"sales_last_days":0,"reserved_stock":0,"customer_returns":0,"warehouse_damage":0,"lost_in_post":0,"other_logs":0,"out_stock_days":0,"lost_sales":0,"has_location":false,"update_date":"2026-05-08T00:52:06","atum_locations":[],"atum_stock_status":"instock","restock_status":false,"low_stock_amount":"","sales_update_date":"2026-05-08T00:52:06","calc_backorders":0,"acf":[],"yoast_head":"<!-- This site is optimized with the Yoast SEO plugin v27.3 - https:\/\/yoast.com\/product\/yoast-seo-wordpress\/ -->\n<title>SAUVETERRE-Messer 1 St\u00fcck 11 cm Vollst\u00e4ndig handgeschnitzter gepr\u00e4gter Griff aus Ebenholz Prestige-Fliege Salbeiblatt-Guilloch\u00e9-Platten Geb\u00fcrstete Oberfl\u00e4che Glatte Feder anpassbar in 3D - Laguiole.com \u00ae<\/title>\n<meta name=\"description\" content=\"Das Sauveterre-Messer sticht hier in einer au\u00dfergew\u00f6hnlichen Version hervor, die Raffinesse, Noblesse der Materialien und hochfliegende Handwerkskunst vereint.\" \/>\n<meta name=\"robots\" content=\"index, follow, max-snippet:-1, max-image-preview:large, max-video-preview:-1\" \/>\n<link rel=\"canonical\" href=\"https:\/\/laguiole.com\/de\/produit\/sauveterre-1-stuck-messer-11-cm-vollstiel-ebenholzfliege-prestige-salbeiblatt-guillochierte-platten-geburstetes-finish-sanfte-feder-in-3d-anpassbar-copie\/\" \/>\n<meta property=\"og:locale\" content=\"de_DE\" \/>\n<meta property=\"og:type\" content=\"article\" \/>\n<meta property=\"og:title\" content=\"SAUVETERRE-Messer 1 St\u00fcck 11 cm Vollst\u00e4ndig handgeschnitzter gepr\u00e4gter Griff aus Ebenholz Prestige-Fliege Salbeiblatt-Guilloch\u00e9-Platten Geb\u00fcrstete Oberfl\u00e4che Glatte Feder anpassbar in 3D - Laguiole.com \u00ae\" \/>\n<meta property=\"og:description\" content=\"Das Sauveterre-Messer sticht hier in einer au\u00dfergew\u00f6hnlichen Version hervor, die Raffinesse, Noblesse der Materialien und hochfliegende Handwerkskunst vereint.\" \/>\n<meta property=\"og:url\" content=\"https:\/\/laguiole.com\/de\/produit\/sauveterre-1-stuck-messer-11-cm-vollstiel-ebenholzfliege-prestige-salbeiblatt-guillochierte-platten-geburstetes-finish-sanfte-feder-in-3d-anpassbar-copie\/\" \/>\n<meta property=\"og:site_name\" content=\"Laguiole.com \u00ae\" \/>\n<meta property=\"article:publisher\" content=\"https:\/\/www.facebook.com\/laguiolecom\/\" \/>\n<meta property=\"article:modified_time\" content=\"2026-02-19T20:31:19+00:00\" \/>\n<meta property=\"og:image\" content=\"https:\/\/laguiole.com\/wp-content\/uploads\/2025\/03\/EBNE_M1.jpg\" \/>\n\t<meta property=\"og:image:width\" content=\"1033\" \/>\n\t<meta property=\"og:image:height\" content=\"1033\" \/>\n\t<meta property=\"og:image:type\" content=\"image\/jpeg\" \/>\n<meta name=\"twitter:card\" content=\"summary_large_image\" \/>\n<meta name=\"twitter:label1\" content=\"Gesch\u00e4tzte Lesezeit\" \/>\n\t<meta name=\"twitter:data1\" content=\"1\u00a0Minute\" \/>\n<script type=\"application\/ld+json\" class=\"yoast-schema-graph\">{\"@context\":\"https:\\\/\\\/schema.org\",\"@graph\":[{\"@type\":\"WebPage\",\"@id\":\"https:\\\/\\\/laguiole.com\\\/de\\\/produit\\\/sauveterre-1-stuck-messer-11-cm-vollstiel-ebenholzfliege-prestige-salbeiblatt-guillochierte-platten-geburstetes-finish-sanfte-feder-in-3d-anpassbar-copie\\\/\",\"url\":\"https:\\\/\\\/laguiole.com\\\/de\\\/produit\\\/sauveterre-1-stuck-messer-11-cm-vollstiel-ebenholzfliege-prestige-salbeiblatt-guillochierte-platten-geburstetes-finish-sanfte-feder-in-3d-anpassbar-copie\\\/\",\"name\":\"SAUVETERRE-Messer 1 St\u00fcck 11 cm Vollst\u00e4ndig handgeschnitzter gepr\u00e4gter Griff aus Ebenholz Prestige-Fliege Salbeiblatt-Guilloch\u00e9-Platten Geb\u00fcrstete Oberfl\u00e4che Glatte Feder anpassbar in 3D - Laguiole.com \u00ae\",\"isPartOf\":{\"@id\":\"https:\\\/\\\/laguiole.com\\\/de\\\/#website\"},\"primaryImageOfPage\":{\"@id\":\"https:\\\/\\\/laguiole.com\\\/de\\\/produit\\\/sauveterre-1-stuck-messer-11-cm-vollstiel-ebenholzfliege-prestige-salbeiblatt-guillochierte-platten-geburstetes-finish-sanfte-feder-in-3d-anpassbar-copie\\\/#primaryimage\"},\"image\":{\"@id\":\"https:\\\/\\\/laguiole.com\\\/de\\\/produit\\\/sauveterre-1-stuck-messer-11-cm-vollstiel-ebenholzfliege-prestige-salbeiblatt-guillochierte-platten-geburstetes-finish-sanfte-feder-in-3d-anpassbar-copie\\\/#primaryimage\"},\"thumbnailUrl\":\"https:\\\/\\\/laguiole.com\\\/wp-content\\\/uploads\\\/2025\\\/03\\\/EBNE_M1.jpg\",\"datePublished\":\"2026-02-16T13:17:06+00:00\",\"dateModified\":\"2026-02-19T20:31:19+00:00\",\"description\":\"Das Sauveterre-Messer sticht hier in einer au\u00dfergew\u00f6hnlichen Version hervor, die Raffinesse, Noblesse der Materialien und hochfliegende Handwerkskunst vereint.\",\"breadcrumb\":{\"@id\":\"https:\\\/\\\/laguiole.com\\\/de\\\/produit\\\/sauveterre-1-stuck-messer-11-cm-vollstiel-ebenholzfliege-prestige-salbeiblatt-guillochierte-platten-geburstetes-finish-sanfte-feder-in-3d-anpassbar-copie\\\/#breadcrumb\"},\"inLanguage\":\"de\",\"potentialAction\":[{\"@type\":\"ReadAction\",\"target\":[\"https:\\\/\\\/laguiole.com\\\/de\\\/produit\\\/sauveterre-1-stuck-messer-11-cm-vollstiel-ebenholzfliege-prestige-salbeiblatt-guillochierte-platten-geburstetes-finish-sanfte-feder-in-3d-anpassbar-copie\\\/\"]}]},{\"@type\":\"ImageObject\",\"inLanguage\":\"de\",\"@id\":\"https:\\\/\\\/laguiole.com\\\/de\\\/produit\\\/sauveterre-1-stuck-messer-11-cm-vollstiel-ebenholzfliege-prestige-salbeiblatt-guillochierte-platten-geburstetes-finish-sanfte-feder-in-3d-anpassbar-copie\\\/#primaryimage\",\"url\":\"https:\\\/\\\/laguiole.com\\\/wp-content\\\/uploads\\\/2025\\\/03\\\/EBNE_M1.jpg\",\"contentUrl\":\"https:\\\/\\\/laguiole.com\\\/wp-content\\\/uploads\\\/2025\\\/03\\\/EBNE_M1.jpg\",\"width\":1033,\"height\":1033,\"caption\":\"SAUVETERRE 1 St\u00fcck Messer 11 cm Vollstiel Ebenholzfliege Prestige Salbeiblatt Guillochierte Platten Geb\u00fcrstetes Finish Sanfte Feder in 3D anpassbar\"},{\"@type\":\"BreadcrumbList\",\"@id\":\"https:\\\/\\\/laguiole.com\\\/de\\\/produit\\\/sauveterre-1-stuck-messer-11-cm-vollstiel-ebenholzfliege-prestige-salbeiblatt-guillochierte-platten-geburstetes-finish-sanfte-feder-in-3d-anpassbar-copie\\\/#breadcrumb\",\"itemListElement\":[{\"@type\":\"ListItem\",\"position\":1,\"name\":\"Accueil\",\"item\":\"https:\\\/\\\/laguiole.com\\\/de\\\/\"},{\"@type\":\"ListItem\",\"position\":2,\"name\":\"Shop\",\"item\":\"https:\\\/\\\/laguiole.com\\\/de\\\/shop-2\\\/\"},{\"@type\":\"ListItem\",\"position\":3,\"name\":\"SAUVETERRE-Messer 1 St\u00fcck 11 cm Vollst\u00e4ndig handgeschnitzter gepr\u00e4gter Griff aus Ebenholz Prestige-Fliege Salbeiblatt-Guilloch\u00e9-Platten Geb\u00fcrstete Oberfl\u00e4che Glatte Feder anpassbar in 3D\"}]},{\"@type\":\"WebSite\",\"@id\":\"https:\\\/\\\/laguiole.com\\\/de\\\/#website\",\"url\":\"https:\\\/\\\/laguiole.com\\\/de\\\/\",\"name\":\"Laguiole.com\",\"description\":\"Laguiole - Couteau laguiole, Chateau Laguiole, Laguiole en Aubrac, Forge de Laguiole\",\"publisher\":{\"@id\":\"https:\\\/\\\/laguiole.com\\\/de\\\/#organization\"},\"potentialAction\":[{\"@type\":\"SearchAction\",\"target\":{\"@type\":\"EntryPoint\",\"urlTemplate\":\"https:\\\/\\\/laguiole.com\\\/de\\\/?s={search_term_string}\"},\"query-input\":{\"@type\":\"PropertyValueSpecification\",\"valueRequired\":true,\"valueName\":\"search_term_string\"}}],\"inLanguage\":\"de\"},{\"@type\":\"Organization\",\"@id\":\"https:\\\/\\\/laguiole.com\\\/de\\\/#organization\",\"name\":\"Laguiole.com\",\"url\":\"https:\\\/\\\/laguiole.com\\\/de\\\/\",\"logo\":{\"@type\":\"ImageObject\",\"inLanguage\":\"de\",\"@id\":\"https:\\\/\\\/laguiole.com\\\/de\\\/#\\\/schema\\\/logo\\\/image\\\/\",\"url\":\"https:\\\/\\\/laguiole.com\\\/wp-content\\\/uploads\\\/2021\\\/02\\\/logo_laguiole.com-horizontal.jpg\",\"contentUrl\":\"https:\\\/\\\/laguiole.com\\\/wp-content\\\/uploads\\\/2021\\\/02\\\/logo_laguiole.com-horizontal.jpg\",\"width\":490,\"height\":156,\"caption\":\"Laguiole.com\"},\"image\":{\"@id\":\"https:\\\/\\\/laguiole.com\\\/de\\\/#\\\/schema\\\/logo\\\/image\\\/\"},\"sameAs\":[\"https:\\\/\\\/www.facebook.com\\\/laguiolecom\\\/\",\"https:\\\/\\\/www.instagram.com\\\/laguiolecom\\\/\",\"https:\\\/\\\/www.youtube.com\\\/@laguiolecom\\\/videos\"]}]}<\/script>\n<!-- \/ Yoast SEO plugin. -->","yoast_head_json":{"title":"SAUVETERRE-Messer 1 St\u00fcck 11 cm Vollst\u00e4ndig handgeschnitzter gepr\u00e4gter Griff aus Ebenholz Prestige-Fliege Salbeiblatt-Guilloch\u00e9-Platten Geb\u00fcrstete Oberfl\u00e4che Glatte Feder anpassbar in 3D - Laguiole.com \u00ae","description":"Das Sauveterre-Messer sticht hier in einer au\u00dfergew\u00f6hnlichen Version hervor, die Raffinesse, Noblesse der Materialien und hochfliegende Handwerkskunst vereint.","robots":{"index":"index","follow":"follow","max-snippet":"max-snippet:-1","max-image-preview":"max-image-preview:large","max-video-preview":"max-video-preview:-1"},"canonical":"https:\/\/laguiole.com\/de\/produit\/sauveterre-1-stuck-messer-11-cm-vollstiel-ebenholzfliege-prestige-salbeiblatt-guillochierte-platten-geburstetes-finish-sanfte-feder-in-3d-anpassbar-copie\/","og_locale":"de_DE","og_type":"article","og_title":"SAUVETERRE-Messer 1 St\u00fcck 11 cm Vollst\u00e4ndig handgeschnitzter gepr\u00e4gter Griff aus Ebenholz Prestige-Fliege Salbeiblatt-Guilloch\u00e9-Platten Geb\u00fcrstete Oberfl\u00e4che Glatte Feder anpassbar in 3D - Laguiole.com \u00ae","og_description":"Das Sauveterre-Messer sticht hier in einer au\u00dfergew\u00f6hnlichen Version hervor, die Raffinesse, Noblesse der Materialien und hochfliegende Handwerkskunst vereint.","og_url":"https:\/\/laguiole.com\/de\/produit\/sauveterre-1-stuck-messer-11-cm-vollstiel-ebenholzfliege-prestige-salbeiblatt-guillochierte-platten-geburstetes-finish-sanfte-feder-in-3d-anpassbar-copie\/","og_site_name":"Laguiole.com \u00ae","article_publisher":"https:\/\/www.facebook.com\/laguiolecom\/","article_modified_time":"2026-02-19T20:31:19+00:00","og_image":[{"width":1033,"height":1033,"url":"https:\/\/laguiole.com\/wp-content\/uploads\/2025\/03\/EBNE_M1.jpg","type":"image\/jpeg"}],"twitter_card":"summary_large_image","twitter_misc":{"Gesch\u00e4tzte Lesezeit":"1\u00a0Minute"},"schema":{"@context":"https:\/\/schema.org","@graph":[{"@type":"WebPage","@id":"https:\/\/laguiole.com\/de\/produit\/sauveterre-1-stuck-messer-11-cm-vollstiel-ebenholzfliege-prestige-salbeiblatt-guillochierte-platten-geburstetes-finish-sanfte-feder-in-3d-anpassbar-copie\/","url":"https:\/\/laguiole.com\/de\/produit\/sauveterre-1-stuck-messer-11-cm-vollstiel-ebenholzfliege-prestige-salbeiblatt-guillochierte-platten-geburstetes-finish-sanfte-feder-in-3d-anpassbar-copie\/","name":"SAUVETERRE-Messer 1 St\u00fcck 11 cm Vollst\u00e4ndig handgeschnitzter gepr\u00e4gter Griff aus Ebenholz Prestige-Fliege Salbeiblatt-Guilloch\u00e9-Platten Geb\u00fcrstete Oberfl\u00e4che Glatte Feder anpassbar in 3D - Laguiole.com \u00ae","isPartOf":{"@id":"https:\/\/laguiole.com\/de\/#website"},"primaryImageOfPage":{"@id":"https:\/\/laguiole.com\/de\/produit\/sauveterre-1-stuck-messer-11-cm-vollstiel-ebenholzfliege-prestige-salbeiblatt-guillochierte-platten-geburstetes-finish-sanfte-feder-in-3d-anpassbar-copie\/#primaryimage"},"image":{"@id":"https:\/\/laguiole.com\/de\/produit\/sauveterre-1-stuck-messer-11-cm-vollstiel-ebenholzfliege-prestige-salbeiblatt-guillochierte-platten-geburstetes-finish-sanfte-feder-in-3d-anpassbar-copie\/#primaryimage"},"thumbnailUrl":"https:\/\/laguiole.com\/wp-content\/uploads\/2025\/03\/EBNE_M1.jpg","datePublished":"2026-02-16T13:17:06+00:00","dateModified":"2026-02-19T20:31:19+00:00","description":"Das Sauveterre-Messer sticht hier in einer au\u00dfergew\u00f6hnlichen Version hervor, die Raffinesse, Noblesse der Materialien und hochfliegende Handwerkskunst vereint.","breadcrumb":{"@id":"https:\/\/laguiole.com\/de\/produit\/sauveterre-1-stuck-messer-11-cm-vollstiel-ebenholzfliege-prestige-salbeiblatt-guillochierte-platten-geburstetes-finish-sanfte-feder-in-3d-anpassbar-copie\/#breadcrumb"},"inLanguage":"de","potentialAction":[{"@type":"ReadAction","target":["https:\/\/laguiole.com\/de\/produit\/sauveterre-1-stuck-messer-11-cm-vollstiel-ebenholzfliege-prestige-salbeiblatt-guillochierte-platten-geburstetes-finish-sanfte-feder-in-3d-anpassbar-copie\/"]}]},{"@type":"ImageObject","inLanguage":"de","@id":"https:\/\/laguiole.com\/de\/produit\/sauveterre-1-stuck-messer-11-cm-vollstiel-ebenholzfliege-prestige-salbeiblatt-guillochierte-platten-geburstetes-finish-sanfte-feder-in-3d-anpassbar-copie\/#primaryimage","url":"https:\/\/laguiole.com\/wp-content\/uploads\/2025\/03\/EBNE_M1.jpg","contentUrl":"https:\/\/laguiole.com\/wp-content\/uploads\/2025\/03\/EBNE_M1.jpg","width":1033,"height":1033,"caption":"SAUVETERRE 1 St\u00fcck Messer 11 cm Vollstiel Ebenholzfliege Prestige Salbeiblatt Guillochierte Platten Geb\u00fcrstetes Finish Sanfte Feder in 3D anpassbar"},{"@type":"BreadcrumbList","@id":"https:\/\/laguiole.com\/de\/produit\/sauveterre-1-stuck-messer-11-cm-vollstiel-ebenholzfliege-prestige-salbeiblatt-guillochierte-platten-geburstetes-finish-sanfte-feder-in-3d-anpassbar-copie\/#breadcrumb","itemListElement":[{"@type":"ListItem","position":1,"name":"Accueil","item":"https:\/\/laguiole.com\/de\/"},{"@type":"ListItem","position":2,"name":"Shop","item":"https:\/\/laguiole.com\/de\/shop-2\/"},{"@type":"ListItem","position":3,"name":"SAUVETERRE-Messer 1 St\u00fcck 11 cm Vollst\u00e4ndig handgeschnitzter gepr\u00e4gter Griff aus Ebenholz Prestige-Fliege Salbeiblatt-Guilloch\u00e9-Platten Geb\u00fcrstete Oberfl\u00e4che Glatte Feder anpassbar in 3D"}]},{"@type":"WebSite","@id":"https:\/\/laguiole.com\/de\/#website","url":"https:\/\/laguiole.com\/de\/","name":"Laguiole.com","description":"Laguiole - Couteau laguiole, Chateau Laguiole, Laguiole en Aubrac, Forge de Laguiole","publisher":{"@id":"https:\/\/laguiole.com\/de\/#organization"},"potentialAction":[{"@type":"SearchAction","target":{"@type":"EntryPoint","urlTemplate":"https:\/\/laguiole.com\/de\/?s={search_term_string}"},"query-input":{"@type":"PropertyValueSpecification","valueRequired":true,"valueName":"search_term_string"}}],"inLanguage":"de"},{"@type":"Organization","@id":"https:\/\/laguiole.com\/de\/#organization","name":"Laguiole.com","url":"https:\/\/laguiole.com\/de\/","logo":{"@type":"ImageObject","inLanguage":"de","@id":"https:\/\/laguiole.com\/de\/#\/schema\/logo\/image\/","url":"https:\/\/laguiole.com\/wp-content\/uploads\/2021\/02\/logo_laguiole.com-horizontal.jpg","contentUrl":"https:\/\/laguiole.com\/wp-content\/uploads\/2021\/02\/logo_laguiole.com-horizontal.jpg","width":490,"height":156,"caption":"Laguiole.com"},"image":{"@id":"https:\/\/laguiole.com\/de\/#\/schema\/logo\/image\/"},"sameAs":["https:\/\/www.facebook.com\/laguiolecom\/","https:\/\/www.instagram.com\/laguiolecom\/","https:\/\/www.youtube.com\/@laguiolecom\/videos"]}]}},"_links":{"self":[{"href":"https:\/\/laguiole.com\/de\/wp-json\/wp\/v2\/product\/49926","targetHints":{"allow":["GET"]}}],"collection":[{"href":"https:\/\/laguiole.com\/de\/wp-json\/wp\/v2\/product"}],"about":[{"href":"https:\/\/laguiole.com\/de\/wp-json\/wp\/v2\/types\/product"}],"version-history":[{"count":1,"href":"https:\/\/laguiole.com\/de\/wp-json\/wp\/v2\/product\/49926\/revisions"}],"predecessor-version":[{"id":50175,"href":"https:\/\/laguiole.com\/de\/wp-json\/wp\/v2\/product\/49926\/revisions\/50175"}],"wp:featuredmedia":[{"embeddable":true,"href":"https:\/\/laguiole.com\/de\/wp-json\/wp\/v2\/media\/43677"}],"wp:attachment":[{"href":"https:\/\/laguiole.com\/de\/wp-json\/wp\/v2\/media?parent=49926"}],"wp:term":[{"taxonomy":"product_brand","embeddable":true,"href":"https:\/\/laguiole.com\/de\/wp-json\/wp\/v2\/product_brand?post=49926"},{"taxonomy":"product_cat","embeddable":true,"href":"https:\/\/laguiole.com\/de\/wp-json\/wp\/v2\/product_cat?post=49926"},{"taxonomy":"product_tag","embeddable":true,"href":"https:\/\/laguiole.com\/de\/wp-json\/wp\/v2\/product_tag?post=49926"}],"curies":[{"name":"wp","href":"https:\/\/api.w.org\/{rel}","templated":true}]}}