{"id":49862,"date":"2026-02-10T13:23:33","date_gmt":"2026-02-10T12:23:33","guid":{"rendered":"https:\/\/laguiole.com\/?post_type=product&#038;p=49862"},"modified":"2026-04-16T11:18:29","modified_gmt":"2026-04-16T09:18:29","slug":"laguiole-tischmesser-in-aubrac-prestige-vollgriff-royal-oak-guilloche-prestige-handgemacht-auf-der-strecke-und-rueckseite-der-messer-set-von-6","status":"publish","type":"product","link":"https:\/\/laguiole.com\/de\/produit\/laguiole-tischmesser-in-aubrac-prestige-vollgriff-royal-oak-guilloche-prestige-handgemacht-auf-der-strecke-und-rueckseite-der-messer-set-von-6\/","title":{"rendered":"Laguiole Tischmesser in Aubrac Prestige Vollgriff Royal Oak Guilloch\u00e9 Prestige Handgemacht auf der Strecke und R\u00fcckseite der Messer (Set von 6)"},"content":{"rendered":"<hr data-start=\"629\" data-end=\"632\">\n<h1 data-start=\"451\" data-end=\"493\">Laguiole-Tischmesser aus k\u00f6niglicher Eiche<\/h1>\n<h2 data-start=\"494\" data-end=\"529\">Handgefertigtes franz\u00f6sisches<\/h2>\n<p data-start=\"531\" data-end=\"914\">F\u00fcr anspruchsvolle Tische konzipiert, verk\u00f6rpern diese <strong data-start=\"588\" data-end=\"597\">Laguiole-Tischmesser in Aubracl<\/strong> voll und ganz die <strong data-start=\"636\" data-end=\"658\">Werte franz\u00f6sischer Handwerkskunst<\/strong>. Sie verbinden au\u00dfergew\u00f6hnliches altes Holz mit pr\u00e4zisem und gemeistertem Besteck-Know-how. In jeder Phase greift der Handwerker ein. So wird jedes Messer <strong data-start=\"813\" data-end=\"855\">von Hand zusammengebaut, geformt und verziert<\/strong>, als Teil einer <strong data-start=\"877\" data-end=\"913\">handwerklichen franz\u00f6sischen Fertigung<\/strong>.   <\/p>\n<hr data-start=\"916\" data-end=\"919\">\n<h2 data-start=\"921\" data-end=\"984\">Royal Oak: ein alter Wald, der mit der Zeit sublimiert<\/h2>\n<p data-start=\"986\" data-end=\"1303\">Die <strong data-start=\"1020\" data-end=\"1035\">k\u00f6nigliche Eiche<\/strong> , die aus unseren franz\u00f6sischen W\u00e4ldern stammt, zeichnet sich durch ihre Seltenheit und ihren Charakter aus. Sein langsames Wachstum, das sich \u00fcber mehrere Jahrzehnte, manchmal \u00fcber mehrere Jahrhunderte erstreckt, hat dichte und stabile Materie geformt. Dadurch weist der Wald <strong data-start=\"1234\" data-end=\"1268\">deutlich sichtbare Schichten<\/strong> auf, die durch den Zeitverlauf gekennzeichnet sind.  <\/p>\n<p data-start=\"1305\" data-end=\"1495\">Dank dieser nat\u00fcrlichen Reifung erscheint die Adern tief, strukturiert und besonders ausdrucksstark. Jede Runde wird dann einzigartig und tr\u00e4gt ihre eigene Relief und Geschichte. <\/p>\n<p data-start=\"1497\" data-end=\"1839\">Mit der Zeit wird diese Singularit\u00e4t ausgepr\u00e4gter. <strong data-start=\"1542\" data-end=\"1622\">Bei richtiger Pflege entwickelt Royal Oak eine nat\u00fcrliche Patina<\/strong>. Allm\u00e4hlich verst\u00e4rkt sich der Farbton. Die Ber\u00fchrung wird weicher. Das Erscheinungsbild gewinnt an Adel. Dadurch wird der Griff <strong data-start=\"1749\" data-end=\"1791\">im Laufe der Jahre immer sch\u00f6ner<\/strong>, was die Verbindung zwischen dem Gegenstand und seiner Verwendung verst\u00e4rkt.    <\/p>\n<hr data-start=\"1841\" data-end=\"1844\">\n<h2 data-start=\"1846\" data-end=\"1910\">Ein solider Griff ohne Bolster, geformt von der Hand des Handwerkers<\/h2>\n<p data-start=\"1912\" data-end=\"2120\">Um das alte Holz vollst\u00e4ndig aufzuwerten, haben sich die Messer f\u00fcr einen <strong data-start=\"1989\" data-end=\"2005\">vollen Griff<\/strong> ohne Bolster entschieden. Diese technische Wahl sorgt f\u00fcr eine elegante visuelle Kontinuit\u00e4t und hebt das Material ohne K\u00fcnstlichkeit hervor. <\/p>\n<p data-start=\"2122\" data-end=\"2403\">In einem zweiten Schritt <strong data-start=\"2147\" data-end=\"2200\">wird der Nacken vollst\u00e4ndig von Hand guillociert<\/strong>. Diese Arbeit erfordert Geduld, Regelm\u00e4\u00dfigkeit und Pr\u00e4zision. Jede Geste ist gut durchdacht. Jedes Muster ist sorgf\u00e4ltig nachgezeichnet. Das bedeutet, dass kein Guilloch\u00e9 wiederholt wird und jedes Messer seinen eigenen Charakter behauptet.    <\/p>\n<hr data-start=\"2405\" data-end=\"2408\">\n<h2 data-start=\"2410\" data-end=\"2467\">Au\u00dfergew\u00f6hnliche Guilloch\u00e9 und sorgf\u00e4ltige Fliegenarbeit<\/h2>\n<p data-start=\"2469\" data-end=\"2751\">Als Erweiterung des Griffs ist die <strong data-start=\"2504\" data-end=\"2523\">stilisierte geschmiedete Fliege<\/strong> Gegenstand <strong data-start=\"2542\" data-end=\"2573\">sorgf\u00e4ltiger Handwerkskunst<\/strong>. Er wird <strong data-start=\"2584\" data-end=\"2622\">von Hand geformt und anschlie\u00dfend von Hand guillociert<\/strong>, bevor er pr\u00e4zise angepasst wird. Dieses Detail spielt eine wesentliche Rolle: Es zeichnet das Messer und offenbart die Meisterschaft des Handwerkers.  <\/p>\n<p data-start=\"2753\" data-end=\"2988\">Zus\u00e4tzlich <strong data-start=\"2771\" data-end=\"2829\">werden dekorative Arbeiten an der Oberseite der Klinge<\/strong>, von ihrem Abstieg bis zur Fliege, durchgef\u00fchrt. Diese Oberfl\u00e4che sorgt f\u00fcr eine harmonische visuelle Kontinuit\u00e4t zwischen Holz und Stahl und unterstreicht die Eleganz des Ganzen. <\/p>\n<p data-start=\"2990\" data-end=\"3128\">Auf der linken Seite erinnert das <strong data-start=\"3013\" data-end=\"3032\">Hirtenkreuz<\/strong> an die historische und territoriale Verankerung der <strong data-start=\"3097\" data-end=\"3106\">Laguiole-Messer<\/strong> im Herzen von Aubrac.<\/p>\n<hr data-start=\"3130\" data-end=\"3133\">\n<h2 data-start=\"3135\" data-end=\"3180\">Eine Satin-Edelstahlklinge, n\u00fcchtern und elegant<\/h2>\n<p data-start=\"3182\" data-end=\"3459\">Um das Gesamtbild zu vervollst\u00e4ndigen, hat die Klinge eine <strong data-start=\"3227\" data-end=\"3251\">Satin-Edelstahl-Oberfl\u00e4che<\/strong>. Diese Behandlung begrenzt Reflexionen und verst\u00e4rkt die Linien des Messers. Au\u00dferdem schafft diese Oberfl\u00e4che einen ausgewogenen Kontrast, der <strong data-start=\"3387\" data-end=\"3434\">die Tiefe des alten Holzes hervorhebt<\/strong>, ohne ihn jemals zu \u00fcberw\u00e4ltigen.  <\/p>\n<hr data-start=\"3461\" data-end=\"3464\">\n<h2 data-start=\"3466\" data-end=\"3506\">Ein sanfter und nat\u00fcrlicher Griff<\/h2>\n<p data-start=\"3508\" data-end=\"3786\">Beim ersten Gebrauch ist das Gleichgewicht des Messers sp\u00fcrbar. Die Dichte der K\u00f6nigseiche, kombiniert mit der Kr\u00fcmmung des Halses, bietet einen <strong data-start=\"3642\" data-end=\"3671\">bemerkenswerten Griff.<\/strong> Die Geste wird flie\u00dfend. Der Komfort setzt sofort ein. Bei der Nutzung bleibt das Gef\u00fchl konstant und langanhaltend.    <\/p>\n<hr data-start=\"3788\" data-end=\"3791\">\n<h2 data-start=\"3793\" data-end=\"3832\">Das Know-how der La\u00efol-Messer<\/h2>\n<p data-start=\"3834\" data-end=\"4050\">Diese Messer werden <strong data-start=\"3852\" data-end=\"3881\">in Laguiole in Aubrac<\/strong> gem\u00e4\u00df der Tradition aufgestellt. Vor Ort bauen sich die Messer nicht einfach zusammen. Sie <strong data-start=\"3979\" data-end=\"3992\">formen<\/strong>, <strong data-start=\"3994\" data-end=\"4006\">justieren<\/strong> und <strong data-start=\"4010\" data-end=\"4026\">verzieren<\/strong> jedes St\u00fcck von Hand.  <\/p>\n<p data-start=\"4052\" data-end=\"4291\">Durch diese pr\u00e4zise und anspruchsvolle Arbeit bewahren sie eine <strong data-start=\"4111\" data-end=\"4145\">authentische franz\u00f6sische Handwerkskunst<\/strong>, weit entfernt von standardisierten Produktionen. Diese <strong data-start=\"4192\" data-end=\"4228\">handwerkliche franz\u00f6sische Herstellung<\/strong> garantiert jedem Messer Charakter, Langlebigkeit und Einzigartigkeit. <\/p>\n<hr data-start=\"4293\" data-end=\"4296\">\n<h2 data-start=\"4298\" data-end=\"4321\">Pflegehinweise<\/h2>\n<p data-start=\"4323\" data-end=\"4455\">Selbst wenn K\u00f6nigseiche ein altes und nat\u00fcrlich widerstandsf\u00e4higes Holz ist, bleibt eine ordnungsgem\u00e4\u00dfe Pflege unerl\u00e4sslich, um ihre Patina zu erhalten:<\/p>\n<ul data-start=\"4457\" data-end=\"4656\">\n<li data-start=\"4457\" data-end=\"4496\">\n<p data-start=\"4459\" data-end=\"4496\">\u274c Benutzen Sie keine Sp\u00fclmaschine<\/p>\n<\/li>\n<li data-start=\"4497\" data-end=\"4535\">\n<p data-start=\"4499\" data-end=\"4535\">\u274c Vermeiden Sie l\u00e4ngere Immersion<\/p>\n<\/li>\n<li data-start=\"4536\" data-end=\"4568\">\n<p data-start=\"4538\" data-end=\"4568\">\u2705 Reinigung der Klinge von Hand<\/p>\n<\/li>\n<li data-start=\"4569\" data-end=\"4608\">\n<p data-start=\"4571\" data-end=\"4608\">\u2705 Nach der Anwendung gr\u00fcndlich abwischen<\/p>\n<\/li>\n<li data-start=\"4609\" data-end=\"4656\">\n<p data-start=\"4611\" data-end=\"4656\">\u2705 Sofort mit einem weichen Tuch trocknen<\/p>\n<\/li>\n<\/ul>\n<p data-start=\"4658\" data-end=\"4763\">Dank dieser einfachen Gesten entwickelt das Holz weiterhin eine Patina und die satinierte Edelstahloberfl\u00e4che beh\u00e4lt ihren Glanz.<\/p>\n<hr data-start=\"4765\" data-end=\"4768\">\n<h2 data-start=\"4770\" data-end=\"4795\">Der Laguiole-Geist am Tisch<\/h2>\n<p data-start=\"4797\" data-end=\"5021\">Mehr als nur ein Messer besteht dieses <strong data-start=\"4834\" data-end=\"4843\">Laguiole-Modell<\/strong> die Zeit trotzdem.<br data-start=\"4864\" data-end=\"4867\">Im Laufe der Jahre entwickelt er sich weiter.<br data-start=\"4896\" data-end=\"4899\">Mit jeder Nutzung gewinnt es an Charakter.<br data-start=\"4937\" data-end=\"4940\">Durch sein altes Holz und die manuelle Verarbeitung wird es zu einem \u00dcbertragungsobjekt.<\/p>\n<p data-start=\"5023\" data-end=\"5182\">Sie verk\u00f6rpert somit eine nachhaltige und anspruchsvolle Vision von Besteck, die auf <strong data-start=\"5105\" data-end=\"5140\">franz\u00f6sischer Handwerkskunst<\/strong> und aufrichtiger <strong data-start=\"5148\" data-end=\"5173\">franz\u00f6sischer Herstellung<\/strong> basiert.<\/p>\n","protected":false},"excerpt":{"rendered":"<p>Set aus 6 Laguiole Prestige-Tischmessern<br \/>\nGemischter Holzgriff: Royal<br \/>\nOak Voll-Griff<br \/>\nSch\u00e4ferkreuz links am Griff<br \/>\nR\u00fcckseite des Griffs Fein Guilloch\u00e9 Hand<br \/>\nPrestige-Lauf<br \/>\nDiskreter Guilloch\u00e9 auf der R\u00fcckseite der Klinge<br \/>\nGeb\u00fcrstete<br \/>\nOberfl\u00e4che Gesamtgr\u00f6\u00dfe: 23,5 cm<br \/>\nGriffgr\u00f6\u00dfe: 12 cm<\/p>\n<p>Geliefert in einer Eichenkiste<\/p>\n","protected":false},"featured_media":49598,"template":"","meta":{"_acf_changed":false,"_monsterinsights_skip_tracking":false,"_monsterinsights_sitenote_active":false,"_monsterinsights_sitenote_note":"","_monsterinsights_sitenote_category":0},"product_brand":[],"product_cat":[5955,5956],"product_tag":[],"class_list":{"0":"post-49862","1":"product","2":"type-product","3":"status-publish","4":"has-post-thumbnail","6":"product_cat-laguiole-tafelbesteck","7":"product_cat-messer-tafelgeschirr","8":"pa_conditionnement-6-teiliges-set","9":"pa_finition-gebuerstet","10":"pa_lame-gebuersteter-edelstahl","11":"pa_manche-en-bois-eiche","12":"pa_marque-laguiole-en-aubracfr","13":"pa_mitres-ohne-gehrung-vollstaendige-huelse","14":"pa_mouche-prestige","15":"tm-has-options","18":"instock","19":"taxable","20":"shipping-taxable","21":"purchasable","22":"product-type-simple"},"supplier_id":null,"supplier_sku":"","barcode":null,"atum_controlled":true,"out_stock_date":null,"out_stock_threshold":null,"inheritable":false,"inbound_stock":0,"stock_on_hold":0,"sold_today":0,"sales_last_days":0,"reserved_stock":0,"customer_returns":0,"warehouse_damage":0,"lost_in_post":0,"other_logs":0,"out_stock_days":0,"lost_sales":0,"has_location":false,"update_date":"2026-04-28T00:42:02","atum_locations":[],"atum_stock_status":"instock","restock_status":false,"low_stock_amount":"","sales_update_date":"2026-04-28T00:42:02","calc_backorders":0,"acf":[],"yoast_head":"<!-- This site is optimized with the Yoast SEO plugin v27.3 - https:\/\/yoast.com\/product\/yoast-seo-wordpress\/ -->\n<title>Laguiole-Tischmesser aus k\u00f6niglicher Eiche \u2013 franz\u00f6sische Handwerkskunst<\/title>\n<meta name=\"description\" content=\"Altes Holz, das mit der Zeit sublimiert. Laguiole-Tischmesser aus k\u00f6niglicher Eiche, handgefertigt nach franz\u00f6sischer Handwerkskunst.\" \/>\n<meta name=\"robots\" content=\"index, follow, max-snippet:-1, max-image-preview:large, max-video-preview:-1\" \/>\n<link rel=\"canonical\" href=\"https:\/\/laguiole.com\/de\/produit\/laguiole-tischmesser-in-aubrac-prestige-vollgriff-royal-oak-guilloche-prestige-handgemacht-auf-der-strecke-und-rueckseite-der-messer-set-von-6\/\" \/>\n<meta property=\"og:locale\" content=\"de_DE\" \/>\n<meta property=\"og:type\" content=\"article\" \/>\n<meta property=\"og:title\" content=\"Laguiole-Tischmesser aus k\u00f6niglicher Eiche \u2013 franz\u00f6sische Handwerkskunst\" \/>\n<meta property=\"og:description\" content=\"Altes Holz, das mit der Zeit sublimiert. Laguiole-Tischmesser aus k\u00f6niglicher Eiche, handgefertigt nach franz\u00f6sischer Handwerkskunst.\" \/>\n<meta property=\"og:url\" content=\"https:\/\/laguiole.com\/de\/produit\/laguiole-tischmesser-in-aubrac-prestige-vollgriff-royal-oak-guilloche-prestige-handgemacht-auf-der-strecke-und-rueckseite-der-messer-set-von-6\/\" \/>\n<meta property=\"og:site_name\" content=\"Laguiole.com \u00ae\" \/>\n<meta property=\"article:publisher\" content=\"https:\/\/www.facebook.com\/laguiolecom\/\" \/>\n<meta property=\"article:modified_time\" content=\"2026-04-16T09:18:29+00:00\" \/>\n<meta property=\"og:image\" content=\"https:\/\/laguiole.com\/wp-content\/uploads\/2024\/11\/Couteaux_table_Laguiole_en_Aubrac_Prestige_plein_manche_olivier_guilloche_Set_de_6_00.jpg\" \/>\n\t<meta property=\"og:image:width\" content=\"1033\" \/>\n\t<meta property=\"og:image:height\" content=\"1033\" \/>\n\t<meta property=\"og:image:type\" content=\"image\/jpeg\" \/>\n<meta name=\"twitter:card\" content=\"summary_large_image\" \/>\n<meta name=\"twitter:label1\" content=\"Gesch\u00e4tzte Lesezeit\" \/>\n\t<meta name=\"twitter:data1\" content=\"4\u00a0Minute\" \/>\n<script type=\"application\/ld+json\" class=\"yoast-schema-graph\">{\"@context\":\"https:\\\/\\\/schema.org\",\"@graph\":[{\"@type\":\"WebPage\",\"@id\":\"https:\\\/\\\/laguiole.com\\\/de\\\/produit\\\/laguiole-tischmesser-in-aubrac-prestige-vollgriff-royal-oak-guilloche-prestige-handgemacht-auf-der-strecke-und-rueckseite-der-messer-set-von-6\\\/\",\"url\":\"https:\\\/\\\/laguiole.com\\\/de\\\/produit\\\/laguiole-tischmesser-in-aubrac-prestige-vollgriff-royal-oak-guilloche-prestige-handgemacht-auf-der-strecke-und-rueckseite-der-messer-set-von-6\\\/\",\"name\":\"Laguiole-Tischmesser aus k\u00f6niglicher Eiche \u2013 franz\u00f6sische Handwerkskunst\",\"isPartOf\":{\"@id\":\"https:\\\/\\\/laguiole.com\\\/de\\\/#website\"},\"primaryImageOfPage\":{\"@id\":\"https:\\\/\\\/laguiole.com\\\/de\\\/produit\\\/laguiole-tischmesser-in-aubrac-prestige-vollgriff-royal-oak-guilloche-prestige-handgemacht-auf-der-strecke-und-rueckseite-der-messer-set-von-6\\\/#primaryimage\"},\"image\":{\"@id\":\"https:\\\/\\\/laguiole.com\\\/de\\\/produit\\\/laguiole-tischmesser-in-aubrac-prestige-vollgriff-royal-oak-guilloche-prestige-handgemacht-auf-der-strecke-und-rueckseite-der-messer-set-von-6\\\/#primaryimage\"},\"thumbnailUrl\":\"https:\\\/\\\/laguiole.com\\\/wp-content\\\/uploads\\\/2024\\\/11\\\/Couteaux_table_Laguiole_en_Aubrac_Prestige_plein_manche_olivier_guilloche_Set_de_6_00.jpg\",\"datePublished\":\"2026-02-10T12:23:33+00:00\",\"dateModified\":\"2026-04-16T09:18:29+00:00\",\"description\":\"Altes Holz, das mit der Zeit sublimiert. Laguiole-Tischmesser aus k\u00f6niglicher Eiche, handgefertigt nach franz\u00f6sischer Handwerkskunst.\",\"breadcrumb\":{\"@id\":\"https:\\\/\\\/laguiole.com\\\/de\\\/produit\\\/laguiole-tischmesser-in-aubrac-prestige-vollgriff-royal-oak-guilloche-prestige-handgemacht-auf-der-strecke-und-rueckseite-der-messer-set-von-6\\\/#breadcrumb\"},\"inLanguage\":\"de\",\"potentialAction\":[{\"@type\":\"ReadAction\",\"target\":[\"https:\\\/\\\/laguiole.com\\\/de\\\/produit\\\/laguiole-tischmesser-in-aubrac-prestige-vollgriff-royal-oak-guilloche-prestige-handgemacht-auf-der-strecke-und-rueckseite-der-messer-set-von-6\\\/\"]}]},{\"@type\":\"ImageObject\",\"inLanguage\":\"de\",\"@id\":\"https:\\\/\\\/laguiole.com\\\/de\\\/produit\\\/laguiole-tischmesser-in-aubrac-prestige-vollgriff-royal-oak-guilloche-prestige-handgemacht-auf-der-strecke-und-rueckseite-der-messer-set-von-6\\\/#primaryimage\",\"url\":\"https:\\\/\\\/laguiole.com\\\/wp-content\\\/uploads\\\/2024\\\/11\\\/Couteaux_table_Laguiole_en_Aubrac_Prestige_plein_manche_olivier_guilloche_Set_de_6_00.jpg\",\"contentUrl\":\"https:\\\/\\\/laguiole.com\\\/wp-content\\\/uploads\\\/2024\\\/11\\\/Couteaux_table_Laguiole_en_Aubrac_Prestige_plein_manche_olivier_guilloche_Set_de_6_00.jpg\",\"width\":1033,\"height\":1033,\"caption\":\"Laguiole-Tischmesser in Aubrac Prestige Vollgriff Royal Oak Back Guilloch\u00e9 Fly Prestige (Set von 6)\"},{\"@type\":\"BreadcrumbList\",\"@id\":\"https:\\\/\\\/laguiole.com\\\/de\\\/produit\\\/laguiole-tischmesser-in-aubrac-prestige-vollgriff-royal-oak-guilloche-prestige-handgemacht-auf-der-strecke-und-rueckseite-der-messer-set-von-6\\\/#breadcrumb\",\"itemListElement\":[{\"@type\":\"ListItem\",\"position\":1,\"name\":\"Accueil\",\"item\":\"https:\\\/\\\/laguiole.com\\\/de\\\/\"},{\"@type\":\"ListItem\",\"position\":2,\"name\":\"Shop\",\"item\":\"https:\\\/\\\/laguiole.com\\\/de\\\/shop-2\\\/\"},{\"@type\":\"ListItem\",\"position\":3,\"name\":\"Laguiole Tischmesser in Aubrac Prestige Vollgriff Royal Oak Guilloch\u00e9 Prestige Handgemacht auf der Strecke und R\u00fcckseite der Messer (Set von 6)\"}]},{\"@type\":\"WebSite\",\"@id\":\"https:\\\/\\\/laguiole.com\\\/de\\\/#website\",\"url\":\"https:\\\/\\\/laguiole.com\\\/de\\\/\",\"name\":\"Laguiole.com\",\"description\":\"Laguiole - Couteau laguiole, Chateau Laguiole, Laguiole en Aubrac, Forge de Laguiole\",\"publisher\":{\"@id\":\"https:\\\/\\\/laguiole.com\\\/de\\\/#organization\"},\"potentialAction\":[{\"@type\":\"SearchAction\",\"target\":{\"@type\":\"EntryPoint\",\"urlTemplate\":\"https:\\\/\\\/laguiole.com\\\/de\\\/?s={search_term_string}\"},\"query-input\":{\"@type\":\"PropertyValueSpecification\",\"valueRequired\":true,\"valueName\":\"search_term_string\"}}],\"inLanguage\":\"de\"},{\"@type\":\"Organization\",\"@id\":\"https:\\\/\\\/laguiole.com\\\/de\\\/#organization\",\"name\":\"Laguiole.com\",\"url\":\"https:\\\/\\\/laguiole.com\\\/de\\\/\",\"logo\":{\"@type\":\"ImageObject\",\"inLanguage\":\"de\",\"@id\":\"https:\\\/\\\/laguiole.com\\\/de\\\/#\\\/schema\\\/logo\\\/image\\\/\",\"url\":\"https:\\\/\\\/laguiole.com\\\/wp-content\\\/uploads\\\/2021\\\/02\\\/logo_laguiole.com-horizontal.jpg\",\"contentUrl\":\"https:\\\/\\\/laguiole.com\\\/wp-content\\\/uploads\\\/2021\\\/02\\\/logo_laguiole.com-horizontal.jpg\",\"width\":490,\"height\":156,\"caption\":\"Laguiole.com\"},\"image\":{\"@id\":\"https:\\\/\\\/laguiole.com\\\/de\\\/#\\\/schema\\\/logo\\\/image\\\/\"},\"sameAs\":[\"https:\\\/\\\/www.facebook.com\\\/laguiolecom\\\/\",\"https:\\\/\\\/www.instagram.com\\\/laguiolecom\\\/\",\"https:\\\/\\\/www.youtube.com\\\/@laguiolecom\\\/videos\"]}]}<\/script>\n<!-- \/ Yoast SEO plugin. -->","yoast_head_json":{"title":"Laguiole-Tischmesser aus k\u00f6niglicher Eiche \u2013 franz\u00f6sische Handwerkskunst","description":"Altes Holz, das mit der Zeit sublimiert. Laguiole-Tischmesser aus k\u00f6niglicher Eiche, handgefertigt nach franz\u00f6sischer Handwerkskunst.","robots":{"index":"index","follow":"follow","max-snippet":"max-snippet:-1","max-image-preview":"max-image-preview:large","max-video-preview":"max-video-preview:-1"},"canonical":"https:\/\/laguiole.com\/de\/produit\/laguiole-tischmesser-in-aubrac-prestige-vollgriff-royal-oak-guilloche-prestige-handgemacht-auf-der-strecke-und-rueckseite-der-messer-set-von-6\/","og_locale":"de_DE","og_type":"article","og_title":"Laguiole-Tischmesser aus k\u00f6niglicher Eiche \u2013 franz\u00f6sische Handwerkskunst","og_description":"Altes Holz, das mit der Zeit sublimiert. Laguiole-Tischmesser aus k\u00f6niglicher Eiche, handgefertigt nach franz\u00f6sischer Handwerkskunst.","og_url":"https:\/\/laguiole.com\/de\/produit\/laguiole-tischmesser-in-aubrac-prestige-vollgriff-royal-oak-guilloche-prestige-handgemacht-auf-der-strecke-und-rueckseite-der-messer-set-von-6\/","og_site_name":"Laguiole.com \u00ae","article_publisher":"https:\/\/www.facebook.com\/laguiolecom\/","article_modified_time":"2026-04-16T09:18:29+00:00","og_image":[{"width":1033,"height":1033,"url":"https:\/\/laguiole.com\/wp-content\/uploads\/2024\/11\/Couteaux_table_Laguiole_en_Aubrac_Prestige_plein_manche_olivier_guilloche_Set_de_6_00.jpg","type":"image\/jpeg"}],"twitter_card":"summary_large_image","twitter_misc":{"Gesch\u00e4tzte Lesezeit":"4\u00a0Minute"},"schema":{"@context":"https:\/\/schema.org","@graph":[{"@type":"WebPage","@id":"https:\/\/laguiole.com\/de\/produit\/laguiole-tischmesser-in-aubrac-prestige-vollgriff-royal-oak-guilloche-prestige-handgemacht-auf-der-strecke-und-rueckseite-der-messer-set-von-6\/","url":"https:\/\/laguiole.com\/de\/produit\/laguiole-tischmesser-in-aubrac-prestige-vollgriff-royal-oak-guilloche-prestige-handgemacht-auf-der-strecke-und-rueckseite-der-messer-set-von-6\/","name":"Laguiole-Tischmesser aus k\u00f6niglicher Eiche \u2013 franz\u00f6sische Handwerkskunst","isPartOf":{"@id":"https:\/\/laguiole.com\/de\/#website"},"primaryImageOfPage":{"@id":"https:\/\/laguiole.com\/de\/produit\/laguiole-tischmesser-in-aubrac-prestige-vollgriff-royal-oak-guilloche-prestige-handgemacht-auf-der-strecke-und-rueckseite-der-messer-set-von-6\/#primaryimage"},"image":{"@id":"https:\/\/laguiole.com\/de\/produit\/laguiole-tischmesser-in-aubrac-prestige-vollgriff-royal-oak-guilloche-prestige-handgemacht-auf-der-strecke-und-rueckseite-der-messer-set-von-6\/#primaryimage"},"thumbnailUrl":"https:\/\/laguiole.com\/wp-content\/uploads\/2024\/11\/Couteaux_table_Laguiole_en_Aubrac_Prestige_plein_manche_olivier_guilloche_Set_de_6_00.jpg","datePublished":"2026-02-10T12:23:33+00:00","dateModified":"2026-04-16T09:18:29+00:00","description":"Altes Holz, das mit der Zeit sublimiert. Laguiole-Tischmesser aus k\u00f6niglicher Eiche, handgefertigt nach franz\u00f6sischer Handwerkskunst.","breadcrumb":{"@id":"https:\/\/laguiole.com\/de\/produit\/laguiole-tischmesser-in-aubrac-prestige-vollgriff-royal-oak-guilloche-prestige-handgemacht-auf-der-strecke-und-rueckseite-der-messer-set-von-6\/#breadcrumb"},"inLanguage":"de","potentialAction":[{"@type":"ReadAction","target":["https:\/\/laguiole.com\/de\/produit\/laguiole-tischmesser-in-aubrac-prestige-vollgriff-royal-oak-guilloche-prestige-handgemacht-auf-der-strecke-und-rueckseite-der-messer-set-von-6\/"]}]},{"@type":"ImageObject","inLanguage":"de","@id":"https:\/\/laguiole.com\/de\/produit\/laguiole-tischmesser-in-aubrac-prestige-vollgriff-royal-oak-guilloche-prestige-handgemacht-auf-der-strecke-und-rueckseite-der-messer-set-von-6\/#primaryimage","url":"https:\/\/laguiole.com\/wp-content\/uploads\/2024\/11\/Couteaux_table_Laguiole_en_Aubrac_Prestige_plein_manche_olivier_guilloche_Set_de_6_00.jpg","contentUrl":"https:\/\/laguiole.com\/wp-content\/uploads\/2024\/11\/Couteaux_table_Laguiole_en_Aubrac_Prestige_plein_manche_olivier_guilloche_Set_de_6_00.jpg","width":1033,"height":1033,"caption":"Laguiole-Tischmesser in Aubrac Prestige Vollgriff Royal Oak Back Guilloch\u00e9 Fly Prestige (Set von 6)"},{"@type":"BreadcrumbList","@id":"https:\/\/laguiole.com\/de\/produit\/laguiole-tischmesser-in-aubrac-prestige-vollgriff-royal-oak-guilloche-prestige-handgemacht-auf-der-strecke-und-rueckseite-der-messer-set-von-6\/#breadcrumb","itemListElement":[{"@type":"ListItem","position":1,"name":"Accueil","item":"https:\/\/laguiole.com\/de\/"},{"@type":"ListItem","position":2,"name":"Shop","item":"https:\/\/laguiole.com\/de\/shop-2\/"},{"@type":"ListItem","position":3,"name":"Laguiole Tischmesser in Aubrac Prestige Vollgriff Royal Oak Guilloch\u00e9 Prestige Handgemacht auf der Strecke und R\u00fcckseite der Messer (Set von 6)"}]},{"@type":"WebSite","@id":"https:\/\/laguiole.com\/de\/#website","url":"https:\/\/laguiole.com\/de\/","name":"Laguiole.com","description":"Laguiole - Couteau laguiole, Chateau Laguiole, Laguiole en Aubrac, Forge de Laguiole","publisher":{"@id":"https:\/\/laguiole.com\/de\/#organization"},"potentialAction":[{"@type":"SearchAction","target":{"@type":"EntryPoint","urlTemplate":"https:\/\/laguiole.com\/de\/?s={search_term_string}"},"query-input":{"@type":"PropertyValueSpecification","valueRequired":true,"valueName":"search_term_string"}}],"inLanguage":"de"},{"@type":"Organization","@id":"https:\/\/laguiole.com\/de\/#organization","name":"Laguiole.com","url":"https:\/\/laguiole.com\/de\/","logo":{"@type":"ImageObject","inLanguage":"de","@id":"https:\/\/laguiole.com\/de\/#\/schema\/logo\/image\/","url":"https:\/\/laguiole.com\/wp-content\/uploads\/2021\/02\/logo_laguiole.com-horizontal.jpg","contentUrl":"https:\/\/laguiole.com\/wp-content\/uploads\/2021\/02\/logo_laguiole.com-horizontal.jpg","width":490,"height":156,"caption":"Laguiole.com"},"image":{"@id":"https:\/\/laguiole.com\/de\/#\/schema\/logo\/image\/"},"sameAs":["https:\/\/www.facebook.com\/laguiolecom\/","https:\/\/www.instagram.com\/laguiolecom\/","https:\/\/www.youtube.com\/@laguiolecom\/videos"]}]}},"_links":{"self":[{"href":"https:\/\/laguiole.com\/de\/wp-json\/wp\/v2\/product\/49862","targetHints":{"allow":["GET"]}}],"collection":[{"href":"https:\/\/laguiole.com\/de\/wp-json\/wp\/v2\/product"}],"about":[{"href":"https:\/\/laguiole.com\/de\/wp-json\/wp\/v2\/types\/product"}],"version-history":[{"count":1,"href":"https:\/\/laguiole.com\/de\/wp-json\/wp\/v2\/product\/49862\/revisions"}],"predecessor-version":[{"id":50060,"href":"https:\/\/laguiole.com\/de\/wp-json\/wp\/v2\/product\/49862\/revisions\/50060"}],"wp:featuredmedia":[{"embeddable":true,"href":"https:\/\/laguiole.com\/de\/wp-json\/wp\/v2\/media\/49598"}],"wp:attachment":[{"href":"https:\/\/laguiole.com\/de\/wp-json\/wp\/v2\/media?parent=49862"}],"wp:term":[{"taxonomy":"product_brand","embeddable":true,"href":"https:\/\/laguiole.com\/de\/wp-json\/wp\/v2\/product_brand?post=49862"},{"taxonomy":"product_cat","embeddable":true,"href":"https:\/\/laguiole.com\/de\/wp-json\/wp\/v2\/product_cat?post=49862"},{"taxonomy":"product_tag","embeddable":true,"href":"https:\/\/laguiole.com\/de\/wp-json\/wp\/v2\/product_tag?post=49862"}],"curies":[{"name":"wp","href":"https:\/\/api.w.org\/{rel}","templated":true}]}}