{"id":49742,"date":"2026-02-08T20:59:41","date_gmt":"2026-02-08T19:59:41","guid":{"rendered":"https:\/\/laguiole.com\/?post_type=product&#038;p=49742"},"modified":"2026-02-12T23:30:01","modified_gmt":"2026-02-12T22:30:01","slug":"laguiole-en-aubrac-messer-1-teilig-12-cm-mit-griff-aus-hornspitze-gravierte-feder-und-backen-geschmiedete-biene-prestige-herz-arabeske-polierte-edelstahl-oberfl","status":"publish","type":"product","link":"https:\/\/laguiole.com\/de\/produit\/laguiole-en-aubrac-messer-1-teilig-12-cm-mit-griff-aus-hornspitze-gravierte-feder-und-backen-geschmiedete-biene-prestige-herz-arabeske-polierte-edelstahl-oberfl\/","title":{"rendered":"Laguiole en Aubrac Messer 1-teilig 12 cm mit Griff aus Hornspitze \u2013 Gravierte Feder und Backen \u2013 Geschmiedete Biene \u2013 Prestige Herz-Arabeske \u2013 Polierte Edelstahl-Oberfl\u00e4che"},"content":{"rendered":"","protected":false},"excerpt":{"rendered":"<p><strong data-start=\"35\" data-end=\"72\">Laguiole-Taschenmesser aus Aubrac<\/strong><br data-start=\"72\" data-end=\"75\" \/>Griff aus geflammter Hornspitze<br data-start=\"106\" data-end=\"109\" \/>2 polierte Edelstahl-Backen, davon die vordere mit floralem Motiv graviert<br data-start=\"183\" data-end=\"186\" \/>Prestige geschmiedete Biene mit fein graviertem Herz-Arabesken-Motiv<br data-start=\"254\" data-end=\"257\" \/>Polierte Edelstahlklinge 12C27MO<br data-start=\"289\" data-end=\"292\" \/>Geschmiedete und fein gravierte Feder mit Herz-, Blumen- und Arabeskenmotiven<br data-start=\"369\" data-end=\"372\" \/>Klingenl\u00e4nge: 10 cm<br data-start=\"391\" data-end=\"394\" \/>L\u00e4nge geschlossen: 12 cm<br data-start=\"418\" data-end=\"421\" \/>L\u00e4nge ge\u00f6ffnet: 22 cm<\/p>\n","protected":false},"featured_media":49810,"template":"","meta":{"_acf_changed":false,"_monsterinsights_skip_tracking":false,"_monsterinsights_sitenote_active":false,"_monsterinsights_sitenote_note":"","_monsterinsights_sitenote_category":0},"product_brand":[],"product_cat":[5943,5944,5938,5939],"product_tag":[],"class_list":{"0":"post-49742","1":"product","2":"type-product","3":"status-publish","4":"has-post-thumbnail","6":"product_cat-laguiole-prestiges-messer","7":"product_cat-laguiole-spezialmesser","8":"product_cat-klappmesser","9":"product_cat-laguiole-klappmesser","10":"pa_composition-couteau-1-stueck-nur-klinge","11":"pa_finition-gebuerstet","12":"pa_lame-gebuersteter-edelstahl","13":"pa_manche-en-matiere-animale-hornspitze","14":"pa_marque-laguiole-en-aubracfr","15":"pa_mitres-2-gehrungen","16":"pa_mitres-gebuersteter-edelstahl","17":"pa_mitres-gemeisselt","18":"pa_mouche-geschmiedet","19":"pa_mouche-prestige","20":"pa_platines-einzelplatin","21":"pa_ressort-guilloche","22":"pa_taille-du-manche-12-cm","23":"tm-no-options","26":"instock","27":"taxable","28":"shipping-taxable","29":"purchasable","30":"product-type-simple"},"supplier_id":null,"supplier_sku":"","barcode":null,"atum_controlled":true,"out_stock_date":null,"out_stock_threshold":null,"inheritable":false,"inbound_stock":0,"stock_on_hold":0,"sold_today":0,"sales_last_days":0,"reserved_stock":0,"customer_returns":0,"warehouse_damage":0,"lost_in_post":0,"other_logs":0,"out_stock_days":0,"lost_sales":0,"has_location":false,"update_date":"2026-05-14T00:59:49","atum_locations":[],"atum_stock_status":"instock","restock_status":false,"low_stock_amount":"","sales_update_date":"2026-05-14T00:59:49","calc_backorders":0,"acf":[],"yoast_head":"<!-- This site is optimized with the Yoast SEO plugin v27.6 - https:\/\/yoast.com\/product\/yoast-seo-wordpress\/ -->\n<title>Laguiole en Aubrac Messer 1-teilig 12 cm mit Griff aus Hornspitze \u2013 Gravierte Feder und Backen \u2013 Geschmiedete Biene \u2013 Prestige Herz-Arabeske \u2013 Polierte Edelstahl-Oberfl\u00e4che - Laguiole.com \u00ae<\/title>\n<meta name=\"robots\" content=\"index, follow, max-snippet:-1, max-image-preview:large, max-video-preview:-1\" \/>\n<link rel=\"canonical\" href=\"https:\/\/laguiole.com\/de\/produit\/laguiole-en-aubrac-messer-1-teilig-12-cm-mit-griff-aus-hornspitze-gravierte-feder-und-backen-geschmiedete-biene-prestige-herz-arabeske-polierte-edelstahl-oberfl\/\" \/>\n<meta property=\"og:locale\" content=\"de_DE\" \/>\n<meta property=\"og:type\" content=\"article\" \/>\n<meta property=\"og:title\" content=\"Laguiole en Aubrac Messer 1-teilig 12 cm mit Griff aus Hornspitze \u2013 Gravierte Feder und Backen \u2013 Geschmiedete Biene \u2013 Prestige Herz-Arabeske \u2013 Polierte Edelstahl-Oberfl\u00e4che - Laguiole.com \u00ae\" \/>\n<meta property=\"og:description\" content=\"Laguiole-Taschenmesser aus AubracGriff aus geflammter Hornspitze2 polierte Edelstahl-Backen, davon die vordere mit floralem Motiv graviertPrestige geschmiedete Biene mit fein graviertem Herz-Arabesken-MotivPolierte Edelstahlklinge 12C27MOGeschmiedete und fein gravierte Feder mit Herz-, Blumen- und ArabeskenmotivenKlingenl\u00e4nge: 10 cmL\u00e4nge geschlossen: 12 cmL\u00e4nge ge\u00f6ffnet: 22 cm\" \/>\n<meta property=\"og:url\" content=\"https:\/\/laguiole.com\/de\/produit\/laguiole-en-aubrac-messer-1-teilig-12-cm-mit-griff-aus-hornspitze-gravierte-feder-und-backen-geschmiedete-biene-prestige-herz-arabeske-polierte-edelstahl-oberfl\/\" \/>\n<meta property=\"og:site_name\" content=\"Laguiole.com \u00ae\" \/>\n<meta property=\"article:publisher\" content=\"https:\/\/www.facebook.com\/laguiolecom\/\" \/>\n<meta property=\"article:modified_time\" content=\"2026-02-12T22:30:01+00:00\" \/>\n<meta property=\"og:image\" content=\"https:\/\/laguiole.com\/wp-content\/uploads\/2026\/02\/Couteau_Laguiole_en_Aubrac_Pointe_Corne_Ressort_Grave_Coeur_Arabesque_00.jpg\" \/>\n\t<meta property=\"og:image:width\" content=\"1033\" \/>\n\t<meta property=\"og:image:height\" content=\"1033\" \/>\n\t<meta property=\"og:image:type\" content=\"image\/jpeg\" \/>\n<meta name=\"twitter:card\" content=\"summary_large_image\" \/>\n<meta name=\"twitter:label1\" content=\"Gesch\u00e4tzte Lesezeit\" \/>\n\t<meta name=\"twitter:data1\" content=\"1\u00a0Minute\" \/>\n<script type=\"application\/ld+json\" class=\"yoast-schema-graph\">{\"@context\":\"https:\\\/\\\/schema.org\",\"@graph\":[{\"@type\":\"WebPage\",\"@id\":\"https:\\\/\\\/laguiole.com\\\/de\\\/produit\\\/laguiole-en-aubrac-messer-1-teilig-12-cm-mit-griff-aus-hornspitze-gravierte-feder-und-backen-geschmiedete-biene-prestige-herz-arabeske-polierte-edelstahl-oberfl\\\/\",\"url\":\"https:\\\/\\\/laguiole.com\\\/de\\\/produit\\\/laguiole-en-aubrac-messer-1-teilig-12-cm-mit-griff-aus-hornspitze-gravierte-feder-und-backen-geschmiedete-biene-prestige-herz-arabeske-polierte-edelstahl-oberfl\\\/\",\"name\":\"Laguiole en Aubrac Messer 1-teilig 12 cm mit Griff aus Hornspitze \u2013 Gravierte Feder und Backen \u2013 Geschmiedete Biene \u2013 Prestige Herz-Arabeske \u2013 Polierte Edelstahl-Oberfl\u00e4che - Laguiole.com \u00ae\",\"isPartOf\":{\"@id\":\"https:\\\/\\\/laguiole.com\\\/de\\\/#website\"},\"primaryImageOfPage\":{\"@id\":\"https:\\\/\\\/laguiole.com\\\/de\\\/produit\\\/laguiole-en-aubrac-messer-1-teilig-12-cm-mit-griff-aus-hornspitze-gravierte-feder-und-backen-geschmiedete-biene-prestige-herz-arabeske-polierte-edelstahl-oberfl\\\/#primaryimage\"},\"image\":{\"@id\":\"https:\\\/\\\/laguiole.com\\\/de\\\/produit\\\/laguiole-en-aubrac-messer-1-teilig-12-cm-mit-griff-aus-hornspitze-gravierte-feder-und-backen-geschmiedete-biene-prestige-herz-arabeske-polierte-edelstahl-oberfl\\\/#primaryimage\"},\"thumbnailUrl\":\"https:\\\/\\\/laguiole.com\\\/wp-content\\\/uploads\\\/2026\\\/02\\\/Couteau_Laguiole_en_Aubrac_Pointe_Corne_Ressort_Grave_Coeur_Arabesque_00.jpg\",\"datePublished\":\"2026-02-08T19:59:41+00:00\",\"dateModified\":\"2026-02-12T22:30:01+00:00\",\"breadcrumb\":{\"@id\":\"https:\\\/\\\/laguiole.com\\\/de\\\/produit\\\/laguiole-en-aubrac-messer-1-teilig-12-cm-mit-griff-aus-hornspitze-gravierte-feder-und-backen-geschmiedete-biene-prestige-herz-arabeske-polierte-edelstahl-oberfl\\\/#breadcrumb\"},\"inLanguage\":\"de\",\"potentialAction\":[{\"@type\":\"ReadAction\",\"target\":[\"https:\\\/\\\/laguiole.com\\\/de\\\/produit\\\/laguiole-en-aubrac-messer-1-teilig-12-cm-mit-griff-aus-hornspitze-gravierte-feder-und-backen-geschmiedete-biene-prestige-herz-arabeske-polierte-edelstahl-oberfl\\\/\"]}]},{\"@type\":\"ImageObject\",\"inLanguage\":\"de\",\"@id\":\"https:\\\/\\\/laguiole.com\\\/de\\\/produit\\\/laguiole-en-aubrac-messer-1-teilig-12-cm-mit-griff-aus-hornspitze-gravierte-feder-und-backen-geschmiedete-biene-prestige-herz-arabeske-polierte-edelstahl-oberfl\\\/#primaryimage\",\"url\":\"https:\\\/\\\/laguiole.com\\\/wp-content\\\/uploads\\\/2026\\\/02\\\/Couteau_Laguiole_en_Aubrac_Pointe_Corne_Ressort_Grave_Coeur_Arabesque_00.jpg\",\"contentUrl\":\"https:\\\/\\\/laguiole.com\\\/wp-content\\\/uploads\\\/2026\\\/02\\\/Couteau_Laguiole_en_Aubrac_Pointe_Corne_Ressort_Grave_Coeur_Arabesque_00.jpg\",\"width\":1033,\"height\":1033,\"caption\":\"Couteau Laguiole en Aubrac Pointe Corne Ressort Grav\u00e9 Coeur Arabesque\"},{\"@type\":\"BreadcrumbList\",\"@id\":\"https:\\\/\\\/laguiole.com\\\/de\\\/produit\\\/laguiole-en-aubrac-messer-1-teilig-12-cm-mit-griff-aus-hornspitze-gravierte-feder-und-backen-geschmiedete-biene-prestige-herz-arabeske-polierte-edelstahl-oberfl\\\/#breadcrumb\",\"itemListElement\":[{\"@type\":\"ListItem\",\"position\":1,\"name\":\"Accueil\",\"item\":\"https:\\\/\\\/laguiole.com\\\/de\\\/\"},{\"@type\":\"ListItem\",\"position\":2,\"name\":\"Shop\",\"item\":\"https:\\\/\\\/laguiole.com\\\/de\\\/shop-2\\\/\"},{\"@type\":\"ListItem\",\"position\":3,\"name\":\"Laguiole en Aubrac Messer 1-teilig 12 cm mit Griff aus Hornspitze \u2013 Gravierte Feder und Backen \u2013 Geschmiedete Biene \u2013 Prestige Herz-Arabeske \u2013 Polierte Edelstahl-Oberfl\u00e4che\"}]},{\"@type\":\"WebSite\",\"@id\":\"https:\\\/\\\/laguiole.com\\\/de\\\/#website\",\"url\":\"https:\\\/\\\/laguiole.com\\\/de\\\/\",\"name\":\"Laguiole.com\",\"description\":\"Laguiole - Couteau laguiole, Chateau Laguiole, Laguiole en Aubrac, Forge de Laguiole\",\"publisher\":{\"@id\":\"https:\\\/\\\/laguiole.com\\\/de\\\/#organization\"},\"potentialAction\":[{\"@type\":\"SearchAction\",\"target\":{\"@type\":\"EntryPoint\",\"urlTemplate\":\"https:\\\/\\\/laguiole.com\\\/de\\\/?s={search_term_string}\"},\"query-input\":{\"@type\":\"PropertyValueSpecification\",\"valueRequired\":true,\"valueName\":\"search_term_string\"}}],\"inLanguage\":\"de\"},{\"@type\":\"Organization\",\"@id\":\"https:\\\/\\\/laguiole.com\\\/de\\\/#organization\",\"name\":\"Laguiole.com\",\"url\":\"https:\\\/\\\/laguiole.com\\\/de\\\/\",\"logo\":{\"@type\":\"ImageObject\",\"inLanguage\":\"de\",\"@id\":\"https:\\\/\\\/laguiole.com\\\/de\\\/#\\\/schema\\\/logo\\\/image\\\/\",\"url\":\"https:\\\/\\\/laguiole.com\\\/wp-content\\\/uploads\\\/2021\\\/02\\\/logo_laguiole.com-horizontal.jpg\",\"contentUrl\":\"https:\\\/\\\/laguiole.com\\\/wp-content\\\/uploads\\\/2021\\\/02\\\/logo_laguiole.com-horizontal.jpg\",\"width\":490,\"height\":156,\"caption\":\"Laguiole.com\"},\"image\":{\"@id\":\"https:\\\/\\\/laguiole.com\\\/de\\\/#\\\/schema\\\/logo\\\/image\\\/\"},\"sameAs\":[\"https:\\\/\\\/www.facebook.com\\\/laguiolecom\\\/\",\"https:\\\/\\\/www.instagram.com\\\/laguiolecom\\\/\",\"https:\\\/\\\/www.youtube.com\\\/@laguiolecom\\\/videos\"]}]}<\/script>\n<!-- \/ Yoast SEO plugin. -->","yoast_head_json":{"title":"Laguiole en Aubrac Messer 1-teilig 12 cm mit Griff aus Hornspitze \u2013 Gravierte Feder und Backen \u2013 Geschmiedete Biene \u2013 Prestige Herz-Arabeske \u2013 Polierte Edelstahl-Oberfl\u00e4che - Laguiole.com \u00ae","robots":{"index":"index","follow":"follow","max-snippet":"max-snippet:-1","max-image-preview":"max-image-preview:large","max-video-preview":"max-video-preview:-1"},"canonical":"https:\/\/laguiole.com\/de\/produit\/laguiole-en-aubrac-messer-1-teilig-12-cm-mit-griff-aus-hornspitze-gravierte-feder-und-backen-geschmiedete-biene-prestige-herz-arabeske-polierte-edelstahl-oberfl\/","og_locale":"de_DE","og_type":"article","og_title":"Laguiole en Aubrac Messer 1-teilig 12 cm mit Griff aus Hornspitze \u2013 Gravierte Feder und Backen \u2013 Geschmiedete Biene \u2013 Prestige Herz-Arabeske \u2013 Polierte Edelstahl-Oberfl\u00e4che - Laguiole.com \u00ae","og_description":"Laguiole-Taschenmesser aus AubracGriff aus geflammter Hornspitze2 polierte Edelstahl-Backen, davon die vordere mit floralem Motiv graviertPrestige geschmiedete Biene mit fein graviertem Herz-Arabesken-MotivPolierte Edelstahlklinge 12C27MOGeschmiedete und fein gravierte Feder mit Herz-, Blumen- und ArabeskenmotivenKlingenl\u00e4nge: 10 cmL\u00e4nge geschlossen: 12 cmL\u00e4nge ge\u00f6ffnet: 22 cm","og_url":"https:\/\/laguiole.com\/de\/produit\/laguiole-en-aubrac-messer-1-teilig-12-cm-mit-griff-aus-hornspitze-gravierte-feder-und-backen-geschmiedete-biene-prestige-herz-arabeske-polierte-edelstahl-oberfl\/","og_site_name":"Laguiole.com \u00ae","article_publisher":"https:\/\/www.facebook.com\/laguiolecom\/","article_modified_time":"2026-02-12T22:30:01+00:00","og_image":[{"width":1033,"height":1033,"url":"https:\/\/laguiole.com\/wp-content\/uploads\/2026\/02\/Couteau_Laguiole_en_Aubrac_Pointe_Corne_Ressort_Grave_Coeur_Arabesque_00.jpg","type":"image\/jpeg"}],"twitter_card":"summary_large_image","twitter_misc":{"Gesch\u00e4tzte Lesezeit":"1\u00a0Minute"},"schema":{"@context":"https:\/\/schema.org","@graph":[{"@type":"WebPage","@id":"https:\/\/laguiole.com\/de\/produit\/laguiole-en-aubrac-messer-1-teilig-12-cm-mit-griff-aus-hornspitze-gravierte-feder-und-backen-geschmiedete-biene-prestige-herz-arabeske-polierte-edelstahl-oberfl\/","url":"https:\/\/laguiole.com\/de\/produit\/laguiole-en-aubrac-messer-1-teilig-12-cm-mit-griff-aus-hornspitze-gravierte-feder-und-backen-geschmiedete-biene-prestige-herz-arabeske-polierte-edelstahl-oberfl\/","name":"Laguiole en Aubrac Messer 1-teilig 12 cm mit Griff aus Hornspitze \u2013 Gravierte Feder und Backen \u2013 Geschmiedete Biene \u2013 Prestige Herz-Arabeske \u2013 Polierte Edelstahl-Oberfl\u00e4che - Laguiole.com \u00ae","isPartOf":{"@id":"https:\/\/laguiole.com\/de\/#website"},"primaryImageOfPage":{"@id":"https:\/\/laguiole.com\/de\/produit\/laguiole-en-aubrac-messer-1-teilig-12-cm-mit-griff-aus-hornspitze-gravierte-feder-und-backen-geschmiedete-biene-prestige-herz-arabeske-polierte-edelstahl-oberfl\/#primaryimage"},"image":{"@id":"https:\/\/laguiole.com\/de\/produit\/laguiole-en-aubrac-messer-1-teilig-12-cm-mit-griff-aus-hornspitze-gravierte-feder-und-backen-geschmiedete-biene-prestige-herz-arabeske-polierte-edelstahl-oberfl\/#primaryimage"},"thumbnailUrl":"https:\/\/laguiole.com\/wp-content\/uploads\/2026\/02\/Couteau_Laguiole_en_Aubrac_Pointe_Corne_Ressort_Grave_Coeur_Arabesque_00.jpg","datePublished":"2026-02-08T19:59:41+00:00","dateModified":"2026-02-12T22:30:01+00:00","breadcrumb":{"@id":"https:\/\/laguiole.com\/de\/produit\/laguiole-en-aubrac-messer-1-teilig-12-cm-mit-griff-aus-hornspitze-gravierte-feder-und-backen-geschmiedete-biene-prestige-herz-arabeske-polierte-edelstahl-oberfl\/#breadcrumb"},"inLanguage":"de","potentialAction":[{"@type":"ReadAction","target":["https:\/\/laguiole.com\/de\/produit\/laguiole-en-aubrac-messer-1-teilig-12-cm-mit-griff-aus-hornspitze-gravierte-feder-und-backen-geschmiedete-biene-prestige-herz-arabeske-polierte-edelstahl-oberfl\/"]}]},{"@type":"ImageObject","inLanguage":"de","@id":"https:\/\/laguiole.com\/de\/produit\/laguiole-en-aubrac-messer-1-teilig-12-cm-mit-griff-aus-hornspitze-gravierte-feder-und-backen-geschmiedete-biene-prestige-herz-arabeske-polierte-edelstahl-oberfl\/#primaryimage","url":"https:\/\/laguiole.com\/wp-content\/uploads\/2026\/02\/Couteau_Laguiole_en_Aubrac_Pointe_Corne_Ressort_Grave_Coeur_Arabesque_00.jpg","contentUrl":"https:\/\/laguiole.com\/wp-content\/uploads\/2026\/02\/Couteau_Laguiole_en_Aubrac_Pointe_Corne_Ressort_Grave_Coeur_Arabesque_00.jpg","width":1033,"height":1033,"caption":"Couteau Laguiole en Aubrac Pointe Corne Ressort Grav\u00e9 Coeur Arabesque"},{"@type":"BreadcrumbList","@id":"https:\/\/laguiole.com\/de\/produit\/laguiole-en-aubrac-messer-1-teilig-12-cm-mit-griff-aus-hornspitze-gravierte-feder-und-backen-geschmiedete-biene-prestige-herz-arabeske-polierte-edelstahl-oberfl\/#breadcrumb","itemListElement":[{"@type":"ListItem","position":1,"name":"Accueil","item":"https:\/\/laguiole.com\/de\/"},{"@type":"ListItem","position":2,"name":"Shop","item":"https:\/\/laguiole.com\/de\/shop-2\/"},{"@type":"ListItem","position":3,"name":"Laguiole en Aubrac Messer 1-teilig 12 cm mit Griff aus Hornspitze \u2013 Gravierte Feder und Backen \u2013 Geschmiedete Biene \u2013 Prestige Herz-Arabeske \u2013 Polierte Edelstahl-Oberfl\u00e4che"}]},{"@type":"WebSite","@id":"https:\/\/laguiole.com\/de\/#website","url":"https:\/\/laguiole.com\/de\/","name":"Laguiole.com","description":"Laguiole - Couteau laguiole, Chateau Laguiole, Laguiole en Aubrac, Forge de Laguiole","publisher":{"@id":"https:\/\/laguiole.com\/de\/#organization"},"potentialAction":[{"@type":"SearchAction","target":{"@type":"EntryPoint","urlTemplate":"https:\/\/laguiole.com\/de\/?s={search_term_string}"},"query-input":{"@type":"PropertyValueSpecification","valueRequired":true,"valueName":"search_term_string"}}],"inLanguage":"de"},{"@type":"Organization","@id":"https:\/\/laguiole.com\/de\/#organization","name":"Laguiole.com","url":"https:\/\/laguiole.com\/de\/","logo":{"@type":"ImageObject","inLanguage":"de","@id":"https:\/\/laguiole.com\/de\/#\/schema\/logo\/image\/","url":"https:\/\/laguiole.com\/wp-content\/uploads\/2021\/02\/logo_laguiole.com-horizontal.jpg","contentUrl":"https:\/\/laguiole.com\/wp-content\/uploads\/2021\/02\/logo_laguiole.com-horizontal.jpg","width":490,"height":156,"caption":"Laguiole.com"},"image":{"@id":"https:\/\/laguiole.com\/de\/#\/schema\/logo\/image\/"},"sameAs":["https:\/\/www.facebook.com\/laguiolecom\/","https:\/\/www.instagram.com\/laguiolecom\/","https:\/\/www.youtube.com\/@laguiolecom\/videos"]}]}},"_links":{"self":[{"href":"https:\/\/laguiole.com\/de\/wp-json\/wp\/v2\/product\/49742","targetHints":{"allow":["GET"]}}],"collection":[{"href":"https:\/\/laguiole.com\/de\/wp-json\/wp\/v2\/product"}],"about":[{"href":"https:\/\/laguiole.com\/de\/wp-json\/wp\/v2\/types\/product"}],"version-history":[{"count":2,"href":"https:\/\/laguiole.com\/de\/wp-json\/wp\/v2\/product\/49742\/revisions"}],"predecessor-version":[{"id":49903,"href":"https:\/\/laguiole.com\/de\/wp-json\/wp\/v2\/product\/49742\/revisions\/49903"}],"wp:featuredmedia":[{"embeddable":true,"href":"https:\/\/laguiole.com\/de\/wp-json\/wp\/v2\/media\/49810"}],"wp:attachment":[{"href":"https:\/\/laguiole.com\/de\/wp-json\/wp\/v2\/media?parent=49742"}],"wp:term":[{"taxonomy":"product_brand","embeddable":true,"href":"https:\/\/laguiole.com\/de\/wp-json\/wp\/v2\/product_brand?post=49742"},{"taxonomy":"product_cat","embeddable":true,"href":"https:\/\/laguiole.com\/de\/wp-json\/wp\/v2\/product_cat?post=49742"},{"taxonomy":"product_tag","embeddable":true,"href":"https:\/\/laguiole.com\/de\/wp-json\/wp\/v2\/product_tag?post=49742"}],"curies":[{"name":"wp","href":"https:\/\/api.w.org\/{rel}","templated":true}]}}