{"id":48682,"date":"2025-12-14T18:23:51","date_gmt":"2025-12-14T17:23:51","guid":{"rendered":"https:\/\/laguiole.com\/?post_type=product&#038;p=48682"},"modified":"2026-03-09T20:03:56","modified_gmt":"2026-03-09T19:03:56","slug":"laguiole-tafelmesser-aus-aubrac-prestige-vollgriff-fly-prestige-mischholzer-6er-set-copie","status":"publish","type":"product","link":"https:\/\/laguiole.com\/de\/produit\/laguiole-tafelmesser-aus-aubrac-prestige-vollgriff-fly-prestige-mischholzer-6er-set-copie\/","title":{"rendered":"Laguiole Tafelmesser aus Aubrac Prestige Vollgriff Fly Prestige Mischh\u00f6lzer (6er-Set)"},"content":{"rendered":"<h1 data-section-id=\"ez865y\" data-start=\"164\" data-end=\"256\">Laguiole-Tischmesser in Aubrac Vollgriff \u2013 Misch- und Edelh\u00f6lzer.<\/h1>\n<h2 data-section-id=\"11s9vz7\" data-start=\"258\" data-end=\"314\">Die handwerkliche Eleganz der Laguiole-Messer in Aubrac<\/h2>\n<p data-start=\"315\" data-end=\"618\"><strong data-start=\"319\" data-end=\"372\">Laguiole-Tischmesser in Vollgriff-Aubrac<\/strong> verk\u00f6rpern das traditionelle Know-how des franz\u00f6sischen Bestecks. Mit Respekt f\u00fcr handwerkliche Techniken gefertigt, kombinieren diese Messer <strong data-start=\"518\" data-end=\"563\">eine hochwertige Edelstahlklinge<\/strong> mit <strong data-start=\"567\" data-end=\"591\">einem sorgf\u00e4ltig ausgew\u00e4hlten Griff aus edlem Holz<\/strong>. <\/p>\n<p data-start=\"620\" data-end=\"774\">Dank ihrer eleganten Linien und raffinierten Oberfl\u00e4chen verleihen diese Messer Ihrem <strong data-start=\"717\" data-end=\"773\">Tisch sofort eine prestigetr\u00e4chtige und authentische Note<\/strong>.<\/p>\n<h2 data-section-id=\"1r4dmoq\" data-start=\"776\" data-end=\"849\">Ein Vollhand-Messer: eine edlere und prestigetr\u00e4chtigere Ausf\u00fchrung<\/h2>\n<p data-start=\"850\" data-end=\"1102\">Das <strong data-start=\"853\" data-end=\"877\">Ganzhand-Messer<\/strong> zeichnet sich durch seine besonders elegante Verarbeitung aus. Der Handwerker verwendet <strong data-start=\"955\" data-end=\"1007\">ein vollst\u00e4ndiges St\u00fcck Holz zur Formung des Griffs,<\/strong> wodurch <strong data-start=\"1054\" data-end=\"1101\">die nat\u00fcrliche Maserung und Sch\u00f6nheit des Materials<\/strong> voll zur Geltung kommen. <\/p>\n<p data-start=\"1104\" data-end=\"1298\">Jede H\u00fclle wird somit <strong data-start=\"1132\" data-end=\"1142\">einzigartig<\/strong>, mit eigenen Nuancen und Designs. Dieses Design bietet au\u00dferdem <strong data-start=\"1218\" data-end=\"1266\">einen warmen und bequemen Griff<\/strong>, der w\u00e4hrend der Mahlzeiten sehr gesch\u00e4tzt wird. <\/p>\n<p data-start=\"1300\" data-end=\"1442\">Das Vollgriffmesser gilt oft <strong data-start=\"1352\" data-end=\"1372\">als prestigetr\u00e4chtiger<\/strong>, da es den handwerklichen Charakter und den Adel der Materialien betont.<\/p>\n<h2 data-section-id=\"1i3ad0t\" data-start=\"1444\" data-end=\"1485\">Eine Wirbels\u00e4ule, die vollst\u00e4ndig von Hand guillokiert ist<\/h2>\n<p data-start=\"1486\" data-end=\"1652\">Die <strong data-start=\"1490\" data-end=\"1525\">sechs Laguiole-Messer in Aubrac<\/strong> in diesem Service haben eine besonders bemerkenswerte Oberfl\u00e4che: <strong data-start=\"1594\" data-end=\"1651\">Die R\u00fcckseite des Messers ist vollst\u00e4ndig von Hand guilloc\u00e9iert<\/strong>.<\/p>\n<p data-start=\"1654\" data-end=\"1853\"><strong data-start=\"1657\" data-end=\"1672\">Guilloch\u00e9<\/strong> ist das Verfahren, bei dem zarte Muster mit traditionellen Werkzeugen in Metall graviert werden. Jeder Handwerker erstellt diese Dekorationen <strong data-start=\"1802\" data-end=\"1817\">einzeln<\/strong> und macht jedes Messer einzigartig. <\/p>\n<p data-start=\"1855\" data-end=\"2024\">Diese sorgf\u00e4ltige Arbeit verleiht dem Messer <strong data-start=\"1884\" data-end=\"1917\">Erleichterung, Eleganz und Charakter<\/strong> . Es zeugt auch vom <strong data-start=\"1955\" data-end=\"2023\">hohen Know-how-Niveau der Messer von Laguiole in Aubrac<\/strong>. <\/p>\n<h2 data-section-id=\"oclc3h\" data-start=\"2026\" data-end=\"2070\">Edle und nat\u00fcrliche Holzarten<\/h2>\n<p data-start=\"2071\" data-end=\"2251\">Die f\u00fcr diese Messer ausgew\u00e4hlten Holzgriffe bringen <strong data-start=\"2132\" data-end=\"2159\">Ihrem Tisch W\u00e4rme und Authentizit\u00e4t<\/strong>. Jede Art hat <strong data-start=\"2198\" data-end=\"2250\">ihren eigenen Charakter, ihre eigene Farbe und nat\u00fcrliche Adern.<\/strong> <\/p>\n<h3 data-section-id=\"18gztbi\" data-start=\"2253\" data-end=\"2271\">Olivwald<\/h3>\n<p data-start=\"2272\" data-end=\"2420\"><strong data-start=\"2275\" data-end=\"2293\">Olivenholz<\/strong> zeichnet sich durch seine <strong data-start=\"2315\" data-end=\"2350\">markanten und warmen Adern<\/strong> aus. Sein goldener Farbton und das nat\u00fcrliche Design machen jedes Messer einzigartig. <\/p>\n<h3 data-section-id=\"ge7tzz\" data-start=\"2422\" data-end=\"2439\">Walnussholz<\/h3>\n<p data-start=\"2440\" data-end=\"2580\"><strong data-start=\"2443\" data-end=\"2460\">Walnussholz<\/strong> bietet eine <strong data-start=\"2471\" data-end=\"2507\">tiefe und elegante braune Farbe<\/strong>. Sie verleiht Ihrem Tischservice eine raffinierte und warme Note. <\/p>\n<h3 data-section-id=\"g5em3e\" data-start=\"2582\" data-end=\"2599\">Eichenholz<\/h3>\n<p data-start=\"2600\" data-end=\"2718\"><strong data-start=\"2603\" data-end=\"2620\">Eichenholz<\/strong>, ein Symbol f\u00fcr Solidit\u00e4t und Tradition, besitzt eine dezente Maserung und eine zeitlose helle Farbe.<\/p>\n<h3 data-section-id=\"1mbs9wv\" data-start=\"2720\" data-end=\"2741\">Wacholderholz<\/h3>\n<p data-start=\"2742\" data-end=\"2891\"><strong data-start=\"2745\" data-end=\"2766\">Wacholderholz<\/strong> hat eine sehr dekorative Maserung und <strong data-start=\"2812\" data-end=\"2849\">verstr\u00f6mt einen charakteristischen nat\u00fcrlichen Duft<\/strong>, der von Liebhabern sch\u00f6ner Messer gesch\u00e4tzt wird.<\/p>\n<h2 data-section-id=\"2cvyrh\" data-start=\"2893\" data-end=\"2943\">Perfekte Messer f\u00fcr das Geschirr<\/h2>\n<p data-start=\"2944\" data-end=\"3156\"><strong data-start=\"2948\" data-end=\"3001\">Laguiole-Tischmesser in Vollgriff-Aubrac<\/strong> passen problemlos zu vielen Stilen von Besteck und Geschirr. Sie erm\u00f6glichen <strong data-start=\"3105\" data-end=\"3155\">es, einen eleganten, authentischen und harmonischen Tisch<\/strong> zusammenzustellen. <\/p>\n<p data-start=\"3158\" data-end=\"3376\">Dank ihrer <strong data-start=\"3171\" data-end=\"3260\">handgefertigten Handwerkskunst, des handgefertigten R\u00fcckens und der edlen Holzarten<\/strong> werden diese Messer weit mehr als nur Besteck: Sie sind <strong data-start=\"3330\" data-end=\"3375\">wahre k\u00fcnstlerische Besteckst\u00fccke<\/strong>.<\/p>\n","protected":false},"excerpt":{"rendered":"<p>Set mit 6 Laguiole Prestige Tafelmessern<br \/>\nMischholz Griff: Olive, Wacholder, Pistazie, Teak, Aubracholz, Ebenholz<br \/>\nVollgriff<br \/>\nGesamtgr\u00f6\u00dfe: 23,5 cm<br \/>\nGriffgr\u00f6\u00dfe: 12 cm<\/p>\n","protected":false},"featured_media":37831,"template":"","meta":{"_acf_changed":false,"_monsterinsights_skip_tracking":false,"_monsterinsights_sitenote_active":false,"_monsterinsights_sitenote_note":"","_monsterinsights_sitenote_category":0},"product_brand":[],"product_cat":[5955,5956],"product_tag":[],"class_list":{"0":"post-48682","1":"product","2":"type-product","3":"status-publish","4":"has-post-thumbnail","6":"product_cat-laguiole-tafelbesteck","7":"product_cat-messer-tafelgeschirr","8":"pa_conditionnement-6-teiliges-set","9":"pa_finition-gebuerstet","10":"pa_lame-gebuersteter-edelstahl","11":"pa_manche-en-bois-mischhoelzer","12":"pa_marque-laguiole-en-aubracfr","13":"pa_mitres-ohne-gehrung-vollstaendige-huelse","14":"pa_mouche-prestige","15":"tm-has-options","18":"instock","19":"taxable","20":"shipping-taxable","21":"purchasable","22":"product-type-simple"},"supplier_id":null,"supplier_sku":"","barcode":null,"atum_controlled":true,"out_stock_date":null,"out_stock_threshold":null,"inheritable":false,"inbound_stock":0,"stock_on_hold":0,"sold_today":0,"sales_last_days":0,"reserved_stock":0,"customer_returns":0,"warehouse_damage":0,"lost_in_post":0,"other_logs":0,"out_stock_days":0,"lost_sales":0,"has_location":false,"update_date":"2026-05-09T00:51:51","atum_locations":[],"atum_stock_status":"instock","restock_status":false,"low_stock_amount":"","sales_update_date":"2026-05-09T00:51:51","calc_backorders":0,"acf":[],"yoast_head":"<!-- This site is optimized with the Yoast SEO plugin v27.3 - https:\/\/yoast.com\/product\/yoast-seo-wordpress\/ -->\n<title>Laguiole-Tischmesser in Aubrac mit vollem Holzgriff \u2013<\/title>\n<meta name=\"description\" content=\"Laguiole-Tischmesser in Aubrac mit Vollgriff aus edlem Holz. Vollst\u00e4ndig hand-guillochierter R\u00fccken f\u00fcr ein elegantes und prestigetr\u00e4chtiges handgefertigtes Finish.\" \/>\n<meta name=\"robots\" content=\"index, follow, max-snippet:-1, max-image-preview:large, max-video-preview:-1\" \/>\n<link rel=\"canonical\" href=\"https:\/\/laguiole.com\/de\/produit\/laguiole-tafelmesser-aus-aubrac-prestige-vollgriff-fly-prestige-mischholzer-6er-set-copie\/\" \/>\n<meta property=\"og:locale\" content=\"de_DE\" \/>\n<meta property=\"og:type\" content=\"article\" \/>\n<meta property=\"og:title\" content=\"Laguiole-Tischmesser in Aubrac mit vollem Holzgriff \u2013\" \/>\n<meta property=\"og:description\" content=\"Laguiole-Tischmesser in Aubrac mit Vollgriff aus edlem Holz. Vollst\u00e4ndig hand-guillochierter R\u00fccken f\u00fcr ein elegantes und prestigetr\u00e4chtiges handgefertigtes Finish.\" \/>\n<meta property=\"og:url\" content=\"https:\/\/laguiole.com\/de\/produit\/laguiole-tafelmesser-aus-aubrac-prestige-vollgriff-fly-prestige-mischholzer-6er-set-copie\/\" \/>\n<meta property=\"og:site_name\" content=\"Laguiole.com \u00ae\" \/>\n<meta property=\"article:publisher\" content=\"https:\/\/www.facebook.com\/laguiolecom\/\" \/>\n<meta property=\"article:modified_time\" content=\"2026-03-09T19:03:56+00:00\" \/>\n<meta property=\"og:image\" content=\"https:\/\/laguiole.com\/wp-content\/uploads\/2024\/11\/Couteaux_de_table_Laguiole_en_Aubrac_Prestige_Plein_Manche_Mouche_Prestige_Bois_Mixtes_Set_de_6_00.jpg\" \/>\n\t<meta property=\"og:image:width\" content=\"1033\" \/>\n\t<meta property=\"og:image:height\" content=\"1033\" \/>\n\t<meta property=\"og:image:type\" content=\"image\/jpeg\" \/>\n<meta name=\"twitter:card\" content=\"summary_large_image\" \/>\n<meta name=\"twitter:label1\" content=\"Gesch\u00e4tzte Lesezeit\" \/>\n\t<meta name=\"twitter:data1\" content=\"2\u00a0Minute\" \/>\n<script type=\"application\/ld+json\" class=\"yoast-schema-graph\">{\"@context\":\"https:\\\/\\\/schema.org\",\"@graph\":[{\"@type\":\"WebPage\",\"@id\":\"https:\\\/\\\/laguiole.com\\\/de\\\/produit\\\/laguiole-tafelmesser-aus-aubrac-prestige-vollgriff-fly-prestige-mischholzer-6er-set-copie\\\/\",\"url\":\"https:\\\/\\\/laguiole.com\\\/de\\\/produit\\\/laguiole-tafelmesser-aus-aubrac-prestige-vollgriff-fly-prestige-mischholzer-6er-set-copie\\\/\",\"name\":\"Laguiole-Tischmesser in Aubrac mit vollem Holzgriff \u2013\",\"isPartOf\":{\"@id\":\"https:\\\/\\\/laguiole.com\\\/de\\\/#website\"},\"primaryImageOfPage\":{\"@id\":\"https:\\\/\\\/laguiole.com\\\/de\\\/produit\\\/laguiole-tafelmesser-aus-aubrac-prestige-vollgriff-fly-prestige-mischholzer-6er-set-copie\\\/#primaryimage\"},\"image\":{\"@id\":\"https:\\\/\\\/laguiole.com\\\/de\\\/produit\\\/laguiole-tafelmesser-aus-aubrac-prestige-vollgriff-fly-prestige-mischholzer-6er-set-copie\\\/#primaryimage\"},\"thumbnailUrl\":\"https:\\\/\\\/laguiole.com\\\/wp-content\\\/uploads\\\/2024\\\/11\\\/Couteaux_de_table_Laguiole_en_Aubrac_Prestige_Plein_Manche_Mouche_Prestige_Bois_Mixtes_Set_de_6_00.jpg\",\"datePublished\":\"2025-12-14T17:23:51+00:00\",\"dateModified\":\"2026-03-09T19:03:56+00:00\",\"description\":\"Laguiole-Tischmesser in Aubrac mit Vollgriff aus edlem Holz. Vollst\u00e4ndig hand-guillochierter R\u00fccken f\u00fcr ein elegantes und prestigetr\u00e4chtiges handgefertigtes Finish.\",\"breadcrumb\":{\"@id\":\"https:\\\/\\\/laguiole.com\\\/de\\\/produit\\\/laguiole-tafelmesser-aus-aubrac-prestige-vollgriff-fly-prestige-mischholzer-6er-set-copie\\\/#breadcrumb\"},\"inLanguage\":\"de\",\"potentialAction\":[{\"@type\":\"ReadAction\",\"target\":[\"https:\\\/\\\/laguiole.com\\\/de\\\/produit\\\/laguiole-tafelmesser-aus-aubrac-prestige-vollgriff-fly-prestige-mischholzer-6er-set-copie\\\/\"]}]},{\"@type\":\"ImageObject\",\"inLanguage\":\"de\",\"@id\":\"https:\\\/\\\/laguiole.com\\\/de\\\/produit\\\/laguiole-tafelmesser-aus-aubrac-prestige-vollgriff-fly-prestige-mischholzer-6er-set-copie\\\/#primaryimage\",\"url\":\"https:\\\/\\\/laguiole.com\\\/wp-content\\\/uploads\\\/2024\\\/11\\\/Couteaux_de_table_Laguiole_en_Aubrac_Prestige_Plein_Manche_Mouche_Prestige_Bois_Mixtes_Set_de_6_00.jpg\",\"contentUrl\":\"https:\\\/\\\/laguiole.com\\\/wp-content\\\/uploads\\\/2024\\\/11\\\/Couteaux_de_table_Laguiole_en_Aubrac_Prestige_Plein_Manche_Mouche_Prestige_Bois_Mixtes_Set_de_6_00.jpg\",\"width\":1033,\"height\":1033,\"caption\":\"Laguiole Tafelmesser aus Aubrac Prestige Vollgriff Fly Prestige Mischh\u00f6lzer (6er-Set)\"},{\"@type\":\"BreadcrumbList\",\"@id\":\"https:\\\/\\\/laguiole.com\\\/de\\\/produit\\\/laguiole-tafelmesser-aus-aubrac-prestige-vollgriff-fly-prestige-mischholzer-6er-set-copie\\\/#breadcrumb\",\"itemListElement\":[{\"@type\":\"ListItem\",\"position\":1,\"name\":\"Accueil\",\"item\":\"https:\\\/\\\/laguiole.com\\\/de\\\/\"},{\"@type\":\"ListItem\",\"position\":2,\"name\":\"Shop\",\"item\":\"https:\\\/\\\/laguiole.com\\\/de\\\/shop-2\\\/\"},{\"@type\":\"ListItem\",\"position\":3,\"name\":\"Laguiole Tafelmesser aus Aubrac Prestige Vollgriff Fly Prestige Mischh\u00f6lzer (6er-Set)\"}]},{\"@type\":\"WebSite\",\"@id\":\"https:\\\/\\\/laguiole.com\\\/de\\\/#website\",\"url\":\"https:\\\/\\\/laguiole.com\\\/de\\\/\",\"name\":\"Laguiole.com\",\"description\":\"Laguiole - Couteau laguiole, Chateau Laguiole, Laguiole en Aubrac, Forge de Laguiole\",\"publisher\":{\"@id\":\"https:\\\/\\\/laguiole.com\\\/de\\\/#organization\"},\"potentialAction\":[{\"@type\":\"SearchAction\",\"target\":{\"@type\":\"EntryPoint\",\"urlTemplate\":\"https:\\\/\\\/laguiole.com\\\/de\\\/?s={search_term_string}\"},\"query-input\":{\"@type\":\"PropertyValueSpecification\",\"valueRequired\":true,\"valueName\":\"search_term_string\"}}],\"inLanguage\":\"de\"},{\"@type\":\"Organization\",\"@id\":\"https:\\\/\\\/laguiole.com\\\/de\\\/#organization\",\"name\":\"Laguiole.com\",\"url\":\"https:\\\/\\\/laguiole.com\\\/de\\\/\",\"logo\":{\"@type\":\"ImageObject\",\"inLanguage\":\"de\",\"@id\":\"https:\\\/\\\/laguiole.com\\\/de\\\/#\\\/schema\\\/logo\\\/image\\\/\",\"url\":\"https:\\\/\\\/laguiole.com\\\/wp-content\\\/uploads\\\/2021\\\/02\\\/logo_laguiole.com-horizontal.jpg\",\"contentUrl\":\"https:\\\/\\\/laguiole.com\\\/wp-content\\\/uploads\\\/2021\\\/02\\\/logo_laguiole.com-horizontal.jpg\",\"width\":490,\"height\":156,\"caption\":\"Laguiole.com\"},\"image\":{\"@id\":\"https:\\\/\\\/laguiole.com\\\/de\\\/#\\\/schema\\\/logo\\\/image\\\/\"},\"sameAs\":[\"https:\\\/\\\/www.facebook.com\\\/laguiolecom\\\/\",\"https:\\\/\\\/www.instagram.com\\\/laguiolecom\\\/\",\"https:\\\/\\\/www.youtube.com\\\/@laguiolecom\\\/videos\"]}]}<\/script>\n<!-- \/ Yoast SEO plugin. -->","yoast_head_json":{"title":"Laguiole-Tischmesser in Aubrac mit vollem Holzgriff \u2013","description":"Laguiole-Tischmesser in Aubrac mit Vollgriff aus edlem Holz. Vollst\u00e4ndig hand-guillochierter R\u00fccken f\u00fcr ein elegantes und prestigetr\u00e4chtiges handgefertigtes Finish.","robots":{"index":"index","follow":"follow","max-snippet":"max-snippet:-1","max-image-preview":"max-image-preview:large","max-video-preview":"max-video-preview:-1"},"canonical":"https:\/\/laguiole.com\/de\/produit\/laguiole-tafelmesser-aus-aubrac-prestige-vollgriff-fly-prestige-mischholzer-6er-set-copie\/","og_locale":"de_DE","og_type":"article","og_title":"Laguiole-Tischmesser in Aubrac mit vollem Holzgriff \u2013","og_description":"Laguiole-Tischmesser in Aubrac mit Vollgriff aus edlem Holz. Vollst\u00e4ndig hand-guillochierter R\u00fccken f\u00fcr ein elegantes und prestigetr\u00e4chtiges handgefertigtes Finish.","og_url":"https:\/\/laguiole.com\/de\/produit\/laguiole-tafelmesser-aus-aubrac-prestige-vollgriff-fly-prestige-mischholzer-6er-set-copie\/","og_site_name":"Laguiole.com \u00ae","article_publisher":"https:\/\/www.facebook.com\/laguiolecom\/","article_modified_time":"2026-03-09T19:03:56+00:00","og_image":[{"width":1033,"height":1033,"url":"https:\/\/laguiole.com\/wp-content\/uploads\/2024\/11\/Couteaux_de_table_Laguiole_en_Aubrac_Prestige_Plein_Manche_Mouche_Prestige_Bois_Mixtes_Set_de_6_00.jpg","type":"image\/jpeg"}],"twitter_card":"summary_large_image","twitter_misc":{"Gesch\u00e4tzte Lesezeit":"2\u00a0Minute"},"schema":{"@context":"https:\/\/schema.org","@graph":[{"@type":"WebPage","@id":"https:\/\/laguiole.com\/de\/produit\/laguiole-tafelmesser-aus-aubrac-prestige-vollgriff-fly-prestige-mischholzer-6er-set-copie\/","url":"https:\/\/laguiole.com\/de\/produit\/laguiole-tafelmesser-aus-aubrac-prestige-vollgriff-fly-prestige-mischholzer-6er-set-copie\/","name":"Laguiole-Tischmesser in Aubrac mit vollem Holzgriff \u2013","isPartOf":{"@id":"https:\/\/laguiole.com\/de\/#website"},"primaryImageOfPage":{"@id":"https:\/\/laguiole.com\/de\/produit\/laguiole-tafelmesser-aus-aubrac-prestige-vollgriff-fly-prestige-mischholzer-6er-set-copie\/#primaryimage"},"image":{"@id":"https:\/\/laguiole.com\/de\/produit\/laguiole-tafelmesser-aus-aubrac-prestige-vollgriff-fly-prestige-mischholzer-6er-set-copie\/#primaryimage"},"thumbnailUrl":"https:\/\/laguiole.com\/wp-content\/uploads\/2024\/11\/Couteaux_de_table_Laguiole_en_Aubrac_Prestige_Plein_Manche_Mouche_Prestige_Bois_Mixtes_Set_de_6_00.jpg","datePublished":"2025-12-14T17:23:51+00:00","dateModified":"2026-03-09T19:03:56+00:00","description":"Laguiole-Tischmesser in Aubrac mit Vollgriff aus edlem Holz. Vollst\u00e4ndig hand-guillochierter R\u00fccken f\u00fcr ein elegantes und prestigetr\u00e4chtiges handgefertigtes Finish.","breadcrumb":{"@id":"https:\/\/laguiole.com\/de\/produit\/laguiole-tafelmesser-aus-aubrac-prestige-vollgriff-fly-prestige-mischholzer-6er-set-copie\/#breadcrumb"},"inLanguage":"de","potentialAction":[{"@type":"ReadAction","target":["https:\/\/laguiole.com\/de\/produit\/laguiole-tafelmesser-aus-aubrac-prestige-vollgriff-fly-prestige-mischholzer-6er-set-copie\/"]}]},{"@type":"ImageObject","inLanguage":"de","@id":"https:\/\/laguiole.com\/de\/produit\/laguiole-tafelmesser-aus-aubrac-prestige-vollgriff-fly-prestige-mischholzer-6er-set-copie\/#primaryimage","url":"https:\/\/laguiole.com\/wp-content\/uploads\/2024\/11\/Couteaux_de_table_Laguiole_en_Aubrac_Prestige_Plein_Manche_Mouche_Prestige_Bois_Mixtes_Set_de_6_00.jpg","contentUrl":"https:\/\/laguiole.com\/wp-content\/uploads\/2024\/11\/Couteaux_de_table_Laguiole_en_Aubrac_Prestige_Plein_Manche_Mouche_Prestige_Bois_Mixtes_Set_de_6_00.jpg","width":1033,"height":1033,"caption":"Laguiole Tafelmesser aus Aubrac Prestige Vollgriff Fly Prestige Mischh\u00f6lzer (6er-Set)"},{"@type":"BreadcrumbList","@id":"https:\/\/laguiole.com\/de\/produit\/laguiole-tafelmesser-aus-aubrac-prestige-vollgriff-fly-prestige-mischholzer-6er-set-copie\/#breadcrumb","itemListElement":[{"@type":"ListItem","position":1,"name":"Accueil","item":"https:\/\/laguiole.com\/de\/"},{"@type":"ListItem","position":2,"name":"Shop","item":"https:\/\/laguiole.com\/de\/shop-2\/"},{"@type":"ListItem","position":3,"name":"Laguiole Tafelmesser aus Aubrac Prestige Vollgriff Fly Prestige Mischh\u00f6lzer (6er-Set)"}]},{"@type":"WebSite","@id":"https:\/\/laguiole.com\/de\/#website","url":"https:\/\/laguiole.com\/de\/","name":"Laguiole.com","description":"Laguiole - Couteau laguiole, Chateau Laguiole, Laguiole en Aubrac, Forge de Laguiole","publisher":{"@id":"https:\/\/laguiole.com\/de\/#organization"},"potentialAction":[{"@type":"SearchAction","target":{"@type":"EntryPoint","urlTemplate":"https:\/\/laguiole.com\/de\/?s={search_term_string}"},"query-input":{"@type":"PropertyValueSpecification","valueRequired":true,"valueName":"search_term_string"}}],"inLanguage":"de"},{"@type":"Organization","@id":"https:\/\/laguiole.com\/de\/#organization","name":"Laguiole.com","url":"https:\/\/laguiole.com\/de\/","logo":{"@type":"ImageObject","inLanguage":"de","@id":"https:\/\/laguiole.com\/de\/#\/schema\/logo\/image\/","url":"https:\/\/laguiole.com\/wp-content\/uploads\/2021\/02\/logo_laguiole.com-horizontal.jpg","contentUrl":"https:\/\/laguiole.com\/wp-content\/uploads\/2021\/02\/logo_laguiole.com-horizontal.jpg","width":490,"height":156,"caption":"Laguiole.com"},"image":{"@id":"https:\/\/laguiole.com\/de\/#\/schema\/logo\/image\/"},"sameAs":["https:\/\/www.facebook.com\/laguiolecom\/","https:\/\/www.instagram.com\/laguiolecom\/","https:\/\/www.youtube.com\/@laguiolecom\/videos"]}]}},"_links":{"self":[{"href":"https:\/\/laguiole.com\/de\/wp-json\/wp\/v2\/product\/48682","targetHints":{"allow":["GET"]}}],"collection":[{"href":"https:\/\/laguiole.com\/de\/wp-json\/wp\/v2\/product"}],"about":[{"href":"https:\/\/laguiole.com\/de\/wp-json\/wp\/v2\/types\/product"}],"version-history":[{"count":2,"href":"https:\/\/laguiole.com\/de\/wp-json\/wp\/v2\/product\/48682\/revisions"}],"predecessor-version":[{"id":50964,"href":"https:\/\/laguiole.com\/de\/wp-json\/wp\/v2\/product\/48682\/revisions\/50964"}],"wp:featuredmedia":[{"embeddable":true,"href":"https:\/\/laguiole.com\/de\/wp-json\/wp\/v2\/media\/37831"}],"wp:attachment":[{"href":"https:\/\/laguiole.com\/de\/wp-json\/wp\/v2\/media?parent=48682"}],"wp:term":[{"taxonomy":"product_brand","embeddable":true,"href":"https:\/\/laguiole.com\/de\/wp-json\/wp\/v2\/product_brand?post=48682"},{"taxonomy":"product_cat","embeddable":true,"href":"https:\/\/laguiole.com\/de\/wp-json\/wp\/v2\/product_cat?post=48682"},{"taxonomy":"product_tag","embeddable":true,"href":"https:\/\/laguiole.com\/de\/wp-json\/wp\/v2\/product_tag?post=48682"}],"curies":[{"name":"wp","href":"https:\/\/api.w.org\/{rel}","templated":true}]}}