{"id":48453,"date":"2025-12-14T13:55:39","date_gmt":"2025-12-14T12:55:39","guid":{"rendered":"https:\/\/laguiole.com\/?post_type=product&#038;p=48453"},"modified":"2025-12-14T16:59:12","modified_gmt":"2025-12-14T15:59:12","slug":"laguiole-klappmesser-in-aubrac-le-pastourelle-in-pistazien-vollgriff-guilloche-platten-von-aubrac-von-hand-geschmiedet-und-gemeisselt-gebuerstete-edelstahllackierung","status":"publish","type":"product","link":"https:\/\/laguiole.com\/de\/produit\/laguiole-klappmesser-in-aubrac-le-pastourelle-in-pistazien-vollgriff-guilloche-platten-von-aubrac-von-hand-geschmiedet-und-gemeisselt-gebuerstete-edelstahllackierung\/","title":{"rendered":"Laguiole-Klappmesser in Aubrac &#8220;Le Pastourelle&#8221; in Pistazien, Vollgriff-Guilloch\u00e9-Platten von Aubrac, von Hand geschmiedet und gemei\u00dfelt, geb\u00fcrstete Edelstahllackierung"},"content":{"rendered":"<h2 data-start=\"180\" data-end=\"236\"><strong data-start=\"183\" data-end=\"236\"> Pastourelle \u2013 Laguiole-Klappmesser in Aubrac<\/strong><\/h2>\n<p data-start=\"238\" data-end=\"521\"><strong data-start=\"248\" data-end=\"266\">Entdecken Sie Le Pastourelle<\/strong>, ein <strong data-start=\"271\" data-end=\"311\">handwerkliches Klappmesser von Aubrac<\/strong>, inspiriert von Tradition und mit hohen Standards geformt. Dieses <strong data-start=\"367\" data-end=\"386\">Laguiole-Messer<\/strong> verk\u00f6rpert das regionale Besteckwissen und richtet sich an Liebhaber <strong data-start=\"459\" data-end=\"485\">hochwertiger Messer<\/strong>, authentischer und langlebiger Objekte.<\/p>\n<h3 data-start=\"523\" data-end=\"568\"><strong data-start=\"527\" data-end=\"568\">Ein massiver Griff aus Pistazienholz<\/strong><\/h3>\n<p data-start=\"569\" data-end=\"820\">Der <strong data-start=\"572\" data-end=\"610\">massive Pistazienholz-Griff<\/strong> bietet einen bequemen und warmen Griff. Jedes Messer ist dank der nat\u00fcrlichen Maserung des Holzes einzigartig, was <strong data-start=\"737\" data-end=\"755\">Le Pastourelle<\/strong> zu einem <strong data-start=\"759\" data-end=\"785\">faltbaren Holzmesser<\/strong> mit einem einzigartigen und eleganten Charakter macht.<\/p>\n<h3 data-start=\"822\" data-end=\"877\"><strong data-start=\"826\" data-end=\"877\">Guilloch\u00e9 Platten und anpassbare Feder<\/strong><\/h3>\n<p data-start=\"878\" data-end=\"1146\">Die <strong data-start=\"882\" data-end=\"914\">einfachen Guilloc\u00e9-Platten<\/strong> sorgen f\u00fcr ein raffiniertes Finish und heben die Handwerkskunst hervor. Die <strong data-start=\"993\" data-end=\"1010\">glatte<\/strong>, bewusst verfeinerte Feder erm\u00f6glicht die <strong data-start=\"1044\" data-end=\"1075\">Individualisierung des Messers<\/strong> \u2013 ideal f\u00fcr ein <strong data-start=\"1123\" data-end=\"1145\">au\u00dfergew\u00f6hnliches Geschenk<\/strong>.<\/p>\n<h3 data-start=\"1148\" data-end=\"1188\"><strong data-start=\"1152\" data-end=\"1188\">Handgeschmiedete Aubrac-Fliege<\/strong><\/h3>\n<p data-start=\"1189\" data-end=\"1408\">Die <strong data-start=\"1192\" data-end=\"1211\">Aubrac-Fliege<\/strong>, fein geschmiedet und bearbeitet, zeichnet dieses <strong data-start=\"1253\" data-end=\"1284\">traditionelle Klappmesser<\/strong> mit Eleganz. Als emblematisches Symbol der Aubrac-Messer spiegelt es die Pr\u00e4zision und Leidenschaft der handwerklichen Arbeit wider.<\/p>\n<h3 data-start=\"1410\" data-end=\"1456\"><strong data-start=\"1414\" data-end=\"1456\">Ein handwerkliches und langlebiges Klappmesser<\/strong><\/h3>\n<p data-start=\"1457\" data-end=\"1712\">Sowohl funktional als auch \u00e4sthetisch, <strong data-start=\"1494\" data-end=\"1512\">ist Le Pastourelle<\/strong> ein <strong data-start=\"1520\" data-end=\"1556\">Laguiole-Klappmesser in Aubrac<\/strong> , das sowohl das Alltagsleben als auch au\u00dfergew\u00f6hnliche Momente begleitet. Seine sorgf\u00e4ltige Herstellung macht es zu einem langlebigen und zeitlosen <strong data-start=\"1658\" data-end=\"1688\">franz\u00f6sischen Kunstmesser<\/strong>.<\/p>\n<p data-start=\"1714\" data-end=\"1836\"><strong data-start=\"1714\" data-end=\"1732\">Die Pastourelle<\/strong> ist die Wahl eines <strong data-start=\"1754\" data-end=\"1786\">hochwertigen Klappmessers<\/strong>, das Tradition, Eleganz und Individualisierung vereint.<\/p>\n","protected":false},"excerpt":{"rendered":"<p>Laguiole-Klappmesser in Aubrac &#8220;Le Pastourelle&#8221; Voller<br \/>\nGriff aus Pistazienbaum<br \/>\nFliege von Aubrac von Hand<br \/>\ngeschmiedet und gemei\u00dfelt Einfache Guilloch\u00e9-Platten aus geb\u00fcrstetem<br \/>\nEdelstahl Glatte und anpassbare<br \/>\nFeder Sandwick-Klinge aus Edelstahl 12C27<br \/>\nKlingengr\u00f6\u00dfe 10 cm<br \/>\nGriffgr\u00f6\u00dfe 12 cm<br \/>\nOffenes Messer 22 cm<\/p>\n<p><strong data-start=\"527\" data-end=\"545\">Die Pastourelle<\/strong> ist ein <strong data-start=\"553\" data-end=\"589\">Laguiole-Klappmesser in Aubrac<\/strong> mit einem n\u00fcchternen und authentischen Design. Sein <strong data-start=\"626\" data-end=\"664\">massiver Pistazienholz-Griff,<\/strong> die <strong data-start=\"670\" data-end=\"694\">Guilloch\u00e9-Platten<\/strong>, <strong data-start=\"700\" data-end=\"733\">die anpassbare glatte Feder<\/strong> und <strong data-start=\"740\" data-end=\"766\">die geschmiedete Aubrac-Fliege<\/strong> machen es zu einem eleganten und langlebigen handgefertigten Messer, das den Traditionen von Aubrac treu ist.<\/p>\n","protected":false},"featured_media":48460,"template":"","meta":{"_acf_changed":false,"_monsterinsights_skip_tracking":false,"_monsterinsights_sitenote_active":false,"_monsterinsights_sitenote_note":"","_monsterinsights_sitenote_category":0},"product_brand":[],"product_cat":[5963,5939,5944,5954],"product_tag":[6171],"class_list":{"0":"post-48453","1":"product","2":"type-product","3":"status-publish","4":"has-post-thumbnail","6":"product_cat-federgravur","7":"product_cat-laguiole-klappmesser","8":"product_cat-laguiole-spezialmesser","9":"product_cat-nicht-klassifiziert-2","10":"product_tag-gravurfeder","11":"pa_composition-couteau-1-stueck-nur-klinge","12":"pa_finition-gebuerstet","13":"pa_lame-gebuersteter-edelstahl","14":"pa_manche-en-bois-pistazie","15":"pa_marque-laguiole-en-aubracfr","16":"pa_mitres-ohne-gehrung-vollstaendige-huelse","17":"pa_platines-einzelplatin","18":"pa_platines-guilloche-muster","19":"pa_ressort-glatt","20":"pa_ressort-zum-personalisieren-lasergravur","21":"pa_taille-du-manche-12-cm","22":"tm-has-options","25":"instock","26":"taxable","27":"shipping-taxable","28":"purchasable","29":"product-type-simple"},"supplier_id":null,"supplier_sku":"","barcode":null,"atum_controlled":true,"out_stock_date":null,"out_stock_threshold":null,"inheritable":false,"inbound_stock":0,"stock_on_hold":0,"sold_today":0,"sales_last_days":0,"reserved_stock":0,"customer_returns":0,"warehouse_damage":0,"lost_in_post":0,"other_logs":0,"out_stock_days":0,"lost_sales":0,"has_location":false,"update_date":"2026-04-28T00:38:59","atum_locations":[],"atum_stock_status":"instock","restock_status":false,"low_stock_amount":"","sales_update_date":"2026-04-28T00:38:59","calc_backorders":0,"acf":[],"yoast_head":"<!-- This site is optimized with the Yoast SEO plugin v27.3 - https:\/\/yoast.com\/product\/yoast-seo-wordpress\/ -->\n<title>Faltmesser-laguiole-aubrac-pastourelle<\/title>\n<meta name=\"description\" content=\"Laguiole-Klappmesser in Aubrac, Pistazienholz-Stiel, Guilloch\u00e9-Platten, geschmiedeter Aubrac-Fliege. Anpassbares handgefertigtes Design.\" \/>\n<meta name=\"robots\" content=\"index, follow, max-snippet:-1, max-image-preview:large, max-video-preview:-1\" \/>\n<link rel=\"canonical\" href=\"https:\/\/laguiole.com\/de\/produit\/laguiole-klappmesser-in-aubrac-le-pastourelle-in-pistazien-vollgriff-guilloche-platten-von-aubrac-von-hand-geschmiedet-und-gemeisselt-gebuerstete-edelstahllackierung\/\" \/>\n<meta property=\"og:locale\" content=\"de_DE\" \/>\n<meta property=\"og:type\" content=\"article\" \/>\n<meta property=\"og:title\" content=\"Faltmesser-laguiole-aubrac-pastourelle\" \/>\n<meta property=\"og:description\" content=\"Laguiole-Klappmesser in Aubrac, Pistazienholz-Stiel, Guilloch\u00e9-Platten, geschmiedeter Aubrac-Fliege. Anpassbares handgefertigtes Design.\" \/>\n<meta property=\"og:url\" content=\"https:\/\/laguiole.com\/de\/produit\/laguiole-klappmesser-in-aubrac-le-pastourelle-in-pistazien-vollgriff-guilloche-platten-von-aubrac-von-hand-geschmiedet-und-gemeisselt-gebuerstete-edelstahllackierung\/\" \/>\n<meta property=\"og:site_name\" content=\"Laguiole.com \u00ae\" \/>\n<meta property=\"article:publisher\" content=\"https:\/\/www.facebook.com\/laguiolecom\/\" \/>\n<meta property=\"article:modified_time\" content=\"2025-12-14T15:59:12+00:00\" \/>\n<meta property=\"og:image\" content=\"https:\/\/laguiole.com\/wp-content\/uploads\/2024\/11\/Couteau_Laguiole_en_Aubrac_pastourelle_pistachier_00.jpg\" \/>\n\t<meta property=\"og:image:width\" content=\"1033\" \/>\n\t<meta property=\"og:image:height\" content=\"1033\" \/>\n\t<meta property=\"og:image:type\" content=\"image\/jpeg\" \/>\n<meta name=\"twitter:card\" content=\"summary_large_image\" \/>\n<meta name=\"twitter:label1\" content=\"Gesch\u00e4tzte Lesezeit\" \/>\n\t<meta name=\"twitter:data1\" content=\"2\u00a0Minute\" \/>\n<script type=\"application\/ld+json\" class=\"yoast-schema-graph\">{\"@context\":\"https:\\\/\\\/schema.org\",\"@graph\":[{\"@type\":\"WebPage\",\"@id\":\"https:\\\/\\\/laguiole.com\\\/de\\\/produit\\\/laguiole-klappmesser-in-aubrac-le-pastourelle-in-pistazien-vollgriff-guilloche-platten-von-aubrac-von-hand-geschmiedet-und-gemeisselt-gebuerstete-edelstahllackierung\\\/\",\"url\":\"https:\\\/\\\/laguiole.com\\\/de\\\/produit\\\/laguiole-klappmesser-in-aubrac-le-pastourelle-in-pistazien-vollgriff-guilloche-platten-von-aubrac-von-hand-geschmiedet-und-gemeisselt-gebuerstete-edelstahllackierung\\\/\",\"name\":\"Faltmesser-laguiole-aubrac-pastourelle\",\"isPartOf\":{\"@id\":\"https:\\\/\\\/laguiole.com\\\/de\\\/#website\"},\"primaryImageOfPage\":{\"@id\":\"https:\\\/\\\/laguiole.com\\\/de\\\/produit\\\/laguiole-klappmesser-in-aubrac-le-pastourelle-in-pistazien-vollgriff-guilloche-platten-von-aubrac-von-hand-geschmiedet-und-gemeisselt-gebuerstete-edelstahllackierung\\\/#primaryimage\"},\"image\":{\"@id\":\"https:\\\/\\\/laguiole.com\\\/de\\\/produit\\\/laguiole-klappmesser-in-aubrac-le-pastourelle-in-pistazien-vollgriff-guilloche-platten-von-aubrac-von-hand-geschmiedet-und-gemeisselt-gebuerstete-edelstahllackierung\\\/#primaryimage\"},\"thumbnailUrl\":\"https:\\\/\\\/laguiole.com\\\/wp-content\\\/uploads\\\/2024\\\/11\\\/Couteau_Laguiole_en_Aubrac_pastourelle_pistachier_00.jpg\",\"datePublished\":\"2025-12-14T12:55:39+00:00\",\"dateModified\":\"2025-12-14T15:59:12+00:00\",\"description\":\"Laguiole-Klappmesser in Aubrac, Pistazienholz-Stiel, Guilloch\u00e9-Platten, geschmiedeter Aubrac-Fliege. Anpassbares handgefertigtes Design.\",\"breadcrumb\":{\"@id\":\"https:\\\/\\\/laguiole.com\\\/de\\\/produit\\\/laguiole-klappmesser-in-aubrac-le-pastourelle-in-pistazien-vollgriff-guilloche-platten-von-aubrac-von-hand-geschmiedet-und-gemeisselt-gebuerstete-edelstahllackierung\\\/#breadcrumb\"},\"inLanguage\":\"de\",\"potentialAction\":[{\"@type\":\"ReadAction\",\"target\":[\"https:\\\/\\\/laguiole.com\\\/de\\\/produit\\\/laguiole-klappmesser-in-aubrac-le-pastourelle-in-pistazien-vollgriff-guilloche-platten-von-aubrac-von-hand-geschmiedet-und-gemeisselt-gebuerstete-edelstahllackierung\\\/\"]}]},{\"@type\":\"ImageObject\",\"inLanguage\":\"de\",\"@id\":\"https:\\\/\\\/laguiole.com\\\/de\\\/produit\\\/laguiole-klappmesser-in-aubrac-le-pastourelle-in-pistazien-vollgriff-guilloche-platten-von-aubrac-von-hand-geschmiedet-und-gemeisselt-gebuerstete-edelstahllackierung\\\/#primaryimage\",\"url\":\"https:\\\/\\\/laguiole.com\\\/wp-content\\\/uploads\\\/2024\\\/11\\\/Couteau_Laguiole_en_Aubrac_pastourelle_pistachier_00.jpg\",\"contentUrl\":\"https:\\\/\\\/laguiole.com\\\/wp-content\\\/uploads\\\/2024\\\/11\\\/Couteau_Laguiole_en_Aubrac_pastourelle_pistachier_00.jpg\",\"width\":1033,\"height\":1033,\"caption\":\"Laguiole-Messer im Aubrac-Pastourel-Pistazienbaum\"},{\"@type\":\"BreadcrumbList\",\"@id\":\"https:\\\/\\\/laguiole.com\\\/de\\\/produit\\\/laguiole-klappmesser-in-aubrac-le-pastourelle-in-pistazien-vollgriff-guilloche-platten-von-aubrac-von-hand-geschmiedet-und-gemeisselt-gebuerstete-edelstahllackierung\\\/#breadcrumb\",\"itemListElement\":[{\"@type\":\"ListItem\",\"position\":1,\"name\":\"Accueil\",\"item\":\"https:\\\/\\\/laguiole.com\\\/de\\\/\"},{\"@type\":\"ListItem\",\"position\":2,\"name\":\"Shop\",\"item\":\"https:\\\/\\\/laguiole.com\\\/de\\\/shop-2\\\/\"},{\"@type\":\"ListItem\",\"position\":3,\"name\":\"Laguiole-Klappmesser in Aubrac &#8220;Le Pastourelle&#8221; in Pistazien, Vollgriff-Guilloch\u00e9-Platten von Aubrac, von Hand geschmiedet und gemei\u00dfelt, geb\u00fcrstete Edelstahllackierung\"}]},{\"@type\":\"WebSite\",\"@id\":\"https:\\\/\\\/laguiole.com\\\/de\\\/#website\",\"url\":\"https:\\\/\\\/laguiole.com\\\/de\\\/\",\"name\":\"Laguiole.com\",\"description\":\"Laguiole - Couteau laguiole, Chateau Laguiole, Laguiole en Aubrac, Forge de Laguiole\",\"publisher\":{\"@id\":\"https:\\\/\\\/laguiole.com\\\/de\\\/#organization\"},\"potentialAction\":[{\"@type\":\"SearchAction\",\"target\":{\"@type\":\"EntryPoint\",\"urlTemplate\":\"https:\\\/\\\/laguiole.com\\\/de\\\/?s={search_term_string}\"},\"query-input\":{\"@type\":\"PropertyValueSpecification\",\"valueRequired\":true,\"valueName\":\"search_term_string\"}}],\"inLanguage\":\"de\"},{\"@type\":\"Organization\",\"@id\":\"https:\\\/\\\/laguiole.com\\\/de\\\/#organization\",\"name\":\"Laguiole.com\",\"url\":\"https:\\\/\\\/laguiole.com\\\/de\\\/\",\"logo\":{\"@type\":\"ImageObject\",\"inLanguage\":\"de\",\"@id\":\"https:\\\/\\\/laguiole.com\\\/de\\\/#\\\/schema\\\/logo\\\/image\\\/\",\"url\":\"https:\\\/\\\/laguiole.com\\\/wp-content\\\/uploads\\\/2021\\\/02\\\/logo_laguiole.com-horizontal.jpg\",\"contentUrl\":\"https:\\\/\\\/laguiole.com\\\/wp-content\\\/uploads\\\/2021\\\/02\\\/logo_laguiole.com-horizontal.jpg\",\"width\":490,\"height\":156,\"caption\":\"Laguiole.com\"},\"image\":{\"@id\":\"https:\\\/\\\/laguiole.com\\\/de\\\/#\\\/schema\\\/logo\\\/image\\\/\"},\"sameAs\":[\"https:\\\/\\\/www.facebook.com\\\/laguiolecom\\\/\",\"https:\\\/\\\/www.instagram.com\\\/laguiolecom\\\/\",\"https:\\\/\\\/www.youtube.com\\\/@laguiolecom\\\/videos\"]}]}<\/script>\n<!-- \/ Yoast SEO plugin. -->","yoast_head_json":{"title":"Faltmesser-laguiole-aubrac-pastourelle","description":"Laguiole-Klappmesser in Aubrac, Pistazienholz-Stiel, Guilloch\u00e9-Platten, geschmiedeter Aubrac-Fliege. Anpassbares handgefertigtes Design.","robots":{"index":"index","follow":"follow","max-snippet":"max-snippet:-1","max-image-preview":"max-image-preview:large","max-video-preview":"max-video-preview:-1"},"canonical":"https:\/\/laguiole.com\/de\/produit\/laguiole-klappmesser-in-aubrac-le-pastourelle-in-pistazien-vollgriff-guilloche-platten-von-aubrac-von-hand-geschmiedet-und-gemeisselt-gebuerstete-edelstahllackierung\/","og_locale":"de_DE","og_type":"article","og_title":"Faltmesser-laguiole-aubrac-pastourelle","og_description":"Laguiole-Klappmesser in Aubrac, Pistazienholz-Stiel, Guilloch\u00e9-Platten, geschmiedeter Aubrac-Fliege. Anpassbares handgefertigtes Design.","og_url":"https:\/\/laguiole.com\/de\/produit\/laguiole-klappmesser-in-aubrac-le-pastourelle-in-pistazien-vollgriff-guilloche-platten-von-aubrac-von-hand-geschmiedet-und-gemeisselt-gebuerstete-edelstahllackierung\/","og_site_name":"Laguiole.com \u00ae","article_publisher":"https:\/\/www.facebook.com\/laguiolecom\/","article_modified_time":"2025-12-14T15:59:12+00:00","og_image":[{"width":1033,"height":1033,"url":"https:\/\/laguiole.com\/wp-content\/uploads\/2024\/11\/Couteau_Laguiole_en_Aubrac_pastourelle_pistachier_00.jpg","type":"image\/jpeg"}],"twitter_card":"summary_large_image","twitter_misc":{"Gesch\u00e4tzte Lesezeit":"2\u00a0Minute"},"schema":{"@context":"https:\/\/schema.org","@graph":[{"@type":"WebPage","@id":"https:\/\/laguiole.com\/de\/produit\/laguiole-klappmesser-in-aubrac-le-pastourelle-in-pistazien-vollgriff-guilloche-platten-von-aubrac-von-hand-geschmiedet-und-gemeisselt-gebuerstete-edelstahllackierung\/","url":"https:\/\/laguiole.com\/de\/produit\/laguiole-klappmesser-in-aubrac-le-pastourelle-in-pistazien-vollgriff-guilloche-platten-von-aubrac-von-hand-geschmiedet-und-gemeisselt-gebuerstete-edelstahllackierung\/","name":"Faltmesser-laguiole-aubrac-pastourelle","isPartOf":{"@id":"https:\/\/laguiole.com\/de\/#website"},"primaryImageOfPage":{"@id":"https:\/\/laguiole.com\/de\/produit\/laguiole-klappmesser-in-aubrac-le-pastourelle-in-pistazien-vollgriff-guilloche-platten-von-aubrac-von-hand-geschmiedet-und-gemeisselt-gebuerstete-edelstahllackierung\/#primaryimage"},"image":{"@id":"https:\/\/laguiole.com\/de\/produit\/laguiole-klappmesser-in-aubrac-le-pastourelle-in-pistazien-vollgriff-guilloche-platten-von-aubrac-von-hand-geschmiedet-und-gemeisselt-gebuerstete-edelstahllackierung\/#primaryimage"},"thumbnailUrl":"https:\/\/laguiole.com\/wp-content\/uploads\/2024\/11\/Couteau_Laguiole_en_Aubrac_pastourelle_pistachier_00.jpg","datePublished":"2025-12-14T12:55:39+00:00","dateModified":"2025-12-14T15:59:12+00:00","description":"Laguiole-Klappmesser in Aubrac, Pistazienholz-Stiel, Guilloch\u00e9-Platten, geschmiedeter Aubrac-Fliege. Anpassbares handgefertigtes Design.","breadcrumb":{"@id":"https:\/\/laguiole.com\/de\/produit\/laguiole-klappmesser-in-aubrac-le-pastourelle-in-pistazien-vollgriff-guilloche-platten-von-aubrac-von-hand-geschmiedet-und-gemeisselt-gebuerstete-edelstahllackierung\/#breadcrumb"},"inLanguage":"de","potentialAction":[{"@type":"ReadAction","target":["https:\/\/laguiole.com\/de\/produit\/laguiole-klappmesser-in-aubrac-le-pastourelle-in-pistazien-vollgriff-guilloche-platten-von-aubrac-von-hand-geschmiedet-und-gemeisselt-gebuerstete-edelstahllackierung\/"]}]},{"@type":"ImageObject","inLanguage":"de","@id":"https:\/\/laguiole.com\/de\/produit\/laguiole-klappmesser-in-aubrac-le-pastourelle-in-pistazien-vollgriff-guilloche-platten-von-aubrac-von-hand-geschmiedet-und-gemeisselt-gebuerstete-edelstahllackierung\/#primaryimage","url":"https:\/\/laguiole.com\/wp-content\/uploads\/2024\/11\/Couteau_Laguiole_en_Aubrac_pastourelle_pistachier_00.jpg","contentUrl":"https:\/\/laguiole.com\/wp-content\/uploads\/2024\/11\/Couteau_Laguiole_en_Aubrac_pastourelle_pistachier_00.jpg","width":1033,"height":1033,"caption":"Laguiole-Messer im Aubrac-Pastourel-Pistazienbaum"},{"@type":"BreadcrumbList","@id":"https:\/\/laguiole.com\/de\/produit\/laguiole-klappmesser-in-aubrac-le-pastourelle-in-pistazien-vollgriff-guilloche-platten-von-aubrac-von-hand-geschmiedet-und-gemeisselt-gebuerstete-edelstahllackierung\/#breadcrumb","itemListElement":[{"@type":"ListItem","position":1,"name":"Accueil","item":"https:\/\/laguiole.com\/de\/"},{"@type":"ListItem","position":2,"name":"Shop","item":"https:\/\/laguiole.com\/de\/shop-2\/"},{"@type":"ListItem","position":3,"name":"Laguiole-Klappmesser in Aubrac &#8220;Le Pastourelle&#8221; in Pistazien, Vollgriff-Guilloch\u00e9-Platten von Aubrac, von Hand geschmiedet und gemei\u00dfelt, geb\u00fcrstete Edelstahllackierung"}]},{"@type":"WebSite","@id":"https:\/\/laguiole.com\/de\/#website","url":"https:\/\/laguiole.com\/de\/","name":"Laguiole.com","description":"Laguiole - Couteau laguiole, Chateau Laguiole, Laguiole en Aubrac, Forge de Laguiole","publisher":{"@id":"https:\/\/laguiole.com\/de\/#organization"},"potentialAction":[{"@type":"SearchAction","target":{"@type":"EntryPoint","urlTemplate":"https:\/\/laguiole.com\/de\/?s={search_term_string}"},"query-input":{"@type":"PropertyValueSpecification","valueRequired":true,"valueName":"search_term_string"}}],"inLanguage":"de"},{"@type":"Organization","@id":"https:\/\/laguiole.com\/de\/#organization","name":"Laguiole.com","url":"https:\/\/laguiole.com\/de\/","logo":{"@type":"ImageObject","inLanguage":"de","@id":"https:\/\/laguiole.com\/de\/#\/schema\/logo\/image\/","url":"https:\/\/laguiole.com\/wp-content\/uploads\/2021\/02\/logo_laguiole.com-horizontal.jpg","contentUrl":"https:\/\/laguiole.com\/wp-content\/uploads\/2021\/02\/logo_laguiole.com-horizontal.jpg","width":490,"height":156,"caption":"Laguiole.com"},"image":{"@id":"https:\/\/laguiole.com\/de\/#\/schema\/logo\/image\/"},"sameAs":["https:\/\/www.facebook.com\/laguiolecom\/","https:\/\/www.instagram.com\/laguiolecom\/","https:\/\/www.youtube.com\/@laguiolecom\/videos"]}]}},"_links":{"self":[{"href":"https:\/\/laguiole.com\/de\/wp-json\/wp\/v2\/product\/48453","targetHints":{"allow":["GET"]}}],"collection":[{"href":"https:\/\/laguiole.com\/de\/wp-json\/wp\/v2\/product"}],"about":[{"href":"https:\/\/laguiole.com\/de\/wp-json\/wp\/v2\/types\/product"}],"version-history":[{"count":2,"href":"https:\/\/laguiole.com\/de\/wp-json\/wp\/v2\/product\/48453\/revisions"}],"predecessor-version":[{"id":48587,"href":"https:\/\/laguiole.com\/de\/wp-json\/wp\/v2\/product\/48453\/revisions\/48587"}],"wp:featuredmedia":[{"embeddable":true,"href":"https:\/\/laguiole.com\/de\/wp-json\/wp\/v2\/media\/48460"}],"wp:attachment":[{"href":"https:\/\/laguiole.com\/de\/wp-json\/wp\/v2\/media?parent=48453"}],"wp:term":[{"taxonomy":"product_brand","embeddable":true,"href":"https:\/\/laguiole.com\/de\/wp-json\/wp\/v2\/product_brand?post=48453"},{"taxonomy":"product_cat","embeddable":true,"href":"https:\/\/laguiole.com\/de\/wp-json\/wp\/v2\/product_cat?post=48453"},{"taxonomy":"product_tag","embeddable":true,"href":"https:\/\/laguiole.com\/de\/wp-json\/wp\/v2\/product_tag?post=48453"}],"curies":[{"name":"wp","href":"https:\/\/api.w.org\/{rel}","templated":true}]}}