{"id":48121,"date":"2025-12-10T18:01:48","date_gmt":"2025-12-10T17:01:48","guid":{"rendered":"https:\/\/laguiole.com\/?post_type=product&#038;p=48121"},"modified":"2025-12-14T17:03:00","modified_gmt":"2025-12-14T16:03:00","slug":"laguiole-tischmesser-in-aubrac-gastronome-paperstone-mit-schwarzer-textur-set-von-6","status":"publish","type":"product","link":"https:\/\/laguiole.com\/de\/produit\/laguiole-tischmesser-in-aubrac-gastronome-paperstone-mit-schwarzer-textur-set-von-6\/","title":{"rendered":"Laguiole-Tischmesser in Aubrac Gastronome Paperstone mit schwarzer Textur (Set von 6)"},"content":{"rendered":"<hr data-start=\"154\" data-end=\"157\" \/>\n<h2 data-start=\"159\" data-end=\"251\"><strong data-start=\"162\" data-end=\"251\">Set mit 6 Tischmessern \u2013 strukturierter PaperStone-Griff\u00ae \u2013 Neuer Laguiole in Aubrac<\/strong><\/h2>\n<p data-start=\"253\" data-end=\"511\">Entdecken Sie <strong data-start=\"289\" data-end=\"307\">Laguioles neueste Innovation in Aubrac<\/strong> : ein <strong data-start=\"313\" data-end=\"345\">Set von sechs Tischmessern<\/strong> mit einem einzigartigen Design, ausgestattet mit <strong data-start=\"386\" data-end=\"409\">Griffen aus strukturiertem PaperStone\u00ae<\/strong>, einem neuen \u00f6kologischen Material, das Modernit\u00e4t, Haltbarkeit und Gebrauchskomfort vereint.<\/p>\n<h3 data-start=\"513\" data-end=\"551\"><strong data-start=\"517\" data-end=\"551\">Was ist PaperStone\u00ae?<\/strong><\/h3>\n<p data-start=\"552\" data-end=\"699\"><strong data-start=\"555\" data-end=\"570\">PaperStone\u00ae<\/strong> ist ein <strong data-start=\"578\" data-end=\"614\">\u00d6koprodukt f\u00fcr nachhaltige Entwicklung<\/strong>, das entwickelt wurde, um eine leistungsstarke und umweltfreundliche Alternative zu bieten.<\/p>\n<ul data-start=\"700\" data-end=\"1029\">\n<li data-start=\"700\" data-end=\"725\">\n<p data-start=\"702\" data-end=\"725\"><strong data-start=\"702\" data-end=\"723\">100% Essen<\/strong><\/p>\n<\/li>\n<li data-start=\"726\" data-end=\"777\">\n<p data-start=\"728\" data-end=\"777\">Hergestellt aus <strong data-start=\"749\" data-end=\"775\">100 % recyceltem Papier<\/strong><\/p>\n<\/li>\n<li data-start=\"778\" data-end=\"821\">\n<p data-start=\"780\" data-end=\"821\">Harz <strong data-start=\"787\" data-end=\"819\">ohne Erd\u00f6lprodukte<\/strong><\/p>\n<\/li>\n<li data-start=\"822\" data-end=\"857\">\n<p data-start=\"824\" data-end=\"857\"><strong data-start=\"824\" data-end=\"855\">Moderne und elegante Textur<\/strong><\/p>\n<\/li>\n<li data-start=\"858\" data-end=\"937\">\n<p data-start=\"860\" data-end=\"937\"><strong data-start=\"860\" data-end=\"883\">Angenehm zu ber\u00fchren<\/strong>, bietet einen nat\u00fcrlichen und bequemen Griff<\/p>\n<\/li>\n<li data-start=\"938\" data-end=\"994\">\n<p data-start=\"940\" data-end=\"994\"><strong data-start=\"940\" data-end=\"961\">Wasserbest\u00e4ndig<\/strong> und f\u00fcr den t\u00e4glichen Gebrauch geeignet<\/p>\n<\/li>\n<li data-start=\"995\" data-end=\"1029\">\n<p data-start=\"997\" data-end=\"1029\"><strong data-start=\"997\" data-end=\"1026\">Sp\u00fclmaschinenfest*<\/strong><\/p>\n<\/li>\n<\/ul>\n<p data-start=\"1031\" data-end=\"1183\">Die <strong data-start=\"1042\" data-end=\"1054\">strukturierte<\/strong> Oberfl\u00e4che des PaperStone\u00ae verleiht ihm ein <strong data-start=\"1085\" data-end=\"1108\">zeitgem\u00e4\u00dfes Aussehen<\/strong>, das perfekt zu aktuellen Trends im Geschirr passt.<\/p>\n<h3 data-start=\"1185\" data-end=\"1237\"><strong data-start=\"1189\" data-end=\"1237\">Merkmale des Tischmessersets<\/strong><\/h3>\n<ul data-start=\"1238\" data-end=\"1785\">\n<li data-start=\"1238\" data-end=\"1276\">\n<p data-start=\"1240\" data-end=\"1276\"><strong data-start=\"1240\" data-end=\"1254\">Menge:<\/strong> 6 Tischmesser<\/p>\n<\/li>\n<li data-start=\"1277\" data-end=\"1308\">\n<p data-start=\"1279\" data-end=\"1308\"><strong data-start=\"1279\" data-end=\"1291\">Marke:<\/strong> Yolande Aubrac<\/p>\n<\/li>\n<li data-start=\"1309\" data-end=\"1387\">\n<p data-start=\"1311\" data-end=\"1387\"><strong data-start=\"1311\" data-end=\"1323\">Handle:<\/strong> Textured PaperStone\u00ae, modern, umweltfreundlich und 100 % lebensmittelsicher<\/p>\n<\/li>\n<li data-start=\"1388\" data-end=\"1462\">\n<p data-start=\"1390\" data-end=\"1462\"><strong data-start=\"1390\" data-end=\"1400\">Klinge:<\/strong> Robuster Edelstahl f\u00fcr pr\u00e4zises Schneiden<\/p>\n<\/li>\n<li data-start=\"1463\" data-end=\"1508\">\n<p data-start=\"1465\" data-end=\"1508\"><strong data-start=\"1465\" data-end=\"1477\">Design:<\/strong> raffiniert, modern und exklusiv<\/p>\n<\/li>\n<li data-start=\"1509\" data-end=\"1595\">\n<p data-start=\"1511\" data-end=\"1595\"><strong data-start=\"1511\" data-end=\"1540\">Tagesgebrauch:<\/strong> hohe Wasserbest\u00e4ndigkeit und langfristige Robustheit<\/p>\n<\/li>\n<li data-start=\"1596\" data-end=\"1701\">\n<p data-start=\"1598\" data-end=\"1701\"><strong data-start=\"1598\" data-end=\"1613\">Pflege:<\/strong> sp\u00fclmaschinensicher*, aber es wird empfohlen, sie nach dem Waschen gr\u00fcndlich zu trocknen<\/p>\n<\/li>\n<li data-start=\"1702\" data-end=\"1785\">\n<p data-start=\"1704\" data-end=\"1785\"><strong data-start=\"1704\" data-end=\"1717\">Komfort:<\/strong> Weicher, angenehmer Griff f\u00fcr optimalen Griff<\/p>\n<\/li>\n<\/ul>\n<h3 data-start=\"1787\" data-end=\"1849\"><strong data-start=\"1791\" data-end=\"1849\">Warum diese strukturierten PaperStone-Messer\u00ae w\u00e4hlen?<\/strong><\/h3>\n<ul data-start=\"1850\" data-end=\"2199\">\n<li data-start=\"1850\" data-end=\"1934\">\n<p data-start=\"1852\" data-end=\"1934\"><strong data-start=\"1852\" data-end=\"1877\">\u00d6kologisches Engagement<\/strong> : recyceltes, nachhaltiges Material ohne Erd\u00f6lderivate<\/p>\n<\/li>\n<li data-start=\"1935\" data-end=\"2001\">\n<p data-start=\"1937\" data-end=\"2001\"><strong data-start=\"1937\" data-end=\"1959\">Moderne \u00c4sthetik:<\/strong> einzigartige Textur und zeitgen\u00f6ssisches Design<\/p>\n<\/li>\n<li data-start=\"2002\" data-end=\"2070\">\n<p data-start=\"2004\" data-end=\"2070\"><strong data-start=\"2004\" data-end=\"2015\">Komfort<\/strong> : weiches Gef\u00fchl und ausgezeichnete Ergonomie<\/p>\n<\/li>\n<li data-start=\"2071\" data-end=\"2134\">\n<p data-start=\"2073\" data-end=\"2134\"><strong data-start=\"2073\" data-end=\"2088\">Leistung<\/strong> : praktische, widerstandsf\u00e4hige und zuverl\u00e4ssige Messer<\/p>\n<\/li>\n<li data-start=\"2135\" data-end=\"2199\">\n<p data-start=\"2137\" data-end=\"2199\"><strong data-start=\"2137\" data-end=\"2161\">Lebensmittelsicherheit<\/strong> : 100 % lebensmittelzertifiziertes Material<\/p>\n<\/li>\n<\/ul>\n<hr data-start=\"2201\" data-end=\"2204\" \/>\n<p data-start=\"2206\" data-end=\"2341\">*Obwohl sp\u00fclmaschinenfest, ist es ratsam, sie gr\u00fcndlich zu trocknen, um die Qualit\u00e4t des strukturierten PaperStone\u00ae zu erhalten.<\/p>\n","protected":false},"excerpt":{"rendered":"<p>Set aus 6 Laguiole Gastronome<br \/>\nTischmessern Griffe: Papierstein<br \/>\nGeb\u00fcrstete Edelstahlklinge Anpassbar durch Lasergravur<br \/>\nIdeal f\u00fcr den t\u00e4glichen<br \/>\nGebrauch Klingengr\u00f6\u00dfe: 13 cm<br \/>\nGesamtgr\u00f6\u00dfe: 23 cm<br \/>\nGriffgr\u00f6\u00dfe: 10 cm<\/p>\n<p>Geliefert in einer Laguiole-Box in Aubrac<\/p>\n","protected":false},"featured_media":48317,"template":"","meta":{"_acf_changed":false,"_monsterinsights_skip_tracking":false,"_monsterinsights_sitenote_active":false,"_monsterinsights_sitenote_note":"","_monsterinsights_sitenote_category":0},"product_brand":[],"product_cat":[5955,5956],"product_tag":[],"class_list":{"0":"post-48121","1":"product","2":"type-product","3":"status-publish","4":"has-post-thumbnail","6":"product_cat-laguiole-tafelbesteck","7":"product_cat-messer-tafelgeschirr","8":"pa_conditionnement-6-teiliges-set","9":"pa_lame-gebuersteter-edelstahl","10":"pa_manche-en-matiere-moderne-papierstein","11":"pa_marque-laguiole-en-aubracfr","12":"pa_mitres-ohne-gehrung-vollstaendige-huelse","13":"tm-has-options","16":"instock","17":"taxable","18":"shipping-taxable","19":"purchasable","20":"product-type-simple"},"supplier_id":null,"supplier_sku":"","barcode":null,"atum_controlled":true,"out_stock_date":null,"out_stock_threshold":null,"inheritable":false,"inbound_stock":0,"stock_on_hold":0,"sold_today":0,"sales_last_days":0,"reserved_stock":0,"customer_returns":0,"warehouse_damage":0,"lost_in_post":0,"other_logs":0,"out_stock_days":0,"lost_sales":0,"has_location":false,"update_date":"2026-05-02T00:48:01","atum_locations":[],"atum_stock_status":"instock","restock_status":false,"low_stock_amount":"","sales_update_date":"2026-05-02T00:48:01","calc_backorders":0,"acf":[],"yoast_head":"<!-- This site is optimized with the Yoast SEO plugin v27.3 - https:\/\/yoast.com\/product\/yoast-seo-wordpress\/ -->\n<title>Set von 6 Laguiole-Texture-PaperStone-Tischmessern in Aubrac<\/title>\n<meta name=\"description\" content=\"Set aus 6 Le Gastronome-Tischmessern aus strukturiertem PaperStone: modernes Design, umweltfreundliches Material, angenehme Ber\u00fchrung und perfekt f\u00fcr den t\u00e4glichen Gebrauch.\" \/>\n<meta name=\"robots\" content=\"index, follow, max-snippet:-1, max-image-preview:large, max-video-preview:-1\" \/>\n<link rel=\"canonical\" href=\"https:\/\/laguiole.com\/de\/produit\/laguiole-tischmesser-in-aubrac-gastronome-paperstone-mit-schwarzer-textur-set-von-6\/\" \/>\n<meta property=\"og:locale\" content=\"de_DE\" \/>\n<meta property=\"og:type\" content=\"article\" \/>\n<meta property=\"og:title\" content=\"Set von 6 Laguiole-Texture-PaperStone-Tischmessern in Aubrac\" \/>\n<meta property=\"og:description\" content=\"Set aus 6 Le Gastronome-Tischmessern aus strukturiertem PaperStone: modernes Design, umweltfreundliches Material, angenehme Ber\u00fchrung und perfekt f\u00fcr den t\u00e4glichen Gebrauch.\" \/>\n<meta property=\"og:url\" content=\"https:\/\/laguiole.com\/de\/produit\/laguiole-tischmesser-in-aubrac-gastronome-paperstone-mit-schwarzer-textur-set-von-6\/\" \/>\n<meta property=\"og:site_name\" content=\"Laguiole.com \u00ae\" \/>\n<meta property=\"article:publisher\" content=\"https:\/\/www.facebook.com\/laguiolecom\/\" \/>\n<meta property=\"article:modified_time\" content=\"2025-12-14T16:03:00+00:00\" \/>\n<meta property=\"og:image\" content=\"https:\/\/laguiole.com\/wp-content\/uploads\/2025\/12\/Couteaux_de_table_Laguiole_en_Aubrac_Gastronome_Paperstone_Texture_noir_Set_de_6_00.jpg\" \/>\n\t<meta property=\"og:image:width\" content=\"1033\" \/>\n\t<meta property=\"og:image:height\" content=\"1033\" \/>\n\t<meta property=\"og:image:type\" content=\"image\/jpeg\" \/>\n<meta name=\"twitter:card\" content=\"summary_large_image\" \/>\n<meta name=\"twitter:label1\" content=\"Gesch\u00e4tzte Lesezeit\" \/>\n\t<meta name=\"twitter:data1\" content=\"2\u00a0Minute\" \/>\n<script type=\"application\/ld+json\" class=\"yoast-schema-graph\">{\"@context\":\"https:\\\/\\\/schema.org\",\"@graph\":[{\"@type\":\"WebPage\",\"@id\":\"https:\\\/\\\/laguiole.com\\\/de\\\/produit\\\/laguiole-tischmesser-in-aubrac-gastronome-paperstone-mit-schwarzer-textur-set-von-6\\\/\",\"url\":\"https:\\\/\\\/laguiole.com\\\/de\\\/produit\\\/laguiole-tischmesser-in-aubrac-gastronome-paperstone-mit-schwarzer-textur-set-von-6\\\/\",\"name\":\"Set von 6 Laguiole-Texture-PaperStone-Tischmessern in Aubrac\",\"isPartOf\":{\"@id\":\"https:\\\/\\\/laguiole.com\\\/de\\\/#website\"},\"primaryImageOfPage\":{\"@id\":\"https:\\\/\\\/laguiole.com\\\/de\\\/produit\\\/laguiole-tischmesser-in-aubrac-gastronome-paperstone-mit-schwarzer-textur-set-von-6\\\/#primaryimage\"},\"image\":{\"@id\":\"https:\\\/\\\/laguiole.com\\\/de\\\/produit\\\/laguiole-tischmesser-in-aubrac-gastronome-paperstone-mit-schwarzer-textur-set-von-6\\\/#primaryimage\"},\"thumbnailUrl\":\"https:\\\/\\\/laguiole.com\\\/wp-content\\\/uploads\\\/2025\\\/12\\\/Couteaux_de_table_Laguiole_en_Aubrac_Gastronome_Paperstone_Texture_noir_Set_de_6_00.jpg\",\"datePublished\":\"2025-12-10T17:01:48+00:00\",\"dateModified\":\"2025-12-14T16:03:00+00:00\",\"description\":\"Set aus 6 Le Gastronome-Tischmessern aus strukturiertem PaperStone: modernes Design, umweltfreundliches Material, angenehme Ber\u00fchrung und perfekt f\u00fcr den t\u00e4glichen Gebrauch.\",\"breadcrumb\":{\"@id\":\"https:\\\/\\\/laguiole.com\\\/de\\\/produit\\\/laguiole-tischmesser-in-aubrac-gastronome-paperstone-mit-schwarzer-textur-set-von-6\\\/#breadcrumb\"},\"inLanguage\":\"de\",\"potentialAction\":[{\"@type\":\"ReadAction\",\"target\":[\"https:\\\/\\\/laguiole.com\\\/de\\\/produit\\\/laguiole-tischmesser-in-aubrac-gastronome-paperstone-mit-schwarzer-textur-set-von-6\\\/\"]}]},{\"@type\":\"ImageObject\",\"inLanguage\":\"de\",\"@id\":\"https:\\\/\\\/laguiole.com\\\/de\\\/produit\\\/laguiole-tischmesser-in-aubrac-gastronome-paperstone-mit-schwarzer-textur-set-von-6\\\/#primaryimage\",\"url\":\"https:\\\/\\\/laguiole.com\\\/wp-content\\\/uploads\\\/2025\\\/12\\\/Couteaux_de_table_Laguiole_en_Aubrac_Gastronome_Paperstone_Texture_noir_Set_de_6_00.jpg\",\"contentUrl\":\"https:\\\/\\\/laguiole.com\\\/wp-content\\\/uploads\\\/2025\\\/12\\\/Couteaux_de_table_Laguiole_en_Aubrac_Gastronome_Paperstone_Texture_noir_Set_de_6_00.jpg\",\"width\":1033,\"height\":1033,\"caption\":\"Laguiole-Tischmesser in Aubrac Gastronome Paperstone mit schwarzer Textur (Set von 6)\"},{\"@type\":\"BreadcrumbList\",\"@id\":\"https:\\\/\\\/laguiole.com\\\/de\\\/produit\\\/laguiole-tischmesser-in-aubrac-gastronome-paperstone-mit-schwarzer-textur-set-von-6\\\/#breadcrumb\",\"itemListElement\":[{\"@type\":\"ListItem\",\"position\":1,\"name\":\"Accueil\",\"item\":\"https:\\\/\\\/laguiole.com\\\/de\\\/\"},{\"@type\":\"ListItem\",\"position\":2,\"name\":\"Shop\",\"item\":\"https:\\\/\\\/laguiole.com\\\/de\\\/shop-2\\\/\"},{\"@type\":\"ListItem\",\"position\":3,\"name\":\"Laguiole-Tischmesser in Aubrac Gastronome Paperstone mit schwarzer Textur (Set von 6)\"}]},{\"@type\":\"WebSite\",\"@id\":\"https:\\\/\\\/laguiole.com\\\/de\\\/#website\",\"url\":\"https:\\\/\\\/laguiole.com\\\/de\\\/\",\"name\":\"Laguiole.com\",\"description\":\"Laguiole - Couteau laguiole, Chateau Laguiole, Laguiole en Aubrac, Forge de Laguiole\",\"publisher\":{\"@id\":\"https:\\\/\\\/laguiole.com\\\/de\\\/#organization\"},\"potentialAction\":[{\"@type\":\"SearchAction\",\"target\":{\"@type\":\"EntryPoint\",\"urlTemplate\":\"https:\\\/\\\/laguiole.com\\\/de\\\/?s={search_term_string}\"},\"query-input\":{\"@type\":\"PropertyValueSpecification\",\"valueRequired\":true,\"valueName\":\"search_term_string\"}}],\"inLanguage\":\"de\"},{\"@type\":\"Organization\",\"@id\":\"https:\\\/\\\/laguiole.com\\\/de\\\/#organization\",\"name\":\"Laguiole.com\",\"url\":\"https:\\\/\\\/laguiole.com\\\/de\\\/\",\"logo\":{\"@type\":\"ImageObject\",\"inLanguage\":\"de\",\"@id\":\"https:\\\/\\\/laguiole.com\\\/de\\\/#\\\/schema\\\/logo\\\/image\\\/\",\"url\":\"https:\\\/\\\/laguiole.com\\\/wp-content\\\/uploads\\\/2021\\\/02\\\/logo_laguiole.com-horizontal.jpg\",\"contentUrl\":\"https:\\\/\\\/laguiole.com\\\/wp-content\\\/uploads\\\/2021\\\/02\\\/logo_laguiole.com-horizontal.jpg\",\"width\":490,\"height\":156,\"caption\":\"Laguiole.com\"},\"image\":{\"@id\":\"https:\\\/\\\/laguiole.com\\\/de\\\/#\\\/schema\\\/logo\\\/image\\\/\"},\"sameAs\":[\"https:\\\/\\\/www.facebook.com\\\/laguiolecom\\\/\",\"https:\\\/\\\/www.instagram.com\\\/laguiolecom\\\/\",\"https:\\\/\\\/www.youtube.com\\\/@laguiolecom\\\/videos\"]}]}<\/script>\n<!-- \/ Yoast SEO plugin. -->","yoast_head_json":{"title":"Set von 6 Laguiole-Texture-PaperStone-Tischmessern in Aubrac","description":"Set aus 6 Le Gastronome-Tischmessern aus strukturiertem PaperStone: modernes Design, umweltfreundliches Material, angenehme Ber\u00fchrung und perfekt f\u00fcr den t\u00e4glichen Gebrauch.","robots":{"index":"index","follow":"follow","max-snippet":"max-snippet:-1","max-image-preview":"max-image-preview:large","max-video-preview":"max-video-preview:-1"},"canonical":"https:\/\/laguiole.com\/de\/produit\/laguiole-tischmesser-in-aubrac-gastronome-paperstone-mit-schwarzer-textur-set-von-6\/","og_locale":"de_DE","og_type":"article","og_title":"Set von 6 Laguiole-Texture-PaperStone-Tischmessern in Aubrac","og_description":"Set aus 6 Le Gastronome-Tischmessern aus strukturiertem PaperStone: modernes Design, umweltfreundliches Material, angenehme Ber\u00fchrung und perfekt f\u00fcr den t\u00e4glichen Gebrauch.","og_url":"https:\/\/laguiole.com\/de\/produit\/laguiole-tischmesser-in-aubrac-gastronome-paperstone-mit-schwarzer-textur-set-von-6\/","og_site_name":"Laguiole.com \u00ae","article_publisher":"https:\/\/www.facebook.com\/laguiolecom\/","article_modified_time":"2025-12-14T16:03:00+00:00","og_image":[{"width":1033,"height":1033,"url":"https:\/\/laguiole.com\/wp-content\/uploads\/2025\/12\/Couteaux_de_table_Laguiole_en_Aubrac_Gastronome_Paperstone_Texture_noir_Set_de_6_00.jpg","type":"image\/jpeg"}],"twitter_card":"summary_large_image","twitter_misc":{"Gesch\u00e4tzte Lesezeit":"2\u00a0Minute"},"schema":{"@context":"https:\/\/schema.org","@graph":[{"@type":"WebPage","@id":"https:\/\/laguiole.com\/de\/produit\/laguiole-tischmesser-in-aubrac-gastronome-paperstone-mit-schwarzer-textur-set-von-6\/","url":"https:\/\/laguiole.com\/de\/produit\/laguiole-tischmesser-in-aubrac-gastronome-paperstone-mit-schwarzer-textur-set-von-6\/","name":"Set von 6 Laguiole-Texture-PaperStone-Tischmessern in Aubrac","isPartOf":{"@id":"https:\/\/laguiole.com\/de\/#website"},"primaryImageOfPage":{"@id":"https:\/\/laguiole.com\/de\/produit\/laguiole-tischmesser-in-aubrac-gastronome-paperstone-mit-schwarzer-textur-set-von-6\/#primaryimage"},"image":{"@id":"https:\/\/laguiole.com\/de\/produit\/laguiole-tischmesser-in-aubrac-gastronome-paperstone-mit-schwarzer-textur-set-von-6\/#primaryimage"},"thumbnailUrl":"https:\/\/laguiole.com\/wp-content\/uploads\/2025\/12\/Couteaux_de_table_Laguiole_en_Aubrac_Gastronome_Paperstone_Texture_noir_Set_de_6_00.jpg","datePublished":"2025-12-10T17:01:48+00:00","dateModified":"2025-12-14T16:03:00+00:00","description":"Set aus 6 Le Gastronome-Tischmessern aus strukturiertem PaperStone: modernes Design, umweltfreundliches Material, angenehme Ber\u00fchrung und perfekt f\u00fcr den t\u00e4glichen Gebrauch.","breadcrumb":{"@id":"https:\/\/laguiole.com\/de\/produit\/laguiole-tischmesser-in-aubrac-gastronome-paperstone-mit-schwarzer-textur-set-von-6\/#breadcrumb"},"inLanguage":"de","potentialAction":[{"@type":"ReadAction","target":["https:\/\/laguiole.com\/de\/produit\/laguiole-tischmesser-in-aubrac-gastronome-paperstone-mit-schwarzer-textur-set-von-6\/"]}]},{"@type":"ImageObject","inLanguage":"de","@id":"https:\/\/laguiole.com\/de\/produit\/laguiole-tischmesser-in-aubrac-gastronome-paperstone-mit-schwarzer-textur-set-von-6\/#primaryimage","url":"https:\/\/laguiole.com\/wp-content\/uploads\/2025\/12\/Couteaux_de_table_Laguiole_en_Aubrac_Gastronome_Paperstone_Texture_noir_Set_de_6_00.jpg","contentUrl":"https:\/\/laguiole.com\/wp-content\/uploads\/2025\/12\/Couteaux_de_table_Laguiole_en_Aubrac_Gastronome_Paperstone_Texture_noir_Set_de_6_00.jpg","width":1033,"height":1033,"caption":"Laguiole-Tischmesser in Aubrac Gastronome Paperstone mit schwarzer Textur (Set von 6)"},{"@type":"BreadcrumbList","@id":"https:\/\/laguiole.com\/de\/produit\/laguiole-tischmesser-in-aubrac-gastronome-paperstone-mit-schwarzer-textur-set-von-6\/#breadcrumb","itemListElement":[{"@type":"ListItem","position":1,"name":"Accueil","item":"https:\/\/laguiole.com\/de\/"},{"@type":"ListItem","position":2,"name":"Shop","item":"https:\/\/laguiole.com\/de\/shop-2\/"},{"@type":"ListItem","position":3,"name":"Laguiole-Tischmesser in Aubrac Gastronome Paperstone mit schwarzer Textur (Set von 6)"}]},{"@type":"WebSite","@id":"https:\/\/laguiole.com\/de\/#website","url":"https:\/\/laguiole.com\/de\/","name":"Laguiole.com","description":"Laguiole - Couteau laguiole, Chateau Laguiole, Laguiole en Aubrac, Forge de Laguiole","publisher":{"@id":"https:\/\/laguiole.com\/de\/#organization"},"potentialAction":[{"@type":"SearchAction","target":{"@type":"EntryPoint","urlTemplate":"https:\/\/laguiole.com\/de\/?s={search_term_string}"},"query-input":{"@type":"PropertyValueSpecification","valueRequired":true,"valueName":"search_term_string"}}],"inLanguage":"de"},{"@type":"Organization","@id":"https:\/\/laguiole.com\/de\/#organization","name":"Laguiole.com","url":"https:\/\/laguiole.com\/de\/","logo":{"@type":"ImageObject","inLanguage":"de","@id":"https:\/\/laguiole.com\/de\/#\/schema\/logo\/image\/","url":"https:\/\/laguiole.com\/wp-content\/uploads\/2021\/02\/logo_laguiole.com-horizontal.jpg","contentUrl":"https:\/\/laguiole.com\/wp-content\/uploads\/2021\/02\/logo_laguiole.com-horizontal.jpg","width":490,"height":156,"caption":"Laguiole.com"},"image":{"@id":"https:\/\/laguiole.com\/de\/#\/schema\/logo\/image\/"},"sameAs":["https:\/\/www.facebook.com\/laguiolecom\/","https:\/\/www.instagram.com\/laguiolecom\/","https:\/\/www.youtube.com\/@laguiolecom\/videos"]}]}},"_links":{"self":[{"href":"https:\/\/laguiole.com\/de\/wp-json\/wp\/v2\/product\/48121","targetHints":{"allow":["GET"]}}],"collection":[{"href":"https:\/\/laguiole.com\/de\/wp-json\/wp\/v2\/product"}],"about":[{"href":"https:\/\/laguiole.com\/de\/wp-json\/wp\/v2\/types\/product"}],"version-history":[{"count":2,"href":"https:\/\/laguiole.com\/de\/wp-json\/wp\/v2\/product\/48121\/revisions"}],"predecessor-version":[{"id":48590,"href":"https:\/\/laguiole.com\/de\/wp-json\/wp\/v2\/product\/48121\/revisions\/48590"}],"wp:featuredmedia":[{"embeddable":true,"href":"https:\/\/laguiole.com\/de\/wp-json\/wp\/v2\/media\/48317"}],"wp:attachment":[{"href":"https:\/\/laguiole.com\/de\/wp-json\/wp\/v2\/media?parent=48121"}],"wp:term":[{"taxonomy":"product_brand","embeddable":true,"href":"https:\/\/laguiole.com\/de\/wp-json\/wp\/v2\/product_brand?post=48121"},{"taxonomy":"product_cat","embeddable":true,"href":"https:\/\/laguiole.com\/de\/wp-json\/wp\/v2\/product_cat?post=48121"},{"taxonomy":"product_tag","embeddable":true,"href":"https:\/\/laguiole.com\/de\/wp-json\/wp\/v2\/product_tag?post=48121"}],"curies":[{"name":"wp","href":"https:\/\/api.w.org\/{rel}","templated":true}]}}