{"id":47868,"date":"2025-12-09T21:42:29","date_gmt":"2025-12-09T20:42:29","guid":{"rendered":"https:\/\/laguiole.com\/?post_type=product&#038;p=47868"},"modified":"2025-12-14T17:13:35","modified_gmt":"2025-12-14T16:13:35","slug":"laguiole-sommelier-in-aubrac-spring-und-guilloche-plates-mouche-prestige-nr-6-bois-daubrac","status":"publish","type":"product","link":"https:\/\/laguiole.com\/de\/produit\/laguiole-sommelier-in-aubrac-spring-und-guilloche-plates-mouche-prestige-nr-6-bois-daubrac\/","title":{"rendered":"Laguiole Sommelier in Aubrac Spring und Guilloch\u00e9 Plates Mouche Prestige Nr. 6 Bois d&#8217;Aubrac"},"content":{"rendered":"<p data-start=\"161\" data-end=\"408\">Entdecken Sie den <strong data-start=\"174\" data-end=\"205\">Laguiole-Sommelier in Aubrac<\/strong>, die perfekte Verk\u00f6rperung der Kunst des franz\u00f6sischen Bestecks und der Verfeinerung au\u00dfergew\u00f6hnlicher St\u00fccke. Jedes Detail dieses Sommeliers wurde so durchdacht, dass es Weinliebhaber und anspruchsvolle Sammler verf\u00fchrt.<\/p>\n<p data-start=\"410\" data-end=\"683\">Der <strong data-start=\"413\" data-end=\"440\">Griff aus Aubrac-Holz<\/strong> verleiht diesem St\u00fcck seinen einzigartigen und authentischen Charakter. Bekannt f\u00fcr seine Robustheit, warme Farbe und dezenten nat\u00fcrlichen Adern, bietet Aubrac-Holz einen angenehmen Griff und eine edle Note, die sich mit der Zeit verbessert.<\/p>\n<p data-start=\"685\" data-end=\"1054\">Die <strong data-start=\"688\" data-end=\"709\">Guilloch\u00e9-Feder<\/strong> sowie <strong data-start=\"724\" data-end=\"756\">der Deckel und der kleine Flaschen\u00f6ffner<\/strong> wurden sorgf\u00e4ltig von Hand bearbeitet, um ein raffiniertes und harmonisches Muster zu schaffen, ein Symbol f\u00fcr das Prestige und das Know-how des Laguiole-Hauses.<\/p>\n<p data-start=\"685\" data-end=\"1054\">Der <strong data-start=\"909\" data-end=\"928\">Prestige-Fliege,<\/strong> handgemei\u00dfelt mit Nummer 6, vervollst\u00e4ndigt diese Kreation, indem er einen Hauch von Raffinesse und unvergleichlicher Eleganz verleiht.<\/p>\n<p data-start=\"1056\" data-end=\"1395\">F\u00fcr Kenner entworfen, verbindet dieser Sommelier <strong data-start=\"1104\" data-end=\"1143\">Funktionalit\u00e4t, Sch\u00f6nheit und Tradition<\/strong>. Er ist perfekt f\u00fcr diejenigen, die ihre Weine stilvoll probieren oder ihre Sammlung mit au\u00dfergew\u00f6hnlichen handgefertigten St\u00fccken bereichern m\u00f6chten. Jeder Laguiole-Sommelier ist somit ein Kunstwerk, das Ergebnis eines von Generation zu Generation weitergegebenen Know-hows.<\/p>\n","protected":false},"excerpt":{"rendered":"<p>Laguiole und Aubrac Korkenzieher-Sommelier mit kleinem Flaschen\u00f6ffnermesser<br \/>\nGriff: Aubrac-Holzplatten<br \/>\n: Geb\u00fcrstete<br \/>\nEdelstahl-Guilloch\u00e9 Feder: Geb\u00fcrsteter<br \/>\nEdelstahl-Guilloch\u00e9 Bolster: 2 Geb\u00fcrstete<br \/>\nEdelstahl-Guilloch\u00e9 Messer Geb\u00fcrsteter Edelstahl<br \/>\nSpezieller Fl\u00fcgel: N\u00b06<\/p>\n","protected":false},"featured_media":48251,"template":"","meta":{"_acf_changed":false,"_monsterinsights_skip_tracking":false,"_monsterinsights_sitenote_active":false,"_monsterinsights_sitenote_note":"","_monsterinsights_sitenote_category":0},"product_brand":[],"product_cat":[5962],"product_tag":[],"class_list":{"0":"post-47868","1":"product","2":"type-product","3":"status-publish","4":"has-post-thumbnail","6":"product_cat-kellnermesser","7":"pa_finition-gebuerstet","8":"pa_manche-en-bois-aubrac-holz","9":"pa_marque-laguiole-en-aubracfr","10":"pa_mitres-2-gehrungen","11":"pa_mitres-gebuersteter-edelstahl","12":"pa_mouche-prestige","13":"pa_platines-einzelplatin","14":"pa_platines-guilloche-muster","15":"pa_ressort-guilloche","16":"tm-has-options","19":"instock","20":"taxable","21":"shipping-taxable","22":"purchasable","23":"product-type-simple"},"supplier_id":null,"supplier_sku":"","barcode":null,"atum_controlled":true,"out_stock_date":null,"out_stock_threshold":null,"inheritable":false,"inbound_stock":0,"stock_on_hold":0,"sold_today":0,"sales_last_days":0,"reserved_stock":0,"customer_returns":0,"warehouse_damage":0,"lost_in_post":0,"other_logs":0,"out_stock_days":0,"lost_sales":0,"has_location":false,"update_date":"2026-05-11T00:59:05","atum_locations":[],"atum_stock_status":"instock","restock_status":false,"low_stock_amount":"","sales_update_date":"2026-05-11T00:59:05","calc_backorders":0,"acf":[],"yoast_head":"<!-- This site is optimized with the Yoast SEO plugin v27.3 - https:\/\/yoast.com\/product\/yoast-seo-wordpress\/ -->\n<title>sommelier-laguiole-mouche-6-prestige<\/title>\n<meta name=\"description\" content=\"Laguiole-Sommelier mit Aubrac-Holzgriff, Guilloc\u00e9-Feder und Kappe, Prestige-Lauf Nr. 6. Prestigetr\u00e4chtiges St\u00fcck f\u00fcr Weinkenner.\" \/>\n<meta name=\"robots\" content=\"index, follow, max-snippet:-1, max-image-preview:large, max-video-preview:-1\" \/>\n<link rel=\"canonical\" href=\"https:\/\/laguiole.com\/de\/produit\/laguiole-sommelier-in-aubrac-spring-und-guilloche-plates-mouche-prestige-nr-6-bois-daubrac\/\" \/>\n<meta property=\"og:locale\" content=\"de_DE\" \/>\n<meta property=\"og:type\" content=\"article\" \/>\n<meta property=\"og:title\" content=\"sommelier-laguiole-mouche-6-prestige\" \/>\n<meta property=\"og:description\" content=\"Laguiole-Sommelier mit Aubrac-Holzgriff, Guilloc\u00e9-Feder und Kappe, Prestige-Lauf Nr. 6. Prestigetr\u00e4chtiges St\u00fcck f\u00fcr Weinkenner.\" \/>\n<meta property=\"og:url\" content=\"https:\/\/laguiole.com\/de\/produit\/laguiole-sommelier-in-aubrac-spring-und-guilloche-plates-mouche-prestige-nr-6-bois-daubrac\/\" \/>\n<meta property=\"og:site_name\" content=\"Laguiole.com \u00ae\" \/>\n<meta property=\"article:publisher\" content=\"https:\/\/www.facebook.com\/laguiolecom\/\" \/>\n<meta property=\"article:modified_time\" content=\"2025-12-14T16:13:35+00:00\" \/>\n<meta property=\"og:image\" content=\"https:\/\/laguiole.com\/wp-content\/uploads\/2025\/12\/Sommelier_Laguiole_en_Aubrac_Ressort_et_Platines_Guilloches_Mouche_Prestige_Num6_Bois_Aubrac_00.jpg\" \/>\n\t<meta property=\"og:image:width\" content=\"1033\" \/>\n\t<meta property=\"og:image:height\" content=\"1033\" \/>\n\t<meta property=\"og:image:type\" content=\"image\/jpeg\" \/>\n<meta name=\"twitter:card\" content=\"summary_large_image\" \/>\n<meta name=\"twitter:label1\" content=\"Gesch\u00e4tzte Lesezeit\" \/>\n\t<meta name=\"twitter:data1\" content=\"2\u00a0Minute\" \/>\n<script type=\"application\/ld+json\" class=\"yoast-schema-graph\">{\"@context\":\"https:\\\/\\\/schema.org\",\"@graph\":[{\"@type\":\"WebPage\",\"@id\":\"https:\\\/\\\/laguiole.com\\\/de\\\/produit\\\/laguiole-sommelier-in-aubrac-spring-und-guilloche-plates-mouche-prestige-nr-6-bois-daubrac\\\/\",\"url\":\"https:\\\/\\\/laguiole.com\\\/de\\\/produit\\\/laguiole-sommelier-in-aubrac-spring-und-guilloche-plates-mouche-prestige-nr-6-bois-daubrac\\\/\",\"name\":\"sommelier-laguiole-mouche-6-prestige\",\"isPartOf\":{\"@id\":\"https:\\\/\\\/laguiole.com\\\/de\\\/#website\"},\"primaryImageOfPage\":{\"@id\":\"https:\\\/\\\/laguiole.com\\\/de\\\/produit\\\/laguiole-sommelier-in-aubrac-spring-und-guilloche-plates-mouche-prestige-nr-6-bois-daubrac\\\/#primaryimage\"},\"image\":{\"@id\":\"https:\\\/\\\/laguiole.com\\\/de\\\/produit\\\/laguiole-sommelier-in-aubrac-spring-und-guilloche-plates-mouche-prestige-nr-6-bois-daubrac\\\/#primaryimage\"},\"thumbnailUrl\":\"https:\\\/\\\/laguiole.com\\\/wp-content\\\/uploads\\\/2025\\\/12\\\/Sommelier_Laguiole_en_Aubrac_Ressort_et_Platines_Guilloches_Mouche_Prestige_Num6_Bois_Aubrac_00.jpg\",\"datePublished\":\"2025-12-09T20:42:29+00:00\",\"dateModified\":\"2025-12-14T16:13:35+00:00\",\"description\":\"Laguiole-Sommelier mit Aubrac-Holzgriff, Guilloc\u00e9-Feder und Kappe, Prestige-Lauf Nr. 6. Prestigetr\u00e4chtiges St\u00fcck f\u00fcr Weinkenner.\",\"breadcrumb\":{\"@id\":\"https:\\\/\\\/laguiole.com\\\/de\\\/produit\\\/laguiole-sommelier-in-aubrac-spring-und-guilloche-plates-mouche-prestige-nr-6-bois-daubrac\\\/#breadcrumb\"},\"inLanguage\":\"de\",\"potentialAction\":[{\"@type\":\"ReadAction\",\"target\":[\"https:\\\/\\\/laguiole.com\\\/de\\\/produit\\\/laguiole-sommelier-in-aubrac-spring-und-guilloche-plates-mouche-prestige-nr-6-bois-daubrac\\\/\"]}]},{\"@type\":\"ImageObject\",\"inLanguage\":\"de\",\"@id\":\"https:\\\/\\\/laguiole.com\\\/de\\\/produit\\\/laguiole-sommelier-in-aubrac-spring-und-guilloche-plates-mouche-prestige-nr-6-bois-daubrac\\\/#primaryimage\",\"url\":\"https:\\\/\\\/laguiole.com\\\/wp-content\\\/uploads\\\/2025\\\/12\\\/Sommelier_Laguiole_en_Aubrac_Ressort_et_Platines_Guilloches_Mouche_Prestige_Num6_Bois_Aubrac_00.jpg\",\"contentUrl\":\"https:\\\/\\\/laguiole.com\\\/wp-content\\\/uploads\\\/2025\\\/12\\\/Sommelier_Laguiole_en_Aubrac_Ressort_et_Platines_Guilloches_Mouche_Prestige_Num6_Bois_Aubrac_00.jpg\",\"width\":1033,\"height\":1033,\"caption\":\"Laguiole Sommelier in Aubrac Spring und Guilloch\u00e9 Plates Mouche Prestige Nr. 6 Bois d'Aubrac\"},{\"@type\":\"BreadcrumbList\",\"@id\":\"https:\\\/\\\/laguiole.com\\\/de\\\/produit\\\/laguiole-sommelier-in-aubrac-spring-und-guilloche-plates-mouche-prestige-nr-6-bois-daubrac\\\/#breadcrumb\",\"itemListElement\":[{\"@type\":\"ListItem\",\"position\":1,\"name\":\"Accueil\",\"item\":\"https:\\\/\\\/laguiole.com\\\/de\\\/\"},{\"@type\":\"ListItem\",\"position\":2,\"name\":\"Shop\",\"item\":\"https:\\\/\\\/laguiole.com\\\/de\\\/shop-2\\\/\"},{\"@type\":\"ListItem\",\"position\":3,\"name\":\"Laguiole Sommelier in Aubrac Spring und Guilloch\u00e9 Plates Mouche Prestige Nr. 6 Bois d&#8217;Aubrac\"}]},{\"@type\":\"WebSite\",\"@id\":\"https:\\\/\\\/laguiole.com\\\/de\\\/#website\",\"url\":\"https:\\\/\\\/laguiole.com\\\/de\\\/\",\"name\":\"Laguiole.com\",\"description\":\"Laguiole - Couteau laguiole, Chateau Laguiole, Laguiole en Aubrac, Forge de Laguiole\",\"publisher\":{\"@id\":\"https:\\\/\\\/laguiole.com\\\/de\\\/#organization\"},\"potentialAction\":[{\"@type\":\"SearchAction\",\"target\":{\"@type\":\"EntryPoint\",\"urlTemplate\":\"https:\\\/\\\/laguiole.com\\\/de\\\/?s={search_term_string}\"},\"query-input\":{\"@type\":\"PropertyValueSpecification\",\"valueRequired\":true,\"valueName\":\"search_term_string\"}}],\"inLanguage\":\"de\"},{\"@type\":\"Organization\",\"@id\":\"https:\\\/\\\/laguiole.com\\\/de\\\/#organization\",\"name\":\"Laguiole.com\",\"url\":\"https:\\\/\\\/laguiole.com\\\/de\\\/\",\"logo\":{\"@type\":\"ImageObject\",\"inLanguage\":\"de\",\"@id\":\"https:\\\/\\\/laguiole.com\\\/de\\\/#\\\/schema\\\/logo\\\/image\\\/\",\"url\":\"https:\\\/\\\/laguiole.com\\\/wp-content\\\/uploads\\\/2021\\\/02\\\/logo_laguiole.com-horizontal.jpg\",\"contentUrl\":\"https:\\\/\\\/laguiole.com\\\/wp-content\\\/uploads\\\/2021\\\/02\\\/logo_laguiole.com-horizontal.jpg\",\"width\":490,\"height\":156,\"caption\":\"Laguiole.com\"},\"image\":{\"@id\":\"https:\\\/\\\/laguiole.com\\\/de\\\/#\\\/schema\\\/logo\\\/image\\\/\"},\"sameAs\":[\"https:\\\/\\\/www.facebook.com\\\/laguiolecom\\\/\",\"https:\\\/\\\/www.instagram.com\\\/laguiolecom\\\/\",\"https:\\\/\\\/www.youtube.com\\\/@laguiolecom\\\/videos\"]}]}<\/script>\n<!-- \/ Yoast SEO plugin. -->","yoast_head_json":{"title":"sommelier-laguiole-mouche-6-prestige","description":"Laguiole-Sommelier mit Aubrac-Holzgriff, Guilloc\u00e9-Feder und Kappe, Prestige-Lauf Nr. 6. Prestigetr\u00e4chtiges St\u00fcck f\u00fcr Weinkenner.","robots":{"index":"index","follow":"follow","max-snippet":"max-snippet:-1","max-image-preview":"max-image-preview:large","max-video-preview":"max-video-preview:-1"},"canonical":"https:\/\/laguiole.com\/de\/produit\/laguiole-sommelier-in-aubrac-spring-und-guilloche-plates-mouche-prestige-nr-6-bois-daubrac\/","og_locale":"de_DE","og_type":"article","og_title":"sommelier-laguiole-mouche-6-prestige","og_description":"Laguiole-Sommelier mit Aubrac-Holzgriff, Guilloc\u00e9-Feder und Kappe, Prestige-Lauf Nr. 6. Prestigetr\u00e4chtiges St\u00fcck f\u00fcr Weinkenner.","og_url":"https:\/\/laguiole.com\/de\/produit\/laguiole-sommelier-in-aubrac-spring-und-guilloche-plates-mouche-prestige-nr-6-bois-daubrac\/","og_site_name":"Laguiole.com \u00ae","article_publisher":"https:\/\/www.facebook.com\/laguiolecom\/","article_modified_time":"2025-12-14T16:13:35+00:00","og_image":[{"width":1033,"height":1033,"url":"https:\/\/laguiole.com\/wp-content\/uploads\/2025\/12\/Sommelier_Laguiole_en_Aubrac_Ressort_et_Platines_Guilloches_Mouche_Prestige_Num6_Bois_Aubrac_00.jpg","type":"image\/jpeg"}],"twitter_card":"summary_large_image","twitter_misc":{"Gesch\u00e4tzte Lesezeit":"2\u00a0Minute"},"schema":{"@context":"https:\/\/schema.org","@graph":[{"@type":"WebPage","@id":"https:\/\/laguiole.com\/de\/produit\/laguiole-sommelier-in-aubrac-spring-und-guilloche-plates-mouche-prestige-nr-6-bois-daubrac\/","url":"https:\/\/laguiole.com\/de\/produit\/laguiole-sommelier-in-aubrac-spring-und-guilloche-plates-mouche-prestige-nr-6-bois-daubrac\/","name":"sommelier-laguiole-mouche-6-prestige","isPartOf":{"@id":"https:\/\/laguiole.com\/de\/#website"},"primaryImageOfPage":{"@id":"https:\/\/laguiole.com\/de\/produit\/laguiole-sommelier-in-aubrac-spring-und-guilloche-plates-mouche-prestige-nr-6-bois-daubrac\/#primaryimage"},"image":{"@id":"https:\/\/laguiole.com\/de\/produit\/laguiole-sommelier-in-aubrac-spring-und-guilloche-plates-mouche-prestige-nr-6-bois-daubrac\/#primaryimage"},"thumbnailUrl":"https:\/\/laguiole.com\/wp-content\/uploads\/2025\/12\/Sommelier_Laguiole_en_Aubrac_Ressort_et_Platines_Guilloches_Mouche_Prestige_Num6_Bois_Aubrac_00.jpg","datePublished":"2025-12-09T20:42:29+00:00","dateModified":"2025-12-14T16:13:35+00:00","description":"Laguiole-Sommelier mit Aubrac-Holzgriff, Guilloc\u00e9-Feder und Kappe, Prestige-Lauf Nr. 6. Prestigetr\u00e4chtiges St\u00fcck f\u00fcr Weinkenner.","breadcrumb":{"@id":"https:\/\/laguiole.com\/de\/produit\/laguiole-sommelier-in-aubrac-spring-und-guilloche-plates-mouche-prestige-nr-6-bois-daubrac\/#breadcrumb"},"inLanguage":"de","potentialAction":[{"@type":"ReadAction","target":["https:\/\/laguiole.com\/de\/produit\/laguiole-sommelier-in-aubrac-spring-und-guilloche-plates-mouche-prestige-nr-6-bois-daubrac\/"]}]},{"@type":"ImageObject","inLanguage":"de","@id":"https:\/\/laguiole.com\/de\/produit\/laguiole-sommelier-in-aubrac-spring-und-guilloche-plates-mouche-prestige-nr-6-bois-daubrac\/#primaryimage","url":"https:\/\/laguiole.com\/wp-content\/uploads\/2025\/12\/Sommelier_Laguiole_en_Aubrac_Ressort_et_Platines_Guilloches_Mouche_Prestige_Num6_Bois_Aubrac_00.jpg","contentUrl":"https:\/\/laguiole.com\/wp-content\/uploads\/2025\/12\/Sommelier_Laguiole_en_Aubrac_Ressort_et_Platines_Guilloches_Mouche_Prestige_Num6_Bois_Aubrac_00.jpg","width":1033,"height":1033,"caption":"Laguiole Sommelier in Aubrac Spring und Guilloch\u00e9 Plates Mouche Prestige Nr. 6 Bois d'Aubrac"},{"@type":"BreadcrumbList","@id":"https:\/\/laguiole.com\/de\/produit\/laguiole-sommelier-in-aubrac-spring-und-guilloche-plates-mouche-prestige-nr-6-bois-daubrac\/#breadcrumb","itemListElement":[{"@type":"ListItem","position":1,"name":"Accueil","item":"https:\/\/laguiole.com\/de\/"},{"@type":"ListItem","position":2,"name":"Shop","item":"https:\/\/laguiole.com\/de\/shop-2\/"},{"@type":"ListItem","position":3,"name":"Laguiole Sommelier in Aubrac Spring und Guilloch\u00e9 Plates Mouche Prestige Nr. 6 Bois d&#8217;Aubrac"}]},{"@type":"WebSite","@id":"https:\/\/laguiole.com\/de\/#website","url":"https:\/\/laguiole.com\/de\/","name":"Laguiole.com","description":"Laguiole - Couteau laguiole, Chateau Laguiole, Laguiole en Aubrac, Forge de Laguiole","publisher":{"@id":"https:\/\/laguiole.com\/de\/#organization"},"potentialAction":[{"@type":"SearchAction","target":{"@type":"EntryPoint","urlTemplate":"https:\/\/laguiole.com\/de\/?s={search_term_string}"},"query-input":{"@type":"PropertyValueSpecification","valueRequired":true,"valueName":"search_term_string"}}],"inLanguage":"de"},{"@type":"Organization","@id":"https:\/\/laguiole.com\/de\/#organization","name":"Laguiole.com","url":"https:\/\/laguiole.com\/de\/","logo":{"@type":"ImageObject","inLanguage":"de","@id":"https:\/\/laguiole.com\/de\/#\/schema\/logo\/image\/","url":"https:\/\/laguiole.com\/wp-content\/uploads\/2021\/02\/logo_laguiole.com-horizontal.jpg","contentUrl":"https:\/\/laguiole.com\/wp-content\/uploads\/2021\/02\/logo_laguiole.com-horizontal.jpg","width":490,"height":156,"caption":"Laguiole.com"},"image":{"@id":"https:\/\/laguiole.com\/de\/#\/schema\/logo\/image\/"},"sameAs":["https:\/\/www.facebook.com\/laguiolecom\/","https:\/\/www.instagram.com\/laguiolecom\/","https:\/\/www.youtube.com\/@laguiolecom\/videos"]}]}},"_links":{"self":[{"href":"https:\/\/laguiole.com\/de\/wp-json\/wp\/v2\/product\/47868","targetHints":{"allow":["GET"]}}],"collection":[{"href":"https:\/\/laguiole.com\/de\/wp-json\/wp\/v2\/product"}],"about":[{"href":"https:\/\/laguiole.com\/de\/wp-json\/wp\/v2\/types\/product"}],"version-history":[{"count":2,"href":"https:\/\/laguiole.com\/de\/wp-json\/wp\/v2\/product\/47868\/revisions"}],"predecessor-version":[{"id":48595,"href":"https:\/\/laguiole.com\/de\/wp-json\/wp\/v2\/product\/47868\/revisions\/48595"}],"wp:featuredmedia":[{"embeddable":true,"href":"https:\/\/laguiole.com\/de\/wp-json\/wp\/v2\/media\/48251"}],"wp:attachment":[{"href":"https:\/\/laguiole.com\/de\/wp-json\/wp\/v2\/media?parent=47868"}],"wp:term":[{"taxonomy":"product_brand","embeddable":true,"href":"https:\/\/laguiole.com\/de\/wp-json\/wp\/v2\/product_brand?post=47868"},{"taxonomy":"product_cat","embeddable":true,"href":"https:\/\/laguiole.com\/de\/wp-json\/wp\/v2\/product_cat?post=47868"},{"taxonomy":"product_tag","embeddable":true,"href":"https:\/\/laguiole.com\/de\/wp-json\/wp\/v2\/product_tag?post=47868"}],"curies":[{"name":"wp","href":"https:\/\/api.w.org\/{rel}","templated":true}]}}