{"id":47741,"date":"2025-12-09T18:16:00","date_gmt":"2025-12-09T17:16:00","guid":{"rendered":"https:\/\/laguiole.com\/?post_type=product&#038;p=47741"},"modified":"2025-12-14T17:32:16","modified_gmt":"2025-12-14T16:32:16","slug":"laguiole-aubrac-messer-1-stueck-12-cm-widderkruste-hand-guilloche-platten-und-feder-2-geschmiedete-fliege-verstaerkt-damaskusklinge-glaenzende-oberflaeche","status":"publish","type":"product","link":"https:\/\/laguiole.com\/de\/produit\/laguiole-aubrac-messer-1-stueck-12-cm-widderkruste-hand-guilloche-platten-und-feder-2-geschmiedete-fliege-verstaerkt-damaskusklinge-glaenzende-oberflaeche\/","title":{"rendered":"Laguiole Aubrac Messer 1 St\u00fcck 12 cm Widderkruste Hand-Guilloch\u00e9 Platten und Feder 2 Geschmiedete Fliege verst\u00e4rkt Damaskusklinge Gl\u00e4nzende Oberfl\u00e4che"},"content":{"rendered":"<p data-start=\"171\" data-end=\"743\">Dieses au\u00dfergew\u00f6hnliche Messer verbindet handwerkliche Authentizit\u00e4t mit absoluter Raffinesse und ist ein wahres Kunstwerk. Der Widderkrustenstiel zeichnet sich durch seine nat\u00fcrliche und einzigartige Textur aus, die vom Tierteil stammt. Dieses edle Material enth\u00fcllt warme Farbt\u00f6ne von Beige bis hellbraun, unterbrochen von unregelm\u00e4\u00dfigen und organischen Mustern, die jedes St\u00fcck einzigartig machen. Seine leicht raue Oberfl\u00e4che verleiht dem Messer <strong data-start=\"640\" data-end=\"679\">eine perfekte Resonanz und Ergonomie<\/strong>, w\u00e4hrend sie die rohe Eleganz eines authentischen Materials bewahrt.<\/p>\n<p data-start=\"745\" data-end=\"1133\">Die <strong data-start=\"749\" data-end=\"778\">gl\u00e4nzenden Edelstahlplatten<\/strong>, fein<strong data-start=\"789\" data-end=\"814\">handgefertigt<\/strong>, spiegeln ein sorgf\u00e4ltiges und raffiniertes Know-how wider. Die <strong data-start=\"867\" data-end=\"890\">perfekt integrierte, spiegelpolierte Feder<\/strong> begleitet die <strong data-start=\"928\" data-end=\"973\">Fliege, die aus gl\u00e4nzendem Edelstahl geschmiedet und gemei\u00dfelt<\/strong> ist \u2013 ein Symbol f\u00fcr Pr\u00e4zision und Tradition. Die <strong data-start=\"1016\" data-end=\"1041\">Damastklinge <\/strong>, bekannt f\u00fcr ihre Solidit\u00e4t und Finesse der Schneide, vervollst\u00e4ndigt diese au\u00dfergew\u00f6hnliche Kreation.<\/p>\n<p data-start=\"1342\" data-end=\"1536\">Dieses Messer ist mehr als nur ein Werkzeug: Es ist ein Sammlerst\u00fcck, ein Schmuckst\u00fcck der Handwerkskunst, das <strong data-start=\"1441\" data-end=\"1481\">Tradition, \u00c4sthetik und Performance<\/strong> verbindet und f\u00fcr Liebhaber seltener und wertvoller Objekte entworfen wurde.<\/p>\n","protected":false},"excerpt":{"rendered":"<p>Laguiole-Klappmesser aus Aubrac<br \/>\nDamascus Balbach-Klinge<br \/>\nRam&#8217;s<br \/>\nCrust-Griff 2 Bolster gl\u00e4nzende Edelstahl-Einzel-Guilloch\u00e9-Platten<br \/>\nHand aus gl\u00e4nzendem<br \/>\nEdelstahl-Fliege, von Hand geschmiedet und gemei\u00dfelt aus gl\u00e4nzendem Edelstahl<br \/>\nSchmiede- und Guilloch\u00e9-Feder aus gl\u00e4nzendem Edelstahl<br \/>\nL\u00e4nge des Messers geschlossen: 12 cm<br \/>\nL\u00e4nge der Klinge: 10 cm<br \/>\nL\u00e4nge des Messers offen: 22 cm<\/p>\n","protected":false},"featured_media":48208,"template":"","meta":{"_acf_changed":false,"_monsterinsights_skip_tracking":false,"_monsterinsights_sitenote_active":false,"_monsterinsights_sitenote_note":"","_monsterinsights_sitenote_category":0},"product_brand":[],"product_cat":[5938,5939,5944],"product_tag":[],"class_list":{"0":"post-47741","1":"product","2":"type-product","3":"status-publish","4":"has-post-thumbnail","6":"product_cat-klappmesser","7":"product_cat-laguiole-klappmesser","8":"product_cat-laguiole-spezialmesser","9":"pa_composition-couteau-1-stueck-nur-klinge","10":"pa_lame-damaskus","11":"pa_manche-en-matiere-animale-widderkruste","12":"pa_marque-laguiole-en-aubracfr","13":"pa_mitres-2-gehrungen","14":"pa_mitres-gebuersteter-edelstahl","15":"pa_mouche-geschmiedet","16":"pa_platines-guilloche-muster","17":"pa_ressort-guilloche","18":"pa_taille-du-manche-12-cm","19":"tm-has-options","22":"instock","23":"taxable","24":"shipping-taxable","25":"purchasable","26":"product-type-simple"},"supplier_id":null,"supplier_sku":"","barcode":null,"atum_controlled":true,"out_stock_date":null,"out_stock_threshold":null,"inheritable":false,"inbound_stock":0,"stock_on_hold":0,"sold_today":0,"sales_last_days":0,"reserved_stock":0,"customer_returns":0,"warehouse_damage":0,"lost_in_post":0,"other_logs":0,"out_stock_days":0,"lost_sales":0,"has_location":false,"update_date":"2026-04-28T00:37:22","atum_locations":[],"atum_stock_status":"instock","restock_status":false,"low_stock_amount":"","sales_update_date":"2026-04-28T00:37:22","calc_backorders":0,"acf":[],"yoast_head":"<!-- This site is optimized with the Yoast SEO plugin v27.3 - https:\/\/yoast.com\/product\/yoast-seo-wordpress\/ -->\n<title>12 cm Widder-Kruste-Bastelmesser \u2013 Guilloch\u00e9-Platten<\/title>\n<meta name=\"description\" content=\"Hochwertiges handgefertigtes Messer mit Widder-Krusten-Stiel und handgefertigten Guilloc\u00e9-Tellern. Ein einzigartiges St\u00fcck, das Authentizit\u00e4t und Eleganz vereint.\" \/>\n<meta name=\"robots\" content=\"index, follow, max-snippet:-1, max-image-preview:large, max-video-preview:-1\" \/>\n<link rel=\"canonical\" href=\"https:\/\/laguiole.com\/de\/produit\/laguiole-aubrac-messer-1-stueck-12-cm-widderkruste-hand-guilloche-platten-und-feder-2-geschmiedete-fliege-verstaerkt-damaskusklinge-glaenzende-oberflaeche\/\" \/>\n<meta property=\"og:locale\" content=\"de_DE\" \/>\n<meta property=\"og:type\" content=\"article\" \/>\n<meta property=\"og:title\" content=\"12 cm Widder-Kruste-Bastelmesser \u2013 Guilloch\u00e9-Platten\" \/>\n<meta property=\"og:description\" content=\"Hochwertiges handgefertigtes Messer mit Widder-Krusten-Stiel und handgefertigten Guilloc\u00e9-Tellern. Ein einzigartiges St\u00fcck, das Authentizit\u00e4t und Eleganz vereint.\" \/>\n<meta property=\"og:url\" content=\"https:\/\/laguiole.com\/de\/produit\/laguiole-aubrac-messer-1-stueck-12-cm-widderkruste-hand-guilloche-platten-und-feder-2-geschmiedete-fliege-verstaerkt-damaskusklinge-glaenzende-oberflaeche\/\" \/>\n<meta property=\"og:site_name\" content=\"Laguiole.com \u00ae\" \/>\n<meta property=\"article:publisher\" content=\"https:\/\/www.facebook.com\/laguiolecom\/\" \/>\n<meta property=\"article:modified_time\" content=\"2025-12-14T16:32:16+00:00\" \/>\n<meta property=\"og:image\" content=\"https:\/\/laguiole.com\/wp-content\/uploads\/2025\/12\/Couteau_Laguiole_en_Aubrac_Manche_en_Croute_de_Belier_Platines_et_Ressort_Guilloches_Mouche_Forgee_Lame_Damas_00.jpg\" \/>\n\t<meta property=\"og:image:width\" content=\"1033\" \/>\n\t<meta property=\"og:image:height\" content=\"1033\" \/>\n\t<meta property=\"og:image:type\" content=\"image\/jpeg\" \/>\n<meta name=\"twitter:card\" content=\"summary_large_image\" \/>\n<meta name=\"twitter:label1\" content=\"Gesch\u00e4tzte Lesezeit\" \/>\n\t<meta name=\"twitter:data1\" content=\"1\u00a0Minute\" \/>\n<script type=\"application\/ld+json\" class=\"yoast-schema-graph\">{\"@context\":\"https:\\\/\\\/schema.org\",\"@graph\":[{\"@type\":\"WebPage\",\"@id\":\"https:\\\/\\\/laguiole.com\\\/de\\\/produit\\\/laguiole-aubrac-messer-1-stueck-12-cm-widderkruste-hand-guilloche-platten-und-feder-2-geschmiedete-fliege-verstaerkt-damaskusklinge-glaenzende-oberflaeche\\\/\",\"url\":\"https:\\\/\\\/laguiole.com\\\/de\\\/produit\\\/laguiole-aubrac-messer-1-stueck-12-cm-widderkruste-hand-guilloche-platten-und-feder-2-geschmiedete-fliege-verstaerkt-damaskusklinge-glaenzende-oberflaeche\\\/\",\"name\":\"12 cm Widder-Kruste-Bastelmesser \u2013 Guilloch\u00e9-Platten\",\"isPartOf\":{\"@id\":\"https:\\\/\\\/laguiole.com\\\/de\\\/#website\"},\"primaryImageOfPage\":{\"@id\":\"https:\\\/\\\/laguiole.com\\\/de\\\/produit\\\/laguiole-aubrac-messer-1-stueck-12-cm-widderkruste-hand-guilloche-platten-und-feder-2-geschmiedete-fliege-verstaerkt-damaskusklinge-glaenzende-oberflaeche\\\/#primaryimage\"},\"image\":{\"@id\":\"https:\\\/\\\/laguiole.com\\\/de\\\/produit\\\/laguiole-aubrac-messer-1-stueck-12-cm-widderkruste-hand-guilloche-platten-und-feder-2-geschmiedete-fliege-verstaerkt-damaskusklinge-glaenzende-oberflaeche\\\/#primaryimage\"},\"thumbnailUrl\":\"https:\\\/\\\/laguiole.com\\\/wp-content\\\/uploads\\\/2025\\\/12\\\/Couteau_Laguiole_en_Aubrac_Manche_en_Croute_de_Belier_Platines_et_Ressort_Guilloches_Mouche_Forgee_Lame_Damas_00.jpg\",\"datePublished\":\"2025-12-09T17:16:00+00:00\",\"dateModified\":\"2025-12-14T16:32:16+00:00\",\"description\":\"Hochwertiges handgefertigtes Messer mit Widder-Krusten-Stiel und handgefertigten Guilloc\u00e9-Tellern. Ein einzigartiges St\u00fcck, das Authentizit\u00e4t und Eleganz vereint.\",\"breadcrumb\":{\"@id\":\"https:\\\/\\\/laguiole.com\\\/de\\\/produit\\\/laguiole-aubrac-messer-1-stueck-12-cm-widderkruste-hand-guilloche-platten-und-feder-2-geschmiedete-fliege-verstaerkt-damaskusklinge-glaenzende-oberflaeche\\\/#breadcrumb\"},\"inLanguage\":\"de\",\"potentialAction\":[{\"@type\":\"ReadAction\",\"target\":[\"https:\\\/\\\/laguiole.com\\\/de\\\/produit\\\/laguiole-aubrac-messer-1-stueck-12-cm-widderkruste-hand-guilloche-platten-und-feder-2-geschmiedete-fliege-verstaerkt-damaskusklinge-glaenzende-oberflaeche\\\/\"]}]},{\"@type\":\"ImageObject\",\"inLanguage\":\"de\",\"@id\":\"https:\\\/\\\/laguiole.com\\\/de\\\/produit\\\/laguiole-aubrac-messer-1-stueck-12-cm-widderkruste-hand-guilloche-platten-und-feder-2-geschmiedete-fliege-verstaerkt-damaskusklinge-glaenzende-oberflaeche\\\/#primaryimage\",\"url\":\"https:\\\/\\\/laguiole.com\\\/wp-content\\\/uploads\\\/2025\\\/12\\\/Couteau_Laguiole_en_Aubrac_Manche_en_Croute_de_Belier_Platines_et_Ressort_Guilloches_Mouche_Forgee_Lame_Damas_00.jpg\",\"contentUrl\":\"https:\\\/\\\/laguiole.com\\\/wp-content\\\/uploads\\\/2025\\\/12\\\/Couteau_Laguiole_en_Aubrac_Manche_en_Croute_de_Belier_Platines_et_Ressort_Guilloches_Mouche_Forgee_Lame_Damas_00.jpg\",\"width\":1033,\"height\":1033,\"caption\":\"Laguiole Aubrac Messer 1 St\u00fcck 12 cm Widderkruste Hand-Guilloch\u00e9 Platten und Feder 2 Geschmiedete Fliege verst\u00e4rkt Damaskusklinge Gl\u00e4nzende Oberfl\u00e4che\"},{\"@type\":\"BreadcrumbList\",\"@id\":\"https:\\\/\\\/laguiole.com\\\/de\\\/produit\\\/laguiole-aubrac-messer-1-stueck-12-cm-widderkruste-hand-guilloche-platten-und-feder-2-geschmiedete-fliege-verstaerkt-damaskusklinge-glaenzende-oberflaeche\\\/#breadcrumb\",\"itemListElement\":[{\"@type\":\"ListItem\",\"position\":1,\"name\":\"Accueil\",\"item\":\"https:\\\/\\\/laguiole.com\\\/de\\\/\"},{\"@type\":\"ListItem\",\"position\":2,\"name\":\"Shop\",\"item\":\"https:\\\/\\\/laguiole.com\\\/de\\\/shop-2\\\/\"},{\"@type\":\"ListItem\",\"position\":3,\"name\":\"Laguiole Aubrac Messer 1 St\u00fcck 12 cm Widderkruste Hand-Guilloch\u00e9 Platten und Feder 2 Geschmiedete Fliege verst\u00e4rkt Damaskusklinge Gl\u00e4nzende Oberfl\u00e4che\"}]},{\"@type\":\"WebSite\",\"@id\":\"https:\\\/\\\/laguiole.com\\\/de\\\/#website\",\"url\":\"https:\\\/\\\/laguiole.com\\\/de\\\/\",\"name\":\"Laguiole.com\",\"description\":\"Laguiole - Couteau laguiole, Chateau Laguiole, Laguiole en Aubrac, Forge de Laguiole\",\"publisher\":{\"@id\":\"https:\\\/\\\/laguiole.com\\\/de\\\/#organization\"},\"potentialAction\":[{\"@type\":\"SearchAction\",\"target\":{\"@type\":\"EntryPoint\",\"urlTemplate\":\"https:\\\/\\\/laguiole.com\\\/de\\\/?s={search_term_string}\"},\"query-input\":{\"@type\":\"PropertyValueSpecification\",\"valueRequired\":true,\"valueName\":\"search_term_string\"}}],\"inLanguage\":\"de\"},{\"@type\":\"Organization\",\"@id\":\"https:\\\/\\\/laguiole.com\\\/de\\\/#organization\",\"name\":\"Laguiole.com\",\"url\":\"https:\\\/\\\/laguiole.com\\\/de\\\/\",\"logo\":{\"@type\":\"ImageObject\",\"inLanguage\":\"de\",\"@id\":\"https:\\\/\\\/laguiole.com\\\/de\\\/#\\\/schema\\\/logo\\\/image\\\/\",\"url\":\"https:\\\/\\\/laguiole.com\\\/wp-content\\\/uploads\\\/2021\\\/02\\\/logo_laguiole.com-horizontal.jpg\",\"contentUrl\":\"https:\\\/\\\/laguiole.com\\\/wp-content\\\/uploads\\\/2021\\\/02\\\/logo_laguiole.com-horizontal.jpg\",\"width\":490,\"height\":156,\"caption\":\"Laguiole.com\"},\"image\":{\"@id\":\"https:\\\/\\\/laguiole.com\\\/de\\\/#\\\/schema\\\/logo\\\/image\\\/\"},\"sameAs\":[\"https:\\\/\\\/www.facebook.com\\\/laguiolecom\\\/\",\"https:\\\/\\\/www.instagram.com\\\/laguiolecom\\\/\",\"https:\\\/\\\/www.youtube.com\\\/@laguiolecom\\\/videos\"]}]}<\/script>\n<!-- \/ Yoast SEO plugin. -->","yoast_head_json":{"title":"12 cm Widder-Kruste-Bastelmesser \u2013 Guilloch\u00e9-Platten","description":"Hochwertiges handgefertigtes Messer mit Widder-Krusten-Stiel und handgefertigten Guilloc\u00e9-Tellern. Ein einzigartiges St\u00fcck, das Authentizit\u00e4t und Eleganz vereint.","robots":{"index":"index","follow":"follow","max-snippet":"max-snippet:-1","max-image-preview":"max-image-preview:large","max-video-preview":"max-video-preview:-1"},"canonical":"https:\/\/laguiole.com\/de\/produit\/laguiole-aubrac-messer-1-stueck-12-cm-widderkruste-hand-guilloche-platten-und-feder-2-geschmiedete-fliege-verstaerkt-damaskusklinge-glaenzende-oberflaeche\/","og_locale":"de_DE","og_type":"article","og_title":"12 cm Widder-Kruste-Bastelmesser \u2013 Guilloch\u00e9-Platten","og_description":"Hochwertiges handgefertigtes Messer mit Widder-Krusten-Stiel und handgefertigten Guilloc\u00e9-Tellern. Ein einzigartiges St\u00fcck, das Authentizit\u00e4t und Eleganz vereint.","og_url":"https:\/\/laguiole.com\/de\/produit\/laguiole-aubrac-messer-1-stueck-12-cm-widderkruste-hand-guilloche-platten-und-feder-2-geschmiedete-fliege-verstaerkt-damaskusklinge-glaenzende-oberflaeche\/","og_site_name":"Laguiole.com \u00ae","article_publisher":"https:\/\/www.facebook.com\/laguiolecom\/","article_modified_time":"2025-12-14T16:32:16+00:00","og_image":[{"width":1033,"height":1033,"url":"https:\/\/laguiole.com\/wp-content\/uploads\/2025\/12\/Couteau_Laguiole_en_Aubrac_Manche_en_Croute_de_Belier_Platines_et_Ressort_Guilloches_Mouche_Forgee_Lame_Damas_00.jpg","type":"image\/jpeg"}],"twitter_card":"summary_large_image","twitter_misc":{"Gesch\u00e4tzte Lesezeit":"1\u00a0Minute"},"schema":{"@context":"https:\/\/schema.org","@graph":[{"@type":"WebPage","@id":"https:\/\/laguiole.com\/de\/produit\/laguiole-aubrac-messer-1-stueck-12-cm-widderkruste-hand-guilloche-platten-und-feder-2-geschmiedete-fliege-verstaerkt-damaskusklinge-glaenzende-oberflaeche\/","url":"https:\/\/laguiole.com\/de\/produit\/laguiole-aubrac-messer-1-stueck-12-cm-widderkruste-hand-guilloche-platten-und-feder-2-geschmiedete-fliege-verstaerkt-damaskusklinge-glaenzende-oberflaeche\/","name":"12 cm Widder-Kruste-Bastelmesser \u2013 Guilloch\u00e9-Platten","isPartOf":{"@id":"https:\/\/laguiole.com\/de\/#website"},"primaryImageOfPage":{"@id":"https:\/\/laguiole.com\/de\/produit\/laguiole-aubrac-messer-1-stueck-12-cm-widderkruste-hand-guilloche-platten-und-feder-2-geschmiedete-fliege-verstaerkt-damaskusklinge-glaenzende-oberflaeche\/#primaryimage"},"image":{"@id":"https:\/\/laguiole.com\/de\/produit\/laguiole-aubrac-messer-1-stueck-12-cm-widderkruste-hand-guilloche-platten-und-feder-2-geschmiedete-fliege-verstaerkt-damaskusklinge-glaenzende-oberflaeche\/#primaryimage"},"thumbnailUrl":"https:\/\/laguiole.com\/wp-content\/uploads\/2025\/12\/Couteau_Laguiole_en_Aubrac_Manche_en_Croute_de_Belier_Platines_et_Ressort_Guilloches_Mouche_Forgee_Lame_Damas_00.jpg","datePublished":"2025-12-09T17:16:00+00:00","dateModified":"2025-12-14T16:32:16+00:00","description":"Hochwertiges handgefertigtes Messer mit Widder-Krusten-Stiel und handgefertigten Guilloc\u00e9-Tellern. Ein einzigartiges St\u00fcck, das Authentizit\u00e4t und Eleganz vereint.","breadcrumb":{"@id":"https:\/\/laguiole.com\/de\/produit\/laguiole-aubrac-messer-1-stueck-12-cm-widderkruste-hand-guilloche-platten-und-feder-2-geschmiedete-fliege-verstaerkt-damaskusklinge-glaenzende-oberflaeche\/#breadcrumb"},"inLanguage":"de","potentialAction":[{"@type":"ReadAction","target":["https:\/\/laguiole.com\/de\/produit\/laguiole-aubrac-messer-1-stueck-12-cm-widderkruste-hand-guilloche-platten-und-feder-2-geschmiedete-fliege-verstaerkt-damaskusklinge-glaenzende-oberflaeche\/"]}]},{"@type":"ImageObject","inLanguage":"de","@id":"https:\/\/laguiole.com\/de\/produit\/laguiole-aubrac-messer-1-stueck-12-cm-widderkruste-hand-guilloche-platten-und-feder-2-geschmiedete-fliege-verstaerkt-damaskusklinge-glaenzende-oberflaeche\/#primaryimage","url":"https:\/\/laguiole.com\/wp-content\/uploads\/2025\/12\/Couteau_Laguiole_en_Aubrac_Manche_en_Croute_de_Belier_Platines_et_Ressort_Guilloches_Mouche_Forgee_Lame_Damas_00.jpg","contentUrl":"https:\/\/laguiole.com\/wp-content\/uploads\/2025\/12\/Couteau_Laguiole_en_Aubrac_Manche_en_Croute_de_Belier_Platines_et_Ressort_Guilloches_Mouche_Forgee_Lame_Damas_00.jpg","width":1033,"height":1033,"caption":"Laguiole Aubrac Messer 1 St\u00fcck 12 cm Widderkruste Hand-Guilloch\u00e9 Platten und Feder 2 Geschmiedete Fliege verst\u00e4rkt Damaskusklinge Gl\u00e4nzende Oberfl\u00e4che"},{"@type":"BreadcrumbList","@id":"https:\/\/laguiole.com\/de\/produit\/laguiole-aubrac-messer-1-stueck-12-cm-widderkruste-hand-guilloche-platten-und-feder-2-geschmiedete-fliege-verstaerkt-damaskusklinge-glaenzende-oberflaeche\/#breadcrumb","itemListElement":[{"@type":"ListItem","position":1,"name":"Accueil","item":"https:\/\/laguiole.com\/de\/"},{"@type":"ListItem","position":2,"name":"Shop","item":"https:\/\/laguiole.com\/de\/shop-2\/"},{"@type":"ListItem","position":3,"name":"Laguiole Aubrac Messer 1 St\u00fcck 12 cm Widderkruste Hand-Guilloch\u00e9 Platten und Feder 2 Geschmiedete Fliege verst\u00e4rkt Damaskusklinge Gl\u00e4nzende Oberfl\u00e4che"}]},{"@type":"WebSite","@id":"https:\/\/laguiole.com\/de\/#website","url":"https:\/\/laguiole.com\/de\/","name":"Laguiole.com","description":"Laguiole - Couteau laguiole, Chateau Laguiole, Laguiole en Aubrac, Forge de Laguiole","publisher":{"@id":"https:\/\/laguiole.com\/de\/#organization"},"potentialAction":[{"@type":"SearchAction","target":{"@type":"EntryPoint","urlTemplate":"https:\/\/laguiole.com\/de\/?s={search_term_string}"},"query-input":{"@type":"PropertyValueSpecification","valueRequired":true,"valueName":"search_term_string"}}],"inLanguage":"de"},{"@type":"Organization","@id":"https:\/\/laguiole.com\/de\/#organization","name":"Laguiole.com","url":"https:\/\/laguiole.com\/de\/","logo":{"@type":"ImageObject","inLanguage":"de","@id":"https:\/\/laguiole.com\/de\/#\/schema\/logo\/image\/","url":"https:\/\/laguiole.com\/wp-content\/uploads\/2021\/02\/logo_laguiole.com-horizontal.jpg","contentUrl":"https:\/\/laguiole.com\/wp-content\/uploads\/2021\/02\/logo_laguiole.com-horizontal.jpg","width":490,"height":156,"caption":"Laguiole.com"},"image":{"@id":"https:\/\/laguiole.com\/de\/#\/schema\/logo\/image\/"},"sameAs":["https:\/\/www.facebook.com\/laguiolecom\/","https:\/\/www.instagram.com\/laguiolecom\/","https:\/\/www.youtube.com\/@laguiolecom\/videos"]}]}},"_links":{"self":[{"href":"https:\/\/laguiole.com\/de\/wp-json\/wp\/v2\/product\/47741","targetHints":{"allow":["GET"]}}],"collection":[{"href":"https:\/\/laguiole.com\/de\/wp-json\/wp\/v2\/product"}],"about":[{"href":"https:\/\/laguiole.com\/de\/wp-json\/wp\/v2\/types\/product"}],"version-history":[{"count":2,"href":"https:\/\/laguiole.com\/de\/wp-json\/wp\/v2\/product\/47741\/revisions"}],"predecessor-version":[{"id":48610,"href":"https:\/\/laguiole.com\/de\/wp-json\/wp\/v2\/product\/47741\/revisions\/48610"}],"wp:featuredmedia":[{"embeddable":true,"href":"https:\/\/laguiole.com\/de\/wp-json\/wp\/v2\/media\/48208"}],"wp:attachment":[{"href":"https:\/\/laguiole.com\/de\/wp-json\/wp\/v2\/media?parent=47741"}],"wp:term":[{"taxonomy":"product_brand","embeddable":true,"href":"https:\/\/laguiole.com\/de\/wp-json\/wp\/v2\/product_brand?post=47741"},{"taxonomy":"product_cat","embeddable":true,"href":"https:\/\/laguiole.com\/de\/wp-json\/wp\/v2\/product_cat?post=47741"},{"taxonomy":"product_tag","embeddable":true,"href":"https:\/\/laguiole.com\/de\/wp-json\/wp\/v2\/product_tag?post=47741"}],"curies":[{"name":"wp","href":"https:\/\/api.w.org\/{rel}","templated":true}]}}