{"id":47644,"date":"2025-12-08T18:01:31","date_gmt":"2025-12-08T17:01:31","guid":{"rendered":"https:\/\/laguiole.com\/?post_type=product&#038;p=47644"},"modified":"2025-12-14T17:37:12","modified_gmt":"2025-12-14T16:37:12","slug":"laguiole-prestige-messer-in-aubrac-1-stueck-12-cm-voller-griff-in-holunderbeer-gurl-guilloche-fruehlingsgeschmiedete-fliege-stilisiert","status":"publish","type":"product","link":"https:\/\/laguiole.com\/de\/produit\/laguiole-prestige-messer-in-aubrac-1-stueck-12-cm-voller-griff-in-holunderbeer-gurl-guilloche-fruehlingsgeschmiedete-fliege-stilisiert\/","title":{"rendered":"Laguiole Prestige-Messer in Aubrac 1 St\u00fcck 12 cm voller Griff in Holunderbeer-Gurl Guilloch\u00e9 Fr\u00fchlingsgeschmiedete Fliege stilisiert"},"content":{"rendered":"<h1 data-start=\"173\" data-end=\"252\"><strong data-start=\"175\" data-end=\"252\">Ganzhand-Messer in grauem und rosa Holunderbeer-Stoll<\/strong><\/h1>\n<p data-start=\"254\" data-end=\"619\">Entdecken Sie ein au\u00dfergew\u00f6hnliches St\u00fcck. Ein Ganzhand-Messer <strong data-start=\"314\" data-end=\"333\">aus Holunderbeer-Knast,<\/strong> mit dezenten Grau- und Rosat\u00f6nen. Ein seltenes Material. Elegante Darstellung. Eine moderne, weiche und perfekt ausgewogene \u00c4sthetik.<br data-start=\"469\" data-end=\"472\" \/>Jede Faser erzeugt ein einzigartiges nat\u00fcrliches Muster. Kein Messer hat die gleichen Farben. Kein anderes Modell kann diesen empfindlichen Kontrast wiedergeben.<\/p>\n<p data-start=\"621\" data-end=\"1099\">Die <strong data-start=\"625\" data-end=\"645\">Edelstahlplatten<\/strong> bieten eine solide und gl\u00e4nzende Basis. Sie verst\u00e4rken die Linie des Messers und betonen die Sch\u00f6nheit des Holzes. Die Edelstahlfeder, vollst\u00e4ndig von Hand guillociert, zeigt pr\u00e4zise und raffinierte Handwerkskunst. Die Muster sind regelm\u00e4\u00dfig, harmonisch und perfekt ausgef\u00fchrt.<br data-start=\"921\" data-end=\"924\" \/>Die stark stilisierte Fliege mit sehr gro\u00dfen Fl\u00fcgeln ist fein graviert und gemei\u00dfelt und verleiht dem Messer eine starke Signatur. Jedes Detail ist sorgf\u00e4ltig gestaltet. Das Ergebnis ist elegant, sichtbar, einzigartig.<\/p>\n<p data-start=\"1101\" data-end=\"1479\">Die <strong data-start=\"1104\" data-end=\"1120\">Edelstahlklinge<\/strong> sorgt f\u00fcr Festigkeit, Sch\u00e4rfe und Langlebigkeit. Ein sauberes Finish. Eine flie\u00dfende Linie. Makellose Funktionalit\u00e4t, im Einklang mit den Standards von hochwertigem Besteck.<br data-start=\"1293\" data-end=\"1296\" \/>Das Messer tr\u00e4gt kein Sch\u00e4ferkreuz auf der linken Seite des Messers. Die Silhouette bleibt daher fein und modern, sodass allen Platz f\u00fcr edle Materialien und handwerkliche Oberfl\u00e4chen bleibt.<\/p>\n<p data-start=\"1481\" data-end=\"1727\">Dieses Designermesser ist ein <strong data-start=\"1509\" data-end=\"1525\">einzigartiges St\u00fcck<\/strong>. Ein wundersch\u00f6nes St\u00fcck, pr\u00e4zise gefertigt, entworfen f\u00fcr Sammler und Kunsthandwerker. Ein Messer, das sonst niemand besitzen wird. Ein eigenes Werk, v\u00f6llig handgefertigt.<\/p>\n<p data-start=\"1729\" data-end=\"1818\">Ein seltenes Messer. Ein Designer-Messer. Ein Messer, signiert von der Hand eines leidenschaftlichen Designers.<\/p>\n<hr data-start=\"2121\" data-end=\"2124\" \/>\n<h1 data-start=\"2126\" data-end=\"2135\"><\/h1>\n","protected":false},"excerpt":{"rendered":"<p>Laguiole-Klappmesser in Aubrac Prestige Holunderbeer-B\u00fcrsten-Griff in Grau- und Rosat\u00f6nen Vollgriff<br \/>\n, geb\u00fcrstete Edelstahlklinge mit Gehrungs,<br \/>\nHand-Guilloch\u00e9-Feder-B\u00fcrsteplatten<\/p>\n<p>aus Edelstahl, geschmiedeter Fliege, sehr stilisiert, fein gefertigt<\/p>\n<p>, EINZIGARTIGES ST\u00dcCK<\/p>\n<p>. Dieses Laguiole-Messer wird mit seinem Zertifikat und in einem braunen Lederetui geliefert.<\/p>\n<p>Klingenl\u00e4nge 10 cm<br \/>\ngeschlossenes Messer L\u00e4nge 12 cm<br \/>\noffenes Messer L\u00e4nge 22 cm<\/p>\n","protected":false},"featured_media":47927,"template":"","meta":{"_acf_changed":false,"_monsterinsights_skip_tracking":false,"_monsterinsights_sitenote_active":false,"_monsterinsights_sitenote_note":"","_monsterinsights_sitenote_category":0},"product_brand":[],"product_cat":[5938,5939,5943],"product_tag":[],"class_list":{"0":"post-47644","1":"product","2":"type-product","3":"status-publish","4":"has-post-thumbnail","6":"product_cat-klappmesser","7":"product_cat-laguiole-klappmesser","8":"product_cat-laguiole-prestiges-messer","9":"pa_composition-couteau-1-stueck-nur-klinge","10":"pa_finition-gebuerstet","11":"pa_lame-gebuersteter-edelstahl","12":"pa_manche-en-bois-holundermaser","13":"pa_marque-laguiole-en-aubracfr","14":"pa_mitres-ohne-gehrung-vollstaendige-huelse","15":"pa_mouche-geschmiedet","16":"pa_mouche-prestige","17":"pa_platines-einzelplatin","18":"pa_ressort-guilloche","19":"pa_taille-du-manche-12-cm","20":"tm-has-options","23":"instock","24":"taxable","25":"shipping-taxable","26":"purchasable","27":"product-type-simple"},"supplier_id":null,"supplier_sku":"","barcode":null,"atum_controlled":true,"out_stock_date":null,"out_stock_threshold":null,"inheritable":false,"inbound_stock":0,"stock_on_hold":0,"sold_today":0,"sales_last_days":0,"reserved_stock":0,"customer_returns":0,"warehouse_damage":0,"lost_in_post":0,"other_logs":0,"out_stock_days":0,"lost_sales":0,"has_location":false,"update_date":"2026-05-11T00:53:49","atum_locations":[],"atum_stock_status":"instock","restock_status":false,"low_stock_amount":"","sales_update_date":"2026-05-11T00:53:49","calc_backorders":null,"acf":[],"yoast_head":"<!-- This site is optimized with the Yoast SEO plugin v27.3 - https:\/\/yoast.com\/product\/yoast-seo-wordpress\/ -->\n<title>Holunderbeer-Burl-Messer mit Vollgriff \u2013 Einzigartiges St\u00fcck<\/title>\n<meta name=\"description\" content=\"Ganzh\u00e4ndiges Messer aus grauem und rosa Holunderbeer-Stoll, Edelstahlplatten, vollst\u00e4ndige Guilloch\u00e9 Feder. Eine einzigartige Kreation eines Messers.\" \/>\n<meta name=\"robots\" content=\"index, follow, max-snippet:-1, max-image-preview:large, max-video-preview:-1\" \/>\n<link rel=\"canonical\" href=\"https:\/\/laguiole.com\/de\/produit\/laguiole-prestige-messer-in-aubrac-1-stueck-12-cm-voller-griff-in-holunderbeer-gurl-guilloche-fruehlingsgeschmiedete-fliege-stilisiert\/\" \/>\n<meta property=\"og:locale\" content=\"de_DE\" \/>\n<meta property=\"og:type\" content=\"article\" \/>\n<meta property=\"og:title\" content=\"Holunderbeer-Burl-Messer mit Vollgriff \u2013 Einzigartiges St\u00fcck\" \/>\n<meta property=\"og:description\" content=\"Ganzh\u00e4ndiges Messer aus grauem und rosa Holunderbeer-Stoll, Edelstahlplatten, vollst\u00e4ndige Guilloch\u00e9 Feder. Eine einzigartige Kreation eines Messers.\" \/>\n<meta property=\"og:url\" content=\"https:\/\/laguiole.com\/de\/produit\/laguiole-prestige-messer-in-aubrac-1-stueck-12-cm-voller-griff-in-holunderbeer-gurl-guilloche-fruehlingsgeschmiedete-fliege-stilisiert\/\" \/>\n<meta property=\"og:site_name\" content=\"Laguiole.com \u00ae\" \/>\n<meta property=\"article:publisher\" content=\"https:\/\/www.facebook.com\/laguiolecom\/\" \/>\n<meta property=\"article:modified_time\" content=\"2025-12-14T16:37:12+00:00\" \/>\n<meta property=\"og:image\" content=\"https:\/\/laguiole.com\/wp-content\/uploads\/2025\/12\/Couteau_Prestige_Laguiole_en_Aubrac_Plein_Manche_en_Loupe_de_Sureau_Ressort_Guilloche_Mouche_Forgee_Stylisee_00.jpg\" \/>\n\t<meta property=\"og:image:width\" content=\"1033\" \/>\n\t<meta property=\"og:image:height\" content=\"1033\" \/>\n\t<meta property=\"og:image:type\" content=\"image\/jpeg\" \/>\n<meta name=\"twitter:card\" content=\"summary_large_image\" \/>\n<meta name=\"twitter:label1\" content=\"Gesch\u00e4tzte Lesezeit\" \/>\n\t<meta name=\"twitter:data1\" content=\"2\u00a0Minute\" \/>\n<script type=\"application\/ld+json\" class=\"yoast-schema-graph\">{\"@context\":\"https:\\\/\\\/schema.org\",\"@graph\":[{\"@type\":\"WebPage\",\"@id\":\"https:\\\/\\\/laguiole.com\\\/de\\\/produit\\\/laguiole-prestige-messer-in-aubrac-1-stueck-12-cm-voller-griff-in-holunderbeer-gurl-guilloche-fruehlingsgeschmiedete-fliege-stilisiert\\\/\",\"url\":\"https:\\\/\\\/laguiole.com\\\/de\\\/produit\\\/laguiole-prestige-messer-in-aubrac-1-stueck-12-cm-voller-griff-in-holunderbeer-gurl-guilloche-fruehlingsgeschmiedete-fliege-stilisiert\\\/\",\"name\":\"Holunderbeer-Burl-Messer mit Vollgriff \u2013 Einzigartiges St\u00fcck\",\"isPartOf\":{\"@id\":\"https:\\\/\\\/laguiole.com\\\/de\\\/#website\"},\"primaryImageOfPage\":{\"@id\":\"https:\\\/\\\/laguiole.com\\\/de\\\/produit\\\/laguiole-prestige-messer-in-aubrac-1-stueck-12-cm-voller-griff-in-holunderbeer-gurl-guilloche-fruehlingsgeschmiedete-fliege-stilisiert\\\/#primaryimage\"},\"image\":{\"@id\":\"https:\\\/\\\/laguiole.com\\\/de\\\/produit\\\/laguiole-prestige-messer-in-aubrac-1-stueck-12-cm-voller-griff-in-holunderbeer-gurl-guilloche-fruehlingsgeschmiedete-fliege-stilisiert\\\/#primaryimage\"},\"thumbnailUrl\":\"https:\\\/\\\/laguiole.com\\\/wp-content\\\/uploads\\\/2025\\\/12\\\/Couteau_Prestige_Laguiole_en_Aubrac_Plein_Manche_en_Loupe_de_Sureau_Ressort_Guilloche_Mouche_Forgee_Stylisee_00.jpg\",\"datePublished\":\"2025-12-08T17:01:31+00:00\",\"dateModified\":\"2025-12-14T16:37:12+00:00\",\"description\":\"Ganzh\u00e4ndiges Messer aus grauem und rosa Holunderbeer-Stoll, Edelstahlplatten, vollst\u00e4ndige Guilloch\u00e9 Feder. Eine einzigartige Kreation eines Messers.\",\"breadcrumb\":{\"@id\":\"https:\\\/\\\/laguiole.com\\\/de\\\/produit\\\/laguiole-prestige-messer-in-aubrac-1-stueck-12-cm-voller-griff-in-holunderbeer-gurl-guilloche-fruehlingsgeschmiedete-fliege-stilisiert\\\/#breadcrumb\"},\"inLanguage\":\"de\",\"potentialAction\":[{\"@type\":\"ReadAction\",\"target\":[\"https:\\\/\\\/laguiole.com\\\/de\\\/produit\\\/laguiole-prestige-messer-in-aubrac-1-stueck-12-cm-voller-griff-in-holunderbeer-gurl-guilloche-fruehlingsgeschmiedete-fliege-stilisiert\\\/\"]}]},{\"@type\":\"ImageObject\",\"inLanguage\":\"de\",\"@id\":\"https:\\\/\\\/laguiole.com\\\/de\\\/produit\\\/laguiole-prestige-messer-in-aubrac-1-stueck-12-cm-voller-griff-in-holunderbeer-gurl-guilloche-fruehlingsgeschmiedete-fliege-stilisiert\\\/#primaryimage\",\"url\":\"https:\\\/\\\/laguiole.com\\\/wp-content\\\/uploads\\\/2025\\\/12\\\/Couteau_Prestige_Laguiole_en_Aubrac_Plein_Manche_en_Loupe_de_Sureau_Ressort_Guilloche_Mouche_Forgee_Stylisee_00.jpg\",\"contentUrl\":\"https:\\\/\\\/laguiole.com\\\/wp-content\\\/uploads\\\/2025\\\/12\\\/Couteau_Prestige_Laguiole_en_Aubrac_Plein_Manche_en_Loupe_de_Sureau_Ressort_Guilloche_Mouche_Forgee_Stylisee_00.jpg\",\"width\":1033,\"height\":1033,\"caption\":\"Laguiole Prestige-Messer in Aubrac 1 St\u00fcck 12 cm voller Griff in Holunderbeer-Gurl Guilloch\u00e9 Fr\u00fchlingsgeschmiedete Fliege stilisiert\"},{\"@type\":\"BreadcrumbList\",\"@id\":\"https:\\\/\\\/laguiole.com\\\/de\\\/produit\\\/laguiole-prestige-messer-in-aubrac-1-stueck-12-cm-voller-griff-in-holunderbeer-gurl-guilloche-fruehlingsgeschmiedete-fliege-stilisiert\\\/#breadcrumb\",\"itemListElement\":[{\"@type\":\"ListItem\",\"position\":1,\"name\":\"Accueil\",\"item\":\"https:\\\/\\\/laguiole.com\\\/de\\\/\"},{\"@type\":\"ListItem\",\"position\":2,\"name\":\"Shop\",\"item\":\"https:\\\/\\\/laguiole.com\\\/de\\\/shop-2\\\/\"},{\"@type\":\"ListItem\",\"position\":3,\"name\":\"Laguiole Prestige-Messer in Aubrac 1 St\u00fcck 12 cm voller Griff in Holunderbeer-Gurl Guilloch\u00e9 Fr\u00fchlingsgeschmiedete Fliege stilisiert\"}]},{\"@type\":\"WebSite\",\"@id\":\"https:\\\/\\\/laguiole.com\\\/de\\\/#website\",\"url\":\"https:\\\/\\\/laguiole.com\\\/de\\\/\",\"name\":\"Laguiole.com\",\"description\":\"Laguiole - Couteau laguiole, Chateau Laguiole, Laguiole en Aubrac, Forge de Laguiole\",\"publisher\":{\"@id\":\"https:\\\/\\\/laguiole.com\\\/de\\\/#organization\"},\"potentialAction\":[{\"@type\":\"SearchAction\",\"target\":{\"@type\":\"EntryPoint\",\"urlTemplate\":\"https:\\\/\\\/laguiole.com\\\/de\\\/?s={search_term_string}\"},\"query-input\":{\"@type\":\"PropertyValueSpecification\",\"valueRequired\":true,\"valueName\":\"search_term_string\"}}],\"inLanguage\":\"de\"},{\"@type\":\"Organization\",\"@id\":\"https:\\\/\\\/laguiole.com\\\/de\\\/#organization\",\"name\":\"Laguiole.com\",\"url\":\"https:\\\/\\\/laguiole.com\\\/de\\\/\",\"logo\":{\"@type\":\"ImageObject\",\"inLanguage\":\"de\",\"@id\":\"https:\\\/\\\/laguiole.com\\\/de\\\/#\\\/schema\\\/logo\\\/image\\\/\",\"url\":\"https:\\\/\\\/laguiole.com\\\/wp-content\\\/uploads\\\/2021\\\/02\\\/logo_laguiole.com-horizontal.jpg\",\"contentUrl\":\"https:\\\/\\\/laguiole.com\\\/wp-content\\\/uploads\\\/2021\\\/02\\\/logo_laguiole.com-horizontal.jpg\",\"width\":490,\"height\":156,\"caption\":\"Laguiole.com\"},\"image\":{\"@id\":\"https:\\\/\\\/laguiole.com\\\/de\\\/#\\\/schema\\\/logo\\\/image\\\/\"},\"sameAs\":[\"https:\\\/\\\/www.facebook.com\\\/laguiolecom\\\/\",\"https:\\\/\\\/www.instagram.com\\\/laguiolecom\\\/\",\"https:\\\/\\\/www.youtube.com\\\/@laguiolecom\\\/videos\"]}]}<\/script>\n<!-- \/ Yoast SEO plugin. -->","yoast_head_json":{"title":"Holunderbeer-Burl-Messer mit Vollgriff \u2013 Einzigartiges St\u00fcck","description":"Ganzh\u00e4ndiges Messer aus grauem und rosa Holunderbeer-Stoll, Edelstahlplatten, vollst\u00e4ndige Guilloch\u00e9 Feder. Eine einzigartige Kreation eines Messers.","robots":{"index":"index","follow":"follow","max-snippet":"max-snippet:-1","max-image-preview":"max-image-preview:large","max-video-preview":"max-video-preview:-1"},"canonical":"https:\/\/laguiole.com\/de\/produit\/laguiole-prestige-messer-in-aubrac-1-stueck-12-cm-voller-griff-in-holunderbeer-gurl-guilloche-fruehlingsgeschmiedete-fliege-stilisiert\/","og_locale":"de_DE","og_type":"article","og_title":"Holunderbeer-Burl-Messer mit Vollgriff \u2013 Einzigartiges St\u00fcck","og_description":"Ganzh\u00e4ndiges Messer aus grauem und rosa Holunderbeer-Stoll, Edelstahlplatten, vollst\u00e4ndige Guilloch\u00e9 Feder. Eine einzigartige Kreation eines Messers.","og_url":"https:\/\/laguiole.com\/de\/produit\/laguiole-prestige-messer-in-aubrac-1-stueck-12-cm-voller-griff-in-holunderbeer-gurl-guilloche-fruehlingsgeschmiedete-fliege-stilisiert\/","og_site_name":"Laguiole.com \u00ae","article_publisher":"https:\/\/www.facebook.com\/laguiolecom\/","article_modified_time":"2025-12-14T16:37:12+00:00","og_image":[{"width":1033,"height":1033,"url":"https:\/\/laguiole.com\/wp-content\/uploads\/2025\/12\/Couteau_Prestige_Laguiole_en_Aubrac_Plein_Manche_en_Loupe_de_Sureau_Ressort_Guilloche_Mouche_Forgee_Stylisee_00.jpg","type":"image\/jpeg"}],"twitter_card":"summary_large_image","twitter_misc":{"Gesch\u00e4tzte Lesezeit":"2\u00a0Minute"},"schema":{"@context":"https:\/\/schema.org","@graph":[{"@type":"WebPage","@id":"https:\/\/laguiole.com\/de\/produit\/laguiole-prestige-messer-in-aubrac-1-stueck-12-cm-voller-griff-in-holunderbeer-gurl-guilloche-fruehlingsgeschmiedete-fliege-stilisiert\/","url":"https:\/\/laguiole.com\/de\/produit\/laguiole-prestige-messer-in-aubrac-1-stueck-12-cm-voller-griff-in-holunderbeer-gurl-guilloche-fruehlingsgeschmiedete-fliege-stilisiert\/","name":"Holunderbeer-Burl-Messer mit Vollgriff \u2013 Einzigartiges St\u00fcck","isPartOf":{"@id":"https:\/\/laguiole.com\/de\/#website"},"primaryImageOfPage":{"@id":"https:\/\/laguiole.com\/de\/produit\/laguiole-prestige-messer-in-aubrac-1-stueck-12-cm-voller-griff-in-holunderbeer-gurl-guilloche-fruehlingsgeschmiedete-fliege-stilisiert\/#primaryimage"},"image":{"@id":"https:\/\/laguiole.com\/de\/produit\/laguiole-prestige-messer-in-aubrac-1-stueck-12-cm-voller-griff-in-holunderbeer-gurl-guilloche-fruehlingsgeschmiedete-fliege-stilisiert\/#primaryimage"},"thumbnailUrl":"https:\/\/laguiole.com\/wp-content\/uploads\/2025\/12\/Couteau_Prestige_Laguiole_en_Aubrac_Plein_Manche_en_Loupe_de_Sureau_Ressort_Guilloche_Mouche_Forgee_Stylisee_00.jpg","datePublished":"2025-12-08T17:01:31+00:00","dateModified":"2025-12-14T16:37:12+00:00","description":"Ganzh\u00e4ndiges Messer aus grauem und rosa Holunderbeer-Stoll, Edelstahlplatten, vollst\u00e4ndige Guilloch\u00e9 Feder. Eine einzigartige Kreation eines Messers.","breadcrumb":{"@id":"https:\/\/laguiole.com\/de\/produit\/laguiole-prestige-messer-in-aubrac-1-stueck-12-cm-voller-griff-in-holunderbeer-gurl-guilloche-fruehlingsgeschmiedete-fliege-stilisiert\/#breadcrumb"},"inLanguage":"de","potentialAction":[{"@type":"ReadAction","target":["https:\/\/laguiole.com\/de\/produit\/laguiole-prestige-messer-in-aubrac-1-stueck-12-cm-voller-griff-in-holunderbeer-gurl-guilloche-fruehlingsgeschmiedete-fliege-stilisiert\/"]}]},{"@type":"ImageObject","inLanguage":"de","@id":"https:\/\/laguiole.com\/de\/produit\/laguiole-prestige-messer-in-aubrac-1-stueck-12-cm-voller-griff-in-holunderbeer-gurl-guilloche-fruehlingsgeschmiedete-fliege-stilisiert\/#primaryimage","url":"https:\/\/laguiole.com\/wp-content\/uploads\/2025\/12\/Couteau_Prestige_Laguiole_en_Aubrac_Plein_Manche_en_Loupe_de_Sureau_Ressort_Guilloche_Mouche_Forgee_Stylisee_00.jpg","contentUrl":"https:\/\/laguiole.com\/wp-content\/uploads\/2025\/12\/Couteau_Prestige_Laguiole_en_Aubrac_Plein_Manche_en_Loupe_de_Sureau_Ressort_Guilloche_Mouche_Forgee_Stylisee_00.jpg","width":1033,"height":1033,"caption":"Laguiole Prestige-Messer in Aubrac 1 St\u00fcck 12 cm voller Griff in Holunderbeer-Gurl Guilloch\u00e9 Fr\u00fchlingsgeschmiedete Fliege stilisiert"},{"@type":"BreadcrumbList","@id":"https:\/\/laguiole.com\/de\/produit\/laguiole-prestige-messer-in-aubrac-1-stueck-12-cm-voller-griff-in-holunderbeer-gurl-guilloche-fruehlingsgeschmiedete-fliege-stilisiert\/#breadcrumb","itemListElement":[{"@type":"ListItem","position":1,"name":"Accueil","item":"https:\/\/laguiole.com\/de\/"},{"@type":"ListItem","position":2,"name":"Shop","item":"https:\/\/laguiole.com\/de\/shop-2\/"},{"@type":"ListItem","position":3,"name":"Laguiole Prestige-Messer in Aubrac 1 St\u00fcck 12 cm voller Griff in Holunderbeer-Gurl Guilloch\u00e9 Fr\u00fchlingsgeschmiedete Fliege stilisiert"}]},{"@type":"WebSite","@id":"https:\/\/laguiole.com\/de\/#website","url":"https:\/\/laguiole.com\/de\/","name":"Laguiole.com","description":"Laguiole - Couteau laguiole, Chateau Laguiole, Laguiole en Aubrac, Forge de Laguiole","publisher":{"@id":"https:\/\/laguiole.com\/de\/#organization"},"potentialAction":[{"@type":"SearchAction","target":{"@type":"EntryPoint","urlTemplate":"https:\/\/laguiole.com\/de\/?s={search_term_string}"},"query-input":{"@type":"PropertyValueSpecification","valueRequired":true,"valueName":"search_term_string"}}],"inLanguage":"de"},{"@type":"Organization","@id":"https:\/\/laguiole.com\/de\/#organization","name":"Laguiole.com","url":"https:\/\/laguiole.com\/de\/","logo":{"@type":"ImageObject","inLanguage":"de","@id":"https:\/\/laguiole.com\/de\/#\/schema\/logo\/image\/","url":"https:\/\/laguiole.com\/wp-content\/uploads\/2021\/02\/logo_laguiole.com-horizontal.jpg","contentUrl":"https:\/\/laguiole.com\/wp-content\/uploads\/2021\/02\/logo_laguiole.com-horizontal.jpg","width":490,"height":156,"caption":"Laguiole.com"},"image":{"@id":"https:\/\/laguiole.com\/de\/#\/schema\/logo\/image\/"},"sameAs":["https:\/\/www.facebook.com\/laguiolecom\/","https:\/\/www.instagram.com\/laguiolecom\/","https:\/\/www.youtube.com\/@laguiolecom\/videos"]}]}},"_links":{"self":[{"href":"https:\/\/laguiole.com\/de\/wp-json\/wp\/v2\/product\/47644","targetHints":{"allow":["GET"]}}],"collection":[{"href":"https:\/\/laguiole.com\/de\/wp-json\/wp\/v2\/product"}],"about":[{"href":"https:\/\/laguiole.com\/de\/wp-json\/wp\/v2\/types\/product"}],"version-history":[{"count":2,"href":"https:\/\/laguiole.com\/de\/wp-json\/wp\/v2\/product\/47644\/revisions"}],"predecessor-version":[{"id":48626,"href":"https:\/\/laguiole.com\/de\/wp-json\/wp\/v2\/product\/47644\/revisions\/48626"}],"wp:featuredmedia":[{"embeddable":true,"href":"https:\/\/laguiole.com\/de\/wp-json\/wp\/v2\/media\/47927"}],"wp:attachment":[{"href":"https:\/\/laguiole.com\/de\/wp-json\/wp\/v2\/media?parent=47644"}],"wp:term":[{"taxonomy":"product_brand","embeddable":true,"href":"https:\/\/laguiole.com\/de\/wp-json\/wp\/v2\/product_brand?post=47644"},{"taxonomy":"product_cat","embeddable":true,"href":"https:\/\/laguiole.com\/de\/wp-json\/wp\/v2\/product_cat?post=47644"},{"taxonomy":"product_tag","embeddable":true,"href":"https:\/\/laguiole.com\/de\/wp-json\/wp\/v2\/product_tag?post=47644"}],"curies":[{"name":"wp","href":"https:\/\/api.w.org\/{rel}","templated":true}]}}