{"id":47640,"date":"2025-12-08T17:58:37","date_gmt":"2025-12-08T16:58:37","guid":{"rendered":"https:\/\/laguiole.com\/?post_type=product&#038;p=47640"},"modified":"2025-12-14T17:21:59","modified_gmt":"2025-12-14T16:21:59","slug":"laguiole-prestige-messer-in-der-aubrac-cosmos-kollektion-space-1-stueck-12-cm-vollgriff-aus-roter-wurzel-guillochierte-federteller-aus-messing-fly-plate-special-space-theme-2","status":"publish","type":"product","link":"https:\/\/laguiole.com\/de\/produit\/laguiole-prestige-messer-in-der-aubrac-cosmos-kollektion-space-1-stueck-12-cm-vollgriff-aus-roter-wurzel-guillochierte-federteller-aus-messing-fly-plate-special-space-theme-2\/","title":{"rendered":"Laguiole Prestige Messer in der Aubrac Cosmos Kollektion &#8220;Space&#8221; 1 St\u00fcck 12 cm Vollgriff aus roter Wurzel guillochierte Federteller aus Messing Fly Plate Special Space Theme"},"content":{"rendered":"<hr class=\"\" data-start=\"188\" data-end=\"191\" \/>\n<p class=\"\" data-start=\"193\" data-end=\"390\"><strong>Die COSMOS-Kollektion <\/strong>vereint vier au\u00dfergew\u00f6hnliche <strong data-start=\"276\" data-end=\"288\">Laguiole-Messer<\/strong> , die jeweils von den Wundern des Universums und den himmlischen R\u00e4tseln, aus denen es besteht, inspiriert sind.<\/p>\n<p data-start=\"193\" data-end=\"390\"><strong>Insbesondere das Laguiole Space Messer<\/strong> zeichnet sich durch seine <strong data-start=\"847\" data-end=\"872\">extravaganten Farben<\/strong> aus, die an den Tanz des Feuers in der Dunkelheit der kosmischen Leere erinnern. Sein ma\u00dfgefertigter Hosenschlitz repr\u00e4sentiert den Raum selbst, riesig und geheimnisvoll, w\u00e4hrend seine Messingplatten einen Hauch von goldener W\u00e4rme verleihen. Die <strong data-start=\"1102\" data-end=\"1121\">feine Guillochierung des<\/strong> Fr\u00fchlings, sorgf\u00e4ltig ausgef\u00fchrt, greift <strong data-start=\"1170\" data-end=\"1189\">himmlische Motive<\/strong> auf, in perfekter Harmonie mit dem Raumthema.<\/p>\n<p class=\"\" data-start=\"392\" data-end=\"454\"><strong data-start=\"392\" data-end=\"454\">Eine Einladung zu einer Reise durch die Unermesslichkeit des Weltraums<\/strong><\/p>\n<p class=\"\" data-start=\"456\" data-end=\"786\">Jedes <strong data-start=\"471\" data-end=\"483\">Laguiole-Messer<\/strong> dieser einzigartigen Kollektion ist mit einem Griff aus <strong data-start=\"541\" data-end=\"568\">gebeizter Holunderwurzel<\/strong> geformt, einem Edelholz mit nat\u00fcrlichen und hypnotischen Mustern. Die tiefen, lebendigen Farbt\u00f6ne erinnern an die Sternenwirbel der <strong data-start=\"700\" data-end=\"715\">Milchstra\u00dfe<\/strong> und erzeugen Lichtspiele, die die Brillanz der Sterne einzufangen scheinen.<\/p>\n<p class=\"\" data-start=\"1236\" data-end=\"1544\">Jedes <strong data-start=\"1251\" data-end=\"1263\">Laguiole-Messer<\/strong> der COSMOS-Kollektion ist eine Hommage an ein grundlegendes Element des Universums:<br data-start=\"1340\" data-end=\"1343\" \/>\u2013 <strong data-start=\"1345\" data-end=\"1360\">Der Urknall<\/strong>, Quelle aller Sch\u00f6pfung<br data-start=\"1386\" data-end=\"1389\" \/>\u2013 <strong data-start=\"1391\" data-end=\"1403\">Die Erde<\/strong>, unser blaues Juwel, das in der Leere schwebt<br data-start=\"1443\" data-end=\"1446\" \/>\u2013 <strong data-start=\"1448\" data-end=\"1460\">Der Weltraum<\/strong>, unendlich und faszinierend<br data-start=\"1481\" data-end=\"1484\" \/>\u2013 <strong data-start=\"1486\" data-end=\"1497\">Saturn<\/strong>, majest\u00e4tischer Herrscher mit bezaubernden Ringen<\/p>\n<p class=\"\" data-start=\"1546\" data-end=\"1839\">Die Federn jeder <strong data-start=\"1569\" data-end=\"1581\">Laguiole<\/strong> sind mit <strong data-start=\"1596\" data-end=\"1618\">raffinierten Gravuren<\/strong> oder subtilen Guillochierungen verziert, die an Sternbilder und Nebel erinnern. Jedes Detail, vom Griff bis zum Hosenschlitz, zeugt von der handwerklichen Exzellenz von <strong data-start=\"1763\" data-end=\"1775\">Laguiole<\/strong> und seiner perfekten Verbindung zwischen Tradition und kosmischer Poesie.<\/p>\n<p data-start=\"1546\" data-end=\"1839\">Vor allem das Modell <strong data-start=\"798\" data-end=\"808\">Espace<\/strong> zeichnet sich durch seine <strong data-start=\"847\" data-end=\"872\">extravaganten Farben<\/strong> aus, die an den Tanz des Feuers in der Dunkelheit der kosmischen Leere erinnern. Sein <strong data-start=\"942\" data-end=\"966\">ma\u00dfgefertigter Hosenschlitz<\/strong> repr\u00e4sentiert <strong data-start=\"978\" data-end=\"999\">den Raum selbst<\/strong>, riesig und geheimnisvoll, w\u00e4hrend seine <strong data-start=\"1037\" data-end=\"1059\">Messingplatten<\/strong> einen Hauch von goldener W\u00e4rme verleihen. Die <strong data-start=\"1102\" data-end=\"1121\">feine Guillochierung des<\/strong> Fr\u00fchlings, sorgf\u00e4ltig ausgef\u00fchrt, greift <strong data-start=\"1170\" data-end=\"1189\">himmlische Motive<\/strong> auf, in perfekter Harmonie mit dem Raumthema.<\/p>\n<p class=\"\" data-start=\"1841\" data-end=\"2000\"><strong>Mit dieser COSMOS-Kollektion<\/strong> \u00fcberschreitet <strong data-start=\"1864\" data-end=\"1876\">Laguiole<\/strong> die Grenzen des Bestecks und bietet eine wahre <strong data-start=\"1947\" data-end=\"1969\">galaktische Odyssee<\/strong> durch Kunst und Material.<\/p>\n","protected":false},"excerpt":{"rendered":"<p>Laguiole Klappmesser in der Aubrac Cosmos<br \/>\nKollektion Holunder Masergriff orange rot<br \/>\ngebeizt Vollgriff<br \/>\nKlinge aus geb\u00fcrstetem Edelstahl mit Lasche<br \/>\nHand guillochiert Fr\u00fchlingsthema Himmlische Motive<br \/>\nPlatten Messing<br \/>\nSpezielle Fliege, die den Raum<\/p>\n<p>darstellt Dieses Laguiole-Messer wird mit seinem Zertifikat und in einem braunen Lederetui geliefert.<\/p>\n<p>Klingenl\u00e4nge 10 cm<br \/>\nGeschlossenes Messer L\u00e4nge 12 cm<br \/>\nOffenes Messer L\u00e4nge 22 cm<\/p>\n","protected":false},"featured_media":0,"template":"","meta":{"_acf_changed":false,"_monsterinsights_skip_tracking":false,"_monsterinsights_sitenote_active":false,"_monsterinsights_sitenote_note":"","_monsterinsights_sitenote_category":0},"product_brand":[],"product_cat":[5938,5939,5943],"product_tag":[],"class_list":{"0":"post-47640","1":"product","2":"type-product","3":"status-publish","5":"product_cat-klappmesser","6":"product_cat-laguiole-klappmesser","7":"product_cat-laguiole-prestiges-messer","8":"pa_composition-couteau-1-stueck-nur-klinge","9":"pa_finition-brillant","10":"pa_lame-gebuersteter-edelstahl","11":"pa_manche-en-matiere-animale-mammutbackenzahn","12":"pa_marque-laguiole-en-aubracfr","13":"pa_mitres-1-gehrung","14":"pa_mouche-geschmiedet","15":"pa_mouche-prestige","16":"pa_platines-einzelplatin","17":"pa_platines-guilloche-muster","18":"pa_ressort-guilloche","19":"pa_taille-du-manche-12-cm","20":"tm-has-options","23":"instock","24":"taxable","25":"shipping-taxable","26":"purchasable","27":"product-type-simple"},"supplier_id":null,"supplier_sku":"","barcode":null,"atum_controlled":true,"out_stock_date":null,"out_stock_threshold":null,"inheritable":false,"inbound_stock":0,"stock_on_hold":0,"sold_today":0,"sales_last_days":0,"reserved_stock":0,"customer_returns":0,"warehouse_damage":0,"lost_in_post":0,"other_logs":0,"out_stock_days":0,"lost_sales":0,"has_location":false,"update_date":"2026-04-29T00:37:16","atum_locations":[],"atum_stock_status":"instock","restock_status":false,"low_stock_amount":"","sales_update_date":"2026-04-29T00:37:16","calc_backorders":0,"acf":[],"yoast_head":"<!-- This site is optimized with the Yoast SEO plugin v27.3 - https:\/\/yoast.com\/product\/yoast-seo-wordpress\/ -->\n<title>Laguiole Prestige Messer in der Aubrac Cosmos Kollektion &quot;Space&quot; 1 St\u00fcck 12 cm Vollgriff aus roter Wurzel guillochierte Federteller aus Messing Fly Plate Special Space Theme - Laguiole.com \u00ae<\/title>\n<meta name=\"description\" content=\"Das Laguiole Space Messer zeichnet sich durch seine extravaganten Farben aus, die an den Tanz des Feuers in der Dunkelheit der kosmischen Leere erinnern\" \/>\n<meta name=\"robots\" content=\"index, follow, max-snippet:-1, max-image-preview:large, max-video-preview:-1\" \/>\n<link rel=\"canonical\" href=\"https:\/\/laguiole.com\/de\/produit\/laguiole-prestige-messer-in-der-aubrac-cosmos-kollektion-space-1-stueck-12-cm-vollgriff-aus-roter-wurzel-guillochierte-federteller-aus-messing-fly-plate-special-space-theme-2\/\" \/>\n<meta property=\"og:locale\" content=\"de_DE\" \/>\n<meta property=\"og:type\" content=\"article\" \/>\n<meta property=\"og:title\" content=\"Laguiole Prestige Messer in der Aubrac Cosmos Kollektion &quot;Space&quot; 1 St\u00fcck 12 cm Vollgriff aus roter Wurzel guillochierte Federteller aus Messing Fly Plate Special Space Theme - Laguiole.com \u00ae\" \/>\n<meta property=\"og:description\" content=\"Das Laguiole Space Messer zeichnet sich durch seine extravaganten Farben aus, die an den Tanz des Feuers in der Dunkelheit der kosmischen Leere erinnern\" \/>\n<meta property=\"og:url\" content=\"https:\/\/laguiole.com\/de\/produit\/laguiole-prestige-messer-in-der-aubrac-cosmos-kollektion-space-1-stueck-12-cm-vollgriff-aus-roter-wurzel-guillochierte-federteller-aus-messing-fly-plate-special-space-theme-2\/\" \/>\n<meta property=\"og:site_name\" content=\"Laguiole.com \u00ae\" \/>\n<meta property=\"article:publisher\" content=\"https:\/\/www.facebook.com\/laguiolecom\/\" \/>\n<meta property=\"article:modified_time\" content=\"2025-12-14T16:21:59+00:00\" \/>\n<meta property=\"og:image\" content=\"https:\/\/laguiole.com\/wp-content\/uploads\/2023\/08\/logo_laguiole_com_\u00ae_300dpi_Noir_et_Blanc.jpg\" \/>\n\t<meta property=\"og:image:width\" content=\"1920\" \/>\n\t<meta property=\"og:image:height\" content=\"854\" \/>\n\t<meta property=\"og:image:type\" content=\"image\/jpeg\" \/>\n<meta name=\"twitter:card\" content=\"summary_large_image\" \/>\n<meta name=\"twitter:label1\" content=\"Gesch\u00e4tzte Lesezeit\" \/>\n\t<meta name=\"twitter:data1\" content=\"2\u00a0Minute\" \/>\n<script type=\"application\/ld+json\" class=\"yoast-schema-graph\">{\"@context\":\"https:\\\/\\\/schema.org\",\"@graph\":[{\"@type\":\"WebPage\",\"@id\":\"https:\\\/\\\/laguiole.com\\\/de\\\/produit\\\/laguiole-prestige-messer-in-der-aubrac-cosmos-kollektion-space-1-stueck-12-cm-vollgriff-aus-roter-wurzel-guillochierte-federteller-aus-messing-fly-plate-special-space-theme-2\\\/\",\"url\":\"https:\\\/\\\/laguiole.com\\\/de\\\/produit\\\/laguiole-prestige-messer-in-der-aubrac-cosmos-kollektion-space-1-stueck-12-cm-vollgriff-aus-roter-wurzel-guillochierte-federteller-aus-messing-fly-plate-special-space-theme-2\\\/\",\"name\":\"Laguiole Prestige Messer in der Aubrac Cosmos Kollektion \\\"Space\\\" 1 St\u00fcck 12 cm Vollgriff aus roter Wurzel guillochierte Federteller aus Messing Fly Plate Special Space Theme - Laguiole.com \u00ae\",\"isPartOf\":{\"@id\":\"https:\\\/\\\/laguiole.com\\\/de\\\/#website\"},\"datePublished\":\"2025-12-08T16:58:37+00:00\",\"dateModified\":\"2025-12-14T16:21:59+00:00\",\"description\":\"Das Laguiole Space Messer zeichnet sich durch seine extravaganten Farben aus, die an den Tanz des Feuers in der Dunkelheit der kosmischen Leere erinnern\",\"breadcrumb\":{\"@id\":\"https:\\\/\\\/laguiole.com\\\/de\\\/produit\\\/laguiole-prestige-messer-in-der-aubrac-cosmos-kollektion-space-1-stueck-12-cm-vollgriff-aus-roter-wurzel-guillochierte-federteller-aus-messing-fly-plate-special-space-theme-2\\\/#breadcrumb\"},\"inLanguage\":\"de\",\"potentialAction\":[{\"@type\":\"ReadAction\",\"target\":[\"https:\\\/\\\/laguiole.com\\\/de\\\/produit\\\/laguiole-prestige-messer-in-der-aubrac-cosmos-kollektion-space-1-stueck-12-cm-vollgriff-aus-roter-wurzel-guillochierte-federteller-aus-messing-fly-plate-special-space-theme-2\\\/\"]}]},{\"@type\":\"BreadcrumbList\",\"@id\":\"https:\\\/\\\/laguiole.com\\\/de\\\/produit\\\/laguiole-prestige-messer-in-der-aubrac-cosmos-kollektion-space-1-stueck-12-cm-vollgriff-aus-roter-wurzel-guillochierte-federteller-aus-messing-fly-plate-special-space-theme-2\\\/#breadcrumb\",\"itemListElement\":[{\"@type\":\"ListItem\",\"position\":1,\"name\":\"Accueil\",\"item\":\"https:\\\/\\\/laguiole.com\\\/de\\\/\"},{\"@type\":\"ListItem\",\"position\":2,\"name\":\"Shop\",\"item\":\"https:\\\/\\\/laguiole.com\\\/de\\\/shop-2\\\/\"},{\"@type\":\"ListItem\",\"position\":3,\"name\":\"Laguiole Prestige Messer in der Aubrac Cosmos Kollektion &#8220;Space&#8221; 1 St\u00fcck 12 cm Vollgriff aus roter Wurzel guillochierte Federteller aus Messing Fly Plate Special Space Theme\"}]},{\"@type\":\"WebSite\",\"@id\":\"https:\\\/\\\/laguiole.com\\\/de\\\/#website\",\"url\":\"https:\\\/\\\/laguiole.com\\\/de\\\/\",\"name\":\"Laguiole.com\",\"description\":\"Laguiole - Couteau laguiole, Chateau Laguiole, Laguiole en Aubrac, Forge de Laguiole\",\"publisher\":{\"@id\":\"https:\\\/\\\/laguiole.com\\\/de\\\/#organization\"},\"potentialAction\":[{\"@type\":\"SearchAction\",\"target\":{\"@type\":\"EntryPoint\",\"urlTemplate\":\"https:\\\/\\\/laguiole.com\\\/de\\\/?s={search_term_string}\"},\"query-input\":{\"@type\":\"PropertyValueSpecification\",\"valueRequired\":true,\"valueName\":\"search_term_string\"}}],\"inLanguage\":\"de\"},{\"@type\":\"Organization\",\"@id\":\"https:\\\/\\\/laguiole.com\\\/de\\\/#organization\",\"name\":\"Laguiole.com\",\"url\":\"https:\\\/\\\/laguiole.com\\\/de\\\/\",\"logo\":{\"@type\":\"ImageObject\",\"inLanguage\":\"de\",\"@id\":\"https:\\\/\\\/laguiole.com\\\/de\\\/#\\\/schema\\\/logo\\\/image\\\/\",\"url\":\"https:\\\/\\\/laguiole.com\\\/wp-content\\\/uploads\\\/2021\\\/02\\\/logo_laguiole.com-horizontal.jpg\",\"contentUrl\":\"https:\\\/\\\/laguiole.com\\\/wp-content\\\/uploads\\\/2021\\\/02\\\/logo_laguiole.com-horizontal.jpg\",\"width\":490,\"height\":156,\"caption\":\"Laguiole.com\"},\"image\":{\"@id\":\"https:\\\/\\\/laguiole.com\\\/de\\\/#\\\/schema\\\/logo\\\/image\\\/\"},\"sameAs\":[\"https:\\\/\\\/www.facebook.com\\\/laguiolecom\\\/\",\"https:\\\/\\\/www.instagram.com\\\/laguiolecom\\\/\",\"https:\\\/\\\/www.youtube.com\\\/@laguiolecom\\\/videos\"]}]}<\/script>\n<!-- \/ Yoast SEO plugin. -->","yoast_head_json":{"title":"Laguiole Prestige Messer in der Aubrac Cosmos Kollektion \"Space\" 1 St\u00fcck 12 cm Vollgriff aus roter Wurzel guillochierte Federteller aus Messing Fly Plate Special Space Theme - Laguiole.com \u00ae","description":"Das Laguiole Space Messer zeichnet sich durch seine extravaganten Farben aus, die an den Tanz des Feuers in der Dunkelheit der kosmischen Leere erinnern","robots":{"index":"index","follow":"follow","max-snippet":"max-snippet:-1","max-image-preview":"max-image-preview:large","max-video-preview":"max-video-preview:-1"},"canonical":"https:\/\/laguiole.com\/de\/produit\/laguiole-prestige-messer-in-der-aubrac-cosmos-kollektion-space-1-stueck-12-cm-vollgriff-aus-roter-wurzel-guillochierte-federteller-aus-messing-fly-plate-special-space-theme-2\/","og_locale":"de_DE","og_type":"article","og_title":"Laguiole Prestige Messer in der Aubrac Cosmos Kollektion \"Space\" 1 St\u00fcck 12 cm Vollgriff aus roter Wurzel guillochierte Federteller aus Messing Fly Plate Special Space Theme - Laguiole.com \u00ae","og_description":"Das Laguiole Space Messer zeichnet sich durch seine extravaganten Farben aus, die an den Tanz des Feuers in der Dunkelheit der kosmischen Leere erinnern","og_url":"https:\/\/laguiole.com\/de\/produit\/laguiole-prestige-messer-in-der-aubrac-cosmos-kollektion-space-1-stueck-12-cm-vollgriff-aus-roter-wurzel-guillochierte-federteller-aus-messing-fly-plate-special-space-theme-2\/","og_site_name":"Laguiole.com \u00ae","article_publisher":"https:\/\/www.facebook.com\/laguiolecom\/","article_modified_time":"2025-12-14T16:21:59+00:00","og_image":[{"width":1920,"height":854,"url":"https:\/\/laguiole.com\/wp-content\/uploads\/2023\/08\/logo_laguiole_com_\u00ae_300dpi_Noir_et_Blanc.jpg","type":"image\/jpeg"}],"twitter_card":"summary_large_image","twitter_misc":{"Gesch\u00e4tzte Lesezeit":"2\u00a0Minute"},"schema":{"@context":"https:\/\/schema.org","@graph":[{"@type":"WebPage","@id":"https:\/\/laguiole.com\/de\/produit\/laguiole-prestige-messer-in-der-aubrac-cosmos-kollektion-space-1-stueck-12-cm-vollgriff-aus-roter-wurzel-guillochierte-federteller-aus-messing-fly-plate-special-space-theme-2\/","url":"https:\/\/laguiole.com\/de\/produit\/laguiole-prestige-messer-in-der-aubrac-cosmos-kollektion-space-1-stueck-12-cm-vollgriff-aus-roter-wurzel-guillochierte-federteller-aus-messing-fly-plate-special-space-theme-2\/","name":"Laguiole Prestige Messer in der Aubrac Cosmos Kollektion \"Space\" 1 St\u00fcck 12 cm Vollgriff aus roter Wurzel guillochierte Federteller aus Messing Fly Plate Special Space Theme - Laguiole.com \u00ae","isPartOf":{"@id":"https:\/\/laguiole.com\/de\/#website"},"datePublished":"2025-12-08T16:58:37+00:00","dateModified":"2025-12-14T16:21:59+00:00","description":"Das Laguiole Space Messer zeichnet sich durch seine extravaganten Farben aus, die an den Tanz des Feuers in der Dunkelheit der kosmischen Leere erinnern","breadcrumb":{"@id":"https:\/\/laguiole.com\/de\/produit\/laguiole-prestige-messer-in-der-aubrac-cosmos-kollektion-space-1-stueck-12-cm-vollgriff-aus-roter-wurzel-guillochierte-federteller-aus-messing-fly-plate-special-space-theme-2\/#breadcrumb"},"inLanguage":"de","potentialAction":[{"@type":"ReadAction","target":["https:\/\/laguiole.com\/de\/produit\/laguiole-prestige-messer-in-der-aubrac-cosmos-kollektion-space-1-stueck-12-cm-vollgriff-aus-roter-wurzel-guillochierte-federteller-aus-messing-fly-plate-special-space-theme-2\/"]}]},{"@type":"BreadcrumbList","@id":"https:\/\/laguiole.com\/de\/produit\/laguiole-prestige-messer-in-der-aubrac-cosmos-kollektion-space-1-stueck-12-cm-vollgriff-aus-roter-wurzel-guillochierte-federteller-aus-messing-fly-plate-special-space-theme-2\/#breadcrumb","itemListElement":[{"@type":"ListItem","position":1,"name":"Accueil","item":"https:\/\/laguiole.com\/de\/"},{"@type":"ListItem","position":2,"name":"Shop","item":"https:\/\/laguiole.com\/de\/shop-2\/"},{"@type":"ListItem","position":3,"name":"Laguiole Prestige Messer in der Aubrac Cosmos Kollektion &#8220;Space&#8221; 1 St\u00fcck 12 cm Vollgriff aus roter Wurzel guillochierte Federteller aus Messing Fly Plate Special Space Theme"}]},{"@type":"WebSite","@id":"https:\/\/laguiole.com\/de\/#website","url":"https:\/\/laguiole.com\/de\/","name":"Laguiole.com","description":"Laguiole - Couteau laguiole, Chateau Laguiole, Laguiole en Aubrac, Forge de Laguiole","publisher":{"@id":"https:\/\/laguiole.com\/de\/#organization"},"potentialAction":[{"@type":"SearchAction","target":{"@type":"EntryPoint","urlTemplate":"https:\/\/laguiole.com\/de\/?s={search_term_string}"},"query-input":{"@type":"PropertyValueSpecification","valueRequired":true,"valueName":"search_term_string"}}],"inLanguage":"de"},{"@type":"Organization","@id":"https:\/\/laguiole.com\/de\/#organization","name":"Laguiole.com","url":"https:\/\/laguiole.com\/de\/","logo":{"@type":"ImageObject","inLanguage":"de","@id":"https:\/\/laguiole.com\/de\/#\/schema\/logo\/image\/","url":"https:\/\/laguiole.com\/wp-content\/uploads\/2021\/02\/logo_laguiole.com-horizontal.jpg","contentUrl":"https:\/\/laguiole.com\/wp-content\/uploads\/2021\/02\/logo_laguiole.com-horizontal.jpg","width":490,"height":156,"caption":"Laguiole.com"},"image":{"@id":"https:\/\/laguiole.com\/de\/#\/schema\/logo\/image\/"},"sameAs":["https:\/\/www.facebook.com\/laguiolecom\/","https:\/\/www.instagram.com\/laguiolecom\/","https:\/\/www.youtube.com\/@laguiolecom\/videos"]}]}},"_links":{"self":[{"href":"https:\/\/laguiole.com\/de\/wp-json\/wp\/v2\/product\/47640","targetHints":{"allow":["GET"]}}],"collection":[{"href":"https:\/\/laguiole.com\/de\/wp-json\/wp\/v2\/product"}],"about":[{"href":"https:\/\/laguiole.com\/de\/wp-json\/wp\/v2\/types\/product"}],"version-history":[{"count":2,"href":"https:\/\/laguiole.com\/de\/wp-json\/wp\/v2\/product\/47640\/revisions"}],"predecessor-version":[{"id":48607,"href":"https:\/\/laguiole.com\/de\/wp-json\/wp\/v2\/product\/47640\/revisions\/48607"}],"wp:attachment":[{"href":"https:\/\/laguiole.com\/de\/wp-json\/wp\/v2\/media?parent=47640"}],"wp:term":[{"taxonomy":"product_brand","embeddable":true,"href":"https:\/\/laguiole.com\/de\/wp-json\/wp\/v2\/product_brand?post=47640"},{"taxonomy":"product_cat","embeddable":true,"href":"https:\/\/laguiole.com\/de\/wp-json\/wp\/v2\/product_cat?post=47640"},{"taxonomy":"product_tag","embeddable":true,"href":"https:\/\/laguiole.com\/de\/wp-json\/wp\/v2\/product_tag?post=47640"}],"curies":[{"name":"wp","href":"https:\/\/api.w.org\/{rel}","templated":true}]}}