{"id":47626,"date":"2025-12-08T16:45:53","date_gmt":"2025-12-08T15:45:53","guid":{"rendered":"https:\/\/laguiole.com\/?post_type=product&#038;p=47626"},"modified":"2025-12-14T17:34:36","modified_gmt":"2025-12-14T16:34:36","slug":"laguiole-prestige-messer-in-aubrac-1-stueck-12-cm-voller-griff-aus-mammut-elfenbeinkruste-glatte-feder-und-guilloche-platten-gruener-fliege-spacer-geschmiedet-prestige-stilisiert","status":"publish","type":"product","link":"https:\/\/laguiole.com\/de\/produit\/laguiole-prestige-messer-in-aubrac-1-stueck-12-cm-voller-griff-aus-mammut-elfenbeinkruste-glatte-feder-und-guilloche-platten-gruener-fliege-spacer-geschmiedet-prestige-stilisiert\/","title":{"rendered":"Laguiole Prestige-Messer in Aubrac 1 St\u00fcck 12 cm voller Griff aus Mammut-Elfenbeinkruste glatte Feder und Guilloch\u00e9 Platten gr\u00fcner Fliege-Spacer geschmiedet Prestige stilisiert"},"content":{"rendered":"<p data-start=\"275\" data-end=\"578\">Entdecken Sie ein au\u00dfergew\u00f6hnliches Messer. Ein seltenes St\u00fcck. Eine einzigartige Kreation, gefertigt von einem Meistermesser. Dieses Vollgriffmesser aus <strong data-start=\"406\" data-end=\"437\">riesiger Elfenbeinkruste<\/strong> bietet unvergleichliche Eleganz. Sein Finish ist glatt, gl\u00e4nzend und tief verfeinert. Jedes Detail strahlt Luxus und Authentizit\u00e4t aus.<\/p>\n<p data-start=\"580\" data-end=\"937\">Die <strong data-start=\"584\" data-end=\"608\">Guilloc\u00e9-Platten<\/strong> zeugen von pr\u00e4ziser Handwerkskunst. Die <strong data-start=\"654\" data-end=\"680\">absichtlich glatt geb\u00fcrstete Edelstahlfeder<\/strong> sorgt f\u00fcr eine wundersch\u00f6ne visuelle Harmonie. Zwischen der Hauptplatte und dem riesigen Elfenbein erzeugt ein gr\u00fcner Abstandshalter einen modernen und kr\u00e4ftigen Kontrast. Dieser Farbakzent sublimiert das fossile Material und unterstreicht die Einzigartigkeit des Messers.<\/p>\n<p data-start=\"939\" data-end=\"1126\">Der <strong data-start=\"942\" data-end=\"970\">stilisierte<\/strong>, fein gemei\u00dfelte Prestige-Hemd verleiht dem Design eine starke Signatur. Akribische Arbeit. Elegante Erleichterung. Ein Finish, das den sch\u00f6nsten Sammlermessern w\u00fcrdig ist.<\/p>\n<p data-start=\"1128\" data-end=\"1471\">Das Messer besitzt au\u00dferdem einen <strong data-start=\"1161\" data-end=\"1190\">bl\u00e4ttrigen Damaststiel<\/strong> \u2013 ein wahres Kunstwerk. Die Stahlschichten erzeugen ein nat\u00fcrliches, einzigartiges und faszinierendes Muster. Ein lebhafter, tiefer Damast, voller Charakter.<br data-start=\"1333\" data-end=\"1336\" \/>Auf der linken Seite gibt es kein Sch\u00e4ferkreuz, um eine reine, n\u00fcchterne Linie zu bewahren, die vollst\u00e4ndig der Qualit\u00e4t der Materialien gewidmet ist.<\/p>\n<p data-start=\"1473\" data-end=\"1715\">Dieses riesige, elfenbeinbespannte Messer ist <strong data-start=\"1519\" data-end=\"1539\">ein einzigartiges St\u00fcck<\/strong>, das in einer einzigen Kopie gefertigt wurde. Es existiert kein anderes identisches Modell. Sie investieren in ein exklusives Werk, das von einem Meisterschneider mit tadellosem Know-how geformt wird.<\/p>\n<p data-start=\"1717\" data-end=\"1794\">Ein seltenes Messer. Ein prestigetr\u00e4chtiges Messer. Ein Messer, das nur du besitzen wirst.<\/p>\n<hr data-start=\"2121\" data-end=\"2124\" \/>\n<h1 data-start=\"2126\" data-end=\"2135\"><\/h1>\n","protected":false},"excerpt":{"rendered":"<p>Laguiole-Klappmesser in Aubrac Prestige-Griff<br \/>\naus Mammut-Elfenbein-Kruste mit glatter und gl\u00e4nzender<br \/>\nOberfl\u00e4che Vollgriff<br \/>\ngeb\u00fcrstete Edelstahlklinge mit Lasche<br \/>\nGlatte Feder in geb\u00fcrsteten<br \/>\nEdelstahl-Guilloch\u00e9-Platten<br \/>\nfein gearbeitet<br \/>\nPrestige geschmiedeter Fliegen geschmiedet Prestige Kein Sch\u00e4ferkreuz auf der linken Seite des Griffs<br \/>\nLaminierte Damaskusklinge<\/p>\n<p>ST\u00dcCK UNIKAT<\/p>\n<p>Dieses Laguiole-Messer kommt mit seinem Zertifikat und in einem braunen Lederetui<\/p>\n<p>Klingenl\u00e4nge 10 cm<br \/>\ngeschlossenes Messer L\u00e4nge 12 cm<br \/>\noffenes Messer L\u00e4nge 22 cm<\/p>\n","protected":false},"featured_media":47822,"template":"","meta":{"_acf_changed":false,"_monsterinsights_skip_tracking":false,"_monsterinsights_sitenote_active":false,"_monsterinsights_sitenote_note":"","_monsterinsights_sitenote_category":0},"product_brand":[],"product_cat":[5938,5939,5943],"product_tag":[],"class_list":{"0":"post-47626","1":"product","2":"type-product","3":"status-publish","4":"has-post-thumbnail","6":"product_cat-klappmesser","7":"product_cat-laguiole-klappmesser","8":"product_cat-laguiole-prestiges-messer","9":"pa_composition-couteau-1-stueck-nur-klinge","10":"pa_finition-brillant","11":"pa_lame-damaskus","12":"pa_manche-en-matiere-animale-mammut-elfenbeinkruste","13":"pa_marque-laguiole-en-aubracfr","14":"pa_mitres-ohne-gehrung-vollstaendige-huelse","15":"pa_mouche-geschmiedet","16":"pa_mouche-prestige","17":"pa_platines-einzelplatin","18":"pa_platines-guilloche-muster","19":"pa_ressort-glatt","20":"pa_taille-du-manche-12-cm","21":"tm-has-options","24":"instock","25":"taxable","26":"shipping-taxable","27":"purchasable","28":"product-type-simple"},"supplier_id":null,"supplier_sku":"","barcode":null,"atum_controlled":true,"out_stock_date":null,"out_stock_threshold":null,"inheritable":false,"inbound_stock":0,"stock_on_hold":0,"sold_today":0,"sales_last_days":0,"reserved_stock":0,"customer_returns":0,"warehouse_damage":0,"lost_in_post":0,"other_logs":0,"out_stock_days":0,"lost_sales":0,"has_location":false,"update_date":"2026-05-11T00:53:47","atum_locations":[],"atum_stock_status":"instock","restock_status":false,"low_stock_amount":"","sales_update_date":"2026-05-11T00:53:47","calc_backorders":0,"acf":[],"yoast_head":"<!-- This site is optimized with the Yoast SEO plugin v27.3 - https:\/\/yoast.com\/product\/yoast-seo-wordpress\/ -->\n<title>Mammut-Elfenbeinmesser \u2013 Einzigartiges St\u00fcck<\/title>\n<meta name=\"description\" content=\"Mammut-Elfenbein-Krustenmesser, Guilloch\u00e9platten, geb\u00fcrstete Edelstahlfeder, gemei\u00dfelte Prestige-Fliege. Einzigartige Kreation eines Meistermessers.\" \/>\n<meta name=\"robots\" content=\"index, follow, max-snippet:-1, max-image-preview:large, max-video-preview:-1\" \/>\n<link rel=\"canonical\" href=\"https:\/\/laguiole.com\/de\/produit\/laguiole-prestige-messer-in-aubrac-1-stueck-12-cm-voller-griff-aus-mammut-elfenbeinkruste-glatte-feder-und-guilloche-platten-gruener-fliege-spacer-geschmiedet-prestige-stilisiert\/\" \/>\n<meta property=\"og:locale\" content=\"de_DE\" \/>\n<meta property=\"og:type\" content=\"article\" \/>\n<meta property=\"og:title\" content=\"Mammut-Elfenbeinmesser \u2013 Einzigartiges St\u00fcck\" \/>\n<meta property=\"og:description\" content=\"Mammut-Elfenbein-Krustenmesser, Guilloch\u00e9platten, geb\u00fcrstete Edelstahlfeder, gemei\u00dfelte Prestige-Fliege. Einzigartige Kreation eines Meistermessers.\" \/>\n<meta property=\"og:url\" content=\"https:\/\/laguiole.com\/de\/produit\/laguiole-prestige-messer-in-aubrac-1-stueck-12-cm-voller-griff-aus-mammut-elfenbeinkruste-glatte-feder-und-guilloche-platten-gruener-fliege-spacer-geschmiedet-prestige-stilisiert\/\" \/>\n<meta property=\"og:site_name\" content=\"Laguiole.com \u00ae\" \/>\n<meta property=\"article:publisher\" content=\"https:\/\/www.facebook.com\/laguiolecom\/\" \/>\n<meta property=\"article:modified_time\" content=\"2025-12-14T16:34:36+00:00\" \/>\n<meta property=\"og:image\" content=\"https:\/\/laguiole.com\/wp-content\/uploads\/2025\/12\/COUTEA1-2.jpg\" \/>\n\t<meta property=\"og:image:width\" content=\"1033\" \/>\n\t<meta property=\"og:image:height\" content=\"1033\" \/>\n\t<meta property=\"og:image:type\" content=\"image\/jpeg\" \/>\n<meta name=\"twitter:card\" content=\"summary_large_image\" \/>\n<meta name=\"twitter:label1\" content=\"Gesch\u00e4tzte Lesezeit\" \/>\n\t<meta name=\"twitter:data1\" content=\"2\u00a0Minute\" \/>\n<script type=\"application\/ld+json\" class=\"yoast-schema-graph\">{\"@context\":\"https:\\\/\\\/schema.org\",\"@graph\":[{\"@type\":\"WebPage\",\"@id\":\"https:\\\/\\\/laguiole.com\\\/de\\\/produit\\\/laguiole-prestige-messer-in-aubrac-1-stueck-12-cm-voller-griff-aus-mammut-elfenbeinkruste-glatte-feder-und-guilloche-platten-gruener-fliege-spacer-geschmiedet-prestige-stilisiert\\\/\",\"url\":\"https:\\\/\\\/laguiole.com\\\/de\\\/produit\\\/laguiole-prestige-messer-in-aubrac-1-stueck-12-cm-voller-griff-aus-mammut-elfenbeinkruste-glatte-feder-und-guilloche-platten-gruener-fliege-spacer-geschmiedet-prestige-stilisiert\\\/\",\"name\":\"Mammut-Elfenbeinmesser \u2013 Einzigartiges St\u00fcck\",\"isPartOf\":{\"@id\":\"https:\\\/\\\/laguiole.com\\\/de\\\/#website\"},\"primaryImageOfPage\":{\"@id\":\"https:\\\/\\\/laguiole.com\\\/de\\\/produit\\\/laguiole-prestige-messer-in-aubrac-1-stueck-12-cm-voller-griff-aus-mammut-elfenbeinkruste-glatte-feder-und-guilloche-platten-gruener-fliege-spacer-geschmiedet-prestige-stilisiert\\\/#primaryimage\"},\"image\":{\"@id\":\"https:\\\/\\\/laguiole.com\\\/de\\\/produit\\\/laguiole-prestige-messer-in-aubrac-1-stueck-12-cm-voller-griff-aus-mammut-elfenbeinkruste-glatte-feder-und-guilloche-platten-gruener-fliege-spacer-geschmiedet-prestige-stilisiert\\\/#primaryimage\"},\"thumbnailUrl\":\"https:\\\/\\\/laguiole.com\\\/wp-content\\\/uploads\\\/2025\\\/12\\\/COUTEA1-2.jpg\",\"datePublished\":\"2025-12-08T15:45:53+00:00\",\"dateModified\":\"2025-12-14T16:34:36+00:00\",\"description\":\"Mammut-Elfenbein-Krustenmesser, Guilloch\u00e9platten, geb\u00fcrstete Edelstahlfeder, gemei\u00dfelte Prestige-Fliege. Einzigartige Kreation eines Meistermessers.\",\"breadcrumb\":{\"@id\":\"https:\\\/\\\/laguiole.com\\\/de\\\/produit\\\/laguiole-prestige-messer-in-aubrac-1-stueck-12-cm-voller-griff-aus-mammut-elfenbeinkruste-glatte-feder-und-guilloche-platten-gruener-fliege-spacer-geschmiedet-prestige-stilisiert\\\/#breadcrumb\"},\"inLanguage\":\"de\",\"potentialAction\":[{\"@type\":\"ReadAction\",\"target\":[\"https:\\\/\\\/laguiole.com\\\/de\\\/produit\\\/laguiole-prestige-messer-in-aubrac-1-stueck-12-cm-voller-griff-aus-mammut-elfenbeinkruste-glatte-feder-und-guilloche-platten-gruener-fliege-spacer-geschmiedet-prestige-stilisiert\\\/\"]}]},{\"@type\":\"ImageObject\",\"inLanguage\":\"de\",\"@id\":\"https:\\\/\\\/laguiole.com\\\/de\\\/produit\\\/laguiole-prestige-messer-in-aubrac-1-stueck-12-cm-voller-griff-aus-mammut-elfenbeinkruste-glatte-feder-und-guilloche-platten-gruener-fliege-spacer-geschmiedet-prestige-stilisiert\\\/#primaryimage\",\"url\":\"https:\\\/\\\/laguiole.com\\\/wp-content\\\/uploads\\\/2025\\\/12\\\/COUTEA1-2.jpg\",\"contentUrl\":\"https:\\\/\\\/laguiole.com\\\/wp-content\\\/uploads\\\/2025\\\/12\\\/COUTEA1-2.jpg\",\"width\":1033,\"height\":1033,\"caption\":\"Laguiole Prestige-Messer in Aubrac 1 St\u00fcck 12 cm voller Griff aus Mammut-Elfenbeinkruste glatte Feder und Guilloch\u00e9 Platten gr\u00fcner Fliege-Spacer geschmiedet Prestige stilisiert\"},{\"@type\":\"BreadcrumbList\",\"@id\":\"https:\\\/\\\/laguiole.com\\\/de\\\/produit\\\/laguiole-prestige-messer-in-aubrac-1-stueck-12-cm-voller-griff-aus-mammut-elfenbeinkruste-glatte-feder-und-guilloche-platten-gruener-fliege-spacer-geschmiedet-prestige-stilisiert\\\/#breadcrumb\",\"itemListElement\":[{\"@type\":\"ListItem\",\"position\":1,\"name\":\"Accueil\",\"item\":\"https:\\\/\\\/laguiole.com\\\/de\\\/\"},{\"@type\":\"ListItem\",\"position\":2,\"name\":\"Shop\",\"item\":\"https:\\\/\\\/laguiole.com\\\/de\\\/shop-2\\\/\"},{\"@type\":\"ListItem\",\"position\":3,\"name\":\"Laguiole Prestige-Messer in Aubrac 1 St\u00fcck 12 cm voller Griff aus Mammut-Elfenbeinkruste glatte Feder und Guilloch\u00e9 Platten gr\u00fcner Fliege-Spacer geschmiedet Prestige stilisiert\"}]},{\"@type\":\"WebSite\",\"@id\":\"https:\\\/\\\/laguiole.com\\\/de\\\/#website\",\"url\":\"https:\\\/\\\/laguiole.com\\\/de\\\/\",\"name\":\"Laguiole.com\",\"description\":\"Laguiole - Couteau laguiole, Chateau Laguiole, Laguiole en Aubrac, Forge de Laguiole\",\"publisher\":{\"@id\":\"https:\\\/\\\/laguiole.com\\\/de\\\/#organization\"},\"potentialAction\":[{\"@type\":\"SearchAction\",\"target\":{\"@type\":\"EntryPoint\",\"urlTemplate\":\"https:\\\/\\\/laguiole.com\\\/de\\\/?s={search_term_string}\"},\"query-input\":{\"@type\":\"PropertyValueSpecification\",\"valueRequired\":true,\"valueName\":\"search_term_string\"}}],\"inLanguage\":\"de\"},{\"@type\":\"Organization\",\"@id\":\"https:\\\/\\\/laguiole.com\\\/de\\\/#organization\",\"name\":\"Laguiole.com\",\"url\":\"https:\\\/\\\/laguiole.com\\\/de\\\/\",\"logo\":{\"@type\":\"ImageObject\",\"inLanguage\":\"de\",\"@id\":\"https:\\\/\\\/laguiole.com\\\/de\\\/#\\\/schema\\\/logo\\\/image\\\/\",\"url\":\"https:\\\/\\\/laguiole.com\\\/wp-content\\\/uploads\\\/2021\\\/02\\\/logo_laguiole.com-horizontal.jpg\",\"contentUrl\":\"https:\\\/\\\/laguiole.com\\\/wp-content\\\/uploads\\\/2021\\\/02\\\/logo_laguiole.com-horizontal.jpg\",\"width\":490,\"height\":156,\"caption\":\"Laguiole.com\"},\"image\":{\"@id\":\"https:\\\/\\\/laguiole.com\\\/de\\\/#\\\/schema\\\/logo\\\/image\\\/\"},\"sameAs\":[\"https:\\\/\\\/www.facebook.com\\\/laguiolecom\\\/\",\"https:\\\/\\\/www.instagram.com\\\/laguiolecom\\\/\",\"https:\\\/\\\/www.youtube.com\\\/@laguiolecom\\\/videos\"]}]}<\/script>\n<!-- \/ Yoast SEO plugin. -->","yoast_head_json":{"title":"Mammut-Elfenbeinmesser \u2013 Einzigartiges St\u00fcck","description":"Mammut-Elfenbein-Krustenmesser, Guilloch\u00e9platten, geb\u00fcrstete Edelstahlfeder, gemei\u00dfelte Prestige-Fliege. Einzigartige Kreation eines Meistermessers.","robots":{"index":"index","follow":"follow","max-snippet":"max-snippet:-1","max-image-preview":"max-image-preview:large","max-video-preview":"max-video-preview:-1"},"canonical":"https:\/\/laguiole.com\/de\/produit\/laguiole-prestige-messer-in-aubrac-1-stueck-12-cm-voller-griff-aus-mammut-elfenbeinkruste-glatte-feder-und-guilloche-platten-gruener-fliege-spacer-geschmiedet-prestige-stilisiert\/","og_locale":"de_DE","og_type":"article","og_title":"Mammut-Elfenbeinmesser \u2013 Einzigartiges St\u00fcck","og_description":"Mammut-Elfenbein-Krustenmesser, Guilloch\u00e9platten, geb\u00fcrstete Edelstahlfeder, gemei\u00dfelte Prestige-Fliege. Einzigartige Kreation eines Meistermessers.","og_url":"https:\/\/laguiole.com\/de\/produit\/laguiole-prestige-messer-in-aubrac-1-stueck-12-cm-voller-griff-aus-mammut-elfenbeinkruste-glatte-feder-und-guilloche-platten-gruener-fliege-spacer-geschmiedet-prestige-stilisiert\/","og_site_name":"Laguiole.com \u00ae","article_publisher":"https:\/\/www.facebook.com\/laguiolecom\/","article_modified_time":"2025-12-14T16:34:36+00:00","og_image":[{"width":1033,"height":1033,"url":"https:\/\/laguiole.com\/wp-content\/uploads\/2025\/12\/COUTEA1-2.jpg","type":"image\/jpeg"}],"twitter_card":"summary_large_image","twitter_misc":{"Gesch\u00e4tzte Lesezeit":"2\u00a0Minute"},"schema":{"@context":"https:\/\/schema.org","@graph":[{"@type":"WebPage","@id":"https:\/\/laguiole.com\/de\/produit\/laguiole-prestige-messer-in-aubrac-1-stueck-12-cm-voller-griff-aus-mammut-elfenbeinkruste-glatte-feder-und-guilloche-platten-gruener-fliege-spacer-geschmiedet-prestige-stilisiert\/","url":"https:\/\/laguiole.com\/de\/produit\/laguiole-prestige-messer-in-aubrac-1-stueck-12-cm-voller-griff-aus-mammut-elfenbeinkruste-glatte-feder-und-guilloche-platten-gruener-fliege-spacer-geschmiedet-prestige-stilisiert\/","name":"Mammut-Elfenbeinmesser \u2013 Einzigartiges St\u00fcck","isPartOf":{"@id":"https:\/\/laguiole.com\/de\/#website"},"primaryImageOfPage":{"@id":"https:\/\/laguiole.com\/de\/produit\/laguiole-prestige-messer-in-aubrac-1-stueck-12-cm-voller-griff-aus-mammut-elfenbeinkruste-glatte-feder-und-guilloche-platten-gruener-fliege-spacer-geschmiedet-prestige-stilisiert\/#primaryimage"},"image":{"@id":"https:\/\/laguiole.com\/de\/produit\/laguiole-prestige-messer-in-aubrac-1-stueck-12-cm-voller-griff-aus-mammut-elfenbeinkruste-glatte-feder-und-guilloche-platten-gruener-fliege-spacer-geschmiedet-prestige-stilisiert\/#primaryimage"},"thumbnailUrl":"https:\/\/laguiole.com\/wp-content\/uploads\/2025\/12\/COUTEA1-2.jpg","datePublished":"2025-12-08T15:45:53+00:00","dateModified":"2025-12-14T16:34:36+00:00","description":"Mammut-Elfenbein-Krustenmesser, Guilloch\u00e9platten, geb\u00fcrstete Edelstahlfeder, gemei\u00dfelte Prestige-Fliege. Einzigartige Kreation eines Meistermessers.","breadcrumb":{"@id":"https:\/\/laguiole.com\/de\/produit\/laguiole-prestige-messer-in-aubrac-1-stueck-12-cm-voller-griff-aus-mammut-elfenbeinkruste-glatte-feder-und-guilloche-platten-gruener-fliege-spacer-geschmiedet-prestige-stilisiert\/#breadcrumb"},"inLanguage":"de","potentialAction":[{"@type":"ReadAction","target":["https:\/\/laguiole.com\/de\/produit\/laguiole-prestige-messer-in-aubrac-1-stueck-12-cm-voller-griff-aus-mammut-elfenbeinkruste-glatte-feder-und-guilloche-platten-gruener-fliege-spacer-geschmiedet-prestige-stilisiert\/"]}]},{"@type":"ImageObject","inLanguage":"de","@id":"https:\/\/laguiole.com\/de\/produit\/laguiole-prestige-messer-in-aubrac-1-stueck-12-cm-voller-griff-aus-mammut-elfenbeinkruste-glatte-feder-und-guilloche-platten-gruener-fliege-spacer-geschmiedet-prestige-stilisiert\/#primaryimage","url":"https:\/\/laguiole.com\/wp-content\/uploads\/2025\/12\/COUTEA1-2.jpg","contentUrl":"https:\/\/laguiole.com\/wp-content\/uploads\/2025\/12\/COUTEA1-2.jpg","width":1033,"height":1033,"caption":"Laguiole Prestige-Messer in Aubrac 1 St\u00fcck 12 cm voller Griff aus Mammut-Elfenbeinkruste glatte Feder und Guilloch\u00e9 Platten gr\u00fcner Fliege-Spacer geschmiedet Prestige stilisiert"},{"@type":"BreadcrumbList","@id":"https:\/\/laguiole.com\/de\/produit\/laguiole-prestige-messer-in-aubrac-1-stueck-12-cm-voller-griff-aus-mammut-elfenbeinkruste-glatte-feder-und-guilloche-platten-gruener-fliege-spacer-geschmiedet-prestige-stilisiert\/#breadcrumb","itemListElement":[{"@type":"ListItem","position":1,"name":"Accueil","item":"https:\/\/laguiole.com\/de\/"},{"@type":"ListItem","position":2,"name":"Shop","item":"https:\/\/laguiole.com\/de\/shop-2\/"},{"@type":"ListItem","position":3,"name":"Laguiole Prestige-Messer in Aubrac 1 St\u00fcck 12 cm voller Griff aus Mammut-Elfenbeinkruste glatte Feder und Guilloch\u00e9 Platten gr\u00fcner Fliege-Spacer geschmiedet Prestige stilisiert"}]},{"@type":"WebSite","@id":"https:\/\/laguiole.com\/de\/#website","url":"https:\/\/laguiole.com\/de\/","name":"Laguiole.com","description":"Laguiole - Couteau laguiole, Chateau Laguiole, Laguiole en Aubrac, Forge de Laguiole","publisher":{"@id":"https:\/\/laguiole.com\/de\/#organization"},"potentialAction":[{"@type":"SearchAction","target":{"@type":"EntryPoint","urlTemplate":"https:\/\/laguiole.com\/de\/?s={search_term_string}"},"query-input":{"@type":"PropertyValueSpecification","valueRequired":true,"valueName":"search_term_string"}}],"inLanguage":"de"},{"@type":"Organization","@id":"https:\/\/laguiole.com\/de\/#organization","name":"Laguiole.com","url":"https:\/\/laguiole.com\/de\/","logo":{"@type":"ImageObject","inLanguage":"de","@id":"https:\/\/laguiole.com\/de\/#\/schema\/logo\/image\/","url":"https:\/\/laguiole.com\/wp-content\/uploads\/2021\/02\/logo_laguiole.com-horizontal.jpg","contentUrl":"https:\/\/laguiole.com\/wp-content\/uploads\/2021\/02\/logo_laguiole.com-horizontal.jpg","width":490,"height":156,"caption":"Laguiole.com"},"image":{"@id":"https:\/\/laguiole.com\/de\/#\/schema\/logo\/image\/"},"sameAs":["https:\/\/www.facebook.com\/laguiolecom\/","https:\/\/www.instagram.com\/laguiolecom\/","https:\/\/www.youtube.com\/@laguiolecom\/videos"]}]}},"_links":{"self":[{"href":"https:\/\/laguiole.com\/de\/wp-json\/wp\/v2\/product\/47626","targetHints":{"allow":["GET"]}}],"collection":[{"href":"https:\/\/laguiole.com\/de\/wp-json\/wp\/v2\/product"}],"about":[{"href":"https:\/\/laguiole.com\/de\/wp-json\/wp\/v2\/types\/product"}],"version-history":[{"count":2,"href":"https:\/\/laguiole.com\/de\/wp-json\/wp\/v2\/product\/47626\/revisions"}],"predecessor-version":[{"id":48621,"href":"https:\/\/laguiole.com\/de\/wp-json\/wp\/v2\/product\/47626\/revisions\/48621"}],"wp:featuredmedia":[{"embeddable":true,"href":"https:\/\/laguiole.com\/de\/wp-json\/wp\/v2\/media\/47822"}],"wp:attachment":[{"href":"https:\/\/laguiole.com\/de\/wp-json\/wp\/v2\/media?parent=47626"}],"wp:term":[{"taxonomy":"product_brand","embeddable":true,"href":"https:\/\/laguiole.com\/de\/wp-json\/wp\/v2\/product_brand?post=47626"},{"taxonomy":"product_cat","embeddable":true,"href":"https:\/\/laguiole.com\/de\/wp-json\/wp\/v2\/product_cat?post=47626"},{"taxonomy":"product_tag","embeddable":true,"href":"https:\/\/laguiole.com\/de\/wp-json\/wp\/v2\/product_tag?post=47626"}],"curies":[{"name":"wp","href":"https:\/\/api.w.org\/{rel}","templated":true}]}}