{"id":47412,"date":"2025-12-07T17:09:56","date_gmt":"2025-12-07T16:09:56","guid":{"rendered":"https:\/\/laguiole.com\/?post_type=product&#038;p=47412"},"modified":"2025-12-14T17:51:48","modified_gmt":"2025-12-14T16:51:48","slug":"laguiole-messer-in-aubrac-1-stueck-12-cm-griff-aus-weissem-mammut-elfenbein-doppelplatten-und-feder-guilloche-von-hand-2-bolster-geschmiedeter-fliegen-damaskusklinge-glaenzendes-finish","status":"publish","type":"product","link":"https:\/\/laguiole.com\/de\/produit\/laguiole-messer-in-aubrac-1-stueck-12-cm-griff-aus-weissem-mammut-elfenbein-doppelplatten-und-feder-guilloche-von-hand-2-bolster-geschmiedeter-fliegen-damaskusklinge-glaenzendes-finish\/","title":{"rendered":"Laguiole-Messer in Aubrac 1 St\u00fcck 12 cm Griff aus wei\u00dfem Mammut-Elfenbein, Doppelplatten und Feder-Guilloch\u00e9 von Hand 2 Bolster, geschmiedeter Fliegen-Damaskusklinge, gl\u00e4nzendes Finish"},"content":{"rendered":"<h1 data-start=\"179\" data-end=\"268\"><strong data-start=\"184\" data-end=\"268\"> Laguiole Doppel-Platin-Messer aus wei\u00dfem Mammut-Elfenbein<\/strong><\/h1>\n<h2 data-start=\"270\" data-end=\"325\">Ein au\u00dfergew\u00f6hnliches wei\u00dfes Mammut-Elfenbeinmesser<\/h2>\n<p data-start=\"326\" data-end=\"737\">Das <strong data-start=\"329\" data-end=\"364\">Laguiole-Doppelplatin-Messer<\/strong> verf\u00fchrt sofort mit seinem <strong data-start=\"394\" data-end=\"432\">wei\u00dfen, mammutartigen Elfenbein-Griff<\/strong>. Dieses tausend Jahre alte Material stammt aus versteinerten \u00dcberresten und ist \u00e4u\u00dferst selten. Jeder Griff zeigt einzigartige Farbt\u00f6ne, die von reinem Wei\u00df bis zu Cremet\u00f6nen reichen. So wird jedes Messer zu einem einzigartigen Teil, das sich von allen anderen unterscheidet. Es verbindet <strong data-start=\"691\" data-end=\"736\">Geschichte, Handwerkskunst und nat\u00fcrliche Eleganz<\/strong>.<\/p>\n<h2 data-start=\"739\" data-end=\"801\">Hand-Guilloch\u00e9-Rahmen f\u00fcr elegantes Design<\/h2>\n<p data-start=\"802\" data-end=\"1149\">Die <strong data-start=\"806\" data-end=\"847\">hand-guilloch\u00e9 Doppelplatten<\/strong> heben den Hals und den Stahl hervor. Dank dieser pr\u00e4zisen Arbeit gewinnt das Messer an Verfeinerung. Jedes Muster betont die handwerkliche Qualit\u00e4t und schafft einen subtilen Kontrast zwischen dem Wei\u00df des Elfenbeins und dem polierten Stahl. Dadurch sticht das Messer sofort durch sein Gleichgewicht und seine Sch\u00f6nheit hervor.<\/p>\n<h2 data-start=\"1151\" data-end=\"1194\">Eine geschmiedete Feder und eine gemei\u00dfelte Fliege<\/h2>\n<p data-start=\"1195\" data-end=\"1494\">Die <strong data-start=\"1198\" data-end=\"1215\">geschmiedete Feder<\/strong> sorgt sowohl f\u00fcr Festigkeit als auch f\u00fcr Stil. Sie f\u00fcgt sich harmonisch in das Gesamtdesign ein und bleibt dabei funktional. Au\u00dferdem unterstreicht die <strong data-start=\"1339\" data-end=\"1376\">geschmiedete und fein gemei\u00dfelte Fliege<\/strong> die Identit\u00e4t des Messers. Es f\u00e4llt auf und zeugt von der traditionellen Handwerkskunst von Laguiole.<\/p>\n<h2 data-start=\"1496\" data-end=\"1547\">Eine Damaststahlklinge, robust und \u00e4sthetisch<\/h2>\n<p data-start=\"1548\" data-end=\"1811\">Die <strong data-start=\"1551\" data-end=\"1574\">Damaskusstahlklinge<\/strong> erg\u00e4nzt dieses Sammlermesser perfekt. Seine einzigartigen Wellen verleihen ihm einen au\u00dfergew\u00f6hnlichen visuellen Charakter. Es garantiert au\u00dferdem einen pr\u00e4zisen und langlebigen Schnitt. So vereint das Messer <strong data-start=\"1774\" data-end=\"1810\">Leistung, Sch\u00f6nheit und Langlebigkeit<\/strong>.<\/p>\n<h2 data-start=\"1813\" data-end=\"1847\">Ein einzigartiges und kostbares St\u00fcck<\/h2>\n<p data-start=\"1848\" data-end=\"2157\">Jedes Messer wird dank <strong data-start=\"1903\" data-end=\"1931\">des wei\u00dfen Mammut-Elfenbeins<\/strong> und der handwerklichen Metallarbeiten zu einem au\u00dfergew\u00f6hnlichen Objekt. Es stellt ein <strong data-start=\"1984\" data-end=\"2019\">authentisches Sammlerst\u00fcck<\/strong> dar. Ob f\u00fcr Messerliebhaber, Sammler oder ein prestigetr\u00e4chtiges Geschenk \u2013 es beeindruckt mit seiner Seltenheit und Eleganz.<\/p>\n<h2 data-start=\"2159\" data-end=\"2184\">Sorgf\u00e4ltige Pr\u00e4sentation<\/h2>\n<p data-start=\"2185\" data-end=\"2441\">Schlie\u00dflich wird das Messer in einem <strong data-start=\"2222\" data-end=\"2247\">braunen Laguiole-Lederetui in Aubrac<\/strong> geliefert, begleitet von einem <strong data-start=\"2265\" data-end=\"2294\">Echtheitszertifikat<\/strong>. So k\u00f6nnen Sie dieses St\u00fcck sicher anbieten oder ausstellen und gleichzeitig seine au\u00dfergew\u00f6hnliche Qualit\u00e4t hervorheben.<\/p>\n","protected":false},"excerpt":{"rendered":"<p>Laguiole-Klappmesser in Aubrac Doppelplatten<br \/>\nDamaskusklinge<br \/>\nwei\u00dfer Mammut-Elfenbein-Griff<br \/>\n2 St\u00fctzen gl\u00e4nzender<br \/>\nEdelstahl-Fliege von Hand geschmiedet und gemei\u00dfelt aus gl\u00e4nzendem<br \/>\nEdelstahl geschmiedet und guilloch\u00e9-Feder Hand gl\u00e4nzender Edelstahl Doppel-Guilloch\u00e9-Platten<br \/>\ngl\u00e4nzender<br \/>\nEdelstahl-Hand-Schwarzer Abstandshalter<br \/>\nL\u00e4nge des Messers geschlossen: 12 cm<br \/>\nL\u00e4nge der Klinge: 10 cm<br \/>\nL\u00e4nge des Messers ge\u00f6ffnet: 22 cm<\/p>\n","protected":false},"featured_media":47969,"template":"","meta":{"_acf_changed":false,"_monsterinsights_skip_tracking":false,"_monsterinsights_sitenote_active":false,"_monsterinsights_sitenote_note":"","_monsterinsights_sitenote_category":0},"product_brand":[],"product_cat":[5938,5939,5944],"product_tag":[],"class_list":{"0":"post-47412","1":"product","2":"type-product","3":"status-publish","4":"has-post-thumbnail","6":"product_cat-klappmesser","7":"product_cat-laguiole-klappmesser","8":"product_cat-laguiole-spezialmesser","9":"pa_composition-couteau-1-stueck-nur-klinge","10":"pa_lame-damaskus","11":"pa_marque-laguiole-en-aubracfr","12":"pa_mitres-2-gehrungen","13":"pa_mitres-glaenzender-edelstahl","14":"pa_mouche-geschmiedet","15":"pa_platines-doppel-drehteller","16":"pa_platines-guilloche-muster","17":"pa_ressort-guilloche","18":"pa_taille-du-manche-12-cm","19":"tm-has-options","22":"instock","23":"taxable","24":"shipping-taxable","25":"purchasable","26":"product-type-simple"},"supplier_id":null,"supplier_sku":"","barcode":null,"atum_controlled":true,"out_stock_date":null,"out_stock_threshold":null,"inheritable":false,"inbound_stock":0,"stock_on_hold":0,"sold_today":0,"sales_last_days":0,"reserved_stock":0,"customer_returns":0,"warehouse_damage":0,"lost_in_post":0,"other_logs":0,"out_stock_days":0,"lost_sales":0,"has_location":false,"update_date":"2026-05-14T00:59:16","atum_locations":[],"atum_stock_status":"instock","restock_status":false,"low_stock_amount":"","sales_update_date":"2026-05-14T00:59:16","calc_backorders":0,"acf":[],"yoast_head":"<!-- This site is optimized with the Yoast SEO plugin v27.6 - https:\/\/yoast.com\/product\/yoast-seo-wordpress\/ -->\n<title>Lagoiole-Doppelplatin-Elfenbein-Mammut-wei\u00dfes Messer<\/title>\n<meta name=\"description\" content=\"Laguiole-Doppelplatin-Messer aus wei\u00dfem Mammut-Elfenbein, Damaskusklinge, Feder und hand-Guilloch\u00e9 Platte. Schmiedete Fliege, einzigartiges St\u00fcck.\" \/>\n<meta name=\"robots\" content=\"index, follow, max-snippet:-1, max-image-preview:large, max-video-preview:-1\" \/>\n<link rel=\"canonical\" href=\"https:\/\/laguiole.com\/de\/produit\/laguiole-messer-in-aubrac-1-stueck-12-cm-griff-aus-weissem-mammut-elfenbein-doppelplatten-und-feder-guilloche-von-hand-2-bolster-geschmiedeter-fliegen-damaskusklinge-glaenzendes-finish\/\" \/>\n<meta property=\"og:locale\" content=\"de_DE\" \/>\n<meta property=\"og:type\" content=\"article\" \/>\n<meta property=\"og:title\" content=\"Lagoiole-Doppelplatin-Elfenbein-Mammut-wei\u00dfes Messer\" \/>\n<meta property=\"og:description\" content=\"Laguiole-Doppelplatin-Messer aus wei\u00dfem Mammut-Elfenbein, Damaskusklinge, Feder und hand-Guilloch\u00e9 Platte. Schmiedete Fliege, einzigartiges St\u00fcck.\" \/>\n<meta property=\"og:url\" content=\"https:\/\/laguiole.com\/de\/produit\/laguiole-messer-in-aubrac-1-stueck-12-cm-griff-aus-weissem-mammut-elfenbein-doppelplatten-und-feder-guilloche-von-hand-2-bolster-geschmiedeter-fliegen-damaskusklinge-glaenzendes-finish\/\" \/>\n<meta property=\"og:site_name\" content=\"Laguiole.com \u00ae\" \/>\n<meta property=\"article:publisher\" content=\"https:\/\/www.facebook.com\/laguiolecom\/\" \/>\n<meta property=\"article:modified_time\" content=\"2025-12-14T16:51:48+00:00\" \/>\n<meta property=\"og:image\" content=\"https:\/\/laguiole.com\/wp-content\/uploads\/2025\/12\/COUTEA1-5.jpg\" \/>\n\t<meta property=\"og:image:width\" content=\"1033\" \/>\n\t<meta property=\"og:image:height\" content=\"1033\" \/>\n\t<meta property=\"og:image:type\" content=\"image\/jpeg\" \/>\n<meta name=\"twitter:card\" content=\"summary_large_image\" \/>\n<meta name=\"twitter:label1\" content=\"Gesch\u00e4tzte Lesezeit\" \/>\n\t<meta name=\"twitter:data1\" content=\"2\u00a0Minute\" \/>\n<script type=\"application\/ld+json\" class=\"yoast-schema-graph\">{\"@context\":\"https:\\\/\\\/schema.org\",\"@graph\":[{\"@type\":\"WebPage\",\"@id\":\"https:\\\/\\\/laguiole.com\\\/de\\\/produit\\\/laguiole-messer-in-aubrac-1-stueck-12-cm-griff-aus-weissem-mammut-elfenbein-doppelplatten-und-feder-guilloche-von-hand-2-bolster-geschmiedeter-fliegen-damaskusklinge-glaenzendes-finish\\\/\",\"url\":\"https:\\\/\\\/laguiole.com\\\/de\\\/produit\\\/laguiole-messer-in-aubrac-1-stueck-12-cm-griff-aus-weissem-mammut-elfenbein-doppelplatten-und-feder-guilloche-von-hand-2-bolster-geschmiedeter-fliegen-damaskusklinge-glaenzendes-finish\\\/\",\"name\":\"Lagoiole-Doppelplatin-Elfenbein-Mammut-wei\u00dfes Messer\",\"isPartOf\":{\"@id\":\"https:\\\/\\\/laguiole.com\\\/de\\\/#website\"},\"primaryImageOfPage\":{\"@id\":\"https:\\\/\\\/laguiole.com\\\/de\\\/produit\\\/laguiole-messer-in-aubrac-1-stueck-12-cm-griff-aus-weissem-mammut-elfenbein-doppelplatten-und-feder-guilloche-von-hand-2-bolster-geschmiedeter-fliegen-damaskusklinge-glaenzendes-finish\\\/#primaryimage\"},\"image\":{\"@id\":\"https:\\\/\\\/laguiole.com\\\/de\\\/produit\\\/laguiole-messer-in-aubrac-1-stueck-12-cm-griff-aus-weissem-mammut-elfenbein-doppelplatten-und-feder-guilloche-von-hand-2-bolster-geschmiedeter-fliegen-damaskusklinge-glaenzendes-finish\\\/#primaryimage\"},\"thumbnailUrl\":\"https:\\\/\\\/laguiole.com\\\/wp-content\\\/uploads\\\/2025\\\/12\\\/COUTEA1-5.jpg\",\"datePublished\":\"2025-12-07T16:09:56+00:00\",\"dateModified\":\"2025-12-14T16:51:48+00:00\",\"description\":\"Laguiole-Doppelplatin-Messer aus wei\u00dfem Mammut-Elfenbein, Damaskusklinge, Feder und hand-Guilloch\u00e9 Platte. Schmiedete Fliege, einzigartiges St\u00fcck.\",\"breadcrumb\":{\"@id\":\"https:\\\/\\\/laguiole.com\\\/de\\\/produit\\\/laguiole-messer-in-aubrac-1-stueck-12-cm-griff-aus-weissem-mammut-elfenbein-doppelplatten-und-feder-guilloche-von-hand-2-bolster-geschmiedeter-fliegen-damaskusklinge-glaenzendes-finish\\\/#breadcrumb\"},\"inLanguage\":\"de\",\"potentialAction\":[{\"@type\":\"ReadAction\",\"target\":[\"https:\\\/\\\/laguiole.com\\\/de\\\/produit\\\/laguiole-messer-in-aubrac-1-stueck-12-cm-griff-aus-weissem-mammut-elfenbein-doppelplatten-und-feder-guilloche-von-hand-2-bolster-geschmiedeter-fliegen-damaskusklinge-glaenzendes-finish\\\/\"]}]},{\"@type\":\"ImageObject\",\"inLanguage\":\"de\",\"@id\":\"https:\\\/\\\/laguiole.com\\\/de\\\/produit\\\/laguiole-messer-in-aubrac-1-stueck-12-cm-griff-aus-weissem-mammut-elfenbein-doppelplatten-und-feder-guilloche-von-hand-2-bolster-geschmiedeter-fliegen-damaskusklinge-glaenzendes-finish\\\/#primaryimage\",\"url\":\"https:\\\/\\\/laguiole.com\\\/wp-content\\\/uploads\\\/2025\\\/12\\\/COUTEA1-5.jpg\",\"contentUrl\":\"https:\\\/\\\/laguiole.com\\\/wp-content\\\/uploads\\\/2025\\\/12\\\/COUTEA1-5.jpg\",\"width\":1033,\"height\":1033,\"caption\":\"Laguiole-Messer in Aubrac 1 St\u00fcck 12 cm Griff aus wei\u00dfem Mammut-Elfenbein, Doppelplatten und Feder-Guilloch\u00e9 von Hand 2 Bolster, geschmiedeter Fliegen-Damaskusklinge, gl\u00e4nzendes Finish\"},{\"@type\":\"BreadcrumbList\",\"@id\":\"https:\\\/\\\/laguiole.com\\\/de\\\/produit\\\/laguiole-messer-in-aubrac-1-stueck-12-cm-griff-aus-weissem-mammut-elfenbein-doppelplatten-und-feder-guilloche-von-hand-2-bolster-geschmiedeter-fliegen-damaskusklinge-glaenzendes-finish\\\/#breadcrumb\",\"itemListElement\":[{\"@type\":\"ListItem\",\"position\":1,\"name\":\"Accueil\",\"item\":\"https:\\\/\\\/laguiole.com\\\/de\\\/\"},{\"@type\":\"ListItem\",\"position\":2,\"name\":\"Shop\",\"item\":\"https:\\\/\\\/laguiole.com\\\/de\\\/shop-2\\\/\"},{\"@type\":\"ListItem\",\"position\":3,\"name\":\"Laguiole-Messer in Aubrac 1 St\u00fcck 12 cm Griff aus wei\u00dfem Mammut-Elfenbein, Doppelplatten und Feder-Guilloch\u00e9 von Hand 2 Bolster, geschmiedeter Fliegen-Damaskusklinge, gl\u00e4nzendes Finish\"}]},{\"@type\":\"WebSite\",\"@id\":\"https:\\\/\\\/laguiole.com\\\/de\\\/#website\",\"url\":\"https:\\\/\\\/laguiole.com\\\/de\\\/\",\"name\":\"Laguiole.com\",\"description\":\"Laguiole - Couteau laguiole, Chateau Laguiole, Laguiole en Aubrac, Forge de Laguiole\",\"publisher\":{\"@id\":\"https:\\\/\\\/laguiole.com\\\/de\\\/#organization\"},\"potentialAction\":[{\"@type\":\"SearchAction\",\"target\":{\"@type\":\"EntryPoint\",\"urlTemplate\":\"https:\\\/\\\/laguiole.com\\\/de\\\/?s={search_term_string}\"},\"query-input\":{\"@type\":\"PropertyValueSpecification\",\"valueRequired\":true,\"valueName\":\"search_term_string\"}}],\"inLanguage\":\"de\"},{\"@type\":\"Organization\",\"@id\":\"https:\\\/\\\/laguiole.com\\\/de\\\/#organization\",\"name\":\"Laguiole.com\",\"url\":\"https:\\\/\\\/laguiole.com\\\/de\\\/\",\"logo\":{\"@type\":\"ImageObject\",\"inLanguage\":\"de\",\"@id\":\"https:\\\/\\\/laguiole.com\\\/de\\\/#\\\/schema\\\/logo\\\/image\\\/\",\"url\":\"https:\\\/\\\/laguiole.com\\\/wp-content\\\/uploads\\\/2021\\\/02\\\/logo_laguiole.com-horizontal.jpg\",\"contentUrl\":\"https:\\\/\\\/laguiole.com\\\/wp-content\\\/uploads\\\/2021\\\/02\\\/logo_laguiole.com-horizontal.jpg\",\"width\":490,\"height\":156,\"caption\":\"Laguiole.com\"},\"image\":{\"@id\":\"https:\\\/\\\/laguiole.com\\\/de\\\/#\\\/schema\\\/logo\\\/image\\\/\"},\"sameAs\":[\"https:\\\/\\\/www.facebook.com\\\/laguiolecom\\\/\",\"https:\\\/\\\/www.instagram.com\\\/laguiolecom\\\/\",\"https:\\\/\\\/www.youtube.com\\\/@laguiolecom\\\/videos\"]}]}<\/script>\n<!-- \/ Yoast SEO plugin. -->","yoast_head_json":{"title":"Lagoiole-Doppelplatin-Elfenbein-Mammut-wei\u00dfes Messer","description":"Laguiole-Doppelplatin-Messer aus wei\u00dfem Mammut-Elfenbein, Damaskusklinge, Feder und hand-Guilloch\u00e9 Platte. Schmiedete Fliege, einzigartiges St\u00fcck.","robots":{"index":"index","follow":"follow","max-snippet":"max-snippet:-1","max-image-preview":"max-image-preview:large","max-video-preview":"max-video-preview:-1"},"canonical":"https:\/\/laguiole.com\/de\/produit\/laguiole-messer-in-aubrac-1-stueck-12-cm-griff-aus-weissem-mammut-elfenbein-doppelplatten-und-feder-guilloche-von-hand-2-bolster-geschmiedeter-fliegen-damaskusklinge-glaenzendes-finish\/","og_locale":"de_DE","og_type":"article","og_title":"Lagoiole-Doppelplatin-Elfenbein-Mammut-wei\u00dfes Messer","og_description":"Laguiole-Doppelplatin-Messer aus wei\u00dfem Mammut-Elfenbein, Damaskusklinge, Feder und hand-Guilloch\u00e9 Platte. Schmiedete Fliege, einzigartiges St\u00fcck.","og_url":"https:\/\/laguiole.com\/de\/produit\/laguiole-messer-in-aubrac-1-stueck-12-cm-griff-aus-weissem-mammut-elfenbein-doppelplatten-und-feder-guilloche-von-hand-2-bolster-geschmiedeter-fliegen-damaskusklinge-glaenzendes-finish\/","og_site_name":"Laguiole.com \u00ae","article_publisher":"https:\/\/www.facebook.com\/laguiolecom\/","article_modified_time":"2025-12-14T16:51:48+00:00","og_image":[{"width":1033,"height":1033,"url":"https:\/\/laguiole.com\/wp-content\/uploads\/2025\/12\/COUTEA1-5.jpg","type":"image\/jpeg"}],"twitter_card":"summary_large_image","twitter_misc":{"Gesch\u00e4tzte Lesezeit":"2\u00a0Minute"},"schema":{"@context":"https:\/\/schema.org","@graph":[{"@type":"WebPage","@id":"https:\/\/laguiole.com\/de\/produit\/laguiole-messer-in-aubrac-1-stueck-12-cm-griff-aus-weissem-mammut-elfenbein-doppelplatten-und-feder-guilloche-von-hand-2-bolster-geschmiedeter-fliegen-damaskusklinge-glaenzendes-finish\/","url":"https:\/\/laguiole.com\/de\/produit\/laguiole-messer-in-aubrac-1-stueck-12-cm-griff-aus-weissem-mammut-elfenbein-doppelplatten-und-feder-guilloche-von-hand-2-bolster-geschmiedeter-fliegen-damaskusklinge-glaenzendes-finish\/","name":"Lagoiole-Doppelplatin-Elfenbein-Mammut-wei\u00dfes Messer","isPartOf":{"@id":"https:\/\/laguiole.com\/de\/#website"},"primaryImageOfPage":{"@id":"https:\/\/laguiole.com\/de\/produit\/laguiole-messer-in-aubrac-1-stueck-12-cm-griff-aus-weissem-mammut-elfenbein-doppelplatten-und-feder-guilloche-von-hand-2-bolster-geschmiedeter-fliegen-damaskusklinge-glaenzendes-finish\/#primaryimage"},"image":{"@id":"https:\/\/laguiole.com\/de\/produit\/laguiole-messer-in-aubrac-1-stueck-12-cm-griff-aus-weissem-mammut-elfenbein-doppelplatten-und-feder-guilloche-von-hand-2-bolster-geschmiedeter-fliegen-damaskusklinge-glaenzendes-finish\/#primaryimage"},"thumbnailUrl":"https:\/\/laguiole.com\/wp-content\/uploads\/2025\/12\/COUTEA1-5.jpg","datePublished":"2025-12-07T16:09:56+00:00","dateModified":"2025-12-14T16:51:48+00:00","description":"Laguiole-Doppelplatin-Messer aus wei\u00dfem Mammut-Elfenbein, Damaskusklinge, Feder und hand-Guilloch\u00e9 Platte. Schmiedete Fliege, einzigartiges St\u00fcck.","breadcrumb":{"@id":"https:\/\/laguiole.com\/de\/produit\/laguiole-messer-in-aubrac-1-stueck-12-cm-griff-aus-weissem-mammut-elfenbein-doppelplatten-und-feder-guilloche-von-hand-2-bolster-geschmiedeter-fliegen-damaskusklinge-glaenzendes-finish\/#breadcrumb"},"inLanguage":"de","potentialAction":[{"@type":"ReadAction","target":["https:\/\/laguiole.com\/de\/produit\/laguiole-messer-in-aubrac-1-stueck-12-cm-griff-aus-weissem-mammut-elfenbein-doppelplatten-und-feder-guilloche-von-hand-2-bolster-geschmiedeter-fliegen-damaskusklinge-glaenzendes-finish\/"]}]},{"@type":"ImageObject","inLanguage":"de","@id":"https:\/\/laguiole.com\/de\/produit\/laguiole-messer-in-aubrac-1-stueck-12-cm-griff-aus-weissem-mammut-elfenbein-doppelplatten-und-feder-guilloche-von-hand-2-bolster-geschmiedeter-fliegen-damaskusklinge-glaenzendes-finish\/#primaryimage","url":"https:\/\/laguiole.com\/wp-content\/uploads\/2025\/12\/COUTEA1-5.jpg","contentUrl":"https:\/\/laguiole.com\/wp-content\/uploads\/2025\/12\/COUTEA1-5.jpg","width":1033,"height":1033,"caption":"Laguiole-Messer in Aubrac 1 St\u00fcck 12 cm Griff aus wei\u00dfem Mammut-Elfenbein, Doppelplatten und Feder-Guilloch\u00e9 von Hand 2 Bolster, geschmiedeter Fliegen-Damaskusklinge, gl\u00e4nzendes Finish"},{"@type":"BreadcrumbList","@id":"https:\/\/laguiole.com\/de\/produit\/laguiole-messer-in-aubrac-1-stueck-12-cm-griff-aus-weissem-mammut-elfenbein-doppelplatten-und-feder-guilloche-von-hand-2-bolster-geschmiedeter-fliegen-damaskusklinge-glaenzendes-finish\/#breadcrumb","itemListElement":[{"@type":"ListItem","position":1,"name":"Accueil","item":"https:\/\/laguiole.com\/de\/"},{"@type":"ListItem","position":2,"name":"Shop","item":"https:\/\/laguiole.com\/de\/shop-2\/"},{"@type":"ListItem","position":3,"name":"Laguiole-Messer in Aubrac 1 St\u00fcck 12 cm Griff aus wei\u00dfem Mammut-Elfenbein, Doppelplatten und Feder-Guilloch\u00e9 von Hand 2 Bolster, geschmiedeter Fliegen-Damaskusklinge, gl\u00e4nzendes Finish"}]},{"@type":"WebSite","@id":"https:\/\/laguiole.com\/de\/#website","url":"https:\/\/laguiole.com\/de\/","name":"Laguiole.com","description":"Laguiole - Couteau laguiole, Chateau Laguiole, Laguiole en Aubrac, Forge de Laguiole","publisher":{"@id":"https:\/\/laguiole.com\/de\/#organization"},"potentialAction":[{"@type":"SearchAction","target":{"@type":"EntryPoint","urlTemplate":"https:\/\/laguiole.com\/de\/?s={search_term_string}"},"query-input":{"@type":"PropertyValueSpecification","valueRequired":true,"valueName":"search_term_string"}}],"inLanguage":"de"},{"@type":"Organization","@id":"https:\/\/laguiole.com\/de\/#organization","name":"Laguiole.com","url":"https:\/\/laguiole.com\/de\/","logo":{"@type":"ImageObject","inLanguage":"de","@id":"https:\/\/laguiole.com\/de\/#\/schema\/logo\/image\/","url":"https:\/\/laguiole.com\/wp-content\/uploads\/2021\/02\/logo_laguiole.com-horizontal.jpg","contentUrl":"https:\/\/laguiole.com\/wp-content\/uploads\/2021\/02\/logo_laguiole.com-horizontal.jpg","width":490,"height":156,"caption":"Laguiole.com"},"image":{"@id":"https:\/\/laguiole.com\/de\/#\/schema\/logo\/image\/"},"sameAs":["https:\/\/www.facebook.com\/laguiolecom\/","https:\/\/www.instagram.com\/laguiolecom\/","https:\/\/www.youtube.com\/@laguiolecom\/videos"]}]}},"_links":{"self":[{"href":"https:\/\/laguiole.com\/de\/wp-json\/wp\/v2\/product\/47412","targetHints":{"allow":["GET"]}}],"collection":[{"href":"https:\/\/laguiole.com\/de\/wp-json\/wp\/v2\/product"}],"about":[{"href":"https:\/\/laguiole.com\/de\/wp-json\/wp\/v2\/types\/product"}],"version-history":[{"count":2,"href":"https:\/\/laguiole.com\/de\/wp-json\/wp\/v2\/product\/47412\/revisions"}],"predecessor-version":[{"id":48644,"href":"https:\/\/laguiole.com\/de\/wp-json\/wp\/v2\/product\/47412\/revisions\/48644"}],"wp:featuredmedia":[{"embeddable":true,"href":"https:\/\/laguiole.com\/de\/wp-json\/wp\/v2\/media\/47969"}],"wp:attachment":[{"href":"https:\/\/laguiole.com\/de\/wp-json\/wp\/v2\/media?parent=47412"}],"wp:term":[{"taxonomy":"product_brand","embeddable":true,"href":"https:\/\/laguiole.com\/de\/wp-json\/wp\/v2\/product_brand?post=47412"},{"taxonomy":"product_cat","embeddable":true,"href":"https:\/\/laguiole.com\/de\/wp-json\/wp\/v2\/product_cat?post=47412"},{"taxonomy":"product_tag","embeddable":true,"href":"https:\/\/laguiole.com\/de\/wp-json\/wp\/v2\/product_tag?post=47412"}],"curies":[{"name":"wp","href":"https:\/\/api.w.org\/{rel}","templated":true}]}}