{"id":47395,"date":"2025-12-07T16:43:17","date_gmt":"2025-12-07T15:43:17","guid":{"rendered":"https:\/\/laguiole.com\/?post_type=product&#038;p=47395"},"modified":"2025-12-14T17:56:35","modified_gmt":"2025-12-14T16:56:35","slug":"laguiole-aubrac-messer-1-stueck-12cm-schlangenholzgriff-doppelplatten-und-feder-guillochiert-2-kropfe-glaenzendes-finish-geschmiedete-fliege-num1-3","status":"publish","type":"product","link":"https:\/\/laguiole.com\/de\/produit\/laguiole-aubrac-messer-1-stueck-12cm-schlangenholzgriff-doppelplatten-und-feder-guillochiert-2-kropfe-glaenzendes-finish-geschmiedete-fliege-num1-3\/","title":{"rendered":"Laguiole Aubrac Messer 1 St\u00fcck 12cm Schlangenholzgriff Doppelplatten und Feder Guillochiert 2 Kropfe Gl\u00e4nzendes Finish Geschmiedete Fliege NUM1"},"content":{"rendered":"<p>Ihr Laguiole-Messer wird von der handwerklichen Fabrik Laguiole in Aubrac hergestellt.<br \/>\nDie Klingen, Federn, Kropfe und N\u00e4gel aus massivem Edelstahl werden in der Laguiole-Schmiede in Aubrac hergestellt.<\/p>\n<p>&nbsp;<\/p>\n","protected":false},"excerpt":{"rendered":"<p>Laguiole Klappmesser aus Aubrac Doppelplatten NUM1<br \/>\nKlinge aus geb\u00fcrstetem Edelstahl 12C27MOD<br \/>\nGriff aus Schlangenholz<br \/>\n2 Fliegenbacken<br \/>\naus gl\u00e4nzendem Edelstahl von Hand geschmiedet und gemei\u00dfelt aus gl\u00e4nzendem<br \/>\nEdelstahl Geschmiedet und guillochiert Federgeschmiedete und guillochierte Hand gl\u00e4nzende Doppel-Guillochierplatten<br \/>\naus Edelstahl<br \/>\nHandl\u00e4nge des Messers geschlossen: 12 cm<br \/>\nKlingenl\u00e4nge: 10 cm<br \/>\nL\u00e4nge des Messers offen: ca. 22 cm<\/p>\n","protected":false},"featured_media":0,"template":"","meta":{"_acf_changed":false,"_monsterinsights_skip_tracking":false,"_monsterinsights_sitenote_active":false,"_monsterinsights_sitenote_note":"","_monsterinsights_sitenote_category":0},"product_brand":[],"product_cat":[5938,5939,5944],"product_tag":[],"class_list":{"0":"post-47395","1":"product","2":"type-product","3":"status-publish","5":"product_cat-klappmesser","6":"product_cat-laguiole-klappmesser","7":"product_cat-laguiole-spezialmesser","8":"pa_composition-couteau-1-stueck-nur-klinge","9":"pa_finition-brillant","10":"pa_lame-damaskus","11":"pa_manche-en-bois-amourette","12":"pa_marque-laguiole-en-aubracfr","13":"pa_mitres-2-gehrungen","14":"pa_mitres-glaenzender-edelstahl","15":"pa_mouche-geschmiedet","16":"pa_platines-doppel-drehteller","17":"pa_platines-guilloche-muster","18":"pa_ressort-guilloche","19":"pa_taille-du-manche-12-cm","20":"tm-has-options","23":"instock","24":"taxable","25":"shipping-taxable","26":"purchasable","27":"product-type-simple"},"supplier_id":null,"supplier_sku":"","barcode":null,"atum_controlled":true,"out_stock_date":null,"out_stock_threshold":null,"inheritable":false,"inbound_stock":null,"stock_on_hold":0,"sold_today":0,"sales_last_days":0,"reserved_stock":null,"customer_returns":null,"warehouse_damage":null,"lost_in_post":null,"other_logs":null,"out_stock_days":0,"lost_sales":0,"has_location":false,"update_date":"2026-05-11T00:53:44","atum_locations":[],"atum_stock_status":"instock","restock_status":false,"low_stock_amount":"","sales_update_date":"2026-05-11T00:53:44","calc_backorders":0,"acf":[],"yoast_head":"<!-- This site is optimized with the Yoast SEO plugin v27.3 - https:\/\/yoast.com\/product\/yoast-seo-wordpress\/ -->\n<title>Laguiole Aubrac Messer 1 St\u00fcck 12cm Schlangenholzgriff Doppelplatten und Feder Guillochiert 2 Kropfe Gl\u00e4nzendes Finish Geschmiedete Fliege NUM1 - Laguiole.com \u00ae<\/title>\n<meta name=\"robots\" content=\"index, follow, max-snippet:-1, max-image-preview:large, max-video-preview:-1\" \/>\n<link rel=\"canonical\" href=\"https:\/\/laguiole.com\/de\/produit\/laguiole-aubrac-messer-1-stueck-12cm-schlangenholzgriff-doppelplatten-und-feder-guillochiert-2-kropfe-glaenzendes-finish-geschmiedete-fliege-num1-3\/\" \/>\n<meta property=\"og:locale\" content=\"de_DE\" \/>\n<meta property=\"og:type\" content=\"article\" \/>\n<meta property=\"og:title\" content=\"Laguiole Aubrac Messer 1 St\u00fcck 12cm Schlangenholzgriff Doppelplatten und Feder Guillochiert 2 Kropfe Gl\u00e4nzendes Finish Geschmiedete Fliege NUM1 - Laguiole.com \u00ae\" \/>\n<meta property=\"og:description\" content=\"Laguiole Klappmesser aus Aubrac Doppelplatten NUM1 Klinge aus geb\u00fcrstetem Edelstahl 12C27MOD Griff aus Schlangenholz 2 Fliegenbacken aus gl\u00e4nzendem Edelstahl von Hand geschmiedet und gemei\u00dfelt aus gl\u00e4nzendem Edelstahl Geschmiedet und guillochiert Federgeschmiedete und guillochierte Hand gl\u00e4nzende Doppel-Guillochierplatten aus Edelstahl Handl\u00e4nge des Messers geschlossen: 12 cm Klingenl\u00e4nge: 10 cm L\u00e4nge des Messers offen: ca. 22 cm\" \/>\n<meta property=\"og:url\" content=\"https:\/\/laguiole.com\/de\/produit\/laguiole-aubrac-messer-1-stueck-12cm-schlangenholzgriff-doppelplatten-und-feder-guillochiert-2-kropfe-glaenzendes-finish-geschmiedete-fliege-num1-3\/\" \/>\n<meta property=\"og:site_name\" content=\"Laguiole.com \u00ae\" \/>\n<meta property=\"article:publisher\" content=\"https:\/\/www.facebook.com\/laguiolecom\/\" \/>\n<meta property=\"article:modified_time\" content=\"2025-12-14T16:56:35+00:00\" \/>\n<meta property=\"og:image\" content=\"https:\/\/laguiole.com\/wp-content\/uploads\/2023\/08\/logo_laguiole_com_\u00ae_300dpi_Noir_et_Blanc.jpg\" \/>\n\t<meta property=\"og:image:width\" content=\"1920\" \/>\n\t<meta property=\"og:image:height\" content=\"854\" \/>\n\t<meta property=\"og:image:type\" content=\"image\/jpeg\" \/>\n<meta name=\"twitter:card\" content=\"summary_large_image\" \/>\n<meta name=\"twitter:label1\" content=\"Gesch\u00e4tzte Lesezeit\" \/>\n\t<meta name=\"twitter:data1\" content=\"1\u00a0Minute\" \/>\n<script type=\"application\/ld+json\" class=\"yoast-schema-graph\">{\"@context\":\"https:\\\/\\\/schema.org\",\"@graph\":[{\"@type\":\"WebPage\",\"@id\":\"https:\\\/\\\/laguiole.com\\\/de\\\/produit\\\/laguiole-aubrac-messer-1-stueck-12cm-schlangenholzgriff-doppelplatten-und-feder-guillochiert-2-kropfe-glaenzendes-finish-geschmiedete-fliege-num1-3\\\/\",\"url\":\"https:\\\/\\\/laguiole.com\\\/de\\\/produit\\\/laguiole-aubrac-messer-1-stueck-12cm-schlangenholzgriff-doppelplatten-und-feder-guillochiert-2-kropfe-glaenzendes-finish-geschmiedete-fliege-num1-3\\\/\",\"name\":\"Laguiole Aubrac Messer 1 St\u00fcck 12cm Schlangenholzgriff Doppelplatten und Feder Guillochiert 2 Kropfe Gl\u00e4nzendes Finish Geschmiedete Fliege NUM1 - Laguiole.com \u00ae\",\"isPartOf\":{\"@id\":\"https:\\\/\\\/laguiole.com\\\/de\\\/#website\"},\"datePublished\":\"2025-12-07T15:43:17+00:00\",\"dateModified\":\"2025-12-14T16:56:35+00:00\",\"breadcrumb\":{\"@id\":\"https:\\\/\\\/laguiole.com\\\/de\\\/produit\\\/laguiole-aubrac-messer-1-stueck-12cm-schlangenholzgriff-doppelplatten-und-feder-guillochiert-2-kropfe-glaenzendes-finish-geschmiedete-fliege-num1-3\\\/#breadcrumb\"},\"inLanguage\":\"de\",\"potentialAction\":[{\"@type\":\"ReadAction\",\"target\":[\"https:\\\/\\\/laguiole.com\\\/de\\\/produit\\\/laguiole-aubrac-messer-1-stueck-12cm-schlangenholzgriff-doppelplatten-und-feder-guillochiert-2-kropfe-glaenzendes-finish-geschmiedete-fliege-num1-3\\\/\"]}]},{\"@type\":\"BreadcrumbList\",\"@id\":\"https:\\\/\\\/laguiole.com\\\/de\\\/produit\\\/laguiole-aubrac-messer-1-stueck-12cm-schlangenholzgriff-doppelplatten-und-feder-guillochiert-2-kropfe-glaenzendes-finish-geschmiedete-fliege-num1-3\\\/#breadcrumb\",\"itemListElement\":[{\"@type\":\"ListItem\",\"position\":1,\"name\":\"Accueil\",\"item\":\"https:\\\/\\\/laguiole.com\\\/de\\\/\"},{\"@type\":\"ListItem\",\"position\":2,\"name\":\"Shop\",\"item\":\"https:\\\/\\\/laguiole.com\\\/de\\\/shop-2\\\/\"},{\"@type\":\"ListItem\",\"position\":3,\"name\":\"Laguiole Aubrac Messer 1 St\u00fcck 12cm Schlangenholzgriff Doppelplatten und Feder Guillochiert 2 Kropfe Gl\u00e4nzendes Finish Geschmiedete Fliege NUM1\"}]},{\"@type\":\"WebSite\",\"@id\":\"https:\\\/\\\/laguiole.com\\\/de\\\/#website\",\"url\":\"https:\\\/\\\/laguiole.com\\\/de\\\/\",\"name\":\"Laguiole.com\",\"description\":\"Laguiole - Couteau laguiole, Chateau Laguiole, Laguiole en Aubrac, Forge de Laguiole\",\"publisher\":{\"@id\":\"https:\\\/\\\/laguiole.com\\\/de\\\/#organization\"},\"potentialAction\":[{\"@type\":\"SearchAction\",\"target\":{\"@type\":\"EntryPoint\",\"urlTemplate\":\"https:\\\/\\\/laguiole.com\\\/de\\\/?s={search_term_string}\"},\"query-input\":{\"@type\":\"PropertyValueSpecification\",\"valueRequired\":true,\"valueName\":\"search_term_string\"}}],\"inLanguage\":\"de\"},{\"@type\":\"Organization\",\"@id\":\"https:\\\/\\\/laguiole.com\\\/de\\\/#organization\",\"name\":\"Laguiole.com\",\"url\":\"https:\\\/\\\/laguiole.com\\\/de\\\/\",\"logo\":{\"@type\":\"ImageObject\",\"inLanguage\":\"de\",\"@id\":\"https:\\\/\\\/laguiole.com\\\/de\\\/#\\\/schema\\\/logo\\\/image\\\/\",\"url\":\"https:\\\/\\\/laguiole.com\\\/wp-content\\\/uploads\\\/2021\\\/02\\\/logo_laguiole.com-horizontal.jpg\",\"contentUrl\":\"https:\\\/\\\/laguiole.com\\\/wp-content\\\/uploads\\\/2021\\\/02\\\/logo_laguiole.com-horizontal.jpg\",\"width\":490,\"height\":156,\"caption\":\"Laguiole.com\"},\"image\":{\"@id\":\"https:\\\/\\\/laguiole.com\\\/de\\\/#\\\/schema\\\/logo\\\/image\\\/\"},\"sameAs\":[\"https:\\\/\\\/www.facebook.com\\\/laguiolecom\\\/\",\"https:\\\/\\\/www.instagram.com\\\/laguiolecom\\\/\",\"https:\\\/\\\/www.youtube.com\\\/@laguiolecom\\\/videos\"]}]}<\/script>\n<!-- \/ Yoast SEO plugin. -->","yoast_head_json":{"title":"Laguiole Aubrac Messer 1 St\u00fcck 12cm Schlangenholzgriff Doppelplatten und Feder Guillochiert 2 Kropfe Gl\u00e4nzendes Finish Geschmiedete Fliege NUM1 - Laguiole.com \u00ae","robots":{"index":"index","follow":"follow","max-snippet":"max-snippet:-1","max-image-preview":"max-image-preview:large","max-video-preview":"max-video-preview:-1"},"canonical":"https:\/\/laguiole.com\/de\/produit\/laguiole-aubrac-messer-1-stueck-12cm-schlangenholzgriff-doppelplatten-und-feder-guillochiert-2-kropfe-glaenzendes-finish-geschmiedete-fliege-num1-3\/","og_locale":"de_DE","og_type":"article","og_title":"Laguiole Aubrac Messer 1 St\u00fcck 12cm Schlangenholzgriff Doppelplatten und Feder Guillochiert 2 Kropfe Gl\u00e4nzendes Finish Geschmiedete Fliege NUM1 - Laguiole.com \u00ae","og_description":"Laguiole Klappmesser aus Aubrac Doppelplatten NUM1 Klinge aus geb\u00fcrstetem Edelstahl 12C27MOD Griff aus Schlangenholz 2 Fliegenbacken aus gl\u00e4nzendem Edelstahl von Hand geschmiedet und gemei\u00dfelt aus gl\u00e4nzendem Edelstahl Geschmiedet und guillochiert Federgeschmiedete und guillochierte Hand gl\u00e4nzende Doppel-Guillochierplatten aus Edelstahl Handl\u00e4nge des Messers geschlossen: 12 cm Klingenl\u00e4nge: 10 cm L\u00e4nge des Messers offen: ca. 22 cm","og_url":"https:\/\/laguiole.com\/de\/produit\/laguiole-aubrac-messer-1-stueck-12cm-schlangenholzgriff-doppelplatten-und-feder-guillochiert-2-kropfe-glaenzendes-finish-geschmiedete-fliege-num1-3\/","og_site_name":"Laguiole.com \u00ae","article_publisher":"https:\/\/www.facebook.com\/laguiolecom\/","article_modified_time":"2025-12-14T16:56:35+00:00","og_image":[{"width":1920,"height":854,"url":"https:\/\/laguiole.com\/wp-content\/uploads\/2023\/08\/logo_laguiole_com_\u00ae_300dpi_Noir_et_Blanc.jpg","type":"image\/jpeg"}],"twitter_card":"summary_large_image","twitter_misc":{"Gesch\u00e4tzte Lesezeit":"1\u00a0Minute"},"schema":{"@context":"https:\/\/schema.org","@graph":[{"@type":"WebPage","@id":"https:\/\/laguiole.com\/de\/produit\/laguiole-aubrac-messer-1-stueck-12cm-schlangenholzgriff-doppelplatten-und-feder-guillochiert-2-kropfe-glaenzendes-finish-geschmiedete-fliege-num1-3\/","url":"https:\/\/laguiole.com\/de\/produit\/laguiole-aubrac-messer-1-stueck-12cm-schlangenholzgriff-doppelplatten-und-feder-guillochiert-2-kropfe-glaenzendes-finish-geschmiedete-fliege-num1-3\/","name":"Laguiole Aubrac Messer 1 St\u00fcck 12cm Schlangenholzgriff Doppelplatten und Feder Guillochiert 2 Kropfe Gl\u00e4nzendes Finish Geschmiedete Fliege NUM1 - Laguiole.com \u00ae","isPartOf":{"@id":"https:\/\/laguiole.com\/de\/#website"},"datePublished":"2025-12-07T15:43:17+00:00","dateModified":"2025-12-14T16:56:35+00:00","breadcrumb":{"@id":"https:\/\/laguiole.com\/de\/produit\/laguiole-aubrac-messer-1-stueck-12cm-schlangenholzgriff-doppelplatten-und-feder-guillochiert-2-kropfe-glaenzendes-finish-geschmiedete-fliege-num1-3\/#breadcrumb"},"inLanguage":"de","potentialAction":[{"@type":"ReadAction","target":["https:\/\/laguiole.com\/de\/produit\/laguiole-aubrac-messer-1-stueck-12cm-schlangenholzgriff-doppelplatten-und-feder-guillochiert-2-kropfe-glaenzendes-finish-geschmiedete-fliege-num1-3\/"]}]},{"@type":"BreadcrumbList","@id":"https:\/\/laguiole.com\/de\/produit\/laguiole-aubrac-messer-1-stueck-12cm-schlangenholzgriff-doppelplatten-und-feder-guillochiert-2-kropfe-glaenzendes-finish-geschmiedete-fliege-num1-3\/#breadcrumb","itemListElement":[{"@type":"ListItem","position":1,"name":"Accueil","item":"https:\/\/laguiole.com\/de\/"},{"@type":"ListItem","position":2,"name":"Shop","item":"https:\/\/laguiole.com\/de\/shop-2\/"},{"@type":"ListItem","position":3,"name":"Laguiole Aubrac Messer 1 St\u00fcck 12cm Schlangenholzgriff Doppelplatten und Feder Guillochiert 2 Kropfe Gl\u00e4nzendes Finish Geschmiedete Fliege NUM1"}]},{"@type":"WebSite","@id":"https:\/\/laguiole.com\/de\/#website","url":"https:\/\/laguiole.com\/de\/","name":"Laguiole.com","description":"Laguiole - Couteau laguiole, Chateau Laguiole, Laguiole en Aubrac, Forge de Laguiole","publisher":{"@id":"https:\/\/laguiole.com\/de\/#organization"},"potentialAction":[{"@type":"SearchAction","target":{"@type":"EntryPoint","urlTemplate":"https:\/\/laguiole.com\/de\/?s={search_term_string}"},"query-input":{"@type":"PropertyValueSpecification","valueRequired":true,"valueName":"search_term_string"}}],"inLanguage":"de"},{"@type":"Organization","@id":"https:\/\/laguiole.com\/de\/#organization","name":"Laguiole.com","url":"https:\/\/laguiole.com\/de\/","logo":{"@type":"ImageObject","inLanguage":"de","@id":"https:\/\/laguiole.com\/de\/#\/schema\/logo\/image\/","url":"https:\/\/laguiole.com\/wp-content\/uploads\/2021\/02\/logo_laguiole.com-horizontal.jpg","contentUrl":"https:\/\/laguiole.com\/wp-content\/uploads\/2021\/02\/logo_laguiole.com-horizontal.jpg","width":490,"height":156,"caption":"Laguiole.com"},"image":{"@id":"https:\/\/laguiole.com\/de\/#\/schema\/logo\/image\/"},"sameAs":["https:\/\/www.facebook.com\/laguiolecom\/","https:\/\/www.instagram.com\/laguiolecom\/","https:\/\/www.youtube.com\/@laguiolecom\/videos"]}]}},"_links":{"self":[{"href":"https:\/\/laguiole.com\/de\/wp-json\/wp\/v2\/product\/47395","targetHints":{"allow":["GET"]}}],"collection":[{"href":"https:\/\/laguiole.com\/de\/wp-json\/wp\/v2\/product"}],"about":[{"href":"https:\/\/laguiole.com\/de\/wp-json\/wp\/v2\/types\/product"}],"version-history":[{"count":2,"href":"https:\/\/laguiole.com\/de\/wp-json\/wp\/v2\/product\/47395\/revisions"}],"predecessor-version":[{"id":48649,"href":"https:\/\/laguiole.com\/de\/wp-json\/wp\/v2\/product\/47395\/revisions\/48649"}],"wp:attachment":[{"href":"https:\/\/laguiole.com\/de\/wp-json\/wp\/v2\/media?parent=47395"}],"wp:term":[{"taxonomy":"product_brand","embeddable":true,"href":"https:\/\/laguiole.com\/de\/wp-json\/wp\/v2\/product_brand?post=47395"},{"taxonomy":"product_cat","embeddable":true,"href":"https:\/\/laguiole.com\/de\/wp-json\/wp\/v2\/product_cat?post=47395"},{"taxonomy":"product_tag","embeddable":true,"href":"https:\/\/laguiole.com\/de\/wp-json\/wp\/v2\/product_tag?post=47395"}],"curies":[{"name":"wp","href":"https:\/\/api.w.org\/{rel}","templated":true}]}}