{"id":46623,"date":"2025-12-01T13:36:16","date_gmt":"2025-12-01T12:36:16","guid":{"rendered":"https:\/\/laguiole.com\/?post_type=product&#038;p=46623"},"modified":"2026-03-13T08:18:04","modified_gmt":"2026-03-13T07:18:04","slug":"laguiole-gourmet-kuchenmesser-10cm-mit-aubrac-olivengriff","status":"publish","type":"product","link":"https:\/\/laguiole.com\/de\/produit\/laguiole-gourmet-kuchenmesser-10cm-mit-aubrac-olivengriff\/","title":{"rendered":"Laguiole Gourmet K\u00fcchenmesser 20 cm in Aubrac mit Olivenstiel"},"content":{"rendered":"<p data-start=\"451\" data-end=\"801\">Das <strong data-start=\"454\" data-end=\"506\">Laguiole-K\u00fcchenmesser in Aubrac Gourmet 20 cm<\/strong>, ausgestattet mit einem <strong data-start=\"520\" data-end=\"548\">Griff aus Olivholz<\/strong>, wurde schnell zu einem unverzichtbaren Werkzeug f\u00fcr jeden K\u00fcchenprofi. Vollst\u00e4ndig handgefertigt in den Werkst\u00e4tten Espalions, vereint es <strong data-start=\"721\" data-end=\"745\">meisterhaft traditionelle Handwerkskunst<\/strong>, <strong data-start=\"747\" data-end=\"771\">Schneidleistung<\/strong> und <strong data-start=\"775\" data-end=\"800\">zeitlose Eleganz<\/strong>.<\/p>\n<h3 data-start=\"803\" data-end=\"859\"><strong data-start=\"807\" data-end=\"859\">Klingengeometrie, die f\u00fcr Leistung entwickelt wurde<\/strong><\/h3>\n<p data-start=\"860\" data-end=\"1460\">Sobald du dieses Messer aufnimmst, f\u00e4llt dir sofort sein <strong data-start=\"933\" data-end=\"952\">ausgepr\u00e4gter Bauch<\/strong> und die <strong data-start=\"959\" data-end=\"986\">\u00e4u\u00dferst feine Spitze<\/strong> auf. Diese sorgf\u00e4ltig gestaltete Kombination maximiert Ihre Effizienz in der K\u00fcche.<br data-start=\"1067\" data-end=\"1070\" \/>Einerseits erm\u00f6glicht der breitere zentrale Teil, Fleisch, Gem\u00fcse und Kr\u00e4uter mit gro\u00dfer Fl\u00fcssigkeit zu schneiden. Andererseits bietet die scharfe Spitze Ihnen die n\u00f6tige <strong data-start=\"1245\" data-end=\"1299\">Pr\u00e4zision f\u00fcr die sorgf\u00e4ltigen Schnitte<\/strong>, die in der professionellen Restaurierung unerl\u00e4sslich sind.<br data-start=\"1347\" data-end=\"1350\" \/>So begleitet Sie dieses Messer mit derselben Leichtigkeit bei schnellen Aufgaben wie bei technischen Gesten.<\/p>\n<h3 data-start=\"1462\" data-end=\"1531\"><strong data-start=\"1466\" data-end=\"1531\">Sandvik 12C27 Stahl, der zuverl\u00e4ssig, langlebig und einfach zu warten ist<\/strong><\/h3>\n<p data-start=\"1532\" data-end=\"1713\">Um eine tadellose Qualit\u00e4t zu garantieren, schmiedet Laguiole en Aubrac seine Klinge aus <strong data-start=\"1630\" data-end=\"1647\">Sandvik 12C27<\/strong> Edelstahl. Dank seines <strong data-start=\"1660\" data-end=\"1687\">hohen Kohlenstoffgehalts<\/strong> bietet dieser Stahl Ihnen:<\/p>\n<ul data-start=\"1714\" data-end=\"1928\">\n<li data-start=\"1714\" data-end=\"1746\">\n<p data-start=\"1716\" data-end=\"1746\">eine saubere und langlebige Kante,<\/p>\n<\/li>\n<li data-start=\"1747\" data-end=\"1792\">\n<p data-start=\"1749\" data-end=\"1792\">Sehr gute Korrosionsbest\u00e4ndigkeit,<\/p>\n<\/li>\n<li data-start=\"1793\" data-end=\"1847\">\n<p data-start=\"1795\" data-end=\"1847\">hohe Stabilit\u00e4t beim intensiven Schneiden,<\/p>\n<\/li>\n<li data-start=\"1848\" data-end=\"1928\">\n<p data-start=\"1850\" data-end=\"1928\">Und vor allem eine <strong data-start=\"1866\" data-end=\"1890\">Leichtigkeit beim Sch\u00e4rfen<\/strong> , die beim professionellen Kochen gesch\u00e4tzt wird.<\/p>\n<\/li>\n<\/ul>\n<p data-start=\"1930\" data-end=\"2002\">Das sorgt f\u00fcr mehr Konstanz, Pr\u00e4zision und Geschwindigkeit der Arbeit.<\/p>\n<h3 data-start=\"2004\" data-end=\"2073\"><strong data-start=\"2008\" data-end=\"2073\">Ein Griff aus Olivholz: Komfort, Robustheit und Eleganz<\/strong><\/h3>\n<p data-start=\"2074\" data-end=\"2443\">Laguiole en Aubrac w\u00e4hlt <strong data-start=\"2104\" data-end=\"2122\">Olivenholz<\/strong> wegen seines nat\u00fcrlich widerstandsf\u00e4higen Charakters gegen Feuchtigkeit und seiner au\u00dfergew\u00f6hnlichen Robustheit. Dar\u00fcber hinaus verleihen seine leuchtenden <strong data-start=\"2256\" data-end=\"2293\">Adern ein edles und warmes Erscheinungsbild<\/strong>, ideal f\u00fcr ein Werkzeug, das stolz in einer offenen K\u00fcche gehalten wird.<br data-start=\"2359\" data-end=\"2362\" \/>Der handgeformte und polierte Griff enth\u00e4lt mehrere ikonische Details:<\/p>\n<ul data-start=\"2444\" data-end=\"2644\">\n<li data-start=\"2444\" data-end=\"2485\">\n<p data-start=\"2446\" data-end=\"2485\">Die <strong data-start=\"2449\" data-end=\"2482\">Mitra geschm\u00fcckt wie ein Ring<\/strong>,<\/p>\n<\/li>\n<li data-start=\"2486\" data-end=\"2522\">\n<p data-start=\"2488\" data-end=\"2522\">die <strong data-start=\"2491\" data-end=\"2519\">ber\u00fchmte Laguiole-Biene<\/strong>,<\/p>\n<\/li>\n<li data-start=\"2523\" data-end=\"2553\">\n<p data-start=\"2525\" data-end=\"2553\">die <strong data-start=\"2528\" data-end=\"2550\">R\u00fcckseite von Hand gefeilt<\/strong>,<\/p>\n<\/li>\n<li data-start=\"2554\" data-end=\"2644\">\n<p data-start=\"2556\" data-end=\"2644\">und das <strong data-start=\"2562\" data-end=\"2603\">Hirtenkreuz, das von den Nieten gebildet<\/strong> wird, ein traditionelles Symbol, das in der Geschichte verwurzelt ist.<\/p>\n<\/li>\n<\/ul>\n<p data-start=\"2646\" data-end=\"2814\">Diese handwerklichen Oberfl\u00e4chen verzieren das Messer nicht nur: Sie <strong data-start=\"2723\" data-end=\"2765\">verst\u00e4rken auch die Qualit\u00e4t des Griffs<\/strong> und zeugen von der Strenge der geleisteten Arbeit.<\/p>\n<h3 data-start=\"2816\" data-end=\"2881\"><strong data-start=\"2820\" data-end=\"2881\">Laguiole en Aubrac: ein Markenzeichen franz\u00f6sischer Exzellenz<\/strong><\/h3>\n<p data-start=\"2882\" data-end=\"3093\">Mit der Wahl eines Laguiole-Messers in Aubrac entscheiden Sie sich f\u00fcr <strong data-start=\"2947\" data-end=\"3001\">franz\u00f6sisches Know-how, das weltweit anerkannt<\/strong> ist. Jedes Messer wird von einem einzelnen Handwerker montiert, eingestellt und gesteuert, was Ihnen garantiert:<\/p>\n<ul data-start=\"3094\" data-end=\"3264\">\n<li data-start=\"3094\" data-end=\"3115\">\n<p data-start=\"3096\" data-end=\"3115\">Ein einzigartiges St\u00fcck,<\/p>\n<\/li>\n<li data-start=\"3116\" data-end=\"3147\">\n<p data-start=\"3118\" data-end=\"3147\">ein tadelloses Finish,<\/p>\n<\/li>\n<li data-start=\"3148\" data-end=\"3199\">\n<p data-start=\"3150\" data-end=\"3199\">eine perfekte Balance zwischen Stil und Effizienz,<\/p>\n<\/li>\n<li data-start=\"3200\" data-end=\"3264\">\n<p data-start=\"3202\" data-end=\"3264\">und eine Langlebigkeit, die f\u00fcr den t\u00e4glichen professionellen Gebrauch konzipiert ist.<\/p>\n<\/li>\n<\/ul>\n<p data-start=\"3266\" data-end=\"3494\">So wird dieses Messer weit mehr als nur ein Werkzeug: Es wird zu einem <strong data-start=\"3337\" data-end=\"3359\">vertrauensw\u00fcrdigen Verb\u00fcndeten<\/strong>, der mit dem anspruchsvollen Tempo professioneller K\u00fcchen mithalten kann und gleichzeitig Ihrer Arbeitsplatte einen Hauch von Eleganz verleiht.<\/p>\n","protected":false},"excerpt":{"rendered":"<p>Laguiole Gourmet K\u00fcchenmesser 20 cm in Aubrac<br \/>\nFull Olive Griff Klinge<br \/>\n: Sandvik 12C27 Geb\u00fcrsteter<br \/>\nEdelstahl-Fell: Edelstahleinsatz auf der linken Seite des Griffs<br \/>\nShepherd&#8217;s Cross auf der linken Seite des Messers<br \/>\nGesamtmessergr\u00f6\u00dfe: 33 cm<br \/>\nGriffgr\u00f6\u00dfe einschlie\u00dflich Schutz: 14 cm<br \/>\nKlingenkantengr\u00f6\u00dfe: 19 cm<br \/>\nH\u00e4rte 58 HRC<br \/>\nKlingendicke 3 mm<br \/>\nKlingenh\u00f6he 4 cm<br \/>\nGewicht 170 g<\/p>\n","protected":false},"featured_media":46784,"template":"","meta":{"_acf_changed":false,"_monsterinsights_skip_tracking":false,"_monsterinsights_sitenote_active":false,"_monsterinsights_sitenote_note":"","_monsterinsights_sitenote_category":0},"product_brand":[],"product_cat":[5932,5933],"product_tag":[],"class_list":{"0":"post-46623","1":"product","2":"type-product","3":"status-publish","4":"has-post-thumbnail","6":"product_cat-laguiole-kuechenbloecke-sets-und-zubehoer","7":"product_cat-laguiole-kuechenbloecke-und-messer","8":"pa_lame-gebuersteter-edelstahl","9":"pa_manche-en-bois-olive","10":"pa_marque-laguiole-en-aubracfr","11":"pa_mitres-ohne-gehrung-vollstaendige-huelse","12":"tm-has-options","15":"onbackorder","16":"taxable","17":"shipping-taxable","18":"purchasable","19":"product-type-simple"},"supplier_id":null,"supplier_sku":"","barcode":null,"atum_controlled":true,"out_stock_date":"2026-03-13 11:07:11","out_stock_threshold":null,"inheritable":false,"inbound_stock":0,"stock_on_hold":0,"sold_today":0,"sales_last_days":0,"reserved_stock":0,"customer_returns":0,"warehouse_damage":0,"lost_in_post":0,"other_logs":0,"out_stock_days":57,"lost_sales":0,"has_location":false,"update_date":"2026-05-10T00:52:46","atum_locations":[],"atum_stock_status":"onbackorder","restock_status":false,"low_stock_amount":"","sales_update_date":"2026-05-10T00:52:46","calc_backorders":0,"acf":[],"yoast_head":"<!-- This site is optimized with the Yoast SEO plugin v27.3 - https:\/\/yoast.com\/product\/yoast-seo-wordpress\/ -->\n<title>Knife-Chef-Lagoiole-Aubrac-20cm-Olivier<\/title>\n<meta name=\"description\" content=\"Laguiole Aubrac Kochmesser 20 cm, Sandvik 12C27 Klinge und Olivenstiel. Hochwertige franz\u00f6sische Handwerkskunst, Pr\u00e4zision und Eleganz in der K\u00fcche.\" \/>\n<meta name=\"robots\" content=\"index, follow, max-snippet:-1, max-image-preview:large, max-video-preview:-1\" \/>\n<link rel=\"canonical\" href=\"https:\/\/laguiole.com\/de\/produit\/laguiole-gourmet-kuchenmesser-10cm-mit-aubrac-olivengriff\/\" \/>\n<meta property=\"og:locale\" content=\"de_DE\" \/>\n<meta property=\"og:type\" content=\"article\" \/>\n<meta property=\"og:title\" content=\"Premium-Chef-Werkzeug\" \/>\n<meta property=\"og:description\" content=\"\ud83d\udd2a Gourmet Gem\u00fcsemesser \u2013 OlivenholzVereinen Sie Pr\u00e4zision und Eleganz in der K\u00fcche! Die d\u00fcnne, handgesch\u00e4rfte Klinge erleichtert das Sch\u00e4len, Trimmen und Mei\u00dfeln. Der einzigartige und robuste Griff aus Olivenholz bringt Komfort und Stil in jede Bewegung. Mit seiner handgefertigten Gravur und dem Hirtenkreuz erz\u00e4hlt jedes Messer die Geschichte franz\u00f6sischer Handwerkskunst. \u2728 Vielseitig, langlebig und \u00e4sthetisch ansprechend \u2013 der perfekte Begleiter f\u00fcr all Ihre Gerichte!#CouteauGourmet #BoisDOlivier #CuisineDeChef #ArtisanatFran\u00e7ais #PrecisionEnCuisine\" \/>\n<meta property=\"og:url\" content=\"https:\/\/laguiole.com\/de\/produit\/laguiole-gourmet-kuchenmesser-10cm-mit-aubrac-olivengriff\/\" \/>\n<meta property=\"og:site_name\" content=\"Laguiole.com \u00ae\" \/>\n<meta property=\"article:publisher\" content=\"https:\/\/www.facebook.com\/laguiolecom\/\" \/>\n<meta property=\"article:modified_time\" content=\"2026-03-13T07:18:04+00:00\" \/>\n<meta property=\"og:image\" content=\"https:\/\/laguiole.com\/wp-content\/uploads\/2025\/12\/Couteau_Cuisine_20cm_Gourmet_Laguiole_en_Aubrac_Manche_Olivier_00.jpg\" \/>\n\t<meta property=\"og:image:width\" content=\"1033\" \/>\n\t<meta property=\"og:image:height\" content=\"1033\" \/>\n\t<meta property=\"og:image:type\" content=\"image\/jpeg\" \/>\n<meta name=\"twitter:card\" content=\"summary_large_image\" \/>\n<meta name=\"twitter:label1\" content=\"Gesch\u00e4tzte Lesezeit\" \/>\n\t<meta name=\"twitter:data1\" content=\"3\u00a0Minute\" \/>\n<script type=\"application\/ld+json\" class=\"yoast-schema-graph\">{\"@context\":\"https:\\\/\\\/schema.org\",\"@graph\":[{\"@type\":\"WebPage\",\"@id\":\"https:\\\/\\\/laguiole.com\\\/de\\\/produit\\\/laguiole-gourmet-kuchenmesser-10cm-mit-aubrac-olivengriff\\\/\",\"url\":\"https:\\\/\\\/laguiole.com\\\/de\\\/produit\\\/laguiole-gourmet-kuchenmesser-10cm-mit-aubrac-olivengriff\\\/\",\"name\":\"Knife-Chef-Lagoiole-Aubrac-20cm-Olivier\",\"isPartOf\":{\"@id\":\"https:\\\/\\\/laguiole.com\\\/de\\\/#website\"},\"primaryImageOfPage\":{\"@id\":\"https:\\\/\\\/laguiole.com\\\/de\\\/produit\\\/laguiole-gourmet-kuchenmesser-10cm-mit-aubrac-olivengriff\\\/#primaryimage\"},\"image\":{\"@id\":\"https:\\\/\\\/laguiole.com\\\/de\\\/produit\\\/laguiole-gourmet-kuchenmesser-10cm-mit-aubrac-olivengriff\\\/#primaryimage\"},\"thumbnailUrl\":\"https:\\\/\\\/laguiole.com\\\/wp-content\\\/uploads\\\/2025\\\/12\\\/Couteau_Cuisine_20cm_Gourmet_Laguiole_en_Aubrac_Manche_Olivier_00.jpg\",\"datePublished\":\"2025-12-01T12:36:16+00:00\",\"dateModified\":\"2026-03-13T07:18:04+00:00\",\"description\":\"Laguiole Aubrac Kochmesser 20 cm, Sandvik 12C27 Klinge und Olivenstiel. Hochwertige franz\u00f6sische Handwerkskunst, Pr\u00e4zision und Eleganz in der K\u00fcche.\",\"breadcrumb\":{\"@id\":\"https:\\\/\\\/laguiole.com\\\/de\\\/produit\\\/laguiole-gourmet-kuchenmesser-10cm-mit-aubrac-olivengriff\\\/#breadcrumb\"},\"inLanguage\":\"de\",\"potentialAction\":[{\"@type\":\"ReadAction\",\"target\":[\"https:\\\/\\\/laguiole.com\\\/de\\\/produit\\\/laguiole-gourmet-kuchenmesser-10cm-mit-aubrac-olivengriff\\\/\"]}]},{\"@type\":\"ImageObject\",\"inLanguage\":\"de\",\"@id\":\"https:\\\/\\\/laguiole.com\\\/de\\\/produit\\\/laguiole-gourmet-kuchenmesser-10cm-mit-aubrac-olivengriff\\\/#primaryimage\",\"url\":\"https:\\\/\\\/laguiole.com\\\/wp-content\\\/uploads\\\/2025\\\/12\\\/Couteau_Cuisine_20cm_Gourmet_Laguiole_en_Aubrac_Manche_Olivier_00.jpg\",\"contentUrl\":\"https:\\\/\\\/laguiole.com\\\/wp-content\\\/uploads\\\/2025\\\/12\\\/Couteau_Cuisine_20cm_Gourmet_Laguiole_en_Aubrac_Manche_Olivier_00.jpg\",\"width\":1033,\"height\":1033,\"caption\":\"Couteau Cuisine 20cm Gourmet Laguiole en Aubrac Manche Olivier\"},{\"@type\":\"BreadcrumbList\",\"@id\":\"https:\\\/\\\/laguiole.com\\\/de\\\/produit\\\/laguiole-gourmet-kuchenmesser-10cm-mit-aubrac-olivengriff\\\/#breadcrumb\",\"itemListElement\":[{\"@type\":\"ListItem\",\"position\":1,\"name\":\"Accueil\",\"item\":\"https:\\\/\\\/laguiole.com\\\/de\\\/\"},{\"@type\":\"ListItem\",\"position\":2,\"name\":\"Shop\",\"item\":\"https:\\\/\\\/laguiole.com\\\/de\\\/shop-2\\\/\"},{\"@type\":\"ListItem\",\"position\":3,\"name\":\"Laguiole Gourmet K\u00fcchenmesser 20 cm in Aubrac mit Olivenstiel\"}]},{\"@type\":\"WebSite\",\"@id\":\"https:\\\/\\\/laguiole.com\\\/de\\\/#website\",\"url\":\"https:\\\/\\\/laguiole.com\\\/de\\\/\",\"name\":\"Laguiole.com\",\"description\":\"Laguiole - Couteau laguiole, Chateau Laguiole, Laguiole en Aubrac, Forge de Laguiole\",\"publisher\":{\"@id\":\"https:\\\/\\\/laguiole.com\\\/de\\\/#organization\"},\"potentialAction\":[{\"@type\":\"SearchAction\",\"target\":{\"@type\":\"EntryPoint\",\"urlTemplate\":\"https:\\\/\\\/laguiole.com\\\/de\\\/?s={search_term_string}\"},\"query-input\":{\"@type\":\"PropertyValueSpecification\",\"valueRequired\":true,\"valueName\":\"search_term_string\"}}],\"inLanguage\":\"de\"},{\"@type\":\"Organization\",\"@id\":\"https:\\\/\\\/laguiole.com\\\/de\\\/#organization\",\"name\":\"Laguiole.com\",\"url\":\"https:\\\/\\\/laguiole.com\\\/de\\\/\",\"logo\":{\"@type\":\"ImageObject\",\"inLanguage\":\"de\",\"@id\":\"https:\\\/\\\/laguiole.com\\\/de\\\/#\\\/schema\\\/logo\\\/image\\\/\",\"url\":\"https:\\\/\\\/laguiole.com\\\/wp-content\\\/uploads\\\/2021\\\/02\\\/logo_laguiole.com-horizontal.jpg\",\"contentUrl\":\"https:\\\/\\\/laguiole.com\\\/wp-content\\\/uploads\\\/2021\\\/02\\\/logo_laguiole.com-horizontal.jpg\",\"width\":490,\"height\":156,\"caption\":\"Laguiole.com\"},\"image\":{\"@id\":\"https:\\\/\\\/laguiole.com\\\/de\\\/#\\\/schema\\\/logo\\\/image\\\/\"},\"sameAs\":[\"https:\\\/\\\/www.facebook.com\\\/laguiolecom\\\/\",\"https:\\\/\\\/www.instagram.com\\\/laguiolecom\\\/\",\"https:\\\/\\\/www.youtube.com\\\/@laguiolecom\\\/videos\"]}]}<\/script>\n<!-- \/ Yoast SEO plugin. -->","yoast_head_json":{"title":"Knife-Chef-Lagoiole-Aubrac-20cm-Olivier","description":"Laguiole Aubrac Kochmesser 20 cm, Sandvik 12C27 Klinge und Olivenstiel. Hochwertige franz\u00f6sische Handwerkskunst, Pr\u00e4zision und Eleganz in der K\u00fcche.","robots":{"index":"index","follow":"follow","max-snippet":"max-snippet:-1","max-image-preview":"max-image-preview:large","max-video-preview":"max-video-preview:-1"},"canonical":"https:\/\/laguiole.com\/de\/produit\/laguiole-gourmet-kuchenmesser-10cm-mit-aubrac-olivengriff\/","og_locale":"de_DE","og_type":"article","og_title":"Premium-Chef-Werkzeug","og_description":"\ud83d\udd2a Gourmet Gem\u00fcsemesser \u2013 OlivenholzVereinen Sie Pr\u00e4zision und Eleganz in der K\u00fcche! Die d\u00fcnne, handgesch\u00e4rfte Klinge erleichtert das Sch\u00e4len, Trimmen und Mei\u00dfeln. Der einzigartige und robuste Griff aus Olivenholz bringt Komfort und Stil in jede Bewegung. Mit seiner handgefertigten Gravur und dem Hirtenkreuz erz\u00e4hlt jedes Messer die Geschichte franz\u00f6sischer Handwerkskunst. \u2728 Vielseitig, langlebig und \u00e4sthetisch ansprechend \u2013 der perfekte Begleiter f\u00fcr all Ihre Gerichte!#CouteauGourmet #BoisDOlivier #CuisineDeChef #ArtisanatFran\u00e7ais #PrecisionEnCuisine","og_url":"https:\/\/laguiole.com\/de\/produit\/laguiole-gourmet-kuchenmesser-10cm-mit-aubrac-olivengriff\/","og_site_name":"Laguiole.com \u00ae","article_publisher":"https:\/\/www.facebook.com\/laguiolecom\/","article_modified_time":"2026-03-13T07:18:04+00:00","og_image":[{"width":1033,"height":1033,"url":"https:\/\/laguiole.com\/wp-content\/uploads\/2025\/12\/Couteau_Cuisine_20cm_Gourmet_Laguiole_en_Aubrac_Manche_Olivier_00.jpg","type":"image\/jpeg"}],"twitter_card":"summary_large_image","twitter_misc":{"Gesch\u00e4tzte Lesezeit":"3\u00a0Minute"},"schema":{"@context":"https:\/\/schema.org","@graph":[{"@type":"WebPage","@id":"https:\/\/laguiole.com\/de\/produit\/laguiole-gourmet-kuchenmesser-10cm-mit-aubrac-olivengriff\/","url":"https:\/\/laguiole.com\/de\/produit\/laguiole-gourmet-kuchenmesser-10cm-mit-aubrac-olivengriff\/","name":"Knife-Chef-Lagoiole-Aubrac-20cm-Olivier","isPartOf":{"@id":"https:\/\/laguiole.com\/de\/#website"},"primaryImageOfPage":{"@id":"https:\/\/laguiole.com\/de\/produit\/laguiole-gourmet-kuchenmesser-10cm-mit-aubrac-olivengriff\/#primaryimage"},"image":{"@id":"https:\/\/laguiole.com\/de\/produit\/laguiole-gourmet-kuchenmesser-10cm-mit-aubrac-olivengriff\/#primaryimage"},"thumbnailUrl":"https:\/\/laguiole.com\/wp-content\/uploads\/2025\/12\/Couteau_Cuisine_20cm_Gourmet_Laguiole_en_Aubrac_Manche_Olivier_00.jpg","datePublished":"2025-12-01T12:36:16+00:00","dateModified":"2026-03-13T07:18:04+00:00","description":"Laguiole Aubrac Kochmesser 20 cm, Sandvik 12C27 Klinge und Olivenstiel. Hochwertige franz\u00f6sische Handwerkskunst, Pr\u00e4zision und Eleganz in der K\u00fcche.","breadcrumb":{"@id":"https:\/\/laguiole.com\/de\/produit\/laguiole-gourmet-kuchenmesser-10cm-mit-aubrac-olivengriff\/#breadcrumb"},"inLanguage":"de","potentialAction":[{"@type":"ReadAction","target":["https:\/\/laguiole.com\/de\/produit\/laguiole-gourmet-kuchenmesser-10cm-mit-aubrac-olivengriff\/"]}]},{"@type":"ImageObject","inLanguage":"de","@id":"https:\/\/laguiole.com\/de\/produit\/laguiole-gourmet-kuchenmesser-10cm-mit-aubrac-olivengriff\/#primaryimage","url":"https:\/\/laguiole.com\/wp-content\/uploads\/2025\/12\/Couteau_Cuisine_20cm_Gourmet_Laguiole_en_Aubrac_Manche_Olivier_00.jpg","contentUrl":"https:\/\/laguiole.com\/wp-content\/uploads\/2025\/12\/Couteau_Cuisine_20cm_Gourmet_Laguiole_en_Aubrac_Manche_Olivier_00.jpg","width":1033,"height":1033,"caption":"Couteau Cuisine 20cm Gourmet Laguiole en Aubrac Manche Olivier"},{"@type":"BreadcrumbList","@id":"https:\/\/laguiole.com\/de\/produit\/laguiole-gourmet-kuchenmesser-10cm-mit-aubrac-olivengriff\/#breadcrumb","itemListElement":[{"@type":"ListItem","position":1,"name":"Accueil","item":"https:\/\/laguiole.com\/de\/"},{"@type":"ListItem","position":2,"name":"Shop","item":"https:\/\/laguiole.com\/de\/shop-2\/"},{"@type":"ListItem","position":3,"name":"Laguiole Gourmet K\u00fcchenmesser 20 cm in Aubrac mit Olivenstiel"}]},{"@type":"WebSite","@id":"https:\/\/laguiole.com\/de\/#website","url":"https:\/\/laguiole.com\/de\/","name":"Laguiole.com","description":"Laguiole - Couteau laguiole, Chateau Laguiole, Laguiole en Aubrac, Forge de Laguiole","publisher":{"@id":"https:\/\/laguiole.com\/de\/#organization"},"potentialAction":[{"@type":"SearchAction","target":{"@type":"EntryPoint","urlTemplate":"https:\/\/laguiole.com\/de\/?s={search_term_string}"},"query-input":{"@type":"PropertyValueSpecification","valueRequired":true,"valueName":"search_term_string"}}],"inLanguage":"de"},{"@type":"Organization","@id":"https:\/\/laguiole.com\/de\/#organization","name":"Laguiole.com","url":"https:\/\/laguiole.com\/de\/","logo":{"@type":"ImageObject","inLanguage":"de","@id":"https:\/\/laguiole.com\/de\/#\/schema\/logo\/image\/","url":"https:\/\/laguiole.com\/wp-content\/uploads\/2021\/02\/logo_laguiole.com-horizontal.jpg","contentUrl":"https:\/\/laguiole.com\/wp-content\/uploads\/2021\/02\/logo_laguiole.com-horizontal.jpg","width":490,"height":156,"caption":"Laguiole.com"},"image":{"@id":"https:\/\/laguiole.com\/de\/#\/schema\/logo\/image\/"},"sameAs":["https:\/\/www.facebook.com\/laguiolecom\/","https:\/\/www.instagram.com\/laguiolecom\/","https:\/\/www.youtube.com\/@laguiolecom\/videos"]}]}},"_links":{"self":[{"href":"https:\/\/laguiole.com\/de\/wp-json\/wp\/v2\/product\/46623","targetHints":{"allow":["GET"]}}],"collection":[{"href":"https:\/\/laguiole.com\/de\/wp-json\/wp\/v2\/product"}],"about":[{"href":"https:\/\/laguiole.com\/de\/wp-json\/wp\/v2\/types\/product"}],"version-history":[{"count":2,"href":"https:\/\/laguiole.com\/de\/wp-json\/wp\/v2\/product\/46623\/revisions"}],"predecessor-version":[{"id":46947,"href":"https:\/\/laguiole.com\/de\/wp-json\/wp\/v2\/product\/46623\/revisions\/46947"}],"wp:featuredmedia":[{"embeddable":true,"href":"https:\/\/laguiole.com\/de\/wp-json\/wp\/v2\/media\/46784"}],"wp:attachment":[{"href":"https:\/\/laguiole.com\/de\/wp-json\/wp\/v2\/media?parent=46623"}],"wp:term":[{"taxonomy":"product_brand","embeddable":true,"href":"https:\/\/laguiole.com\/de\/wp-json\/wp\/v2\/product_brand?post=46623"},{"taxonomy":"product_cat","embeddable":true,"href":"https:\/\/laguiole.com\/de\/wp-json\/wp\/v2\/product_cat?post=46623"},{"taxonomy":"product_tag","embeddable":true,"href":"https:\/\/laguiole.com\/de\/wp-json\/wp\/v2\/product_tag?post=46623"}],"curies":[{"name":"wp","href":"https:\/\/api.w.org\/{rel}","templated":true}]}}