{"id":46605,"date":"2025-12-01T12:42:49","date_gmt":"2025-12-01T11:42:49","guid":{"rendered":"https:\/\/laguiole.com\/?post_type=product&#038;p=46605"},"modified":"2025-12-16T20:41:34","modified_gmt":"2025-12-16T19:41:34","slug":"laguiole-gourmet-kuchenmesser-10cm-mit-aubrac-olivengriff-2","status":"publish","type":"product","link":"https:\/\/laguiole.com\/de\/produit\/laguiole-gourmet-kuchenmesser-10cm-mit-aubrac-olivengriff-2\/","title":{"rendered":"Laguiole Gourmet K\u00fcchenmesser 15 cm in Aubrac mit Olivenstiel"},"content":{"rendered":"<h2 data-start=\"194\" data-end=\"304\"><strong data-start=\"197\" data-end=\"304\">Laguiole K\u00fcchenmesser in Aubrac Gourmet 15 cm \u2013 Olivenstiel | Hergestellt in Frankreich<\/strong><\/h2>\n<p data-start=\"306\" data-end=\"589\">Entdecken <strong data-start=\"319\" data-end=\"371\">Sie das Laguiole-K\u00fcchenmesser im Aubrac Gourmet 15 cm<\/strong>, ein handwerkliches Messer, das Eleganz, Leistung und Authentizit\u00e4t vereint. Vollst\u00e4ndig handgefertigt in <strong data-start=\"476\" data-end=\"500\">Espalion in Aveyron,<\/strong> wurde es schnell zu einem unverzichtbaren Werkzeug f\u00fcr alle Kochbegeisterten.<\/p>\n<h3 data-start=\"591\" data-end=\"643\"><strong data-start=\"595\" data-end=\"643\">Eine Klinge, die f\u00fcr maximale Effizienz ausgelegt ist<\/strong><\/h3>\n<p data-start=\"644\" data-end=\"785\">Auf den ersten Blick f\u00e4llt dir der <strong data-start=\"686\" data-end=\"713\">gro\u00dfz\u00fcgige Bauch der Klinge<\/strong> sowie die <strong data-start=\"727\" data-end=\"754\">\u00e4u\u00dferst feine Spitze<\/strong> auf. Mit dieser Form kannst du:<\/p>\n<ul data-start=\"786\" data-end=\"970\">\n<li data-start=\"786\" data-end=\"844\">\n<p data-start=\"788\" data-end=\"844\">Erzielen Sie sanftere, kraftvollere Schnitte.<\/p>\n<\/li>\n<li data-start=\"845\" data-end=\"896\">\n<p data-start=\"847\" data-end=\"896\">Fleisch, Gem\u00fcse und Obst leicht zu schneiden,<\/p>\n<\/li>\n<li data-start=\"897\" data-end=\"970\">\n<p data-start=\"899\" data-end=\"970\">Mach alle deine Pr\u00e4zisionsschnitte mit der scharfen Spitze.<\/p>\n<\/li>\n<\/ul>\n<p data-start=\"972\" data-end=\"1033\">So vereint dieses Messer Kraft und Kontrolle perfekt.<\/p>\n<h3 data-start=\"1035\" data-end=\"1087\"><strong data-start=\"1039\" data-end=\"1087\">Sandvik 12C27 Stahl f\u00fcr Leistung und Haltbarkeit<\/strong><\/h3>\n<p data-start=\"1088\" data-end=\"1206\">Laguiole en Aubrac verwendet <strong data-start=\"1138\" data-end=\"1155\">Sandvik 12C27<\/strong> Edelstahl, bekannt f\u00fcr seine \u00fcberlegene Qualit\u00e4t. Dieser Stahl:<\/p>\n<ul data-start=\"1207\" data-end=\"1405\">\n<li data-start=\"1207\" data-end=\"1247\">\n<p data-start=\"1209\" data-end=\"1247\">Widerstand gegen Korrosion,<\/p>\n<\/li>\n<li data-start=\"1248\" data-end=\"1328\">\n<p data-start=\"1250\" data-end=\"1328\">Beh\u00e4lt dank seines hohen Kohlenstoffgehalts l\u00e4nger eine scharfe Kante,<\/p>\n<\/li>\n<li data-start=\"1329\" data-end=\"1405\">\n<p data-start=\"1331\" data-end=\"1405\">Sch\u00e4rft sich schnell, wenn man der Klinge einen neuen Biss geben m\u00f6chte.<\/p>\n<\/li>\n<\/ul>\n<p data-start=\"1407\" data-end=\"1498\">So profitieren Sie von einem zuverl\u00e4ssigen, langlebigen Messer, das f\u00fcr den t\u00e4glichen Gebrauch geeignet ist.<\/p>\n<h3 data-start=\"1500\" data-end=\"1556\"><strong data-start=\"1504\" data-end=\"1556\">Ein Griff aus Olivholz f\u00fcr einen einzigartigen Stil<\/strong><\/h3>\n<p data-start=\"1557\" data-end=\"1658\">Um Charme und Komfort zu erzeugen, verwendet dieses Modell einen <strong data-start=\"1611\" data-end=\"1639\">Griff aus Olivholz<\/strong>. Dieses edle Holz:<\/p>\n<ul data-start=\"1659\" data-end=\"1791\">\n<li data-start=\"1659\" data-end=\"1699\">\n<p data-start=\"1661\" data-end=\"1699\">einzigartige nat\u00fcrliche Adern,<\/p>\n<\/li>\n<li data-start=\"1700\" data-end=\"1742\">\n<p data-start=\"1702\" data-end=\"1742\">garantiert einen ausgezeichneten Griff,<\/p>\n<\/li>\n<li data-start=\"1743\" data-end=\"1791\">\n<p data-start=\"1745\" data-end=\"1791\">verleiht dem Messer bemerkenswerte Robustheit.<\/p>\n<\/li>\n<\/ul>\n<p data-start=\"1793\" data-end=\"1916\">So wird jede Kopie zu einem einzigartigen St\u00fcck, das perfekt in eine moderne oder traditionelle K\u00fcche passt.<\/p>\n<h3 data-start=\"1918\" data-end=\"1975\"><strong data-start=\"1922\" data-end=\"1975\">Die Authentizit\u00e4t von Laguioles Know-how in Aubrac<\/strong><\/h3>\n<p data-start=\"1976\" data-end=\"2146\">Mit der Wahl eines Laguiole-Messers in Aubrac unterst\u00fctzen Sie <strong data-start=\"2039\" data-end=\"2073\">authentisches franz\u00f6sisches Handwerk<\/strong>. Die Handwerker formen jedes St\u00fcck einzeln, was sicherstellt:<\/p>\n<ul data-start=\"2147\" data-end=\"2265\">\n<li data-start=\"2147\" data-end=\"2175\">\n<p data-start=\"2149\" data-end=\"2175\">ein tadelloses Finish,<\/p>\n<\/li>\n<li data-start=\"2176\" data-end=\"2215\">\n<p data-start=\"2178\" data-end=\"2215\">Qualit\u00e4tskontrolle in jeder Phase,<\/p>\n<\/li>\n<li data-start=\"2216\" data-end=\"2265\">\n<p data-start=\"2218\" data-end=\"2265\">Ein K\u00fcchenger\u00e4t, das wirklich f\u00fcr Langlebigkeit gemacht ist.<\/p>\n<\/li>\n<\/ul>\n","protected":false},"excerpt":{"rendered":"<p>Laguiole Gourmet K\u00fcchenmesser in Aubrac<br \/>\nVoller Griff aus Olivenklinge: Sandvik 12C27 Geb\u00fcrsteter<br \/>\nEdelstahl-Flieger: Edelstahl-Einsatz links am Griff<br \/>\nBerger&#8217;s<br \/>\nCross auf der linken Seite des Messers<br \/>\nGesamtmessergr\u00f6\u00dfe: 29 cm<br \/>\nGriffgr\u00f6\u00dfe einschlie\u00dflich Sch\u00fctzen: 14 cm<br \/>\nKlingenschneide: 15 cm<br \/>\nKlingendicke 2 mm<br \/>\nKlingenh\u00f6he 3 cm<br \/>\nGewicht 140 g<\/p>\n","protected":false},"featured_media":46809,"template":"","meta":{"_acf_changed":false,"_monsterinsights_skip_tracking":false,"_monsterinsights_sitenote_active":false,"_monsterinsights_sitenote_note":"","_monsterinsights_sitenote_category":0},"product_brand":[],"product_cat":[5932,5933],"product_tag":[],"class_list":{"0":"post-46605","1":"product","2":"type-product","3":"status-publish","4":"has-post-thumbnail","6":"product_cat-laguiole-kuechenbloecke-sets-und-zubehoer","7":"product_cat-laguiole-kuechenbloecke-und-messer","8":"pa_lame-gebuersteter-edelstahl","9":"pa_manche-en-bois-olive","10":"pa_marque-laguiole-en-aubracfr","11":"pa_mitres-ohne-gehrung-vollstaendige-huelse","12":"tm-has-options","15":"instock","16":"taxable","17":"shipping-taxable","18":"purchasable","19":"product-type-simple"},"supplier_id":null,"supplier_sku":"","barcode":null,"atum_controlled":true,"out_stock_date":null,"out_stock_threshold":null,"inheritable":false,"inbound_stock":0,"stock_on_hold":0,"sold_today":0,"sales_last_days":0,"reserved_stock":0,"customer_returns":0,"warehouse_damage":0,"lost_in_post":0,"other_logs":0,"out_stock_days":0,"lost_sales":0,"has_location":false,"update_date":"2026-05-02T00:43:22","atum_locations":[],"atum_stock_status":"instock","restock_status":false,"low_stock_amount":"","sales_update_date":"2026-05-02T00:43:22","calc_backorders":0,"acf":[],"yoast_head":"<!-- This site is optimized with the Yoast SEO plugin v27.3 - https:\/\/yoast.com\/product\/yoast-seo-wordpress\/ -->\n<title>Laguiole-Kochmesser in Aubrac 15 cm \u2013 Olivenstiel<\/title>\n<meta name=\"description\" content=\"Laguiole Aubrac 15 cm handgefertigtes Kochmesser, Sandvik 12C27 Klinge und Olivenstiel. Pr\u00e4zision, Eleganz und franz\u00f6sisches Know-how.\" \/>\n<meta name=\"robots\" content=\"index, follow, max-snippet:-1, max-image-preview:large, max-video-preview:-1\" \/>\n<link rel=\"canonical\" href=\"https:\/\/laguiole.com\/de\/produit\/laguiole-gourmet-kuchenmesser-10cm-mit-aubrac-olivengriff-2\/\" \/>\n<meta property=\"og:locale\" content=\"de_DE\" \/>\n<meta property=\"og:type\" content=\"article\" \/>\n<meta property=\"og:title\" content=\"Premium-Chef-Werkzeug\" \/>\n<meta property=\"og:description\" content=\"\ud83d\udd2a Gourmet Gem\u00fcsemesser \u2013 OlivenholzVereinen Sie Pr\u00e4zision und Eleganz in der K\u00fcche! Die d\u00fcnne, handgesch\u00e4rfte Klinge erleichtert das Sch\u00e4len, Trimmen und Mei\u00dfeln. Der einzigartige und robuste Griff aus Olivenholz bringt Komfort und Stil in jede Bewegung. Mit seiner handgefertigten Gravur und dem Hirtenkreuz erz\u00e4hlt jedes Messer die Geschichte franz\u00f6sischer Handwerkskunst. \u2728 Vielseitig, langlebig und \u00e4sthetisch ansprechend \u2013 der perfekte Begleiter f\u00fcr all Ihre Gerichte!#CouteauGourmet #BoisDOlivier #CuisineDeChef #ArtisanatFran\u00e7ais #PrecisionEnCuisine\" \/>\n<meta property=\"og:url\" content=\"https:\/\/laguiole.com\/de\/produit\/laguiole-gourmet-kuchenmesser-10cm-mit-aubrac-olivengriff-2\/\" \/>\n<meta property=\"og:site_name\" content=\"Laguiole.com \u00ae\" \/>\n<meta property=\"article:publisher\" content=\"https:\/\/www.facebook.com\/laguiolecom\/\" \/>\n<meta property=\"article:modified_time\" content=\"2025-12-16T19:41:34+00:00\" \/>\n<meta property=\"og:image\" content=\"https:\/\/laguiole.com\/wp-content\/uploads\/2025\/12\/Couteau_de_Cuisine_15cm_Gourmet_Laguiole_en_Aubrac_Manche_Olivier_00.jpg\" \/>\n\t<meta property=\"og:image:width\" content=\"1033\" \/>\n\t<meta property=\"og:image:height\" content=\"1033\" \/>\n\t<meta property=\"og:image:type\" content=\"image\/jpeg\" \/>\n<meta name=\"twitter:card\" content=\"summary_large_image\" \/>\n<meta name=\"twitter:label1\" content=\"Gesch\u00e4tzte Lesezeit\" \/>\n\t<meta name=\"twitter:data1\" content=\"2\u00a0Minute\" \/>\n<script type=\"application\/ld+json\" class=\"yoast-schema-graph\">{\"@context\":\"https:\\\/\\\/schema.org\",\"@graph\":[{\"@type\":\"WebPage\",\"@id\":\"https:\\\/\\\/laguiole.com\\\/de\\\/produit\\\/laguiole-gourmet-kuchenmesser-10cm-mit-aubrac-olivengriff-2\\\/\",\"url\":\"https:\\\/\\\/laguiole.com\\\/de\\\/produit\\\/laguiole-gourmet-kuchenmesser-10cm-mit-aubrac-olivengriff-2\\\/\",\"name\":\"Laguiole-Kochmesser in Aubrac 15 cm \u2013 Olivenstiel\",\"isPartOf\":{\"@id\":\"https:\\\/\\\/laguiole.com\\\/de\\\/#website\"},\"primaryImageOfPage\":{\"@id\":\"https:\\\/\\\/laguiole.com\\\/de\\\/produit\\\/laguiole-gourmet-kuchenmesser-10cm-mit-aubrac-olivengriff-2\\\/#primaryimage\"},\"image\":{\"@id\":\"https:\\\/\\\/laguiole.com\\\/de\\\/produit\\\/laguiole-gourmet-kuchenmesser-10cm-mit-aubrac-olivengriff-2\\\/#primaryimage\"},\"thumbnailUrl\":\"https:\\\/\\\/laguiole.com\\\/wp-content\\\/uploads\\\/2025\\\/12\\\/Couteau_de_Cuisine_15cm_Gourmet_Laguiole_en_Aubrac_Manche_Olivier_00.jpg\",\"datePublished\":\"2025-12-01T11:42:49+00:00\",\"dateModified\":\"2025-12-16T19:41:34+00:00\",\"description\":\"Laguiole Aubrac 15 cm handgefertigtes Kochmesser, Sandvik 12C27 Klinge und Olivenstiel. Pr\u00e4zision, Eleganz und franz\u00f6sisches Know-how.\",\"breadcrumb\":{\"@id\":\"https:\\\/\\\/laguiole.com\\\/de\\\/produit\\\/laguiole-gourmet-kuchenmesser-10cm-mit-aubrac-olivengriff-2\\\/#breadcrumb\"},\"inLanguage\":\"de\",\"potentialAction\":[{\"@type\":\"ReadAction\",\"target\":[\"https:\\\/\\\/laguiole.com\\\/de\\\/produit\\\/laguiole-gourmet-kuchenmesser-10cm-mit-aubrac-olivengriff-2\\\/\"]}]},{\"@type\":\"ImageObject\",\"inLanguage\":\"de\",\"@id\":\"https:\\\/\\\/laguiole.com\\\/de\\\/produit\\\/laguiole-gourmet-kuchenmesser-10cm-mit-aubrac-olivengriff-2\\\/#primaryimage\",\"url\":\"https:\\\/\\\/laguiole.com\\\/wp-content\\\/uploads\\\/2025\\\/12\\\/Couteau_de_Cuisine_15cm_Gourmet_Laguiole_en_Aubrac_Manche_Olivier_00.jpg\",\"contentUrl\":\"https:\\\/\\\/laguiole.com\\\/wp-content\\\/uploads\\\/2025\\\/12\\\/Couteau_de_Cuisine_15cm_Gourmet_Laguiole_en_Aubrac_Manche_Olivier_00.jpg\",\"width\":1033,\"height\":1033,\"caption\":\"Couteau de Cuisine 15cm Gourmet Laguiole en Aubrac Manche Olivier\"},{\"@type\":\"BreadcrumbList\",\"@id\":\"https:\\\/\\\/laguiole.com\\\/de\\\/produit\\\/laguiole-gourmet-kuchenmesser-10cm-mit-aubrac-olivengriff-2\\\/#breadcrumb\",\"itemListElement\":[{\"@type\":\"ListItem\",\"position\":1,\"name\":\"Accueil\",\"item\":\"https:\\\/\\\/laguiole.com\\\/de\\\/\"},{\"@type\":\"ListItem\",\"position\":2,\"name\":\"Shop\",\"item\":\"https:\\\/\\\/laguiole.com\\\/de\\\/shop-2\\\/\"},{\"@type\":\"ListItem\",\"position\":3,\"name\":\"Laguiole Gourmet K\u00fcchenmesser 15 cm in Aubrac mit Olivenstiel\"}]},{\"@type\":\"WebSite\",\"@id\":\"https:\\\/\\\/laguiole.com\\\/de\\\/#website\",\"url\":\"https:\\\/\\\/laguiole.com\\\/de\\\/\",\"name\":\"Laguiole.com\",\"description\":\"Laguiole - Couteau laguiole, Chateau Laguiole, Laguiole en Aubrac, Forge de Laguiole\",\"publisher\":{\"@id\":\"https:\\\/\\\/laguiole.com\\\/de\\\/#organization\"},\"potentialAction\":[{\"@type\":\"SearchAction\",\"target\":{\"@type\":\"EntryPoint\",\"urlTemplate\":\"https:\\\/\\\/laguiole.com\\\/de\\\/?s={search_term_string}\"},\"query-input\":{\"@type\":\"PropertyValueSpecification\",\"valueRequired\":true,\"valueName\":\"search_term_string\"}}],\"inLanguage\":\"de\"},{\"@type\":\"Organization\",\"@id\":\"https:\\\/\\\/laguiole.com\\\/de\\\/#organization\",\"name\":\"Laguiole.com\",\"url\":\"https:\\\/\\\/laguiole.com\\\/de\\\/\",\"logo\":{\"@type\":\"ImageObject\",\"inLanguage\":\"de\",\"@id\":\"https:\\\/\\\/laguiole.com\\\/de\\\/#\\\/schema\\\/logo\\\/image\\\/\",\"url\":\"https:\\\/\\\/laguiole.com\\\/wp-content\\\/uploads\\\/2021\\\/02\\\/logo_laguiole.com-horizontal.jpg\",\"contentUrl\":\"https:\\\/\\\/laguiole.com\\\/wp-content\\\/uploads\\\/2021\\\/02\\\/logo_laguiole.com-horizontal.jpg\",\"width\":490,\"height\":156,\"caption\":\"Laguiole.com\"},\"image\":{\"@id\":\"https:\\\/\\\/laguiole.com\\\/de\\\/#\\\/schema\\\/logo\\\/image\\\/\"},\"sameAs\":[\"https:\\\/\\\/www.facebook.com\\\/laguiolecom\\\/\",\"https:\\\/\\\/www.instagram.com\\\/laguiolecom\\\/\",\"https:\\\/\\\/www.youtube.com\\\/@laguiolecom\\\/videos\"]}]}<\/script>\n<!-- \/ Yoast SEO plugin. -->","yoast_head_json":{"title":"Laguiole-Kochmesser in Aubrac 15 cm \u2013 Olivenstiel","description":"Laguiole Aubrac 15 cm handgefertigtes Kochmesser, Sandvik 12C27 Klinge und Olivenstiel. Pr\u00e4zision, Eleganz und franz\u00f6sisches Know-how.","robots":{"index":"index","follow":"follow","max-snippet":"max-snippet:-1","max-image-preview":"max-image-preview:large","max-video-preview":"max-video-preview:-1"},"canonical":"https:\/\/laguiole.com\/de\/produit\/laguiole-gourmet-kuchenmesser-10cm-mit-aubrac-olivengriff-2\/","og_locale":"de_DE","og_type":"article","og_title":"Premium-Chef-Werkzeug","og_description":"\ud83d\udd2a Gourmet Gem\u00fcsemesser \u2013 OlivenholzVereinen Sie Pr\u00e4zision und Eleganz in der K\u00fcche! Die d\u00fcnne, handgesch\u00e4rfte Klinge erleichtert das Sch\u00e4len, Trimmen und Mei\u00dfeln. Der einzigartige und robuste Griff aus Olivenholz bringt Komfort und Stil in jede Bewegung. Mit seiner handgefertigten Gravur und dem Hirtenkreuz erz\u00e4hlt jedes Messer die Geschichte franz\u00f6sischer Handwerkskunst. \u2728 Vielseitig, langlebig und \u00e4sthetisch ansprechend \u2013 der perfekte Begleiter f\u00fcr all Ihre Gerichte!#CouteauGourmet #BoisDOlivier #CuisineDeChef #ArtisanatFran\u00e7ais #PrecisionEnCuisine","og_url":"https:\/\/laguiole.com\/de\/produit\/laguiole-gourmet-kuchenmesser-10cm-mit-aubrac-olivengriff-2\/","og_site_name":"Laguiole.com \u00ae","article_publisher":"https:\/\/www.facebook.com\/laguiolecom\/","article_modified_time":"2025-12-16T19:41:34+00:00","og_image":[{"width":1033,"height":1033,"url":"https:\/\/laguiole.com\/wp-content\/uploads\/2025\/12\/Couteau_de_Cuisine_15cm_Gourmet_Laguiole_en_Aubrac_Manche_Olivier_00.jpg","type":"image\/jpeg"}],"twitter_card":"summary_large_image","twitter_misc":{"Gesch\u00e4tzte Lesezeit":"2\u00a0Minute"},"schema":{"@context":"https:\/\/schema.org","@graph":[{"@type":"WebPage","@id":"https:\/\/laguiole.com\/de\/produit\/laguiole-gourmet-kuchenmesser-10cm-mit-aubrac-olivengriff-2\/","url":"https:\/\/laguiole.com\/de\/produit\/laguiole-gourmet-kuchenmesser-10cm-mit-aubrac-olivengriff-2\/","name":"Laguiole-Kochmesser in Aubrac 15 cm \u2013 Olivenstiel","isPartOf":{"@id":"https:\/\/laguiole.com\/de\/#website"},"primaryImageOfPage":{"@id":"https:\/\/laguiole.com\/de\/produit\/laguiole-gourmet-kuchenmesser-10cm-mit-aubrac-olivengriff-2\/#primaryimage"},"image":{"@id":"https:\/\/laguiole.com\/de\/produit\/laguiole-gourmet-kuchenmesser-10cm-mit-aubrac-olivengriff-2\/#primaryimage"},"thumbnailUrl":"https:\/\/laguiole.com\/wp-content\/uploads\/2025\/12\/Couteau_de_Cuisine_15cm_Gourmet_Laguiole_en_Aubrac_Manche_Olivier_00.jpg","datePublished":"2025-12-01T11:42:49+00:00","dateModified":"2025-12-16T19:41:34+00:00","description":"Laguiole Aubrac 15 cm handgefertigtes Kochmesser, Sandvik 12C27 Klinge und Olivenstiel. Pr\u00e4zision, Eleganz und franz\u00f6sisches Know-how.","breadcrumb":{"@id":"https:\/\/laguiole.com\/de\/produit\/laguiole-gourmet-kuchenmesser-10cm-mit-aubrac-olivengriff-2\/#breadcrumb"},"inLanguage":"de","potentialAction":[{"@type":"ReadAction","target":["https:\/\/laguiole.com\/de\/produit\/laguiole-gourmet-kuchenmesser-10cm-mit-aubrac-olivengriff-2\/"]}]},{"@type":"ImageObject","inLanguage":"de","@id":"https:\/\/laguiole.com\/de\/produit\/laguiole-gourmet-kuchenmesser-10cm-mit-aubrac-olivengriff-2\/#primaryimage","url":"https:\/\/laguiole.com\/wp-content\/uploads\/2025\/12\/Couteau_de_Cuisine_15cm_Gourmet_Laguiole_en_Aubrac_Manche_Olivier_00.jpg","contentUrl":"https:\/\/laguiole.com\/wp-content\/uploads\/2025\/12\/Couteau_de_Cuisine_15cm_Gourmet_Laguiole_en_Aubrac_Manche_Olivier_00.jpg","width":1033,"height":1033,"caption":"Couteau de Cuisine 15cm Gourmet Laguiole en Aubrac Manche Olivier"},{"@type":"BreadcrumbList","@id":"https:\/\/laguiole.com\/de\/produit\/laguiole-gourmet-kuchenmesser-10cm-mit-aubrac-olivengriff-2\/#breadcrumb","itemListElement":[{"@type":"ListItem","position":1,"name":"Accueil","item":"https:\/\/laguiole.com\/de\/"},{"@type":"ListItem","position":2,"name":"Shop","item":"https:\/\/laguiole.com\/de\/shop-2\/"},{"@type":"ListItem","position":3,"name":"Laguiole Gourmet K\u00fcchenmesser 15 cm in Aubrac mit Olivenstiel"}]},{"@type":"WebSite","@id":"https:\/\/laguiole.com\/de\/#website","url":"https:\/\/laguiole.com\/de\/","name":"Laguiole.com","description":"Laguiole - Couteau laguiole, Chateau Laguiole, Laguiole en Aubrac, Forge de Laguiole","publisher":{"@id":"https:\/\/laguiole.com\/de\/#organization"},"potentialAction":[{"@type":"SearchAction","target":{"@type":"EntryPoint","urlTemplate":"https:\/\/laguiole.com\/de\/?s={search_term_string}"},"query-input":{"@type":"PropertyValueSpecification","valueRequired":true,"valueName":"search_term_string"}}],"inLanguage":"de"},{"@type":"Organization","@id":"https:\/\/laguiole.com\/de\/#organization","name":"Laguiole.com","url":"https:\/\/laguiole.com\/de\/","logo":{"@type":"ImageObject","inLanguage":"de","@id":"https:\/\/laguiole.com\/de\/#\/schema\/logo\/image\/","url":"https:\/\/laguiole.com\/wp-content\/uploads\/2021\/02\/logo_laguiole.com-horizontal.jpg","contentUrl":"https:\/\/laguiole.com\/wp-content\/uploads\/2021\/02\/logo_laguiole.com-horizontal.jpg","width":490,"height":156,"caption":"Laguiole.com"},"image":{"@id":"https:\/\/laguiole.com\/de\/#\/schema\/logo\/image\/"},"sameAs":["https:\/\/www.facebook.com\/laguiolecom\/","https:\/\/www.instagram.com\/laguiolecom\/","https:\/\/www.youtube.com\/@laguiolecom\/videos"]}]}},"_links":{"self":[{"href":"https:\/\/laguiole.com\/de\/wp-json\/wp\/v2\/product\/46605","targetHints":{"allow":["GET"]}}],"collection":[{"href":"https:\/\/laguiole.com\/de\/wp-json\/wp\/v2\/product"}],"about":[{"href":"https:\/\/laguiole.com\/de\/wp-json\/wp\/v2\/types\/product"}],"version-history":[{"count":2,"href":"https:\/\/laguiole.com\/de\/wp-json\/wp\/v2\/product\/46605\/revisions"}],"predecessor-version":[{"id":46948,"href":"https:\/\/laguiole.com\/de\/wp-json\/wp\/v2\/product\/46605\/revisions\/46948"}],"wp:featuredmedia":[{"embeddable":true,"href":"https:\/\/laguiole.com\/de\/wp-json\/wp\/v2\/media\/46809"}],"wp:attachment":[{"href":"https:\/\/laguiole.com\/de\/wp-json\/wp\/v2\/media?parent=46605"}],"wp:term":[{"taxonomy":"product_brand","embeddable":true,"href":"https:\/\/laguiole.com\/de\/wp-json\/wp\/v2\/product_brand?post=46605"},{"taxonomy":"product_cat","embeddable":true,"href":"https:\/\/laguiole.com\/de\/wp-json\/wp\/v2\/product_cat?post=46605"},{"taxonomy":"product_tag","embeddable":true,"href":"https:\/\/laguiole.com\/de\/wp-json\/wp\/v2\/product_tag?post=46605"}],"curies":[{"name":"wp","href":"https:\/\/api.w.org\/{rel}","templated":true}]}}