{"id":46534,"date":"2025-11-30T18:58:21","date_gmt":"2025-11-30T17:58:21","guid":{"rendered":"https:\/\/laguiole.com\/?post_type=product&#038;p=46534"},"modified":"2025-12-14T18:14:54","modified_gmt":"2025-12-14T17:14:54","slug":"plisson-joris-rasierset-3-teile-mach-3-sicherheitsrasierer-und-reiner-grauer-rasierpinsel-europaeische-retro-lack-und-chrommuster-griffe","status":"publish","type":"product","link":"https:\/\/laguiole.com\/de\/produit\/plisson-joris-rasierset-3-teile-mach-3-sicherheitsrasierer-und-reiner-grauer-rasierpinsel-europaeische-retro-lack-und-chrommuster-griffe\/","title":{"rendered":"PLISSON Joris Rasierset (3 Teile) Mach 3 Sicherheitsrasierer und reiner grauer Rasierpinsel Europ\u00e4ische Retro-Lack- und Chrommuster-Griffe"},"content":{"rendered":"<p data-start=\"263\" data-end=\"535\">Entdecken Sie das <strong data-start=\"276\" data-end=\"316\">Plisson Joris dreiteiliges Rasierset<\/strong>, ein stilvolles Set, das franz\u00f6sische Handwerkskunst, Retro-Stil und Performance vereint. Dank seines einzigartigen Designs und der professionellen Qualit\u00e4t verwandelt dieses Set Ihre t\u00e4gliche Rasur in ein echtes Ritual des Komforts.<\/p>\n<p data-start=\"537\" data-end=\"721\">Alle drei Accessoires zeigen ein atemberaubendes <strong data-start=\"581\" data-end=\"636\">retro-silbergestreiftes Muster auf einem schwarz lackierten Hintergrund<\/strong>, das Markenzeichen der Joris-Serie. Das Ergebnis ist modern, schick und zeitlos zugleich.<\/p>\n<hr data-start=\"723\" data-end=\"726\" \/>\n<h2 data-start=\"728\" data-end=\"787\">\u2714 Rasierb\u00fcrstengr\u00f6\u00dfe 12 \u2013 reines europ\u00e4isches Grau, mittlere Dichte<\/h2>\n<p data-start=\"789\" data-end=\"1054\">Der Rasierpinsel in diesem Set besteht aus <strong data-start=\"826\" data-end=\"847\">reinem europ\u00e4ischem Grau<\/strong>, einem nat\u00fcrlich geschmeidigen, kr\u00e4ftigen und angenehmen Haut. Seine <strong data-start=\"915\" data-end=\"933\">mittlere Dichte<\/strong> erm\u00f6glicht einen schnellen, dichten und homogenen Aufstieg des Schaums. Dadurch wird der Rasierpinsel bequemer und effektiver.<\/p>\n<p data-start=\"1056\" data-end=\"1289\">Au\u00dferdem <strong data-start=\"1068\" data-end=\"1103\">kann der Rasierkopf abgeschraubt werden<\/strong>. Das bedeutet, dass Sie <strong data-start=\"1122\" data-end=\"1165\">den Haartyp leicht wechseln<\/strong> k\u00f6nnen, die Lebensdauer Ihrer Bindung verl\u00e4ngern und Ihr Rasiererlebnis an Ihre Vorlieben anpassen k\u00f6nnen.<\/p>\n<p data-start=\"1291\" data-end=\"1374\">Der Griff, verziert mit dem Retro-Joris-Muster, bietet einen stabilen und eleganten Griff.<\/p>\n<p data-start=\"1376\" data-end=\"1546\">\ud83d\udc49 <em data-start=\"1379\" data-end=\"1400\">Pflegeanweisungen<\/em> : Sp\u00fclen Sie die Rasierb\u00fcrste nach jeder Anwendung mit warmem Wasser ab. Wringe es vorsichtig aus und lass es dann <strong data-start=\"1508\" data-end=\"1523\">kopf\u00fcber auf<\/strong> einer geeigneten Unterlage trocknen.<\/p>\n<hr data-start=\"1548\" data-end=\"1551\" \/>\n<h2 data-start=\"1553\" data-end=\"1598\">\u2714 Mach3-Rasierer \u2013 kompatibel mit Gillette-Klingen<\/h2>\n<p data-start=\"1600\" data-end=\"1802\">Der Rasierer ist mit einem <strong data-start=\"1643\" data-end=\"1661\">Gillette Mach3-kompatiblen<\/strong> Kopf ausgestattet, der f\u00fcr seine Pr\u00e4zision und Geschmeidigkeit bekannt ist. Mit ihren drei Klingen sorgt es f\u00fcr ein sanftes Gleiten und eine saubere Rasur, selbst auf empfindlicher Haut.<\/p>\n<p data-start=\"1804\" data-end=\"2052\">Der Griff, der zum Rasierpinsel passt, zeigt dasselbe <strong data-start=\"1854\" data-end=\"1897\">Retro-Silbermuster auf einem schwarz lackierten Hintergrund<\/strong>. Sie ist perfekt ausbalanciert, um eine sichere und angenehme Geste zu bieten. Dank seines Designs ist der Klingenwechsel schnell und m\u00fchelos.<\/p>\n<hr data-start=\"2054\" data-end=\"2057\" \/>\n<h2 data-start=\"2059\" data-end=\"2101\">\u2714 Ein \u00e4sthetisches, elegantes und langlebiges Set<\/h2>\n<p data-start=\"2103\" data-end=\"2408\">Dieses Joris-Set vereint Stil und Funktionalit\u00e4t. Die Materialien werden nach ihrer <strong data-start=\"2187\" data-end=\"2201\">Haltbarkeit<\/strong> gew\u00e4hlt, w\u00e4hrend das Design Ihrem Badezimmer eine echte Pers\u00f6nlichkeit verleiht.<br data-start=\"2281\" data-end=\"2284\" \/>Dieses Set ist auch eine <strong data-start=\"2321\" data-end=\"2347\">gro\u00dfartige Geschenkidee<\/strong>, dank seines hochwertigen Looks und seiner Exklusivit\u00e4t.<\/p>\n","protected":false},"excerpt":{"rendered":"<p>Rasierset besteht aus 3 Teilen:<\/p>\n<p>\u2013 ein Rasierpinsel, aus purem europ\u00e4ischem Grauhaar geschnitten, retro-lackierter und verchromter<br \/>\nRahmen \u2013 ein Mach-3-Kopf-Sicherheitsrasierer mit retro-lackiertem und verchromtem<br \/>\nMuster-Griff \u2013 ein gl\u00e4nzender, verchromter Edelstahl-Servant f\u00fcr die gute Aufbewahrung deiner Rasieraccessoires.<\/p>\n<p>Handgefertigt und in den Plisson-Werkst\u00e4tten in Frankreich gefertigt und zusammengebaut.<br \/>\nVerpackung \/ Geschenkbox bereit zum Anbieten<\/p>\n","protected":false},"featured_media":46703,"template":"","meta":{"_acf_changed":false,"_monsterinsights_skip_tracking":false,"_monsterinsights_sitenote_active":false,"_monsterinsights_sitenote_note":"","_monsterinsights_sitenote_category":0},"product_brand":[],"product_cat":[5960],"product_tag":[],"class_list":{"0":"post-46534","1":"product","2":"type-product","3":"status-publish","4":"has-post-thumbnail","6":"product_cat-rasiermesser-und-zubehoer","7":"pa_finition-brillant","8":"pa_manche-en-matiere-moderne-harz","9":"pa_marque-plissonen","10":"tm-no-options","13":"instock","14":"taxable","15":"shipping-taxable","16":"purchasable","17":"product-type-simple"},"supplier_id":null,"supplier_sku":"","barcode":null,"atum_controlled":true,"out_stock_date":null,"out_stock_threshold":null,"inheritable":false,"inbound_stock":0,"stock_on_hold":0,"sold_today":0,"sales_last_days":0,"reserved_stock":0,"customer_returns":0,"warehouse_damage":0,"lost_in_post":0,"other_logs":0,"out_stock_days":0,"lost_sales":0,"has_location":false,"update_date":"2026-05-14T00:59:10","atum_locations":[],"atum_stock_status":"instock","restock_status":false,"low_stock_amount":"","sales_update_date":"2026-05-14T00:59:10","calc_backorders":0,"acf":[],"yoast_head":"<!-- This site is optimized with the Yoast SEO plugin v27.6 - https:\/\/yoast.com\/product\/yoast-seo-wordpress\/ -->\n<title>Joris Plisson dreiteiliges Rasierset \u2013 Reiner europ\u00e4ischer grauer Rasierpinsel<\/title>\n<meta name=\"description\" content=\"Plisson Joris 3-teiliges Set: reiner europ\u00e4ischer grauer Rasierpinsel Gr\u00f6\u00dfe 12, abschraubbar, Mach3-Rasierer, kompatibel mit Gillette, retro schwarz lackiertes Muster. Stilvoll und langlebig.\" \/>\n<meta name=\"robots\" content=\"index, follow, max-snippet:-1, max-image-preview:large, max-video-preview:-1\" \/>\n<link rel=\"canonical\" href=\"https:\/\/laguiole.com\/de\/produit\/plisson-joris-rasierset-3-teile-mach-3-sicherheitsrasierer-und-reiner-grauer-rasierpinsel-europaeische-retro-lack-und-chrommuster-griffe\/\" \/>\n<meta property=\"og:locale\" content=\"de_DE\" \/>\n<meta property=\"og:type\" content=\"article\" \/>\n<meta property=\"og:title\" content=\"Joris Plisson dreiteiliges Rasierset \u2013 Reiner europ\u00e4ischer grauer Rasierpinsel\" \/>\n<meta property=\"og:description\" content=\"Plisson Joris 3-teiliges Set: reiner europ\u00e4ischer grauer Rasierpinsel Gr\u00f6\u00dfe 12, abschraubbar, Mach3-Rasierer, kompatibel mit Gillette, retro schwarz lackiertes Muster. Stilvoll und langlebig.\" \/>\n<meta property=\"og:url\" content=\"https:\/\/laguiole.com\/de\/produit\/plisson-joris-rasierset-3-teile-mach-3-sicherheitsrasierer-und-reiner-grauer-rasierpinsel-europaeische-retro-lack-und-chrommuster-griffe\/\" \/>\n<meta property=\"og:site_name\" content=\"Laguiole.com \u00ae\" \/>\n<meta property=\"article:publisher\" content=\"https:\/\/www.facebook.com\/laguiolecom\/\" \/>\n<meta property=\"article:modified_time\" content=\"2025-12-14T17:14:54+00:00\" \/>\n<meta property=\"og:image\" content=\"https:\/\/laguiole.com\/wp-content\/uploads\/2025\/11\/SET_DE1-1.jpg\" \/>\n\t<meta property=\"og:image:width\" content=\"1033\" \/>\n\t<meta property=\"og:image:height\" content=\"1033\" \/>\n\t<meta property=\"og:image:type\" content=\"image\/jpeg\" \/>\n<meta name=\"twitter:card\" content=\"summary_large_image\" \/>\n<meta name=\"twitter:label1\" content=\"Gesch\u00e4tzte Lesezeit\" \/>\n\t<meta name=\"twitter:data1\" content=\"2\u00a0Minute\" \/>\n<script type=\"application\/ld+json\" class=\"yoast-schema-graph\">{\"@context\":\"https:\\\/\\\/schema.org\",\"@graph\":[{\"@type\":\"WebPage\",\"@id\":\"https:\\\/\\\/laguiole.com\\\/de\\\/produit\\\/plisson-joris-rasierset-3-teile-mach-3-sicherheitsrasierer-und-reiner-grauer-rasierpinsel-europaeische-retro-lack-und-chrommuster-griffe\\\/\",\"url\":\"https:\\\/\\\/laguiole.com\\\/de\\\/produit\\\/plisson-joris-rasierset-3-teile-mach-3-sicherheitsrasierer-und-reiner-grauer-rasierpinsel-europaeische-retro-lack-und-chrommuster-griffe\\\/\",\"name\":\"Joris Plisson dreiteiliges Rasierset \u2013 Reiner europ\u00e4ischer grauer Rasierpinsel\",\"isPartOf\":{\"@id\":\"https:\\\/\\\/laguiole.com\\\/de\\\/#website\"},\"primaryImageOfPage\":{\"@id\":\"https:\\\/\\\/laguiole.com\\\/de\\\/produit\\\/plisson-joris-rasierset-3-teile-mach-3-sicherheitsrasierer-und-reiner-grauer-rasierpinsel-europaeische-retro-lack-und-chrommuster-griffe\\\/#primaryimage\"},\"image\":{\"@id\":\"https:\\\/\\\/laguiole.com\\\/de\\\/produit\\\/plisson-joris-rasierset-3-teile-mach-3-sicherheitsrasierer-und-reiner-grauer-rasierpinsel-europaeische-retro-lack-und-chrommuster-griffe\\\/#primaryimage\"},\"thumbnailUrl\":\"https:\\\/\\\/laguiole.com\\\/wp-content\\\/uploads\\\/2025\\\/11\\\/SET_DE1-1.jpg\",\"datePublished\":\"2025-11-30T17:58:21+00:00\",\"dateModified\":\"2025-12-14T17:14:54+00:00\",\"description\":\"Plisson Joris 3-teiliges Set: reiner europ\u00e4ischer grauer Rasierpinsel Gr\u00f6\u00dfe 12, abschraubbar, Mach3-Rasierer, kompatibel mit Gillette, retro schwarz lackiertes Muster. Stilvoll und langlebig.\",\"breadcrumb\":{\"@id\":\"https:\\\/\\\/laguiole.com\\\/de\\\/produit\\\/plisson-joris-rasierset-3-teile-mach-3-sicherheitsrasierer-und-reiner-grauer-rasierpinsel-europaeische-retro-lack-und-chrommuster-griffe\\\/#breadcrumb\"},\"inLanguage\":\"de\",\"potentialAction\":[{\"@type\":\"ReadAction\",\"target\":[\"https:\\\/\\\/laguiole.com\\\/de\\\/produit\\\/plisson-joris-rasierset-3-teile-mach-3-sicherheitsrasierer-und-reiner-grauer-rasierpinsel-europaeische-retro-lack-und-chrommuster-griffe\\\/\"]}]},{\"@type\":\"ImageObject\",\"inLanguage\":\"de\",\"@id\":\"https:\\\/\\\/laguiole.com\\\/de\\\/produit\\\/plisson-joris-rasierset-3-teile-mach-3-sicherheitsrasierer-und-reiner-grauer-rasierpinsel-europaeische-retro-lack-und-chrommuster-griffe\\\/#primaryimage\",\"url\":\"https:\\\/\\\/laguiole.com\\\/wp-content\\\/uploads\\\/2025\\\/11\\\/SET_DE1-1.jpg\",\"contentUrl\":\"https:\\\/\\\/laguiole.com\\\/wp-content\\\/uploads\\\/2025\\\/11\\\/SET_DE1-1.jpg\",\"width\":1033,\"height\":1033,\"caption\":\"Set de Rasage PLISSON Joris (3 Pi\u00e8ces) Rasoir de S\u00e9curit\u00e9 Mach 3 et Blaireau pur gris Europ\u00e9en Manches motif r\u00e9tro laqu\u00e9 et chrom\u00e9\"},{\"@type\":\"BreadcrumbList\",\"@id\":\"https:\\\/\\\/laguiole.com\\\/de\\\/produit\\\/plisson-joris-rasierset-3-teile-mach-3-sicherheitsrasierer-und-reiner-grauer-rasierpinsel-europaeische-retro-lack-und-chrommuster-griffe\\\/#breadcrumb\",\"itemListElement\":[{\"@type\":\"ListItem\",\"position\":1,\"name\":\"Accueil\",\"item\":\"https:\\\/\\\/laguiole.com\\\/de\\\/\"},{\"@type\":\"ListItem\",\"position\":2,\"name\":\"Shop\",\"item\":\"https:\\\/\\\/laguiole.com\\\/de\\\/shop-2\\\/\"},{\"@type\":\"ListItem\",\"position\":3,\"name\":\"PLISSON Joris Rasierset (3 Teile) Mach 3 Sicherheitsrasierer und reiner grauer Rasierpinsel Europ\u00e4ische Retro-Lack- und Chrommuster-Griffe\"}]},{\"@type\":\"WebSite\",\"@id\":\"https:\\\/\\\/laguiole.com\\\/de\\\/#website\",\"url\":\"https:\\\/\\\/laguiole.com\\\/de\\\/\",\"name\":\"Laguiole.com\",\"description\":\"Laguiole - Couteau laguiole, Chateau Laguiole, Laguiole en Aubrac, Forge de Laguiole\",\"publisher\":{\"@id\":\"https:\\\/\\\/laguiole.com\\\/de\\\/#organization\"},\"potentialAction\":[{\"@type\":\"SearchAction\",\"target\":{\"@type\":\"EntryPoint\",\"urlTemplate\":\"https:\\\/\\\/laguiole.com\\\/de\\\/?s={search_term_string}\"},\"query-input\":{\"@type\":\"PropertyValueSpecification\",\"valueRequired\":true,\"valueName\":\"search_term_string\"}}],\"inLanguage\":\"de\"},{\"@type\":\"Organization\",\"@id\":\"https:\\\/\\\/laguiole.com\\\/de\\\/#organization\",\"name\":\"Laguiole.com\",\"url\":\"https:\\\/\\\/laguiole.com\\\/de\\\/\",\"logo\":{\"@type\":\"ImageObject\",\"inLanguage\":\"de\",\"@id\":\"https:\\\/\\\/laguiole.com\\\/de\\\/#\\\/schema\\\/logo\\\/image\\\/\",\"url\":\"https:\\\/\\\/laguiole.com\\\/wp-content\\\/uploads\\\/2021\\\/02\\\/logo_laguiole.com-horizontal.jpg\",\"contentUrl\":\"https:\\\/\\\/laguiole.com\\\/wp-content\\\/uploads\\\/2021\\\/02\\\/logo_laguiole.com-horizontal.jpg\",\"width\":490,\"height\":156,\"caption\":\"Laguiole.com\"},\"image\":{\"@id\":\"https:\\\/\\\/laguiole.com\\\/de\\\/#\\\/schema\\\/logo\\\/image\\\/\"},\"sameAs\":[\"https:\\\/\\\/www.facebook.com\\\/laguiolecom\\\/\",\"https:\\\/\\\/www.instagram.com\\\/laguiolecom\\\/\",\"https:\\\/\\\/www.youtube.com\\\/@laguiolecom\\\/videos\"]}]}<\/script>\n<!-- \/ Yoast SEO plugin. -->","yoast_head_json":{"title":"Joris Plisson dreiteiliges Rasierset \u2013 Reiner europ\u00e4ischer grauer Rasierpinsel","description":"Plisson Joris 3-teiliges Set: reiner europ\u00e4ischer grauer Rasierpinsel Gr\u00f6\u00dfe 12, abschraubbar, Mach3-Rasierer, kompatibel mit Gillette, retro schwarz lackiertes Muster. Stilvoll und langlebig.","robots":{"index":"index","follow":"follow","max-snippet":"max-snippet:-1","max-image-preview":"max-image-preview:large","max-video-preview":"max-video-preview:-1"},"canonical":"https:\/\/laguiole.com\/de\/produit\/plisson-joris-rasierset-3-teile-mach-3-sicherheitsrasierer-und-reiner-grauer-rasierpinsel-europaeische-retro-lack-und-chrommuster-griffe\/","og_locale":"de_DE","og_type":"article","og_title":"Joris Plisson dreiteiliges Rasierset \u2013 Reiner europ\u00e4ischer grauer Rasierpinsel","og_description":"Plisson Joris 3-teiliges Set: reiner europ\u00e4ischer grauer Rasierpinsel Gr\u00f6\u00dfe 12, abschraubbar, Mach3-Rasierer, kompatibel mit Gillette, retro schwarz lackiertes Muster. Stilvoll und langlebig.","og_url":"https:\/\/laguiole.com\/de\/produit\/plisson-joris-rasierset-3-teile-mach-3-sicherheitsrasierer-und-reiner-grauer-rasierpinsel-europaeische-retro-lack-und-chrommuster-griffe\/","og_site_name":"Laguiole.com \u00ae","article_publisher":"https:\/\/www.facebook.com\/laguiolecom\/","article_modified_time":"2025-12-14T17:14:54+00:00","og_image":[{"width":1033,"height":1033,"url":"https:\/\/laguiole.com\/wp-content\/uploads\/2025\/11\/SET_DE1-1.jpg","type":"image\/jpeg"}],"twitter_card":"summary_large_image","twitter_misc":{"Gesch\u00e4tzte Lesezeit":"2\u00a0Minute"},"schema":{"@context":"https:\/\/schema.org","@graph":[{"@type":"WebPage","@id":"https:\/\/laguiole.com\/de\/produit\/plisson-joris-rasierset-3-teile-mach-3-sicherheitsrasierer-und-reiner-grauer-rasierpinsel-europaeische-retro-lack-und-chrommuster-griffe\/","url":"https:\/\/laguiole.com\/de\/produit\/plisson-joris-rasierset-3-teile-mach-3-sicherheitsrasierer-und-reiner-grauer-rasierpinsel-europaeische-retro-lack-und-chrommuster-griffe\/","name":"Joris Plisson dreiteiliges Rasierset \u2013 Reiner europ\u00e4ischer grauer Rasierpinsel","isPartOf":{"@id":"https:\/\/laguiole.com\/de\/#website"},"primaryImageOfPage":{"@id":"https:\/\/laguiole.com\/de\/produit\/plisson-joris-rasierset-3-teile-mach-3-sicherheitsrasierer-und-reiner-grauer-rasierpinsel-europaeische-retro-lack-und-chrommuster-griffe\/#primaryimage"},"image":{"@id":"https:\/\/laguiole.com\/de\/produit\/plisson-joris-rasierset-3-teile-mach-3-sicherheitsrasierer-und-reiner-grauer-rasierpinsel-europaeische-retro-lack-und-chrommuster-griffe\/#primaryimage"},"thumbnailUrl":"https:\/\/laguiole.com\/wp-content\/uploads\/2025\/11\/SET_DE1-1.jpg","datePublished":"2025-11-30T17:58:21+00:00","dateModified":"2025-12-14T17:14:54+00:00","description":"Plisson Joris 3-teiliges Set: reiner europ\u00e4ischer grauer Rasierpinsel Gr\u00f6\u00dfe 12, abschraubbar, Mach3-Rasierer, kompatibel mit Gillette, retro schwarz lackiertes Muster. Stilvoll und langlebig.","breadcrumb":{"@id":"https:\/\/laguiole.com\/de\/produit\/plisson-joris-rasierset-3-teile-mach-3-sicherheitsrasierer-und-reiner-grauer-rasierpinsel-europaeische-retro-lack-und-chrommuster-griffe\/#breadcrumb"},"inLanguage":"de","potentialAction":[{"@type":"ReadAction","target":["https:\/\/laguiole.com\/de\/produit\/plisson-joris-rasierset-3-teile-mach-3-sicherheitsrasierer-und-reiner-grauer-rasierpinsel-europaeische-retro-lack-und-chrommuster-griffe\/"]}]},{"@type":"ImageObject","inLanguage":"de","@id":"https:\/\/laguiole.com\/de\/produit\/plisson-joris-rasierset-3-teile-mach-3-sicherheitsrasierer-und-reiner-grauer-rasierpinsel-europaeische-retro-lack-und-chrommuster-griffe\/#primaryimage","url":"https:\/\/laguiole.com\/wp-content\/uploads\/2025\/11\/SET_DE1-1.jpg","contentUrl":"https:\/\/laguiole.com\/wp-content\/uploads\/2025\/11\/SET_DE1-1.jpg","width":1033,"height":1033,"caption":"Set de Rasage PLISSON Joris (3 Pi\u00e8ces) Rasoir de S\u00e9curit\u00e9 Mach 3 et Blaireau pur gris Europ\u00e9en Manches motif r\u00e9tro laqu\u00e9 et chrom\u00e9"},{"@type":"BreadcrumbList","@id":"https:\/\/laguiole.com\/de\/produit\/plisson-joris-rasierset-3-teile-mach-3-sicherheitsrasierer-und-reiner-grauer-rasierpinsel-europaeische-retro-lack-und-chrommuster-griffe\/#breadcrumb","itemListElement":[{"@type":"ListItem","position":1,"name":"Accueil","item":"https:\/\/laguiole.com\/de\/"},{"@type":"ListItem","position":2,"name":"Shop","item":"https:\/\/laguiole.com\/de\/shop-2\/"},{"@type":"ListItem","position":3,"name":"PLISSON Joris Rasierset (3 Teile) Mach 3 Sicherheitsrasierer und reiner grauer Rasierpinsel Europ\u00e4ische Retro-Lack- und Chrommuster-Griffe"}]},{"@type":"WebSite","@id":"https:\/\/laguiole.com\/de\/#website","url":"https:\/\/laguiole.com\/de\/","name":"Laguiole.com","description":"Laguiole - Couteau laguiole, Chateau Laguiole, Laguiole en Aubrac, Forge de Laguiole","publisher":{"@id":"https:\/\/laguiole.com\/de\/#organization"},"potentialAction":[{"@type":"SearchAction","target":{"@type":"EntryPoint","urlTemplate":"https:\/\/laguiole.com\/de\/?s={search_term_string}"},"query-input":{"@type":"PropertyValueSpecification","valueRequired":true,"valueName":"search_term_string"}}],"inLanguage":"de"},{"@type":"Organization","@id":"https:\/\/laguiole.com\/de\/#organization","name":"Laguiole.com","url":"https:\/\/laguiole.com\/de\/","logo":{"@type":"ImageObject","inLanguage":"de","@id":"https:\/\/laguiole.com\/de\/#\/schema\/logo\/image\/","url":"https:\/\/laguiole.com\/wp-content\/uploads\/2021\/02\/logo_laguiole.com-horizontal.jpg","contentUrl":"https:\/\/laguiole.com\/wp-content\/uploads\/2021\/02\/logo_laguiole.com-horizontal.jpg","width":490,"height":156,"caption":"Laguiole.com"},"image":{"@id":"https:\/\/laguiole.com\/de\/#\/schema\/logo\/image\/"},"sameAs":["https:\/\/www.facebook.com\/laguiolecom\/","https:\/\/www.instagram.com\/laguiolecom\/","https:\/\/www.youtube.com\/@laguiolecom\/videos"]}]}},"_links":{"self":[{"href":"https:\/\/laguiole.com\/de\/wp-json\/wp\/v2\/product\/46534","targetHints":{"allow":["GET"]}}],"collection":[{"href":"https:\/\/laguiole.com\/de\/wp-json\/wp\/v2\/product"}],"about":[{"href":"https:\/\/laguiole.com\/de\/wp-json\/wp\/v2\/types\/product"}],"version-history":[{"count":3,"href":"https:\/\/laguiole.com\/de\/wp-json\/wp\/v2\/product\/46534\/revisions"}],"predecessor-version":[{"id":48675,"href":"https:\/\/laguiole.com\/de\/wp-json\/wp\/v2\/product\/46534\/revisions\/48675"}],"wp:featuredmedia":[{"embeddable":true,"href":"https:\/\/laguiole.com\/de\/wp-json\/wp\/v2\/media\/46703"}],"wp:attachment":[{"href":"https:\/\/laguiole.com\/de\/wp-json\/wp\/v2\/media?parent=46534"}],"wp:term":[{"taxonomy":"product_brand","embeddable":true,"href":"https:\/\/laguiole.com\/de\/wp-json\/wp\/v2\/product_brand?post=46534"},{"taxonomy":"product_cat","embeddable":true,"href":"https:\/\/laguiole.com\/de\/wp-json\/wp\/v2\/product_cat?post=46534"},{"taxonomy":"product_tag","embeddable":true,"href":"https:\/\/laguiole.com\/de\/wp-json\/wp\/v2\/product_tag?post=46534"}],"curies":[{"name":"wp","href":"https:\/\/api.w.org\/{rel}","templated":true}]}}