{"id":46529,"date":"2025-11-30T18:42:43","date_gmt":"2025-11-30T17:42:43","guid":{"rendered":"https:\/\/laguiole.com\/?post_type=product&#038;p=46529"},"modified":"2025-12-14T18:17:08","modified_gmt":"2025-12-14T17:17:08","slug":"plisson-heritage-rasierset-3-teile-mach-3-sicherheitsrasierer-und-reiner-russischer-grauer-dachs-rasierpinsel-lackierte-bubinga-griffe","status":"publish","type":"product","link":"https:\/\/laguiole.com\/de\/produit\/plisson-heritage-rasierset-3-teile-mach-3-sicherheitsrasierer-und-reiner-russischer-grauer-dachs-rasierpinsel-lackierte-bubinga-griffe\/","title":{"rendered":"PLISSON Heritage Rasierset (3 Teile) Mach 3 Sicherheitsrasierer und reiner russischer grauer Dachs-Rasierpinsel lackierte Bubinga-Griffe"},"content":{"rendered":"<p data-start=\"259\" data-end=\"571\">Entdecken Sie das <strong data-start=\"272\" data-end=\"315\">Plisson Heritage 3-teilige Rasierset<\/strong>, ein raffiniertes Set, das Ihre Rasierroutine in ein echtes Ritual verwandelt. Dieses Set vereint <strong data-start=\"413\" data-end=\"449\">Eleganz, Komfort und Leistung<\/strong> und besteht aus einer <strong data-start=\"470\" data-end=\"568\">russisch-grauen Rasierb\u00fcrste, einem Mach3-kompatiblen Rasierer und einem schwarzen Stahlanzug<\/strong>.<\/p>\n<p data-start=\"573\" data-end=\"795\">Die <strong data-start=\"577\" data-end=\"606\">lackierten Bubinga-Griffe<\/strong> verleihen einen Hauch von W\u00e4rme und Prestige und sorgen gleichzeitig f\u00fcr einen bequemen Griff. Jedes Zubeh\u00f6r ist so gestaltet, dass es langlebig ist und ein hochwertiges Rasiererlebnis bietet.<\/p>\n<hr data-start=\"797\" data-end=\"800\" \/>\n<h2 data-start=\"84\" data-end=\"147\">\u2714 Russischer Rasierpinsel \u2013 reiner Rasierpinsel von reiner Qualit\u00e4t<\/h2>\n<p data-start=\"149\" data-end=\"420\">Der Heritage Shaving Brush besteht aus <strong data-start=\"186\" data-end=\"210\">grauen russischen Borsten<\/strong>, die f\u00fcr <strong data-start=\"230\" data-end=\"281\">ihre au\u00dfergew\u00f6hnliche Weichheit und optimale Festigkeit<\/strong> bekannt sind. Sie speichern effektiv Wasser, sodass Sie schnell einen <strong data-start=\"361\" data-end=\"393\">dichten, cremigen und angenehmen<\/strong> Schaum aufbauen k\u00f6nnen, selbst mit wenig Seife.<\/p>\n<p data-start=\"422\" data-end=\"612\">Sein <strong data-start=\"425\" data-end=\"460\">hoher Rahmen aus Bubinga-Lack<\/strong> bietet einen stabilen und bequemen Griff. Er hebt die nat\u00fcrliche Maserung des Holzes hervor und verleiht dem Accessoire Eleganz und Robustheit.<\/p>\n<p data-start=\"614\" data-end=\"783\">\ud83d\udc49 <em data-start=\"617\" data-end=\"638\">Pflegeanweisungen<\/em> : Sp\u00fclen Sie die Rasierb\u00fcrste nach jeder Anwendung mit hei\u00dfem Wasser, wringen Sie sie vorsichtig aus und lassen Sie sie <strong data-start=\"743\" data-end=\"758\">kopf\u00fcber<\/strong> auf der bereitgestellten Unterst\u00fctzung trocknen.<\/p>\n<hr data-start=\"1592\" data-end=\"1595\" \/>\n<h2 data-start=\"1597\" data-end=\"1652\">\u2714 Mach3-kompatibler Rasierer \u2013 lackierter Bubinga-Griff<\/h2>\n<p data-start=\"1654\" data-end=\"1905\">Der Heritage Safety Razor ist kompatibel mit <strong data-start=\"1709\" data-end=\"1733\">Gillette Mach3-Klingen<\/strong> und sorgt f\u00fcr einen sanften Gleiten und eine pr\u00e4zise Rasur.<br data-start=\"1785\" data-end=\"1788\" \/>Sein <strong data-start=\"1792\" data-end=\"1820\">lackierter Bubinga-Griff<\/strong> sorgt f\u00fcr einen ausgezeichneten Griff und erg\u00e4nzt perfekt den Stil des Rasierpinsels.<\/p>\n<p data-start=\"1907\" data-end=\"2100\">Der Rasierkopf kann leicht entfernt werden, um die Mach3-Klinge einzusetzen, was eine schnelle und einfache Wartung erm\u00f6glicht. Das stellt sicher, dass Ihre Rasur <strong data-start=\"2043\" data-end=\"2078\">zuverl\u00e4ssig, bequem und effizient<\/strong> bleibt.<\/p>\n<hr data-start=\"2102\" data-end=\"2105\" \/>\n<h2 data-start=\"2107\" data-end=\"2156\">\u2714 Schwarzer Stahl-Minion \u2013 praktische Aufbewahrung<\/h2>\n<p data-start=\"2158\" data-end=\"2458\">Der <strong data-start=\"2174\" data-end=\"2188\">schwarze Stahlwagen<\/strong> erm\u00f6glicht es, Rasierb\u00fcrste und Rasierer richtig aufzubewahren. Der Rasierer wird kopf\u00fcber platziert, w\u00e4hrend der Rasierpinsel kopf\u00fcber trocknet.<br data-start=\"2329\" data-end=\"2332\" \/>Das sorgt f\u00fcr eine optimale Trocknung, sch\u00fctzt Ihre Accessoires und h\u00e4lt Ihren Rasierraum <strong data-start=\"2426\" data-end=\"2457\">sauber, organisiert und stilvoll<\/strong>.<\/p>\n","protected":false},"excerpt":{"rendered":"<p>Rasierset besteht aus 3 Teilen:<\/p>\n<p>\u2013 eine Rasierb\u00fcrste, Gr\u00f6\u00dfe in russisch-grauem Haar, lackierter<br \/>\nBubinga-Rahmen \u2013 ein Mach-3-Kopf-Sicherheitsrasierer mit lackiertem<br \/>\nBubinga-Griff \u2013 ein schwarzer Stahl-Servant f\u00fcr die gute Aufbewahrung deiner Rasieraccessoires.<\/p>\n<p>Made in France<br \/>\nVerpackung \/ Geschenkbox bereit zum Anbieten<\/p>\n","protected":false},"featured_media":46630,"template":"","meta":{"_acf_changed":false,"_monsterinsights_skip_tracking":false,"_monsterinsights_sitenote_active":false,"_monsterinsights_sitenote_note":"","_monsterinsights_sitenote_category":0},"product_brand":[],"product_cat":[5960],"product_tag":[],"class_list":{"0":"post-46529","1":"product","2":"type-product","3":"status-publish","4":"has-post-thumbnail","6":"product_cat-rasiermesser-und-zubehoer","7":"pa_finition-brillant","8":"pa_manche-en-matiere-moderne-harz","9":"pa_marque-plissonen","10":"tm-no-options","13":"instock","14":"taxable","15":"shipping-taxable","16":"purchasable","17":"product-type-simple"},"supplier_id":null,"supplier_sku":"","barcode":null,"atum_controlled":true,"out_stock_date":null,"out_stock_threshold":null,"inheritable":false,"inbound_stock":0,"stock_on_hold":0,"sold_today":0,"sales_last_days":0,"reserved_stock":0,"customer_returns":0,"warehouse_damage":0,"lost_in_post":0,"other_logs":0,"out_stock_days":0,"lost_sales":0,"has_location":false,"update_date":"2026-05-02T00:42:37","atum_locations":[],"atum_stock_status":"instock","restock_status":false,"low_stock_amount":"","sales_update_date":"2026-05-02T00:42:37","calc_backorders":0,"acf":[],"yoast_head":"<!-- This site is optimized with the Yoast SEO plugin v27.3 - https:\/\/yoast.com\/product\/yoast-seo-wordpress\/ -->\n<title>Unverzichtbares Plisson-3-teiliges Rasierset \u2013<\/title>\n<meta name=\"description\" content=\"3-teiliges Plisson Essentiel-Set: Russischer grauer Rasierpinsel, Mach3-Rasierer und schwarzer Stahl-Minion. Schwarze Acetat\u00e4rmel, elegantes und langlebiges Design.\" \/>\n<meta name=\"robots\" content=\"index, follow, max-snippet:-1, max-image-preview:large, max-video-preview:-1\" \/>\n<link rel=\"canonical\" href=\"https:\/\/laguiole.com\/de\/produit\/plisson-heritage-rasierset-3-teile-mach-3-sicherheitsrasierer-und-reiner-russischer-grauer-dachs-rasierpinsel-lackierte-bubinga-griffe\/\" \/>\n<meta property=\"og:locale\" content=\"de_DE\" \/>\n<meta property=\"og:type\" content=\"article\" \/>\n<meta property=\"og:title\" content=\"Unverzichtbares Plisson-3-teiliges Rasierset \u2013\" \/>\n<meta property=\"og:description\" content=\"3-teiliges Plisson Essentiel-Set: Russischer grauer Rasierpinsel, Mach3-Rasierer und schwarzer Stahl-Minion. Schwarze Acetat\u00e4rmel, elegantes und langlebiges Design.\" \/>\n<meta property=\"og:url\" content=\"https:\/\/laguiole.com\/de\/produit\/plisson-heritage-rasierset-3-teile-mach-3-sicherheitsrasierer-und-reiner-russischer-grauer-dachs-rasierpinsel-lackierte-bubinga-griffe\/\" \/>\n<meta property=\"og:site_name\" content=\"Laguiole.com \u00ae\" \/>\n<meta property=\"article:publisher\" content=\"https:\/\/www.facebook.com\/laguiolecom\/\" \/>\n<meta property=\"article:modified_time\" content=\"2025-12-14T17:17:08+00:00\" \/>\n<meta property=\"og:image\" content=\"https:\/\/laguiole.com\/wp-content\/uploads\/2025\/11\/SET_DE1.jpg\" \/>\n\t<meta property=\"og:image:width\" content=\"1033\" \/>\n\t<meta property=\"og:image:height\" content=\"1033\" \/>\n\t<meta property=\"og:image:type\" content=\"image\/jpeg\" \/>\n<meta name=\"twitter:card\" content=\"summary_large_image\" \/>\n<meta name=\"twitter:label1\" content=\"Gesch\u00e4tzte Lesezeit\" \/>\n\t<meta name=\"twitter:data1\" content=\"2\u00a0Minute\" \/>\n<script type=\"application\/ld+json\" class=\"yoast-schema-graph\">{\"@context\":\"https:\\\/\\\/schema.org\",\"@graph\":[{\"@type\":\"WebPage\",\"@id\":\"https:\\\/\\\/laguiole.com\\\/de\\\/produit\\\/plisson-heritage-rasierset-3-teile-mach-3-sicherheitsrasierer-und-reiner-russischer-grauer-dachs-rasierpinsel-lackierte-bubinga-griffe\\\/\",\"url\":\"https:\\\/\\\/laguiole.com\\\/de\\\/produit\\\/plisson-heritage-rasierset-3-teile-mach-3-sicherheitsrasierer-und-reiner-russischer-grauer-dachs-rasierpinsel-lackierte-bubinga-griffe\\\/\",\"name\":\"Unverzichtbares Plisson-3-teiliges Rasierset \u2013\",\"isPartOf\":{\"@id\":\"https:\\\/\\\/laguiole.com\\\/de\\\/#website\"},\"primaryImageOfPage\":{\"@id\":\"https:\\\/\\\/laguiole.com\\\/de\\\/produit\\\/plisson-heritage-rasierset-3-teile-mach-3-sicherheitsrasierer-und-reiner-russischer-grauer-dachs-rasierpinsel-lackierte-bubinga-griffe\\\/#primaryimage\"},\"image\":{\"@id\":\"https:\\\/\\\/laguiole.com\\\/de\\\/produit\\\/plisson-heritage-rasierset-3-teile-mach-3-sicherheitsrasierer-und-reiner-russischer-grauer-dachs-rasierpinsel-lackierte-bubinga-griffe\\\/#primaryimage\"},\"thumbnailUrl\":\"https:\\\/\\\/laguiole.com\\\/wp-content\\\/uploads\\\/2025\\\/11\\\/SET_DE1.jpg\",\"datePublished\":\"2025-11-30T17:42:43+00:00\",\"dateModified\":\"2025-12-14T17:17:08+00:00\",\"description\":\"3-teiliges Plisson Essentiel-Set: Russischer grauer Rasierpinsel, Mach3-Rasierer und schwarzer Stahl-Minion. Schwarze Acetat\u00e4rmel, elegantes und langlebiges Design.\",\"breadcrumb\":{\"@id\":\"https:\\\/\\\/laguiole.com\\\/de\\\/produit\\\/plisson-heritage-rasierset-3-teile-mach-3-sicherheitsrasierer-und-reiner-russischer-grauer-dachs-rasierpinsel-lackierte-bubinga-griffe\\\/#breadcrumb\"},\"inLanguage\":\"de\",\"potentialAction\":[{\"@type\":\"ReadAction\",\"target\":[\"https:\\\/\\\/laguiole.com\\\/de\\\/produit\\\/plisson-heritage-rasierset-3-teile-mach-3-sicherheitsrasierer-und-reiner-russischer-grauer-dachs-rasierpinsel-lackierte-bubinga-griffe\\\/\"]}]},{\"@type\":\"ImageObject\",\"inLanguage\":\"de\",\"@id\":\"https:\\\/\\\/laguiole.com\\\/de\\\/produit\\\/plisson-heritage-rasierset-3-teile-mach-3-sicherheitsrasierer-und-reiner-russischer-grauer-dachs-rasierpinsel-lackierte-bubinga-griffe\\\/#primaryimage\",\"url\":\"https:\\\/\\\/laguiole.com\\\/wp-content\\\/uploads\\\/2025\\\/11\\\/SET_DE1.jpg\",\"contentUrl\":\"https:\\\/\\\/laguiole.com\\\/wp-content\\\/uploads\\\/2025\\\/11\\\/SET_DE1.jpg\",\"width\":1033,\"height\":1033,\"caption\":\"PLISSON Heritage Rasierset (3 Teile) Mach 3 Sicherheitsrasierer und reiner russischer grauer Dachs-Rasierpinsel lackierte Bubinga-Griffe\"},{\"@type\":\"BreadcrumbList\",\"@id\":\"https:\\\/\\\/laguiole.com\\\/de\\\/produit\\\/plisson-heritage-rasierset-3-teile-mach-3-sicherheitsrasierer-und-reiner-russischer-grauer-dachs-rasierpinsel-lackierte-bubinga-griffe\\\/#breadcrumb\",\"itemListElement\":[{\"@type\":\"ListItem\",\"position\":1,\"name\":\"Accueil\",\"item\":\"https:\\\/\\\/laguiole.com\\\/de\\\/\"},{\"@type\":\"ListItem\",\"position\":2,\"name\":\"Shop\",\"item\":\"https:\\\/\\\/laguiole.com\\\/de\\\/shop-2\\\/\"},{\"@type\":\"ListItem\",\"position\":3,\"name\":\"PLISSON Heritage Rasierset (3 Teile) Mach 3 Sicherheitsrasierer und reiner russischer grauer Dachs-Rasierpinsel lackierte Bubinga-Griffe\"}]},{\"@type\":\"WebSite\",\"@id\":\"https:\\\/\\\/laguiole.com\\\/de\\\/#website\",\"url\":\"https:\\\/\\\/laguiole.com\\\/de\\\/\",\"name\":\"Laguiole.com\",\"description\":\"Laguiole - Couteau laguiole, Chateau Laguiole, Laguiole en Aubrac, Forge de Laguiole\",\"publisher\":{\"@id\":\"https:\\\/\\\/laguiole.com\\\/de\\\/#organization\"},\"potentialAction\":[{\"@type\":\"SearchAction\",\"target\":{\"@type\":\"EntryPoint\",\"urlTemplate\":\"https:\\\/\\\/laguiole.com\\\/de\\\/?s={search_term_string}\"},\"query-input\":{\"@type\":\"PropertyValueSpecification\",\"valueRequired\":true,\"valueName\":\"search_term_string\"}}],\"inLanguage\":\"de\"},{\"@type\":\"Organization\",\"@id\":\"https:\\\/\\\/laguiole.com\\\/de\\\/#organization\",\"name\":\"Laguiole.com\",\"url\":\"https:\\\/\\\/laguiole.com\\\/de\\\/\",\"logo\":{\"@type\":\"ImageObject\",\"inLanguage\":\"de\",\"@id\":\"https:\\\/\\\/laguiole.com\\\/de\\\/#\\\/schema\\\/logo\\\/image\\\/\",\"url\":\"https:\\\/\\\/laguiole.com\\\/wp-content\\\/uploads\\\/2021\\\/02\\\/logo_laguiole.com-horizontal.jpg\",\"contentUrl\":\"https:\\\/\\\/laguiole.com\\\/wp-content\\\/uploads\\\/2021\\\/02\\\/logo_laguiole.com-horizontal.jpg\",\"width\":490,\"height\":156,\"caption\":\"Laguiole.com\"},\"image\":{\"@id\":\"https:\\\/\\\/laguiole.com\\\/de\\\/#\\\/schema\\\/logo\\\/image\\\/\"},\"sameAs\":[\"https:\\\/\\\/www.facebook.com\\\/laguiolecom\\\/\",\"https:\\\/\\\/www.instagram.com\\\/laguiolecom\\\/\",\"https:\\\/\\\/www.youtube.com\\\/@laguiolecom\\\/videos\"]}]}<\/script>\n<!-- \/ Yoast SEO plugin. -->","yoast_head_json":{"title":"Unverzichtbares Plisson-3-teiliges Rasierset \u2013","description":"3-teiliges Plisson Essentiel-Set: Russischer grauer Rasierpinsel, Mach3-Rasierer und schwarzer Stahl-Minion. Schwarze Acetat\u00e4rmel, elegantes und langlebiges Design.","robots":{"index":"index","follow":"follow","max-snippet":"max-snippet:-1","max-image-preview":"max-image-preview:large","max-video-preview":"max-video-preview:-1"},"canonical":"https:\/\/laguiole.com\/de\/produit\/plisson-heritage-rasierset-3-teile-mach-3-sicherheitsrasierer-und-reiner-russischer-grauer-dachs-rasierpinsel-lackierte-bubinga-griffe\/","og_locale":"de_DE","og_type":"article","og_title":"Unverzichtbares Plisson-3-teiliges Rasierset \u2013","og_description":"3-teiliges Plisson Essentiel-Set: Russischer grauer Rasierpinsel, Mach3-Rasierer und schwarzer Stahl-Minion. Schwarze Acetat\u00e4rmel, elegantes und langlebiges Design.","og_url":"https:\/\/laguiole.com\/de\/produit\/plisson-heritage-rasierset-3-teile-mach-3-sicherheitsrasierer-und-reiner-russischer-grauer-dachs-rasierpinsel-lackierte-bubinga-griffe\/","og_site_name":"Laguiole.com \u00ae","article_publisher":"https:\/\/www.facebook.com\/laguiolecom\/","article_modified_time":"2025-12-14T17:17:08+00:00","og_image":[{"width":1033,"height":1033,"url":"https:\/\/laguiole.com\/wp-content\/uploads\/2025\/11\/SET_DE1.jpg","type":"image\/jpeg"}],"twitter_card":"summary_large_image","twitter_misc":{"Gesch\u00e4tzte Lesezeit":"2\u00a0Minute"},"schema":{"@context":"https:\/\/schema.org","@graph":[{"@type":"WebPage","@id":"https:\/\/laguiole.com\/de\/produit\/plisson-heritage-rasierset-3-teile-mach-3-sicherheitsrasierer-und-reiner-russischer-grauer-dachs-rasierpinsel-lackierte-bubinga-griffe\/","url":"https:\/\/laguiole.com\/de\/produit\/plisson-heritage-rasierset-3-teile-mach-3-sicherheitsrasierer-und-reiner-russischer-grauer-dachs-rasierpinsel-lackierte-bubinga-griffe\/","name":"Unverzichtbares Plisson-3-teiliges Rasierset \u2013","isPartOf":{"@id":"https:\/\/laguiole.com\/de\/#website"},"primaryImageOfPage":{"@id":"https:\/\/laguiole.com\/de\/produit\/plisson-heritage-rasierset-3-teile-mach-3-sicherheitsrasierer-und-reiner-russischer-grauer-dachs-rasierpinsel-lackierte-bubinga-griffe\/#primaryimage"},"image":{"@id":"https:\/\/laguiole.com\/de\/produit\/plisson-heritage-rasierset-3-teile-mach-3-sicherheitsrasierer-und-reiner-russischer-grauer-dachs-rasierpinsel-lackierte-bubinga-griffe\/#primaryimage"},"thumbnailUrl":"https:\/\/laguiole.com\/wp-content\/uploads\/2025\/11\/SET_DE1.jpg","datePublished":"2025-11-30T17:42:43+00:00","dateModified":"2025-12-14T17:17:08+00:00","description":"3-teiliges Plisson Essentiel-Set: Russischer grauer Rasierpinsel, Mach3-Rasierer und schwarzer Stahl-Minion. Schwarze Acetat\u00e4rmel, elegantes und langlebiges Design.","breadcrumb":{"@id":"https:\/\/laguiole.com\/de\/produit\/plisson-heritage-rasierset-3-teile-mach-3-sicherheitsrasierer-und-reiner-russischer-grauer-dachs-rasierpinsel-lackierte-bubinga-griffe\/#breadcrumb"},"inLanguage":"de","potentialAction":[{"@type":"ReadAction","target":["https:\/\/laguiole.com\/de\/produit\/plisson-heritage-rasierset-3-teile-mach-3-sicherheitsrasierer-und-reiner-russischer-grauer-dachs-rasierpinsel-lackierte-bubinga-griffe\/"]}]},{"@type":"ImageObject","inLanguage":"de","@id":"https:\/\/laguiole.com\/de\/produit\/plisson-heritage-rasierset-3-teile-mach-3-sicherheitsrasierer-und-reiner-russischer-grauer-dachs-rasierpinsel-lackierte-bubinga-griffe\/#primaryimage","url":"https:\/\/laguiole.com\/wp-content\/uploads\/2025\/11\/SET_DE1.jpg","contentUrl":"https:\/\/laguiole.com\/wp-content\/uploads\/2025\/11\/SET_DE1.jpg","width":1033,"height":1033,"caption":"PLISSON Heritage Rasierset (3 Teile) Mach 3 Sicherheitsrasierer und reiner russischer grauer Dachs-Rasierpinsel lackierte Bubinga-Griffe"},{"@type":"BreadcrumbList","@id":"https:\/\/laguiole.com\/de\/produit\/plisson-heritage-rasierset-3-teile-mach-3-sicherheitsrasierer-und-reiner-russischer-grauer-dachs-rasierpinsel-lackierte-bubinga-griffe\/#breadcrumb","itemListElement":[{"@type":"ListItem","position":1,"name":"Accueil","item":"https:\/\/laguiole.com\/de\/"},{"@type":"ListItem","position":2,"name":"Shop","item":"https:\/\/laguiole.com\/de\/shop-2\/"},{"@type":"ListItem","position":3,"name":"PLISSON Heritage Rasierset (3 Teile) Mach 3 Sicherheitsrasierer und reiner russischer grauer Dachs-Rasierpinsel lackierte Bubinga-Griffe"}]},{"@type":"WebSite","@id":"https:\/\/laguiole.com\/de\/#website","url":"https:\/\/laguiole.com\/de\/","name":"Laguiole.com","description":"Laguiole - Couteau laguiole, Chateau Laguiole, Laguiole en Aubrac, Forge de Laguiole","publisher":{"@id":"https:\/\/laguiole.com\/de\/#organization"},"potentialAction":[{"@type":"SearchAction","target":{"@type":"EntryPoint","urlTemplate":"https:\/\/laguiole.com\/de\/?s={search_term_string}"},"query-input":{"@type":"PropertyValueSpecification","valueRequired":true,"valueName":"search_term_string"}}],"inLanguage":"de"},{"@type":"Organization","@id":"https:\/\/laguiole.com\/de\/#organization","name":"Laguiole.com","url":"https:\/\/laguiole.com\/de\/","logo":{"@type":"ImageObject","inLanguage":"de","@id":"https:\/\/laguiole.com\/de\/#\/schema\/logo\/image\/","url":"https:\/\/laguiole.com\/wp-content\/uploads\/2021\/02\/logo_laguiole.com-horizontal.jpg","contentUrl":"https:\/\/laguiole.com\/wp-content\/uploads\/2021\/02\/logo_laguiole.com-horizontal.jpg","width":490,"height":156,"caption":"Laguiole.com"},"image":{"@id":"https:\/\/laguiole.com\/de\/#\/schema\/logo\/image\/"},"sameAs":["https:\/\/www.facebook.com\/laguiolecom\/","https:\/\/www.instagram.com\/laguiolecom\/","https:\/\/www.youtube.com\/@laguiolecom\/videos"]}]}},"_links":{"self":[{"href":"https:\/\/laguiole.com\/de\/wp-json\/wp\/v2\/product\/46529","targetHints":{"allow":["GET"]}}],"collection":[{"href":"https:\/\/laguiole.com\/de\/wp-json\/wp\/v2\/product"}],"about":[{"href":"https:\/\/laguiole.com\/de\/wp-json\/wp\/v2\/types\/product"}],"version-history":[{"count":2,"href":"https:\/\/laguiole.com\/de\/wp-json\/wp\/v2\/product\/46529\/revisions"}],"predecessor-version":[{"id":48678,"href":"https:\/\/laguiole.com\/de\/wp-json\/wp\/v2\/product\/46529\/revisions\/48678"}],"wp:featuredmedia":[{"embeddable":true,"href":"https:\/\/laguiole.com\/de\/wp-json\/wp\/v2\/media\/46630"}],"wp:attachment":[{"href":"https:\/\/laguiole.com\/de\/wp-json\/wp\/v2\/media?parent=46529"}],"wp:term":[{"taxonomy":"product_brand","embeddable":true,"href":"https:\/\/laguiole.com\/de\/wp-json\/wp\/v2\/product_brand?post=46529"},{"taxonomy":"product_cat","embeddable":true,"href":"https:\/\/laguiole.com\/de\/wp-json\/wp\/v2\/product_cat?post=46529"},{"taxonomy":"product_tag","embeddable":true,"href":"https:\/\/laguiole.com\/de\/wp-json\/wp\/v2\/product_tag?post=46529"}],"curies":[{"name":"wp","href":"https:\/\/api.w.org\/{rel}","templated":true}]}}