{"id":46508,"date":"2025-11-30T18:17:51","date_gmt":"2025-11-30T17:17:51","guid":{"rendered":"https:\/\/laguiole.com\/?post_type=product&#038;p=46508"},"modified":"2026-05-04T12:47:09","modified_gmt":"2026-05-04T10:47:09","slug":"unverzichtbares-plisson-rasierset-3-teile-mach-3-sicherheitsrasierer-und-reiner-russischer-grauer-dachs-rasierpinsel-glaenzend-schwarze-acetat-griffe","status":"publish","type":"product","link":"https:\/\/laguiole.com\/de\/produit\/unverzichtbares-plisson-rasierset-3-teile-mach-3-sicherheitsrasierer-und-reiner-russischer-grauer-dachs-rasierpinsel-glaenzend-schwarze-acetat-griffe\/","title":{"rendered":"Unverzichtbares PLISSON-Rasierset (3 Teile) Mach 3 Sicherheitsrasierer und reiner russischer grauer Dachs-Rasierpinsel, gl\u00e4nzend schwarze Acetat-Griffe"},"content":{"rendered":"<h1 data-start=\"167\" data-end=\"234\"><strong data-start=\"172\" data-end=\"234\">Essenzielles 3-teiliges Plisson-Rasierset<\/strong><\/h1>\n<p data-start=\"236\" data-end=\"538\">Entdecken Sie das <strong data-start=\"249\" data-end=\"295\">Plisson Essentiel dreiteilige Rasierset<\/strong>, ein elegantes Set, das Ihre Routine in ein echtes Ritual verwandelt. Dieses Set vereint modernes Design, Komfort und Leistung. Es enth\u00e4lt eine <strong data-start=\"441\" data-end=\"535\">russische graue Rasierb\u00fcrste, einen Mach3-kompatiblen Rasierer und einen schwarzen Stahl-Minion<\/strong>.<\/p>\n<p data-start=\"540\" data-end=\"730\">Dank <strong data-start=\"550\" data-end=\"578\">der schwarzen Acetat-Griffe<\/strong> bietet jedes Accessoire einen bequemen Griff und ein raffiniertes Finish. Dieses Set vereint <strong data-start=\"679\" data-end=\"704\">Praktikabilit\u00e4t und Eleganz<\/strong> f\u00fcr Ihr Badezimmer.<\/p>\n<hr data-start=\"732\" data-end=\"735\" \/>\n<h2 data-start=\"737\" data-end=\"803\">\u2714 Russische graue Rasierb\u00fcrste \u2013 reine, hochwertige Rasierb\u00fcrste<\/h2>\n<p data-start=\"805\" data-end=\"1033\">Die Rasierb\u00fcrste besteht aus <strong data-start=\"833\" data-end=\"857\">grauem Haar aus Russland<\/strong>, das f\u00fcr <strong data-start=\"876\" data-end=\"903\">seine Weichheit und Festigkeit<\/strong> bekannt ist. Sie speichern Wasser perfekt und erzeugen schnell einen <strong data-start=\"984\" data-end=\"1006\">dichten und cremigen<\/strong> Schaum, selbst mit wenig Seife.<\/p>\n<p data-start=\"1035\" data-end=\"1236\">Au\u00dferdem sorgt der <strong data-start=\"1047\" data-end=\"1074\">schwarze Acetatgriff<\/strong> f\u00fcr einen stabilen und angenehmen Griff. Der <strong data-start=\"1122\" data-end=\"1155\">Rasierb\u00fcrstenkopf ist abnehmbar<\/strong>, was den Austausch erleichtert und die Lebensdauer des Zubeh\u00f6rs verl\u00e4ngert.<\/p>\n<p data-start=\"1238\" data-end=\"1410\">\ud83d\udc49 <em data-start=\"1241\" data-end=\"1262\">Pflegeanweisungen<\/em> : Sp\u00fclen Sie die Rasierb\u00fcrste nach jeder Anwendung mit warmem Wasser ab. Wringe es vorsichtig aus und lass es dann <strong data-start=\"1370\" data-end=\"1385\">kopf\u00fcber auf<\/strong> dem bereitgestellten Handlanger trocknen.<\/p>\n<hr data-start=\"1412\" data-end=\"1415\" \/>\n<h2 data-start=\"1417\" data-end=\"1468\">\u2714 Mach3-Rasierer \u2013 passender schwarzer Acetat-Griff<\/h2>\n<p data-start=\"1470\" data-end=\"1709\">Der Rasierer ist kompatibel mit <strong data-start=\"1510\" data-end=\"1528\">Gillette Mach3-Klingen<\/strong>, die f\u00fcr ihr sanftes und effizientes Gleiten bekannt sind.<br data-start=\"1575\" data-end=\"1578\" \/>Sein <strong data-start=\"1582\" data-end=\"1609\">schwarzer Acetat-Griff<\/strong> sorgt f\u00fcr einen stabilen und bequemen Griff. So wird jede Rasierbewegung pr\u00e4zise und angenehm.<\/p>\n<p data-start=\"1711\" data-end=\"1849\">Au\u00dferdem kann der Rasierkopf leicht zerlegt werden, um die Klinge schnell zu wechseln. Das sorgt jedes Mal f\u00fcr eine leistungsstarke Rasur.<\/p>\n<hr data-start=\"1851\" data-end=\"1854\" \/>\n<h2 data-start=\"1856\" data-end=\"1916\">\u2714 Schwarzer Stahlserver \u2013 praktischer und stilvoller Speicher<\/h2>\n<p data-start=\"1918\" data-end=\"2207\">Der <strong data-start=\"1934\" data-end=\"1948\">schwarze Stahl-Handlanger<\/strong> h\u00e4lt Rasierpinsel und Rasierer richtig. Der Rasierer wird verkehrt herum platziert, der Rasierpinsel verkehrt herum.<br data-start=\"2065\" data-end=\"2068\" \/>So wird sichergestellt, dass Ihre Accessoires richtig trocknen und gesch\u00fctzt bleiben. Au\u00dferdem h\u00e4lt es Ihren Rasierraum <strong data-start=\"2175\" data-end=\"2206\">sauber, organisiert und stilvoll<\/strong>.<\/p>\n","protected":false},"excerpt":{"rendered":"<p>Rasierset bestehend aus 3 Teilen:<\/p>\n<p>\u2013 ein Rasierpinsel, Gr\u00f6\u00dfe 12 in russischen grauen Borsten mit einem schwarzen<br \/>\nAcetatrahmen \u2013 ein Mach-3-Kopf-Sicherheitsrasierer mit schwarzem Acetat-Griff<br \/>\n\u2013 ein schwarzer Stahlserver zur guten Aufbewahrung deiner Rasieraccessoires.<\/p>\n<p>Made in France<br \/>\nVerpackung \/ Geschenkbox bereit zum Anbieten<\/p>\n","protected":false},"featured_media":46584,"template":"","meta":{"_acf_changed":false,"_monsterinsights_skip_tracking":false,"_monsterinsights_sitenote_active":false,"_monsterinsights_sitenote_note":"","_monsterinsights_sitenote_category":0},"product_brand":[],"product_cat":[5960],"product_tag":[],"class_list":{"0":"post-46508","1":"product","2":"type-product","3":"status-publish","4":"has-post-thumbnail","6":"product_cat-rasiermesser-und-zubehoer","7":"pa_finition-brillant","8":"pa_manche-en-matiere-moderne-harz","9":"pa_marque-plissonen","10":"tm-no-options","13":"instock","14":"taxable","15":"shipping-taxable","16":"purchasable","17":"product-type-simple"},"supplier_id":null,"supplier_sku":"","barcode":null,"atum_controlled":true,"out_stock_date":null,"out_stock_threshold":null,"inheritable":false,"inbound_stock":0,"stock_on_hold":0,"sold_today":0,"sales_last_days":0,"reserved_stock":0,"customer_returns":0,"warehouse_damage":0,"lost_in_post":0,"other_logs":0,"out_stock_days":0,"lost_sales":0,"has_location":false,"update_date":"2026-05-14T01:03:54","atum_locations":[],"atum_stock_status":"instock","restock_status":false,"low_stock_amount":"","sales_update_date":"2026-05-14T01:03:53","calc_backorders":0,"acf":[],"yoast_head":"<!-- This site is optimized with the Yoast SEO plugin v27.3 - https:\/\/yoast.com\/product\/yoast-seo-wordpress\/ -->\n<title>Unverzichtbares Plisson-3-teiliges Rasierset \u2013<\/title>\n<meta name=\"description\" content=\"3-teiliges Plisson Essentiel-Set: Russischer grauer Rasierpinsel, Mach3-Rasierer und schwarzer Stahl-Minion. Schwarze Acetat\u00e4rmel, elegantes und langlebiges Design.\" \/>\n<meta name=\"robots\" content=\"index, follow, max-snippet:-1, max-image-preview:large, max-video-preview:-1\" \/>\n<link rel=\"canonical\" href=\"https:\/\/laguiole.com\/de\/produit\/unverzichtbares-plisson-rasierset-3-teile-mach-3-sicherheitsrasierer-und-reiner-russischer-grauer-dachs-rasierpinsel-glaenzend-schwarze-acetat-griffe\/\" \/>\n<meta property=\"og:locale\" content=\"de_DE\" \/>\n<meta property=\"og:type\" content=\"article\" \/>\n<meta property=\"og:title\" content=\"Unverzichtbares Plisson-3-teiliges Rasierset \u2013\" \/>\n<meta property=\"og:description\" content=\"3-teiliges Plisson Essentiel-Set: Russischer grauer Rasierpinsel, Mach3-Rasierer und schwarzer Stahl-Minion. Schwarze Acetat\u00e4rmel, elegantes und langlebiges Design.\" \/>\n<meta property=\"og:url\" content=\"https:\/\/laguiole.com\/de\/produit\/unverzichtbares-plisson-rasierset-3-teile-mach-3-sicherheitsrasierer-und-reiner-russischer-grauer-dachs-rasierpinsel-glaenzend-schwarze-acetat-griffe\/\" \/>\n<meta property=\"og:site_name\" content=\"Laguiole.com \u00ae\" \/>\n<meta property=\"article:publisher\" content=\"https:\/\/www.facebook.com\/laguiolecom\/\" \/>\n<meta property=\"article:modified_time\" content=\"2026-05-04T10:47:09+00:00\" \/>\n<meta property=\"og:image\" content=\"https:\/\/laguiole.com\/wp-content\/uploads\/2025\/11\/Set_de_Rasage_PLISSON_Essentiel_3-Pieces_Rasoir_de_Securite_Mach_3_et_Blaireau_pur_00.jpg\" \/>\n\t<meta property=\"og:image:width\" content=\"1033\" \/>\n\t<meta property=\"og:image:height\" content=\"1033\" \/>\n\t<meta property=\"og:image:type\" content=\"image\/jpeg\" \/>\n<meta name=\"twitter:card\" content=\"summary_large_image\" \/>\n<meta name=\"twitter:label1\" content=\"Gesch\u00e4tzte Lesezeit\" \/>\n\t<meta name=\"twitter:data1\" content=\"2\u00a0Minute\" \/>\n<script type=\"application\/ld+json\" class=\"yoast-schema-graph\">{\"@context\":\"https:\\\/\\\/schema.org\",\"@graph\":[{\"@type\":\"WebPage\",\"@id\":\"https:\\\/\\\/laguiole.com\\\/de\\\/produit\\\/unverzichtbares-plisson-rasierset-3-teile-mach-3-sicherheitsrasierer-und-reiner-russischer-grauer-dachs-rasierpinsel-glaenzend-schwarze-acetat-griffe\\\/\",\"url\":\"https:\\\/\\\/laguiole.com\\\/de\\\/produit\\\/unverzichtbares-plisson-rasierset-3-teile-mach-3-sicherheitsrasierer-und-reiner-russischer-grauer-dachs-rasierpinsel-glaenzend-schwarze-acetat-griffe\\\/\",\"name\":\"Unverzichtbares Plisson-3-teiliges Rasierset \u2013\",\"isPartOf\":{\"@id\":\"https:\\\/\\\/laguiole.com\\\/de\\\/#website\"},\"primaryImageOfPage\":{\"@id\":\"https:\\\/\\\/laguiole.com\\\/de\\\/produit\\\/unverzichtbares-plisson-rasierset-3-teile-mach-3-sicherheitsrasierer-und-reiner-russischer-grauer-dachs-rasierpinsel-glaenzend-schwarze-acetat-griffe\\\/#primaryimage\"},\"image\":{\"@id\":\"https:\\\/\\\/laguiole.com\\\/de\\\/produit\\\/unverzichtbares-plisson-rasierset-3-teile-mach-3-sicherheitsrasierer-und-reiner-russischer-grauer-dachs-rasierpinsel-glaenzend-schwarze-acetat-griffe\\\/#primaryimage\"},\"thumbnailUrl\":\"https:\\\/\\\/laguiole.com\\\/wp-content\\\/uploads\\\/2025\\\/11\\\/Set_de_Rasage_PLISSON_Essentiel_3-Pieces_Rasoir_de_Securite_Mach_3_et_Blaireau_pur_00.jpg\",\"datePublished\":\"2025-11-30T17:17:51+00:00\",\"dateModified\":\"2026-05-04T10:47:09+00:00\",\"description\":\"3-teiliges Plisson Essentiel-Set: Russischer grauer Rasierpinsel, Mach3-Rasierer und schwarzer Stahl-Minion. Schwarze Acetat\u00e4rmel, elegantes und langlebiges Design.\",\"breadcrumb\":{\"@id\":\"https:\\\/\\\/laguiole.com\\\/de\\\/produit\\\/unverzichtbares-plisson-rasierset-3-teile-mach-3-sicherheitsrasierer-und-reiner-russischer-grauer-dachs-rasierpinsel-glaenzend-schwarze-acetat-griffe\\\/#breadcrumb\"},\"inLanguage\":\"de\",\"potentialAction\":[{\"@type\":\"ReadAction\",\"target\":[\"https:\\\/\\\/laguiole.com\\\/de\\\/produit\\\/unverzichtbares-plisson-rasierset-3-teile-mach-3-sicherheitsrasierer-und-reiner-russischer-grauer-dachs-rasierpinsel-glaenzend-schwarze-acetat-griffe\\\/\"]}]},{\"@type\":\"ImageObject\",\"inLanguage\":\"de\",\"@id\":\"https:\\\/\\\/laguiole.com\\\/de\\\/produit\\\/unverzichtbares-plisson-rasierset-3-teile-mach-3-sicherheitsrasierer-und-reiner-russischer-grauer-dachs-rasierpinsel-glaenzend-schwarze-acetat-griffe\\\/#primaryimage\",\"url\":\"https:\\\/\\\/laguiole.com\\\/wp-content\\\/uploads\\\/2025\\\/11\\\/Set_de_Rasage_PLISSON_Essentiel_3-Pieces_Rasoir_de_Securite_Mach_3_et_Blaireau_pur_00.jpg\",\"contentUrl\":\"https:\\\/\\\/laguiole.com\\\/wp-content\\\/uploads\\\/2025\\\/11\\\/Set_de_Rasage_PLISSON_Essentiel_3-Pieces_Rasoir_de_Securite_Mach_3_et_Blaireau_pur_00.jpg\",\"width\":1033,\"height\":1033,\"caption\":\"Unverzichtbares PLISSON-Rasierset (3 Teile) Mach 3 Sicherheitsrasierer und reiner russischer grauer Dachs-Rasierpinsel, gl\u00e4nzend schwarze Acetat-Griffe\"},{\"@type\":\"BreadcrumbList\",\"@id\":\"https:\\\/\\\/laguiole.com\\\/de\\\/produit\\\/unverzichtbares-plisson-rasierset-3-teile-mach-3-sicherheitsrasierer-und-reiner-russischer-grauer-dachs-rasierpinsel-glaenzend-schwarze-acetat-griffe\\\/#breadcrumb\",\"itemListElement\":[{\"@type\":\"ListItem\",\"position\":1,\"name\":\"Accueil\",\"item\":\"https:\\\/\\\/laguiole.com\\\/de\\\/\"},{\"@type\":\"ListItem\",\"position\":2,\"name\":\"Shop\",\"item\":\"https:\\\/\\\/laguiole.com\\\/de\\\/shop-2\\\/\"},{\"@type\":\"ListItem\",\"position\":3,\"name\":\"Unverzichtbares PLISSON-Rasierset (3 Teile) Mach 3 Sicherheitsrasierer und reiner russischer grauer Dachs-Rasierpinsel, gl\u00e4nzend schwarze Acetat-Griffe\"}]},{\"@type\":\"WebSite\",\"@id\":\"https:\\\/\\\/laguiole.com\\\/de\\\/#website\",\"url\":\"https:\\\/\\\/laguiole.com\\\/de\\\/\",\"name\":\"Laguiole.com\",\"description\":\"Laguiole - Couteau laguiole, Chateau Laguiole, Laguiole en Aubrac, Forge de Laguiole\",\"publisher\":{\"@id\":\"https:\\\/\\\/laguiole.com\\\/de\\\/#organization\"},\"potentialAction\":[{\"@type\":\"SearchAction\",\"target\":{\"@type\":\"EntryPoint\",\"urlTemplate\":\"https:\\\/\\\/laguiole.com\\\/de\\\/?s={search_term_string}\"},\"query-input\":{\"@type\":\"PropertyValueSpecification\",\"valueRequired\":true,\"valueName\":\"search_term_string\"}}],\"inLanguage\":\"de\"},{\"@type\":\"Organization\",\"@id\":\"https:\\\/\\\/laguiole.com\\\/de\\\/#organization\",\"name\":\"Laguiole.com\",\"url\":\"https:\\\/\\\/laguiole.com\\\/de\\\/\",\"logo\":{\"@type\":\"ImageObject\",\"inLanguage\":\"de\",\"@id\":\"https:\\\/\\\/laguiole.com\\\/de\\\/#\\\/schema\\\/logo\\\/image\\\/\",\"url\":\"https:\\\/\\\/laguiole.com\\\/wp-content\\\/uploads\\\/2021\\\/02\\\/logo_laguiole.com-horizontal.jpg\",\"contentUrl\":\"https:\\\/\\\/laguiole.com\\\/wp-content\\\/uploads\\\/2021\\\/02\\\/logo_laguiole.com-horizontal.jpg\",\"width\":490,\"height\":156,\"caption\":\"Laguiole.com\"},\"image\":{\"@id\":\"https:\\\/\\\/laguiole.com\\\/de\\\/#\\\/schema\\\/logo\\\/image\\\/\"},\"sameAs\":[\"https:\\\/\\\/www.facebook.com\\\/laguiolecom\\\/\",\"https:\\\/\\\/www.instagram.com\\\/laguiolecom\\\/\",\"https:\\\/\\\/www.youtube.com\\\/@laguiolecom\\\/videos\"]}]}<\/script>\n<!-- \/ Yoast SEO plugin. -->","yoast_head_json":{"title":"Unverzichtbares Plisson-3-teiliges Rasierset \u2013","description":"3-teiliges Plisson Essentiel-Set: Russischer grauer Rasierpinsel, Mach3-Rasierer und schwarzer Stahl-Minion. Schwarze Acetat\u00e4rmel, elegantes und langlebiges Design.","robots":{"index":"index","follow":"follow","max-snippet":"max-snippet:-1","max-image-preview":"max-image-preview:large","max-video-preview":"max-video-preview:-1"},"canonical":"https:\/\/laguiole.com\/de\/produit\/unverzichtbares-plisson-rasierset-3-teile-mach-3-sicherheitsrasierer-und-reiner-russischer-grauer-dachs-rasierpinsel-glaenzend-schwarze-acetat-griffe\/","og_locale":"de_DE","og_type":"article","og_title":"Unverzichtbares Plisson-3-teiliges Rasierset \u2013","og_description":"3-teiliges Plisson Essentiel-Set: Russischer grauer Rasierpinsel, Mach3-Rasierer und schwarzer Stahl-Minion. Schwarze Acetat\u00e4rmel, elegantes und langlebiges Design.","og_url":"https:\/\/laguiole.com\/de\/produit\/unverzichtbares-plisson-rasierset-3-teile-mach-3-sicherheitsrasierer-und-reiner-russischer-grauer-dachs-rasierpinsel-glaenzend-schwarze-acetat-griffe\/","og_site_name":"Laguiole.com \u00ae","article_publisher":"https:\/\/www.facebook.com\/laguiolecom\/","article_modified_time":"2026-05-04T10:47:09+00:00","og_image":[{"width":1033,"height":1033,"url":"https:\/\/laguiole.com\/wp-content\/uploads\/2025\/11\/Set_de_Rasage_PLISSON_Essentiel_3-Pieces_Rasoir_de_Securite_Mach_3_et_Blaireau_pur_00.jpg","type":"image\/jpeg"}],"twitter_card":"summary_large_image","twitter_misc":{"Gesch\u00e4tzte Lesezeit":"2\u00a0Minute"},"schema":{"@context":"https:\/\/schema.org","@graph":[{"@type":"WebPage","@id":"https:\/\/laguiole.com\/de\/produit\/unverzichtbares-plisson-rasierset-3-teile-mach-3-sicherheitsrasierer-und-reiner-russischer-grauer-dachs-rasierpinsel-glaenzend-schwarze-acetat-griffe\/","url":"https:\/\/laguiole.com\/de\/produit\/unverzichtbares-plisson-rasierset-3-teile-mach-3-sicherheitsrasierer-und-reiner-russischer-grauer-dachs-rasierpinsel-glaenzend-schwarze-acetat-griffe\/","name":"Unverzichtbares Plisson-3-teiliges Rasierset \u2013","isPartOf":{"@id":"https:\/\/laguiole.com\/de\/#website"},"primaryImageOfPage":{"@id":"https:\/\/laguiole.com\/de\/produit\/unverzichtbares-plisson-rasierset-3-teile-mach-3-sicherheitsrasierer-und-reiner-russischer-grauer-dachs-rasierpinsel-glaenzend-schwarze-acetat-griffe\/#primaryimage"},"image":{"@id":"https:\/\/laguiole.com\/de\/produit\/unverzichtbares-plisson-rasierset-3-teile-mach-3-sicherheitsrasierer-und-reiner-russischer-grauer-dachs-rasierpinsel-glaenzend-schwarze-acetat-griffe\/#primaryimage"},"thumbnailUrl":"https:\/\/laguiole.com\/wp-content\/uploads\/2025\/11\/Set_de_Rasage_PLISSON_Essentiel_3-Pieces_Rasoir_de_Securite_Mach_3_et_Blaireau_pur_00.jpg","datePublished":"2025-11-30T17:17:51+00:00","dateModified":"2026-05-04T10:47:09+00:00","description":"3-teiliges Plisson Essentiel-Set: Russischer grauer Rasierpinsel, Mach3-Rasierer und schwarzer Stahl-Minion. Schwarze Acetat\u00e4rmel, elegantes und langlebiges Design.","breadcrumb":{"@id":"https:\/\/laguiole.com\/de\/produit\/unverzichtbares-plisson-rasierset-3-teile-mach-3-sicherheitsrasierer-und-reiner-russischer-grauer-dachs-rasierpinsel-glaenzend-schwarze-acetat-griffe\/#breadcrumb"},"inLanguage":"de","potentialAction":[{"@type":"ReadAction","target":["https:\/\/laguiole.com\/de\/produit\/unverzichtbares-plisson-rasierset-3-teile-mach-3-sicherheitsrasierer-und-reiner-russischer-grauer-dachs-rasierpinsel-glaenzend-schwarze-acetat-griffe\/"]}]},{"@type":"ImageObject","inLanguage":"de","@id":"https:\/\/laguiole.com\/de\/produit\/unverzichtbares-plisson-rasierset-3-teile-mach-3-sicherheitsrasierer-und-reiner-russischer-grauer-dachs-rasierpinsel-glaenzend-schwarze-acetat-griffe\/#primaryimage","url":"https:\/\/laguiole.com\/wp-content\/uploads\/2025\/11\/Set_de_Rasage_PLISSON_Essentiel_3-Pieces_Rasoir_de_Securite_Mach_3_et_Blaireau_pur_00.jpg","contentUrl":"https:\/\/laguiole.com\/wp-content\/uploads\/2025\/11\/Set_de_Rasage_PLISSON_Essentiel_3-Pieces_Rasoir_de_Securite_Mach_3_et_Blaireau_pur_00.jpg","width":1033,"height":1033,"caption":"Unverzichtbares PLISSON-Rasierset (3 Teile) Mach 3 Sicherheitsrasierer und reiner russischer grauer Dachs-Rasierpinsel, gl\u00e4nzend schwarze Acetat-Griffe"},{"@type":"BreadcrumbList","@id":"https:\/\/laguiole.com\/de\/produit\/unverzichtbares-plisson-rasierset-3-teile-mach-3-sicherheitsrasierer-und-reiner-russischer-grauer-dachs-rasierpinsel-glaenzend-schwarze-acetat-griffe\/#breadcrumb","itemListElement":[{"@type":"ListItem","position":1,"name":"Accueil","item":"https:\/\/laguiole.com\/de\/"},{"@type":"ListItem","position":2,"name":"Shop","item":"https:\/\/laguiole.com\/de\/shop-2\/"},{"@type":"ListItem","position":3,"name":"Unverzichtbares PLISSON-Rasierset (3 Teile) Mach 3 Sicherheitsrasierer und reiner russischer grauer Dachs-Rasierpinsel, gl\u00e4nzend schwarze Acetat-Griffe"}]},{"@type":"WebSite","@id":"https:\/\/laguiole.com\/de\/#website","url":"https:\/\/laguiole.com\/de\/","name":"Laguiole.com","description":"Laguiole - Couteau laguiole, Chateau Laguiole, Laguiole en Aubrac, Forge de Laguiole","publisher":{"@id":"https:\/\/laguiole.com\/de\/#organization"},"potentialAction":[{"@type":"SearchAction","target":{"@type":"EntryPoint","urlTemplate":"https:\/\/laguiole.com\/de\/?s={search_term_string}"},"query-input":{"@type":"PropertyValueSpecification","valueRequired":true,"valueName":"search_term_string"}}],"inLanguage":"de"},{"@type":"Organization","@id":"https:\/\/laguiole.com\/de\/#organization","name":"Laguiole.com","url":"https:\/\/laguiole.com\/de\/","logo":{"@type":"ImageObject","inLanguage":"de","@id":"https:\/\/laguiole.com\/de\/#\/schema\/logo\/image\/","url":"https:\/\/laguiole.com\/wp-content\/uploads\/2021\/02\/logo_laguiole.com-horizontal.jpg","contentUrl":"https:\/\/laguiole.com\/wp-content\/uploads\/2021\/02\/logo_laguiole.com-horizontal.jpg","width":490,"height":156,"caption":"Laguiole.com"},"image":{"@id":"https:\/\/laguiole.com\/de\/#\/schema\/logo\/image\/"},"sameAs":["https:\/\/www.facebook.com\/laguiolecom\/","https:\/\/www.instagram.com\/laguiolecom\/","https:\/\/www.youtube.com\/@laguiolecom\/videos"]}]}},"_links":{"self":[{"href":"https:\/\/laguiole.com\/de\/wp-json\/wp\/v2\/product\/46508","targetHints":{"allow":["GET"]}}],"collection":[{"href":"https:\/\/laguiole.com\/de\/wp-json\/wp\/v2\/product"}],"about":[{"href":"https:\/\/laguiole.com\/de\/wp-json\/wp\/v2\/types\/product"}],"version-history":[{"count":2,"href":"https:\/\/laguiole.com\/de\/wp-json\/wp\/v2\/product\/46508\/revisions"}],"predecessor-version":[{"id":48677,"href":"https:\/\/laguiole.com\/de\/wp-json\/wp\/v2\/product\/46508\/revisions\/48677"}],"wp:featuredmedia":[{"embeddable":true,"href":"https:\/\/laguiole.com\/de\/wp-json\/wp\/v2\/media\/46584"}],"wp:attachment":[{"href":"https:\/\/laguiole.com\/de\/wp-json\/wp\/v2\/media?parent=46508"}],"wp:term":[{"taxonomy":"product_brand","embeddable":true,"href":"https:\/\/laguiole.com\/de\/wp-json\/wp\/v2\/product_brand?post=46508"},{"taxonomy":"product_cat","embeddable":true,"href":"https:\/\/laguiole.com\/de\/wp-json\/wp\/v2\/product_cat?post=46508"},{"taxonomy":"product_tag","embeddable":true,"href":"https:\/\/laguiole.com\/de\/wp-json\/wp\/v2\/product_tag?post=46508"}],"curies":[{"name":"wp","href":"https:\/\/api.w.org\/{rel}","templated":true}]}}