{"id":46481,"date":"2025-11-30T17:39:04","date_gmt":"2025-11-30T16:39:04","guid":{"rendered":"https:\/\/laguiole.com\/?post_type=product&#038;p=46481"},"modified":"2025-12-14T18:22:42","modified_gmt":"2025-12-14T17:22:42","slug":"muhle-kosmo-rasierset-3-teile-geschlossener-sicherheitsrasierer-und-dachs-fine-badger-rasierbuerste-eichenhenkel","status":"publish","type":"product","link":"https:\/\/laguiole.com\/de\/produit\/muhle-kosmo-rasierset-3-teile-geschlossener-sicherheitsrasierer-und-dachs-fine-badger-rasierbuerste-eichenhenkel\/","title":{"rendered":"MUHLE Kosmo Rasierset (3 Teile) geschlossener Sicherheitsrasierer und Dachs Fine Badger Rasierb\u00fcrste Eichenhenkel"},"content":{"rendered":"<div class=\"text-base my-auto mx-auto pb-10 [--thread-content-margin:--spacing(4)] thread-sm:[--thread-content-margin:--spacing(6)] thread-lg:[--thread-content-margin:--spacing(16)] px-(--thread-content-margin)\">\n<div class=\"[--thread-content-max-width:40rem] thread-lg:[--thread-content-max-width:48rem] mx-auto max-w-(--thread-content-max-width) flex-1 group\/turn-messages focus-visible:outline-hidden relative flex w-full min-w-0 flex-col agent-turn\" tabindex=\"-1\">\n<div class=\"flex max-w-full flex-col grow\">\n<div class=\"min-h-8 text-message relative flex w-full flex-col items-end gap-2 text-start break-words whitespace-normal [.text-message+&amp;]:mt-1\" dir=\"auto\" data-message-author-role=\"assistant\" data-message-id=\"172fed52-60da-44c1-88ab-93a638ae0f49\" data-message-model-slug=\"gpt-5-mini\">\n<div class=\"flex w-full flex-col gap-1 empty:hidden first:pt-[1px]\">\n<div class=\"markdown prose dark:prose-invert w-full break-words light markdown-new-styling\">\n<h1 data-start=\"276\" data-end=\"353\"><strong data-start=\"281\" data-end=\"353\"> \u2013 M\u00dcHLE Kosmo dreiteiliges Rasierset Eichenstiel<\/strong><\/h1>\n<p data-start=\"355\" data-end=\"621\"><strong data-start=\"368\" data-end=\"397\">Entdecken Sie das M\u00dcHLE Kosmo Rasierset<\/strong>, ein stilvolles und praktisches dreiteiliges <strong data-start=\"447\" data-end=\"487\">Set f\u00fcr eine hochwertige traditionelle Rasur.<\/strong> Dieses Set vereint <strong data-start=\"504\" data-end=\"527\">zeitgem\u00e4\u00dfes Design<\/strong>, edle Materialien und akribische Verarbeitung und bietet ein komfortables und langlebiges Rasurritual.<\/p>\n<p data-start=\"623\" data-end=\"773\">Dank seines hochwertigen Designs vereint er <strong data-start=\"663\" data-end=\"703\">\u00c4sthetik, Leistung und Langlebigkeit<\/strong> und erf\u00fcllt dabei die Standards klassischer Rasierbegeisterte.<\/p>\n<hr data-start=\"775\" data-end=\"778\" \/>\n<h2 data-start=\"780\" data-end=\"836\">\u2714 Sicherheitsrasierer mit geschlossenem Kamm \u2013 Eichengriff<\/h2>\n<p data-start=\"838\" data-end=\"1141\">Der Cosmo-Sicherheitsrasierer hat einen <strong data-start=\"879\" data-end=\"895\">geschlossenen Kamm,<\/strong> perfekt f\u00fcr eine pr\u00e4zise und kontrollierte Rasur.<br data-start=\"939\" data-end=\"942\" \/>Der <strong data-start=\"945\" data-end=\"975\">Kopf l\u00e4sst sich leicht abschrauben<\/strong>, sodass ein S\u00e4geblatt zwischen die beiden Teile geschoben werden kann. Dieser Kopf ist identisch mit dem des ber\u00fchmten <strong data-start=\"1076\" data-end=\"1083\">R89<\/strong> und sorgt f\u00fcr ein glattes und effektives Rasiererlebnis.<\/p>\n<p data-start=\"1143\" data-end=\"1383\">Der <strong data-start=\"1146\" data-end=\"1165\">Eichenstiel<\/strong> bietet einen stabilen und nat\u00fcrlichen Griff. Jeder Griff ist einzigartig dank der Maserung des Holzes und seiner ordentlichen Oberfl\u00e4che.<br data-start=\"1286\" data-end=\"1289\" \/>So erhalten Sie sowohl eine sichere Rasur als auch ein stilvolles Objekt, das \u00fcber die lange Zeit h\u00e4lt.<\/p>\n<hr data-start=\"1385\" data-end=\"1388\" \/>\n<h2 data-start=\"1390\" data-end=\"1450\">\u2714 Dachs-Feinrasierb\u00fcrste \u2013 Echte Borsten und abnehmbarer Kopf<\/h2>\n<p data-start=\"1452\" data-end=\"1680\">Die Cosmo Badger Rasierb\u00fcrste besteht <strong data-start=\"1477\" data-end=\"1510\">aus feinem Dachs-Dachshaar<\/strong>, das f\u00fcr <strong data-start=\"1530\" data-end=\"1557\">seine Weichheit und Festigkeit<\/strong> bekannt ist. Sie bereiten die Haut perfekt vor und f\u00f6rdern die Entstehung eines <strong data-start=\"1633\" data-end=\"1655\">dichten und cremigen<\/strong> Sch\u00e4ums, selbst mit wenig Seife.<\/p>\n<p data-start=\"1682\" data-end=\"1877\">Au\u00dferdem <strong data-start=\"1694\" data-end=\"1727\">ist der Kopf des Rasierb\u00fcrsches abnehmbar<\/strong>. Er ist leicht zu ersetzen, um die Lebensdauer des Rasierpinsels zu verl\u00e4ngern. Der Eichengriff sorgt f\u00fcr einen angenehmen und stabilen Halt, auch bei N\u00e4sse.<\/p>\n<p data-start=\"1879\" data-end=\"2114\">\ud83d\udc49 <em data-start=\"1882\" data-end=\"1903\">Pflegeanweisungen<\/em> : Sp\u00fclen Sie die Rasierb\u00fcrste mit hei\u00dfem Wasser, wringen Sie sie vorsichtig aus und lassen Sie sie <strong data-start=\"1989\" data-end=\"2004\">dann kopf\u00fcber auf<\/strong> dem Halter trocknen. Lass den Dachs niemals zu lange eingez\u00e4unt oder nass stehen, um Haarung zu verhindern.<\/p>\n<hr data-start=\"2116\" data-end=\"2119\" \/>\n<h2 data-start=\"2121\" data-end=\"2149\">\u2714 Verchromter Metallstand<\/h2>\n<p data-start=\"2151\" data-end=\"2480\">Der mitgelieferte Halter erm\u00f6glicht es, <strong data-start=\"2179\" data-end=\"2227\">Rasierer und Rasierpinsel richtig aufzubewahren<\/strong>, Kopf nach oben f\u00fcr den Rasierer und Kopf nach unten f\u00fcr den Rasierpinsel. Es erleichtert das Trocknen und sch\u00fctzt Ihre Accessoires vor Abnutzung. Die verchromte Metalloberfl\u00e4che harmoniert perfekt mit dem Eichenholz und dem zeitgen\u00f6ssischen Stil der Cosmo-Serie.<\/p>\n<\/div>\n<\/div>\n<\/div>\n<\/div>\n<\/div>\n<\/div>\n<hr data-start=\"3003\" data-end=\"3006\" \/>\n<p data-start=\"1998\" data-end=\"2275\">\n","protected":false},"excerpt":{"rendered":"<p>Rasierset besteht aus 3 Teilen:<\/p>\n<p>\u2013 eine Rasierb\u00fcrste, 21 mm B\u00fcschel feines Dachs-Dachs-Fell, Eichenrahmen, Gesamth\u00f6he 110 mm, einschlie\u00dflich 55 mm Borsten<br \/>\n\u2013 ein Sicherheitsrasierer mit geschlossenem Kopf und olivfarbenem Griff, L\u00e4nge 11 cm, Gewicht 54 g<br \/>\n\u2013 eine verchromte<br \/>\nMetallst\u00fctze, Verpackung \/ Geschenkbox bereit zum Anbieten<\/p>\n","protected":false},"featured_media":46722,"template":"","meta":{"_acf_changed":false,"_monsterinsights_skip_tracking":false,"_monsterinsights_sitenote_active":false,"_monsterinsights_sitenote_note":"","_monsterinsights_sitenote_category":0},"product_brand":[],"product_cat":[5960],"product_tag":[],"class_list":{"0":"post-46481","1":"product","2":"type-product","3":"status-publish","4":"has-post-thumbnail","6":"product_cat-rasiermesser-und-zubehoer","7":"pa_manche-en-bois-eiche","8":"pa_marque-muhle","9":"tm-no-options","12":"instock","13":"taxable","14":"shipping-taxable","15":"purchasable","16":"product-type-simple"},"supplier_id":null,"supplier_sku":"","barcode":null,"atum_controlled":true,"out_stock_date":null,"out_stock_threshold":null,"inheritable":false,"inbound_stock":0,"stock_on_hold":0,"sold_today":0,"sales_last_days":0,"reserved_stock":0,"customer_returns":0,"warehouse_damage":0,"lost_in_post":0,"other_logs":0,"out_stock_days":0,"lost_sales":0,"has_location":false,"update_date":"2026-05-02T00:42:36","atum_locations":[],"atum_stock_status":"instock","restock_status":false,"low_stock_amount":"","sales_update_date":"2026-05-02T00:42:35","calc_backorders":0,"acf":[],"yoast_head":"<!-- This site is optimized with the Yoast SEO plugin v27.3 - https:\/\/yoast.com\/product\/yoast-seo-wordpress\/ -->\n<title>M\u00dcHLE KOSMO Rasierset Eiche<\/title>\n<meta name=\"description\" content=\"M\u00dcHLE KOSMO Rasierset: R89 geschlossener Rasierer, herausnehmbarer Fin Badger Rasierb\u00fcrste und Chromhalter. Eichenhenkel. Pr\u00e4zision und Haltbarkeit\" \/>\n<meta name=\"robots\" content=\"index, follow, max-snippet:-1, max-image-preview:large, max-video-preview:-1\" \/>\n<link rel=\"canonical\" href=\"https:\/\/laguiole.com\/de\/produit\/muhle-kosmo-rasierset-3-teile-geschlossener-sicherheitsrasierer-und-dachs-fine-badger-rasierbuerste-eichenhenkel\/\" \/>\n<meta property=\"og:locale\" content=\"de_DE\" \/>\n<meta property=\"og:type\" content=\"article\" \/>\n<meta property=\"og:title\" content=\"M\u00dcHLE KOSMO Rasierset Eiche\" \/>\n<meta property=\"og:description\" content=\"M\u00dcHLE KOSMO Rasierset: R89 geschlossener Rasierer, herausnehmbarer Fin Badger Rasierb\u00fcrste und Chromhalter. Eichenhenkel. Pr\u00e4zision und Haltbarkeit\" \/>\n<meta property=\"og:url\" content=\"https:\/\/laguiole.com\/de\/produit\/muhle-kosmo-rasierset-3-teile-geschlossener-sicherheitsrasierer-und-dachs-fine-badger-rasierbuerste-eichenhenkel\/\" \/>\n<meta property=\"og:site_name\" content=\"Laguiole.com \u00ae\" \/>\n<meta property=\"article:publisher\" content=\"https:\/\/www.facebook.com\/laguiolecom\/\" \/>\n<meta property=\"article:modified_time\" content=\"2025-12-14T17:22:42+00:00\" \/>\n<meta property=\"og:image\" content=\"https:\/\/laguiole.com\/wp-content\/uploads\/2025\/11\/Set_de_Rasag_MUHLE_Kosmo_3_Pieces_Rasoir_de_Surete_Ferme_et_Blaireau_fine_badger_Manches_en_Chene_00.jpg\" \/>\n\t<meta property=\"og:image:width\" content=\"1033\" \/>\n\t<meta property=\"og:image:height\" content=\"1033\" \/>\n\t<meta property=\"og:image:type\" content=\"image\/jpeg\" \/>\n<meta name=\"twitter:card\" content=\"summary_large_image\" \/>\n<meta name=\"twitter:label1\" content=\"Gesch\u00e4tzte Lesezeit\" \/>\n\t<meta name=\"twitter:data1\" content=\"2\u00a0Minute\" \/>\n<script type=\"application\/ld+json\" class=\"yoast-schema-graph\">{\"@context\":\"https:\\\/\\\/schema.org\",\"@graph\":[{\"@type\":\"WebPage\",\"@id\":\"https:\\\/\\\/laguiole.com\\\/de\\\/produit\\\/muhle-kosmo-rasierset-3-teile-geschlossener-sicherheitsrasierer-und-dachs-fine-badger-rasierbuerste-eichenhenkel\\\/\",\"url\":\"https:\\\/\\\/laguiole.com\\\/de\\\/produit\\\/muhle-kosmo-rasierset-3-teile-geschlossener-sicherheitsrasierer-und-dachs-fine-badger-rasierbuerste-eichenhenkel\\\/\",\"name\":\"M\u00dcHLE KOSMO Rasierset Eiche\",\"isPartOf\":{\"@id\":\"https:\\\/\\\/laguiole.com\\\/de\\\/#website\"},\"primaryImageOfPage\":{\"@id\":\"https:\\\/\\\/laguiole.com\\\/de\\\/produit\\\/muhle-kosmo-rasierset-3-teile-geschlossener-sicherheitsrasierer-und-dachs-fine-badger-rasierbuerste-eichenhenkel\\\/#primaryimage\"},\"image\":{\"@id\":\"https:\\\/\\\/laguiole.com\\\/de\\\/produit\\\/muhle-kosmo-rasierset-3-teile-geschlossener-sicherheitsrasierer-und-dachs-fine-badger-rasierbuerste-eichenhenkel\\\/#primaryimage\"},\"thumbnailUrl\":\"https:\\\/\\\/laguiole.com\\\/wp-content\\\/uploads\\\/2025\\\/11\\\/Set_de_Rasag_MUHLE_Kosmo_3_Pieces_Rasoir_de_Surete_Ferme_et_Blaireau_fine_badger_Manches_en_Chene_00.jpg\",\"datePublished\":\"2025-11-30T16:39:04+00:00\",\"dateModified\":\"2025-12-14T17:22:42+00:00\",\"description\":\"M\u00dcHLE KOSMO Rasierset: R89 geschlossener Rasierer, herausnehmbarer Fin Badger Rasierb\u00fcrste und Chromhalter. Eichenhenkel. Pr\u00e4zision und Haltbarkeit\",\"breadcrumb\":{\"@id\":\"https:\\\/\\\/laguiole.com\\\/de\\\/produit\\\/muhle-kosmo-rasierset-3-teile-geschlossener-sicherheitsrasierer-und-dachs-fine-badger-rasierbuerste-eichenhenkel\\\/#breadcrumb\"},\"inLanguage\":\"de\",\"potentialAction\":[{\"@type\":\"ReadAction\",\"target\":[\"https:\\\/\\\/laguiole.com\\\/de\\\/produit\\\/muhle-kosmo-rasierset-3-teile-geschlossener-sicherheitsrasierer-und-dachs-fine-badger-rasierbuerste-eichenhenkel\\\/\"]}]},{\"@type\":\"ImageObject\",\"inLanguage\":\"de\",\"@id\":\"https:\\\/\\\/laguiole.com\\\/de\\\/produit\\\/muhle-kosmo-rasierset-3-teile-geschlossener-sicherheitsrasierer-und-dachs-fine-badger-rasierbuerste-eichenhenkel\\\/#primaryimage\",\"url\":\"https:\\\/\\\/laguiole.com\\\/wp-content\\\/uploads\\\/2025\\\/11\\\/Set_de_Rasag_MUHLE_Kosmo_3_Pieces_Rasoir_de_Surete_Ferme_et_Blaireau_fine_badger_Manches_en_Chene_00.jpg\",\"contentUrl\":\"https:\\\/\\\/laguiole.com\\\/wp-content\\\/uploads\\\/2025\\\/11\\\/Set_de_Rasag_MUHLE_Kosmo_3_Pieces_Rasoir_de_Surete_Ferme_et_Blaireau_fine_badger_Manches_en_Chene_00.jpg\",\"width\":1033,\"height\":1033,\"caption\":\"Set de Rasage MUHLE Kosmo (3 Pi\u00e8ces) Rasoir de Suret\u00e9 Ferm\u00e9 et Blaireau fine badger Manches en Ch\u00eane\"},{\"@type\":\"BreadcrumbList\",\"@id\":\"https:\\\/\\\/laguiole.com\\\/de\\\/produit\\\/muhle-kosmo-rasierset-3-teile-geschlossener-sicherheitsrasierer-und-dachs-fine-badger-rasierbuerste-eichenhenkel\\\/#breadcrumb\",\"itemListElement\":[{\"@type\":\"ListItem\",\"position\":1,\"name\":\"Accueil\",\"item\":\"https:\\\/\\\/laguiole.com\\\/de\\\/\"},{\"@type\":\"ListItem\",\"position\":2,\"name\":\"Shop\",\"item\":\"https:\\\/\\\/laguiole.com\\\/de\\\/shop-2\\\/\"},{\"@type\":\"ListItem\",\"position\":3,\"name\":\"MUHLE Kosmo Rasierset (3 Teile) geschlossener Sicherheitsrasierer und Dachs Fine Badger Rasierb\u00fcrste Eichenhenkel\"}]},{\"@type\":\"WebSite\",\"@id\":\"https:\\\/\\\/laguiole.com\\\/de\\\/#website\",\"url\":\"https:\\\/\\\/laguiole.com\\\/de\\\/\",\"name\":\"Laguiole.com\",\"description\":\"Laguiole - Couteau laguiole, Chateau Laguiole, Laguiole en Aubrac, Forge de Laguiole\",\"publisher\":{\"@id\":\"https:\\\/\\\/laguiole.com\\\/de\\\/#organization\"},\"potentialAction\":[{\"@type\":\"SearchAction\",\"target\":{\"@type\":\"EntryPoint\",\"urlTemplate\":\"https:\\\/\\\/laguiole.com\\\/de\\\/?s={search_term_string}\"},\"query-input\":{\"@type\":\"PropertyValueSpecification\",\"valueRequired\":true,\"valueName\":\"search_term_string\"}}],\"inLanguage\":\"de\"},{\"@type\":\"Organization\",\"@id\":\"https:\\\/\\\/laguiole.com\\\/de\\\/#organization\",\"name\":\"Laguiole.com\",\"url\":\"https:\\\/\\\/laguiole.com\\\/de\\\/\",\"logo\":{\"@type\":\"ImageObject\",\"inLanguage\":\"de\",\"@id\":\"https:\\\/\\\/laguiole.com\\\/de\\\/#\\\/schema\\\/logo\\\/image\\\/\",\"url\":\"https:\\\/\\\/laguiole.com\\\/wp-content\\\/uploads\\\/2021\\\/02\\\/logo_laguiole.com-horizontal.jpg\",\"contentUrl\":\"https:\\\/\\\/laguiole.com\\\/wp-content\\\/uploads\\\/2021\\\/02\\\/logo_laguiole.com-horizontal.jpg\",\"width\":490,\"height\":156,\"caption\":\"Laguiole.com\"},\"image\":{\"@id\":\"https:\\\/\\\/laguiole.com\\\/de\\\/#\\\/schema\\\/logo\\\/image\\\/\"},\"sameAs\":[\"https:\\\/\\\/www.facebook.com\\\/laguiolecom\\\/\",\"https:\\\/\\\/www.instagram.com\\\/laguiolecom\\\/\",\"https:\\\/\\\/www.youtube.com\\\/@laguiolecom\\\/videos\"]}]}<\/script>\n<!-- \/ Yoast SEO plugin. -->","yoast_head_json":{"title":"M\u00dcHLE KOSMO Rasierset Eiche","description":"M\u00dcHLE KOSMO Rasierset: R89 geschlossener Rasierer, herausnehmbarer Fin Badger Rasierb\u00fcrste und Chromhalter. Eichenhenkel. Pr\u00e4zision und Haltbarkeit","robots":{"index":"index","follow":"follow","max-snippet":"max-snippet:-1","max-image-preview":"max-image-preview:large","max-video-preview":"max-video-preview:-1"},"canonical":"https:\/\/laguiole.com\/de\/produit\/muhle-kosmo-rasierset-3-teile-geschlossener-sicherheitsrasierer-und-dachs-fine-badger-rasierbuerste-eichenhenkel\/","og_locale":"de_DE","og_type":"article","og_title":"M\u00dcHLE KOSMO Rasierset Eiche","og_description":"M\u00dcHLE KOSMO Rasierset: R89 geschlossener Rasierer, herausnehmbarer Fin Badger Rasierb\u00fcrste und Chromhalter. Eichenhenkel. Pr\u00e4zision und Haltbarkeit","og_url":"https:\/\/laguiole.com\/de\/produit\/muhle-kosmo-rasierset-3-teile-geschlossener-sicherheitsrasierer-und-dachs-fine-badger-rasierbuerste-eichenhenkel\/","og_site_name":"Laguiole.com \u00ae","article_publisher":"https:\/\/www.facebook.com\/laguiolecom\/","article_modified_time":"2025-12-14T17:22:42+00:00","og_image":[{"width":1033,"height":1033,"url":"https:\/\/laguiole.com\/wp-content\/uploads\/2025\/11\/Set_de_Rasag_MUHLE_Kosmo_3_Pieces_Rasoir_de_Surete_Ferme_et_Blaireau_fine_badger_Manches_en_Chene_00.jpg","type":"image\/jpeg"}],"twitter_card":"summary_large_image","twitter_misc":{"Gesch\u00e4tzte Lesezeit":"2\u00a0Minute"},"schema":{"@context":"https:\/\/schema.org","@graph":[{"@type":"WebPage","@id":"https:\/\/laguiole.com\/de\/produit\/muhle-kosmo-rasierset-3-teile-geschlossener-sicherheitsrasierer-und-dachs-fine-badger-rasierbuerste-eichenhenkel\/","url":"https:\/\/laguiole.com\/de\/produit\/muhle-kosmo-rasierset-3-teile-geschlossener-sicherheitsrasierer-und-dachs-fine-badger-rasierbuerste-eichenhenkel\/","name":"M\u00dcHLE KOSMO Rasierset Eiche","isPartOf":{"@id":"https:\/\/laguiole.com\/de\/#website"},"primaryImageOfPage":{"@id":"https:\/\/laguiole.com\/de\/produit\/muhle-kosmo-rasierset-3-teile-geschlossener-sicherheitsrasierer-und-dachs-fine-badger-rasierbuerste-eichenhenkel\/#primaryimage"},"image":{"@id":"https:\/\/laguiole.com\/de\/produit\/muhle-kosmo-rasierset-3-teile-geschlossener-sicherheitsrasierer-und-dachs-fine-badger-rasierbuerste-eichenhenkel\/#primaryimage"},"thumbnailUrl":"https:\/\/laguiole.com\/wp-content\/uploads\/2025\/11\/Set_de_Rasag_MUHLE_Kosmo_3_Pieces_Rasoir_de_Surete_Ferme_et_Blaireau_fine_badger_Manches_en_Chene_00.jpg","datePublished":"2025-11-30T16:39:04+00:00","dateModified":"2025-12-14T17:22:42+00:00","description":"M\u00dcHLE KOSMO Rasierset: R89 geschlossener Rasierer, herausnehmbarer Fin Badger Rasierb\u00fcrste und Chromhalter. Eichenhenkel. Pr\u00e4zision und Haltbarkeit","breadcrumb":{"@id":"https:\/\/laguiole.com\/de\/produit\/muhle-kosmo-rasierset-3-teile-geschlossener-sicherheitsrasierer-und-dachs-fine-badger-rasierbuerste-eichenhenkel\/#breadcrumb"},"inLanguage":"de","potentialAction":[{"@type":"ReadAction","target":["https:\/\/laguiole.com\/de\/produit\/muhle-kosmo-rasierset-3-teile-geschlossener-sicherheitsrasierer-und-dachs-fine-badger-rasierbuerste-eichenhenkel\/"]}]},{"@type":"ImageObject","inLanguage":"de","@id":"https:\/\/laguiole.com\/de\/produit\/muhle-kosmo-rasierset-3-teile-geschlossener-sicherheitsrasierer-und-dachs-fine-badger-rasierbuerste-eichenhenkel\/#primaryimage","url":"https:\/\/laguiole.com\/wp-content\/uploads\/2025\/11\/Set_de_Rasag_MUHLE_Kosmo_3_Pieces_Rasoir_de_Surete_Ferme_et_Blaireau_fine_badger_Manches_en_Chene_00.jpg","contentUrl":"https:\/\/laguiole.com\/wp-content\/uploads\/2025\/11\/Set_de_Rasag_MUHLE_Kosmo_3_Pieces_Rasoir_de_Surete_Ferme_et_Blaireau_fine_badger_Manches_en_Chene_00.jpg","width":1033,"height":1033,"caption":"Set de Rasage MUHLE Kosmo (3 Pi\u00e8ces) Rasoir de Suret\u00e9 Ferm\u00e9 et Blaireau fine badger Manches en Ch\u00eane"},{"@type":"BreadcrumbList","@id":"https:\/\/laguiole.com\/de\/produit\/muhle-kosmo-rasierset-3-teile-geschlossener-sicherheitsrasierer-und-dachs-fine-badger-rasierbuerste-eichenhenkel\/#breadcrumb","itemListElement":[{"@type":"ListItem","position":1,"name":"Accueil","item":"https:\/\/laguiole.com\/de\/"},{"@type":"ListItem","position":2,"name":"Shop","item":"https:\/\/laguiole.com\/de\/shop-2\/"},{"@type":"ListItem","position":3,"name":"MUHLE Kosmo Rasierset (3 Teile) geschlossener Sicherheitsrasierer und Dachs Fine Badger Rasierb\u00fcrste Eichenhenkel"}]},{"@type":"WebSite","@id":"https:\/\/laguiole.com\/de\/#website","url":"https:\/\/laguiole.com\/de\/","name":"Laguiole.com","description":"Laguiole - Couteau laguiole, Chateau Laguiole, Laguiole en Aubrac, Forge de Laguiole","publisher":{"@id":"https:\/\/laguiole.com\/de\/#organization"},"potentialAction":[{"@type":"SearchAction","target":{"@type":"EntryPoint","urlTemplate":"https:\/\/laguiole.com\/de\/?s={search_term_string}"},"query-input":{"@type":"PropertyValueSpecification","valueRequired":true,"valueName":"search_term_string"}}],"inLanguage":"de"},{"@type":"Organization","@id":"https:\/\/laguiole.com\/de\/#organization","name":"Laguiole.com","url":"https:\/\/laguiole.com\/de\/","logo":{"@type":"ImageObject","inLanguage":"de","@id":"https:\/\/laguiole.com\/de\/#\/schema\/logo\/image\/","url":"https:\/\/laguiole.com\/wp-content\/uploads\/2021\/02\/logo_laguiole.com-horizontal.jpg","contentUrl":"https:\/\/laguiole.com\/wp-content\/uploads\/2021\/02\/logo_laguiole.com-horizontal.jpg","width":490,"height":156,"caption":"Laguiole.com"},"image":{"@id":"https:\/\/laguiole.com\/de\/#\/schema\/logo\/image\/"},"sameAs":["https:\/\/www.facebook.com\/laguiolecom\/","https:\/\/www.instagram.com\/laguiolecom\/","https:\/\/www.youtube.com\/@laguiolecom\/videos"]}]}},"_links":{"self":[{"href":"https:\/\/laguiole.com\/de\/wp-json\/wp\/v2\/product\/46481","targetHints":{"allow":["GET"]}}],"collection":[{"href":"https:\/\/laguiole.com\/de\/wp-json\/wp\/v2\/product"}],"about":[{"href":"https:\/\/laguiole.com\/de\/wp-json\/wp\/v2\/types\/product"}],"version-history":[{"count":2,"href":"https:\/\/laguiole.com\/de\/wp-json\/wp\/v2\/product\/46481\/revisions"}],"predecessor-version":[{"id":48680,"href":"https:\/\/laguiole.com\/de\/wp-json\/wp\/v2\/product\/46481\/revisions\/48680"}],"wp:featuredmedia":[{"embeddable":true,"href":"https:\/\/laguiole.com\/de\/wp-json\/wp\/v2\/media\/46722"}],"wp:attachment":[{"href":"https:\/\/laguiole.com\/de\/wp-json\/wp\/v2\/media?parent=46481"}],"wp:term":[{"taxonomy":"product_brand","embeddable":true,"href":"https:\/\/laguiole.com\/de\/wp-json\/wp\/v2\/product_brand?post=46481"},{"taxonomy":"product_cat","embeddable":true,"href":"https:\/\/laguiole.com\/de\/wp-json\/wp\/v2\/product_cat?post=46481"},{"taxonomy":"product_tag","embeddable":true,"href":"https:\/\/laguiole.com\/de\/wp-json\/wp\/v2\/product_tag?post=46481"}],"curies":[{"name":"wp","href":"https:\/\/api.w.org\/{rel}","templated":true}]}}