{"id":46469,"date":"2025-11-30T16:46:01","date_gmt":"2025-11-30T15:46:01","guid":{"rendered":"https:\/\/laguiole.com\/?post_type=product&#038;p=46469"},"modified":"2025-12-14T18:29:51","modified_gmt":"2025-12-14T17:29:51","slug":"muhle-rytmo-rasierset-3-teile-geschlossener-sicherheitsrasierer-und-reiner-schwarzer-rasierpinsel-glaenzend-schwarze-harzhenkel","status":"publish","type":"product","link":"https:\/\/laguiole.com\/de\/produit\/muhle-rytmo-rasierset-3-teile-geschlossener-sicherheitsrasierer-und-reiner-schwarzer-rasierpinsel-glaenzend-schwarze-harzhenkel\/","title":{"rendered":"MUHLE Rytmo Rasierset (3 Teile) geschlossener Sicherheitsrasierer und reiner schwarzer Rasierpinsel gl\u00e4nzend schwarze Harzhenkel"},"content":{"rendered":"<p data-start=\"284\" data-end=\"659\">Entdecken Sie das <strong data-start=\"297\" data-end=\"334\">M\u00dcHLE-Rasierset \u2013 RYTMO-Serie<\/strong>, ein stilvolles und funktionales dreiteiliges Set, das ideal ist f\u00fcr alle, die eine pr\u00e4zise und bequeme traditionelle Rasur suchen. Mit seinem modernen Design und der tadellosen Materialqualit\u00e4t vereint dieses Set <strong data-start=\"545\" data-end=\"581\">Stil, Leistung und Langlebigkeit<\/strong>. Es ist die perfekte Wahl, um anzufangen oder die Kunst des Nassrasierens zu perfektionieren.<\/p>\n<hr data-start=\"661\" data-end=\"664\" \/>\n<h2 data-start=\"666\" data-end=\"725\">\u2714 Sicherheitsrasierer mit geschlossenem Kamm \u2013 Pr\u00e4zision und Komfort<\/h2>\n<p data-start=\"727\" data-end=\"991\">Der M\u00dcHLE RYTMO Sicherheitsrasierer ist mit einem <strong data-start=\"777\" data-end=\"793\">geschlossenen Kamm<\/strong> ausgestattet, ideal f\u00fcr eine sanfte, kontrollierte Rasur, die f\u00fcr alle zug\u00e4nglich ist.<br data-start=\"852\" data-end=\"855\" \/>Dank perfekter Balance und ordentlicher Oberfl\u00e4che bietet sie ein sanftes Gleiten und optimale Kontrolle, selbst auf empfindlicher Haut.<\/p>\n<p data-start=\"993\" data-end=\"1137\">Dieser Rasierer garantiert eine <strong data-start=\"1022\" data-end=\"1049\">saubere, pr\u00e4zise und angenehme<\/strong> Rasur und reduziert gleichzeitig Reizungen. Ein Muss f\u00fcr ein effektives t\u00e4gliches Ritual.<\/p>\n<hr data-start=\"1139\" data-end=\"1142\" \/>\n<h2 data-start=\"1144\" data-end=\"1208\">\u2714 Reinschwarzer Rasierpinsel \u2013 nat\u00fcrliche Borsten, leichter Sch\u00e4um.<\/h2>\n<p data-start=\"1210\" data-end=\"1383\">Der <strong data-start=\"1222\" data-end=\"1248\">Pure Black Badger<\/strong> Shaving Brush vereint Weichheit und Festigkeit. Es massiert sanft die Haut, hebt das Haar an und f\u00f6rdert die Bildung eines <strong data-start=\"1361\" data-end=\"1382\">reichen und homogenen<\/strong> Sch\u00e4ums.<\/p>\n<p data-start=\"1385\" data-end=\"1620\">Die Borstendichte erm\u00f6glicht eine optimale Wassereinlagerung, was f\u00fcr einen gut angebrachten Schaum unerl\u00e4sslich ist, egal ob Sie Seife oder Creme verwenden.<br data-start=\"1526\" data-end=\"1529\" \/>Er bietet einen ausgezeichneten Griff und angenehmen Gebrauch Tag f\u00fcr Tag.<\/p>\n<hr data-start=\"1622\" data-end=\"1625\" \/>\n<h2 data-start=\"1627\" data-end=\"1676\">\u2714 Aufbewahrungsregal \u2013 gl\u00e4nzendes verchromtes Metall<\/h2>\n<p data-start=\"1678\" data-end=\"1937\">Der <strong data-start=\"1692\" data-end=\"1708\">verchromte Metallhalter<\/strong> ist so konzipiert, dass er Rasierer und Rasierpinsel aufnehmen kann.<br data-start=\"1760\" data-end=\"1763\" \/>Es erm\u00f6glicht eine optimale Trocknung, verl\u00e4ngert die Lebensdauer der Borsten und garantiert perfekte Hygiene.<br data-start=\"1861\" data-end=\"1864\" \/>Au\u00dferdem verleiht es jedem Badezimmer eine elegante und moderne Note.<\/p>\n<hr data-start=\"1939\" data-end=\"1942\" \/>\n<p data-start=\"1998\" data-end=\"2275\">\n","protected":false},"excerpt":{"rendered":"<p>Rasierset bestehend aus 3 Teilen:<\/p>\n<p>\u2013 eine Rasierb\u00fcrste, 21 mm B\u00fcschel aus reinem schwarzen Dachshaar mit einem schwarzen<br \/>\nHarzrahmen \u2013 ein geschlossener Sicherheitsrasierer mit schwarzem<br \/>\nHarzgriff \u2013 ein verchromter<br \/>\nMetallst\u00fctze, Verpackung \/ graue Geschenkbox bereit zum Anbieten<\/p>\n","protected":false},"featured_media":46516,"template":"","meta":{"_acf_changed":false,"_monsterinsights_skip_tracking":false,"_monsterinsights_sitenote_active":false,"_monsterinsights_sitenote_note":"","_monsterinsights_sitenote_category":0},"product_brand":[],"product_cat":[5960],"product_tag":[],"class_list":{"0":"post-46469","1":"product","2":"type-product","3":"status-publish","4":"has-post-thumbnail","6":"product_cat-rasiermesser-und-zubehoer","7":"pa_finition-brillant","8":"pa_manche-en-matiere-moderne-harz","9":"pa_marque-muhle","10":"tm-no-options","13":"instock","14":"taxable","15":"shipping-taxable","16":"purchasable","17":"product-type-simple"},"supplier_id":null,"supplier_sku":"","barcode":null,"atum_controlled":true,"out_stock_date":null,"out_stock_threshold":null,"inheritable":false,"inbound_stock":0,"stock_on_hold":0,"sold_today":0,"sales_last_days":0,"reserved_stock":0,"customer_returns":0,"warehouse_damage":0,"lost_in_post":0,"other_logs":0,"out_stock_days":0,"lost_sales":0,"has_location":false,"update_date":"2026-05-10T00:51:51","atum_locations":[],"atum_stock_status":"instock","restock_status":false,"low_stock_amount":"","sales_update_date":"2026-05-10T00:51:51","calc_backorders":0,"acf":[],"yoast_head":"<!-- This site is optimized with the Yoast SEO plugin v27.3 - https:\/\/yoast.com\/product\/yoast-seo-wordpress\/ -->\n<title>Muhle-Rytmo-3-Teile-Rasier-Set<\/title>\n<meta name=\"description\" content=\"M\u00dcHLE RYTMO Set: geschlossener Sicherheitsrasierer, reine schwarze Rasierb\u00fcrste, verchromter Halter und Edelstahlsch\u00fcssel. Stilvolles dreiteiliges Set f\u00fcr eine pr\u00e4zise und bequeme Rasur.\" \/>\n<meta name=\"robots\" content=\"index, follow, max-snippet:-1, max-image-preview:large, max-video-preview:-1\" \/>\n<link rel=\"canonical\" href=\"https:\/\/laguiole.com\/de\/produit\/muhle-rytmo-rasierset-3-teile-geschlossener-sicherheitsrasierer-und-reiner-schwarzer-rasierpinsel-glaenzend-schwarze-harzhenkel\/\" \/>\n<meta property=\"og:locale\" content=\"de_DE\" \/>\n<meta property=\"og:type\" content=\"article\" \/>\n<meta property=\"og:title\" content=\"Muhle-Rytmo-3-Teile-Rasier-Set\" \/>\n<meta property=\"og:description\" content=\"M\u00dcHLE RYTMO Set: geschlossener Sicherheitsrasierer, reine schwarze Rasierb\u00fcrste, verchromter Halter und Edelstahlsch\u00fcssel. Stilvolles dreiteiliges Set f\u00fcr eine pr\u00e4zise und bequeme Rasur.\" \/>\n<meta property=\"og:url\" content=\"https:\/\/laguiole.com\/de\/produit\/muhle-rytmo-rasierset-3-teile-geschlossener-sicherheitsrasierer-und-reiner-schwarzer-rasierpinsel-glaenzend-schwarze-harzhenkel\/\" \/>\n<meta property=\"og:site_name\" content=\"Laguiole.com \u00ae\" \/>\n<meta property=\"article:publisher\" content=\"https:\/\/www.facebook.com\/laguiolecom\/\" \/>\n<meta property=\"article:modified_time\" content=\"2025-12-14T17:29:51+00:00\" \/>\n<meta property=\"og:image\" content=\"https:\/\/laguiole.com\/wp-content\/uploads\/2025\/11\/Set_de_Rasage_MUHLE_Rytmo_3_Pieces_Rasoir_Securite_Ferme_Blaireau_Pur_Noir_Manches_Resine_Noirs_Brillants_00.jpg\" \/>\n\t<meta property=\"og:image:width\" content=\"1033\" \/>\n\t<meta property=\"og:image:height\" content=\"1033\" \/>\n\t<meta property=\"og:image:type\" content=\"image\/jpeg\" \/>\n<meta name=\"twitter:card\" content=\"summary_large_image\" \/>\n<meta name=\"twitter:label1\" content=\"Gesch\u00e4tzte Lesezeit\" \/>\n\t<meta name=\"twitter:data1\" content=\"2\u00a0Minute\" \/>\n<script type=\"application\/ld+json\" class=\"yoast-schema-graph\">{\"@context\":\"https:\\\/\\\/schema.org\",\"@graph\":[{\"@type\":\"WebPage\",\"@id\":\"https:\\\/\\\/laguiole.com\\\/de\\\/produit\\\/muhle-rytmo-rasierset-3-teile-geschlossener-sicherheitsrasierer-und-reiner-schwarzer-rasierpinsel-glaenzend-schwarze-harzhenkel\\\/\",\"url\":\"https:\\\/\\\/laguiole.com\\\/de\\\/produit\\\/muhle-rytmo-rasierset-3-teile-geschlossener-sicherheitsrasierer-und-reiner-schwarzer-rasierpinsel-glaenzend-schwarze-harzhenkel\\\/\",\"name\":\"Muhle-Rytmo-3-Teile-Rasier-Set\",\"isPartOf\":{\"@id\":\"https:\\\/\\\/laguiole.com\\\/de\\\/#website\"},\"primaryImageOfPage\":{\"@id\":\"https:\\\/\\\/laguiole.com\\\/de\\\/produit\\\/muhle-rytmo-rasierset-3-teile-geschlossener-sicherheitsrasierer-und-reiner-schwarzer-rasierpinsel-glaenzend-schwarze-harzhenkel\\\/#primaryimage\"},\"image\":{\"@id\":\"https:\\\/\\\/laguiole.com\\\/de\\\/produit\\\/muhle-rytmo-rasierset-3-teile-geschlossener-sicherheitsrasierer-und-reiner-schwarzer-rasierpinsel-glaenzend-schwarze-harzhenkel\\\/#primaryimage\"},\"thumbnailUrl\":\"https:\\\/\\\/laguiole.com\\\/wp-content\\\/uploads\\\/2025\\\/11\\\/Set_de_Rasage_MUHLE_Rytmo_3_Pieces_Rasoir_Securite_Ferme_Blaireau_Pur_Noir_Manches_Resine_Noirs_Brillants_00.jpg\",\"datePublished\":\"2025-11-30T15:46:01+00:00\",\"dateModified\":\"2025-12-14T17:29:51+00:00\",\"description\":\"M\u00dcHLE RYTMO Set: geschlossener Sicherheitsrasierer, reine schwarze Rasierb\u00fcrste, verchromter Halter und Edelstahlsch\u00fcssel. Stilvolles dreiteiliges Set f\u00fcr eine pr\u00e4zise und bequeme Rasur.\",\"breadcrumb\":{\"@id\":\"https:\\\/\\\/laguiole.com\\\/de\\\/produit\\\/muhle-rytmo-rasierset-3-teile-geschlossener-sicherheitsrasierer-und-reiner-schwarzer-rasierpinsel-glaenzend-schwarze-harzhenkel\\\/#breadcrumb\"},\"inLanguage\":\"de\",\"potentialAction\":[{\"@type\":\"ReadAction\",\"target\":[\"https:\\\/\\\/laguiole.com\\\/de\\\/produit\\\/muhle-rytmo-rasierset-3-teile-geschlossener-sicherheitsrasierer-und-reiner-schwarzer-rasierpinsel-glaenzend-schwarze-harzhenkel\\\/\"]}]},{\"@type\":\"ImageObject\",\"inLanguage\":\"de\",\"@id\":\"https:\\\/\\\/laguiole.com\\\/de\\\/produit\\\/muhle-rytmo-rasierset-3-teile-geschlossener-sicherheitsrasierer-und-reiner-schwarzer-rasierpinsel-glaenzend-schwarze-harzhenkel\\\/#primaryimage\",\"url\":\"https:\\\/\\\/laguiole.com\\\/wp-content\\\/uploads\\\/2025\\\/11\\\/Set_de_Rasage_MUHLE_Rytmo_3_Pieces_Rasoir_Securite_Ferme_Blaireau_Pur_Noir_Manches_Resine_Noirs_Brillants_00.jpg\",\"contentUrl\":\"https:\\\/\\\/laguiole.com\\\/wp-content\\\/uploads\\\/2025\\\/11\\\/Set_de_Rasage_MUHLE_Rytmo_3_Pieces_Rasoir_Securite_Ferme_Blaireau_Pur_Noir_Manches_Resine_Noirs_Brillants_00.jpg\",\"width\":1033,\"height\":1033,\"caption\":\"MUHLE Rytmo Rasierset (3 Teile) geschlossener Sicherheitsrasierer und reiner schwarzer Rasierpinsel gl\u00e4nzend schwarze Harzhenkel\"},{\"@type\":\"BreadcrumbList\",\"@id\":\"https:\\\/\\\/laguiole.com\\\/de\\\/produit\\\/muhle-rytmo-rasierset-3-teile-geschlossener-sicherheitsrasierer-und-reiner-schwarzer-rasierpinsel-glaenzend-schwarze-harzhenkel\\\/#breadcrumb\",\"itemListElement\":[{\"@type\":\"ListItem\",\"position\":1,\"name\":\"Accueil\",\"item\":\"https:\\\/\\\/laguiole.com\\\/de\\\/\"},{\"@type\":\"ListItem\",\"position\":2,\"name\":\"Shop\",\"item\":\"https:\\\/\\\/laguiole.com\\\/de\\\/shop-2\\\/\"},{\"@type\":\"ListItem\",\"position\":3,\"name\":\"MUHLE Rytmo Rasierset (3 Teile) geschlossener Sicherheitsrasierer und reiner schwarzer Rasierpinsel gl\u00e4nzend schwarze Harzhenkel\"}]},{\"@type\":\"WebSite\",\"@id\":\"https:\\\/\\\/laguiole.com\\\/de\\\/#website\",\"url\":\"https:\\\/\\\/laguiole.com\\\/de\\\/\",\"name\":\"Laguiole.com\",\"description\":\"Laguiole - Couteau laguiole, Chateau Laguiole, Laguiole en Aubrac, Forge de Laguiole\",\"publisher\":{\"@id\":\"https:\\\/\\\/laguiole.com\\\/de\\\/#organization\"},\"potentialAction\":[{\"@type\":\"SearchAction\",\"target\":{\"@type\":\"EntryPoint\",\"urlTemplate\":\"https:\\\/\\\/laguiole.com\\\/de\\\/?s={search_term_string}\"},\"query-input\":{\"@type\":\"PropertyValueSpecification\",\"valueRequired\":true,\"valueName\":\"search_term_string\"}}],\"inLanguage\":\"de\"},{\"@type\":\"Organization\",\"@id\":\"https:\\\/\\\/laguiole.com\\\/de\\\/#organization\",\"name\":\"Laguiole.com\",\"url\":\"https:\\\/\\\/laguiole.com\\\/de\\\/\",\"logo\":{\"@type\":\"ImageObject\",\"inLanguage\":\"de\",\"@id\":\"https:\\\/\\\/laguiole.com\\\/de\\\/#\\\/schema\\\/logo\\\/image\\\/\",\"url\":\"https:\\\/\\\/laguiole.com\\\/wp-content\\\/uploads\\\/2021\\\/02\\\/logo_laguiole.com-horizontal.jpg\",\"contentUrl\":\"https:\\\/\\\/laguiole.com\\\/wp-content\\\/uploads\\\/2021\\\/02\\\/logo_laguiole.com-horizontal.jpg\",\"width\":490,\"height\":156,\"caption\":\"Laguiole.com\"},\"image\":{\"@id\":\"https:\\\/\\\/laguiole.com\\\/de\\\/#\\\/schema\\\/logo\\\/image\\\/\"},\"sameAs\":[\"https:\\\/\\\/www.facebook.com\\\/laguiolecom\\\/\",\"https:\\\/\\\/www.instagram.com\\\/laguiolecom\\\/\",\"https:\\\/\\\/www.youtube.com\\\/@laguiolecom\\\/videos\"]}]}<\/script>\n<!-- \/ Yoast SEO plugin. -->","yoast_head_json":{"title":"Muhle-Rytmo-3-Teile-Rasier-Set","description":"M\u00dcHLE RYTMO Set: geschlossener Sicherheitsrasierer, reine schwarze Rasierb\u00fcrste, verchromter Halter und Edelstahlsch\u00fcssel. Stilvolles dreiteiliges Set f\u00fcr eine pr\u00e4zise und bequeme Rasur.","robots":{"index":"index","follow":"follow","max-snippet":"max-snippet:-1","max-image-preview":"max-image-preview:large","max-video-preview":"max-video-preview:-1"},"canonical":"https:\/\/laguiole.com\/de\/produit\/muhle-rytmo-rasierset-3-teile-geschlossener-sicherheitsrasierer-und-reiner-schwarzer-rasierpinsel-glaenzend-schwarze-harzhenkel\/","og_locale":"de_DE","og_type":"article","og_title":"Muhle-Rytmo-3-Teile-Rasier-Set","og_description":"M\u00dcHLE RYTMO Set: geschlossener Sicherheitsrasierer, reine schwarze Rasierb\u00fcrste, verchromter Halter und Edelstahlsch\u00fcssel. Stilvolles dreiteiliges Set f\u00fcr eine pr\u00e4zise und bequeme Rasur.","og_url":"https:\/\/laguiole.com\/de\/produit\/muhle-rytmo-rasierset-3-teile-geschlossener-sicherheitsrasierer-und-reiner-schwarzer-rasierpinsel-glaenzend-schwarze-harzhenkel\/","og_site_name":"Laguiole.com \u00ae","article_publisher":"https:\/\/www.facebook.com\/laguiolecom\/","article_modified_time":"2025-12-14T17:29:51+00:00","og_image":[{"width":1033,"height":1033,"url":"https:\/\/laguiole.com\/wp-content\/uploads\/2025\/11\/Set_de_Rasage_MUHLE_Rytmo_3_Pieces_Rasoir_Securite_Ferme_Blaireau_Pur_Noir_Manches_Resine_Noirs_Brillants_00.jpg","type":"image\/jpeg"}],"twitter_card":"summary_large_image","twitter_misc":{"Gesch\u00e4tzte Lesezeit":"2\u00a0Minute"},"schema":{"@context":"https:\/\/schema.org","@graph":[{"@type":"WebPage","@id":"https:\/\/laguiole.com\/de\/produit\/muhle-rytmo-rasierset-3-teile-geschlossener-sicherheitsrasierer-und-reiner-schwarzer-rasierpinsel-glaenzend-schwarze-harzhenkel\/","url":"https:\/\/laguiole.com\/de\/produit\/muhle-rytmo-rasierset-3-teile-geschlossener-sicherheitsrasierer-und-reiner-schwarzer-rasierpinsel-glaenzend-schwarze-harzhenkel\/","name":"Muhle-Rytmo-3-Teile-Rasier-Set","isPartOf":{"@id":"https:\/\/laguiole.com\/de\/#website"},"primaryImageOfPage":{"@id":"https:\/\/laguiole.com\/de\/produit\/muhle-rytmo-rasierset-3-teile-geschlossener-sicherheitsrasierer-und-reiner-schwarzer-rasierpinsel-glaenzend-schwarze-harzhenkel\/#primaryimage"},"image":{"@id":"https:\/\/laguiole.com\/de\/produit\/muhle-rytmo-rasierset-3-teile-geschlossener-sicherheitsrasierer-und-reiner-schwarzer-rasierpinsel-glaenzend-schwarze-harzhenkel\/#primaryimage"},"thumbnailUrl":"https:\/\/laguiole.com\/wp-content\/uploads\/2025\/11\/Set_de_Rasage_MUHLE_Rytmo_3_Pieces_Rasoir_Securite_Ferme_Blaireau_Pur_Noir_Manches_Resine_Noirs_Brillants_00.jpg","datePublished":"2025-11-30T15:46:01+00:00","dateModified":"2025-12-14T17:29:51+00:00","description":"M\u00dcHLE RYTMO Set: geschlossener Sicherheitsrasierer, reine schwarze Rasierb\u00fcrste, verchromter Halter und Edelstahlsch\u00fcssel. Stilvolles dreiteiliges Set f\u00fcr eine pr\u00e4zise und bequeme Rasur.","breadcrumb":{"@id":"https:\/\/laguiole.com\/de\/produit\/muhle-rytmo-rasierset-3-teile-geschlossener-sicherheitsrasierer-und-reiner-schwarzer-rasierpinsel-glaenzend-schwarze-harzhenkel\/#breadcrumb"},"inLanguage":"de","potentialAction":[{"@type":"ReadAction","target":["https:\/\/laguiole.com\/de\/produit\/muhle-rytmo-rasierset-3-teile-geschlossener-sicherheitsrasierer-und-reiner-schwarzer-rasierpinsel-glaenzend-schwarze-harzhenkel\/"]}]},{"@type":"ImageObject","inLanguage":"de","@id":"https:\/\/laguiole.com\/de\/produit\/muhle-rytmo-rasierset-3-teile-geschlossener-sicherheitsrasierer-und-reiner-schwarzer-rasierpinsel-glaenzend-schwarze-harzhenkel\/#primaryimage","url":"https:\/\/laguiole.com\/wp-content\/uploads\/2025\/11\/Set_de_Rasage_MUHLE_Rytmo_3_Pieces_Rasoir_Securite_Ferme_Blaireau_Pur_Noir_Manches_Resine_Noirs_Brillants_00.jpg","contentUrl":"https:\/\/laguiole.com\/wp-content\/uploads\/2025\/11\/Set_de_Rasage_MUHLE_Rytmo_3_Pieces_Rasoir_Securite_Ferme_Blaireau_Pur_Noir_Manches_Resine_Noirs_Brillants_00.jpg","width":1033,"height":1033,"caption":"MUHLE Rytmo Rasierset (3 Teile) geschlossener Sicherheitsrasierer und reiner schwarzer Rasierpinsel gl\u00e4nzend schwarze Harzhenkel"},{"@type":"BreadcrumbList","@id":"https:\/\/laguiole.com\/de\/produit\/muhle-rytmo-rasierset-3-teile-geschlossener-sicherheitsrasierer-und-reiner-schwarzer-rasierpinsel-glaenzend-schwarze-harzhenkel\/#breadcrumb","itemListElement":[{"@type":"ListItem","position":1,"name":"Accueil","item":"https:\/\/laguiole.com\/de\/"},{"@type":"ListItem","position":2,"name":"Shop","item":"https:\/\/laguiole.com\/de\/shop-2\/"},{"@type":"ListItem","position":3,"name":"MUHLE Rytmo Rasierset (3 Teile) geschlossener Sicherheitsrasierer und reiner schwarzer Rasierpinsel gl\u00e4nzend schwarze Harzhenkel"}]},{"@type":"WebSite","@id":"https:\/\/laguiole.com\/de\/#website","url":"https:\/\/laguiole.com\/de\/","name":"Laguiole.com","description":"Laguiole - Couteau laguiole, Chateau Laguiole, Laguiole en Aubrac, Forge de Laguiole","publisher":{"@id":"https:\/\/laguiole.com\/de\/#organization"},"potentialAction":[{"@type":"SearchAction","target":{"@type":"EntryPoint","urlTemplate":"https:\/\/laguiole.com\/de\/?s={search_term_string}"},"query-input":{"@type":"PropertyValueSpecification","valueRequired":true,"valueName":"search_term_string"}}],"inLanguage":"de"},{"@type":"Organization","@id":"https:\/\/laguiole.com\/de\/#organization","name":"Laguiole.com","url":"https:\/\/laguiole.com\/de\/","logo":{"@type":"ImageObject","inLanguage":"de","@id":"https:\/\/laguiole.com\/de\/#\/schema\/logo\/image\/","url":"https:\/\/laguiole.com\/wp-content\/uploads\/2021\/02\/logo_laguiole.com-horizontal.jpg","contentUrl":"https:\/\/laguiole.com\/wp-content\/uploads\/2021\/02\/logo_laguiole.com-horizontal.jpg","width":490,"height":156,"caption":"Laguiole.com"},"image":{"@id":"https:\/\/laguiole.com\/de\/#\/schema\/logo\/image\/"},"sameAs":["https:\/\/www.facebook.com\/laguiolecom\/","https:\/\/www.instagram.com\/laguiolecom\/","https:\/\/www.youtube.com\/@laguiolecom\/videos"]}]}},"_links":{"self":[{"href":"https:\/\/laguiole.com\/de\/wp-json\/wp\/v2\/product\/46469","targetHints":{"allow":["GET"]}}],"collection":[{"href":"https:\/\/laguiole.com\/de\/wp-json\/wp\/v2\/product"}],"about":[{"href":"https:\/\/laguiole.com\/de\/wp-json\/wp\/v2\/types\/product"}],"version-history":[{"count":2,"href":"https:\/\/laguiole.com\/de\/wp-json\/wp\/v2\/product\/46469\/revisions"}],"predecessor-version":[{"id":48693,"href":"https:\/\/laguiole.com\/de\/wp-json\/wp\/v2\/product\/46469\/revisions\/48693"}],"wp:featuredmedia":[{"embeddable":true,"href":"https:\/\/laguiole.com\/de\/wp-json\/wp\/v2\/media\/46516"}],"wp:attachment":[{"href":"https:\/\/laguiole.com\/de\/wp-json\/wp\/v2\/media?parent=46469"}],"wp:term":[{"taxonomy":"product_brand","embeddable":true,"href":"https:\/\/laguiole.com\/de\/wp-json\/wp\/v2\/product_brand?post=46469"},{"taxonomy":"product_cat","embeddable":true,"href":"https:\/\/laguiole.com\/de\/wp-json\/wp\/v2\/product_cat?post=46469"},{"taxonomy":"product_tag","embeddable":true,"href":"https:\/\/laguiole.com\/de\/wp-json\/wp\/v2\/product_tag?post=46469"}],"curies":[{"name":"wp","href":"https:\/\/api.w.org\/{rel}","templated":true}]}}