{"id":46434,"date":"2025-11-30T15:30:07","date_gmt":"2025-11-30T14:30:07","guid":{"rendered":"https:\/\/laguiole.com\/?post_type=product&#038;p=46434"},"modified":"2025-12-14T18:42:54","modified_gmt":"2025-12-14T17:42:54","slug":"muehle-tradition-herren-rasierset-dreiteiliges-set-aus-glaenzendem-chrommetall-pure-silver-rasierbuerste-und-sicherheitsrasierer","status":"publish","type":"product","link":"https:\/\/laguiole.com\/de\/produit\/muehle-tradition-herren-rasierset-dreiteiliges-set-aus-glaenzendem-chrommetall-pure-silver-rasierbuerste-und-sicherheitsrasierer\/","title":{"rendered":"M\u00dcHLE Tradition Herren-Rasierset \u2013 dreiteiliges Set aus gl\u00e4nzendem Chrommetall | Pure Silver Rasierb\u00fcrste und Sicherheitsrasierer"},"content":{"rendered":"<p data-start=\"373\" data-end=\"787\">Entdecken Sie das <strong data-start=\"386\" data-end=\"437\">M\u00dcHLE Herrenrasierset \u2013 Tradition-Reihe,<\/strong> hier angeboten in der <strong data-start=\"467\" data-end=\"492\">gl\u00e4nzenden, verchromten Metallversion<\/strong>. Dieses dreiteilige Set verk\u00f6rpert die zeitlose Eleganz des traditionellen Rasierens. Dank seines hochwertigen Designs und des leuchtenden Finishes sorgt er f\u00fcr eine pr\u00e4zise, bequeme und langanhaltende Rasur. Es richtet sich sowohl an Enthusiasten als auch an Nutzer, die das Vergn\u00fcgen des klassischen Rasierens entdecken m\u00f6chten.<\/p>\n<hr data-start=\"789\" data-end=\"792\" \/>\n<h2 data-start=\"794\" data-end=\"854\">\u2714 Reine silberne Rasierb\u00fcrste \u2013 Premium-Qualit\u00e4t und abnehmbarer Kopf<\/h2>\n<p data-start=\"856\" data-end=\"1190\">Der Pure <strong data-start=\"871\" data-end=\"905\">Silver Badger (Silvertip Badger)<\/strong> repr\u00e4sentiert das h\u00f6chste Qualit\u00e4tsniveau. Ihre Borsten, sowohl weich als auch fest, bereiten die Haut vor, indem sie die Haarfollikel sanft stimulieren. Sie speichern auch viel Wasser, was es erm\u00f6glicht, schnell einen <strong data-start=\"1136\" data-end=\"1165\">reichhaltigen, dichten und cremigen<\/strong> Schaum zu erzeugen, selbst mit wenig Seife.<\/p>\n<p data-start=\"1192\" data-end=\"1395\">Au\u00dferdem <strong data-start=\"1204\" data-end=\"1237\">ist der Rasierb\u00fcrstenkopf abnehmbar<\/strong>, sodass er leicht zu ersetzen ist, wenn die Borsten das Ende ihrer Lebensdauer erreichen. Dieses Design erh\u00f6ht die Haltbarkeit des Zubeh\u00f6rs erheblich.<\/p>\n<p data-start=\"1397\" data-end=\"1499\">F\u00fcr Langlebigkeit gebaut, ist diese Rasierb\u00fcrste einfach zu pflegen und bietet einen sicheren Griff, auch wenn er nass ist.<\/p>\n<p data-start=\"1501\" data-end=\"1658\">\ud83d\udc49 <em data-start=\"1504\" data-end=\"1525\">Pflegetipp:<\/em> Sp\u00fclen Sie den Rasierpinsel mit warmem Wasser ab, wringen Sie ihn vorsichtig aus und lassen Sie ihn <strong data-start=\"1611\" data-end=\"1626\">dann kopf\u00fcber trocknen<\/strong> , um die Lebensdauer zu verl\u00e4ngern.<\/p>\n<hr data-start=\"1660\" data-end=\"1663\" \/>\n<h2 data-start=\"1665\" data-end=\"1748\">\u2714 Geschlossener Kamm-Sicherheitsrasierer \u2013 gl\u00e4nzender Chrom, mit austauschbarem Griff<\/h2>\n<p data-start=\"1750\" data-end=\"1921\">Dieser <strong data-start=\"1774\" data-end=\"1790\">geschlossene<\/strong> Kamm-Sicherheitsrasierer hat einen <strong data-start=\"1802\" data-end=\"1824\">langen, d\u00fcnnen Griff<\/strong> aus gl\u00e4nzendem, verchromtem Metall. Seine Spiegeloberfl\u00e4che verleiht ihm einen eleganten und konsequent klassischen Stil.<\/p>\n<p data-start=\"1923\" data-end=\"2164\">Au\u00dferdem <strong data-start=\"1937\" data-end=\"1967\">ist der Griff austauschbar<\/strong>, sodass der Griff je nach Vorlieben oder Bed\u00fcrfnissen angepasst oder ersetzt werden kann. Diese Modularit\u00e4t verl\u00e4ngert die Lebensdauer des Rasierers und erm\u00f6glicht es Ihnen, Ihr Rasiererlebnis individuell anzupassen.<\/p>\n<p data-start=\"2166\" data-end=\"2439\">Dank seines hochwertigen Designs bietet es optimale Wasser- und Verschlei\u00dffestigkeit.<br data-start=\"2257\" data-end=\"2260\" \/>Er ist sowohl f\u00fcr Anf\u00e4nger als auch f\u00fcr erfahrene Nutzer geeignet und erm\u00f6glicht eine <strong data-start=\"2349\" data-end=\"2390\">glatte, pr\u00e4zise und perfekt kontrollierte<\/strong> Rasur. Es erleichtert auch das Contouring des Bartes.<\/p>\n<hr data-start=\"2441\" data-end=\"2444\" \/>\n<h2 data-start=\"2446\" data-end=\"2483\">\u2714 Gl\u00e4nzender verchromter Metallst\u00e4nder<\/h2>\n<p data-start=\"2485\" data-end=\"2734\">Der <strong data-start=\"2499\" data-end=\"2524\">gl\u00e4nzende, verchromte Metallhalter<\/strong> h\u00e4lt Rasierer und Rasierpinsel zwischen den Gebrauchszeiten richtig. Es f\u00f6rdert eine optimale Trocknung, verl\u00e4ngert die Lebensdauer von Accessoires und h\u00e4lt Ihren Rasierbereich <strong data-start=\"2702\" data-end=\"2733\">sauber, organisiert und stilvoll<\/strong>.<\/p>\n<hr data-start=\"1904\" data-end=\"1907\" \/>\n<p data-start=\"2346\" data-end=\"2460\">\n","protected":false},"excerpt":{"rendered":"<p>Dieses Muhle Tradition Rasierset<\/p>\n<p>enth\u00e4lt 3 Rasierzubeh\u00f6r:<\/p>\n<p>\u2013 eine 21 mm reine Silberrasierb\u00fcrste mit abnehmbarem B\u00fcschel, gl\u00e4nzenden, verchromten Griff von 5,5 cm<br \/>\n\u2013 einen Sicherheitsrasiermesser aus Edelstahl, geschlossener Kamm mit 8,5 cm gl\u00e4nzendem<br \/>\nverchromtem Griff \u2013 ein verchromter<\/p>\n<p>Metallst\u00e4nder \u2013 das unverzichtbare Set f\u00fcr das traditionelle Rasieren.<br \/>\nPersonalisierung auf einem m\u00f6glichen Tr\u00e4ger &#8220;Gravur-Initialen oder Vornamen&#8221;<\/p>\n<p>&nbsp;<\/p>\n","protected":false},"featured_media":46453,"template":"","meta":{"_acf_changed":false,"_monsterinsights_skip_tracking":false,"_monsterinsights_sitenote_active":false,"_monsterinsights_sitenote_note":"","_monsterinsights_sitenote_category":0},"product_brand":[],"product_cat":[5960],"product_tag":[],"class_list":{"0":"post-46434","1":"product","2":"type-product","3":"status-publish","4":"has-post-thumbnail","6":"product_cat-rasiermesser-und-zubehoer","7":"pa_finition-brillant","8":"pa_manche-en-matiere-moderne-komplett-glaenzender-edelstahl","9":"pa_marque-muhle","10":"tm-no-options","13":"instock","14":"taxable","15":"shipping-taxable","16":"purchasable","17":"product-type-simple"},"supplier_id":null,"supplier_sku":"","barcode":null,"atum_controlled":true,"out_stock_date":null,"out_stock_threshold":null,"inheritable":false,"inbound_stock":0,"stock_on_hold":0,"sold_today":0,"sales_last_days":0,"reserved_stock":0,"customer_returns":0,"warehouse_damage":0,"lost_in_post":0,"other_logs":0,"out_stock_days":0,"lost_sales":0,"has_location":false,"update_date":"2026-05-14T00:59:08","atum_locations":[],"atum_stock_status":"instock","restock_status":false,"low_stock_amount":"","sales_update_date":"2026-05-14T00:59:07","calc_backorders":null,"acf":[],"yoast_head":"<!-- This site is optimized with the Yoast SEO plugin v27.3 - https:\/\/yoast.com\/product\/yoast-seo-wordpress\/ -->\n<title>Muhle-Tradition-Rasiermann-Rasierbox<\/title>\n<meta name=\"description\" content=\"Entdecken Sie das M\u00dcHLE Tradition Rasierset: reine silberne Rasierb\u00fcrste, schwarzen DLC-Sicherheitsrasierer und Metallhalter. Premiumqualit\u00e4t und Haltbarkeit\" \/>\n<meta name=\"robots\" content=\"index, follow, max-snippet:-1, max-image-preview:large, max-video-preview:-1\" \/>\n<link rel=\"canonical\" href=\"https:\/\/laguiole.com\/de\/produit\/muehle-tradition-herren-rasierset-dreiteiliges-set-aus-glaenzendem-chrommetall-pure-silver-rasierbuerste-und-sicherheitsrasierer\/\" \/>\n<meta property=\"og:locale\" content=\"de_DE\" \/>\n<meta property=\"og:type\" content=\"article\" \/>\n<meta property=\"og:title\" content=\"Muhle-Tradition-Rasiermann-Rasierbox\" \/>\n<meta property=\"og:description\" content=\"Entdecken Sie das M\u00dcHLE Tradition Rasierset: reine silberne Rasierb\u00fcrste, schwarzen DLC-Sicherheitsrasierer und Metallhalter. Premiumqualit\u00e4t und Haltbarkeit\" \/>\n<meta property=\"og:url\" content=\"https:\/\/laguiole.com\/de\/produit\/muehle-tradition-herren-rasierset-dreiteiliges-set-aus-glaenzendem-chrommetall-pure-silver-rasierbuerste-und-sicherheitsrasierer\/\" \/>\n<meta property=\"og:site_name\" content=\"Laguiole.com \u00ae\" \/>\n<meta property=\"article:publisher\" content=\"https:\/\/www.facebook.com\/laguiolecom\/\" \/>\n<meta property=\"article:modified_time\" content=\"2025-12-14T17:42:54+00:00\" \/>\n<meta property=\"og:image\" content=\"https:\/\/laguiole.com\/wp-content\/uploads\/2025\/11\/Coffret_Rasage_Homme_MUHLE_Tradition_Set_3_Pieces_Chrome_Brillant_Blaireau_Pur_Argente_Rasoir_de_Securite_00.jpg\" \/>\n\t<meta property=\"og:image:width\" content=\"1033\" \/>\n\t<meta property=\"og:image:height\" content=\"1033\" \/>\n\t<meta property=\"og:image:type\" content=\"image\/jpeg\" \/>\n<meta name=\"twitter:card\" content=\"summary_large_image\" \/>\n<meta name=\"twitter:label1\" content=\"Gesch\u00e4tzte Lesezeit\" \/>\n\t<meta name=\"twitter:data1\" content=\"2\u00a0Minute\" \/>\n<script type=\"application\/ld+json\" class=\"yoast-schema-graph\">{\"@context\":\"https:\\\/\\\/schema.org\",\"@graph\":[{\"@type\":\"WebPage\",\"@id\":\"https:\\\/\\\/laguiole.com\\\/de\\\/produit\\\/muehle-tradition-herren-rasierset-dreiteiliges-set-aus-glaenzendem-chrommetall-pure-silver-rasierbuerste-und-sicherheitsrasierer\\\/\",\"url\":\"https:\\\/\\\/laguiole.com\\\/de\\\/produit\\\/muehle-tradition-herren-rasierset-dreiteiliges-set-aus-glaenzendem-chrommetall-pure-silver-rasierbuerste-und-sicherheitsrasierer\\\/\",\"name\":\"Muhle-Tradition-Rasiermann-Rasierbox\",\"isPartOf\":{\"@id\":\"https:\\\/\\\/laguiole.com\\\/de\\\/#website\"},\"primaryImageOfPage\":{\"@id\":\"https:\\\/\\\/laguiole.com\\\/de\\\/produit\\\/muehle-tradition-herren-rasierset-dreiteiliges-set-aus-glaenzendem-chrommetall-pure-silver-rasierbuerste-und-sicherheitsrasierer\\\/#primaryimage\"},\"image\":{\"@id\":\"https:\\\/\\\/laguiole.com\\\/de\\\/produit\\\/muehle-tradition-herren-rasierset-dreiteiliges-set-aus-glaenzendem-chrommetall-pure-silver-rasierbuerste-und-sicherheitsrasierer\\\/#primaryimage\"},\"thumbnailUrl\":\"https:\\\/\\\/laguiole.com\\\/wp-content\\\/uploads\\\/2025\\\/11\\\/Coffret_Rasage_Homme_MUHLE_Tradition_Set_3_Pieces_Chrome_Brillant_Blaireau_Pur_Argente_Rasoir_de_Securite_00.jpg\",\"datePublished\":\"2025-11-30T14:30:07+00:00\",\"dateModified\":\"2025-12-14T17:42:54+00:00\",\"description\":\"Entdecken Sie das M\u00dcHLE Tradition Rasierset: reine silberne Rasierb\u00fcrste, schwarzen DLC-Sicherheitsrasierer und Metallhalter. Premiumqualit\u00e4t und Haltbarkeit\",\"breadcrumb\":{\"@id\":\"https:\\\/\\\/laguiole.com\\\/de\\\/produit\\\/muehle-tradition-herren-rasierset-dreiteiliges-set-aus-glaenzendem-chrommetall-pure-silver-rasierbuerste-und-sicherheitsrasierer\\\/#breadcrumb\"},\"inLanguage\":\"de\",\"potentialAction\":[{\"@type\":\"ReadAction\",\"target\":[\"https:\\\/\\\/laguiole.com\\\/de\\\/produit\\\/muehle-tradition-herren-rasierset-dreiteiliges-set-aus-glaenzendem-chrommetall-pure-silver-rasierbuerste-und-sicherheitsrasierer\\\/\"]}]},{\"@type\":\"ImageObject\",\"inLanguage\":\"de\",\"@id\":\"https:\\\/\\\/laguiole.com\\\/de\\\/produit\\\/muehle-tradition-herren-rasierset-dreiteiliges-set-aus-glaenzendem-chrommetall-pure-silver-rasierbuerste-und-sicherheitsrasierer\\\/#primaryimage\",\"url\":\"https:\\\/\\\/laguiole.com\\\/wp-content\\\/uploads\\\/2025\\\/11\\\/Coffret_Rasage_Homme_MUHLE_Tradition_Set_3_Pieces_Chrome_Brillant_Blaireau_Pur_Argente_Rasoir_de_Securite_00.jpg\",\"contentUrl\":\"https:\\\/\\\/laguiole.com\\\/wp-content\\\/uploads\\\/2025\\\/11\\\/Coffret_Rasage_Homme_MUHLE_Tradition_Set_3_Pieces_Chrome_Brillant_Blaireau_Pur_Argente_Rasoir_de_Securite_00.jpg\",\"width\":1033,\"height\":1033,\"caption\":\"M\u00dcHLE Tradition Herren-Rasierset \u2013 dreiteiliges Set aus gl\u00e4nzendem Chrommetall | Pure Silver Rasierb\u00fcrste und Sicherheitsrasierer\"},{\"@type\":\"BreadcrumbList\",\"@id\":\"https:\\\/\\\/laguiole.com\\\/de\\\/produit\\\/muehle-tradition-herren-rasierset-dreiteiliges-set-aus-glaenzendem-chrommetall-pure-silver-rasierbuerste-und-sicherheitsrasierer\\\/#breadcrumb\",\"itemListElement\":[{\"@type\":\"ListItem\",\"position\":1,\"name\":\"Accueil\",\"item\":\"https:\\\/\\\/laguiole.com\\\/de\\\/\"},{\"@type\":\"ListItem\",\"position\":2,\"name\":\"Shop\",\"item\":\"https:\\\/\\\/laguiole.com\\\/de\\\/shop-2\\\/\"},{\"@type\":\"ListItem\",\"position\":3,\"name\":\"M\u00dcHLE Tradition Herren-Rasierset \u2013 dreiteiliges Set aus gl\u00e4nzendem Chrommetall | Pure Silver Rasierb\u00fcrste und Sicherheitsrasierer\"}]},{\"@type\":\"WebSite\",\"@id\":\"https:\\\/\\\/laguiole.com\\\/de\\\/#website\",\"url\":\"https:\\\/\\\/laguiole.com\\\/de\\\/\",\"name\":\"Laguiole.com\",\"description\":\"Laguiole - Couteau laguiole, Chateau Laguiole, Laguiole en Aubrac, Forge de Laguiole\",\"publisher\":{\"@id\":\"https:\\\/\\\/laguiole.com\\\/de\\\/#organization\"},\"potentialAction\":[{\"@type\":\"SearchAction\",\"target\":{\"@type\":\"EntryPoint\",\"urlTemplate\":\"https:\\\/\\\/laguiole.com\\\/de\\\/?s={search_term_string}\"},\"query-input\":{\"@type\":\"PropertyValueSpecification\",\"valueRequired\":true,\"valueName\":\"search_term_string\"}}],\"inLanguage\":\"de\"},{\"@type\":\"Organization\",\"@id\":\"https:\\\/\\\/laguiole.com\\\/de\\\/#organization\",\"name\":\"Laguiole.com\",\"url\":\"https:\\\/\\\/laguiole.com\\\/de\\\/\",\"logo\":{\"@type\":\"ImageObject\",\"inLanguage\":\"de\",\"@id\":\"https:\\\/\\\/laguiole.com\\\/de\\\/#\\\/schema\\\/logo\\\/image\\\/\",\"url\":\"https:\\\/\\\/laguiole.com\\\/wp-content\\\/uploads\\\/2021\\\/02\\\/logo_laguiole.com-horizontal.jpg\",\"contentUrl\":\"https:\\\/\\\/laguiole.com\\\/wp-content\\\/uploads\\\/2021\\\/02\\\/logo_laguiole.com-horizontal.jpg\",\"width\":490,\"height\":156,\"caption\":\"Laguiole.com\"},\"image\":{\"@id\":\"https:\\\/\\\/laguiole.com\\\/de\\\/#\\\/schema\\\/logo\\\/image\\\/\"},\"sameAs\":[\"https:\\\/\\\/www.facebook.com\\\/laguiolecom\\\/\",\"https:\\\/\\\/www.instagram.com\\\/laguiolecom\\\/\",\"https:\\\/\\\/www.youtube.com\\\/@laguiolecom\\\/videos\"]}]}<\/script>\n<!-- \/ Yoast SEO plugin. -->","yoast_head_json":{"title":"Muhle-Tradition-Rasiermann-Rasierbox","description":"Entdecken Sie das M\u00dcHLE Tradition Rasierset: reine silberne Rasierb\u00fcrste, schwarzen DLC-Sicherheitsrasierer und Metallhalter. Premiumqualit\u00e4t und Haltbarkeit","robots":{"index":"index","follow":"follow","max-snippet":"max-snippet:-1","max-image-preview":"max-image-preview:large","max-video-preview":"max-video-preview:-1"},"canonical":"https:\/\/laguiole.com\/de\/produit\/muehle-tradition-herren-rasierset-dreiteiliges-set-aus-glaenzendem-chrommetall-pure-silver-rasierbuerste-und-sicherheitsrasierer\/","og_locale":"de_DE","og_type":"article","og_title":"Muhle-Tradition-Rasiermann-Rasierbox","og_description":"Entdecken Sie das M\u00dcHLE Tradition Rasierset: reine silberne Rasierb\u00fcrste, schwarzen DLC-Sicherheitsrasierer und Metallhalter. Premiumqualit\u00e4t und Haltbarkeit","og_url":"https:\/\/laguiole.com\/de\/produit\/muehle-tradition-herren-rasierset-dreiteiliges-set-aus-glaenzendem-chrommetall-pure-silver-rasierbuerste-und-sicherheitsrasierer\/","og_site_name":"Laguiole.com \u00ae","article_publisher":"https:\/\/www.facebook.com\/laguiolecom\/","article_modified_time":"2025-12-14T17:42:54+00:00","og_image":[{"width":1033,"height":1033,"url":"https:\/\/laguiole.com\/wp-content\/uploads\/2025\/11\/Coffret_Rasage_Homme_MUHLE_Tradition_Set_3_Pieces_Chrome_Brillant_Blaireau_Pur_Argente_Rasoir_de_Securite_00.jpg","type":"image\/jpeg"}],"twitter_card":"summary_large_image","twitter_misc":{"Gesch\u00e4tzte Lesezeit":"2\u00a0Minute"},"schema":{"@context":"https:\/\/schema.org","@graph":[{"@type":"WebPage","@id":"https:\/\/laguiole.com\/de\/produit\/muehle-tradition-herren-rasierset-dreiteiliges-set-aus-glaenzendem-chrommetall-pure-silver-rasierbuerste-und-sicherheitsrasierer\/","url":"https:\/\/laguiole.com\/de\/produit\/muehle-tradition-herren-rasierset-dreiteiliges-set-aus-glaenzendem-chrommetall-pure-silver-rasierbuerste-und-sicherheitsrasierer\/","name":"Muhle-Tradition-Rasiermann-Rasierbox","isPartOf":{"@id":"https:\/\/laguiole.com\/de\/#website"},"primaryImageOfPage":{"@id":"https:\/\/laguiole.com\/de\/produit\/muehle-tradition-herren-rasierset-dreiteiliges-set-aus-glaenzendem-chrommetall-pure-silver-rasierbuerste-und-sicherheitsrasierer\/#primaryimage"},"image":{"@id":"https:\/\/laguiole.com\/de\/produit\/muehle-tradition-herren-rasierset-dreiteiliges-set-aus-glaenzendem-chrommetall-pure-silver-rasierbuerste-und-sicherheitsrasierer\/#primaryimage"},"thumbnailUrl":"https:\/\/laguiole.com\/wp-content\/uploads\/2025\/11\/Coffret_Rasage_Homme_MUHLE_Tradition_Set_3_Pieces_Chrome_Brillant_Blaireau_Pur_Argente_Rasoir_de_Securite_00.jpg","datePublished":"2025-11-30T14:30:07+00:00","dateModified":"2025-12-14T17:42:54+00:00","description":"Entdecken Sie das M\u00dcHLE Tradition Rasierset: reine silberne Rasierb\u00fcrste, schwarzen DLC-Sicherheitsrasierer und Metallhalter. Premiumqualit\u00e4t und Haltbarkeit","breadcrumb":{"@id":"https:\/\/laguiole.com\/de\/produit\/muehle-tradition-herren-rasierset-dreiteiliges-set-aus-glaenzendem-chrommetall-pure-silver-rasierbuerste-und-sicherheitsrasierer\/#breadcrumb"},"inLanguage":"de","potentialAction":[{"@type":"ReadAction","target":["https:\/\/laguiole.com\/de\/produit\/muehle-tradition-herren-rasierset-dreiteiliges-set-aus-glaenzendem-chrommetall-pure-silver-rasierbuerste-und-sicherheitsrasierer\/"]}]},{"@type":"ImageObject","inLanguage":"de","@id":"https:\/\/laguiole.com\/de\/produit\/muehle-tradition-herren-rasierset-dreiteiliges-set-aus-glaenzendem-chrommetall-pure-silver-rasierbuerste-und-sicherheitsrasierer\/#primaryimage","url":"https:\/\/laguiole.com\/wp-content\/uploads\/2025\/11\/Coffret_Rasage_Homme_MUHLE_Tradition_Set_3_Pieces_Chrome_Brillant_Blaireau_Pur_Argente_Rasoir_de_Securite_00.jpg","contentUrl":"https:\/\/laguiole.com\/wp-content\/uploads\/2025\/11\/Coffret_Rasage_Homme_MUHLE_Tradition_Set_3_Pieces_Chrome_Brillant_Blaireau_Pur_Argente_Rasoir_de_Securite_00.jpg","width":1033,"height":1033,"caption":"M\u00dcHLE Tradition Herren-Rasierset \u2013 dreiteiliges Set aus gl\u00e4nzendem Chrommetall | Pure Silver Rasierb\u00fcrste und Sicherheitsrasierer"},{"@type":"BreadcrumbList","@id":"https:\/\/laguiole.com\/de\/produit\/muehle-tradition-herren-rasierset-dreiteiliges-set-aus-glaenzendem-chrommetall-pure-silver-rasierbuerste-und-sicherheitsrasierer\/#breadcrumb","itemListElement":[{"@type":"ListItem","position":1,"name":"Accueil","item":"https:\/\/laguiole.com\/de\/"},{"@type":"ListItem","position":2,"name":"Shop","item":"https:\/\/laguiole.com\/de\/shop-2\/"},{"@type":"ListItem","position":3,"name":"M\u00dcHLE Tradition Herren-Rasierset \u2013 dreiteiliges Set aus gl\u00e4nzendem Chrommetall | Pure Silver Rasierb\u00fcrste und Sicherheitsrasierer"}]},{"@type":"WebSite","@id":"https:\/\/laguiole.com\/de\/#website","url":"https:\/\/laguiole.com\/de\/","name":"Laguiole.com","description":"Laguiole - Couteau laguiole, Chateau Laguiole, Laguiole en Aubrac, Forge de Laguiole","publisher":{"@id":"https:\/\/laguiole.com\/de\/#organization"},"potentialAction":[{"@type":"SearchAction","target":{"@type":"EntryPoint","urlTemplate":"https:\/\/laguiole.com\/de\/?s={search_term_string}"},"query-input":{"@type":"PropertyValueSpecification","valueRequired":true,"valueName":"search_term_string"}}],"inLanguage":"de"},{"@type":"Organization","@id":"https:\/\/laguiole.com\/de\/#organization","name":"Laguiole.com","url":"https:\/\/laguiole.com\/de\/","logo":{"@type":"ImageObject","inLanguage":"de","@id":"https:\/\/laguiole.com\/de\/#\/schema\/logo\/image\/","url":"https:\/\/laguiole.com\/wp-content\/uploads\/2021\/02\/logo_laguiole.com-horizontal.jpg","contentUrl":"https:\/\/laguiole.com\/wp-content\/uploads\/2021\/02\/logo_laguiole.com-horizontal.jpg","width":490,"height":156,"caption":"Laguiole.com"},"image":{"@id":"https:\/\/laguiole.com\/de\/#\/schema\/logo\/image\/"},"sameAs":["https:\/\/www.facebook.com\/laguiolecom\/","https:\/\/www.instagram.com\/laguiolecom\/","https:\/\/www.youtube.com\/@laguiolecom\/videos"]}]}},"_links":{"self":[{"href":"https:\/\/laguiole.com\/de\/wp-json\/wp\/v2\/product\/46434","targetHints":{"allow":["GET"]}}],"collection":[{"href":"https:\/\/laguiole.com\/de\/wp-json\/wp\/v2\/product"}],"about":[{"href":"https:\/\/laguiole.com\/de\/wp-json\/wp\/v2\/types\/product"}],"version-history":[{"count":2,"href":"https:\/\/laguiole.com\/de\/wp-json\/wp\/v2\/product\/46434\/revisions"}],"predecessor-version":[{"id":48709,"href":"https:\/\/laguiole.com\/de\/wp-json\/wp\/v2\/product\/46434\/revisions\/48709"}],"wp:featuredmedia":[{"embeddable":true,"href":"https:\/\/laguiole.com\/de\/wp-json\/wp\/v2\/media\/46453"}],"wp:attachment":[{"href":"https:\/\/laguiole.com\/de\/wp-json\/wp\/v2\/media?parent=46434"}],"wp:term":[{"taxonomy":"product_brand","embeddable":true,"href":"https:\/\/laguiole.com\/de\/wp-json\/wp\/v2\/product_brand?post=46434"},{"taxonomy":"product_cat","embeddable":true,"href":"https:\/\/laguiole.com\/de\/wp-json\/wp\/v2\/product_cat?post=46434"},{"taxonomy":"product_tag","embeddable":true,"href":"https:\/\/laguiole.com\/de\/wp-json\/wp\/v2\/product_tag?post=46434"}],"curies":[{"name":"wp","href":"https:\/\/api.w.org\/{rel}","templated":true}]}}