{"id":45794,"date":"2025-11-19T16:46:16","date_gmt":"2025-11-19T15:46:16","guid":{"rendered":"https:\/\/laguiole.com\/?post_type=product&#038;p=45794"},"modified":"2025-11-19T17:20:55","modified_gmt":"2025-11-19T16:20:55","slug":"das-20-20-klappmesser-11-cm-blaues-perlmutthorn-vollgriff-glatte-feder-anpassbare-gebuerstete-oberflaeche","status":"publish","type":"product","link":"https:\/\/laguiole.com\/de\/produit\/das-20-20-klappmesser-11-cm-blaues-perlmutthorn-vollgriff-glatte-feder-anpassbare-gebuerstete-oberflaeche\/","title":{"rendered":"Das 20\/20 Klappmesser 11 cm blaues Perlmutthorn, Vollgriff, glatte Feder, anpassbare geb\u00fcrstete Oberfl\u00e4che"},"content":{"rendered":"<article class=\"text-token-text-primary w-full focus:outline-none [--shadow-height:45px] has-data-writing-block:pointer-events-none has-data-writing-block:-mt-(--shadow-height) has-data-writing-block:pt-(--shadow-height) [&amp;:has([data-writing-block])&gt;*]:pointer-events-auto [content-visibility:auto] supports-[content-visibility:auto]:[contain-intrinsic-size:auto_100lvh] scroll-mt-[calc(var(--header-height)+min(200px,max(70px,20svh)))]\" dir=\"auto\" tabindex=\"-1\" data-turn-id=\"request-WEB:3ac17822-5f17-4537-85f6-1257519d3c23-2\" data-testid=\"conversation-turn-6\" data-scroll-anchor=\"true\" data-turn=\"assistant\">\n<div class=\"text-base my-auto mx-auto pb-10 [--thread-content-margin:--spacing(4)] thread-sm:[--thread-content-margin:--spacing(6)] thread-lg:[--thread-content-margin:--spacing(16)] px-(--thread-content-margin)\">\n<div class=\"[--thread-content-max-width:40rem] thread-lg:[--thread-content-max-width:48rem] mx-auto max-w-(--thread-content-max-width) flex-1 group\/turn-messages focus-visible:outline-hidden relative flex w-full min-w-0 flex-col agent-turn\" tabindex=\"-1\">\n<div class=\"flex max-w-full flex-col grow\">\n<div class=\"min-h-8 text-message relative flex w-full flex-col items-end gap-2 text-start break-words whitespace-normal [.text-message+&amp;]:mt-1\" dir=\"auto\" data-message-author-role=\"assistant\" data-message-id=\"3e7725ed-5ac7-4ef3-bfb0-9d87f79644f4\" data-message-model-slug=\"gpt-5-1\">\n<div class=\"flex w-full flex-col gap-1 empty:hidden first:pt-[1px]\">\n<div class=\"markdown prose dark:prose-invert w-full break-words light markdown-new-styling\">\n<hr data-start=\"572\" data-end=\"575\" \/>\n<hr data-start=\"2185\" data-end=\"2188\" \/>\n<\/div>\n<\/div>\n<\/div>\n<\/div>\n<div class=\"z-0 flex min-h-[46px] justify-start\">\n<p data-start=\"152\" data-end=\"602\">Entdecken <strong data-start=\"162\" data-end=\"202\">Sie unser 20\/20-Modell mit Vollgriff<\/strong>, ein au\u00dfergew\u00f6hnliches handgefertigtes St\u00fcck, das Charakter, Eleganz und Robustheit vereint. Sein dreik\u00f6pfiger Nietgriff zeichnet sich durch eine einzigartige Komposition aus: sorgf\u00e4ltig ausgew\u00e4hlte Hornsplitter, integriert in ein glitzerndes blaues Harz, das das Licht einf\u00e4ngt und sch\u00f6ne Reflexionen bietet. Jedes Messer wird so zu einer einzigartigen Sch\u00f6pfung, subtil irisierend und visuell bemerkenswert.<\/p>\n<p data-start=\"604\" data-end=\"889\">Die <strong data-start=\"607\" data-end=\"631\">geb\u00fcrstete Edelstahlklinge<\/strong> mit <strong data-start=\"636\" data-end=\"663\">einer leicht abgerundeten Spitze<\/strong> sorgt f\u00fcr einen glatten und pr\u00e4zisen Schnitt und garantiert \u00fcber die Zeit einen hervorragenden Widerstand. Sie ist mit einer <strong data-start=\"785\" data-end=\"812\">anpassbaren Feder<\/strong> ausgestattet, die es Ihnen erm\u00f6glicht, nach Ihren W\u00fcnschen eine zus\u00e4tzliche \u00e4sthetische Note hinzuzuf\u00fcgen.<\/p>\n<p data-start=\"891\" data-end=\"1095\">F\u00fcr ein noch einzigartigeres St\u00fcck kann die Klinge auch <strong data-start=\"962\" data-end=\"976\">individuell mit 3D-Gravuren<\/strong> angefertigt werden: Initialen, Motiv, Symbol&#8230; Lass deine Fantasie freien Lauf und erschaffe ein Messer, das ganz dir geh\u00f6rt.<\/p>\n<p data-start=\"1097\" data-end=\"1234\">Indem er Handwerkskunst, \u00c4sthetik und Individualisierung vereint, ist dieser Wein-Wein der ideale Begleiter f\u00fcr Liebhaber authentischer und raffinierter Objekte.<\/p>\n<\/div>\n<div class=\"mt-3 w-full empty:hidden\">\n<div class=\"text-center\"><\/div>\n<\/div>\n<\/div>\n<\/div>\n<\/article>\n<div class=\"pointer-events-none h-px w-px\" aria-hidden=\"true\" data-edge=\"true\"><\/div>\n","protected":false},"excerpt":{"rendered":"<p>Le 20\/20 Klappmesser von Le Fid\u00e8le<br \/>\nVoller Griff mit Horn-Chip-Einschl\u00fcssen in einem blauen Perlmuttharz mit 3 Nieten<br \/>\nGeb\u00fcrstete Edelstahlklinge am Ende abgerundet, durch Gravur<br \/>\nanpassbar Anpassbarer Griff durch Gravur auf der Feder<br \/>\nGriffl\u00e4nge 10,8 cm<br \/>\nStieldicke 1 cm<br \/>\nGerade Klinge mit abgerundeter<br \/>\nSpitze Klingenl\u00e4nge 9,2 cm<br \/>\nKlingendicke 2,5 mm<br \/>\nGewicht der 20\/20: 89 GRS<\/p>\n","protected":false},"featured_media":45888,"template":"","meta":{"_acf_changed":false,"_monsterinsights_skip_tracking":false,"_monsterinsights_sitenote_active":false,"_monsterinsights_sitenote_note":"","_monsterinsights_sitenote_category":0},"product_brand":[],"product_cat":[5963,5938,5951],"product_tag":[6171],"class_list":{"0":"post-45794","1":"product","2":"type-product","3":"status-publish","4":"has-post-thumbnail","6":"product_cat-federgravur","7":"product_cat-klappmesser","8":"product_cat-20-20-klappmesser","9":"product_tag-gravurfeder","10":"pa_manche-en-matiere-animale-aubrac-kuhhorn","11":"pa_marque-le-fidele","12":"pa_mitres-ohne-gehrung-vollstaendige-huelse","13":"pa_platines-einzelplatin","14":"pa_ressort-glatt","15":"pa_ressort-zum-personalisieren-lasergravur","16":"tm-has-options","19":"instock","20":"taxable","21":"shipping-taxable","22":"purchasable","23":"product-type-simple"},"supplier_id":null,"supplier_sku":"","barcode":null,"atum_controlled":true,"out_stock_date":null,"out_stock_threshold":null,"inheritable":false,"inbound_stock":0,"stock_on_hold":0,"sold_today":0,"sales_last_days":0,"reserved_stock":0,"customer_returns":0,"warehouse_damage":0,"lost_in_post":0,"other_logs":0,"out_stock_days":0,"lost_sales":0,"has_location":false,"update_date":"2026-05-11T00:53:20","atum_locations":[],"atum_stock_status":"instock","restock_status":false,"low_stock_amount":"","sales_update_date":"2026-05-11T00:53:20","calc_backorders":null,"acf":[],"yoast_head":"<!-- This site is optimized with the Yoast SEO plugin v27.3 - https:\/\/yoast.com\/product\/yoast-seo-wordpress\/ -->\n<title>20\/20 Messer voller Griff \u2013 blauer Glitzerharz-Horngriff<\/title>\n<meta name=\"description\" content=\"Handgefertigtes 20\/20-Messer mit geb\u00fcrsteter Edelstahlklinge, blauem Glitzerharzgriff und Horn. Federanpassung und 3D-Gravur verf\u00fcgbar.\" \/>\n<meta name=\"robots\" content=\"index, follow, max-snippet:-1, max-image-preview:large, max-video-preview:-1\" \/>\n<link rel=\"canonical\" href=\"https:\/\/laguiole.com\/de\/produit\/das-20-20-klappmesser-11-cm-blaues-perlmutthorn-vollgriff-glatte-feder-anpassbare-gebuerstete-oberflaeche\/\" \/>\n<meta property=\"og:locale\" content=\"de_DE\" \/>\n<meta property=\"og:type\" content=\"article\" \/>\n<meta property=\"og:title\" content=\"20\/20 Messer voller Griff \u2013 blauer Glitzerharz-Horngriff\" \/>\n<meta property=\"og:description\" content=\"Handgefertigtes 20\/20-Messer mit geb\u00fcrsteter Edelstahlklinge, blauem Glitzerharzgriff und Horn. Federanpassung und 3D-Gravur verf\u00fcgbar.\" \/>\n<meta property=\"og:url\" content=\"https:\/\/laguiole.com\/de\/produit\/das-20-20-klappmesser-11-cm-blaues-perlmutthorn-vollgriff-glatte-feder-anpassbare-gebuerstete-oberflaeche\/\" \/>\n<meta property=\"og:site_name\" content=\"Laguiole.com \u00ae\" \/>\n<meta property=\"article:publisher\" content=\"https:\/\/www.facebook.com\/laguiolecom\/\" \/>\n<meta property=\"article:modified_time\" content=\"2025-11-19T16:20:55+00:00\" \/>\n<meta property=\"og:image\" content=\"https:\/\/laguiole.com\/wp-content\/uploads\/2025\/11\/Le_2020_Corne-nacree_bleue_Plein_Manche_Ressort_Lisse_Personnalisable_Finition_Brossee_00.jpg\" \/>\n\t<meta property=\"og:image:width\" content=\"1033\" \/>\n\t<meta property=\"og:image:height\" content=\"1033\" \/>\n\t<meta property=\"og:image:type\" content=\"image\/jpeg\" \/>\n<meta name=\"twitter:card\" content=\"summary_large_image\" \/>\n<meta name=\"twitter:label1\" content=\"Gesch\u00e4tzte Lesezeit\" \/>\n\t<meta name=\"twitter:data1\" content=\"1\u00a0Minute\" \/>\n<script type=\"application\/ld+json\" class=\"yoast-schema-graph\">{\"@context\":\"https:\\\/\\\/schema.org\",\"@graph\":[{\"@type\":\"WebPage\",\"@id\":\"https:\\\/\\\/laguiole.com\\\/de\\\/produit\\\/das-20-20-klappmesser-11-cm-blaues-perlmutthorn-vollgriff-glatte-feder-anpassbare-gebuerstete-oberflaeche\\\/\",\"url\":\"https:\\\/\\\/laguiole.com\\\/de\\\/produit\\\/das-20-20-klappmesser-11-cm-blaues-perlmutthorn-vollgriff-glatte-feder-anpassbare-gebuerstete-oberflaeche\\\/\",\"name\":\"20\\\/20 Messer voller Griff \u2013 blauer Glitzerharz-Horngriff\",\"isPartOf\":{\"@id\":\"https:\\\/\\\/laguiole.com\\\/de\\\/#website\"},\"primaryImageOfPage\":{\"@id\":\"https:\\\/\\\/laguiole.com\\\/de\\\/produit\\\/das-20-20-klappmesser-11-cm-blaues-perlmutthorn-vollgriff-glatte-feder-anpassbare-gebuerstete-oberflaeche\\\/#primaryimage\"},\"image\":{\"@id\":\"https:\\\/\\\/laguiole.com\\\/de\\\/produit\\\/das-20-20-klappmesser-11-cm-blaues-perlmutthorn-vollgriff-glatte-feder-anpassbare-gebuerstete-oberflaeche\\\/#primaryimage\"},\"thumbnailUrl\":\"https:\\\/\\\/laguiole.com\\\/wp-content\\\/uploads\\\/2025\\\/11\\\/Le_2020_Corne-nacree_bleue_Plein_Manche_Ressort_Lisse_Personnalisable_Finition_Brossee_00.jpg\",\"datePublished\":\"2025-11-19T15:46:16+00:00\",\"dateModified\":\"2025-11-19T16:20:55+00:00\",\"description\":\"Handgefertigtes 20\\\/20-Messer mit geb\u00fcrsteter Edelstahlklinge, blauem Glitzerharzgriff und Horn. Federanpassung und 3D-Gravur verf\u00fcgbar.\",\"breadcrumb\":{\"@id\":\"https:\\\/\\\/laguiole.com\\\/de\\\/produit\\\/das-20-20-klappmesser-11-cm-blaues-perlmutthorn-vollgriff-glatte-feder-anpassbare-gebuerstete-oberflaeche\\\/#breadcrumb\"},\"inLanguage\":\"de\",\"potentialAction\":[{\"@type\":\"ReadAction\",\"target\":[\"https:\\\/\\\/laguiole.com\\\/de\\\/produit\\\/das-20-20-klappmesser-11-cm-blaues-perlmutthorn-vollgriff-glatte-feder-anpassbare-gebuerstete-oberflaeche\\\/\"]}]},{\"@type\":\"ImageObject\",\"inLanguage\":\"de\",\"@id\":\"https:\\\/\\\/laguiole.com\\\/de\\\/produit\\\/das-20-20-klappmesser-11-cm-blaues-perlmutthorn-vollgriff-glatte-feder-anpassbare-gebuerstete-oberflaeche\\\/#primaryimage\",\"url\":\"https:\\\/\\\/laguiole.com\\\/wp-content\\\/uploads\\\/2025\\\/11\\\/Le_2020_Corne-nacree_bleue_Plein_Manche_Ressort_Lisse_Personnalisable_Finition_Brossee_00.jpg\",\"contentUrl\":\"https:\\\/\\\/laguiole.com\\\/wp-content\\\/uploads\\\/2025\\\/11\\\/Le_2020_Corne-nacree_bleue_Plein_Manche_Ressort_Lisse_Personnalisable_Finition_Brossee_00.jpg\",\"width\":1033,\"height\":1033,\"caption\":\"Le 20\\\/20 Couteau Pliant 11cm Corne nacr\u00e9e bleue Plein Manche Ressort Lisse Personnalisable Finition Bross\u00e9e\"},{\"@type\":\"BreadcrumbList\",\"@id\":\"https:\\\/\\\/laguiole.com\\\/de\\\/produit\\\/das-20-20-klappmesser-11-cm-blaues-perlmutthorn-vollgriff-glatte-feder-anpassbare-gebuerstete-oberflaeche\\\/#breadcrumb\",\"itemListElement\":[{\"@type\":\"ListItem\",\"position\":1,\"name\":\"Accueil\",\"item\":\"https:\\\/\\\/laguiole.com\\\/de\\\/\"},{\"@type\":\"ListItem\",\"position\":2,\"name\":\"Shop\",\"item\":\"https:\\\/\\\/laguiole.com\\\/de\\\/shop-2\\\/\"},{\"@type\":\"ListItem\",\"position\":3,\"name\":\"Das 20\\\/20 Klappmesser 11 cm blaues Perlmutthorn, Vollgriff, glatte Feder, anpassbare geb\u00fcrstete Oberfl\u00e4che\"}]},{\"@type\":\"WebSite\",\"@id\":\"https:\\\/\\\/laguiole.com\\\/de\\\/#website\",\"url\":\"https:\\\/\\\/laguiole.com\\\/de\\\/\",\"name\":\"Laguiole.com\",\"description\":\"Laguiole - Couteau laguiole, Chateau Laguiole, Laguiole en Aubrac, Forge de Laguiole\",\"publisher\":{\"@id\":\"https:\\\/\\\/laguiole.com\\\/de\\\/#organization\"},\"potentialAction\":[{\"@type\":\"SearchAction\",\"target\":{\"@type\":\"EntryPoint\",\"urlTemplate\":\"https:\\\/\\\/laguiole.com\\\/de\\\/?s={search_term_string}\"},\"query-input\":{\"@type\":\"PropertyValueSpecification\",\"valueRequired\":true,\"valueName\":\"search_term_string\"}}],\"inLanguage\":\"de\"},{\"@type\":\"Organization\",\"@id\":\"https:\\\/\\\/laguiole.com\\\/de\\\/#organization\",\"name\":\"Laguiole.com\",\"url\":\"https:\\\/\\\/laguiole.com\\\/de\\\/\",\"logo\":{\"@type\":\"ImageObject\",\"inLanguage\":\"de\",\"@id\":\"https:\\\/\\\/laguiole.com\\\/de\\\/#\\\/schema\\\/logo\\\/image\\\/\",\"url\":\"https:\\\/\\\/laguiole.com\\\/wp-content\\\/uploads\\\/2021\\\/02\\\/logo_laguiole.com-horizontal.jpg\",\"contentUrl\":\"https:\\\/\\\/laguiole.com\\\/wp-content\\\/uploads\\\/2021\\\/02\\\/logo_laguiole.com-horizontal.jpg\",\"width\":490,\"height\":156,\"caption\":\"Laguiole.com\"},\"image\":{\"@id\":\"https:\\\/\\\/laguiole.com\\\/de\\\/#\\\/schema\\\/logo\\\/image\\\/\"},\"sameAs\":[\"https:\\\/\\\/www.facebook.com\\\/laguiolecom\\\/\",\"https:\\\/\\\/www.instagram.com\\\/laguiolecom\\\/\",\"https:\\\/\\\/www.youtube.com\\\/@laguiolecom\\\/videos\"]}]}<\/script>\n<!-- \/ Yoast SEO plugin. -->","yoast_head_json":{"title":"20\/20 Messer voller Griff \u2013 blauer Glitzerharz-Horngriff","description":"Handgefertigtes 20\/20-Messer mit geb\u00fcrsteter Edelstahlklinge, blauem Glitzerharzgriff und Horn. Federanpassung und 3D-Gravur verf\u00fcgbar.","robots":{"index":"index","follow":"follow","max-snippet":"max-snippet:-1","max-image-preview":"max-image-preview:large","max-video-preview":"max-video-preview:-1"},"canonical":"https:\/\/laguiole.com\/de\/produit\/das-20-20-klappmesser-11-cm-blaues-perlmutthorn-vollgriff-glatte-feder-anpassbare-gebuerstete-oberflaeche\/","og_locale":"de_DE","og_type":"article","og_title":"20\/20 Messer voller Griff \u2013 blauer Glitzerharz-Horngriff","og_description":"Handgefertigtes 20\/20-Messer mit geb\u00fcrsteter Edelstahlklinge, blauem Glitzerharzgriff und Horn. Federanpassung und 3D-Gravur verf\u00fcgbar.","og_url":"https:\/\/laguiole.com\/de\/produit\/das-20-20-klappmesser-11-cm-blaues-perlmutthorn-vollgriff-glatte-feder-anpassbare-gebuerstete-oberflaeche\/","og_site_name":"Laguiole.com \u00ae","article_publisher":"https:\/\/www.facebook.com\/laguiolecom\/","article_modified_time":"2025-11-19T16:20:55+00:00","og_image":[{"width":1033,"height":1033,"url":"https:\/\/laguiole.com\/wp-content\/uploads\/2025\/11\/Le_2020_Corne-nacree_bleue_Plein_Manche_Ressort_Lisse_Personnalisable_Finition_Brossee_00.jpg","type":"image\/jpeg"}],"twitter_card":"summary_large_image","twitter_misc":{"Gesch\u00e4tzte Lesezeit":"1\u00a0Minute"},"schema":{"@context":"https:\/\/schema.org","@graph":[{"@type":"WebPage","@id":"https:\/\/laguiole.com\/de\/produit\/das-20-20-klappmesser-11-cm-blaues-perlmutthorn-vollgriff-glatte-feder-anpassbare-gebuerstete-oberflaeche\/","url":"https:\/\/laguiole.com\/de\/produit\/das-20-20-klappmesser-11-cm-blaues-perlmutthorn-vollgriff-glatte-feder-anpassbare-gebuerstete-oberflaeche\/","name":"20\/20 Messer voller Griff \u2013 blauer Glitzerharz-Horngriff","isPartOf":{"@id":"https:\/\/laguiole.com\/de\/#website"},"primaryImageOfPage":{"@id":"https:\/\/laguiole.com\/de\/produit\/das-20-20-klappmesser-11-cm-blaues-perlmutthorn-vollgriff-glatte-feder-anpassbare-gebuerstete-oberflaeche\/#primaryimage"},"image":{"@id":"https:\/\/laguiole.com\/de\/produit\/das-20-20-klappmesser-11-cm-blaues-perlmutthorn-vollgriff-glatte-feder-anpassbare-gebuerstete-oberflaeche\/#primaryimage"},"thumbnailUrl":"https:\/\/laguiole.com\/wp-content\/uploads\/2025\/11\/Le_2020_Corne-nacree_bleue_Plein_Manche_Ressort_Lisse_Personnalisable_Finition_Brossee_00.jpg","datePublished":"2025-11-19T15:46:16+00:00","dateModified":"2025-11-19T16:20:55+00:00","description":"Handgefertigtes 20\/20-Messer mit geb\u00fcrsteter Edelstahlklinge, blauem Glitzerharzgriff und Horn. Federanpassung und 3D-Gravur verf\u00fcgbar.","breadcrumb":{"@id":"https:\/\/laguiole.com\/de\/produit\/das-20-20-klappmesser-11-cm-blaues-perlmutthorn-vollgriff-glatte-feder-anpassbare-gebuerstete-oberflaeche\/#breadcrumb"},"inLanguage":"de","potentialAction":[{"@type":"ReadAction","target":["https:\/\/laguiole.com\/de\/produit\/das-20-20-klappmesser-11-cm-blaues-perlmutthorn-vollgriff-glatte-feder-anpassbare-gebuerstete-oberflaeche\/"]}]},{"@type":"ImageObject","inLanguage":"de","@id":"https:\/\/laguiole.com\/de\/produit\/das-20-20-klappmesser-11-cm-blaues-perlmutthorn-vollgriff-glatte-feder-anpassbare-gebuerstete-oberflaeche\/#primaryimage","url":"https:\/\/laguiole.com\/wp-content\/uploads\/2025\/11\/Le_2020_Corne-nacree_bleue_Plein_Manche_Ressort_Lisse_Personnalisable_Finition_Brossee_00.jpg","contentUrl":"https:\/\/laguiole.com\/wp-content\/uploads\/2025\/11\/Le_2020_Corne-nacree_bleue_Plein_Manche_Ressort_Lisse_Personnalisable_Finition_Brossee_00.jpg","width":1033,"height":1033,"caption":"Le 20\/20 Couteau Pliant 11cm Corne nacr\u00e9e bleue Plein Manche Ressort Lisse Personnalisable Finition Bross\u00e9e"},{"@type":"BreadcrumbList","@id":"https:\/\/laguiole.com\/de\/produit\/das-20-20-klappmesser-11-cm-blaues-perlmutthorn-vollgriff-glatte-feder-anpassbare-gebuerstete-oberflaeche\/#breadcrumb","itemListElement":[{"@type":"ListItem","position":1,"name":"Accueil","item":"https:\/\/laguiole.com\/de\/"},{"@type":"ListItem","position":2,"name":"Shop","item":"https:\/\/laguiole.com\/de\/shop-2\/"},{"@type":"ListItem","position":3,"name":"Das 20\/20 Klappmesser 11 cm blaues Perlmutthorn, Vollgriff, glatte Feder, anpassbare geb\u00fcrstete Oberfl\u00e4che"}]},{"@type":"WebSite","@id":"https:\/\/laguiole.com\/de\/#website","url":"https:\/\/laguiole.com\/de\/","name":"Laguiole.com","description":"Laguiole - Couteau laguiole, Chateau Laguiole, Laguiole en Aubrac, Forge de Laguiole","publisher":{"@id":"https:\/\/laguiole.com\/de\/#organization"},"potentialAction":[{"@type":"SearchAction","target":{"@type":"EntryPoint","urlTemplate":"https:\/\/laguiole.com\/de\/?s={search_term_string}"},"query-input":{"@type":"PropertyValueSpecification","valueRequired":true,"valueName":"search_term_string"}}],"inLanguage":"de"},{"@type":"Organization","@id":"https:\/\/laguiole.com\/de\/#organization","name":"Laguiole.com","url":"https:\/\/laguiole.com\/de\/","logo":{"@type":"ImageObject","inLanguage":"de","@id":"https:\/\/laguiole.com\/de\/#\/schema\/logo\/image\/","url":"https:\/\/laguiole.com\/wp-content\/uploads\/2021\/02\/logo_laguiole.com-horizontal.jpg","contentUrl":"https:\/\/laguiole.com\/wp-content\/uploads\/2021\/02\/logo_laguiole.com-horizontal.jpg","width":490,"height":156,"caption":"Laguiole.com"},"image":{"@id":"https:\/\/laguiole.com\/de\/#\/schema\/logo\/image\/"},"sameAs":["https:\/\/www.facebook.com\/laguiolecom\/","https:\/\/www.instagram.com\/laguiolecom\/","https:\/\/www.youtube.com\/@laguiolecom\/videos"]}]}},"_links":{"self":[{"href":"https:\/\/laguiole.com\/de\/wp-json\/wp\/v2\/product\/45794","targetHints":{"allow":["GET"]}}],"collection":[{"href":"https:\/\/laguiole.com\/de\/wp-json\/wp\/v2\/product"}],"about":[{"href":"https:\/\/laguiole.com\/de\/wp-json\/wp\/v2\/types\/product"}],"version-history":[{"count":2,"href":"https:\/\/laguiole.com\/de\/wp-json\/wp\/v2\/product\/45794\/revisions"}],"predecessor-version":[{"id":45825,"href":"https:\/\/laguiole.com\/de\/wp-json\/wp\/v2\/product\/45794\/revisions\/45825"}],"wp:featuredmedia":[{"embeddable":true,"href":"https:\/\/laguiole.com\/de\/wp-json\/wp\/v2\/media\/45888"}],"wp:attachment":[{"href":"https:\/\/laguiole.com\/de\/wp-json\/wp\/v2\/media?parent=45794"}],"wp:term":[{"taxonomy":"product_brand","embeddable":true,"href":"https:\/\/laguiole.com\/de\/wp-json\/wp\/v2\/product_brand?post=45794"},{"taxonomy":"product_cat","embeddable":true,"href":"https:\/\/laguiole.com\/de\/wp-json\/wp\/v2\/product_cat?post=45794"},{"taxonomy":"product_tag","embeddable":true,"href":"https:\/\/laguiole.com\/de\/wp-json\/wp\/v2\/product_tag?post=45794"}],"curies":[{"name":"wp","href":"https:\/\/api.w.org\/{rel}","templated":true}]}}