{"id":45242,"date":"2025-11-12T16:38:57","date_gmt":"2025-11-12T15:38:57","guid":{"rendered":"https:\/\/laguiole.com\/?post_type=product&#038;p=45242"},"modified":"2025-11-12T17:12:03","modified_gmt":"2025-11-12T16:12:03","slug":"das-20-20-klappmesser-mit-vollem-griff-aus-olivenbaum-11cm-mit-anpassbarem-glattem-federgeburstetem-finish","status":"publish","type":"product","link":"https:\/\/laguiole.com\/de\/produit\/das-20-20-klappmesser-mit-vollem-griff-aus-olivenbaum-11cm-mit-anpassbarem-glattem-federgeburstetem-finish\/","title":{"rendered":"Das 20\/20 Klappmesser Vollgriff aus Olivenbaum 11cm Smooth Spring Anpassbares geb\u00fcrstetes Finish"},"content":{"rendered":"<h2 data-start=\"255\" data-end=\"317\"><strong data-start=\"261\" data-end=\"317\">20\/20 Messer aus Olivenholz<\/strong><\/h2>\n<p data-start=\"319\" data-end=\"580\">Das <strong data-start=\"322\" data-end=\"339\">Messer 20\/20<\/strong> zeichnet sich durch sein <strong data-start=\"361\" data-end=\"393\">schlankes und zeitgem\u00e4\u00dfes Design<\/strong> aus. Seine <strong data-start=\"399\" data-end=\"421\">geradlinigen Linien<\/strong>, <strong data-start=\"427\" data-end=\"443\">der durchgehende Griff<\/strong> und <strong data-start=\"451\" data-end=\"469\">die freiliegenden Schrauben<\/strong> verleihen ihm eine <strong data-start=\"486\" data-end=\"520\">moderne und raffinierte \u00c4sthetik<\/strong>, die perfekt mit <strong data-start=\"554\" data-end=\"577\">den aktuellen Trends<\/strong> harmoniert.<\/p>\n<p data-start=\"582\" data-end=\"777\">Dank seiner <strong data-start=\"593\" data-end=\"616\">D\u00fcnnheit und Leichtigkeit<\/strong> k\u00f6nnen Sie <strong data-start=\"630\" data-end=\"667\">das Messer m\u00fchelos in eine Tasche stecken<\/strong> . Es wird schnell zu einem <strong data-start=\"706\" data-end=\"738\">idealen Alltagsbegleiter<\/strong>, der sowohl f\u00fcr M\u00e4nner als auch f\u00fcr Frauen geeignet ist.<\/p>\n<p data-start=\"779\" data-end=\"1132\">Die <strong data-start=\"782\" data-end=\"797\">einzelne Klinge<\/strong> sticht sofort ins Auge. Im Gegensatz zu herk\u00f6mmlichen Messern wie dem <strong data-start=\"883\" data-end=\"895\">Laguiole<\/strong> ist die <strong data-start=\"905\" data-end=\"926\">Klinge nicht spitz,<\/strong> sondern <strong data-start=\"933\" data-end=\"955\">sanft abgerundet<\/strong>. Dieses innovative Design erm\u00f6glicht es Ihnen<strong data-start=\"999\" data-end=\"1047\">, Butter, K\u00e4se oder Saucen pr\u00e4zise zu verteilen<\/strong> und gleichzeitig festere Lebensmittel effektiv zu schneiden.<\/p>\n<p data-start=\"1134\" data-end=\"1371\">Das <strong data-start=\"1145\" data-end=\"1154\">20\/20<\/strong> Messer bietet einen <strong data-start=\"1165\" data-end=\"1194\">bequemen Griff<\/strong> und <strong data-start=\"1201\" data-end=\"1222\">eine perfekte Balance<\/strong>. Auf diese Weise k\u00f6nnen Sie es lange Zeit ohne Erm\u00fcdung verwenden. Die Ergonomie wurde <strong data-start=\"1297\" data-end=\"1342\">sorgf\u00e4ltig entwickelt, um sich der Hand anzupassen<\/strong> und jede Geste zu erleichtern.<\/p>\n<p data-start=\"1373\" data-end=\"1773\">Der <strong data-start=\"1376\" data-end=\"1404\">Griff aus Olivenholz<\/strong> verleiht ihm einen <strong data-start=\"1416\" data-end=\"1447\">Hauch von nat\u00fcrlicher Eleganz<\/strong>. Olivenholz, das f\u00fcr seine Dichte und Langlebigkeit bekannt ist, hat eine einzigartige Sch\u00f6nheit, mit Schattierungen von hellem Beige bis Goldbraun, die oft von dunklen und schimmernden Maserungen durchzogen sind. Dieses edle Holz ist von Natur aus resistent gegen Feuchtigkeit und St\u00f6\u00dfe, was <strong data-start=\"1729\" data-end=\"1770\">jedes Messer langlebig und einzigartig<\/strong> macht.<\/p>\n<p data-start=\"1775\" data-end=\"1994\">Wir liefern das <strong data-start=\"1799\" data-end=\"1826\">20\/20 Olivenholz<\/strong> Messer in einem <strong data-start=\"1835\" data-end=\"1857\">schwarzen Scheidenetui<\/strong>. Diese H\u00fclle sch\u00fctzt die Klinge und verleiht ihr gleichzeitig einen <strong data-start=\"1906\" data-end=\"1931\">Hauch von Raffinesse<\/strong>, praktisch f\u00fcr die Aufbewahrung oder als <strong data-start=\"1969\" data-end=\"1991\">au\u00dfergew\u00f6hnliches Geschenk<\/strong>.<\/p>\n<p data-start=\"1996\" data-end=\"2227\">Zusammenfassend l\u00e4sst sich sagen, dass das <strong data-start=\"2010\" data-end=\"2045\">Messer aus Olivenholz 20\/20<\/strong> <strong data-start=\"2052\" data-end=\"2105\">modernes Design, Solidit\u00e4t und zeitlose Eleganz<\/strong> vereint. Er verwandelt jedes Schneiderlebnis in <strong data-start=\"2151\" data-end=\"2180\">einen pr\u00e4zisen und angenehmen Moment<\/strong> und bleibt dabei <strong data-start=\"2198\" data-end=\"2224\">praktisch und \u00e4sthetisch.<\/strong><\/p>\n","protected":false},"excerpt":{"rendered":"<p>Le 20\/20 Klappmesser von Le Fid\u00e8le<br \/>\nFull Olive<br \/>\nGriff Anpassbar durch Gravur auf Klinge und\/oder Feder<br \/>\nGriffl\u00e4nge 10,8 cm<br \/>\nGriffst\u00e4rke 1 cm<br \/>\nKlinge aus geb\u00fcrstetem Edelstahl 12C27 gerade Form und abgerundete<br \/>\nSpitze Klingenl\u00e4nge 9,2 cm<br \/>\nKlingenst\u00e4rke 2,5 mm<br \/>\nGewicht des 20\/20 : 89 grs<\/p>\n","protected":false},"featured_media":45609,"template":"","meta":{"_acf_changed":false,"_monsterinsights_skip_tracking":false,"_monsterinsights_sitenote_active":false,"_monsterinsights_sitenote_note":"","_monsterinsights_sitenote_category":0},"product_brand":[],"product_cat":[5963,5938,5951],"product_tag":[6171],"class_list":{"0":"post-45242","1":"product","2":"type-product","3":"status-publish","4":"has-post-thumbnail","6":"product_cat-federgravur","7":"product_cat-klappmesser","8":"product_cat-20-20-klappmesser","9":"product_tag-gravurfeder","10":"pa_manche-en-bois-olive","11":"pa_marque-le-fidele","12":"pa_mitres-ohne-gehrung-vollstaendige-huelse","13":"pa_platines-einzelplatin","14":"pa_ressort-glatt","15":"pa_ressort-zum-personalisieren-lasergravur","16":"tm-has-options","19":"instock","20":"taxable","21":"shipping-taxable","22":"purchasable","23":"product-type-simple"},"supplier_id":null,"supplier_sku":"","barcode":null,"atum_controlled":true,"out_stock_date":null,"out_stock_threshold":null,"inheritable":false,"inbound_stock":0,"stock_on_hold":0,"sold_today":0,"sales_last_days":0,"reserved_stock":0,"customer_returns":0,"warehouse_damage":0,"lost_in_post":0,"other_logs":0,"out_stock_days":0,"lost_sales":0,"has_location":false,"update_date":"2026-05-11T00:53:16","atum_locations":[],"atum_stock_status":"instock","restock_status":false,"low_stock_amount":"","sales_update_date":"2026-05-11T00:53:16","calc_backorders":null,"acf":[],"yoast_head":"<!-- This site is optimized with the Yoast SEO plugin v27.3 - https:\/\/yoast.com\/product\/yoast-seo-wordpress\/ -->\n<title>20\/20 Olivenholzmesser \u2013 Abgerundete Klinge und schwarze Scheide<\/title>\n<meta name=\"description\" content=\"20\/20 Olivenholzmesser mit abgerundeter Klinge und schwarzer Scheide. Langlebig, stilvoll und praktisch, kombiniert es modernes Design mit Bedienkomfort.\" \/>\n<meta name=\"robots\" content=\"index, follow, max-snippet:-1, max-image-preview:large, max-video-preview:-1\" \/>\n<link rel=\"canonical\" href=\"https:\/\/laguiole.com\/de\/produit\/das-20-20-klappmesser-mit-vollem-griff-aus-olivenbaum-11cm-mit-anpassbarem-glattem-federgeburstetem-finish\/\" \/>\n<meta property=\"og:locale\" content=\"de_DE\" \/>\n<meta property=\"og:type\" content=\"article\" \/>\n<meta property=\"og:title\" content=\"20\/20 Olivenholzmesser \u2013 Abgerundete Klinge und schwarze Scheide\" \/>\n<meta property=\"og:description\" content=\"20\/20 Olivenholzmesser mit abgerundeter Klinge und schwarzer Scheide. Langlebig, stilvoll und praktisch, kombiniert es modernes Design mit Bedienkomfort.\" \/>\n<meta property=\"og:url\" content=\"https:\/\/laguiole.com\/de\/produit\/das-20-20-klappmesser-mit-vollem-griff-aus-olivenbaum-11cm-mit-anpassbarem-glattem-federgeburstetem-finish\/\" \/>\n<meta property=\"og:site_name\" content=\"Laguiole.com \u00ae\" \/>\n<meta property=\"article:publisher\" content=\"https:\/\/www.facebook.com\/laguiolecom\/\" \/>\n<meta property=\"article:modified_time\" content=\"2025-11-12T16:12:03+00:00\" \/>\n<meta property=\"og:image\" content=\"https:\/\/laguiole.com\/wp-content\/uploads\/2025\/11\/Le_20_20_Plein_Manche_Olivier_11cm_Ressort_Lisse_Personnalisable_Finition_Brossee_00.jpg\" \/>\n\t<meta property=\"og:image:width\" content=\"1033\" \/>\n\t<meta property=\"og:image:height\" content=\"1033\" \/>\n\t<meta property=\"og:image:type\" content=\"image\/jpeg\" \/>\n<meta name=\"twitter:card\" content=\"summary_large_image\" \/>\n<meta name=\"twitter:label1\" content=\"Gesch\u00e4tzte Lesezeit\" \/>\n\t<meta name=\"twitter:data1\" content=\"2\u00a0Minute\" \/>\n<script type=\"application\/ld+json\" class=\"yoast-schema-graph\">{\"@context\":\"https:\\\/\\\/schema.org\",\"@graph\":[{\"@type\":\"WebPage\",\"@id\":\"https:\\\/\\\/laguiole.com\\\/de\\\/produit\\\/das-20-20-klappmesser-mit-vollem-griff-aus-olivenbaum-11cm-mit-anpassbarem-glattem-federgeburstetem-finish\\\/\",\"url\":\"https:\\\/\\\/laguiole.com\\\/de\\\/produit\\\/das-20-20-klappmesser-mit-vollem-griff-aus-olivenbaum-11cm-mit-anpassbarem-glattem-federgeburstetem-finish\\\/\",\"name\":\"20\\\/20 Olivenholzmesser \u2013 Abgerundete Klinge und schwarze Scheide\",\"isPartOf\":{\"@id\":\"https:\\\/\\\/laguiole.com\\\/de\\\/#website\"},\"primaryImageOfPage\":{\"@id\":\"https:\\\/\\\/laguiole.com\\\/de\\\/produit\\\/das-20-20-klappmesser-mit-vollem-griff-aus-olivenbaum-11cm-mit-anpassbarem-glattem-federgeburstetem-finish\\\/#primaryimage\"},\"image\":{\"@id\":\"https:\\\/\\\/laguiole.com\\\/de\\\/produit\\\/das-20-20-klappmesser-mit-vollem-griff-aus-olivenbaum-11cm-mit-anpassbarem-glattem-federgeburstetem-finish\\\/#primaryimage\"},\"thumbnailUrl\":\"https:\\\/\\\/laguiole.com\\\/wp-content\\\/uploads\\\/2025\\\/11\\\/Le_20_20_Plein_Manche_Olivier_11cm_Ressort_Lisse_Personnalisable_Finition_Brossee_00.jpg\",\"datePublished\":\"2025-11-12T15:38:57+00:00\",\"dateModified\":\"2025-11-12T16:12:03+00:00\",\"description\":\"20\\\/20 Olivenholzmesser mit abgerundeter Klinge und schwarzer Scheide. Langlebig, stilvoll und praktisch, kombiniert es modernes Design mit Bedienkomfort.\",\"breadcrumb\":{\"@id\":\"https:\\\/\\\/laguiole.com\\\/de\\\/produit\\\/das-20-20-klappmesser-mit-vollem-griff-aus-olivenbaum-11cm-mit-anpassbarem-glattem-federgeburstetem-finish\\\/#breadcrumb\"},\"inLanguage\":\"de\",\"potentialAction\":[{\"@type\":\"ReadAction\",\"target\":[\"https:\\\/\\\/laguiole.com\\\/de\\\/produit\\\/das-20-20-klappmesser-mit-vollem-griff-aus-olivenbaum-11cm-mit-anpassbarem-glattem-federgeburstetem-finish\\\/\"]}]},{\"@type\":\"ImageObject\",\"inLanguage\":\"de\",\"@id\":\"https:\\\/\\\/laguiole.com\\\/de\\\/produit\\\/das-20-20-klappmesser-mit-vollem-griff-aus-olivenbaum-11cm-mit-anpassbarem-glattem-federgeburstetem-finish\\\/#primaryimage\",\"url\":\"https:\\\/\\\/laguiole.com\\\/wp-content\\\/uploads\\\/2025\\\/11\\\/Le_20_20_Plein_Manche_Olivier_11cm_Ressort_Lisse_Personnalisable_Finition_Brossee_00.jpg\",\"contentUrl\":\"https:\\\/\\\/laguiole.com\\\/wp-content\\\/uploads\\\/2025\\\/11\\\/Le_20_20_Plein_Manche_Olivier_11cm_Ressort_Lisse_Personnalisable_Finition_Brossee_00.jpg\",\"width\":1033,\"height\":1033,\"caption\":\"Le 20\\\/20 Couteau Pliant Plein Manche en Olivier 11cm Ressort Lisse Personnalisable Finition Bross\u00e9e\"},{\"@type\":\"BreadcrumbList\",\"@id\":\"https:\\\/\\\/laguiole.com\\\/de\\\/produit\\\/das-20-20-klappmesser-mit-vollem-griff-aus-olivenbaum-11cm-mit-anpassbarem-glattem-federgeburstetem-finish\\\/#breadcrumb\",\"itemListElement\":[{\"@type\":\"ListItem\",\"position\":1,\"name\":\"Accueil\",\"item\":\"https:\\\/\\\/laguiole.com\\\/de\\\/\"},{\"@type\":\"ListItem\",\"position\":2,\"name\":\"Shop\",\"item\":\"https:\\\/\\\/laguiole.com\\\/de\\\/shop-2\\\/\"},{\"@type\":\"ListItem\",\"position\":3,\"name\":\"Das 20\\\/20 Klappmesser Vollgriff aus Olivenbaum 11cm Smooth Spring Anpassbares geb\u00fcrstetes Finish\"}]},{\"@type\":\"WebSite\",\"@id\":\"https:\\\/\\\/laguiole.com\\\/de\\\/#website\",\"url\":\"https:\\\/\\\/laguiole.com\\\/de\\\/\",\"name\":\"Laguiole.com\",\"description\":\"Laguiole - Couteau laguiole, Chateau Laguiole, Laguiole en Aubrac, Forge de Laguiole\",\"publisher\":{\"@id\":\"https:\\\/\\\/laguiole.com\\\/de\\\/#organization\"},\"potentialAction\":[{\"@type\":\"SearchAction\",\"target\":{\"@type\":\"EntryPoint\",\"urlTemplate\":\"https:\\\/\\\/laguiole.com\\\/de\\\/?s={search_term_string}\"},\"query-input\":{\"@type\":\"PropertyValueSpecification\",\"valueRequired\":true,\"valueName\":\"search_term_string\"}}],\"inLanguage\":\"de\"},{\"@type\":\"Organization\",\"@id\":\"https:\\\/\\\/laguiole.com\\\/de\\\/#organization\",\"name\":\"Laguiole.com\",\"url\":\"https:\\\/\\\/laguiole.com\\\/de\\\/\",\"logo\":{\"@type\":\"ImageObject\",\"inLanguage\":\"de\",\"@id\":\"https:\\\/\\\/laguiole.com\\\/de\\\/#\\\/schema\\\/logo\\\/image\\\/\",\"url\":\"https:\\\/\\\/laguiole.com\\\/wp-content\\\/uploads\\\/2021\\\/02\\\/logo_laguiole.com-horizontal.jpg\",\"contentUrl\":\"https:\\\/\\\/laguiole.com\\\/wp-content\\\/uploads\\\/2021\\\/02\\\/logo_laguiole.com-horizontal.jpg\",\"width\":490,\"height\":156,\"caption\":\"Laguiole.com\"},\"image\":{\"@id\":\"https:\\\/\\\/laguiole.com\\\/de\\\/#\\\/schema\\\/logo\\\/image\\\/\"},\"sameAs\":[\"https:\\\/\\\/www.facebook.com\\\/laguiolecom\\\/\",\"https:\\\/\\\/www.instagram.com\\\/laguiolecom\\\/\",\"https:\\\/\\\/www.youtube.com\\\/@laguiolecom\\\/videos\"]}]}<\/script>\n<!-- \/ Yoast SEO plugin. -->","yoast_head_json":{"title":"20\/20 Olivenholzmesser \u2013 Abgerundete Klinge und schwarze Scheide","description":"20\/20 Olivenholzmesser mit abgerundeter Klinge und schwarzer Scheide. Langlebig, stilvoll und praktisch, kombiniert es modernes Design mit Bedienkomfort.","robots":{"index":"index","follow":"follow","max-snippet":"max-snippet:-1","max-image-preview":"max-image-preview:large","max-video-preview":"max-video-preview:-1"},"canonical":"https:\/\/laguiole.com\/de\/produit\/das-20-20-klappmesser-mit-vollem-griff-aus-olivenbaum-11cm-mit-anpassbarem-glattem-federgeburstetem-finish\/","og_locale":"de_DE","og_type":"article","og_title":"20\/20 Olivenholzmesser \u2013 Abgerundete Klinge und schwarze Scheide","og_description":"20\/20 Olivenholzmesser mit abgerundeter Klinge und schwarzer Scheide. Langlebig, stilvoll und praktisch, kombiniert es modernes Design mit Bedienkomfort.","og_url":"https:\/\/laguiole.com\/de\/produit\/das-20-20-klappmesser-mit-vollem-griff-aus-olivenbaum-11cm-mit-anpassbarem-glattem-federgeburstetem-finish\/","og_site_name":"Laguiole.com \u00ae","article_publisher":"https:\/\/www.facebook.com\/laguiolecom\/","article_modified_time":"2025-11-12T16:12:03+00:00","og_image":[{"width":1033,"height":1033,"url":"https:\/\/laguiole.com\/wp-content\/uploads\/2025\/11\/Le_20_20_Plein_Manche_Olivier_11cm_Ressort_Lisse_Personnalisable_Finition_Brossee_00.jpg","type":"image\/jpeg"}],"twitter_card":"summary_large_image","twitter_misc":{"Gesch\u00e4tzte Lesezeit":"2\u00a0Minute"},"schema":{"@context":"https:\/\/schema.org","@graph":[{"@type":"WebPage","@id":"https:\/\/laguiole.com\/de\/produit\/das-20-20-klappmesser-mit-vollem-griff-aus-olivenbaum-11cm-mit-anpassbarem-glattem-federgeburstetem-finish\/","url":"https:\/\/laguiole.com\/de\/produit\/das-20-20-klappmesser-mit-vollem-griff-aus-olivenbaum-11cm-mit-anpassbarem-glattem-federgeburstetem-finish\/","name":"20\/20 Olivenholzmesser \u2013 Abgerundete Klinge und schwarze Scheide","isPartOf":{"@id":"https:\/\/laguiole.com\/de\/#website"},"primaryImageOfPage":{"@id":"https:\/\/laguiole.com\/de\/produit\/das-20-20-klappmesser-mit-vollem-griff-aus-olivenbaum-11cm-mit-anpassbarem-glattem-federgeburstetem-finish\/#primaryimage"},"image":{"@id":"https:\/\/laguiole.com\/de\/produit\/das-20-20-klappmesser-mit-vollem-griff-aus-olivenbaum-11cm-mit-anpassbarem-glattem-federgeburstetem-finish\/#primaryimage"},"thumbnailUrl":"https:\/\/laguiole.com\/wp-content\/uploads\/2025\/11\/Le_20_20_Plein_Manche_Olivier_11cm_Ressort_Lisse_Personnalisable_Finition_Brossee_00.jpg","datePublished":"2025-11-12T15:38:57+00:00","dateModified":"2025-11-12T16:12:03+00:00","description":"20\/20 Olivenholzmesser mit abgerundeter Klinge und schwarzer Scheide. Langlebig, stilvoll und praktisch, kombiniert es modernes Design mit Bedienkomfort.","breadcrumb":{"@id":"https:\/\/laguiole.com\/de\/produit\/das-20-20-klappmesser-mit-vollem-griff-aus-olivenbaum-11cm-mit-anpassbarem-glattem-federgeburstetem-finish\/#breadcrumb"},"inLanguage":"de","potentialAction":[{"@type":"ReadAction","target":["https:\/\/laguiole.com\/de\/produit\/das-20-20-klappmesser-mit-vollem-griff-aus-olivenbaum-11cm-mit-anpassbarem-glattem-federgeburstetem-finish\/"]}]},{"@type":"ImageObject","inLanguage":"de","@id":"https:\/\/laguiole.com\/de\/produit\/das-20-20-klappmesser-mit-vollem-griff-aus-olivenbaum-11cm-mit-anpassbarem-glattem-federgeburstetem-finish\/#primaryimage","url":"https:\/\/laguiole.com\/wp-content\/uploads\/2025\/11\/Le_20_20_Plein_Manche_Olivier_11cm_Ressort_Lisse_Personnalisable_Finition_Brossee_00.jpg","contentUrl":"https:\/\/laguiole.com\/wp-content\/uploads\/2025\/11\/Le_20_20_Plein_Manche_Olivier_11cm_Ressort_Lisse_Personnalisable_Finition_Brossee_00.jpg","width":1033,"height":1033,"caption":"Le 20\/20 Couteau Pliant Plein Manche en Olivier 11cm Ressort Lisse Personnalisable Finition Bross\u00e9e"},{"@type":"BreadcrumbList","@id":"https:\/\/laguiole.com\/de\/produit\/das-20-20-klappmesser-mit-vollem-griff-aus-olivenbaum-11cm-mit-anpassbarem-glattem-federgeburstetem-finish\/#breadcrumb","itemListElement":[{"@type":"ListItem","position":1,"name":"Accueil","item":"https:\/\/laguiole.com\/de\/"},{"@type":"ListItem","position":2,"name":"Shop","item":"https:\/\/laguiole.com\/de\/shop-2\/"},{"@type":"ListItem","position":3,"name":"Das 20\/20 Klappmesser Vollgriff aus Olivenbaum 11cm Smooth Spring Anpassbares geb\u00fcrstetes Finish"}]},{"@type":"WebSite","@id":"https:\/\/laguiole.com\/de\/#website","url":"https:\/\/laguiole.com\/de\/","name":"Laguiole.com","description":"Laguiole - Couteau laguiole, Chateau Laguiole, Laguiole en Aubrac, Forge de Laguiole","publisher":{"@id":"https:\/\/laguiole.com\/de\/#organization"},"potentialAction":[{"@type":"SearchAction","target":{"@type":"EntryPoint","urlTemplate":"https:\/\/laguiole.com\/de\/?s={search_term_string}"},"query-input":{"@type":"PropertyValueSpecification","valueRequired":true,"valueName":"search_term_string"}}],"inLanguage":"de"},{"@type":"Organization","@id":"https:\/\/laguiole.com\/de\/#organization","name":"Laguiole.com","url":"https:\/\/laguiole.com\/de\/","logo":{"@type":"ImageObject","inLanguage":"de","@id":"https:\/\/laguiole.com\/de\/#\/schema\/logo\/image\/","url":"https:\/\/laguiole.com\/wp-content\/uploads\/2021\/02\/logo_laguiole.com-horizontal.jpg","contentUrl":"https:\/\/laguiole.com\/wp-content\/uploads\/2021\/02\/logo_laguiole.com-horizontal.jpg","width":490,"height":156,"caption":"Laguiole.com"},"image":{"@id":"https:\/\/laguiole.com\/de\/#\/schema\/logo\/image\/"},"sameAs":["https:\/\/www.facebook.com\/laguiolecom\/","https:\/\/www.instagram.com\/laguiolecom\/","https:\/\/www.youtube.com\/@laguiolecom\/videos"]}]}},"_links":{"self":[{"href":"https:\/\/laguiole.com\/de\/wp-json\/wp\/v2\/product\/45242","targetHints":{"allow":["GET"]}}],"collection":[{"href":"https:\/\/laguiole.com\/de\/wp-json\/wp\/v2\/product"}],"about":[{"href":"https:\/\/laguiole.com\/de\/wp-json\/wp\/v2\/types\/product"}],"version-history":[{"count":2,"href":"https:\/\/laguiole.com\/de\/wp-json\/wp\/v2\/product\/45242\/revisions"}],"predecessor-version":[{"id":45260,"href":"https:\/\/laguiole.com\/de\/wp-json\/wp\/v2\/product\/45242\/revisions\/45260"}],"wp:featuredmedia":[{"embeddable":true,"href":"https:\/\/laguiole.com\/de\/wp-json\/wp\/v2\/media\/45609"}],"wp:attachment":[{"href":"https:\/\/laguiole.com\/de\/wp-json\/wp\/v2\/media?parent=45242"}],"wp:term":[{"taxonomy":"product_brand","embeddable":true,"href":"https:\/\/laguiole.com\/de\/wp-json\/wp\/v2\/product_brand?post=45242"},{"taxonomy":"product_cat","embeddable":true,"href":"https:\/\/laguiole.com\/de\/wp-json\/wp\/v2\/product_cat?post=45242"},{"taxonomy":"product_tag","embeddable":true,"href":"https:\/\/laguiole.com\/de\/wp-json\/wp\/v2\/product_tag?post=45242"}],"curies":[{"name":"wp","href":"https:\/\/api.w.org\/{rel}","templated":true}]}}