{"id":45238,"date":"2025-11-12T16:27:39","date_gmt":"2025-11-12T15:27:39","guid":{"rendered":"https:\/\/laguiole.com\/?post_type=product&#038;p=45238"},"modified":"2025-11-12T17:17:35","modified_gmt":"2025-11-12T16:17:35","slug":"das-20-20-klappmesser-mit-vollem-pistaziengriff-11cm-mit-anpassbarem-glattem-federgeburstetem-finish","status":"publish","type":"product","link":"https:\/\/laguiole.com\/de\/produit\/das-20-20-klappmesser-mit-vollem-pistaziengriff-11cm-mit-anpassbarem-glattem-federgeburstetem-finish\/","title":{"rendered":"Das 20\/20 Klappmesser Voller Pistaziengriff 11cm Glatte Feder Anpassbares geb\u00fcrstetes Finish"},"content":{"rendered":"<h2 data-start=\"213\" data-end=\"285\"><strong data-start=\"219\" data-end=\"285\">20\/20 Pistazienmesser<\/strong><\/h2>\n<p data-start=\"287\" data-end=\"530\">Das <strong data-start=\"290\" data-end=\"307\">20\/20 Messer<\/strong> besticht durch sein <strong data-start=\"323\" data-end=\"355\">schlankes und zeitgem\u00e4\u00dfes Design<\/strong>. Die <strong data-start=\"361\" data-end=\"383\">geraden Linien<\/strong>, <strong data-start=\"389\" data-end=\"405\">der volle Griff<\/strong> und <strong data-start=\"413\" data-end=\"431\">die freiliegenden Schrauben<\/strong> schaffen eine <strong data-start=\"443\" data-end=\"477\">moderne und raffinierte \u00c4sthetik<\/strong>, die perfekt an <strong data-start=\"504\" data-end=\"527\">die aktuellen Trends<\/strong> angepasst ist.<\/p>\n<p data-start=\"532\" data-end=\"719\">Dank <strong data-start=\"543\" data-end=\"569\">seiner D\u00fcnnheit und Leichtigkeit<\/strong> k\u00f6nnen Sie <strong data-start=\"594\" data-end=\"631\">das Messer leicht in eine Tasche stecken<\/strong>. So wird es zu einem <strong data-start=\"653\" data-end=\"685\">idealen Begleiter f\u00fcr den Alltag<\/strong>, egal ob Sie ein Mann oder eine Frau sind.<\/p>\n<p data-start=\"721\" data-end=\"1015\">Seine <strong data-start=\"724\" data-end=\"739\">einzelne Klinge<\/strong> sticht sofort ins Auge. Im Gegensatz zu herk\u00f6mmlichen Messern wie dem <strong data-start=\"822\" data-end=\"834\">Laguiole<\/strong> ist die <strong data-start=\"844\" data-end=\"865\">Klinge nicht spitz,<\/strong> sondern <strong data-start=\"872\" data-end=\"894\">sanft abgerundet<\/strong>. Diese innovative Form erm\u00f6glicht es Ihnen <strong data-start=\"933\" data-end=\"981\">, Butter, K\u00e4se oder Saucen<\/strong> <strong data-start=\"987\" data-end=\"1012\">pr\u00e4zise und einfach<\/strong> zu verteilen.<\/p>\n<p data-start=\"1017\" data-end=\"1179\">Das <strong data-start=\"1028\" data-end=\"1037\">20\/20<\/strong> Messer bietet einen <strong data-start=\"1048\" data-end=\"1077\">bequemen Griff<\/strong>. Seine <strong data-start=\"1083\" data-end=\"1108\">ergonomische Balance<\/strong> garantiert Ihnen eine <strong data-start=\"1126\" data-end=\"1154\">angenehme und pr\u00e4zise Anwendung<\/strong> bei jeder Manipulation.<\/p>\n<p data-start=\"1181\" data-end=\"1617\">Wir haben <strong data-start=\"1202\" data-end=\"1216\">den Pistazienbaum<\/strong> wegen seines Griffs gew\u00e4hlt, um ihm <strong data-start=\"1254\" data-end=\"1280\">Eleganz und Robustheit<\/strong> zu verleihen. Der Pistazienbaum ist eine seltene und sehr widerstandsf\u00e4hige Art, die f\u00fcr ihre hohe Dichte, au\u00dfergew\u00f6hnliche Langlebigkeit und nat\u00fcrliche Best\u00e4ndigkeit gegen Feuchtigkeit und St\u00f6\u00dfe bekannt ist. Seine Farbe, die von <strong data-start=\"1489\" data-end=\"1517\">hellbraun bis rotbraun reicht und<\/strong> manchmal von <strong data-start=\"1540\" data-end=\"1558\">dunklen Adern<\/strong> durchzogen ist, verleiht jedem Messer ein <strong data-start=\"1586\" data-end=\"1614\">einzigartiges und raffiniertes Aussehen<\/strong>.<\/p>\n<p data-start=\"1619\" data-end=\"1856\">Wir liefern das <strong data-start=\"1643\" data-end=\"1666\">20\/20 Pistazienmesser<\/strong> in einem <strong data-start=\"1675\" data-end=\"1705\">eleganten schwarzen Scheidenetui<\/strong>. Es <strong data-start=\"1710\" data-end=\"1732\">sch\u00fctzt das Messer<\/strong> und verleiht ihm gleichzeitig einen <strong data-start=\"1754\" data-end=\"1782\">Hauch von Raffinesse<\/strong>, sei es f\u00fcr den t\u00e4glichen Gebrauch oder als <strong data-start=\"1829\" data-end=\"1853\">hochwertiges Geschenk<\/strong>.<\/p>\n<p data-start=\"1858\" data-end=\"2057\">Zusammenfassend l\u00e4sst sich sagen, dass das <strong data-start=\"1872\" data-end=\"1903\">20\/20 Pistazienmesser<\/strong> <strong data-start=\"1912\" data-end=\"1952\">modernes Design, Solidit\u00e4t und Eleganz<\/strong> vereint. Er begleitet Sie \u00fcberall hin und macht jedes Schneiderlebnis zu <strong data-start=\"2025\" data-end=\"2054\">einem angenehmen und pr\u00e4zisen Moment<\/strong>.<\/p>\n","protected":false},"excerpt":{"rendered":"<p>Le 20\/20 Klappmesser von Le Fid\u00e8le<br \/>\nVollpistaziengriff<br \/>\nAnpassbar durch Gravur auf Klinge und\/oder Feder<br \/>\nGriffl\u00e4nge 10,8 cm<br \/>\nGriffst\u00e4rke 1cm Klinge aus<br \/>\ngeb\u00fcrstetem Edelstahl 12C27 gerade Form und abgerundete<br \/>\nSpitze Klingenl\u00e4nge 9,2 cm<br \/>\nKlingenst\u00e4rke 2,5 mm<br \/>\nGewicht des 20\/20: 89 grs<\/p>\n","protected":false},"featured_media":45627,"template":"","meta":{"_acf_changed":false,"_monsterinsights_skip_tracking":false,"_monsterinsights_sitenote_active":false,"_monsterinsights_sitenote_note":"","_monsterinsights_sitenote_category":0},"product_brand":[],"product_cat":[5963,5938,5951],"product_tag":[6171],"class_list":{"0":"post-45238","1":"product","2":"type-product","3":"status-publish","4":"has-post-thumbnail","6":"product_cat-federgravur","7":"product_cat-klappmesser","8":"product_cat-20-20-klappmesser","9":"product_tag-gravurfeder","10":"pa_manche-en-bois-pistazie","11":"pa_marque-le-fidele","12":"pa_mitres-ohne-gehrung-vollstaendige-huelse","13":"pa_platines-einzelplatin","14":"pa_ressort-glatt","15":"pa_ressort-zum-personalisieren-lasergravur","16":"tm-has-options","19":"instock","20":"taxable","21":"shipping-taxable","22":"purchasable","23":"product-type-simple"},"supplier_id":null,"supplier_sku":"","barcode":null,"atum_controlled":true,"out_stock_date":null,"out_stock_threshold":null,"inheritable":false,"inbound_stock":0,"stock_on_hold":0,"sold_today":0,"sales_last_days":0,"reserved_stock":0,"customer_returns":0,"warehouse_damage":0,"lost_in_post":0,"other_logs":0,"out_stock_days":0,"lost_sales":0,"has_location":false,"update_date":"2026-04-29T00:36:38","atum_locations":[],"atum_stock_status":"instock","restock_status":false,"low_stock_amount":"","sales_update_date":"2026-04-29T00:36:38","calc_backorders":null,"acf":[],"yoast_head":"<!-- This site is optimized with the Yoast SEO plugin v27.3 - https:\/\/yoast.com\/product\/yoast-seo-wordpress\/ -->\n<title>20\/20 Pistazienmesser \u2013 abgerundete Klinge und schwarze Scheide<\/title>\n<meta name=\"description\" content=\"20\/20 Pistazienmesser mit abgerundeter Klinge und schwarzer Scheide. Elegant, solide und modern, vereint es zeitgen\u00f6ssisches Design und Bedienkomfort\" \/>\n<meta name=\"robots\" content=\"index, follow, max-snippet:-1, max-image-preview:large, max-video-preview:-1\" \/>\n<link rel=\"canonical\" href=\"https:\/\/laguiole.com\/de\/produit\/das-20-20-klappmesser-mit-vollem-pistaziengriff-11cm-mit-anpassbarem-glattem-federgeburstetem-finish\/\" \/>\n<meta property=\"og:locale\" content=\"de_DE\" \/>\n<meta property=\"og:type\" content=\"article\" \/>\n<meta property=\"og:title\" content=\"20\/20 Pistazienmesser \u2013 abgerundete Klinge und schwarze Scheide\" \/>\n<meta property=\"og:description\" content=\"20\/20 Pistazienmesser mit abgerundeter Klinge und schwarzer Scheide. Elegant, solide und modern, vereint es zeitgen\u00f6ssisches Design und Bedienkomfort\" \/>\n<meta property=\"og:url\" content=\"https:\/\/laguiole.com\/de\/produit\/das-20-20-klappmesser-mit-vollem-pistaziengriff-11cm-mit-anpassbarem-glattem-federgeburstetem-finish\/\" \/>\n<meta property=\"og:site_name\" content=\"Laguiole.com \u00ae\" \/>\n<meta property=\"article:publisher\" content=\"https:\/\/www.facebook.com\/laguiolecom\/\" \/>\n<meta property=\"article:modified_time\" content=\"2025-11-12T16:17:35+00:00\" \/>\n<meta property=\"og:image\" content=\"https:\/\/laguiole.com\/wp-content\/uploads\/2023\/08\/logo_laguiole_com_\u00ae_300dpi_Noir_et_Blanc.jpg\" \/>\n\t<meta property=\"og:image:width\" content=\"1920\" \/>\n\t<meta property=\"og:image:height\" content=\"854\" \/>\n\t<meta property=\"og:image:type\" content=\"image\/jpeg\" \/>\n<meta name=\"twitter:card\" content=\"summary_large_image\" \/>\n<meta name=\"twitter:label1\" content=\"Gesch\u00e4tzte Lesezeit\" \/>\n\t<meta name=\"twitter:data1\" content=\"2\u00a0Minute\" \/>\n<script type=\"application\/ld+json\" class=\"yoast-schema-graph\">{\"@context\":\"https:\\\/\\\/schema.org\",\"@graph\":[{\"@type\":\"WebPage\",\"@id\":\"https:\\\/\\\/laguiole.com\\\/de\\\/produit\\\/das-20-20-klappmesser-mit-vollem-pistaziengriff-11cm-mit-anpassbarem-glattem-federgeburstetem-finish\\\/\",\"url\":\"https:\\\/\\\/laguiole.com\\\/de\\\/produit\\\/das-20-20-klappmesser-mit-vollem-pistaziengriff-11cm-mit-anpassbarem-glattem-federgeburstetem-finish\\\/\",\"name\":\"20\\\/20 Pistazienmesser \u2013 abgerundete Klinge und schwarze Scheide\",\"isPartOf\":{\"@id\":\"https:\\\/\\\/laguiole.com\\\/de\\\/#website\"},\"primaryImageOfPage\":{\"@id\":\"https:\\\/\\\/laguiole.com\\\/de\\\/produit\\\/das-20-20-klappmesser-mit-vollem-pistaziengriff-11cm-mit-anpassbarem-glattem-federgeburstetem-finish\\\/#primaryimage\"},\"image\":{\"@id\":\"https:\\\/\\\/laguiole.com\\\/de\\\/produit\\\/das-20-20-klappmesser-mit-vollem-pistaziengriff-11cm-mit-anpassbarem-glattem-federgeburstetem-finish\\\/#primaryimage\"},\"thumbnailUrl\":\"https:\\\/\\\/laguiole.com\\\/wp-content\\\/uploads\\\/2025\\\/11\\\/Le_20_20_Plein_Manche_Pistachier_11cm_Ressort_Lisse_Personnalisable_Finition_Brossee_00.jpg\",\"datePublished\":\"2025-11-12T15:27:39+00:00\",\"dateModified\":\"2025-11-12T16:17:35+00:00\",\"description\":\"20\\\/20 Pistazienmesser mit abgerundeter Klinge und schwarzer Scheide. Elegant, solide und modern, vereint es zeitgen\u00f6ssisches Design und Bedienkomfort\",\"breadcrumb\":{\"@id\":\"https:\\\/\\\/laguiole.com\\\/de\\\/produit\\\/das-20-20-klappmesser-mit-vollem-pistaziengriff-11cm-mit-anpassbarem-glattem-federgeburstetem-finish\\\/#breadcrumb\"},\"inLanguage\":\"de\",\"potentialAction\":[{\"@type\":\"ReadAction\",\"target\":[\"https:\\\/\\\/laguiole.com\\\/de\\\/produit\\\/das-20-20-klappmesser-mit-vollem-pistaziengriff-11cm-mit-anpassbarem-glattem-federgeburstetem-finish\\\/\"]}]},{\"@type\":\"ImageObject\",\"inLanguage\":\"de\",\"@id\":\"https:\\\/\\\/laguiole.com\\\/de\\\/produit\\\/das-20-20-klappmesser-mit-vollem-pistaziengriff-11cm-mit-anpassbarem-glattem-federgeburstetem-finish\\\/#primaryimage\",\"url\":\"https:\\\/\\\/laguiole.com\\\/wp-content\\\/uploads\\\/2025\\\/11\\\/Le_20_20_Plein_Manche_Pistachier_11cm_Ressort_Lisse_Personnalisable_Finition_Brossee_00.jpg\",\"contentUrl\":\"https:\\\/\\\/laguiole.com\\\/wp-content\\\/uploads\\\/2025\\\/11\\\/Le_20_20_Plein_Manche_Pistachier_11cm_Ressort_Lisse_Personnalisable_Finition_Brossee_00.jpg\",\"width\":1033,\"height\":1033,\"caption\":\"Le 20\\\/20 Couteau Pliant Plein Manche Pistachier 11cm Ressort Lisse Personnalisable Finition Bross\u00e9e\"},{\"@type\":\"BreadcrumbList\",\"@id\":\"https:\\\/\\\/laguiole.com\\\/de\\\/produit\\\/das-20-20-klappmesser-mit-vollem-pistaziengriff-11cm-mit-anpassbarem-glattem-federgeburstetem-finish\\\/#breadcrumb\",\"itemListElement\":[{\"@type\":\"ListItem\",\"position\":1,\"name\":\"Accueil\",\"item\":\"https:\\\/\\\/laguiole.com\\\/de\\\/\"},{\"@type\":\"ListItem\",\"position\":2,\"name\":\"Shop\",\"item\":\"https:\\\/\\\/laguiole.com\\\/de\\\/shop-2\\\/\"},{\"@type\":\"ListItem\",\"position\":3,\"name\":\"Das 20\\\/20 Klappmesser Voller Pistaziengriff 11cm Glatte Feder Anpassbares geb\u00fcrstetes Finish\"}]},{\"@type\":\"WebSite\",\"@id\":\"https:\\\/\\\/laguiole.com\\\/de\\\/#website\",\"url\":\"https:\\\/\\\/laguiole.com\\\/de\\\/\",\"name\":\"Laguiole.com\",\"description\":\"Laguiole - Couteau laguiole, Chateau Laguiole, Laguiole en Aubrac, Forge de Laguiole\",\"publisher\":{\"@id\":\"https:\\\/\\\/laguiole.com\\\/de\\\/#organization\"},\"potentialAction\":[{\"@type\":\"SearchAction\",\"target\":{\"@type\":\"EntryPoint\",\"urlTemplate\":\"https:\\\/\\\/laguiole.com\\\/de\\\/?s={search_term_string}\"},\"query-input\":{\"@type\":\"PropertyValueSpecification\",\"valueRequired\":true,\"valueName\":\"search_term_string\"}}],\"inLanguage\":\"de\"},{\"@type\":\"Organization\",\"@id\":\"https:\\\/\\\/laguiole.com\\\/de\\\/#organization\",\"name\":\"Laguiole.com\",\"url\":\"https:\\\/\\\/laguiole.com\\\/de\\\/\",\"logo\":{\"@type\":\"ImageObject\",\"inLanguage\":\"de\",\"@id\":\"https:\\\/\\\/laguiole.com\\\/de\\\/#\\\/schema\\\/logo\\\/image\\\/\",\"url\":\"https:\\\/\\\/laguiole.com\\\/wp-content\\\/uploads\\\/2021\\\/02\\\/logo_laguiole.com-horizontal.jpg\",\"contentUrl\":\"https:\\\/\\\/laguiole.com\\\/wp-content\\\/uploads\\\/2021\\\/02\\\/logo_laguiole.com-horizontal.jpg\",\"width\":490,\"height\":156,\"caption\":\"Laguiole.com\"},\"image\":{\"@id\":\"https:\\\/\\\/laguiole.com\\\/de\\\/#\\\/schema\\\/logo\\\/image\\\/\"},\"sameAs\":[\"https:\\\/\\\/www.facebook.com\\\/laguiolecom\\\/\",\"https:\\\/\\\/www.instagram.com\\\/laguiolecom\\\/\",\"https:\\\/\\\/www.youtube.com\\\/@laguiolecom\\\/videos\"]}]}<\/script>\n<!-- \/ Yoast SEO plugin. -->","yoast_head_json":{"title":"20\/20 Pistazienmesser \u2013 abgerundete Klinge und schwarze Scheide","description":"20\/20 Pistazienmesser mit abgerundeter Klinge und schwarzer Scheide. Elegant, solide und modern, vereint es zeitgen\u00f6ssisches Design und Bedienkomfort","robots":{"index":"index","follow":"follow","max-snippet":"max-snippet:-1","max-image-preview":"max-image-preview:large","max-video-preview":"max-video-preview:-1"},"canonical":"https:\/\/laguiole.com\/de\/produit\/das-20-20-klappmesser-mit-vollem-pistaziengriff-11cm-mit-anpassbarem-glattem-federgeburstetem-finish\/","og_locale":"de_DE","og_type":"article","og_title":"20\/20 Pistazienmesser \u2013 abgerundete Klinge und schwarze Scheide","og_description":"20\/20 Pistazienmesser mit abgerundeter Klinge und schwarzer Scheide. Elegant, solide und modern, vereint es zeitgen\u00f6ssisches Design und Bedienkomfort","og_url":"https:\/\/laguiole.com\/de\/produit\/das-20-20-klappmesser-mit-vollem-pistaziengriff-11cm-mit-anpassbarem-glattem-federgeburstetem-finish\/","og_site_name":"Laguiole.com \u00ae","article_publisher":"https:\/\/www.facebook.com\/laguiolecom\/","article_modified_time":"2025-11-12T16:17:35+00:00","og_image":[{"width":1920,"height":854,"url":"https:\/\/laguiole.com\/wp-content\/uploads\/2023\/08\/logo_laguiole_com_\u00ae_300dpi_Noir_et_Blanc.jpg","type":"image\/jpeg"}],"twitter_card":"summary_large_image","twitter_misc":{"Gesch\u00e4tzte Lesezeit":"2\u00a0Minute"},"schema":{"@context":"https:\/\/schema.org","@graph":[{"@type":"WebPage","@id":"https:\/\/laguiole.com\/de\/produit\/das-20-20-klappmesser-mit-vollem-pistaziengriff-11cm-mit-anpassbarem-glattem-federgeburstetem-finish\/","url":"https:\/\/laguiole.com\/de\/produit\/das-20-20-klappmesser-mit-vollem-pistaziengriff-11cm-mit-anpassbarem-glattem-federgeburstetem-finish\/","name":"20\/20 Pistazienmesser \u2013 abgerundete Klinge und schwarze Scheide","isPartOf":{"@id":"https:\/\/laguiole.com\/de\/#website"},"primaryImageOfPage":{"@id":"https:\/\/laguiole.com\/de\/produit\/das-20-20-klappmesser-mit-vollem-pistaziengriff-11cm-mit-anpassbarem-glattem-federgeburstetem-finish\/#primaryimage"},"image":{"@id":"https:\/\/laguiole.com\/de\/produit\/das-20-20-klappmesser-mit-vollem-pistaziengriff-11cm-mit-anpassbarem-glattem-federgeburstetem-finish\/#primaryimage"},"thumbnailUrl":"https:\/\/laguiole.com\/wp-content\/uploads\/2025\/11\/Le_20_20_Plein_Manche_Pistachier_11cm_Ressort_Lisse_Personnalisable_Finition_Brossee_00.jpg","datePublished":"2025-11-12T15:27:39+00:00","dateModified":"2025-11-12T16:17:35+00:00","description":"20\/20 Pistazienmesser mit abgerundeter Klinge und schwarzer Scheide. Elegant, solide und modern, vereint es zeitgen\u00f6ssisches Design und Bedienkomfort","breadcrumb":{"@id":"https:\/\/laguiole.com\/de\/produit\/das-20-20-klappmesser-mit-vollem-pistaziengriff-11cm-mit-anpassbarem-glattem-federgeburstetem-finish\/#breadcrumb"},"inLanguage":"de","potentialAction":[{"@type":"ReadAction","target":["https:\/\/laguiole.com\/de\/produit\/das-20-20-klappmesser-mit-vollem-pistaziengriff-11cm-mit-anpassbarem-glattem-federgeburstetem-finish\/"]}]},{"@type":"ImageObject","inLanguage":"de","@id":"https:\/\/laguiole.com\/de\/produit\/das-20-20-klappmesser-mit-vollem-pistaziengriff-11cm-mit-anpassbarem-glattem-federgeburstetem-finish\/#primaryimage","url":"https:\/\/laguiole.com\/wp-content\/uploads\/2025\/11\/Le_20_20_Plein_Manche_Pistachier_11cm_Ressort_Lisse_Personnalisable_Finition_Brossee_00.jpg","contentUrl":"https:\/\/laguiole.com\/wp-content\/uploads\/2025\/11\/Le_20_20_Plein_Manche_Pistachier_11cm_Ressort_Lisse_Personnalisable_Finition_Brossee_00.jpg","width":1033,"height":1033,"caption":"Le 20\/20 Couteau Pliant Plein Manche Pistachier 11cm Ressort Lisse Personnalisable Finition Bross\u00e9e"},{"@type":"BreadcrumbList","@id":"https:\/\/laguiole.com\/de\/produit\/das-20-20-klappmesser-mit-vollem-pistaziengriff-11cm-mit-anpassbarem-glattem-federgeburstetem-finish\/#breadcrumb","itemListElement":[{"@type":"ListItem","position":1,"name":"Accueil","item":"https:\/\/laguiole.com\/de\/"},{"@type":"ListItem","position":2,"name":"Shop","item":"https:\/\/laguiole.com\/de\/shop-2\/"},{"@type":"ListItem","position":3,"name":"Das 20\/20 Klappmesser Voller Pistaziengriff 11cm Glatte Feder Anpassbares geb\u00fcrstetes Finish"}]},{"@type":"WebSite","@id":"https:\/\/laguiole.com\/de\/#website","url":"https:\/\/laguiole.com\/de\/","name":"Laguiole.com","description":"Laguiole - Couteau laguiole, Chateau Laguiole, Laguiole en Aubrac, Forge de Laguiole","publisher":{"@id":"https:\/\/laguiole.com\/de\/#organization"},"potentialAction":[{"@type":"SearchAction","target":{"@type":"EntryPoint","urlTemplate":"https:\/\/laguiole.com\/de\/?s={search_term_string}"},"query-input":{"@type":"PropertyValueSpecification","valueRequired":true,"valueName":"search_term_string"}}],"inLanguage":"de"},{"@type":"Organization","@id":"https:\/\/laguiole.com\/de\/#organization","name":"Laguiole.com","url":"https:\/\/laguiole.com\/de\/","logo":{"@type":"ImageObject","inLanguage":"de","@id":"https:\/\/laguiole.com\/de\/#\/schema\/logo\/image\/","url":"https:\/\/laguiole.com\/wp-content\/uploads\/2021\/02\/logo_laguiole.com-horizontal.jpg","contentUrl":"https:\/\/laguiole.com\/wp-content\/uploads\/2021\/02\/logo_laguiole.com-horizontal.jpg","width":490,"height":156,"caption":"Laguiole.com"},"image":{"@id":"https:\/\/laguiole.com\/de\/#\/schema\/logo\/image\/"},"sameAs":["https:\/\/www.facebook.com\/laguiolecom\/","https:\/\/www.instagram.com\/laguiolecom\/","https:\/\/www.youtube.com\/@laguiolecom\/videos"]}]}},"_links":{"self":[{"href":"https:\/\/laguiole.com\/de\/wp-json\/wp\/v2\/product\/45238","targetHints":{"allow":["GET"]}}],"collection":[{"href":"https:\/\/laguiole.com\/de\/wp-json\/wp\/v2\/product"}],"about":[{"href":"https:\/\/laguiole.com\/de\/wp-json\/wp\/v2\/types\/product"}],"version-history":[{"count":2,"href":"https:\/\/laguiole.com\/de\/wp-json\/wp\/v2\/product\/45238\/revisions"}],"predecessor-version":[{"id":45262,"href":"https:\/\/laguiole.com\/de\/wp-json\/wp\/v2\/product\/45238\/revisions\/45262"}],"wp:featuredmedia":[{"embeddable":true,"href":"https:\/\/laguiole.com\/de\/wp-json\/wp\/v2\/media\/45627"}],"wp:attachment":[{"href":"https:\/\/laguiole.com\/de\/wp-json\/wp\/v2\/media?parent=45238"}],"wp:term":[{"taxonomy":"product_brand","embeddable":true,"href":"https:\/\/laguiole.com\/de\/wp-json\/wp\/v2\/product_brand?post=45238"},{"taxonomy":"product_cat","embeddable":true,"href":"https:\/\/laguiole.com\/de\/wp-json\/wp\/v2\/product_cat?post=45238"},{"taxonomy":"product_tag","embeddable":true,"href":"https:\/\/laguiole.com\/de\/wp-json\/wp\/v2\/product_tag?post=45238"}],"curies":[{"name":"wp","href":"https:\/\/api.w.org\/{rel}","templated":true}]}}