{"id":45208,"date":"2025-11-12T13:37:27","date_gmt":"2025-11-12T12:37:27","guid":{"rendered":"https:\/\/laguiole.com\/?post_type=product&#038;p=45208"},"modified":"2025-12-11T18:33:28","modified_gmt":"2025-12-11T17:33:28","slug":"das-20-20-klappmesser-vollgriff-rosenholz-11cm-glattfeder-anpassbares-geburstetes-finish","status":"publish","type":"product","link":"https:\/\/laguiole.com\/de\/produit\/das-20-20-klappmesser-vollgriff-rosenholz-11cm-glattfeder-anpassbares-geburstetes-finish\/","title":{"rendered":"Das 20\/20 Klappmesser Vollgriff Palisander 11cm anpassbar Glatte Feder geb\u00fcrstetes Finish"},"content":{"rendered":"<p data-start=\"275\" data-end=\"505\">Das <strong data-start=\"286\" data-end=\"295\">20\/20<\/strong> Messer besticht durch sein <strong data-start=\"311\" data-end=\"343\">schlankes und zeitgem\u00e4\u00dfes Design<\/strong>. Seine <strong data-start=\"349\" data-end=\"367\">geraden Linien<\/strong>, <strong data-start=\"373\" data-end=\"389\">der durchgehende Griff<\/strong> und <strong data-start=\"397\" data-end=\"415\">die freiliegenden Schrauben<\/strong> verleihen ihm eine <strong data-start=\"434\" data-end=\"456\">moderne \u00c4sthetik<\/strong>, die perfekt an die aktuellen Trends angepasst ist.<\/p>\n<p data-start=\"507\" data-end=\"696\">Er ist <strong data-start=\"523\" data-end=\"539\">d\u00fcnn und leicht<\/strong> und <strong data-start=\"547\" data-end=\"583\">passt problemlos in eine Tasche<\/strong>. Das macht dieses Messer zu einem <strong data-start=\"613\" data-end=\"645\">idealen Alltagsbegleiter<\/strong> f\u00fcr M\u00e4nner und Frauen.<\/p>\n<p data-start=\"698\" data-end=\"1008\">Die <strong data-start=\"701\" data-end=\"728\">einzigartige Form seiner Klinge<\/strong> unterscheidet es von herk\u00f6mmlichen Messern. Es <strong data-start=\"797\" data-end=\"818\">ist nicht spitz,<\/strong> sondern <strong data-start=\"825\" data-end=\"837\">abgerundet<\/strong> und bietet <strong data-start=\"847\" data-end=\"888\">eine neue Benutzererfahrung<\/strong>. Diese Besonderheit erm\u00f6glicht es beispielsweise, <strong data-start=\"934\" data-end=\"976\">Butter oder Frischk\u00e4se<\/strong> mit bemerkenswerter Leichtigkeit zu bestreichen.<\/p>\n<p data-start=\"1010\" data-end=\"1143\">Das <strong data-start=\"1021\" data-end=\"1030\">20\/20-Messer<\/strong> sorgt dank seiner <strong data-start=\"1093\" data-end=\"1114\">perfekten Balance<\/strong> zwischen Ergonomie und Design auch f\u00fcr <strong data-start=\"1052\" data-end=\"1080\">einen hervorragenden Griff<\/strong>.<\/p>\n<p data-start=\"1145\" data-end=\"1451\">Sein Griff <strong data-start=\"1159\" data-end=\"1175\">aus Palisander<\/strong> verleiht ihm einen Hauch <strong data-start=\"1196\" data-end=\"1218\">von nat\u00fcrlicher Eleganz<\/strong>. Dieses exotische Holz, das f\u00fcr seine <strong data-start=\"1253\" data-end=\"1293\">warme Farbe und seine raffinierte Maserung<\/strong> bekannt ist, ist auch sehr <strong data-start=\"1310\" data-end=\"1336\">widerstandsf\u00e4hig gegen Feuchtigkeit<\/strong> und <strong data-start=\"1343\" data-end=\"1362\">den Lauf der Zeit<\/strong>. Jedes Messer wird so zu einem <strong data-start=\"1397\" data-end=\"1413\">Unikat<\/strong>, das <strong data-start=\"1422\" data-end=\"1448\">Handwerkskunst und Modernit\u00e4t<\/strong> vereint.<\/p>\n<p data-start=\"1145\" data-end=\"1451\">Das 20\/20-Messer wird in einem <strong data-start=\"1591\" data-end=\"1621\">schlanken schwarzen Scheidenetui<\/strong> geliefert und ist <strong data-start=\"1644\" data-end=\"1668\">perfekt gesch\u00fctzt<\/strong> und bereit zum Verschenken. Diese praktische H\u00fclle verleiht ihr einen <strong data-start=\"1721\" data-end=\"1746\">Hauch von Unterscheidung<\/strong> und macht es einfach, sie sicher <strong data-start=\"1763\" data-end=\"1794\">zu tragen<\/strong>.<\/p>\n<p data-start=\"1453\" data-end=\"1627\">Zusammenfassend l\u00e4sst sich sagen, dass das <strong data-start=\"1475\" data-end=\"1500\">20\/20 Palisandermesser<\/strong> <strong data-start=\"1507\" data-end=\"1545\">Originalit\u00e4t, Zweckm\u00e4\u00dfigkeit und Eleganz<\/strong> vereint. Eine zeitgen\u00f6ssische Kreation, die die Kunst des Schneidens mit einem frischen Look neu interpretiert.<\/p>\n<p data-start=\"1453\" data-end=\"1627\">\n","protected":false},"excerpt":{"rendered":"<p>Le 20\/20 Klappmesser von Le Fid\u00e8le<br \/>\nGriff aus Palisander<br \/>\nAnpassbar durch Gravur auf Klinge und\/oder Feder<br \/>\nGriffl\u00e4nge 10,8 cm<br \/>\nGriffst\u00e4rke 1 cm<br \/>\nKlinge aus geb\u00fcrstetem Edelstahl 12C27 gerade Form und abgerundete<br \/>\nSpitze Klingenl\u00e4nge 9,2 cm<br \/>\nKlingenst\u00e4rke 2,5 mm<br \/>\nGewicht des 20\/20 : 89 grs<\/p>\n","protected":false},"featured_media":45569,"template":"","meta":{"_acf_changed":false,"_monsterinsights_skip_tracking":false,"_monsterinsights_sitenote_active":false,"_monsterinsights_sitenote_note":"","_monsterinsights_sitenote_category":0},"product_brand":[],"product_cat":[5963,5951,5938],"product_tag":[6171],"class_list":{"0":"post-45208","1":"product","2":"type-product","3":"status-publish","4":"has-post-thumbnail","6":"product_cat-federgravur","7":"product_cat-20-20-klappmesser","8":"product_cat-klappmesser","9":"product_tag-gravurfeder","10":"pa_manche-en-bois-palisander","11":"pa_marque-le-fidele","12":"pa_mitres-ohne-gehrung-vollstaendige-huelse","13":"pa_platines-einzelplatin","14":"pa_ressort-glatt","15":"pa_ressort-zum-personalisieren-lasergravur","16":"tm-has-options","19":"instock","20":"taxable","21":"shipping-taxable","22":"purchasable","23":"product-type-simple"},"supplier_id":null,"supplier_sku":"","barcode":null,"atum_controlled":true,"out_stock_date":null,"out_stock_threshold":null,"inheritable":false,"inbound_stock":0,"stock_on_hold":0,"sold_today":0,"sales_last_days":0,"reserved_stock":0,"customer_returns":0,"warehouse_damage":0,"lost_in_post":0,"other_logs":0,"out_stock_days":0,"lost_sales":0,"has_location":false,"update_date":"2026-05-14T01:00:16","atum_locations":[],"atum_stock_status":"instock","restock_status":false,"low_stock_amount":"","sales_update_date":"2026-05-14T01:00:16","calc_backorders":null,"acf":[],"yoast_head":"<!-- This site is optimized with the Yoast SEO plugin v27.6 - https:\/\/yoast.com\/product\/yoast-seo-wordpress\/ -->\n<title>20\/20 Palisandermesser \u2013 Abgerundete Klinge und schwarze Scheide<\/title>\n<meta name=\"description\" content=\"20\/20 Palisandermesser mit abgerundeter Klinge und schwarzer Scheide. Elegant, praktisch und modern, verbindet es zeitgen\u00f6ssisches Design und Bedienkomfort.\" \/>\n<meta name=\"robots\" content=\"index, follow, max-snippet:-1, max-image-preview:large, max-video-preview:-1\" \/>\n<link rel=\"canonical\" href=\"https:\/\/laguiole.com\/de\/produit\/das-20-20-klappmesser-vollgriff-rosenholz-11cm-glattfeder-anpassbares-geburstetes-finish\/\" \/>\n<meta property=\"og:locale\" content=\"de_DE\" \/>\n<meta property=\"og:type\" content=\"article\" \/>\n<meta property=\"og:title\" content=\"20\/20 Palisandermesser \u2013 Abgerundete Klinge und schwarze Scheide\" \/>\n<meta property=\"og:description\" content=\"20\/20 Palisandermesser mit abgerundeter Klinge und schwarzer Scheide. Elegant, praktisch und modern, verbindet es zeitgen\u00f6ssisches Design und Bedienkomfort.\" \/>\n<meta property=\"og:url\" content=\"https:\/\/laguiole.com\/de\/produit\/das-20-20-klappmesser-vollgriff-rosenholz-11cm-glattfeder-anpassbares-geburstetes-finish\/\" \/>\n<meta property=\"og:site_name\" content=\"Laguiole.com \u00ae\" \/>\n<meta property=\"article:publisher\" content=\"https:\/\/www.facebook.com\/laguiolecom\/\" \/>\n<meta property=\"article:modified_time\" content=\"2025-12-11T17:33:28+00:00\" \/>\n<meta property=\"og:image\" content=\"https:\/\/laguiole.com\/wp-content\/uploads\/2025\/11\/Le_20_20_Plein_Manche_Bois_de_rose_11cm_Ressort_Lisse_Personnalisable_Finition_Brossee_00.jpg\" \/>\n\t<meta property=\"og:image:width\" content=\"1033\" \/>\n\t<meta property=\"og:image:height\" content=\"1033\" \/>\n\t<meta property=\"og:image:type\" content=\"image\/jpeg\" \/>\n<meta name=\"twitter:card\" content=\"summary_large_image\" \/>\n<meta name=\"twitter:label1\" content=\"Gesch\u00e4tzte Lesezeit\" \/>\n\t<meta name=\"twitter:data1\" content=\"2\u00a0Minute\" \/>\n<script type=\"application\/ld+json\" class=\"yoast-schema-graph\">{\"@context\":\"https:\\\/\\\/schema.org\",\"@graph\":[{\"@type\":\"WebPage\",\"@id\":\"https:\\\/\\\/laguiole.com\\\/de\\\/produit\\\/das-20-20-klappmesser-vollgriff-rosenholz-11cm-glattfeder-anpassbares-geburstetes-finish\\\/\",\"url\":\"https:\\\/\\\/laguiole.com\\\/de\\\/produit\\\/das-20-20-klappmesser-vollgriff-rosenholz-11cm-glattfeder-anpassbares-geburstetes-finish\\\/\",\"name\":\"20\\\/20 Palisandermesser \u2013 Abgerundete Klinge und schwarze Scheide\",\"isPartOf\":{\"@id\":\"https:\\\/\\\/laguiole.com\\\/de\\\/#website\"},\"primaryImageOfPage\":{\"@id\":\"https:\\\/\\\/laguiole.com\\\/de\\\/produit\\\/das-20-20-klappmesser-vollgriff-rosenholz-11cm-glattfeder-anpassbares-geburstetes-finish\\\/#primaryimage\"},\"image\":{\"@id\":\"https:\\\/\\\/laguiole.com\\\/de\\\/produit\\\/das-20-20-klappmesser-vollgriff-rosenholz-11cm-glattfeder-anpassbares-geburstetes-finish\\\/#primaryimage\"},\"thumbnailUrl\":\"https:\\\/\\\/laguiole.com\\\/wp-content\\\/uploads\\\/2025\\\/11\\\/Le_20_20_Plein_Manche_Bois_de_rose_11cm_Ressort_Lisse_Personnalisable_Finition_Brossee_00.jpg\",\"datePublished\":\"2025-11-12T12:37:27+00:00\",\"dateModified\":\"2025-12-11T17:33:28+00:00\",\"description\":\"20\\\/20 Palisandermesser mit abgerundeter Klinge und schwarzer Scheide. Elegant, praktisch und modern, verbindet es zeitgen\u00f6ssisches Design und Bedienkomfort.\",\"breadcrumb\":{\"@id\":\"https:\\\/\\\/laguiole.com\\\/de\\\/produit\\\/das-20-20-klappmesser-vollgriff-rosenholz-11cm-glattfeder-anpassbares-geburstetes-finish\\\/#breadcrumb\"},\"inLanguage\":\"de\",\"potentialAction\":[{\"@type\":\"ReadAction\",\"target\":[\"https:\\\/\\\/laguiole.com\\\/de\\\/produit\\\/das-20-20-klappmesser-vollgriff-rosenholz-11cm-glattfeder-anpassbares-geburstetes-finish\\\/\"]}]},{\"@type\":\"ImageObject\",\"inLanguage\":\"de\",\"@id\":\"https:\\\/\\\/laguiole.com\\\/de\\\/produit\\\/das-20-20-klappmesser-vollgriff-rosenholz-11cm-glattfeder-anpassbares-geburstetes-finish\\\/#primaryimage\",\"url\":\"https:\\\/\\\/laguiole.com\\\/wp-content\\\/uploads\\\/2025\\\/11\\\/Le_20_20_Plein_Manche_Bois_de_rose_11cm_Ressort_Lisse_Personnalisable_Finition_Brossee_00.jpg\",\"contentUrl\":\"https:\\\/\\\/laguiole.com\\\/wp-content\\\/uploads\\\/2025\\\/11\\\/Le_20_20_Plein_Manche_Bois_de_rose_11cm_Ressort_Lisse_Personnalisable_Finition_Brossee_00.jpg\",\"width\":1033,\"height\":1033,\"caption\":\"Le 20\\\/20 Couteau Pliant Plein Manche Bois de Rose 11cm Ressort Lisse Personnalisable Finition Bross\u00e9e\"},{\"@type\":\"BreadcrumbList\",\"@id\":\"https:\\\/\\\/laguiole.com\\\/de\\\/produit\\\/das-20-20-klappmesser-vollgriff-rosenholz-11cm-glattfeder-anpassbares-geburstetes-finish\\\/#breadcrumb\",\"itemListElement\":[{\"@type\":\"ListItem\",\"position\":1,\"name\":\"Accueil\",\"item\":\"https:\\\/\\\/laguiole.com\\\/de\\\/\"},{\"@type\":\"ListItem\",\"position\":2,\"name\":\"Shop\",\"item\":\"https:\\\/\\\/laguiole.com\\\/de\\\/shop-2\\\/\"},{\"@type\":\"ListItem\",\"position\":3,\"name\":\"Das 20\\\/20 Klappmesser Vollgriff Palisander 11cm anpassbar Glatte Feder geb\u00fcrstetes Finish\"}]},{\"@type\":\"WebSite\",\"@id\":\"https:\\\/\\\/laguiole.com\\\/de\\\/#website\",\"url\":\"https:\\\/\\\/laguiole.com\\\/de\\\/\",\"name\":\"Laguiole.com\",\"description\":\"Laguiole - Couteau laguiole, Chateau Laguiole, Laguiole en Aubrac, Forge de Laguiole\",\"publisher\":{\"@id\":\"https:\\\/\\\/laguiole.com\\\/de\\\/#organization\"},\"potentialAction\":[{\"@type\":\"SearchAction\",\"target\":{\"@type\":\"EntryPoint\",\"urlTemplate\":\"https:\\\/\\\/laguiole.com\\\/de\\\/?s={search_term_string}\"},\"query-input\":{\"@type\":\"PropertyValueSpecification\",\"valueRequired\":true,\"valueName\":\"search_term_string\"}}],\"inLanguage\":\"de\"},{\"@type\":\"Organization\",\"@id\":\"https:\\\/\\\/laguiole.com\\\/de\\\/#organization\",\"name\":\"Laguiole.com\",\"url\":\"https:\\\/\\\/laguiole.com\\\/de\\\/\",\"logo\":{\"@type\":\"ImageObject\",\"inLanguage\":\"de\",\"@id\":\"https:\\\/\\\/laguiole.com\\\/de\\\/#\\\/schema\\\/logo\\\/image\\\/\",\"url\":\"https:\\\/\\\/laguiole.com\\\/wp-content\\\/uploads\\\/2021\\\/02\\\/logo_laguiole.com-horizontal.jpg\",\"contentUrl\":\"https:\\\/\\\/laguiole.com\\\/wp-content\\\/uploads\\\/2021\\\/02\\\/logo_laguiole.com-horizontal.jpg\",\"width\":490,\"height\":156,\"caption\":\"Laguiole.com\"},\"image\":{\"@id\":\"https:\\\/\\\/laguiole.com\\\/de\\\/#\\\/schema\\\/logo\\\/image\\\/\"},\"sameAs\":[\"https:\\\/\\\/www.facebook.com\\\/laguiolecom\\\/\",\"https:\\\/\\\/www.instagram.com\\\/laguiolecom\\\/\",\"https:\\\/\\\/www.youtube.com\\\/@laguiolecom\\\/videos\"]}]}<\/script>\n<!-- \/ Yoast SEO plugin. -->","yoast_head_json":{"title":"20\/20 Palisandermesser \u2013 Abgerundete Klinge und schwarze Scheide","description":"20\/20 Palisandermesser mit abgerundeter Klinge und schwarzer Scheide. Elegant, praktisch und modern, verbindet es zeitgen\u00f6ssisches Design und Bedienkomfort.","robots":{"index":"index","follow":"follow","max-snippet":"max-snippet:-1","max-image-preview":"max-image-preview:large","max-video-preview":"max-video-preview:-1"},"canonical":"https:\/\/laguiole.com\/de\/produit\/das-20-20-klappmesser-vollgriff-rosenholz-11cm-glattfeder-anpassbares-geburstetes-finish\/","og_locale":"de_DE","og_type":"article","og_title":"20\/20 Palisandermesser \u2013 Abgerundete Klinge und schwarze Scheide","og_description":"20\/20 Palisandermesser mit abgerundeter Klinge und schwarzer Scheide. Elegant, praktisch und modern, verbindet es zeitgen\u00f6ssisches Design und Bedienkomfort.","og_url":"https:\/\/laguiole.com\/de\/produit\/das-20-20-klappmesser-vollgriff-rosenholz-11cm-glattfeder-anpassbares-geburstetes-finish\/","og_site_name":"Laguiole.com \u00ae","article_publisher":"https:\/\/www.facebook.com\/laguiolecom\/","article_modified_time":"2025-12-11T17:33:28+00:00","og_image":[{"width":1033,"height":1033,"url":"https:\/\/laguiole.com\/wp-content\/uploads\/2025\/11\/Le_20_20_Plein_Manche_Bois_de_rose_11cm_Ressort_Lisse_Personnalisable_Finition_Brossee_00.jpg","type":"image\/jpeg"}],"twitter_card":"summary_large_image","twitter_misc":{"Gesch\u00e4tzte Lesezeit":"2\u00a0Minute"},"schema":{"@context":"https:\/\/schema.org","@graph":[{"@type":"WebPage","@id":"https:\/\/laguiole.com\/de\/produit\/das-20-20-klappmesser-vollgriff-rosenholz-11cm-glattfeder-anpassbares-geburstetes-finish\/","url":"https:\/\/laguiole.com\/de\/produit\/das-20-20-klappmesser-vollgriff-rosenholz-11cm-glattfeder-anpassbares-geburstetes-finish\/","name":"20\/20 Palisandermesser \u2013 Abgerundete Klinge und schwarze Scheide","isPartOf":{"@id":"https:\/\/laguiole.com\/de\/#website"},"primaryImageOfPage":{"@id":"https:\/\/laguiole.com\/de\/produit\/das-20-20-klappmesser-vollgriff-rosenholz-11cm-glattfeder-anpassbares-geburstetes-finish\/#primaryimage"},"image":{"@id":"https:\/\/laguiole.com\/de\/produit\/das-20-20-klappmesser-vollgriff-rosenholz-11cm-glattfeder-anpassbares-geburstetes-finish\/#primaryimage"},"thumbnailUrl":"https:\/\/laguiole.com\/wp-content\/uploads\/2025\/11\/Le_20_20_Plein_Manche_Bois_de_rose_11cm_Ressort_Lisse_Personnalisable_Finition_Brossee_00.jpg","datePublished":"2025-11-12T12:37:27+00:00","dateModified":"2025-12-11T17:33:28+00:00","description":"20\/20 Palisandermesser mit abgerundeter Klinge und schwarzer Scheide. Elegant, praktisch und modern, verbindet es zeitgen\u00f6ssisches Design und Bedienkomfort.","breadcrumb":{"@id":"https:\/\/laguiole.com\/de\/produit\/das-20-20-klappmesser-vollgriff-rosenholz-11cm-glattfeder-anpassbares-geburstetes-finish\/#breadcrumb"},"inLanguage":"de","potentialAction":[{"@type":"ReadAction","target":["https:\/\/laguiole.com\/de\/produit\/das-20-20-klappmesser-vollgriff-rosenholz-11cm-glattfeder-anpassbares-geburstetes-finish\/"]}]},{"@type":"ImageObject","inLanguage":"de","@id":"https:\/\/laguiole.com\/de\/produit\/das-20-20-klappmesser-vollgriff-rosenholz-11cm-glattfeder-anpassbares-geburstetes-finish\/#primaryimage","url":"https:\/\/laguiole.com\/wp-content\/uploads\/2025\/11\/Le_20_20_Plein_Manche_Bois_de_rose_11cm_Ressort_Lisse_Personnalisable_Finition_Brossee_00.jpg","contentUrl":"https:\/\/laguiole.com\/wp-content\/uploads\/2025\/11\/Le_20_20_Plein_Manche_Bois_de_rose_11cm_Ressort_Lisse_Personnalisable_Finition_Brossee_00.jpg","width":1033,"height":1033,"caption":"Le 20\/20 Couteau Pliant Plein Manche Bois de Rose 11cm Ressort Lisse Personnalisable Finition Bross\u00e9e"},{"@type":"BreadcrumbList","@id":"https:\/\/laguiole.com\/de\/produit\/das-20-20-klappmesser-vollgriff-rosenholz-11cm-glattfeder-anpassbares-geburstetes-finish\/#breadcrumb","itemListElement":[{"@type":"ListItem","position":1,"name":"Accueil","item":"https:\/\/laguiole.com\/de\/"},{"@type":"ListItem","position":2,"name":"Shop","item":"https:\/\/laguiole.com\/de\/shop-2\/"},{"@type":"ListItem","position":3,"name":"Das 20\/20 Klappmesser Vollgriff Palisander 11cm anpassbar Glatte Feder geb\u00fcrstetes Finish"}]},{"@type":"WebSite","@id":"https:\/\/laguiole.com\/de\/#website","url":"https:\/\/laguiole.com\/de\/","name":"Laguiole.com","description":"Laguiole - Couteau laguiole, Chateau Laguiole, Laguiole en Aubrac, Forge de Laguiole","publisher":{"@id":"https:\/\/laguiole.com\/de\/#organization"},"potentialAction":[{"@type":"SearchAction","target":{"@type":"EntryPoint","urlTemplate":"https:\/\/laguiole.com\/de\/?s={search_term_string}"},"query-input":{"@type":"PropertyValueSpecification","valueRequired":true,"valueName":"search_term_string"}}],"inLanguage":"de"},{"@type":"Organization","@id":"https:\/\/laguiole.com\/de\/#organization","name":"Laguiole.com","url":"https:\/\/laguiole.com\/de\/","logo":{"@type":"ImageObject","inLanguage":"de","@id":"https:\/\/laguiole.com\/de\/#\/schema\/logo\/image\/","url":"https:\/\/laguiole.com\/wp-content\/uploads\/2021\/02\/logo_laguiole.com-horizontal.jpg","contentUrl":"https:\/\/laguiole.com\/wp-content\/uploads\/2021\/02\/logo_laguiole.com-horizontal.jpg","width":490,"height":156,"caption":"Laguiole.com"},"image":{"@id":"https:\/\/laguiole.com\/de\/#\/schema\/logo\/image\/"},"sameAs":["https:\/\/www.facebook.com\/laguiolecom\/","https:\/\/www.instagram.com\/laguiolecom\/","https:\/\/www.youtube.com\/@laguiolecom\/videos"]}]}},"_links":{"self":[{"href":"https:\/\/laguiole.com\/de\/wp-json\/wp\/v2\/product\/45208","targetHints":{"allow":["GET"]}}],"collection":[{"href":"https:\/\/laguiole.com\/de\/wp-json\/wp\/v2\/product"}],"about":[{"href":"https:\/\/laguiole.com\/de\/wp-json\/wp\/v2\/types\/product"}],"version-history":[{"count":2,"href":"https:\/\/laguiole.com\/de\/wp-json\/wp\/v2\/product\/45208\/revisions"}],"predecessor-version":[{"id":45218,"href":"https:\/\/laguiole.com\/de\/wp-json\/wp\/v2\/product\/45208\/revisions\/45218"}],"wp:featuredmedia":[{"embeddable":true,"href":"https:\/\/laguiole.com\/de\/wp-json\/wp\/v2\/media\/45569"}],"wp:attachment":[{"href":"https:\/\/laguiole.com\/de\/wp-json\/wp\/v2\/media?parent=45208"}],"wp:term":[{"taxonomy":"product_brand","embeddable":true,"href":"https:\/\/laguiole.com\/de\/wp-json\/wp\/v2\/product_brand?post=45208"},{"taxonomy":"product_cat","embeddable":true,"href":"https:\/\/laguiole.com\/de\/wp-json\/wp\/v2\/product_cat?post=45208"},{"taxonomy":"product_tag","embeddable":true,"href":"https:\/\/laguiole.com\/de\/wp-json\/wp\/v2\/product_tag?post=45208"}],"curies":[{"name":"wp","href":"https:\/\/api.w.org\/{rel}","templated":true}]}}