{"id":44451,"date":"2025-11-04T14:16:13","date_gmt":"2025-11-04T13:16:13","guid":{"rendered":"https:\/\/laguiole.com\/?post_type=product&#038;p=44451"},"modified":"2026-02-08T21:20:31","modified_gmt":"2026-02-08T20:20:31","slug":"laguiole-sommelier-aus-aubrac-feder-und-guilloche-platten-und-messer-fly-prestige-n9-fass-eiche-2","status":"publish","type":"product","link":"https:\/\/laguiole.com\/de\/produit\/laguiole-sommelier-aus-aubrac-feder-und-guilloche-platten-und-messer-fly-prestige-n9-fass-eiche-2\/","title":{"rendered":"Laguiole Prestige Sommelier in Aubrac Spring und Guilloch\u00e9 Teller sowie Knife Fly Prestige gemei\u00dfelt N\u00b06 Ebenholz Gl\u00e4nzende Finish"},"content":{"rendered":"<p>Ihr Laguiole Sommelier in Aubrac wird von der handwerklichen Fabrik Laguiole en Aubrac hergestellt.<br \/>\nFliegengeschmiedet und komplett von Hand<br \/>\ngemei\u00dfelt Handguillochierte Feder, gl\u00e4nzende<\/p>\n<p>Edelstahlbacken Bitte beachten Sie, dass wir Materialien nat\u00fcrlichen Ursprungs verwenden und wir weisen Sie darauf hin, dass das Aussehen unserer Produkte bei gleicher Auflage variieren kann.<br \/>\nDas ist es, was jedes fertige Produkt anders macht.<br \/>\nUnsere Fotos sind daher nicht vertraglich bindend.<\/p>\n","protected":false},"excerpt":{"rendered":"<p>Laguiole und Aubrac Sommelier Korkenzieher und kleines Flaschen\u00f6ffnermesser<br \/>\nGriff: Ebony<br \/>\nFly Prestige Nr. 6<br \/>\nTeller: Guilloch\u00e9 in gl\u00e4nzendem<br \/>\nEdelstahl Feder: Guilloch\u00e9 in gl\u00e4nzendem Edelstahl<br \/>\nBolster: 2 gl\u00e4nzender<br \/>\nEdelstahl Spirale: 5 Windungen<br \/>\nFlaschen\u00f6ffner: Guilloch\u00e9 in Edelstahl Brilliant<br \/>\nFly Prestige von Hand gemei\u00dfelt<\/p>\n","protected":false},"featured_media":44625,"template":"","meta":{"_acf_changed":false,"_monsterinsights_skip_tracking":false,"_monsterinsights_sitenote_active":false,"_monsterinsights_sitenote_note":"","_monsterinsights_sitenote_category":0},"product_brand":[],"product_cat":[5962],"product_tag":[],"class_list":{"0":"post-44451","1":"product","2":"type-product","3":"status-publish","4":"has-post-thumbnail","6":"product_cat-kellnermesser","7":"pa_finition-brillant","8":"pa_manche-en-bois-ebenholz","9":"pa_marque-laguiole-en-aubracfr","10":"pa_mitres-2-gehrungen","11":"pa_mitres-glaenzender-edelstahl","12":"pa_mouche-prestige","13":"pa_platines-guilloche-muster","14":"pa_ressort-guilloche","15":"tm-has-options","18":"instock","19":"taxable","20":"shipping-taxable","21":"purchasable","22":"product-type-simple"},"supplier_id":null,"supplier_sku":"","barcode":null,"atum_controlled":true,"out_stock_date":null,"out_stock_threshold":null,"inheritable":false,"inbound_stock":0,"stock_on_hold":0,"sold_today":0,"sales_last_days":0,"reserved_stock":0,"customer_returns":0,"warehouse_damage":0,"lost_in_post":0,"other_logs":0,"out_stock_days":0,"lost_sales":0,"has_location":false,"update_date":"2026-05-11T00:54:09","atum_locations":[],"atum_stock_status":"instock","restock_status":false,"low_stock_amount":"","sales_update_date":"2026-05-11T00:54:08","calc_backorders":0,"acf":[],"yoast_head":"<!-- This site is optimized with the Yoast SEO plugin v27.3 - https:\/\/yoast.com\/product\/yoast-seo-wordpress\/ -->\n<title>Laguiole Prestige Sommelier in Aubrac Spring und Guilloch\u00e9 Teller sowie Knife Fly Prestige gemei\u00dfelt N\u00b06 Ebenholz Gl\u00e4nzende Finish - Laguiole.com \u00ae<\/title>\n<meta name=\"robots\" content=\"index, follow, max-snippet:-1, max-image-preview:large, max-video-preview:-1\" \/>\n<link rel=\"canonical\" href=\"https:\/\/laguiole.com\/de\/produit\/laguiole-sommelier-aus-aubrac-feder-und-guilloche-platten-und-messer-fly-prestige-n9-fass-eiche-2\/\" \/>\n<meta property=\"og:locale\" content=\"de_DE\" \/>\n<meta property=\"og:type\" content=\"article\" \/>\n<meta property=\"og:title\" content=\"Laguiole Prestige Sommelier in Aubrac Spring und Guilloch\u00e9 Teller sowie Knife Fly Prestige gemei\u00dfelt N\u00b06 Ebenholz Gl\u00e4nzende Finish - Laguiole.com \u00ae\" \/>\n<meta property=\"og:description\" content=\"Laguiole und Aubrac Sommelier Korkenzieher und kleines Flaschen\u00f6ffnermesser Griff: Ebony Fly Prestige Nr. 6 Teller: Guilloch\u00e9 in gl\u00e4nzendem Edelstahl Feder: Guilloch\u00e9 in gl\u00e4nzendem Edelstahl Bolster: 2 gl\u00e4nzender Edelstahl Spirale: 5 Windungen Flaschen\u00f6ffner: Guilloch\u00e9 in Edelstahl Brilliant Fly Prestige von Hand gemei\u00dfelt\" \/>\n<meta property=\"og:url\" content=\"https:\/\/laguiole.com\/de\/produit\/laguiole-sommelier-aus-aubrac-feder-und-guilloche-platten-und-messer-fly-prestige-n9-fass-eiche-2\/\" \/>\n<meta property=\"og:site_name\" content=\"Laguiole.com \u00ae\" \/>\n<meta property=\"article:publisher\" content=\"https:\/\/www.facebook.com\/laguiolecom\/\" \/>\n<meta property=\"article:modified_time\" content=\"2026-02-08T20:20:31+00:00\" \/>\n<meta property=\"og:image\" content=\"https:\/\/laguiole.com\/wp-content\/uploads\/2025\/11\/Sommelier_Prestige_Laguiole_en_Aubrac_Ressort_Platines_Couteau_Guilloches_Mouche_Prestige_ciselee_Ebene_Brillant_00.jpg\" \/>\n\t<meta property=\"og:image:width\" content=\"1033\" \/>\n\t<meta property=\"og:image:height\" content=\"1033\" \/>\n\t<meta property=\"og:image:type\" content=\"image\/jpeg\" \/>\n<meta name=\"twitter:card\" content=\"summary_large_image\" \/>\n<meta name=\"twitter:label1\" content=\"Gesch\u00e4tzte Lesezeit\" \/>\n\t<meta name=\"twitter:data1\" content=\"1\u00a0Minute\" \/>\n<script type=\"application\/ld+json\" class=\"yoast-schema-graph\">{\"@context\":\"https:\\\/\\\/schema.org\",\"@graph\":[{\"@type\":\"WebPage\",\"@id\":\"https:\\\/\\\/laguiole.com\\\/de\\\/produit\\\/laguiole-sommelier-aus-aubrac-feder-und-guilloche-platten-und-messer-fly-prestige-n9-fass-eiche-2\\\/\",\"url\":\"https:\\\/\\\/laguiole.com\\\/de\\\/produit\\\/laguiole-sommelier-aus-aubrac-feder-und-guilloche-platten-und-messer-fly-prestige-n9-fass-eiche-2\\\/\",\"name\":\"Laguiole Prestige Sommelier in Aubrac Spring und Guilloch\u00e9 Teller sowie Knife Fly Prestige gemei\u00dfelt N\u00b06 Ebenholz Gl\u00e4nzende Finish - Laguiole.com \u00ae\",\"isPartOf\":{\"@id\":\"https:\\\/\\\/laguiole.com\\\/de\\\/#website\"},\"primaryImageOfPage\":{\"@id\":\"https:\\\/\\\/laguiole.com\\\/de\\\/produit\\\/laguiole-sommelier-aus-aubrac-feder-und-guilloche-platten-und-messer-fly-prestige-n9-fass-eiche-2\\\/#primaryimage\"},\"image\":{\"@id\":\"https:\\\/\\\/laguiole.com\\\/de\\\/produit\\\/laguiole-sommelier-aus-aubrac-feder-und-guilloche-platten-und-messer-fly-prestige-n9-fass-eiche-2\\\/#primaryimage\"},\"thumbnailUrl\":\"https:\\\/\\\/laguiole.com\\\/wp-content\\\/uploads\\\/2025\\\/11\\\/Sommelier_Prestige_Laguiole_en_Aubrac_Ressort_Platines_Couteau_Guilloches_Mouche_Prestige_ciselee_Ebene_Brillant_00.jpg\",\"datePublished\":\"2025-11-04T13:16:13+00:00\",\"dateModified\":\"2026-02-08T20:20:31+00:00\",\"breadcrumb\":{\"@id\":\"https:\\\/\\\/laguiole.com\\\/de\\\/produit\\\/laguiole-sommelier-aus-aubrac-feder-und-guilloche-platten-und-messer-fly-prestige-n9-fass-eiche-2\\\/#breadcrumb\"},\"inLanguage\":\"de\",\"potentialAction\":[{\"@type\":\"ReadAction\",\"target\":[\"https:\\\/\\\/laguiole.com\\\/de\\\/produit\\\/laguiole-sommelier-aus-aubrac-feder-und-guilloche-platten-und-messer-fly-prestige-n9-fass-eiche-2\\\/\"]}]},{\"@type\":\"ImageObject\",\"inLanguage\":\"de\",\"@id\":\"https:\\\/\\\/laguiole.com\\\/de\\\/produit\\\/laguiole-sommelier-aus-aubrac-feder-und-guilloche-platten-und-messer-fly-prestige-n9-fass-eiche-2\\\/#primaryimage\",\"url\":\"https:\\\/\\\/laguiole.com\\\/wp-content\\\/uploads\\\/2025\\\/11\\\/Sommelier_Prestige_Laguiole_en_Aubrac_Ressort_Platines_Couteau_Guilloches_Mouche_Prestige_ciselee_Ebene_Brillant_00.jpg\",\"contentUrl\":\"https:\\\/\\\/laguiole.com\\\/wp-content\\\/uploads\\\/2025\\\/11\\\/Sommelier_Prestige_Laguiole_en_Aubrac_Ressort_Platines_Couteau_Guilloches_Mouche_Prestige_ciselee_Ebene_Brillant_00.jpg\",\"width\":1033,\"height\":1033,\"caption\":\"Laguiole Prestige Sommelier in Aubrac Feder und Guilloch\u00e9 Platten und Messer Prestige Fliege ziseliert Ebenholz gl\u00e4nzendes Finish\"},{\"@type\":\"BreadcrumbList\",\"@id\":\"https:\\\/\\\/laguiole.com\\\/de\\\/produit\\\/laguiole-sommelier-aus-aubrac-feder-und-guilloche-platten-und-messer-fly-prestige-n9-fass-eiche-2\\\/#breadcrumb\",\"itemListElement\":[{\"@type\":\"ListItem\",\"position\":1,\"name\":\"Accueil\",\"item\":\"https:\\\/\\\/laguiole.com\\\/de\\\/\"},{\"@type\":\"ListItem\",\"position\":2,\"name\":\"Shop\",\"item\":\"https:\\\/\\\/laguiole.com\\\/de\\\/shop-2\\\/\"},{\"@type\":\"ListItem\",\"position\":3,\"name\":\"Laguiole Prestige Sommelier in Aubrac Spring und Guilloch\u00e9 Teller sowie Knife Fly Prestige gemei\u00dfelt N\u00b06 Ebenholz Gl\u00e4nzende Finish\"}]},{\"@type\":\"WebSite\",\"@id\":\"https:\\\/\\\/laguiole.com\\\/de\\\/#website\",\"url\":\"https:\\\/\\\/laguiole.com\\\/de\\\/\",\"name\":\"Laguiole.com\",\"description\":\"Laguiole - Couteau laguiole, Chateau Laguiole, Laguiole en Aubrac, Forge de Laguiole\",\"publisher\":{\"@id\":\"https:\\\/\\\/laguiole.com\\\/de\\\/#organization\"},\"potentialAction\":[{\"@type\":\"SearchAction\",\"target\":{\"@type\":\"EntryPoint\",\"urlTemplate\":\"https:\\\/\\\/laguiole.com\\\/de\\\/?s={search_term_string}\"},\"query-input\":{\"@type\":\"PropertyValueSpecification\",\"valueRequired\":true,\"valueName\":\"search_term_string\"}}],\"inLanguage\":\"de\"},{\"@type\":\"Organization\",\"@id\":\"https:\\\/\\\/laguiole.com\\\/de\\\/#organization\",\"name\":\"Laguiole.com\",\"url\":\"https:\\\/\\\/laguiole.com\\\/de\\\/\",\"logo\":{\"@type\":\"ImageObject\",\"inLanguage\":\"de\",\"@id\":\"https:\\\/\\\/laguiole.com\\\/de\\\/#\\\/schema\\\/logo\\\/image\\\/\",\"url\":\"https:\\\/\\\/laguiole.com\\\/wp-content\\\/uploads\\\/2021\\\/02\\\/logo_laguiole.com-horizontal.jpg\",\"contentUrl\":\"https:\\\/\\\/laguiole.com\\\/wp-content\\\/uploads\\\/2021\\\/02\\\/logo_laguiole.com-horizontal.jpg\",\"width\":490,\"height\":156,\"caption\":\"Laguiole.com\"},\"image\":{\"@id\":\"https:\\\/\\\/laguiole.com\\\/de\\\/#\\\/schema\\\/logo\\\/image\\\/\"},\"sameAs\":[\"https:\\\/\\\/www.facebook.com\\\/laguiolecom\\\/\",\"https:\\\/\\\/www.instagram.com\\\/laguiolecom\\\/\",\"https:\\\/\\\/www.youtube.com\\\/@laguiolecom\\\/videos\"]}]}<\/script>\n<!-- \/ Yoast SEO plugin. -->","yoast_head_json":{"title":"Laguiole Prestige Sommelier in Aubrac Spring und Guilloch\u00e9 Teller sowie Knife Fly Prestige gemei\u00dfelt N\u00b06 Ebenholz Gl\u00e4nzende Finish - Laguiole.com \u00ae","robots":{"index":"index","follow":"follow","max-snippet":"max-snippet:-1","max-image-preview":"max-image-preview:large","max-video-preview":"max-video-preview:-1"},"canonical":"https:\/\/laguiole.com\/de\/produit\/laguiole-sommelier-aus-aubrac-feder-und-guilloche-platten-und-messer-fly-prestige-n9-fass-eiche-2\/","og_locale":"de_DE","og_type":"article","og_title":"Laguiole Prestige Sommelier in Aubrac Spring und Guilloch\u00e9 Teller sowie Knife Fly Prestige gemei\u00dfelt N\u00b06 Ebenholz Gl\u00e4nzende Finish - Laguiole.com \u00ae","og_description":"Laguiole und Aubrac Sommelier Korkenzieher und kleines Flaschen\u00f6ffnermesser Griff: Ebony Fly Prestige Nr. 6 Teller: Guilloch\u00e9 in gl\u00e4nzendem Edelstahl Feder: Guilloch\u00e9 in gl\u00e4nzendem Edelstahl Bolster: 2 gl\u00e4nzender Edelstahl Spirale: 5 Windungen Flaschen\u00f6ffner: Guilloch\u00e9 in Edelstahl Brilliant Fly Prestige von Hand gemei\u00dfelt","og_url":"https:\/\/laguiole.com\/de\/produit\/laguiole-sommelier-aus-aubrac-feder-und-guilloche-platten-und-messer-fly-prestige-n9-fass-eiche-2\/","og_site_name":"Laguiole.com \u00ae","article_publisher":"https:\/\/www.facebook.com\/laguiolecom\/","article_modified_time":"2026-02-08T20:20:31+00:00","og_image":[{"width":1033,"height":1033,"url":"https:\/\/laguiole.com\/wp-content\/uploads\/2025\/11\/Sommelier_Prestige_Laguiole_en_Aubrac_Ressort_Platines_Couteau_Guilloches_Mouche_Prestige_ciselee_Ebene_Brillant_00.jpg","type":"image\/jpeg"}],"twitter_card":"summary_large_image","twitter_misc":{"Gesch\u00e4tzte Lesezeit":"1\u00a0Minute"},"schema":{"@context":"https:\/\/schema.org","@graph":[{"@type":"WebPage","@id":"https:\/\/laguiole.com\/de\/produit\/laguiole-sommelier-aus-aubrac-feder-und-guilloche-platten-und-messer-fly-prestige-n9-fass-eiche-2\/","url":"https:\/\/laguiole.com\/de\/produit\/laguiole-sommelier-aus-aubrac-feder-und-guilloche-platten-und-messer-fly-prestige-n9-fass-eiche-2\/","name":"Laguiole Prestige Sommelier in Aubrac Spring und Guilloch\u00e9 Teller sowie Knife Fly Prestige gemei\u00dfelt N\u00b06 Ebenholz Gl\u00e4nzende Finish - Laguiole.com \u00ae","isPartOf":{"@id":"https:\/\/laguiole.com\/de\/#website"},"primaryImageOfPage":{"@id":"https:\/\/laguiole.com\/de\/produit\/laguiole-sommelier-aus-aubrac-feder-und-guilloche-platten-und-messer-fly-prestige-n9-fass-eiche-2\/#primaryimage"},"image":{"@id":"https:\/\/laguiole.com\/de\/produit\/laguiole-sommelier-aus-aubrac-feder-und-guilloche-platten-und-messer-fly-prestige-n9-fass-eiche-2\/#primaryimage"},"thumbnailUrl":"https:\/\/laguiole.com\/wp-content\/uploads\/2025\/11\/Sommelier_Prestige_Laguiole_en_Aubrac_Ressort_Platines_Couteau_Guilloches_Mouche_Prestige_ciselee_Ebene_Brillant_00.jpg","datePublished":"2025-11-04T13:16:13+00:00","dateModified":"2026-02-08T20:20:31+00:00","breadcrumb":{"@id":"https:\/\/laguiole.com\/de\/produit\/laguiole-sommelier-aus-aubrac-feder-und-guilloche-platten-und-messer-fly-prestige-n9-fass-eiche-2\/#breadcrumb"},"inLanguage":"de","potentialAction":[{"@type":"ReadAction","target":["https:\/\/laguiole.com\/de\/produit\/laguiole-sommelier-aus-aubrac-feder-und-guilloche-platten-und-messer-fly-prestige-n9-fass-eiche-2\/"]}]},{"@type":"ImageObject","inLanguage":"de","@id":"https:\/\/laguiole.com\/de\/produit\/laguiole-sommelier-aus-aubrac-feder-und-guilloche-platten-und-messer-fly-prestige-n9-fass-eiche-2\/#primaryimage","url":"https:\/\/laguiole.com\/wp-content\/uploads\/2025\/11\/Sommelier_Prestige_Laguiole_en_Aubrac_Ressort_Platines_Couteau_Guilloches_Mouche_Prestige_ciselee_Ebene_Brillant_00.jpg","contentUrl":"https:\/\/laguiole.com\/wp-content\/uploads\/2025\/11\/Sommelier_Prestige_Laguiole_en_Aubrac_Ressort_Platines_Couteau_Guilloches_Mouche_Prestige_ciselee_Ebene_Brillant_00.jpg","width":1033,"height":1033,"caption":"Laguiole Prestige Sommelier in Aubrac Feder und Guilloch\u00e9 Platten und Messer Prestige Fliege ziseliert Ebenholz gl\u00e4nzendes Finish"},{"@type":"BreadcrumbList","@id":"https:\/\/laguiole.com\/de\/produit\/laguiole-sommelier-aus-aubrac-feder-und-guilloche-platten-und-messer-fly-prestige-n9-fass-eiche-2\/#breadcrumb","itemListElement":[{"@type":"ListItem","position":1,"name":"Accueil","item":"https:\/\/laguiole.com\/de\/"},{"@type":"ListItem","position":2,"name":"Shop","item":"https:\/\/laguiole.com\/de\/shop-2\/"},{"@type":"ListItem","position":3,"name":"Laguiole Prestige Sommelier in Aubrac Spring und Guilloch\u00e9 Teller sowie Knife Fly Prestige gemei\u00dfelt N\u00b06 Ebenholz Gl\u00e4nzende Finish"}]},{"@type":"WebSite","@id":"https:\/\/laguiole.com\/de\/#website","url":"https:\/\/laguiole.com\/de\/","name":"Laguiole.com","description":"Laguiole - Couteau laguiole, Chateau Laguiole, Laguiole en Aubrac, Forge de Laguiole","publisher":{"@id":"https:\/\/laguiole.com\/de\/#organization"},"potentialAction":[{"@type":"SearchAction","target":{"@type":"EntryPoint","urlTemplate":"https:\/\/laguiole.com\/de\/?s={search_term_string}"},"query-input":{"@type":"PropertyValueSpecification","valueRequired":true,"valueName":"search_term_string"}}],"inLanguage":"de"},{"@type":"Organization","@id":"https:\/\/laguiole.com\/de\/#organization","name":"Laguiole.com","url":"https:\/\/laguiole.com\/de\/","logo":{"@type":"ImageObject","inLanguage":"de","@id":"https:\/\/laguiole.com\/de\/#\/schema\/logo\/image\/","url":"https:\/\/laguiole.com\/wp-content\/uploads\/2021\/02\/logo_laguiole.com-horizontal.jpg","contentUrl":"https:\/\/laguiole.com\/wp-content\/uploads\/2021\/02\/logo_laguiole.com-horizontal.jpg","width":490,"height":156,"caption":"Laguiole.com"},"image":{"@id":"https:\/\/laguiole.com\/de\/#\/schema\/logo\/image\/"},"sameAs":["https:\/\/www.facebook.com\/laguiolecom\/","https:\/\/www.instagram.com\/laguiolecom\/","https:\/\/www.youtube.com\/@laguiolecom\/videos"]}]}},"_links":{"self":[{"href":"https:\/\/laguiole.com\/de\/wp-json\/wp\/v2\/product\/44451","targetHints":{"allow":["GET"]}}],"collection":[{"href":"https:\/\/laguiole.com\/de\/wp-json\/wp\/v2\/product"}],"about":[{"href":"https:\/\/laguiole.com\/de\/wp-json\/wp\/v2\/types\/product"}],"version-history":[{"count":2,"href":"https:\/\/laguiole.com\/de\/wp-json\/wp\/v2\/product\/44451\/revisions"}],"predecessor-version":[{"id":49768,"href":"https:\/\/laguiole.com\/de\/wp-json\/wp\/v2\/product\/44451\/revisions\/49768"}],"wp:featuredmedia":[{"embeddable":true,"href":"https:\/\/laguiole.com\/de\/wp-json\/wp\/v2\/media\/44625"}],"wp:attachment":[{"href":"https:\/\/laguiole.com\/de\/wp-json\/wp\/v2\/media?parent=44451"}],"wp:term":[{"taxonomy":"product_brand","embeddable":true,"href":"https:\/\/laguiole.com\/de\/wp-json\/wp\/v2\/product_brand?post=44451"},{"taxonomy":"product_cat","embeddable":true,"href":"https:\/\/laguiole.com\/de\/wp-json\/wp\/v2\/product_cat?post=44451"},{"taxonomy":"product_tag","embeddable":true,"href":"https:\/\/laguiole.com\/de\/wp-json\/wp\/v2\/product_tag?post=44451"}],"curies":[{"name":"wp","href":"https:\/\/api.w.org\/{rel}","templated":true}]}}