{"id":44235,"date":"2025-11-02T21:17:22","date_gmt":"2025-11-02T20:17:22","guid":{"rendered":"https:\/\/laguiole.com\/?post_type=product&#038;p=44235"},"modified":"2025-12-16T20:41:31","modified_gmt":"2025-12-16T19:41:31","slug":"laguiole-traditionelles-kuchenmesser-20-cm-mit-aubrac-ebenholzgriff-3","status":"publish","type":"product","link":"https:\/\/laguiole.com\/de\/produit\/laguiole-traditionelles-kuchenmesser-20-cm-mit-aubrac-ebenholzgriff-3\/","title":{"rendered":"Laguiole Klassisches K\u00fcchenmesser 20 cm mit Aubrac Olivengriff"},"content":{"rendered":"<h2 data-start=\"207\" data-end=\"276\">\ud83d\udd2a <strong data-start=\"213\" data-end=\"276\">Laguiole Klassisches K\u00fcchenmesser in Aubrac 20 cm<\/strong><\/h2>\n<p data-start=\"278\" data-end=\"531\">Das klassische 20 cm lange K\u00fcchenmesser von <strong data-start=\"325\" data-end=\"347\">Laguiole en Aubrac<\/strong> verk\u00f6rpert die Eleganz der richtigen Geste.<br data-start=\"382\" data-end=\"385\" \/>Seine 20 cm lange, d\u00fcnne und ausgewogene Klinge aus geb\u00fcrstetem Edelstahl schneidet Fleisch, Gem\u00fcse und frische Kr\u00e4uter mit Pr\u00e4zision. Seine Gr\u00f6\u00dfe ist sehr vielseitig.<\/p>\n<p data-start=\"533\" data-end=\"770\">Sein <strong data-start=\"536\" data-end=\"563\">Vollpolster mit Schutz<\/strong> sorgt f\u00fcr perfekte Sicherheit und Stabilit\u00e4t.<br data-start=\"611\" data-end=\"614\" \/>Der <strong data-start=\"109\" data-end=\"137\">Griff aus Olivenholz<\/strong> besticht durch seine <strong data-start=\"152\" data-end=\"173\">nat\u00fcrliche W\u00e4rme<\/strong> und <strong data-start=\"181\" data-end=\"199\">sein raffiniertes Design<\/strong>. Es bietet einen <strong data-start=\"215\" data-end=\"258\">bequemen und ausgewogenen Griff<\/strong>, ideal f\u00fcr <strong data-start=\"275\" data-end=\"305\">den t\u00e4glichen Gebrauch in der K\u00fcche<\/strong>.<\/p>\n<p data-start=\"772\" data-end=\"904\">Ein Messer <strong data-start=\"792\" data-end=\"825\">, das Ausgewogenheit, Kraft und Tradition<\/strong> vereint.<br data-start=\"826\" data-end=\"829\" \/>Ein treuer Begleiter, geboren im Aubrac, geschmiedet f\u00fcr die heutige K\u00fcche.<\/p>\n<p data-start=\"906\" data-end=\"1018\"><strong data-start=\"910\" data-end=\"966\">Die klassischen Laguiole K\u00fcchenmesser in Aubrac<\/strong>, der Geschmack des Echten, in <strong data-start=\"985\" data-end=\"1015\">Authentizit\u00e4t geschnitten<\/strong>.<\/p>\n","protected":false},"excerpt":{"rendered":"<p>Laguiole Classic K\u00fcchenmesser in Aubrac<br \/>\nGriff: Olivenbaum<br \/>\nVollgehrung mit Schutz<br \/>\nGesamtmessergr\u00f6\u00dfe: 32 cm<br \/>\nGriffgr\u00f6\u00dfe: 12 cm<br \/>\nKlingengr\u00f6\u00dfe: 20 cm<br \/>\nKlinge: Geb\u00fcrsteter Edelstahl<\/p>\n","protected":false},"featured_media":44314,"template":"","meta":{"_acf_changed":false,"_monsterinsights_skip_tracking":false,"_monsterinsights_sitenote_active":false,"_monsterinsights_sitenote_note":"","_monsterinsights_sitenote_category":0},"product_brand":[],"product_cat":[5932,5933],"product_tag":[],"class_list":{"0":"post-44235","1":"product","2":"type-product","3":"status-publish","4":"has-post-thumbnail","6":"product_cat-laguiole-kuechenbloecke-sets-und-zubehoer","7":"product_cat-laguiole-kuechenbloecke-und-messer","8":"pa_lame-gebuersteter-edelstahl","9":"pa_manche-en-bois-olive","10":"pa_marque-laguiole-en-aubracfr","11":"pa_mitres-1-gehrung","12":"tm-has-options","15":"instock","16":"taxable","17":"shipping-taxable","18":"purchasable","19":"product-type-simple"},"supplier_id":null,"supplier_sku":"","barcode":null,"atum_controlled":true,"out_stock_date":null,"out_stock_threshold":null,"inheritable":false,"inbound_stock":0,"stock_on_hold":0,"sold_today":0,"sales_last_days":0,"reserved_stock":0,"customer_returns":0,"warehouse_damage":0,"lost_in_post":0,"other_logs":0,"out_stock_days":0,"lost_sales":0,"has_location":false,"update_date":"2026-05-02T00:41:31","atum_locations":[],"atum_stock_status":"instock","restock_status":false,"low_stock_amount":"","sales_update_date":"2026-05-02T00:41:31","calc_backorders":0,"acf":[],"yoast_head":"<!-- This site is optimized with the Yoast SEO plugin v27.3 - https:\/\/yoast.com\/product\/yoast-seo-wordpress\/ -->\n<title>Laguiole K\u00fcchenmesser in Aubrac 20 cm \u2013 Olivengriff<\/title>\n<meta name=\"description\" content=\"Laguiole Aubrac K\u00fcchenmesser: 20 cm Klinge aus geb\u00fcrstetem Edelstahl, massiver Kropf mit Parierstange und Olivengriff, Kombination aus Tradition und Pr\u00e4zision.\" \/>\n<meta name=\"robots\" content=\"index, follow, max-snippet:-1, max-image-preview:large, max-video-preview:-1\" \/>\n<link rel=\"canonical\" href=\"https:\/\/laguiole.com\/de\/produit\/laguiole-traditionelles-kuchenmesser-20-cm-mit-aubrac-ebenholzgriff-3\/\" \/>\n<meta property=\"og:locale\" content=\"de_DE\" \/>\n<meta property=\"og:type\" content=\"article\" \/>\n<meta property=\"og:title\" content=\"Laguiole K\u00fcchenmesser in Aubrac 20 cm \u2013 Olivengriff\" \/>\n<meta property=\"og:description\" content=\"Laguiole Aubrac K\u00fcchenmesser: 20 cm Klinge aus geb\u00fcrstetem Edelstahl, massiver Kropf mit Parierstange und Olivengriff, Kombination aus Tradition und Pr\u00e4zision.\" \/>\n<meta property=\"og:url\" content=\"https:\/\/laguiole.com\/de\/produit\/laguiole-traditionelles-kuchenmesser-20-cm-mit-aubrac-ebenholzgriff-3\/\" \/>\n<meta property=\"og:site_name\" content=\"Laguiole.com \u00ae\" \/>\n<meta property=\"article:publisher\" content=\"https:\/\/www.facebook.com\/laguiolecom\/\" \/>\n<meta property=\"article:modified_time\" content=\"2025-12-16T19:41:31+00:00\" \/>\n<meta property=\"og:image\" content=\"https:\/\/laguiole.com\/wp-content\/uploads\/2025\/11\/Couteau_de_cuisine_20cm_Classique_Laguiole_en_Aubrac_Manche_Olivier_00.jpg\" \/>\n\t<meta property=\"og:image:width\" content=\"1033\" \/>\n\t<meta property=\"og:image:height\" content=\"1033\" \/>\n\t<meta property=\"og:image:type\" content=\"image\/jpeg\" \/>\n<meta name=\"twitter:card\" content=\"summary_large_image\" \/>\n<meta name=\"twitter:label1\" content=\"Gesch\u00e4tzte Lesezeit\" \/>\n\t<meta name=\"twitter:data1\" content=\"1\u00a0Minute\" \/>\n<script type=\"application\/ld+json\" class=\"yoast-schema-graph\">{\"@context\":\"https:\\\/\\\/schema.org\",\"@graph\":[{\"@type\":\"WebPage\",\"@id\":\"https:\\\/\\\/laguiole.com\\\/de\\\/produit\\\/laguiole-traditionelles-kuchenmesser-20-cm-mit-aubrac-ebenholzgriff-3\\\/\",\"url\":\"https:\\\/\\\/laguiole.com\\\/de\\\/produit\\\/laguiole-traditionelles-kuchenmesser-20-cm-mit-aubrac-ebenholzgriff-3\\\/\",\"name\":\"Laguiole K\u00fcchenmesser in Aubrac 20 cm \u2013 Olivengriff\",\"isPartOf\":{\"@id\":\"https:\\\/\\\/laguiole.com\\\/de\\\/#website\"},\"primaryImageOfPage\":{\"@id\":\"https:\\\/\\\/laguiole.com\\\/de\\\/produit\\\/laguiole-traditionelles-kuchenmesser-20-cm-mit-aubrac-ebenholzgriff-3\\\/#primaryimage\"},\"image\":{\"@id\":\"https:\\\/\\\/laguiole.com\\\/de\\\/produit\\\/laguiole-traditionelles-kuchenmesser-20-cm-mit-aubrac-ebenholzgriff-3\\\/#primaryimage\"},\"thumbnailUrl\":\"https:\\\/\\\/laguiole.com\\\/wp-content\\\/uploads\\\/2025\\\/11\\\/Couteau_de_cuisine_20cm_Classique_Laguiole_en_Aubrac_Manche_Olivier_00.jpg\",\"datePublished\":\"2025-11-02T20:17:22+00:00\",\"dateModified\":\"2025-12-16T19:41:31+00:00\",\"description\":\"Laguiole Aubrac K\u00fcchenmesser: 20 cm Klinge aus geb\u00fcrstetem Edelstahl, massiver Kropf mit Parierstange und Olivengriff, Kombination aus Tradition und Pr\u00e4zision.\",\"breadcrumb\":{\"@id\":\"https:\\\/\\\/laguiole.com\\\/de\\\/produit\\\/laguiole-traditionelles-kuchenmesser-20-cm-mit-aubrac-ebenholzgriff-3\\\/#breadcrumb\"},\"inLanguage\":\"de\",\"potentialAction\":[{\"@type\":\"ReadAction\",\"target\":[\"https:\\\/\\\/laguiole.com\\\/de\\\/produit\\\/laguiole-traditionelles-kuchenmesser-20-cm-mit-aubrac-ebenholzgriff-3\\\/\"]}]},{\"@type\":\"ImageObject\",\"inLanguage\":\"de\",\"@id\":\"https:\\\/\\\/laguiole.com\\\/de\\\/produit\\\/laguiole-traditionelles-kuchenmesser-20-cm-mit-aubrac-ebenholzgriff-3\\\/#primaryimage\",\"url\":\"https:\\\/\\\/laguiole.com\\\/wp-content\\\/uploads\\\/2025\\\/11\\\/Couteau_de_cuisine_20cm_Classique_Laguiole_en_Aubrac_Manche_Olivier_00.jpg\",\"contentUrl\":\"https:\\\/\\\/laguiole.com\\\/wp-content\\\/uploads\\\/2025\\\/11\\\/Couteau_de_cuisine_20cm_Classique_Laguiole_en_Aubrac_Manche_Olivier_00.jpg\",\"width\":1033,\"height\":1033,\"caption\":\"Laguiole Klassisches K\u00fcchenmesser 20 cm mit Aubrac Olivengriff\"},{\"@type\":\"BreadcrumbList\",\"@id\":\"https:\\\/\\\/laguiole.com\\\/de\\\/produit\\\/laguiole-traditionelles-kuchenmesser-20-cm-mit-aubrac-ebenholzgriff-3\\\/#breadcrumb\",\"itemListElement\":[{\"@type\":\"ListItem\",\"position\":1,\"name\":\"Accueil\",\"item\":\"https:\\\/\\\/laguiole.com\\\/de\\\/\"},{\"@type\":\"ListItem\",\"position\":2,\"name\":\"Shop\",\"item\":\"https:\\\/\\\/laguiole.com\\\/de\\\/shop-2\\\/\"},{\"@type\":\"ListItem\",\"position\":3,\"name\":\"Laguiole Klassisches K\u00fcchenmesser 20 cm mit Aubrac Olivengriff\"}]},{\"@type\":\"WebSite\",\"@id\":\"https:\\\/\\\/laguiole.com\\\/de\\\/#website\",\"url\":\"https:\\\/\\\/laguiole.com\\\/de\\\/\",\"name\":\"Laguiole.com\",\"description\":\"Laguiole - Couteau laguiole, Chateau Laguiole, Laguiole en Aubrac, Forge de Laguiole\",\"publisher\":{\"@id\":\"https:\\\/\\\/laguiole.com\\\/de\\\/#organization\"},\"potentialAction\":[{\"@type\":\"SearchAction\",\"target\":{\"@type\":\"EntryPoint\",\"urlTemplate\":\"https:\\\/\\\/laguiole.com\\\/de\\\/?s={search_term_string}\"},\"query-input\":{\"@type\":\"PropertyValueSpecification\",\"valueRequired\":true,\"valueName\":\"search_term_string\"}}],\"inLanguage\":\"de\"},{\"@type\":\"Organization\",\"@id\":\"https:\\\/\\\/laguiole.com\\\/de\\\/#organization\",\"name\":\"Laguiole.com\",\"url\":\"https:\\\/\\\/laguiole.com\\\/de\\\/\",\"logo\":{\"@type\":\"ImageObject\",\"inLanguage\":\"de\",\"@id\":\"https:\\\/\\\/laguiole.com\\\/de\\\/#\\\/schema\\\/logo\\\/image\\\/\",\"url\":\"https:\\\/\\\/laguiole.com\\\/wp-content\\\/uploads\\\/2021\\\/02\\\/logo_laguiole.com-horizontal.jpg\",\"contentUrl\":\"https:\\\/\\\/laguiole.com\\\/wp-content\\\/uploads\\\/2021\\\/02\\\/logo_laguiole.com-horizontal.jpg\",\"width\":490,\"height\":156,\"caption\":\"Laguiole.com\"},\"image\":{\"@id\":\"https:\\\/\\\/laguiole.com\\\/de\\\/#\\\/schema\\\/logo\\\/image\\\/\"},\"sameAs\":[\"https:\\\/\\\/www.facebook.com\\\/laguiolecom\\\/\",\"https:\\\/\\\/www.instagram.com\\\/laguiolecom\\\/\",\"https:\\\/\\\/www.youtube.com\\\/@laguiolecom\\\/videos\"]}]}<\/script>\n<!-- \/ Yoast SEO plugin. -->","yoast_head_json":{"title":"Laguiole K\u00fcchenmesser in Aubrac 20 cm \u2013 Olivengriff","description":"Laguiole Aubrac K\u00fcchenmesser: 20 cm Klinge aus geb\u00fcrstetem Edelstahl, massiver Kropf mit Parierstange und Olivengriff, Kombination aus Tradition und Pr\u00e4zision.","robots":{"index":"index","follow":"follow","max-snippet":"max-snippet:-1","max-image-preview":"max-image-preview:large","max-video-preview":"max-video-preview:-1"},"canonical":"https:\/\/laguiole.com\/de\/produit\/laguiole-traditionelles-kuchenmesser-20-cm-mit-aubrac-ebenholzgriff-3\/","og_locale":"de_DE","og_type":"article","og_title":"Laguiole K\u00fcchenmesser in Aubrac 20 cm \u2013 Olivengriff","og_description":"Laguiole Aubrac K\u00fcchenmesser: 20 cm Klinge aus geb\u00fcrstetem Edelstahl, massiver Kropf mit Parierstange und Olivengriff, Kombination aus Tradition und Pr\u00e4zision.","og_url":"https:\/\/laguiole.com\/de\/produit\/laguiole-traditionelles-kuchenmesser-20-cm-mit-aubrac-ebenholzgriff-3\/","og_site_name":"Laguiole.com \u00ae","article_publisher":"https:\/\/www.facebook.com\/laguiolecom\/","article_modified_time":"2025-12-16T19:41:31+00:00","og_image":[{"width":1033,"height":1033,"url":"https:\/\/laguiole.com\/wp-content\/uploads\/2025\/11\/Couteau_de_cuisine_20cm_Classique_Laguiole_en_Aubrac_Manche_Olivier_00.jpg","type":"image\/jpeg"}],"twitter_card":"summary_large_image","twitter_misc":{"Gesch\u00e4tzte Lesezeit":"1\u00a0Minute"},"schema":{"@context":"https:\/\/schema.org","@graph":[{"@type":"WebPage","@id":"https:\/\/laguiole.com\/de\/produit\/laguiole-traditionelles-kuchenmesser-20-cm-mit-aubrac-ebenholzgriff-3\/","url":"https:\/\/laguiole.com\/de\/produit\/laguiole-traditionelles-kuchenmesser-20-cm-mit-aubrac-ebenholzgriff-3\/","name":"Laguiole K\u00fcchenmesser in Aubrac 20 cm \u2013 Olivengriff","isPartOf":{"@id":"https:\/\/laguiole.com\/de\/#website"},"primaryImageOfPage":{"@id":"https:\/\/laguiole.com\/de\/produit\/laguiole-traditionelles-kuchenmesser-20-cm-mit-aubrac-ebenholzgriff-3\/#primaryimage"},"image":{"@id":"https:\/\/laguiole.com\/de\/produit\/laguiole-traditionelles-kuchenmesser-20-cm-mit-aubrac-ebenholzgriff-3\/#primaryimage"},"thumbnailUrl":"https:\/\/laguiole.com\/wp-content\/uploads\/2025\/11\/Couteau_de_cuisine_20cm_Classique_Laguiole_en_Aubrac_Manche_Olivier_00.jpg","datePublished":"2025-11-02T20:17:22+00:00","dateModified":"2025-12-16T19:41:31+00:00","description":"Laguiole Aubrac K\u00fcchenmesser: 20 cm Klinge aus geb\u00fcrstetem Edelstahl, massiver Kropf mit Parierstange und Olivengriff, Kombination aus Tradition und Pr\u00e4zision.","breadcrumb":{"@id":"https:\/\/laguiole.com\/de\/produit\/laguiole-traditionelles-kuchenmesser-20-cm-mit-aubrac-ebenholzgriff-3\/#breadcrumb"},"inLanguage":"de","potentialAction":[{"@type":"ReadAction","target":["https:\/\/laguiole.com\/de\/produit\/laguiole-traditionelles-kuchenmesser-20-cm-mit-aubrac-ebenholzgriff-3\/"]}]},{"@type":"ImageObject","inLanguage":"de","@id":"https:\/\/laguiole.com\/de\/produit\/laguiole-traditionelles-kuchenmesser-20-cm-mit-aubrac-ebenholzgriff-3\/#primaryimage","url":"https:\/\/laguiole.com\/wp-content\/uploads\/2025\/11\/Couteau_de_cuisine_20cm_Classique_Laguiole_en_Aubrac_Manche_Olivier_00.jpg","contentUrl":"https:\/\/laguiole.com\/wp-content\/uploads\/2025\/11\/Couteau_de_cuisine_20cm_Classique_Laguiole_en_Aubrac_Manche_Olivier_00.jpg","width":1033,"height":1033,"caption":"Laguiole Klassisches K\u00fcchenmesser 20 cm mit Aubrac Olivengriff"},{"@type":"BreadcrumbList","@id":"https:\/\/laguiole.com\/de\/produit\/laguiole-traditionelles-kuchenmesser-20-cm-mit-aubrac-ebenholzgriff-3\/#breadcrumb","itemListElement":[{"@type":"ListItem","position":1,"name":"Accueil","item":"https:\/\/laguiole.com\/de\/"},{"@type":"ListItem","position":2,"name":"Shop","item":"https:\/\/laguiole.com\/de\/shop-2\/"},{"@type":"ListItem","position":3,"name":"Laguiole Klassisches K\u00fcchenmesser 20 cm mit Aubrac Olivengriff"}]},{"@type":"WebSite","@id":"https:\/\/laguiole.com\/de\/#website","url":"https:\/\/laguiole.com\/de\/","name":"Laguiole.com","description":"Laguiole - Couteau laguiole, Chateau Laguiole, Laguiole en Aubrac, Forge de Laguiole","publisher":{"@id":"https:\/\/laguiole.com\/de\/#organization"},"potentialAction":[{"@type":"SearchAction","target":{"@type":"EntryPoint","urlTemplate":"https:\/\/laguiole.com\/de\/?s={search_term_string}"},"query-input":{"@type":"PropertyValueSpecification","valueRequired":true,"valueName":"search_term_string"}}],"inLanguage":"de"},{"@type":"Organization","@id":"https:\/\/laguiole.com\/de\/#organization","name":"Laguiole.com","url":"https:\/\/laguiole.com\/de\/","logo":{"@type":"ImageObject","inLanguage":"de","@id":"https:\/\/laguiole.com\/de\/#\/schema\/logo\/image\/","url":"https:\/\/laguiole.com\/wp-content\/uploads\/2021\/02\/logo_laguiole.com-horizontal.jpg","contentUrl":"https:\/\/laguiole.com\/wp-content\/uploads\/2021\/02\/logo_laguiole.com-horizontal.jpg","width":490,"height":156,"caption":"Laguiole.com"},"image":{"@id":"https:\/\/laguiole.com\/de\/#\/schema\/logo\/image\/"},"sameAs":["https:\/\/www.facebook.com\/laguiolecom\/","https:\/\/www.instagram.com\/laguiolecom\/","https:\/\/www.youtube.com\/@laguiolecom\/videos"]}]}},"_links":{"self":[{"href":"https:\/\/laguiole.com\/de\/wp-json\/wp\/v2\/product\/44235","targetHints":{"allow":["GET"]}}],"collection":[{"href":"https:\/\/laguiole.com\/de\/wp-json\/wp\/v2\/product"}],"about":[{"href":"https:\/\/laguiole.com\/de\/wp-json\/wp\/v2\/types\/product"}],"version-history":[{"count":2,"href":"https:\/\/laguiole.com\/de\/wp-json\/wp\/v2\/product\/44235\/revisions"}],"predecessor-version":[{"id":45107,"href":"https:\/\/laguiole.com\/de\/wp-json\/wp\/v2\/product\/44235\/revisions\/45107"}],"wp:featuredmedia":[{"embeddable":true,"href":"https:\/\/laguiole.com\/de\/wp-json\/wp\/v2\/media\/44314"}],"wp:attachment":[{"href":"https:\/\/laguiole.com\/de\/wp-json\/wp\/v2\/media?parent=44235"}],"wp:term":[{"taxonomy":"product_brand","embeddable":true,"href":"https:\/\/laguiole.com\/de\/wp-json\/wp\/v2\/product_brand?post=44235"},{"taxonomy":"product_cat","embeddable":true,"href":"https:\/\/laguiole.com\/de\/wp-json\/wp\/v2\/product_cat?post=44235"},{"taxonomy":"product_tag","embeddable":true,"href":"https:\/\/laguiole.com\/de\/wp-json\/wp\/v2\/product_tag?post=44235"}],"curies":[{"name":"wp","href":"https:\/\/api.w.org\/{rel}","templated":true}]}}