{"id":43141,"date":"2025-10-13T19:32:22","date_gmt":"2025-10-13T17:32:22","guid":{"rendered":"https:\/\/laguiole.com\/?post_type=product&#038;p=43141"},"modified":"2025-11-05T21:07:37","modified_gmt":"2025-11-05T20:07:37","slug":"laguiole-prestige-designer-messer-1-stuck-13-cm-kropf-hinterer-skorpionschwanz-blau-mammut-elfenbein-griff-damastklinge-unikat-2","status":"publish","type":"product","link":"https:\/\/laguiole.com\/de\/produit\/laguiole-prestige-designer-messer-1-stuck-13-cm-kropf-hinterer-skorpionschwanz-blau-mammut-elfenbein-griff-damastklinge-unikat-2\/","title":{"rendered":"Laguiole Prestige Designer Messer 1 St\u00fcck 12 cm voller Griff geschnitzter Skorpionschwanz in Mammut elfenbeinbraun Hand guillochierte Feder Zentralring handgemei\u00dfelt Geb\u00fcrsteter Edelstahl handgemei\u00dfelt Damast Fliegenklinge gemei\u00dfelt Prestige St\u00fcck"},"content":{"rendered":"<h3 data-start=\"0\" data-end=\"68\"><strong data-start=\"4\" data-end=\"66\">Designer Messer \u2013 Braune Mammut Elfenbein &amp; Damast Klinge<\/strong><\/h3>\n<p data-start=\"70\" data-end=\"356\">Der Messerschmied <strong data-start=\"83\" data-end=\"102\">Michael Ginisty<\/strong> entwirft ein <strong data-start=\"112\" data-end=\"147\">prestigetr\u00e4chtiges Designermesser<\/strong>, das vollst\u00e4ndig von Hand gefertigt wird.<br data-start=\"179\" data-end=\"182\" \/>Er modelliert einen <strong data-start=\"196\" data-end=\"212\" data-is-only-node=\"\">soliden Hals<\/strong> aus <strong data-start=\"221\" data-end=\"248\">einem braunen Mammutelfenbein<\/strong> mit <strong data-start=\"253\" data-end=\"272\">bl\u00e4ulichen Reflexen<\/strong>, selten und faszinierend.<br data-start=\"292\" data-end=\"295\" \/>Jedes Detail offenbart die Meisterschaft und Leidenschaft des Designers.<\/p>\n<p data-start=\"358\" data-end=\"649\">In der Mitte ist ein <strong data-start=\"373\" data-end=\"399\">fein ziselierter Ring<\/strong> mit einem <strong data-start=\"413\" data-end=\"429\">floralen Motiv<\/strong> und einem <strong data-start=\"438\" data-end=\"464\">kleinen Messingeinsatz<\/strong> verziert.<br data-start=\"465\" data-end=\"468\" \/>Der <strong data-start=\"471\" data-end=\"490\">stilisierte Hosenschlitz<\/strong>, der mit dem gleichen Einsatz verziert ist, unterstreicht die Eleganz des Modells.<br data-start=\"546\" data-end=\"549\" \/>Er schmiedete eine <strong data-start=\"562\" data-end=\"576\">Damastklinge<\/strong> von gro\u00dfer Sch\u00f6nheit und signierte <strong data-start=\"598\" data-end=\"622\">sein Werk auf der Innenseite<\/strong>, ein Symbol der Authentizit\u00e4t.<\/p>\n<p data-start=\"651\" data-end=\"847\">Dieses <strong data-start=\"654\" data-end=\"693\">Designermesser<\/strong> vereint <strong data-start=\"700\" data-end=\"744\">Kunst, Pr\u00e4zision und die Noblesse der Materialien<\/strong>.<br data-start=\"745\" data-end=\"748\" \/>Ein <strong data-start=\"752\" data-end=\"768\" data-is-only-node=\"\">Unikat<\/strong>, entworfen f\u00fcr Kenner und Liebhaber von au\u00dfergew\u00f6hnlichem Besteck.<\/p>\n","protected":false},"excerpt":{"rendered":"<p>Laguiole Prestige Cr\u00e9ateur<br \/>\nKlappmesser Voller handgeschnitzter<br \/>\nGriff Skorpionschwanz in Mammutelfenbeinbraun mit leicht bl\u00e4ulichen<br \/>\nReflexen Pr\u00e4chtige Klinge aus<br \/>\nDamast Edelstahl Fein guillochierte und handgemei\u00dfelte Feder von unserem Messerschmied<br \/>\nDesigner Einfache Platten aus geb\u00fcrstetem<br \/>\nEdelstahl Stilisierte Prestige Fliege mit<br \/>\nMessingeinsatz Mittelring aus Edelstahl am Griff sch\u00f6n gemei\u00dfelt mit Messingeinsatz<\/p>\n<p>Geschlossene Messergr\u00f6\u00dfe: 12 cm<br \/>\nGr\u00f6\u00dfe offenes Messer: 24 cm<\/p>\n<p>Unikat<br \/>\nSignature Piece im Inneren des Messers<br \/>\nDesigner Mickael GINISTY<\/p>\n","protected":false},"featured_media":43433,"template":"","meta":{"_acf_changed":false,"_monsterinsights_skip_tracking":false,"_monsterinsights_sitenote_active":false,"_monsterinsights_sitenote_note":"","_monsterinsights_sitenote_category":0},"product_brand":[],"product_cat":[5938,5939,5943],"product_tag":[],"class_list":{"0":"post-43141","1":"product","2":"type-product","3":"status-publish","4":"has-post-thumbnail","6":"product_cat-klappmesser","7":"product_cat-laguiole-klappmesser","8":"product_cat-laguiole-prestiges-messer","9":"pa_composition-couteau-1-stueck-nur-klinge","10":"pa_lame-damaskus","11":"pa_manche-en-matiere-animale-mammutelfenbein","12":"pa_marque-laguiole-createurs","13":"pa_mitres-ohne-gehrung-vollstaendige-huelse","14":"pa_mouche-geschmiedet","15":"pa_mouche-prestige","16":"pa_platines-einzelplatin","17":"pa_ressort-guilloche","18":"pa_taille-du-manche-12-cm","19":"tm-no-options","22":"instock","23":"taxable","24":"shipping-taxable","25":"purchasable","26":"product-type-simple"},"supplier_id":null,"supplier_sku":"","barcode":null,"atum_controlled":true,"out_stock_date":null,"out_stock_threshold":null,"inheritable":false,"inbound_stock":0,"stock_on_hold":0,"sold_today":0,"sales_last_days":0,"reserved_stock":0,"customer_returns":0,"warehouse_damage":0,"lost_in_post":0,"other_logs":0,"out_stock_days":0,"lost_sales":0,"has_location":false,"update_date":"2026-05-02T00:42:09","atum_locations":[],"atum_stock_status":"instock","restock_status":false,"low_stock_amount":"","sales_update_date":"2026-05-02T00:42:08","calc_backorders":0,"acf":[],"yoast_head":"<!-- This site is optimized with the Yoast SEO plugin v27.3 - https:\/\/yoast.com\/product\/yoast-seo-wordpress\/ -->\n<title>Laguiole.com \u00ae Laguiole Prestige Designer Messer Elfenbein Mammutbraun<\/title>\n<meta name=\"description\" content=\"Laguiole.com \u00ae Dieses Laguiole Prestige Cr\u00e9ateur Messer in Mammoth Brown Ivory vereint Kunst, Pr\u00e4zision und edle Materialien\" \/>\n<meta name=\"robots\" content=\"index, follow, max-snippet:-1, max-image-preview:large, max-video-preview:-1\" \/>\n<link rel=\"canonical\" href=\"https:\/\/laguiole.com\/de\/produit\/laguiole-prestige-designer-messer-1-stuck-13-cm-kropf-hinterer-skorpionschwanz-blau-mammut-elfenbein-griff-damastklinge-unikat-2\/\" \/>\n<meta property=\"og:locale\" content=\"de_DE\" \/>\n<meta property=\"og:type\" content=\"article\" \/>\n<meta property=\"og:title\" content=\"Laguiole.com \u00ae Laguiole Prestige Designer Messer Elfenbein Mammutbraun\" \/>\n<meta property=\"og:description\" content=\"Laguiole.com \u00ae Dieses Laguiole Prestige Cr\u00e9ateur Messer in Mammoth Brown Ivory vereint Kunst, Pr\u00e4zision und edle Materialien\" \/>\n<meta property=\"og:url\" content=\"https:\/\/laguiole.com\/de\/produit\/laguiole-prestige-designer-messer-1-stuck-13-cm-kropf-hinterer-skorpionschwanz-blau-mammut-elfenbein-griff-damastklinge-unikat-2\/\" \/>\n<meta property=\"og:site_name\" content=\"Laguiole.com \u00ae\" \/>\n<meta property=\"article:publisher\" content=\"https:\/\/www.facebook.com\/laguiolecom\/\" \/>\n<meta property=\"article:modified_time\" content=\"2025-11-05T20:07:37+00:00\" \/>\n<meta property=\"og:image\" content=\"https:\/\/laguiole.com\/wp-content\/uploads\/2025\/10\/Couteau_Laguiole_Prestige_Createur_Plein_Manche_queue_scorpion_Ivoire_mammouth_Brun_Ressort_Guilloche_Bague-centrale_Lame_Damas_Mouche_Prestige_Piece_Unique_00.jpg\" \/>\n\t<meta property=\"og:image:width\" content=\"1033\" \/>\n\t<meta property=\"og:image:height\" content=\"1033\" \/>\n\t<meta property=\"og:image:type\" content=\"image\/jpeg\" \/>\n<meta name=\"twitter:card\" content=\"summary_large_image\" \/>\n<meta name=\"twitter:label1\" content=\"Gesch\u00e4tzte Lesezeit\" \/>\n\t<meta name=\"twitter:data1\" content=\"1\u00a0Minute\" \/>\n<script type=\"application\/ld+json\" class=\"yoast-schema-graph\">{\"@context\":\"https:\\\/\\\/schema.org\",\"@graph\":[{\"@type\":\"WebPage\",\"@id\":\"https:\\\/\\\/laguiole.com\\\/de\\\/produit\\\/laguiole-prestige-designer-messer-1-stuck-13-cm-kropf-hinterer-skorpionschwanz-blau-mammut-elfenbein-griff-damastklinge-unikat-2\\\/\",\"url\":\"https:\\\/\\\/laguiole.com\\\/de\\\/produit\\\/laguiole-prestige-designer-messer-1-stuck-13-cm-kropf-hinterer-skorpionschwanz-blau-mammut-elfenbein-griff-damastklinge-unikat-2\\\/\",\"name\":\"Laguiole.com \u00ae Laguiole Prestige Designer Messer Elfenbein Mammutbraun\",\"isPartOf\":{\"@id\":\"https:\\\/\\\/laguiole.com\\\/de\\\/#website\"},\"primaryImageOfPage\":{\"@id\":\"https:\\\/\\\/laguiole.com\\\/de\\\/produit\\\/laguiole-prestige-designer-messer-1-stuck-13-cm-kropf-hinterer-skorpionschwanz-blau-mammut-elfenbein-griff-damastklinge-unikat-2\\\/#primaryimage\"},\"image\":{\"@id\":\"https:\\\/\\\/laguiole.com\\\/de\\\/produit\\\/laguiole-prestige-designer-messer-1-stuck-13-cm-kropf-hinterer-skorpionschwanz-blau-mammut-elfenbein-griff-damastklinge-unikat-2\\\/#primaryimage\"},\"thumbnailUrl\":\"https:\\\/\\\/laguiole.com\\\/wp-content\\\/uploads\\\/2025\\\/10\\\/Couteau_Laguiole_Prestige_Createur_Plein_Manche_queue_scorpion_Ivoire_mammouth_Brun_Ressort_Guilloche_Bague-centrale_Lame_Damas_Mouche_Prestige_Piece_Unique_00.jpg\",\"datePublished\":\"2025-10-13T17:32:22+00:00\",\"dateModified\":\"2025-11-05T20:07:37+00:00\",\"description\":\"Laguiole.com \u00ae Dieses Laguiole Prestige Cr\u00e9ateur Messer in Mammoth Brown Ivory vereint Kunst, Pr\u00e4zision und edle Materialien\",\"breadcrumb\":{\"@id\":\"https:\\\/\\\/laguiole.com\\\/de\\\/produit\\\/laguiole-prestige-designer-messer-1-stuck-13-cm-kropf-hinterer-skorpionschwanz-blau-mammut-elfenbein-griff-damastklinge-unikat-2\\\/#breadcrumb\"},\"inLanguage\":\"de\",\"potentialAction\":[{\"@type\":\"ReadAction\",\"target\":[\"https:\\\/\\\/laguiole.com\\\/de\\\/produit\\\/laguiole-prestige-designer-messer-1-stuck-13-cm-kropf-hinterer-skorpionschwanz-blau-mammut-elfenbein-griff-damastklinge-unikat-2\\\/\"]}]},{\"@type\":\"ImageObject\",\"inLanguage\":\"de\",\"@id\":\"https:\\\/\\\/laguiole.com\\\/de\\\/produit\\\/laguiole-prestige-designer-messer-1-stuck-13-cm-kropf-hinterer-skorpionschwanz-blau-mammut-elfenbein-griff-damastklinge-unikat-2\\\/#primaryimage\",\"url\":\"https:\\\/\\\/laguiole.com\\\/wp-content\\\/uploads\\\/2025\\\/10\\\/Couteau_Laguiole_Prestige_Createur_Plein_Manche_queue_scorpion_Ivoire_mammouth_Brun_Ressort_Guilloche_Bague-centrale_Lame_Damas_Mouche_Prestige_Piece_Unique_00.jpg\",\"contentUrl\":\"https:\\\/\\\/laguiole.com\\\/wp-content\\\/uploads\\\/2025\\\/10\\\/Couteau_Laguiole_Prestige_Createur_Plein_Manche_queue_scorpion_Ivoire_mammouth_Brun_Ressort_Guilloche_Bague-centrale_Lame_Damas_Mouche_Prestige_Piece_Unique_00.jpg\",\"width\":1033,\"height\":1033,\"caption\":\"Laguiole Prestige Designer Messer 1 St\u00fcck 12 cm voller Griff geschnitzter Skorpionschwanz in Mammut elfenbeinbraun Hand guillochierte Feder Zentralring handgemei\u00dfelt Geb\u00fcrsteter Edelstahl handgemei\u00dfelt Damast Fliegenklinge gemei\u00dfelt Prestige St\u00fcck\"},{\"@type\":\"BreadcrumbList\",\"@id\":\"https:\\\/\\\/laguiole.com\\\/de\\\/produit\\\/laguiole-prestige-designer-messer-1-stuck-13-cm-kropf-hinterer-skorpionschwanz-blau-mammut-elfenbein-griff-damastklinge-unikat-2\\\/#breadcrumb\",\"itemListElement\":[{\"@type\":\"ListItem\",\"position\":1,\"name\":\"Accueil\",\"item\":\"https:\\\/\\\/laguiole.com\\\/de\\\/\"},{\"@type\":\"ListItem\",\"position\":2,\"name\":\"Shop\",\"item\":\"https:\\\/\\\/laguiole.com\\\/de\\\/shop-2\\\/\"},{\"@type\":\"ListItem\",\"position\":3,\"name\":\"Laguiole Prestige Designer Messer 1 St\u00fcck 12 cm voller Griff geschnitzter Skorpionschwanz in Mammut elfenbeinbraun Hand guillochierte Feder Zentralring handgemei\u00dfelt Geb\u00fcrsteter Edelstahl handgemei\u00dfelt Damast Fliegenklinge gemei\u00dfelt Prestige St\u00fcck\"}]},{\"@type\":\"WebSite\",\"@id\":\"https:\\\/\\\/laguiole.com\\\/de\\\/#website\",\"url\":\"https:\\\/\\\/laguiole.com\\\/de\\\/\",\"name\":\"Laguiole.com\",\"description\":\"Laguiole - Couteau laguiole, Chateau Laguiole, Laguiole en Aubrac, Forge de Laguiole\",\"publisher\":{\"@id\":\"https:\\\/\\\/laguiole.com\\\/de\\\/#organization\"},\"potentialAction\":[{\"@type\":\"SearchAction\",\"target\":{\"@type\":\"EntryPoint\",\"urlTemplate\":\"https:\\\/\\\/laguiole.com\\\/de\\\/?s={search_term_string}\"},\"query-input\":{\"@type\":\"PropertyValueSpecification\",\"valueRequired\":true,\"valueName\":\"search_term_string\"}}],\"inLanguage\":\"de\"},{\"@type\":\"Organization\",\"@id\":\"https:\\\/\\\/laguiole.com\\\/de\\\/#organization\",\"name\":\"Laguiole.com\",\"url\":\"https:\\\/\\\/laguiole.com\\\/de\\\/\",\"logo\":{\"@type\":\"ImageObject\",\"inLanguage\":\"de\",\"@id\":\"https:\\\/\\\/laguiole.com\\\/de\\\/#\\\/schema\\\/logo\\\/image\\\/\",\"url\":\"https:\\\/\\\/laguiole.com\\\/wp-content\\\/uploads\\\/2021\\\/02\\\/logo_laguiole.com-horizontal.jpg\",\"contentUrl\":\"https:\\\/\\\/laguiole.com\\\/wp-content\\\/uploads\\\/2021\\\/02\\\/logo_laguiole.com-horizontal.jpg\",\"width\":490,\"height\":156,\"caption\":\"Laguiole.com\"},\"image\":{\"@id\":\"https:\\\/\\\/laguiole.com\\\/de\\\/#\\\/schema\\\/logo\\\/image\\\/\"},\"sameAs\":[\"https:\\\/\\\/www.facebook.com\\\/laguiolecom\\\/\",\"https:\\\/\\\/www.instagram.com\\\/laguiolecom\\\/\",\"https:\\\/\\\/www.youtube.com\\\/@laguiolecom\\\/videos\"]}]}<\/script>\n<!-- \/ Yoast SEO plugin. -->","yoast_head_json":{"title":"Laguiole.com \u00ae Laguiole Prestige Designer Messer Elfenbein Mammutbraun","description":"Laguiole.com \u00ae Dieses Laguiole Prestige Cr\u00e9ateur Messer in Mammoth Brown Ivory vereint Kunst, Pr\u00e4zision und edle Materialien","robots":{"index":"index","follow":"follow","max-snippet":"max-snippet:-1","max-image-preview":"max-image-preview:large","max-video-preview":"max-video-preview:-1"},"canonical":"https:\/\/laguiole.com\/de\/produit\/laguiole-prestige-designer-messer-1-stuck-13-cm-kropf-hinterer-skorpionschwanz-blau-mammut-elfenbein-griff-damastklinge-unikat-2\/","og_locale":"de_DE","og_type":"article","og_title":"Laguiole.com \u00ae Laguiole Prestige Designer Messer Elfenbein Mammutbraun","og_description":"Laguiole.com \u00ae Dieses Laguiole Prestige Cr\u00e9ateur Messer in Mammoth Brown Ivory vereint Kunst, Pr\u00e4zision und edle Materialien","og_url":"https:\/\/laguiole.com\/de\/produit\/laguiole-prestige-designer-messer-1-stuck-13-cm-kropf-hinterer-skorpionschwanz-blau-mammut-elfenbein-griff-damastklinge-unikat-2\/","og_site_name":"Laguiole.com \u00ae","article_publisher":"https:\/\/www.facebook.com\/laguiolecom\/","article_modified_time":"2025-11-05T20:07:37+00:00","og_image":[{"width":1033,"height":1033,"url":"https:\/\/laguiole.com\/wp-content\/uploads\/2025\/10\/Couteau_Laguiole_Prestige_Createur_Plein_Manche_queue_scorpion_Ivoire_mammouth_Brun_Ressort_Guilloche_Bague-centrale_Lame_Damas_Mouche_Prestige_Piece_Unique_00.jpg","type":"image\/jpeg"}],"twitter_card":"summary_large_image","twitter_misc":{"Gesch\u00e4tzte Lesezeit":"1\u00a0Minute"},"schema":{"@context":"https:\/\/schema.org","@graph":[{"@type":"WebPage","@id":"https:\/\/laguiole.com\/de\/produit\/laguiole-prestige-designer-messer-1-stuck-13-cm-kropf-hinterer-skorpionschwanz-blau-mammut-elfenbein-griff-damastklinge-unikat-2\/","url":"https:\/\/laguiole.com\/de\/produit\/laguiole-prestige-designer-messer-1-stuck-13-cm-kropf-hinterer-skorpionschwanz-blau-mammut-elfenbein-griff-damastklinge-unikat-2\/","name":"Laguiole.com \u00ae Laguiole Prestige Designer Messer Elfenbein Mammutbraun","isPartOf":{"@id":"https:\/\/laguiole.com\/de\/#website"},"primaryImageOfPage":{"@id":"https:\/\/laguiole.com\/de\/produit\/laguiole-prestige-designer-messer-1-stuck-13-cm-kropf-hinterer-skorpionschwanz-blau-mammut-elfenbein-griff-damastklinge-unikat-2\/#primaryimage"},"image":{"@id":"https:\/\/laguiole.com\/de\/produit\/laguiole-prestige-designer-messer-1-stuck-13-cm-kropf-hinterer-skorpionschwanz-blau-mammut-elfenbein-griff-damastklinge-unikat-2\/#primaryimage"},"thumbnailUrl":"https:\/\/laguiole.com\/wp-content\/uploads\/2025\/10\/Couteau_Laguiole_Prestige_Createur_Plein_Manche_queue_scorpion_Ivoire_mammouth_Brun_Ressort_Guilloche_Bague-centrale_Lame_Damas_Mouche_Prestige_Piece_Unique_00.jpg","datePublished":"2025-10-13T17:32:22+00:00","dateModified":"2025-11-05T20:07:37+00:00","description":"Laguiole.com \u00ae Dieses Laguiole Prestige Cr\u00e9ateur Messer in Mammoth Brown Ivory vereint Kunst, Pr\u00e4zision und edle Materialien","breadcrumb":{"@id":"https:\/\/laguiole.com\/de\/produit\/laguiole-prestige-designer-messer-1-stuck-13-cm-kropf-hinterer-skorpionschwanz-blau-mammut-elfenbein-griff-damastklinge-unikat-2\/#breadcrumb"},"inLanguage":"de","potentialAction":[{"@type":"ReadAction","target":["https:\/\/laguiole.com\/de\/produit\/laguiole-prestige-designer-messer-1-stuck-13-cm-kropf-hinterer-skorpionschwanz-blau-mammut-elfenbein-griff-damastklinge-unikat-2\/"]}]},{"@type":"ImageObject","inLanguage":"de","@id":"https:\/\/laguiole.com\/de\/produit\/laguiole-prestige-designer-messer-1-stuck-13-cm-kropf-hinterer-skorpionschwanz-blau-mammut-elfenbein-griff-damastklinge-unikat-2\/#primaryimage","url":"https:\/\/laguiole.com\/wp-content\/uploads\/2025\/10\/Couteau_Laguiole_Prestige_Createur_Plein_Manche_queue_scorpion_Ivoire_mammouth_Brun_Ressort_Guilloche_Bague-centrale_Lame_Damas_Mouche_Prestige_Piece_Unique_00.jpg","contentUrl":"https:\/\/laguiole.com\/wp-content\/uploads\/2025\/10\/Couteau_Laguiole_Prestige_Createur_Plein_Manche_queue_scorpion_Ivoire_mammouth_Brun_Ressort_Guilloche_Bague-centrale_Lame_Damas_Mouche_Prestige_Piece_Unique_00.jpg","width":1033,"height":1033,"caption":"Laguiole Prestige Designer Messer 1 St\u00fcck 12 cm voller Griff geschnitzter Skorpionschwanz in Mammut elfenbeinbraun Hand guillochierte Feder Zentralring handgemei\u00dfelt Geb\u00fcrsteter Edelstahl handgemei\u00dfelt Damast Fliegenklinge gemei\u00dfelt Prestige St\u00fcck"},{"@type":"BreadcrumbList","@id":"https:\/\/laguiole.com\/de\/produit\/laguiole-prestige-designer-messer-1-stuck-13-cm-kropf-hinterer-skorpionschwanz-blau-mammut-elfenbein-griff-damastklinge-unikat-2\/#breadcrumb","itemListElement":[{"@type":"ListItem","position":1,"name":"Accueil","item":"https:\/\/laguiole.com\/de\/"},{"@type":"ListItem","position":2,"name":"Shop","item":"https:\/\/laguiole.com\/de\/shop-2\/"},{"@type":"ListItem","position":3,"name":"Laguiole Prestige Designer Messer 1 St\u00fcck 12 cm voller Griff geschnitzter Skorpionschwanz in Mammut elfenbeinbraun Hand guillochierte Feder Zentralring handgemei\u00dfelt Geb\u00fcrsteter Edelstahl handgemei\u00dfelt Damast Fliegenklinge gemei\u00dfelt Prestige St\u00fcck"}]},{"@type":"WebSite","@id":"https:\/\/laguiole.com\/de\/#website","url":"https:\/\/laguiole.com\/de\/","name":"Laguiole.com","description":"Laguiole - Couteau laguiole, Chateau Laguiole, Laguiole en Aubrac, Forge de Laguiole","publisher":{"@id":"https:\/\/laguiole.com\/de\/#organization"},"potentialAction":[{"@type":"SearchAction","target":{"@type":"EntryPoint","urlTemplate":"https:\/\/laguiole.com\/de\/?s={search_term_string}"},"query-input":{"@type":"PropertyValueSpecification","valueRequired":true,"valueName":"search_term_string"}}],"inLanguage":"de"},{"@type":"Organization","@id":"https:\/\/laguiole.com\/de\/#organization","name":"Laguiole.com","url":"https:\/\/laguiole.com\/de\/","logo":{"@type":"ImageObject","inLanguage":"de","@id":"https:\/\/laguiole.com\/de\/#\/schema\/logo\/image\/","url":"https:\/\/laguiole.com\/wp-content\/uploads\/2021\/02\/logo_laguiole.com-horizontal.jpg","contentUrl":"https:\/\/laguiole.com\/wp-content\/uploads\/2021\/02\/logo_laguiole.com-horizontal.jpg","width":490,"height":156,"caption":"Laguiole.com"},"image":{"@id":"https:\/\/laguiole.com\/de\/#\/schema\/logo\/image\/"},"sameAs":["https:\/\/www.facebook.com\/laguiolecom\/","https:\/\/www.instagram.com\/laguiolecom\/","https:\/\/www.youtube.com\/@laguiolecom\/videos"]}]}},"_links":{"self":[{"href":"https:\/\/laguiole.com\/de\/wp-json\/wp\/v2\/product\/43141","targetHints":{"allow":["GET"]}}],"collection":[{"href":"https:\/\/laguiole.com\/de\/wp-json\/wp\/v2\/product"}],"about":[{"href":"https:\/\/laguiole.com\/de\/wp-json\/wp\/v2\/types\/product"}],"version-history":[{"count":2,"href":"https:\/\/laguiole.com\/de\/wp-json\/wp\/v2\/product\/43141\/revisions"}],"predecessor-version":[{"id":44941,"href":"https:\/\/laguiole.com\/de\/wp-json\/wp\/v2\/product\/43141\/revisions\/44941"}],"wp:featuredmedia":[{"embeddable":true,"href":"https:\/\/laguiole.com\/de\/wp-json\/wp\/v2\/media\/43433"}],"wp:attachment":[{"href":"https:\/\/laguiole.com\/de\/wp-json\/wp\/v2\/media?parent=43141"}],"wp:term":[{"taxonomy":"product_brand","embeddable":true,"href":"https:\/\/laguiole.com\/de\/wp-json\/wp\/v2\/product_brand?post=43141"},{"taxonomy":"product_cat","embeddable":true,"href":"https:\/\/laguiole.com\/de\/wp-json\/wp\/v2\/product_cat?post=43141"},{"taxonomy":"product_tag","embeddable":true,"href":"https:\/\/laguiole.com\/de\/wp-json\/wp\/v2\/product_tag?post=43141"}],"curies":[{"name":"wp","href":"https:\/\/api.w.org\/{rel}","templated":true}]}}