{"id":42706,"date":"2025-10-06T20:07:16","date_gmt":"2025-10-06T18:07:16","guid":{"rendered":"https:\/\/laguiole.com\/?post_type=product&#038;p=42706"},"modified":"2025-11-05T20:49:42","modified_gmt":"2025-11-05T19:49:42","slug":"laguiole-prestige-designer-messer-1-stuck-13-cm-kropf-hinterer-skorpionschwanz-blau-mammut-elfenbein-griff-damastklinge-unikat","status":"publish","type":"product","link":"https:\/\/laguiole.com\/de\/produit\/laguiole-prestige-designer-messer-1-stuck-13-cm-kropf-hinterer-skorpionschwanz-blau-mammut-elfenbein-griff-damastklinge-unikat\/","title":{"rendered":"Laguiole Prestige Designer Messer 1 St\u00fcck 13 cm voller Griff geschnitzter Skorpionschwanz in Mammutelfenbein reinwei\u00dfer Feder und handgefertigten guillochierten Platten Damastklinge Prestige Fliege gemei\u00dfeltes Einzelst\u00fcck"},"content":{"rendered":"<p>Designermesser \u2013 Mammutelfenbein &amp; au\u00dfergew\u00f6hnliche Goldschmiedekunst<\/p>\n<p>Dieses Laguiole-Klappmesser ist ein einzigartiges St\u00fcck von Mikael Ginisty und verk\u00f6rpert die Exzellenz franz\u00f6sischer Handwerkskunst. Sein wei\u00dfer, rein und edler Griff aus Mammutelfenbein zeugt von einer Goldschmiedearbeit von seltener Finesse. Seine flie\u00dfende und ausgewogene Skorpionschwanzform unterstreicht Charakter und Eleganz.<\/p>\n<p>Die Damastklinge wird von einem geschmiedeten und gemei\u00dfelten Hosenschlitz begleitet, der mit Messingeinlagen verziert ist. Ziselierte Feder und Platte erweitern dieses Spiel aus Licht und Textur. An den Seiten genietete Messingblumen verleihen ihm eine kostbare Note.<\/p>\n<p>Jedes Detail, von Hand geformt, zeugt vom Know-how des Designers. Dieses auf der Innenseite signierte Designermesser von Mikael Ginisty ist ein einzigartiges Kunstwerk, das f\u00fcr Sammler und Liebhaber von Exzellenz gedacht ist.<\/p>\n","protected":false},"excerpt":{"rendered":"<p>Laguiole Prestige Designer<br \/>\nKlappmesser mit vollem Griff Skorpionschwanz in reinwei\u00dfem Mammutelfenbein<br \/>\nPr\u00e4chtige Damastklinge Feder und Platten aus rostfreiem Stahl<br \/>\nfein guillochiert und von unserem Messerschmied<br \/>\nDesigner von Hand gemei\u00dfelt Fein gearbeitete Nieten in Form von Blumen<br \/>\nGeschlossene Messergr\u00f6\u00dfe: 13 cm<br \/>\nOffene Messergr\u00f6\u00dfe: 24 cm<\/p>\n<p>Unikat<br \/>\nSignature-St\u00fcck im Inneren des Messers<br \/>\nDesigner Mickael GINISTY<\/p>\n","protected":false},"featured_media":43343,"template":"","meta":{"_acf_changed":false,"_monsterinsights_skip_tracking":false,"_monsterinsights_sitenote_active":false,"_monsterinsights_sitenote_note":"","_monsterinsights_sitenote_category":0},"product_brand":[],"product_cat":[5938,5939,5943],"product_tag":[],"class_list":{"0":"post-42706","1":"product","2":"type-product","3":"status-publish","4":"has-post-thumbnail","6":"product_cat-klappmesser","7":"product_cat-laguiole-klappmesser","8":"product_cat-laguiole-prestiges-messer","9":"pa_composition-couteau-1-stueck-nur-klinge","10":"pa_lame-damaskus","11":"pa_manche-en-matiere-animale-mammutelfenbein","12":"pa_marque-laguiole-createurs","13":"pa_mitres-ohne-gehrung-vollstaendige-huelse","14":"pa_mouche-geschmiedet","15":"pa_mouche-prestige","16":"pa_platines-einzelplatin","17":"pa_platines-guilloche-muster","18":"pa_ressort-guilloche","19":"pa_taille-du-manche-13-cm0","20":"tm-no-options","23":"instock","24":"taxable","25":"shipping-taxable","26":"purchasable","27":"product-type-simple"},"supplier_id":null,"supplier_sku":"","barcode":null,"atum_controlled":true,"out_stock_date":null,"out_stock_threshold":null,"inheritable":false,"inbound_stock":0,"stock_on_hold":0,"sold_today":0,"sales_last_days":0,"reserved_stock":0,"customer_returns":0,"warehouse_damage":0,"lost_in_post":0,"other_logs":0,"out_stock_days":0,"lost_sales":0,"has_location":false,"update_date":"2026-04-29T00:36:35","atum_locations":[],"atum_stock_status":"instock","restock_status":false,"low_stock_amount":"","sales_update_date":"2026-04-29T00:36:34","calc_backorders":0,"acf":[],"yoast_head":"<!-- This site is optimized with the Yoast SEO plugin v27.3 - https:\/\/yoast.com\/product\/yoast-seo-wordpress\/ -->\n<title>Laguiole.com \u00ae<\/title>\n<meta name=\"description\" content=\"Dieses Klappmesser des Designers Mikael Ginisty, ein wahres Kunstwerk, ist Sammlern und Liebhabern der Exzellenz gewidmet.\" \/>\n<meta name=\"robots\" content=\"index, follow, max-snippet:-1, max-image-preview:large, max-video-preview:-1\" \/>\n<link rel=\"canonical\" href=\"https:\/\/laguiole.com\/de\/produit\/laguiole-prestige-designer-messer-1-stuck-13-cm-kropf-hinterer-skorpionschwanz-blau-mammut-elfenbein-griff-damastklinge-unikat\/\" \/>\n<meta property=\"og:locale\" content=\"de_DE\" \/>\n<meta property=\"og:type\" content=\"article\" \/>\n<meta property=\"og:title\" content=\"Laguiole.com \u00ae\" \/>\n<meta property=\"og:description\" content=\"Dieses Klappmesser des Designers Mikael Ginisty, ein wahres Kunstwerk, ist Sammlern und Liebhabern der Exzellenz gewidmet.\" \/>\n<meta property=\"og:url\" content=\"https:\/\/laguiole.com\/de\/produit\/laguiole-prestige-designer-messer-1-stuck-13-cm-kropf-hinterer-skorpionschwanz-blau-mammut-elfenbein-griff-damastklinge-unikat\/\" \/>\n<meta property=\"og:site_name\" content=\"Laguiole.com \u00ae\" \/>\n<meta property=\"article:publisher\" content=\"https:\/\/www.facebook.com\/laguiolecom\/\" \/>\n<meta property=\"article:modified_time\" content=\"2025-11-05T19:49:42+00:00\" \/>\n<meta property=\"og:image\" content=\"https:\/\/laguiole.com\/wp-content\/uploads\/2025\/10\/Couteau_Laguiole_Prestige_Createur_Plein_Manche_sculpte_queue_de_scorpion_Ivoire_mammouth_Blanc_Pur_Ressort_et_Platines_Guilloches_Lame_Damas_Mouche_Prestige_Ciselee_Piece_Unique_00.jpg\" \/>\n\t<meta property=\"og:image:width\" content=\"1033\" \/>\n\t<meta property=\"og:image:height\" content=\"1033\" \/>\n\t<meta property=\"og:image:type\" content=\"image\/jpeg\" \/>\n<meta name=\"twitter:card\" content=\"summary_large_image\" \/>\n<meta name=\"twitter:label1\" content=\"Gesch\u00e4tzte Lesezeit\" \/>\n\t<meta name=\"twitter:data1\" content=\"1\u00a0Minute\" \/>\n<script type=\"application\/ld+json\" class=\"yoast-schema-graph\">{\"@context\":\"https:\\\/\\\/schema.org\",\"@graph\":[{\"@type\":\"WebPage\",\"@id\":\"https:\\\/\\\/laguiole.com\\\/de\\\/produit\\\/laguiole-prestige-designer-messer-1-stuck-13-cm-kropf-hinterer-skorpionschwanz-blau-mammut-elfenbein-griff-damastklinge-unikat\\\/\",\"url\":\"https:\\\/\\\/laguiole.com\\\/de\\\/produit\\\/laguiole-prestige-designer-messer-1-stuck-13-cm-kropf-hinterer-skorpionschwanz-blau-mammut-elfenbein-griff-damastklinge-unikat\\\/\",\"name\":\"Laguiole.com \u00ae\",\"isPartOf\":{\"@id\":\"https:\\\/\\\/laguiole.com\\\/de\\\/#website\"},\"primaryImageOfPage\":{\"@id\":\"https:\\\/\\\/laguiole.com\\\/de\\\/produit\\\/laguiole-prestige-designer-messer-1-stuck-13-cm-kropf-hinterer-skorpionschwanz-blau-mammut-elfenbein-griff-damastklinge-unikat\\\/#primaryimage\"},\"image\":{\"@id\":\"https:\\\/\\\/laguiole.com\\\/de\\\/produit\\\/laguiole-prestige-designer-messer-1-stuck-13-cm-kropf-hinterer-skorpionschwanz-blau-mammut-elfenbein-griff-damastklinge-unikat\\\/#primaryimage\"},\"thumbnailUrl\":\"https:\\\/\\\/laguiole.com\\\/wp-content\\\/uploads\\\/2025\\\/10\\\/Couteau_Laguiole_Prestige_Createur_Plein_Manche_sculpte_queue_de_scorpion_Ivoire_mammouth_Blanc_Pur_Ressort_et_Platines_Guilloches_Lame_Damas_Mouche_Prestige_Ciselee_Piece_Unique_00.jpg\",\"datePublished\":\"2025-10-06T18:07:16+00:00\",\"dateModified\":\"2025-11-05T19:49:42+00:00\",\"description\":\"Dieses Klappmesser des Designers Mikael Ginisty, ein wahres Kunstwerk, ist Sammlern und Liebhabern der Exzellenz gewidmet.\",\"breadcrumb\":{\"@id\":\"https:\\\/\\\/laguiole.com\\\/de\\\/produit\\\/laguiole-prestige-designer-messer-1-stuck-13-cm-kropf-hinterer-skorpionschwanz-blau-mammut-elfenbein-griff-damastklinge-unikat\\\/#breadcrumb\"},\"inLanguage\":\"de\",\"potentialAction\":[{\"@type\":\"ReadAction\",\"target\":[\"https:\\\/\\\/laguiole.com\\\/de\\\/produit\\\/laguiole-prestige-designer-messer-1-stuck-13-cm-kropf-hinterer-skorpionschwanz-blau-mammut-elfenbein-griff-damastklinge-unikat\\\/\"]}]},{\"@type\":\"ImageObject\",\"inLanguage\":\"de\",\"@id\":\"https:\\\/\\\/laguiole.com\\\/de\\\/produit\\\/laguiole-prestige-designer-messer-1-stuck-13-cm-kropf-hinterer-skorpionschwanz-blau-mammut-elfenbein-griff-damastklinge-unikat\\\/#primaryimage\",\"url\":\"https:\\\/\\\/laguiole.com\\\/wp-content\\\/uploads\\\/2025\\\/10\\\/Couteau_Laguiole_Prestige_Createur_Plein_Manche_sculpte_queue_de_scorpion_Ivoire_mammouth_Blanc_Pur_Ressort_et_Platines_Guilloches_Lame_Damas_Mouche_Prestige_Ciselee_Piece_Unique_00.jpg\",\"contentUrl\":\"https:\\\/\\\/laguiole.com\\\/wp-content\\\/uploads\\\/2025\\\/10\\\/Couteau_Laguiole_Prestige_Createur_Plein_Manche_sculpte_queue_de_scorpion_Ivoire_mammouth_Blanc_Pur_Ressort_et_Platines_Guilloches_Lame_Damas_Mouche_Prestige_Ciselee_Piece_Unique_00.jpg\",\"width\":1033,\"height\":1033,\"caption\":\"Laguiole Prestige Designer Messer 1 St\u00fcck 13 cm voller Griff geschnitzter Skorpionschwanz in Mammutelfenbein reinwei\u00dfer Feder und handgefertigten guillochierten Platten Damastklinge Prestige Fliege gemei\u00dfeltes Einzelst\u00fcck\"},{\"@type\":\"BreadcrumbList\",\"@id\":\"https:\\\/\\\/laguiole.com\\\/de\\\/produit\\\/laguiole-prestige-designer-messer-1-stuck-13-cm-kropf-hinterer-skorpionschwanz-blau-mammut-elfenbein-griff-damastklinge-unikat\\\/#breadcrumb\",\"itemListElement\":[{\"@type\":\"ListItem\",\"position\":1,\"name\":\"Accueil\",\"item\":\"https:\\\/\\\/laguiole.com\\\/de\\\/\"},{\"@type\":\"ListItem\",\"position\":2,\"name\":\"Shop\",\"item\":\"https:\\\/\\\/laguiole.com\\\/de\\\/shop-2\\\/\"},{\"@type\":\"ListItem\",\"position\":3,\"name\":\"Laguiole Prestige Designer Messer 1 St\u00fcck 13 cm voller Griff geschnitzter Skorpionschwanz in Mammutelfenbein reinwei\u00dfer Feder und handgefertigten guillochierten Platten Damastklinge Prestige Fliege gemei\u00dfeltes Einzelst\u00fcck\"}]},{\"@type\":\"WebSite\",\"@id\":\"https:\\\/\\\/laguiole.com\\\/de\\\/#website\",\"url\":\"https:\\\/\\\/laguiole.com\\\/de\\\/\",\"name\":\"Laguiole.com\",\"description\":\"Laguiole - Couteau laguiole, Chateau Laguiole, Laguiole en Aubrac, Forge de Laguiole\",\"publisher\":{\"@id\":\"https:\\\/\\\/laguiole.com\\\/de\\\/#organization\"},\"potentialAction\":[{\"@type\":\"SearchAction\",\"target\":{\"@type\":\"EntryPoint\",\"urlTemplate\":\"https:\\\/\\\/laguiole.com\\\/de\\\/?s={search_term_string}\"},\"query-input\":{\"@type\":\"PropertyValueSpecification\",\"valueRequired\":true,\"valueName\":\"search_term_string\"}}],\"inLanguage\":\"de\"},{\"@type\":\"Organization\",\"@id\":\"https:\\\/\\\/laguiole.com\\\/de\\\/#organization\",\"name\":\"Laguiole.com\",\"url\":\"https:\\\/\\\/laguiole.com\\\/de\\\/\",\"logo\":{\"@type\":\"ImageObject\",\"inLanguage\":\"de\",\"@id\":\"https:\\\/\\\/laguiole.com\\\/de\\\/#\\\/schema\\\/logo\\\/image\\\/\",\"url\":\"https:\\\/\\\/laguiole.com\\\/wp-content\\\/uploads\\\/2021\\\/02\\\/logo_laguiole.com-horizontal.jpg\",\"contentUrl\":\"https:\\\/\\\/laguiole.com\\\/wp-content\\\/uploads\\\/2021\\\/02\\\/logo_laguiole.com-horizontal.jpg\",\"width\":490,\"height\":156,\"caption\":\"Laguiole.com\"},\"image\":{\"@id\":\"https:\\\/\\\/laguiole.com\\\/de\\\/#\\\/schema\\\/logo\\\/image\\\/\"},\"sameAs\":[\"https:\\\/\\\/www.facebook.com\\\/laguiolecom\\\/\",\"https:\\\/\\\/www.instagram.com\\\/laguiolecom\\\/\",\"https:\\\/\\\/www.youtube.com\\\/@laguiolecom\\\/videos\"]}]}<\/script>\n<!-- \/ Yoast SEO plugin. -->","yoast_head_json":{"title":"Laguiole.com \u00ae","description":"Dieses Klappmesser des Designers Mikael Ginisty, ein wahres Kunstwerk, ist Sammlern und Liebhabern der Exzellenz gewidmet.","robots":{"index":"index","follow":"follow","max-snippet":"max-snippet:-1","max-image-preview":"max-image-preview:large","max-video-preview":"max-video-preview:-1"},"canonical":"https:\/\/laguiole.com\/de\/produit\/laguiole-prestige-designer-messer-1-stuck-13-cm-kropf-hinterer-skorpionschwanz-blau-mammut-elfenbein-griff-damastklinge-unikat\/","og_locale":"de_DE","og_type":"article","og_title":"Laguiole.com \u00ae","og_description":"Dieses Klappmesser des Designers Mikael Ginisty, ein wahres Kunstwerk, ist Sammlern und Liebhabern der Exzellenz gewidmet.","og_url":"https:\/\/laguiole.com\/de\/produit\/laguiole-prestige-designer-messer-1-stuck-13-cm-kropf-hinterer-skorpionschwanz-blau-mammut-elfenbein-griff-damastklinge-unikat\/","og_site_name":"Laguiole.com \u00ae","article_publisher":"https:\/\/www.facebook.com\/laguiolecom\/","article_modified_time":"2025-11-05T19:49:42+00:00","og_image":[{"width":1033,"height":1033,"url":"https:\/\/laguiole.com\/wp-content\/uploads\/2025\/10\/Couteau_Laguiole_Prestige_Createur_Plein_Manche_sculpte_queue_de_scorpion_Ivoire_mammouth_Blanc_Pur_Ressort_et_Platines_Guilloches_Lame_Damas_Mouche_Prestige_Ciselee_Piece_Unique_00.jpg","type":"image\/jpeg"}],"twitter_card":"summary_large_image","twitter_misc":{"Gesch\u00e4tzte Lesezeit":"1\u00a0Minute"},"schema":{"@context":"https:\/\/schema.org","@graph":[{"@type":"WebPage","@id":"https:\/\/laguiole.com\/de\/produit\/laguiole-prestige-designer-messer-1-stuck-13-cm-kropf-hinterer-skorpionschwanz-blau-mammut-elfenbein-griff-damastklinge-unikat\/","url":"https:\/\/laguiole.com\/de\/produit\/laguiole-prestige-designer-messer-1-stuck-13-cm-kropf-hinterer-skorpionschwanz-blau-mammut-elfenbein-griff-damastklinge-unikat\/","name":"Laguiole.com \u00ae","isPartOf":{"@id":"https:\/\/laguiole.com\/de\/#website"},"primaryImageOfPage":{"@id":"https:\/\/laguiole.com\/de\/produit\/laguiole-prestige-designer-messer-1-stuck-13-cm-kropf-hinterer-skorpionschwanz-blau-mammut-elfenbein-griff-damastklinge-unikat\/#primaryimage"},"image":{"@id":"https:\/\/laguiole.com\/de\/produit\/laguiole-prestige-designer-messer-1-stuck-13-cm-kropf-hinterer-skorpionschwanz-blau-mammut-elfenbein-griff-damastklinge-unikat\/#primaryimage"},"thumbnailUrl":"https:\/\/laguiole.com\/wp-content\/uploads\/2025\/10\/Couteau_Laguiole_Prestige_Createur_Plein_Manche_sculpte_queue_de_scorpion_Ivoire_mammouth_Blanc_Pur_Ressort_et_Platines_Guilloches_Lame_Damas_Mouche_Prestige_Ciselee_Piece_Unique_00.jpg","datePublished":"2025-10-06T18:07:16+00:00","dateModified":"2025-11-05T19:49:42+00:00","description":"Dieses Klappmesser des Designers Mikael Ginisty, ein wahres Kunstwerk, ist Sammlern und Liebhabern der Exzellenz gewidmet.","breadcrumb":{"@id":"https:\/\/laguiole.com\/de\/produit\/laguiole-prestige-designer-messer-1-stuck-13-cm-kropf-hinterer-skorpionschwanz-blau-mammut-elfenbein-griff-damastklinge-unikat\/#breadcrumb"},"inLanguage":"de","potentialAction":[{"@type":"ReadAction","target":["https:\/\/laguiole.com\/de\/produit\/laguiole-prestige-designer-messer-1-stuck-13-cm-kropf-hinterer-skorpionschwanz-blau-mammut-elfenbein-griff-damastklinge-unikat\/"]}]},{"@type":"ImageObject","inLanguage":"de","@id":"https:\/\/laguiole.com\/de\/produit\/laguiole-prestige-designer-messer-1-stuck-13-cm-kropf-hinterer-skorpionschwanz-blau-mammut-elfenbein-griff-damastklinge-unikat\/#primaryimage","url":"https:\/\/laguiole.com\/wp-content\/uploads\/2025\/10\/Couteau_Laguiole_Prestige_Createur_Plein_Manche_sculpte_queue_de_scorpion_Ivoire_mammouth_Blanc_Pur_Ressort_et_Platines_Guilloches_Lame_Damas_Mouche_Prestige_Ciselee_Piece_Unique_00.jpg","contentUrl":"https:\/\/laguiole.com\/wp-content\/uploads\/2025\/10\/Couteau_Laguiole_Prestige_Createur_Plein_Manche_sculpte_queue_de_scorpion_Ivoire_mammouth_Blanc_Pur_Ressort_et_Platines_Guilloches_Lame_Damas_Mouche_Prestige_Ciselee_Piece_Unique_00.jpg","width":1033,"height":1033,"caption":"Laguiole Prestige Designer Messer 1 St\u00fcck 13 cm voller Griff geschnitzter Skorpionschwanz in Mammutelfenbein reinwei\u00dfer Feder und handgefertigten guillochierten Platten Damastklinge Prestige Fliege gemei\u00dfeltes Einzelst\u00fcck"},{"@type":"BreadcrumbList","@id":"https:\/\/laguiole.com\/de\/produit\/laguiole-prestige-designer-messer-1-stuck-13-cm-kropf-hinterer-skorpionschwanz-blau-mammut-elfenbein-griff-damastklinge-unikat\/#breadcrumb","itemListElement":[{"@type":"ListItem","position":1,"name":"Accueil","item":"https:\/\/laguiole.com\/de\/"},{"@type":"ListItem","position":2,"name":"Shop","item":"https:\/\/laguiole.com\/de\/shop-2\/"},{"@type":"ListItem","position":3,"name":"Laguiole Prestige Designer Messer 1 St\u00fcck 13 cm voller Griff geschnitzter Skorpionschwanz in Mammutelfenbein reinwei\u00dfer Feder und handgefertigten guillochierten Platten Damastklinge Prestige Fliege gemei\u00dfeltes Einzelst\u00fcck"}]},{"@type":"WebSite","@id":"https:\/\/laguiole.com\/de\/#website","url":"https:\/\/laguiole.com\/de\/","name":"Laguiole.com","description":"Laguiole - Couteau laguiole, Chateau Laguiole, Laguiole en Aubrac, Forge de Laguiole","publisher":{"@id":"https:\/\/laguiole.com\/de\/#organization"},"potentialAction":[{"@type":"SearchAction","target":{"@type":"EntryPoint","urlTemplate":"https:\/\/laguiole.com\/de\/?s={search_term_string}"},"query-input":{"@type":"PropertyValueSpecification","valueRequired":true,"valueName":"search_term_string"}}],"inLanguage":"de"},{"@type":"Organization","@id":"https:\/\/laguiole.com\/de\/#organization","name":"Laguiole.com","url":"https:\/\/laguiole.com\/de\/","logo":{"@type":"ImageObject","inLanguage":"de","@id":"https:\/\/laguiole.com\/de\/#\/schema\/logo\/image\/","url":"https:\/\/laguiole.com\/wp-content\/uploads\/2021\/02\/logo_laguiole.com-horizontal.jpg","contentUrl":"https:\/\/laguiole.com\/wp-content\/uploads\/2021\/02\/logo_laguiole.com-horizontal.jpg","width":490,"height":156,"caption":"Laguiole.com"},"image":{"@id":"https:\/\/laguiole.com\/de\/#\/schema\/logo\/image\/"},"sameAs":["https:\/\/www.facebook.com\/laguiolecom\/","https:\/\/www.instagram.com\/laguiolecom\/","https:\/\/www.youtube.com\/@laguiolecom\/videos"]}]}},"_links":{"self":[{"href":"https:\/\/laguiole.com\/de\/wp-json\/wp\/v2\/product\/42706","targetHints":{"allow":["GET"]}}],"collection":[{"href":"https:\/\/laguiole.com\/de\/wp-json\/wp\/v2\/product"}],"about":[{"href":"https:\/\/laguiole.com\/de\/wp-json\/wp\/v2\/types\/product"}],"version-history":[{"count":2,"href":"https:\/\/laguiole.com\/de\/wp-json\/wp\/v2\/product\/42706\/revisions"}],"predecessor-version":[{"id":44937,"href":"https:\/\/laguiole.com\/de\/wp-json\/wp\/v2\/product\/42706\/revisions\/44937"}],"wp:featuredmedia":[{"embeddable":true,"href":"https:\/\/laguiole.com\/de\/wp-json\/wp\/v2\/media\/43343"}],"wp:attachment":[{"href":"https:\/\/laguiole.com\/de\/wp-json\/wp\/v2\/media?parent=42706"}],"wp:term":[{"taxonomy":"product_brand","embeddable":true,"href":"https:\/\/laguiole.com\/de\/wp-json\/wp\/v2\/product_brand?post=42706"},{"taxonomy":"product_cat","embeddable":true,"href":"https:\/\/laguiole.com\/de\/wp-json\/wp\/v2\/product_cat?post=42706"},{"taxonomy":"product_tag","embeddable":true,"href":"https:\/\/laguiole.com\/de\/wp-json\/wp\/v2\/product_tag?post=42706"}],"curies":[{"name":"wp","href":"https:\/\/api.w.org\/{rel}","templated":true}]}}