{"id":42040,"date":"2023-08-23T18:21:32","date_gmt":"2023-08-23T16:21:32","guid":{"rendered":"https:\/\/laguiole.com\/produit\/laguiole-aubrac-messer-1-stueck-12-cm-mammut-elfenbeinkruste-griff-2-kropfe-aus-gebuerstetem-edelstahl-gemeisselte-fliege-prestige\/"},"modified":"2023-08-23T18:21:32","modified_gmt":"2023-08-23T16:21:32","slug":"laguiole-aubrac-messer-1-stueck-12-cm-mammut-elfenbeinkruste-griff-2-kropfe-aus-gebuerstetem-edelstahl-gemeisselte-fliege-prestige","status":"publish","type":"product","link":"https:\/\/laguiole.com\/de\/produit\/laguiole-aubrac-messer-1-stueck-12-cm-mammut-elfenbeinkruste-griff-2-kropfe-aus-gebuerstetem-edelstahl-gemeisselte-fliege-prestige\/","title":{"rendered":"Laguiole Aubrac Messer 1 St\u00fcck 12 cm Mammut Elfenbeinkruste Griff 2 Kropfe aus geb\u00fcrstetem Edelstahl gemei\u00dfelte Fliege Prestige"},"content":{"rendered":"","protected":false},"excerpt":{"rendered":"<p>Laguiole Klappmesser in Aubrac<br \/>\nMammut<br \/>\nKruste Elfenbein Griff 2 handgemei\u00dfelte<br \/>\nKropfe aus geb\u00fcrstetem Edelstahl Handgeb\u00fcrstete Klinge aus Edelstahl 12C27 MOD Klinge mit Laschenfeder<br \/>\nfein handgemei\u00dfelt in geb\u00fcrstetem Edelstahl und anpassbar durch Lasergravur Auch<br \/>\ngeb\u00fcrstete Edelstahlplatten Geschmiedete und handgemei\u00dfelte<br \/>\nMittelkropfer Fein geb\u00fcrsteter Edelstahl handgemei\u00dfelt floraler<br \/>\nguillochierter Hosenschlitz:  Stilisierte Bienendekoration Handgeschmiedetes<br \/>\nEinzelst\u00fcck<br \/>\nKlingenl\u00e4nge 10cm<br \/>\nGeschlossene Messerl\u00e4nge 12cm<br \/>\nOffene Messerl\u00e4nge 22cm<br \/>\n<iframe src=\"https:\/\/www.youtube.com\/embed\/fyw44NtY-dU?rel=0&amp;autoplay=1\" width=\"400\" height=\"225\" frameborder=\"0\" allowfullscreen=\"allowfullscreen\"><\/iframe><\/p>\n","protected":false},"featured_media":48989,"template":"","meta":{"_acf_changed":false,"_monsterinsights_skip_tracking":false,"_monsterinsights_sitenote_active":false,"_monsterinsights_sitenote_note":"","_monsterinsights_sitenote_category":0},"product_brand":[],"product_cat":[5963,5938,5939,5943],"product_tag":[6171],"class_list":{"0":"post-42040","1":"product","2":"type-product","3":"status-publish","4":"has-post-thumbnail","6":"product_cat-federgravur","7":"product_cat-klappmesser","8":"product_cat-laguiole-klappmesser","9":"product_cat-laguiole-prestiges-messer","10":"product_tag-gravurfeder","11":"pa_composition-couteau-1-stueck-nur-klinge","12":"pa_finition-gebuerstet","13":"pa_lame-gebuersteter-edelstahl","14":"pa_manche-en-bois-platane","15":"pa_marque-laguiole-en-aubracfr","16":"pa_mitres-2-gehrungen","17":"pa_mitres-gemeisselt","18":"pa_mouche-geschmiedet","19":"pa_mouche-prestige","20":"pa_platines-einzelplatin","21":"pa_ressort-guilloche","22":"pa_taille-du-manche-12-cm","23":"tm-has-options","26":"instock","27":"taxable","28":"shipping-taxable","29":"purchasable","30":"product-type-simple"},"supplier_id":null,"supplier_sku":"","barcode":null,"atum_controlled":true,"out_stock_date":null,"out_stock_threshold":null,"inheritable":false,"inbound_stock":0,"stock_on_hold":0,"sold_today":0,"sales_last_days":0,"reserved_stock":0,"customer_returns":0,"warehouse_damage":0,"lost_in_post":0,"other_logs":0,"out_stock_days":0,"lost_sales":0,"has_location":false,"update_date":"2026-04-28T00:41:31","atum_locations":[],"atum_stock_status":"instock","restock_status":false,"low_stock_amount":"","sales_update_date":"2026-04-28T00:41:31","calc_backorders":0,"acf":[],"yoast_head":"<!-- This site is optimized with the Yoast SEO plugin v27.3 - https:\/\/yoast.com\/product\/yoast-seo-wordpress\/ -->\n<title>Laguiole Aubrac Messer 1 St\u00fcck 12 cm Mammut Elfenbeinkruste Griff 2 Kropfe aus geb\u00fcrstetem Edelstahl gemei\u00dfelte Fliege Prestige - Laguiole.com \u00ae<\/title>\n<meta name=\"robots\" content=\"index, follow, max-snippet:-1, max-image-preview:large, max-video-preview:-1\" \/>\n<link rel=\"canonical\" href=\"https:\/\/laguiole.com\/de\/produit\/laguiole-aubrac-messer-1-stueck-12-cm-mammut-elfenbeinkruste-griff-2-kropfe-aus-gebuerstetem-edelstahl-gemeisselte-fliege-prestige\/\" \/>\n<meta property=\"og:locale\" content=\"de_DE\" \/>\n<meta property=\"og:type\" content=\"article\" \/>\n<meta property=\"og:title\" content=\"Laguiole Aubrac Messer 1 St\u00fcck 12 cm Mammut Elfenbeinkruste Griff 2 Kropfe aus geb\u00fcrstetem Edelstahl gemei\u00dfelte Fliege Prestige - Laguiole.com \u00ae\" \/>\n<meta property=\"og:description\" content=\"Laguiole Klappmesser in Aubrac Mammut Kruste Elfenbein Griff 2 handgemei\u00dfelte Kropfe aus geb\u00fcrstetem Edelstahl Handgeb\u00fcrstete Klinge aus Edelstahl 12C27 MOD Klinge mit Laschenfeder fein handgemei\u00dfelt in geb\u00fcrstetem Edelstahl und anpassbar durch Lasergravur Auch geb\u00fcrstete Edelstahlplatten Geschmiedete und handgemei\u00dfelte Mittelkropfer Fein geb\u00fcrsteter Edelstahl handgemei\u00dfelt floraler guillochierter Hosenschlitz: Stilisierte Bienendekoration Handgeschmiedetes Einzelst\u00fcck Klingenl\u00e4nge 10cm Geschlossene Messerl\u00e4nge 12cm Offene Messerl\u00e4nge 22cm\" \/>\n<meta property=\"og:url\" content=\"https:\/\/laguiole.com\/de\/produit\/laguiole-aubrac-messer-1-stueck-12-cm-mammut-elfenbeinkruste-griff-2-kropfe-aus-gebuerstetem-edelstahl-gemeisselte-fliege-prestige\/\" \/>\n<meta property=\"og:site_name\" content=\"Laguiole.com \u00ae\" \/>\n<meta property=\"article:publisher\" content=\"https:\/\/www.facebook.com\/laguiolecom\/\" \/>\n<meta property=\"og:image\" content=\"https:\/\/laguiole.com\/wp-content\/uploads\/2023\/08\/Couteau_Laguiole_en_Aubrac_1_Piece_12_cm_Manche_en_Croute_Ivoire_de_Mammouth_2_Mitres_Inox_Brosse_Ciselees_Mouche_Prestige_00.jpg\" \/>\n\t<meta property=\"og:image:width\" content=\"1033\" \/>\n\t<meta property=\"og:image:height\" content=\"1033\" \/>\n\t<meta property=\"og:image:type\" content=\"image\/jpeg\" \/>\n<meta name=\"twitter:card\" content=\"summary_large_image\" \/>\n<script type=\"application\/ld+json\" class=\"yoast-schema-graph\">{\"@context\":\"https:\\\/\\\/schema.org\",\"@graph\":[{\"@type\":\"WebPage\",\"@id\":\"https:\\\/\\\/laguiole.com\\\/de\\\/produit\\\/laguiole-aubrac-messer-1-stueck-12-cm-mammut-elfenbeinkruste-griff-2-kropfe-aus-gebuerstetem-edelstahl-gemeisselte-fliege-prestige\\\/\",\"url\":\"https:\\\/\\\/laguiole.com\\\/de\\\/produit\\\/laguiole-aubrac-messer-1-stueck-12-cm-mammut-elfenbeinkruste-griff-2-kropfe-aus-gebuerstetem-edelstahl-gemeisselte-fliege-prestige\\\/\",\"name\":\"Laguiole Aubrac Messer 1 St\u00fcck 12 cm Mammut Elfenbeinkruste Griff 2 Kropfe aus geb\u00fcrstetem Edelstahl gemei\u00dfelte Fliege Prestige - Laguiole.com \u00ae\",\"isPartOf\":{\"@id\":\"https:\\\/\\\/laguiole.com\\\/de\\\/#website\"},\"primaryImageOfPage\":{\"@id\":\"https:\\\/\\\/laguiole.com\\\/de\\\/produit\\\/laguiole-aubrac-messer-1-stueck-12-cm-mammut-elfenbeinkruste-griff-2-kropfe-aus-gebuerstetem-edelstahl-gemeisselte-fliege-prestige\\\/#primaryimage\"},\"image\":{\"@id\":\"https:\\\/\\\/laguiole.com\\\/de\\\/produit\\\/laguiole-aubrac-messer-1-stueck-12-cm-mammut-elfenbeinkruste-griff-2-kropfe-aus-gebuerstetem-edelstahl-gemeisselte-fliege-prestige\\\/#primaryimage\"},\"thumbnailUrl\":\"https:\\\/\\\/laguiole.com\\\/wp-content\\\/uploads\\\/2023\\\/08\\\/Couteau_Laguiole_en_Aubrac_Manche_en_Loupe_de_Platane_teintee_bleu_Mouche_Prestige_Piece_Unique_08.jpg\",\"datePublished\":\"2023-08-23T16:21:32+00:00\",\"breadcrumb\":{\"@id\":\"https:\\\/\\\/laguiole.com\\\/de\\\/produit\\\/laguiole-aubrac-messer-1-stueck-12-cm-mammut-elfenbeinkruste-griff-2-kropfe-aus-gebuerstetem-edelstahl-gemeisselte-fliege-prestige\\\/#breadcrumb\"},\"inLanguage\":\"de\",\"potentialAction\":[{\"@type\":\"ReadAction\",\"target\":[\"https:\\\/\\\/laguiole.com\\\/de\\\/produit\\\/laguiole-aubrac-messer-1-stueck-12-cm-mammut-elfenbeinkruste-griff-2-kropfe-aus-gebuerstetem-edelstahl-gemeisselte-fliege-prestige\\\/\"]}]},{\"@type\":\"ImageObject\",\"inLanguage\":\"de\",\"@id\":\"https:\\\/\\\/laguiole.com\\\/de\\\/produit\\\/laguiole-aubrac-messer-1-stueck-12-cm-mammut-elfenbeinkruste-griff-2-kropfe-aus-gebuerstetem-edelstahl-gemeisselte-fliege-prestige\\\/#primaryimage\",\"url\":\"https:\\\/\\\/laguiole.com\\\/wp-content\\\/uploads\\\/2023\\\/08\\\/Couteau_Laguiole_en_Aubrac_Manche_en_Loupe_de_Platane_teintee_bleu_Mouche_Prestige_Piece_Unique_08.jpg\",\"contentUrl\":\"https:\\\/\\\/laguiole.com\\\/wp-content\\\/uploads\\\/2023\\\/08\\\/Couteau_Laguiole_en_Aubrac_Manche_en_Loupe_de_Platane_teintee_bleu_Mouche_Prestige_Piece_Unique_08.jpg\",\"width\":1033,\"height\":1033},{\"@type\":\"BreadcrumbList\",\"@id\":\"https:\\\/\\\/laguiole.com\\\/de\\\/produit\\\/laguiole-aubrac-messer-1-stueck-12-cm-mammut-elfenbeinkruste-griff-2-kropfe-aus-gebuerstetem-edelstahl-gemeisselte-fliege-prestige\\\/#breadcrumb\",\"itemListElement\":[{\"@type\":\"ListItem\",\"position\":1,\"name\":\"Accueil\",\"item\":\"https:\\\/\\\/laguiole.com\\\/de\\\/\"},{\"@type\":\"ListItem\",\"position\":2,\"name\":\"Shop\",\"item\":\"https:\\\/\\\/laguiole.com\\\/de\\\/shop-2\\\/\"},{\"@type\":\"ListItem\",\"position\":3,\"name\":\"Priv\u00e9\u00a0: Laguiole Aubrac Messer 1 St\u00fcck 12 cm Mammut Elfenbeinkruste Griff 2 Kropfe aus geb\u00fcrstetem Edelstahl gemei\u00dfelte Fliege Prestige\"}]},{\"@type\":\"WebSite\",\"@id\":\"https:\\\/\\\/laguiole.com\\\/de\\\/#website\",\"url\":\"https:\\\/\\\/laguiole.com\\\/de\\\/\",\"name\":\"Laguiole.com\",\"description\":\"Laguiole - Couteau laguiole, Chateau Laguiole, Laguiole en Aubrac, Forge de Laguiole\",\"publisher\":{\"@id\":\"https:\\\/\\\/laguiole.com\\\/de\\\/#organization\"},\"potentialAction\":[{\"@type\":\"SearchAction\",\"target\":{\"@type\":\"EntryPoint\",\"urlTemplate\":\"https:\\\/\\\/laguiole.com\\\/de\\\/?s={search_term_string}\"},\"query-input\":{\"@type\":\"PropertyValueSpecification\",\"valueRequired\":true,\"valueName\":\"search_term_string\"}}],\"inLanguage\":\"de\"},{\"@type\":\"Organization\",\"@id\":\"https:\\\/\\\/laguiole.com\\\/de\\\/#organization\",\"name\":\"Laguiole.com\",\"url\":\"https:\\\/\\\/laguiole.com\\\/de\\\/\",\"logo\":{\"@type\":\"ImageObject\",\"inLanguage\":\"de\",\"@id\":\"https:\\\/\\\/laguiole.com\\\/de\\\/#\\\/schema\\\/logo\\\/image\\\/\",\"url\":\"https:\\\/\\\/laguiole.com\\\/wp-content\\\/uploads\\\/2021\\\/02\\\/logo_laguiole.com-horizontal.jpg\",\"contentUrl\":\"https:\\\/\\\/laguiole.com\\\/wp-content\\\/uploads\\\/2021\\\/02\\\/logo_laguiole.com-horizontal.jpg\",\"width\":490,\"height\":156,\"caption\":\"Laguiole.com\"},\"image\":{\"@id\":\"https:\\\/\\\/laguiole.com\\\/de\\\/#\\\/schema\\\/logo\\\/image\\\/\"},\"sameAs\":[\"https:\\\/\\\/www.facebook.com\\\/laguiolecom\\\/\",\"https:\\\/\\\/www.instagram.com\\\/laguiolecom\\\/\",\"https:\\\/\\\/www.youtube.com\\\/@laguiolecom\\\/videos\"]}]}<\/script>\n<!-- \/ Yoast SEO plugin. -->","yoast_head_json":{"title":"Laguiole Aubrac Messer 1 St\u00fcck 12 cm Mammut Elfenbeinkruste Griff 2 Kropfe aus geb\u00fcrstetem Edelstahl gemei\u00dfelte Fliege Prestige - Laguiole.com \u00ae","robots":{"index":"index","follow":"follow","max-snippet":"max-snippet:-1","max-image-preview":"max-image-preview:large","max-video-preview":"max-video-preview:-1"},"canonical":"https:\/\/laguiole.com\/de\/produit\/laguiole-aubrac-messer-1-stueck-12-cm-mammut-elfenbeinkruste-griff-2-kropfe-aus-gebuerstetem-edelstahl-gemeisselte-fliege-prestige\/","og_locale":"de_DE","og_type":"article","og_title":"Laguiole Aubrac Messer 1 St\u00fcck 12 cm Mammut Elfenbeinkruste Griff 2 Kropfe aus geb\u00fcrstetem Edelstahl gemei\u00dfelte Fliege Prestige - Laguiole.com \u00ae","og_description":"Laguiole Klappmesser in Aubrac Mammut Kruste Elfenbein Griff 2 handgemei\u00dfelte Kropfe aus geb\u00fcrstetem Edelstahl Handgeb\u00fcrstete Klinge aus Edelstahl 12C27 MOD Klinge mit Laschenfeder fein handgemei\u00dfelt in geb\u00fcrstetem Edelstahl und anpassbar durch Lasergravur Auch geb\u00fcrstete Edelstahlplatten Geschmiedete und handgemei\u00dfelte Mittelkropfer Fein geb\u00fcrsteter Edelstahl handgemei\u00dfelt floraler guillochierter Hosenschlitz: Stilisierte Bienendekoration Handgeschmiedetes Einzelst\u00fcck Klingenl\u00e4nge 10cm Geschlossene Messerl\u00e4nge 12cm Offene Messerl\u00e4nge 22cm","og_url":"https:\/\/laguiole.com\/de\/produit\/laguiole-aubrac-messer-1-stueck-12-cm-mammut-elfenbeinkruste-griff-2-kropfe-aus-gebuerstetem-edelstahl-gemeisselte-fliege-prestige\/","og_site_name":"Laguiole.com \u00ae","article_publisher":"https:\/\/www.facebook.com\/laguiolecom\/","og_image":[{"width":1033,"height":1033,"url":"https:\/\/laguiole.com\/wp-content\/uploads\/2023\/08\/Couteau_Laguiole_en_Aubrac_1_Piece_12_cm_Manche_en_Croute_Ivoire_de_Mammouth_2_Mitres_Inox_Brosse_Ciselees_Mouche_Prestige_00.jpg","type":"image\/jpeg"}],"twitter_card":"summary_large_image","schema":{"@context":"https:\/\/schema.org","@graph":[{"@type":"WebPage","@id":"https:\/\/laguiole.com\/de\/produit\/laguiole-aubrac-messer-1-stueck-12-cm-mammut-elfenbeinkruste-griff-2-kropfe-aus-gebuerstetem-edelstahl-gemeisselte-fliege-prestige\/","url":"https:\/\/laguiole.com\/de\/produit\/laguiole-aubrac-messer-1-stueck-12-cm-mammut-elfenbeinkruste-griff-2-kropfe-aus-gebuerstetem-edelstahl-gemeisselte-fliege-prestige\/","name":"Laguiole Aubrac Messer 1 St\u00fcck 12 cm Mammut Elfenbeinkruste Griff 2 Kropfe aus geb\u00fcrstetem Edelstahl gemei\u00dfelte Fliege Prestige - Laguiole.com \u00ae","isPartOf":{"@id":"https:\/\/laguiole.com\/de\/#website"},"primaryImageOfPage":{"@id":"https:\/\/laguiole.com\/de\/produit\/laguiole-aubrac-messer-1-stueck-12-cm-mammut-elfenbeinkruste-griff-2-kropfe-aus-gebuerstetem-edelstahl-gemeisselte-fliege-prestige\/#primaryimage"},"image":{"@id":"https:\/\/laguiole.com\/de\/produit\/laguiole-aubrac-messer-1-stueck-12-cm-mammut-elfenbeinkruste-griff-2-kropfe-aus-gebuerstetem-edelstahl-gemeisselte-fliege-prestige\/#primaryimage"},"thumbnailUrl":"https:\/\/laguiole.com\/wp-content\/uploads\/2023\/08\/Couteau_Laguiole_en_Aubrac_Manche_en_Loupe_de_Platane_teintee_bleu_Mouche_Prestige_Piece_Unique_08.jpg","datePublished":"2023-08-23T16:21:32+00:00","breadcrumb":{"@id":"https:\/\/laguiole.com\/de\/produit\/laguiole-aubrac-messer-1-stueck-12-cm-mammut-elfenbeinkruste-griff-2-kropfe-aus-gebuerstetem-edelstahl-gemeisselte-fliege-prestige\/#breadcrumb"},"inLanguage":"de","potentialAction":[{"@type":"ReadAction","target":["https:\/\/laguiole.com\/de\/produit\/laguiole-aubrac-messer-1-stueck-12-cm-mammut-elfenbeinkruste-griff-2-kropfe-aus-gebuerstetem-edelstahl-gemeisselte-fliege-prestige\/"]}]},{"@type":"ImageObject","inLanguage":"de","@id":"https:\/\/laguiole.com\/de\/produit\/laguiole-aubrac-messer-1-stueck-12-cm-mammut-elfenbeinkruste-griff-2-kropfe-aus-gebuerstetem-edelstahl-gemeisselte-fliege-prestige\/#primaryimage","url":"https:\/\/laguiole.com\/wp-content\/uploads\/2023\/08\/Couteau_Laguiole_en_Aubrac_Manche_en_Loupe_de_Platane_teintee_bleu_Mouche_Prestige_Piece_Unique_08.jpg","contentUrl":"https:\/\/laguiole.com\/wp-content\/uploads\/2023\/08\/Couteau_Laguiole_en_Aubrac_Manche_en_Loupe_de_Platane_teintee_bleu_Mouche_Prestige_Piece_Unique_08.jpg","width":1033,"height":1033},{"@type":"BreadcrumbList","@id":"https:\/\/laguiole.com\/de\/produit\/laguiole-aubrac-messer-1-stueck-12-cm-mammut-elfenbeinkruste-griff-2-kropfe-aus-gebuerstetem-edelstahl-gemeisselte-fliege-prestige\/#breadcrumb","itemListElement":[{"@type":"ListItem","position":1,"name":"Accueil","item":"https:\/\/laguiole.com\/de\/"},{"@type":"ListItem","position":2,"name":"Shop","item":"https:\/\/laguiole.com\/de\/shop-2\/"},{"@type":"ListItem","position":3,"name":"Priv\u00e9\u00a0: Laguiole Aubrac Messer 1 St\u00fcck 12 cm Mammut Elfenbeinkruste Griff 2 Kropfe aus geb\u00fcrstetem Edelstahl gemei\u00dfelte Fliege Prestige"}]},{"@type":"WebSite","@id":"https:\/\/laguiole.com\/de\/#website","url":"https:\/\/laguiole.com\/de\/","name":"Laguiole.com","description":"Laguiole - Couteau laguiole, Chateau Laguiole, Laguiole en Aubrac, Forge de Laguiole","publisher":{"@id":"https:\/\/laguiole.com\/de\/#organization"},"potentialAction":[{"@type":"SearchAction","target":{"@type":"EntryPoint","urlTemplate":"https:\/\/laguiole.com\/de\/?s={search_term_string}"},"query-input":{"@type":"PropertyValueSpecification","valueRequired":true,"valueName":"search_term_string"}}],"inLanguage":"de"},{"@type":"Organization","@id":"https:\/\/laguiole.com\/de\/#organization","name":"Laguiole.com","url":"https:\/\/laguiole.com\/de\/","logo":{"@type":"ImageObject","inLanguage":"de","@id":"https:\/\/laguiole.com\/de\/#\/schema\/logo\/image\/","url":"https:\/\/laguiole.com\/wp-content\/uploads\/2021\/02\/logo_laguiole.com-horizontal.jpg","contentUrl":"https:\/\/laguiole.com\/wp-content\/uploads\/2021\/02\/logo_laguiole.com-horizontal.jpg","width":490,"height":156,"caption":"Laguiole.com"},"image":{"@id":"https:\/\/laguiole.com\/de\/#\/schema\/logo\/image\/"},"sameAs":["https:\/\/www.facebook.com\/laguiolecom\/","https:\/\/www.instagram.com\/laguiolecom\/","https:\/\/www.youtube.com\/@laguiolecom\/videos"]}]}},"_links":{"self":[{"href":"https:\/\/laguiole.com\/de\/wp-json\/wp\/v2\/product\/42040","targetHints":{"allow":["GET"]}}],"collection":[{"href":"https:\/\/laguiole.com\/de\/wp-json\/wp\/v2\/product"}],"about":[{"href":"https:\/\/laguiole.com\/de\/wp-json\/wp\/v2\/types\/product"}],"version-history":[{"count":0,"href":"https:\/\/laguiole.com\/de\/wp-json\/wp\/v2\/product\/42040\/revisions"}],"wp:featuredmedia":[{"embeddable":true,"href":"https:\/\/laguiole.com\/de\/wp-json\/wp\/v2\/media\/48989"}],"wp:attachment":[{"href":"https:\/\/laguiole.com\/de\/wp-json\/wp\/v2\/media?parent=42040"}],"wp:term":[{"taxonomy":"product_brand","embeddable":true,"href":"https:\/\/laguiole.com\/de\/wp-json\/wp\/v2\/product_brand?post=42040"},{"taxonomy":"product_cat","embeddable":true,"href":"https:\/\/laguiole.com\/de\/wp-json\/wp\/v2\/product_cat?post=42040"},{"taxonomy":"product_tag","embeddable":true,"href":"https:\/\/laguiole.com\/de\/wp-json\/wp\/v2\/product_tag?post=42040"}],"curies":[{"name":"wp","href":"https:\/\/api.w.org\/{rel}","templated":true}]}}