{"id":41823,"date":"2023-07-12T14:51:44","date_gmt":"2023-07-12T12:51:44","guid":{"rendered":"https:\/\/laguiole.com\/produit\/laguiole-and-thiers-desy-schwarzes-ledermesser-guerteletui\/"},"modified":"2025-11-05T20:39:13","modified_gmt":"2025-11-05T19:39:13","slug":"laguiole-and-thiers-desy-schwarzes-ledermesser-guerteletui","status":"publish","type":"product","link":"https:\/\/laguiole.com\/de\/produit\/laguiole-and-thiers-desy-schwarzes-ledermesser-guerteletui\/","title":{"rendered":"Laguiole and Thiers Desy Schwarzes Ledermesser G\u00fcrteletui"},"content":{"rendered":"","protected":false},"excerpt":{"rendered":"<p>Desy-Lederscheide f\u00fcr Laguiole- und Thiers-Messer<br \/>\nSchwarz Handgefertigtes<br \/>\nfranz\u00f6sisches Leder (AVEYRON)<br \/>\nVollnarbiges<br \/>\nRindsleder Kratzfestes Polster bei Druck in der Scheide<br \/>\nG\u00fcrtelschlaufe Vertikale<br \/>\nPosition Geeignet f\u00fcr jede Art von Laguiole und Thiers Messer bis zu 12 cm (L\u00e4nge Messer geschlossen)<\/p>\n","protected":false},"featured_media":41825,"template":"","meta":{"_acf_changed":false,"_monsterinsights_skip_tracking":false,"_monsterinsights_sitenote_active":false,"_monsterinsights_sitenote_note":"","_monsterinsights_sitenote_category":0},"product_brand":[],"product_cat":[5952],"product_tag":[],"class_list":{"0":"post-41823","1":"product","2":"type-product","3":"status-publish","4":"has-post-thumbnail","6":"product_cat-messerfutteral","7":"pa_etuis-cuir-pour-10-cm","8":"pa_etuis-cuir-pour-11-12-cm","9":"pa_etuis-cuir-pour-laguiole-2","10":"pa_etuis-cuir-pour-thiers-2","11":"pa_marque-max-capdebarthes","12":"tm-no-options","15":"instock","16":"taxable","17":"shipping-taxable","18":"purchasable","19":"product-type-simple"},"supplier_id":null,"supplier_sku":"","barcode":null,"atum_controlled":true,"out_stock_date":null,"out_stock_threshold":null,"inheritable":false,"inbound_stock":0,"stock_on_hold":0,"sold_today":0,"sales_last_days":0,"reserved_stock":0,"customer_returns":0,"warehouse_damage":0,"lost_in_post":0,"other_logs":0,"out_stock_days":0,"lost_sales":0,"has_location":false,"update_date":"2026-04-28T00:39:39","atum_locations":[],"atum_stock_status":"instock","restock_status":false,"low_stock_amount":"","sales_update_date":"2026-04-28T00:39:39","calc_backorders":0,"acf":[],"yoast_head":"<!-- This site is optimized with the Yoast SEO plugin v27.3 - https:\/\/yoast.com\/product\/yoast-seo-wordpress\/ -->\n<title>Laguiole and Thiers Desy Schwarzes Ledermesser G\u00fcrteletui - Laguiole.com \u00ae<\/title>\n<meta name=\"robots\" content=\"index, follow, max-snippet:-1, max-image-preview:large, max-video-preview:-1\" \/>\n<link rel=\"canonical\" href=\"https:\/\/laguiole.com\/de\/produit\/laguiole-and-thiers-desy-schwarzes-ledermesser-guerteletui\/\" \/>\n<meta property=\"og:locale\" content=\"de_DE\" \/>\n<meta property=\"og:type\" content=\"article\" \/>\n<meta property=\"og:title\" content=\"Laguiole and Thiers Desy Schwarzes Ledermesser G\u00fcrteletui - Laguiole.com \u00ae\" \/>\n<meta property=\"og:description\" content=\"Desy-Lederscheide f\u00fcr Laguiole- und Thiers-Messer Schwarz Handgefertigtes franz\u00f6sisches Leder (AVEYRON) Vollnarbiges Rindsleder Kratzfestes Polster bei Druck in der Scheide G\u00fcrtelschlaufe Vertikale Position Geeignet f\u00fcr jede Art von Laguiole und Thiers Messer bis zu 12 cm (L\u00e4nge Messer geschlossen)\" \/>\n<meta property=\"og:url\" content=\"https:\/\/laguiole.com\/de\/produit\/laguiole-and-thiers-desy-schwarzes-ledermesser-guerteletui\/\" \/>\n<meta property=\"og:site_name\" content=\"Laguiole.com \u00ae\" \/>\n<meta property=\"article:publisher\" content=\"https:\/\/www.facebook.com\/laguiolecom\/\" \/>\n<meta property=\"article:modified_time\" content=\"2025-11-05T19:39:13+00:00\" \/>\n<meta property=\"og:image\" content=\"https:\/\/laguiole.com\/wp-content\/uploads\/2023\/07\/Etui_Cuir_Couteau_Ceinture_Laguiole_Thiers_Desy_Noir_00.jpg\" \/>\n\t<meta property=\"og:image:width\" content=\"1033\" \/>\n\t<meta property=\"og:image:height\" content=\"1033\" \/>\n\t<meta property=\"og:image:type\" content=\"image\/jpeg\" \/>\n<meta name=\"twitter:card\" content=\"summary_large_image\" \/>\n<script type=\"application\/ld+json\" class=\"yoast-schema-graph\">{\"@context\":\"https:\\\/\\\/schema.org\",\"@graph\":[{\"@type\":\"WebPage\",\"@id\":\"https:\\\/\\\/laguiole.com\\\/de\\\/produit\\\/laguiole-and-thiers-desy-schwarzes-ledermesser-guerteletui\\\/\",\"url\":\"https:\\\/\\\/laguiole.com\\\/de\\\/produit\\\/laguiole-and-thiers-desy-schwarzes-ledermesser-guerteletui\\\/\",\"name\":\"Laguiole and Thiers Desy Schwarzes Ledermesser G\u00fcrteletui - Laguiole.com \u00ae\",\"isPartOf\":{\"@id\":\"https:\\\/\\\/laguiole.com\\\/de\\\/#website\"},\"primaryImageOfPage\":{\"@id\":\"https:\\\/\\\/laguiole.com\\\/de\\\/produit\\\/laguiole-and-thiers-desy-schwarzes-ledermesser-guerteletui\\\/#primaryimage\"},\"image\":{\"@id\":\"https:\\\/\\\/laguiole.com\\\/de\\\/produit\\\/laguiole-and-thiers-desy-schwarzes-ledermesser-guerteletui\\\/#primaryimage\"},\"thumbnailUrl\":\"https:\\\/\\\/laguiole.com\\\/wp-content\\\/uploads\\\/2023\\\/07\\\/Etui_Cuir_Couteau_Ceinture_Laguiole_Thiers_Desy_Noir_00.jpg\",\"datePublished\":\"2023-07-12T12:51:44+00:00\",\"dateModified\":\"2025-11-05T19:39:13+00:00\",\"breadcrumb\":{\"@id\":\"https:\\\/\\\/laguiole.com\\\/de\\\/produit\\\/laguiole-and-thiers-desy-schwarzes-ledermesser-guerteletui\\\/#breadcrumb\"},\"inLanguage\":\"de\",\"potentialAction\":[{\"@type\":\"ReadAction\",\"target\":[\"https:\\\/\\\/laguiole.com\\\/de\\\/produit\\\/laguiole-and-thiers-desy-schwarzes-ledermesser-guerteletui\\\/\"]}]},{\"@type\":\"ImageObject\",\"inLanguage\":\"de\",\"@id\":\"https:\\\/\\\/laguiole.com\\\/de\\\/produit\\\/laguiole-and-thiers-desy-schwarzes-ledermesser-guerteletui\\\/#primaryimage\",\"url\":\"https:\\\/\\\/laguiole.com\\\/wp-content\\\/uploads\\\/2023\\\/07\\\/Etui_Cuir_Couteau_Ceinture_Laguiole_Thiers_Desy_Noir_00.jpg\",\"contentUrl\":\"https:\\\/\\\/laguiole.com\\\/wp-content\\\/uploads\\\/2023\\\/07\\\/Etui_Cuir_Couteau_Ceinture_Laguiole_Thiers_Desy_Noir_00.jpg\",\"width\":1033,\"height\":1033},{\"@type\":\"BreadcrumbList\",\"@id\":\"https:\\\/\\\/laguiole.com\\\/de\\\/produit\\\/laguiole-and-thiers-desy-schwarzes-ledermesser-guerteletui\\\/#breadcrumb\",\"itemListElement\":[{\"@type\":\"ListItem\",\"position\":1,\"name\":\"Accueil\",\"item\":\"https:\\\/\\\/laguiole.com\\\/de\\\/\"},{\"@type\":\"ListItem\",\"position\":2,\"name\":\"Shop\",\"item\":\"https:\\\/\\\/laguiole.com\\\/de\\\/shop-2\\\/\"},{\"@type\":\"ListItem\",\"position\":3,\"name\":\"Laguiole and Thiers Desy Schwarzes Ledermesser G\u00fcrteletui\"}]},{\"@type\":\"WebSite\",\"@id\":\"https:\\\/\\\/laguiole.com\\\/de\\\/#website\",\"url\":\"https:\\\/\\\/laguiole.com\\\/de\\\/\",\"name\":\"Laguiole.com\",\"description\":\"Laguiole - Couteau laguiole, Chateau Laguiole, Laguiole en Aubrac, Forge de Laguiole\",\"publisher\":{\"@id\":\"https:\\\/\\\/laguiole.com\\\/de\\\/#organization\"},\"potentialAction\":[{\"@type\":\"SearchAction\",\"target\":{\"@type\":\"EntryPoint\",\"urlTemplate\":\"https:\\\/\\\/laguiole.com\\\/de\\\/?s={search_term_string}\"},\"query-input\":{\"@type\":\"PropertyValueSpecification\",\"valueRequired\":true,\"valueName\":\"search_term_string\"}}],\"inLanguage\":\"de\"},{\"@type\":\"Organization\",\"@id\":\"https:\\\/\\\/laguiole.com\\\/de\\\/#organization\",\"name\":\"Laguiole.com\",\"url\":\"https:\\\/\\\/laguiole.com\\\/de\\\/\",\"logo\":{\"@type\":\"ImageObject\",\"inLanguage\":\"de\",\"@id\":\"https:\\\/\\\/laguiole.com\\\/de\\\/#\\\/schema\\\/logo\\\/image\\\/\",\"url\":\"https:\\\/\\\/laguiole.com\\\/wp-content\\\/uploads\\\/2021\\\/02\\\/logo_laguiole.com-horizontal.jpg\",\"contentUrl\":\"https:\\\/\\\/laguiole.com\\\/wp-content\\\/uploads\\\/2021\\\/02\\\/logo_laguiole.com-horizontal.jpg\",\"width\":490,\"height\":156,\"caption\":\"Laguiole.com\"},\"image\":{\"@id\":\"https:\\\/\\\/laguiole.com\\\/de\\\/#\\\/schema\\\/logo\\\/image\\\/\"},\"sameAs\":[\"https:\\\/\\\/www.facebook.com\\\/laguiolecom\\\/\",\"https:\\\/\\\/www.instagram.com\\\/laguiolecom\\\/\",\"https:\\\/\\\/www.youtube.com\\\/@laguiolecom\\\/videos\"]}]}<\/script>\n<!-- \/ Yoast SEO plugin. -->","yoast_head_json":{"title":"Laguiole and Thiers Desy Schwarzes Ledermesser G\u00fcrteletui - Laguiole.com \u00ae","robots":{"index":"index","follow":"follow","max-snippet":"max-snippet:-1","max-image-preview":"max-image-preview:large","max-video-preview":"max-video-preview:-1"},"canonical":"https:\/\/laguiole.com\/de\/produit\/laguiole-and-thiers-desy-schwarzes-ledermesser-guerteletui\/","og_locale":"de_DE","og_type":"article","og_title":"Laguiole and Thiers Desy Schwarzes Ledermesser G\u00fcrteletui - Laguiole.com \u00ae","og_description":"Desy-Lederscheide f\u00fcr Laguiole- und Thiers-Messer Schwarz Handgefertigtes franz\u00f6sisches Leder (AVEYRON) Vollnarbiges Rindsleder Kratzfestes Polster bei Druck in der Scheide G\u00fcrtelschlaufe Vertikale Position Geeignet f\u00fcr jede Art von Laguiole und Thiers Messer bis zu 12 cm (L\u00e4nge Messer geschlossen)","og_url":"https:\/\/laguiole.com\/de\/produit\/laguiole-and-thiers-desy-schwarzes-ledermesser-guerteletui\/","og_site_name":"Laguiole.com \u00ae","article_publisher":"https:\/\/www.facebook.com\/laguiolecom\/","article_modified_time":"2025-11-05T19:39:13+00:00","og_image":[{"width":1033,"height":1033,"url":"https:\/\/laguiole.com\/wp-content\/uploads\/2023\/07\/Etui_Cuir_Couteau_Ceinture_Laguiole_Thiers_Desy_Noir_00.jpg","type":"image\/jpeg"}],"twitter_card":"summary_large_image","schema":{"@context":"https:\/\/schema.org","@graph":[{"@type":"WebPage","@id":"https:\/\/laguiole.com\/de\/produit\/laguiole-and-thiers-desy-schwarzes-ledermesser-guerteletui\/","url":"https:\/\/laguiole.com\/de\/produit\/laguiole-and-thiers-desy-schwarzes-ledermesser-guerteletui\/","name":"Laguiole and Thiers Desy Schwarzes Ledermesser G\u00fcrteletui - Laguiole.com \u00ae","isPartOf":{"@id":"https:\/\/laguiole.com\/de\/#website"},"primaryImageOfPage":{"@id":"https:\/\/laguiole.com\/de\/produit\/laguiole-and-thiers-desy-schwarzes-ledermesser-guerteletui\/#primaryimage"},"image":{"@id":"https:\/\/laguiole.com\/de\/produit\/laguiole-and-thiers-desy-schwarzes-ledermesser-guerteletui\/#primaryimage"},"thumbnailUrl":"https:\/\/laguiole.com\/wp-content\/uploads\/2023\/07\/Etui_Cuir_Couteau_Ceinture_Laguiole_Thiers_Desy_Noir_00.jpg","datePublished":"2023-07-12T12:51:44+00:00","dateModified":"2025-11-05T19:39:13+00:00","breadcrumb":{"@id":"https:\/\/laguiole.com\/de\/produit\/laguiole-and-thiers-desy-schwarzes-ledermesser-guerteletui\/#breadcrumb"},"inLanguage":"de","potentialAction":[{"@type":"ReadAction","target":["https:\/\/laguiole.com\/de\/produit\/laguiole-and-thiers-desy-schwarzes-ledermesser-guerteletui\/"]}]},{"@type":"ImageObject","inLanguage":"de","@id":"https:\/\/laguiole.com\/de\/produit\/laguiole-and-thiers-desy-schwarzes-ledermesser-guerteletui\/#primaryimage","url":"https:\/\/laguiole.com\/wp-content\/uploads\/2023\/07\/Etui_Cuir_Couteau_Ceinture_Laguiole_Thiers_Desy_Noir_00.jpg","contentUrl":"https:\/\/laguiole.com\/wp-content\/uploads\/2023\/07\/Etui_Cuir_Couteau_Ceinture_Laguiole_Thiers_Desy_Noir_00.jpg","width":1033,"height":1033},{"@type":"BreadcrumbList","@id":"https:\/\/laguiole.com\/de\/produit\/laguiole-and-thiers-desy-schwarzes-ledermesser-guerteletui\/#breadcrumb","itemListElement":[{"@type":"ListItem","position":1,"name":"Accueil","item":"https:\/\/laguiole.com\/de\/"},{"@type":"ListItem","position":2,"name":"Shop","item":"https:\/\/laguiole.com\/de\/shop-2\/"},{"@type":"ListItem","position":3,"name":"Laguiole and Thiers Desy Schwarzes Ledermesser G\u00fcrteletui"}]},{"@type":"WebSite","@id":"https:\/\/laguiole.com\/de\/#website","url":"https:\/\/laguiole.com\/de\/","name":"Laguiole.com","description":"Laguiole - Couteau laguiole, Chateau Laguiole, Laguiole en Aubrac, Forge de Laguiole","publisher":{"@id":"https:\/\/laguiole.com\/de\/#organization"},"potentialAction":[{"@type":"SearchAction","target":{"@type":"EntryPoint","urlTemplate":"https:\/\/laguiole.com\/de\/?s={search_term_string}"},"query-input":{"@type":"PropertyValueSpecification","valueRequired":true,"valueName":"search_term_string"}}],"inLanguage":"de"},{"@type":"Organization","@id":"https:\/\/laguiole.com\/de\/#organization","name":"Laguiole.com","url":"https:\/\/laguiole.com\/de\/","logo":{"@type":"ImageObject","inLanguage":"de","@id":"https:\/\/laguiole.com\/de\/#\/schema\/logo\/image\/","url":"https:\/\/laguiole.com\/wp-content\/uploads\/2021\/02\/logo_laguiole.com-horizontal.jpg","contentUrl":"https:\/\/laguiole.com\/wp-content\/uploads\/2021\/02\/logo_laguiole.com-horizontal.jpg","width":490,"height":156,"caption":"Laguiole.com"},"image":{"@id":"https:\/\/laguiole.com\/de\/#\/schema\/logo\/image\/"},"sameAs":["https:\/\/www.facebook.com\/laguiolecom\/","https:\/\/www.instagram.com\/laguiolecom\/","https:\/\/www.youtube.com\/@laguiolecom\/videos"]}]}},"_links":{"self":[{"href":"https:\/\/laguiole.com\/de\/wp-json\/wp\/v2\/product\/41823","targetHints":{"allow":["GET"]}}],"collection":[{"href":"https:\/\/laguiole.com\/de\/wp-json\/wp\/v2\/product"}],"about":[{"href":"https:\/\/laguiole.com\/de\/wp-json\/wp\/v2\/types\/product"}],"version-history":[{"count":1,"href":"https:\/\/laguiole.com\/de\/wp-json\/wp\/v2\/product\/41823\/revisions"}],"predecessor-version":[{"id":44930,"href":"https:\/\/laguiole.com\/de\/wp-json\/wp\/v2\/product\/41823\/revisions\/44930"}],"wp:featuredmedia":[{"embeddable":true,"href":"https:\/\/laguiole.com\/de\/wp-json\/wp\/v2\/media\/41825"}],"wp:attachment":[{"href":"https:\/\/laguiole.com\/de\/wp-json\/wp\/v2\/media?parent=41823"}],"wp:term":[{"taxonomy":"product_brand","embeddable":true,"href":"https:\/\/laguiole.com\/de\/wp-json\/wp\/v2\/product_brand?post=41823"},{"taxonomy":"product_cat","embeddable":true,"href":"https:\/\/laguiole.com\/de\/wp-json\/wp\/v2\/product_cat?post=41823"},{"taxonomy":"product_tag","embeddable":true,"href":"https:\/\/laguiole.com\/de\/wp-json\/wp\/v2\/product_tag?post=41823"}],"curies":[{"name":"wp","href":"https:\/\/api.w.org\/{rel}","templated":true}]}}