{"id":41130,"date":"2023-04-28T18:50:09","date_gmt":"2023-04-28T16:50:09","guid":{"rendered":"https:\/\/laguiole.com\/produit\/laguiole-messer-in-aubrac-2-stueck-12cm-korkenziehergriff-vine-2-gehrungen-edelstahl-gebuerstet\/"},"modified":"2025-11-03T13:48:53","modified_gmt":"2025-11-03T12:48:53","slug":"laguiole-messer-in-aubrac-2-stueck-12cm-korkenziehergriff-vine-2-gehrungen-edelstahl-gebuerstet","status":"publish","type":"product","link":"https:\/\/laguiole.com\/de\/produit\/laguiole-messer-in-aubrac-2-stueck-12cm-korkenziehergriff-vine-2-gehrungen-edelstahl-gebuerstet\/","title":{"rendered":"Laguiole Messer in Aubrac 2 St\u00fcck 12cm Korkenziehergriff Vine 2 Gehrungen Edelstahl geb\u00fcrstet"},"content":{"rendered":"<p>Ihr Laguiole-Messer wird vollst\u00e4ndig von der handwerklichen Fabrik Laguiole in Aubrac hergestellt.<br \/>\nDie Klinge, die Guillochierung der Feder, die massiven Kropfe aus geb\u00fcrstetem Edelstahl und die N\u00e4gel werden in der Laguiole-Schmiede in Aubrac hergestellt.<\/p>\n<p>Das Rebstockholz stammt von sehr alten Reben, die ihre Vitalit\u00e4t verloren haben und deren Ertrag zur\u00fcckgegangen ist. Sie kommen haupts\u00e4chlich aus S\u00fcdfrankreich.<br \/>\nEs ist wichtig, die Langlebigkeit der Reben zu gew\u00e4hrleisten, um einen Qualit\u00e4tswein zu produzieren! Gro\u00dfe Weine flie\u00dfen aus alten Reben!<br \/>\nWenn die Reben ersch\u00f6pft sind, m\u00fcssen sie leider ausgerissen werden, um den Boden ruhen zu lassen und eine neue Rebe neu pflanzen zu k\u00f6nnen, die einen regelm\u00e4\u00dfigen und hohen Ertrag bringt.<\/p>\n<p>Das Weinholz wird zu Pellets zum Heizen recycelt, aber auch f\u00fcr Besteck oder Dekoration verwendet.<br \/>\nSeine Farbe variiert je nach Alter, Exposition und Rebsorte. Es variiert von hellbraun bis sehr dunkelbraun, es gibt viel Kontrast aufgrund der Maserungen, Knoten und dunkleren Teile.<br \/>\nEs ist ein widerstandsf\u00e4higes, edles, angenehm anzufassendes und originelles Holz!!<br \/>\nF\u00fcr Weinliebhaber, Sammler alter Holzmesser, ist dieses Laguiole aus Weinholz ideal! <\/p>\n<p>Die linke Seite des Griffs dieser Laguiole ist mit dem Hirtenkreuz verziert.<\/p>\n<p>Bitte beachten Sie, dass wir Materialien nat\u00fcrlichen Ursprungs verwenden und wir weisen Sie darauf hin, dass das Aussehen unserer Produkte bei gleicher Unterst\u00fctzung variieren kann.<br \/>\nDas ist es, was jedes fertige Produkt anders macht.<br \/>\nUnsere Fotos sind daher nicht vertraglich bindend.<\/p>\n","protected":false},"excerpt":{"rendered":"<p>Laguiole Aubrac Messer 2 Kropfbacken aus geb\u00fcrstetem<br \/>\nEdelstahl Geb\u00fcrstete<br \/>\nKlinge 12C27MOD Griff aus Weinrebe<br \/>\nMit Korkenzieher<br \/>\nGeschmiedete<br \/>\nFliege Guillochierte<br \/>\nFeder L\u00e4nge des Messers geschlossen: 12 cm<br \/>\nL\u00e4nge der Klinge: 10 cm<br \/>\nL\u00e4nge des Messers offen: 22 cm<\/p>\n","protected":false},"featured_media":41132,"template":"","meta":{"_acf_changed":false,"_monsterinsights_skip_tracking":false,"_monsterinsights_sitenote_active":false,"_monsterinsights_sitenote_note":"","_monsterinsights_sitenote_category":0},"product_brand":[],"product_cat":[5938,5939,5940],"product_tag":[],"class_list":{"0":"post-41130","1":"product","2":"type-product","3":"status-publish","4":"has-post-thumbnail","6":"product_cat-klappmesser","7":"product_cat-laguiole-klappmesser","8":"product_cat-laguiole-traditionelle-messer-mit-und-ohne-korkenzieher","9":"pa_composition-couteau-2-teile-klinge-und-korkenzieher","10":"pa_lame-gebuersteter-edelstahl","11":"pa_manche-en-bois-weinstock","12":"pa_marque-laguiole-en-aubracfr","13":"pa_mitres-2-gehrungen","14":"pa_mitres-gebuersteter-edelstahl","15":"pa_mouche-geschmiedet","16":"pa_platines-einzelplatin","17":"pa_ressort-guilloche","18":"pa_taille-du-manche-12-cm","19":"tm-has-options","22":"instock","23":"taxable","24":"shipping-taxable","25":"purchasable","26":"product-type-simple"},"supplier_id":null,"supplier_sku":"","barcode":null,"atum_controlled":true,"out_stock_date":null,"out_stock_threshold":null,"inheritable":false,"inbound_stock":0,"stock_on_hold":0,"sold_today":0,"sales_last_days":0,"reserved_stock":0,"customer_returns":0,"warehouse_damage":0,"lost_in_post":0,"other_logs":0,"out_stock_days":0,"lost_sales":0,"has_location":false,"update_date":"2026-05-02T00:47:59","atum_locations":[],"atum_stock_status":"instock","restock_status":false,"low_stock_amount":"","sales_update_date":"2026-05-02T00:47:59","calc_backorders":0,"acf":[],"yoast_head":"<!-- This site is optimized with the Yoast SEO plugin v27.3 - https:\/\/yoast.com\/product\/yoast-seo-wordpress\/ -->\n<title>Laguiole Messer in Aubrac 2 St\u00fcck 12cm Korkenziehergriff Vine 2 Gehrungen Edelstahl geb\u00fcrstet - Laguiole.com \u00ae<\/title>\n<meta name=\"robots\" content=\"index, follow, max-snippet:-1, max-image-preview:large, max-video-preview:-1\" \/>\n<link rel=\"canonical\" href=\"https:\/\/laguiole.com\/de\/produit\/laguiole-messer-in-aubrac-2-stueck-12cm-korkenziehergriff-vine-2-gehrungen-edelstahl-gebuerstet\/\" \/>\n<meta property=\"og:locale\" content=\"de_DE\" \/>\n<meta property=\"og:type\" content=\"article\" \/>\n<meta property=\"og:title\" content=\"Laguiole Messer in Aubrac 2 St\u00fcck 12cm Korkenziehergriff Vine 2 Gehrungen Edelstahl geb\u00fcrstet - Laguiole.com \u00ae\" \/>\n<meta property=\"og:description\" content=\"Laguiole Aubrac Messer 2 Kropfbacken aus geb\u00fcrstetem Edelstahl Geb\u00fcrstete Klinge 12C27MOD Griff aus Weinrebe Mit Korkenzieher Geschmiedete Fliege Guillochierte Feder L\u00e4nge des Messers geschlossen: 12 cm L\u00e4nge der Klinge: 10 cm L\u00e4nge des Messers offen: 22 cm\" \/>\n<meta property=\"og:url\" content=\"https:\/\/laguiole.com\/de\/produit\/laguiole-messer-in-aubrac-2-stueck-12cm-korkenziehergriff-vine-2-gehrungen-edelstahl-gebuerstet\/\" \/>\n<meta property=\"og:site_name\" content=\"Laguiole.com \u00ae\" \/>\n<meta property=\"article:publisher\" content=\"https:\/\/www.facebook.com\/laguiolecom\/\" \/>\n<meta property=\"article:modified_time\" content=\"2025-11-03T12:48:53+00:00\" \/>\n<meta property=\"og:image\" content=\"https:\/\/laguiole.com\/wp-content\/uploads\/2023\/04\/couteaux_pliants_LEA_laguiole_2p12cm_cep_de_vigne.jpg\" \/>\n\t<meta property=\"og:image:width\" content=\"1033\" \/>\n\t<meta property=\"og:image:height\" content=\"1033\" \/>\n\t<meta property=\"og:image:type\" content=\"image\/jpeg\" \/>\n<meta name=\"twitter:card\" content=\"summary_large_image\" \/>\n<meta name=\"twitter:label1\" content=\"Gesch\u00e4tzte Lesezeit\" \/>\n\t<meta name=\"twitter:data1\" content=\"1\u00a0Minute\" \/>\n<script type=\"application\/ld+json\" class=\"yoast-schema-graph\">{\"@context\":\"https:\\\/\\\/schema.org\",\"@graph\":[{\"@type\":\"WebPage\",\"@id\":\"https:\\\/\\\/laguiole.com\\\/de\\\/produit\\\/laguiole-messer-in-aubrac-2-stueck-12cm-korkenziehergriff-vine-2-gehrungen-edelstahl-gebuerstet\\\/\",\"url\":\"https:\\\/\\\/laguiole.com\\\/de\\\/produit\\\/laguiole-messer-in-aubrac-2-stueck-12cm-korkenziehergriff-vine-2-gehrungen-edelstahl-gebuerstet\\\/\",\"name\":\"Laguiole Messer in Aubrac 2 St\u00fcck 12cm Korkenziehergriff Vine 2 Gehrungen Edelstahl geb\u00fcrstet - Laguiole.com \u00ae\",\"isPartOf\":{\"@id\":\"https:\\\/\\\/laguiole.com\\\/de\\\/#website\"},\"primaryImageOfPage\":{\"@id\":\"https:\\\/\\\/laguiole.com\\\/de\\\/produit\\\/laguiole-messer-in-aubrac-2-stueck-12cm-korkenziehergriff-vine-2-gehrungen-edelstahl-gebuerstet\\\/#primaryimage\"},\"image\":{\"@id\":\"https:\\\/\\\/laguiole.com\\\/de\\\/produit\\\/laguiole-messer-in-aubrac-2-stueck-12cm-korkenziehergriff-vine-2-gehrungen-edelstahl-gebuerstet\\\/#primaryimage\"},\"thumbnailUrl\":\"https:\\\/\\\/laguiole.com\\\/wp-content\\\/uploads\\\/2023\\\/04\\\/couteaux_pliants_LEA_laguiole_2p12cm_cep_de_vigne.jpg\",\"datePublished\":\"2023-04-28T16:50:09+00:00\",\"dateModified\":\"2025-11-03T12:48:53+00:00\",\"breadcrumb\":{\"@id\":\"https:\\\/\\\/laguiole.com\\\/de\\\/produit\\\/laguiole-messer-in-aubrac-2-stueck-12cm-korkenziehergriff-vine-2-gehrungen-edelstahl-gebuerstet\\\/#breadcrumb\"},\"inLanguage\":\"de\",\"potentialAction\":[{\"@type\":\"ReadAction\",\"target\":[\"https:\\\/\\\/laguiole.com\\\/de\\\/produit\\\/laguiole-messer-in-aubrac-2-stueck-12cm-korkenziehergriff-vine-2-gehrungen-edelstahl-gebuerstet\\\/\"]}]},{\"@type\":\"ImageObject\",\"inLanguage\":\"de\",\"@id\":\"https:\\\/\\\/laguiole.com\\\/de\\\/produit\\\/laguiole-messer-in-aubrac-2-stueck-12cm-korkenziehergriff-vine-2-gehrungen-edelstahl-gebuerstet\\\/#primaryimage\",\"url\":\"https:\\\/\\\/laguiole.com\\\/wp-content\\\/uploads\\\/2023\\\/04\\\/couteaux_pliants_LEA_laguiole_2p12cm_cep_de_vigne.jpg\",\"contentUrl\":\"https:\\\/\\\/laguiole.com\\\/wp-content\\\/uploads\\\/2023\\\/04\\\/couteaux_pliants_LEA_laguiole_2p12cm_cep_de_vigne.jpg\",\"width\":1033,\"height\":1033},{\"@type\":\"BreadcrumbList\",\"@id\":\"https:\\\/\\\/laguiole.com\\\/de\\\/produit\\\/laguiole-messer-in-aubrac-2-stueck-12cm-korkenziehergriff-vine-2-gehrungen-edelstahl-gebuerstet\\\/#breadcrumb\",\"itemListElement\":[{\"@type\":\"ListItem\",\"position\":1,\"name\":\"Accueil\",\"item\":\"https:\\\/\\\/laguiole.com\\\/de\\\/\"},{\"@type\":\"ListItem\",\"position\":2,\"name\":\"Shop\",\"item\":\"https:\\\/\\\/laguiole.com\\\/de\\\/shop-2\\\/\"},{\"@type\":\"ListItem\",\"position\":3,\"name\":\"Laguiole Messer in Aubrac 2 St\u00fcck 12cm Korkenziehergriff Vine 2 Gehrungen Edelstahl geb\u00fcrstet\"}]},{\"@type\":\"WebSite\",\"@id\":\"https:\\\/\\\/laguiole.com\\\/de\\\/#website\",\"url\":\"https:\\\/\\\/laguiole.com\\\/de\\\/\",\"name\":\"Laguiole.com\",\"description\":\"Laguiole - Couteau laguiole, Chateau Laguiole, Laguiole en Aubrac, Forge de Laguiole\",\"publisher\":{\"@id\":\"https:\\\/\\\/laguiole.com\\\/de\\\/#organization\"},\"potentialAction\":[{\"@type\":\"SearchAction\",\"target\":{\"@type\":\"EntryPoint\",\"urlTemplate\":\"https:\\\/\\\/laguiole.com\\\/de\\\/?s={search_term_string}\"},\"query-input\":{\"@type\":\"PropertyValueSpecification\",\"valueRequired\":true,\"valueName\":\"search_term_string\"}}],\"inLanguage\":\"de\"},{\"@type\":\"Organization\",\"@id\":\"https:\\\/\\\/laguiole.com\\\/de\\\/#organization\",\"name\":\"Laguiole.com\",\"url\":\"https:\\\/\\\/laguiole.com\\\/de\\\/\",\"logo\":{\"@type\":\"ImageObject\",\"inLanguage\":\"de\",\"@id\":\"https:\\\/\\\/laguiole.com\\\/de\\\/#\\\/schema\\\/logo\\\/image\\\/\",\"url\":\"https:\\\/\\\/laguiole.com\\\/wp-content\\\/uploads\\\/2021\\\/02\\\/logo_laguiole.com-horizontal.jpg\",\"contentUrl\":\"https:\\\/\\\/laguiole.com\\\/wp-content\\\/uploads\\\/2021\\\/02\\\/logo_laguiole.com-horizontal.jpg\",\"width\":490,\"height\":156,\"caption\":\"Laguiole.com\"},\"image\":{\"@id\":\"https:\\\/\\\/laguiole.com\\\/de\\\/#\\\/schema\\\/logo\\\/image\\\/\"},\"sameAs\":[\"https:\\\/\\\/www.facebook.com\\\/laguiolecom\\\/\",\"https:\\\/\\\/www.instagram.com\\\/laguiolecom\\\/\",\"https:\\\/\\\/www.youtube.com\\\/@laguiolecom\\\/videos\"]}]}<\/script>\n<!-- \/ Yoast SEO plugin. -->","yoast_head_json":{"title":"Laguiole Messer in Aubrac 2 St\u00fcck 12cm Korkenziehergriff Vine 2 Gehrungen Edelstahl geb\u00fcrstet - Laguiole.com \u00ae","robots":{"index":"index","follow":"follow","max-snippet":"max-snippet:-1","max-image-preview":"max-image-preview:large","max-video-preview":"max-video-preview:-1"},"canonical":"https:\/\/laguiole.com\/de\/produit\/laguiole-messer-in-aubrac-2-stueck-12cm-korkenziehergriff-vine-2-gehrungen-edelstahl-gebuerstet\/","og_locale":"de_DE","og_type":"article","og_title":"Laguiole Messer in Aubrac 2 St\u00fcck 12cm Korkenziehergriff Vine 2 Gehrungen Edelstahl geb\u00fcrstet - Laguiole.com \u00ae","og_description":"Laguiole Aubrac Messer 2 Kropfbacken aus geb\u00fcrstetem Edelstahl Geb\u00fcrstete Klinge 12C27MOD Griff aus Weinrebe Mit Korkenzieher Geschmiedete Fliege Guillochierte Feder L\u00e4nge des Messers geschlossen: 12 cm L\u00e4nge der Klinge: 10 cm L\u00e4nge des Messers offen: 22 cm","og_url":"https:\/\/laguiole.com\/de\/produit\/laguiole-messer-in-aubrac-2-stueck-12cm-korkenziehergriff-vine-2-gehrungen-edelstahl-gebuerstet\/","og_site_name":"Laguiole.com \u00ae","article_publisher":"https:\/\/www.facebook.com\/laguiolecom\/","article_modified_time":"2025-11-03T12:48:53+00:00","og_image":[{"width":1033,"height":1033,"url":"https:\/\/laguiole.com\/wp-content\/uploads\/2023\/04\/couteaux_pliants_LEA_laguiole_2p12cm_cep_de_vigne.jpg","type":"image\/jpeg"}],"twitter_card":"summary_large_image","twitter_misc":{"Gesch\u00e4tzte Lesezeit":"1\u00a0Minute"},"schema":{"@context":"https:\/\/schema.org","@graph":[{"@type":"WebPage","@id":"https:\/\/laguiole.com\/de\/produit\/laguiole-messer-in-aubrac-2-stueck-12cm-korkenziehergriff-vine-2-gehrungen-edelstahl-gebuerstet\/","url":"https:\/\/laguiole.com\/de\/produit\/laguiole-messer-in-aubrac-2-stueck-12cm-korkenziehergriff-vine-2-gehrungen-edelstahl-gebuerstet\/","name":"Laguiole Messer in Aubrac 2 St\u00fcck 12cm Korkenziehergriff Vine 2 Gehrungen Edelstahl geb\u00fcrstet - Laguiole.com \u00ae","isPartOf":{"@id":"https:\/\/laguiole.com\/de\/#website"},"primaryImageOfPage":{"@id":"https:\/\/laguiole.com\/de\/produit\/laguiole-messer-in-aubrac-2-stueck-12cm-korkenziehergriff-vine-2-gehrungen-edelstahl-gebuerstet\/#primaryimage"},"image":{"@id":"https:\/\/laguiole.com\/de\/produit\/laguiole-messer-in-aubrac-2-stueck-12cm-korkenziehergriff-vine-2-gehrungen-edelstahl-gebuerstet\/#primaryimage"},"thumbnailUrl":"https:\/\/laguiole.com\/wp-content\/uploads\/2023\/04\/couteaux_pliants_LEA_laguiole_2p12cm_cep_de_vigne.jpg","datePublished":"2023-04-28T16:50:09+00:00","dateModified":"2025-11-03T12:48:53+00:00","breadcrumb":{"@id":"https:\/\/laguiole.com\/de\/produit\/laguiole-messer-in-aubrac-2-stueck-12cm-korkenziehergriff-vine-2-gehrungen-edelstahl-gebuerstet\/#breadcrumb"},"inLanguage":"de","potentialAction":[{"@type":"ReadAction","target":["https:\/\/laguiole.com\/de\/produit\/laguiole-messer-in-aubrac-2-stueck-12cm-korkenziehergriff-vine-2-gehrungen-edelstahl-gebuerstet\/"]}]},{"@type":"ImageObject","inLanguage":"de","@id":"https:\/\/laguiole.com\/de\/produit\/laguiole-messer-in-aubrac-2-stueck-12cm-korkenziehergriff-vine-2-gehrungen-edelstahl-gebuerstet\/#primaryimage","url":"https:\/\/laguiole.com\/wp-content\/uploads\/2023\/04\/couteaux_pliants_LEA_laguiole_2p12cm_cep_de_vigne.jpg","contentUrl":"https:\/\/laguiole.com\/wp-content\/uploads\/2023\/04\/couteaux_pliants_LEA_laguiole_2p12cm_cep_de_vigne.jpg","width":1033,"height":1033},{"@type":"BreadcrumbList","@id":"https:\/\/laguiole.com\/de\/produit\/laguiole-messer-in-aubrac-2-stueck-12cm-korkenziehergriff-vine-2-gehrungen-edelstahl-gebuerstet\/#breadcrumb","itemListElement":[{"@type":"ListItem","position":1,"name":"Accueil","item":"https:\/\/laguiole.com\/de\/"},{"@type":"ListItem","position":2,"name":"Shop","item":"https:\/\/laguiole.com\/de\/shop-2\/"},{"@type":"ListItem","position":3,"name":"Laguiole Messer in Aubrac 2 St\u00fcck 12cm Korkenziehergriff Vine 2 Gehrungen Edelstahl geb\u00fcrstet"}]},{"@type":"WebSite","@id":"https:\/\/laguiole.com\/de\/#website","url":"https:\/\/laguiole.com\/de\/","name":"Laguiole.com","description":"Laguiole - Couteau laguiole, Chateau Laguiole, Laguiole en Aubrac, Forge de Laguiole","publisher":{"@id":"https:\/\/laguiole.com\/de\/#organization"},"potentialAction":[{"@type":"SearchAction","target":{"@type":"EntryPoint","urlTemplate":"https:\/\/laguiole.com\/de\/?s={search_term_string}"},"query-input":{"@type":"PropertyValueSpecification","valueRequired":true,"valueName":"search_term_string"}}],"inLanguage":"de"},{"@type":"Organization","@id":"https:\/\/laguiole.com\/de\/#organization","name":"Laguiole.com","url":"https:\/\/laguiole.com\/de\/","logo":{"@type":"ImageObject","inLanguage":"de","@id":"https:\/\/laguiole.com\/de\/#\/schema\/logo\/image\/","url":"https:\/\/laguiole.com\/wp-content\/uploads\/2021\/02\/logo_laguiole.com-horizontal.jpg","contentUrl":"https:\/\/laguiole.com\/wp-content\/uploads\/2021\/02\/logo_laguiole.com-horizontal.jpg","width":490,"height":156,"caption":"Laguiole.com"},"image":{"@id":"https:\/\/laguiole.com\/de\/#\/schema\/logo\/image\/"},"sameAs":["https:\/\/www.facebook.com\/laguiolecom\/","https:\/\/www.instagram.com\/laguiolecom\/","https:\/\/www.youtube.com\/@laguiolecom\/videos"]}]}},"_links":{"self":[{"href":"https:\/\/laguiole.com\/de\/wp-json\/wp\/v2\/product\/41130","targetHints":{"allow":["GET"]}}],"collection":[{"href":"https:\/\/laguiole.com\/de\/wp-json\/wp\/v2\/product"}],"about":[{"href":"https:\/\/laguiole.com\/de\/wp-json\/wp\/v2\/types\/product"}],"version-history":[{"count":0,"href":"https:\/\/laguiole.com\/de\/wp-json\/wp\/v2\/product\/41130\/revisions"}],"wp:featuredmedia":[{"embeddable":true,"href":"https:\/\/laguiole.com\/de\/wp-json\/wp\/v2\/media\/41132"}],"wp:attachment":[{"href":"https:\/\/laguiole.com\/de\/wp-json\/wp\/v2\/media?parent=41130"}],"wp:term":[{"taxonomy":"product_brand","embeddable":true,"href":"https:\/\/laguiole.com\/de\/wp-json\/wp\/v2\/product_brand?post=41130"},{"taxonomy":"product_cat","embeddable":true,"href":"https:\/\/laguiole.com\/de\/wp-json\/wp\/v2\/product_cat?post=41130"},{"taxonomy":"product_tag","embeddable":true,"href":"https:\/\/laguiole.com\/de\/wp-json\/wp\/v2\/product_tag?post=41130"}],"curies":[{"name":"wp","href":"https:\/\/api.w.org\/{rel}","templated":true}]}}