{"id":41100,"date":"2023-04-24T18:58:31","date_gmt":"2023-04-24T16:58:31","guid":{"rendered":"https:\/\/laguiole.com\/produit\/laguiole-messer-in-aubrac-2-stueck-12cm-korkenzieher-olivengriff-2-gehrungen-edelstahl-gebuerstet\/"},"modified":"2023-04-24T18:58:31","modified_gmt":"2023-04-24T16:58:31","slug":"laguiole-messer-in-aubrac-2-stueck-12cm-korkenzieher-olivengriff-2-gehrungen-edelstahl-gebuerstet","status":"publish","type":"product","link":"https:\/\/laguiole.com\/de\/produit\/laguiole-messer-in-aubrac-2-stueck-12cm-korkenzieher-olivengriff-2-gehrungen-edelstahl-gebuerstet\/","title":{"rendered":"Laguiole Messer in Aubrac 2 St\u00fcck 12cm Korkenzieher Olivengriff 2 Gehrungen Edelstahl geb\u00fcrstet"},"content":{"rendered":"<p>Ihr Laguiole-Messer wird vollst\u00e4ndig von der handwerklichen Fabrik Laguiole in Aubrac hergestellt.<br \/>\nDie Klingen, die Feder, die massiven Kropfe aus geb\u00fcrstetem Edelstahl und die N\u00e4gel werden in der Laguiole-Schmiede in Aubrac hergestellt.<\/p>\n<p>Der Olivenbaum ist ein kr\u00e4ftiger Baum, der im Mittelmeerraum beheimatet ist, sein Stamm ist gewunden mit gr\u00e4ulicher und rissiger Rinde.<br \/>\nAls Symbol f\u00fcr Langlebigkeit, St\u00e4rke und Frieden hat es auch antibakterielle Eigenschaften, weshalb es h\u00e4ufig bei der Herstellung von K\u00fcchenutensilien zu finden ist.<\/p>\n<p>Der Griff aus Olivenholz Ihres Laguiole Messers in Aubrac ist mit Kropfen aus geb\u00fcrstetem Edelstahl ausgestattet, die die nat\u00fcrliche Maserung dieses edlen, widerstandsf\u00e4higen und langlebigen Holzes hervorheben.<br \/>\nDie au\u00dfergew\u00f6hnliche Maserung des Olivenbaums macht jedes Messer zu einem Unikat.<br \/>\nDiese Kombination aus Holz und geb\u00fcrstetem Edelstahl verleiht Ihrem Laguiole eine rustikale und authentische Seite.<\/p>\n<p>Das Hirtenkreuz befindet sich auf der linken Seite des Griffs dieses Laguiole-Messers.<\/p>\n<p>Bitte beachten Sie, dass wir Materialien nat\u00fcrlichen Ursprungs verwenden und wir weisen Sie darauf hin, dass das Aussehen unserer Produkte bei gleicher Unterst\u00fctzung variieren kann.<br \/>\nDas ist es, was jedes fertige Produkt anders macht.<br \/>\nUnsere Fotos sind daher nicht vertraglich bindend.<\/p>\n","protected":false},"excerpt":{"rendered":"<p>Laguiole Aubrac Messer mit 2 Kropfen aus geb\u00fcrstetem<br \/>\nEdelstahl Geb\u00fcrstete Klinge 12C27MOD Olivengriff<\/p>\n<p>mit geschmiedeter Fliege<br \/>\nKorkenzieher<br \/>\nGuillochierte<br \/>\nFeder L\u00e4nge des geschlossenen Messers: 12 cm<br \/>\nL\u00e4nge der Klinge: 10 cm<br \/>\nL\u00e4nge des offenen Messers: 22 cm<\/p>\n","protected":false},"featured_media":41102,"template":"","meta":{"_acf_changed":false,"_monsterinsights_skip_tracking":false,"_monsterinsights_sitenote_active":false,"_monsterinsights_sitenote_note":"","_monsterinsights_sitenote_category":0},"product_brand":[],"product_cat":[5938,5939,5940],"product_tag":[],"class_list":{"0":"post-41100","1":"product","2":"type-product","3":"status-publish","4":"has-post-thumbnail","6":"product_cat-klappmesser","7":"product_cat-laguiole-klappmesser","8":"product_cat-laguiole-traditionelle-messer-mit-und-ohne-korkenzieher","9":"pa_composition-couteau-2-teile-klinge-und-korkenzieher","10":"pa_lame-gebuersteter-edelstahl","11":"pa_manche-en-bois-olive","12":"pa_marque-laguiole-en-aubracfr","13":"pa_mitres-2-gehrungen","14":"pa_mitres-gebuersteter-edelstahl","15":"pa_mouche-geschmiedet","16":"pa_platines-einzelplatin","17":"pa_ressort-guilloche","18":"pa_taille-du-manche-12-cm","19":"tm-has-options","22":"instock","23":"taxable","24":"shipping-taxable","25":"purchasable","26":"product-type-simple"},"supplier_id":null,"supplier_sku":"","barcode":null,"atum_controlled":true,"out_stock_date":null,"out_stock_threshold":null,"inheritable":false,"inbound_stock":0,"stock_on_hold":1,"sold_today":0,"sales_last_days":0,"reserved_stock":0,"customer_returns":0,"warehouse_damage":0,"lost_in_post":0,"other_logs":0,"out_stock_days":0,"lost_sales":0,"has_location":false,"update_date":"2026-04-28T11:13:57","atum_locations":[],"atum_stock_status":"instock","restock_status":false,"low_stock_amount":"","sales_update_date":"2026-04-28T00:42:06","calc_backorders":0,"acf":[],"yoast_head":"<!-- This site is optimized with the Yoast SEO plugin v27.3 - https:\/\/yoast.com\/product\/yoast-seo-wordpress\/ -->\n<title>Laguiole Messer in Aubrac 2 St\u00fcck 12cm Korkenzieher Olivengriff 2 Gehrungen Edelstahl geb\u00fcrstet - Laguiole.com \u00ae<\/title>\n<meta name=\"robots\" content=\"index, follow, max-snippet:-1, max-image-preview:large, max-video-preview:-1\" \/>\n<link rel=\"canonical\" href=\"https:\/\/laguiole.com\/de\/produit\/laguiole-messer-in-aubrac-2-stueck-12cm-korkenzieher-olivengriff-2-gehrungen-edelstahl-gebuerstet\/\" \/>\n<meta property=\"og:locale\" content=\"de_DE\" \/>\n<meta property=\"og:type\" content=\"article\" \/>\n<meta property=\"og:title\" content=\"Laguiole Messer in Aubrac 2 St\u00fcck 12cm Korkenzieher Olivengriff 2 Gehrungen Edelstahl geb\u00fcrstet - Laguiole.com \u00ae\" \/>\n<meta property=\"og:description\" content=\"Laguiole Aubrac Messer mit 2 Kropfen aus geb\u00fcrstetem Edelstahl Geb\u00fcrstete Klinge 12C27MOD Olivengriff mit geschmiedeter Fliege Korkenzieher Guillochierte Feder L\u00e4nge des geschlossenen Messers: 12 cm L\u00e4nge der Klinge: 10 cm L\u00e4nge des offenen Messers: 22 cm\" \/>\n<meta property=\"og:url\" content=\"https:\/\/laguiole.com\/de\/produit\/laguiole-messer-in-aubrac-2-stueck-12cm-korkenzieher-olivengriff-2-gehrungen-edelstahl-gebuerstet\/\" \/>\n<meta property=\"og:site_name\" content=\"Laguiole.com \u00ae\" \/>\n<meta property=\"article:publisher\" content=\"https:\/\/www.facebook.com\/laguiolecom\/\" \/>\n<meta property=\"og:image\" content=\"https:\/\/laguiole.com\/wp-content\/uploads\/2023\/04\/couteaux_pliants_LEA_laguiole_2p12cm_olivier.jpg\" \/>\n\t<meta property=\"og:image:width\" content=\"1033\" \/>\n\t<meta property=\"og:image:height\" content=\"1033\" \/>\n\t<meta property=\"og:image:type\" content=\"image\/jpeg\" \/>\n<meta name=\"twitter:card\" content=\"summary_large_image\" \/>\n<meta name=\"twitter:label1\" content=\"Gesch\u00e4tzte Lesezeit\" \/>\n\t<meta name=\"twitter:data1\" content=\"1\u00a0Minute\" \/>\n<script type=\"application\/ld+json\" class=\"yoast-schema-graph\">{\"@context\":\"https:\\\/\\\/schema.org\",\"@graph\":[{\"@type\":\"WebPage\",\"@id\":\"https:\\\/\\\/laguiole.com\\\/de\\\/produit\\\/laguiole-messer-in-aubrac-2-stueck-12cm-korkenzieher-olivengriff-2-gehrungen-edelstahl-gebuerstet\\\/\",\"url\":\"https:\\\/\\\/laguiole.com\\\/de\\\/produit\\\/laguiole-messer-in-aubrac-2-stueck-12cm-korkenzieher-olivengriff-2-gehrungen-edelstahl-gebuerstet\\\/\",\"name\":\"Laguiole Messer in Aubrac 2 St\u00fcck 12cm Korkenzieher Olivengriff 2 Gehrungen Edelstahl geb\u00fcrstet - Laguiole.com \u00ae\",\"isPartOf\":{\"@id\":\"https:\\\/\\\/laguiole.com\\\/de\\\/#website\"},\"primaryImageOfPage\":{\"@id\":\"https:\\\/\\\/laguiole.com\\\/de\\\/produit\\\/laguiole-messer-in-aubrac-2-stueck-12cm-korkenzieher-olivengriff-2-gehrungen-edelstahl-gebuerstet\\\/#primaryimage\"},\"image\":{\"@id\":\"https:\\\/\\\/laguiole.com\\\/de\\\/produit\\\/laguiole-messer-in-aubrac-2-stueck-12cm-korkenzieher-olivengriff-2-gehrungen-edelstahl-gebuerstet\\\/#primaryimage\"},\"thumbnailUrl\":\"https:\\\/\\\/laguiole.com\\\/wp-content\\\/uploads\\\/2023\\\/04\\\/couteaux_pliants_LEA_laguiole_2p12cm_olivier.jpg\",\"datePublished\":\"2023-04-24T16:58:31+00:00\",\"breadcrumb\":{\"@id\":\"https:\\\/\\\/laguiole.com\\\/de\\\/produit\\\/laguiole-messer-in-aubrac-2-stueck-12cm-korkenzieher-olivengriff-2-gehrungen-edelstahl-gebuerstet\\\/#breadcrumb\"},\"inLanguage\":\"de\",\"potentialAction\":[{\"@type\":\"ReadAction\",\"target\":[\"https:\\\/\\\/laguiole.com\\\/de\\\/produit\\\/laguiole-messer-in-aubrac-2-stueck-12cm-korkenzieher-olivengriff-2-gehrungen-edelstahl-gebuerstet\\\/\"]}]},{\"@type\":\"ImageObject\",\"inLanguage\":\"de\",\"@id\":\"https:\\\/\\\/laguiole.com\\\/de\\\/produit\\\/laguiole-messer-in-aubrac-2-stueck-12cm-korkenzieher-olivengriff-2-gehrungen-edelstahl-gebuerstet\\\/#primaryimage\",\"url\":\"https:\\\/\\\/laguiole.com\\\/wp-content\\\/uploads\\\/2023\\\/04\\\/couteaux_pliants_LEA_laguiole_2p12cm_olivier.jpg\",\"contentUrl\":\"https:\\\/\\\/laguiole.com\\\/wp-content\\\/uploads\\\/2023\\\/04\\\/couteaux_pliants_LEA_laguiole_2p12cm_olivier.jpg\",\"width\":1033,\"height\":1033,\"caption\":\"Laguiole Aubrac Messer 2 St\u00fcck 12cm Korkenziehergriff Olivier\"},{\"@type\":\"BreadcrumbList\",\"@id\":\"https:\\\/\\\/laguiole.com\\\/de\\\/produit\\\/laguiole-messer-in-aubrac-2-stueck-12cm-korkenzieher-olivengriff-2-gehrungen-edelstahl-gebuerstet\\\/#breadcrumb\",\"itemListElement\":[{\"@type\":\"ListItem\",\"position\":1,\"name\":\"Accueil\",\"item\":\"https:\\\/\\\/laguiole.com\\\/de\\\/\"},{\"@type\":\"ListItem\",\"position\":2,\"name\":\"Shop\",\"item\":\"https:\\\/\\\/laguiole.com\\\/de\\\/shop-2\\\/\"},{\"@type\":\"ListItem\",\"position\":3,\"name\":\"Laguiole Messer in Aubrac 2 St\u00fcck 12cm Korkenzieher Olivengriff 2 Gehrungen Edelstahl geb\u00fcrstet\"}]},{\"@type\":\"WebSite\",\"@id\":\"https:\\\/\\\/laguiole.com\\\/de\\\/#website\",\"url\":\"https:\\\/\\\/laguiole.com\\\/de\\\/\",\"name\":\"Laguiole.com\",\"description\":\"Laguiole - Couteau laguiole, Chateau Laguiole, Laguiole en Aubrac, Forge de Laguiole\",\"publisher\":{\"@id\":\"https:\\\/\\\/laguiole.com\\\/de\\\/#organization\"},\"potentialAction\":[{\"@type\":\"SearchAction\",\"target\":{\"@type\":\"EntryPoint\",\"urlTemplate\":\"https:\\\/\\\/laguiole.com\\\/de\\\/?s={search_term_string}\"},\"query-input\":{\"@type\":\"PropertyValueSpecification\",\"valueRequired\":true,\"valueName\":\"search_term_string\"}}],\"inLanguage\":\"de\"},{\"@type\":\"Organization\",\"@id\":\"https:\\\/\\\/laguiole.com\\\/de\\\/#organization\",\"name\":\"Laguiole.com\",\"url\":\"https:\\\/\\\/laguiole.com\\\/de\\\/\",\"logo\":{\"@type\":\"ImageObject\",\"inLanguage\":\"de\",\"@id\":\"https:\\\/\\\/laguiole.com\\\/de\\\/#\\\/schema\\\/logo\\\/image\\\/\",\"url\":\"https:\\\/\\\/laguiole.com\\\/wp-content\\\/uploads\\\/2021\\\/02\\\/logo_laguiole.com-horizontal.jpg\",\"contentUrl\":\"https:\\\/\\\/laguiole.com\\\/wp-content\\\/uploads\\\/2021\\\/02\\\/logo_laguiole.com-horizontal.jpg\",\"width\":490,\"height\":156,\"caption\":\"Laguiole.com\"},\"image\":{\"@id\":\"https:\\\/\\\/laguiole.com\\\/de\\\/#\\\/schema\\\/logo\\\/image\\\/\"},\"sameAs\":[\"https:\\\/\\\/www.facebook.com\\\/laguiolecom\\\/\",\"https:\\\/\\\/www.instagram.com\\\/laguiolecom\\\/\",\"https:\\\/\\\/www.youtube.com\\\/@laguiolecom\\\/videos\"]}]}<\/script>\n<!-- \/ Yoast SEO plugin. -->","yoast_head_json":{"title":"Laguiole Messer in Aubrac 2 St\u00fcck 12cm Korkenzieher Olivengriff 2 Gehrungen Edelstahl geb\u00fcrstet - Laguiole.com \u00ae","robots":{"index":"index","follow":"follow","max-snippet":"max-snippet:-1","max-image-preview":"max-image-preview:large","max-video-preview":"max-video-preview:-1"},"canonical":"https:\/\/laguiole.com\/de\/produit\/laguiole-messer-in-aubrac-2-stueck-12cm-korkenzieher-olivengriff-2-gehrungen-edelstahl-gebuerstet\/","og_locale":"de_DE","og_type":"article","og_title":"Laguiole Messer in Aubrac 2 St\u00fcck 12cm Korkenzieher Olivengriff 2 Gehrungen Edelstahl geb\u00fcrstet - Laguiole.com \u00ae","og_description":"Laguiole Aubrac Messer mit 2 Kropfen aus geb\u00fcrstetem Edelstahl Geb\u00fcrstete Klinge 12C27MOD Olivengriff mit geschmiedeter Fliege Korkenzieher Guillochierte Feder L\u00e4nge des geschlossenen Messers: 12 cm L\u00e4nge der Klinge: 10 cm L\u00e4nge des offenen Messers: 22 cm","og_url":"https:\/\/laguiole.com\/de\/produit\/laguiole-messer-in-aubrac-2-stueck-12cm-korkenzieher-olivengriff-2-gehrungen-edelstahl-gebuerstet\/","og_site_name":"Laguiole.com \u00ae","article_publisher":"https:\/\/www.facebook.com\/laguiolecom\/","og_image":[{"width":1033,"height":1033,"url":"https:\/\/laguiole.com\/wp-content\/uploads\/2023\/04\/couteaux_pliants_LEA_laguiole_2p12cm_olivier.jpg","type":"image\/jpeg"}],"twitter_card":"summary_large_image","twitter_misc":{"Gesch\u00e4tzte Lesezeit":"1\u00a0Minute"},"schema":{"@context":"https:\/\/schema.org","@graph":[{"@type":"WebPage","@id":"https:\/\/laguiole.com\/de\/produit\/laguiole-messer-in-aubrac-2-stueck-12cm-korkenzieher-olivengriff-2-gehrungen-edelstahl-gebuerstet\/","url":"https:\/\/laguiole.com\/de\/produit\/laguiole-messer-in-aubrac-2-stueck-12cm-korkenzieher-olivengriff-2-gehrungen-edelstahl-gebuerstet\/","name":"Laguiole Messer in Aubrac 2 St\u00fcck 12cm Korkenzieher Olivengriff 2 Gehrungen Edelstahl geb\u00fcrstet - Laguiole.com \u00ae","isPartOf":{"@id":"https:\/\/laguiole.com\/de\/#website"},"primaryImageOfPage":{"@id":"https:\/\/laguiole.com\/de\/produit\/laguiole-messer-in-aubrac-2-stueck-12cm-korkenzieher-olivengriff-2-gehrungen-edelstahl-gebuerstet\/#primaryimage"},"image":{"@id":"https:\/\/laguiole.com\/de\/produit\/laguiole-messer-in-aubrac-2-stueck-12cm-korkenzieher-olivengriff-2-gehrungen-edelstahl-gebuerstet\/#primaryimage"},"thumbnailUrl":"https:\/\/laguiole.com\/wp-content\/uploads\/2023\/04\/couteaux_pliants_LEA_laguiole_2p12cm_olivier.jpg","datePublished":"2023-04-24T16:58:31+00:00","breadcrumb":{"@id":"https:\/\/laguiole.com\/de\/produit\/laguiole-messer-in-aubrac-2-stueck-12cm-korkenzieher-olivengriff-2-gehrungen-edelstahl-gebuerstet\/#breadcrumb"},"inLanguage":"de","potentialAction":[{"@type":"ReadAction","target":["https:\/\/laguiole.com\/de\/produit\/laguiole-messer-in-aubrac-2-stueck-12cm-korkenzieher-olivengriff-2-gehrungen-edelstahl-gebuerstet\/"]}]},{"@type":"ImageObject","inLanguage":"de","@id":"https:\/\/laguiole.com\/de\/produit\/laguiole-messer-in-aubrac-2-stueck-12cm-korkenzieher-olivengriff-2-gehrungen-edelstahl-gebuerstet\/#primaryimage","url":"https:\/\/laguiole.com\/wp-content\/uploads\/2023\/04\/couteaux_pliants_LEA_laguiole_2p12cm_olivier.jpg","contentUrl":"https:\/\/laguiole.com\/wp-content\/uploads\/2023\/04\/couteaux_pliants_LEA_laguiole_2p12cm_olivier.jpg","width":1033,"height":1033,"caption":"Laguiole Aubrac Messer 2 St\u00fcck 12cm Korkenziehergriff Olivier"},{"@type":"BreadcrumbList","@id":"https:\/\/laguiole.com\/de\/produit\/laguiole-messer-in-aubrac-2-stueck-12cm-korkenzieher-olivengriff-2-gehrungen-edelstahl-gebuerstet\/#breadcrumb","itemListElement":[{"@type":"ListItem","position":1,"name":"Accueil","item":"https:\/\/laguiole.com\/de\/"},{"@type":"ListItem","position":2,"name":"Shop","item":"https:\/\/laguiole.com\/de\/shop-2\/"},{"@type":"ListItem","position":3,"name":"Laguiole Messer in Aubrac 2 St\u00fcck 12cm Korkenzieher Olivengriff 2 Gehrungen Edelstahl geb\u00fcrstet"}]},{"@type":"WebSite","@id":"https:\/\/laguiole.com\/de\/#website","url":"https:\/\/laguiole.com\/de\/","name":"Laguiole.com","description":"Laguiole - Couteau laguiole, Chateau Laguiole, Laguiole en Aubrac, Forge de Laguiole","publisher":{"@id":"https:\/\/laguiole.com\/de\/#organization"},"potentialAction":[{"@type":"SearchAction","target":{"@type":"EntryPoint","urlTemplate":"https:\/\/laguiole.com\/de\/?s={search_term_string}"},"query-input":{"@type":"PropertyValueSpecification","valueRequired":true,"valueName":"search_term_string"}}],"inLanguage":"de"},{"@type":"Organization","@id":"https:\/\/laguiole.com\/de\/#organization","name":"Laguiole.com","url":"https:\/\/laguiole.com\/de\/","logo":{"@type":"ImageObject","inLanguage":"de","@id":"https:\/\/laguiole.com\/de\/#\/schema\/logo\/image\/","url":"https:\/\/laguiole.com\/wp-content\/uploads\/2021\/02\/logo_laguiole.com-horizontal.jpg","contentUrl":"https:\/\/laguiole.com\/wp-content\/uploads\/2021\/02\/logo_laguiole.com-horizontal.jpg","width":490,"height":156,"caption":"Laguiole.com"},"image":{"@id":"https:\/\/laguiole.com\/de\/#\/schema\/logo\/image\/"},"sameAs":["https:\/\/www.facebook.com\/laguiolecom\/","https:\/\/www.instagram.com\/laguiolecom\/","https:\/\/www.youtube.com\/@laguiolecom\/videos"]}]}},"_links":{"self":[{"href":"https:\/\/laguiole.com\/de\/wp-json\/wp\/v2\/product\/41100","targetHints":{"allow":["GET"]}}],"collection":[{"href":"https:\/\/laguiole.com\/de\/wp-json\/wp\/v2\/product"}],"about":[{"href":"https:\/\/laguiole.com\/de\/wp-json\/wp\/v2\/types\/product"}],"version-history":[{"count":0,"href":"https:\/\/laguiole.com\/de\/wp-json\/wp\/v2\/product\/41100\/revisions"}],"wp:featuredmedia":[{"embeddable":true,"href":"https:\/\/laguiole.com\/de\/wp-json\/wp\/v2\/media\/41102"}],"wp:attachment":[{"href":"https:\/\/laguiole.com\/de\/wp-json\/wp\/v2\/media?parent=41100"}],"wp:term":[{"taxonomy":"product_brand","embeddable":true,"href":"https:\/\/laguiole.com\/de\/wp-json\/wp\/v2\/product_brand?post=41100"},{"taxonomy":"product_cat","embeddable":true,"href":"https:\/\/laguiole.com\/de\/wp-json\/wp\/v2\/product_cat?post=41100"},{"taxonomy":"product_tag","embeddable":true,"href":"https:\/\/laguiole.com\/de\/wp-json\/wp\/v2\/product_tag?post=41100"}],"curies":[{"name":"wp","href":"https:\/\/api.w.org\/{rel}","templated":true}]}}