{"id":41073,"date":"2023-03-29T19:42:20","date_gmt":"2023-03-29T17:42:20","guid":{"rendered":"https:\/\/laguiole.com\/produit\/laguiole-messer-in-aubrac-1-stueck-12cm-tuerkis-griff-2-backen-glaenzender-edelstahl\/"},"modified":"2023-03-29T19:42:20","modified_gmt":"2023-03-29T17:42:20","slug":"laguiole-messer-in-aubrac-1-stueck-12cm-tuerkis-griff-2-backen-glaenzender-edelstahl","status":"publish","type":"product","link":"https:\/\/laguiole.com\/de\/produit\/laguiole-messer-in-aubrac-1-stueck-12cm-tuerkis-griff-2-backen-glaenzender-edelstahl\/","title":{"rendered":"Laguiole Messer in Aubrac 1 St\u00fcck 12cm T\u00fcrkis Griff 2 Backen Gl\u00e4nzender Edelstahl"},"content":{"rendered":"<p>T\u00fcrkisstein ist eine Mineralart, die aus hydratisiertem Phosphat von Kupfer und Aluminium besteht.<br \/>\nEr gilt in der Lithotherapie als reinigender und beruhigender Stein.<\/p>\n<p>T\u00fcrkis ist ein Symbol f\u00fcr die Vereinigung von Himmel und Erde.<br \/>\nVon tiefblau bis strahlend blaugr\u00fcn ist die Farbe von T\u00fcrkis wundersch\u00f6n und kann je nach Kupfer- oder Eisengehalt variieren, sie ist auch oft gesprenkelt. (Adern der Matrix oder des Muttergesteins). <\/p>\n<p>Dieses Laguiole Aubrac Messer aus t\u00fcrkisfarbenem Stein bietet Ihnen \u00c4sthetik und Eleganz. Das Laguiole Klappmesser in T\u00fcrkis verk\u00f6rpert die harmonische Verbindung zwischen au\u00dfergew\u00f6hnlicher Handwerkskunst und der nat\u00fcrlichen Sch\u00f6nheit dieses kostbaren Edelsteins. Jedes St\u00fcck ist ein Unikat, das von leidenschaftlichen Messerschmieden mit unvergleichlicher Meisterschaft gefertigt wird.  <\/p>\n<p>Kein Hirtenkreuz auf diesem Messer.<\/p>\n<p>Bitte beachten Sie, dass wir Materialien nat\u00fcrlichen Ursprungs verwenden und m\u00f6chten Sie darauf hinweisen, dass das Aussehen unserer Produkte von Messer zu Messer variieren kann.<\/p>\n<p>Das ist es, was jedes fertige Produkt anders macht.<\/p>\n<figure id=\"attachment_16090\" aria-describedby=\"caption-attachment-16090\" style=\"width: 540px\" class=\"wp-caption alignnone\"><a href=\"https:\/\/laguiole.com\/wp-content\/uploads\/2023\/03\/Depositphotos_148051041_XL.jpg\"><img fetchpriority=\"high\" decoding=\"async\" class=\"size-medium wp-image-16090\" src=\"https:\/\/laguiole.com\/wp-content\/uploads\/2023\/03\/Depositphotos_148051041_XL-540x339.jpg\" alt=\"\" width=\"540\" height=\"339\"><\/a><figcaption id=\"caption-attachment-16090\" class=\"wp-caption-text\">Roher t\u00fcrkisfarbener Stein<\/figcaption><\/figure>\n","protected":false},"excerpt":{"rendered":"<p>Laguiole Aubrac Messer 2 gl\u00e4nzende Edelstahlbacken<br \/>\nGriff aus t\u00fcrkisfarbenem<br \/>\nStein Geschmiedete<br \/>\nFliege Guillochierte<br \/>\nFeder Klinge 12C27MOD<br \/>\nL\u00e4nge des geschlossenen Messers: 12 cm<br \/>\nL\u00e4nge der Klinge: 10 cm<br \/>\nL\u00e4nge des offenen Messers: 22 cm<\/p>\n","protected":false},"featured_media":41076,"template":"","meta":{"_acf_changed":false,"_monsterinsights_skip_tracking":false,"_monsterinsights_sitenote_active":false,"_monsterinsights_sitenote_note":"","_monsterinsights_sitenote_category":0},"product_brand":[],"product_cat":[5938,5939,5940],"product_tag":[],"class_list":{"0":"post-41073","1":"product","2":"type-product","3":"status-publish","4":"has-post-thumbnail","6":"product_cat-klappmesser","7":"product_cat-laguiole-klappmesser","8":"product_cat-laguiole-traditionelle-messer-mit-und-ohne-korkenzieher","9":"pa_composition-couteau-1-stueck-nur-klinge","10":"pa_lame-glaenzender-edelstahl","11":"pa_manche-matiere-minerale-tuerkis","12":"pa_marque-laguiole-en-aubracfr","13":"pa_mitres-2-gehrungen","14":"pa_mitres-gebuersteter-edelstahl","15":"pa_mouche-geschmiedet","16":"pa_platines-einzelplatin","17":"pa_ressort-guilloche","18":"pa_taille-du-manche-12-cm","19":"tm-has-options","22":"instock","23":"taxable","24":"shipping-taxable","25":"purchasable","26":"product-type-simple"},"supplier_id":null,"supplier_sku":"","barcode":null,"atum_controlled":true,"out_stock_date":null,"out_stock_threshold":null,"inheritable":false,"inbound_stock":0,"stock_on_hold":0,"sold_today":0,"sales_last_days":0,"reserved_stock":0,"customer_returns":0,"warehouse_damage":0,"lost_in_post":0,"other_logs":0,"out_stock_days":0,"lost_sales":0,"has_location":false,"update_date":"2026-04-28T00:40:16","atum_locations":[],"atum_stock_status":"instock","restock_status":false,"low_stock_amount":"","sales_update_date":"2026-04-28T00:40:16","calc_backorders":0,"acf":[],"yoast_head":"<!-- This site is optimized with the Yoast SEO plugin v27.3 - https:\/\/yoast.com\/product\/yoast-seo-wordpress\/ -->\n<title>Laguiole Messer in Aubrac 1 St\u00fcck 12cm T\u00fcrkis Griff 2 Backen Gl\u00e4nzender Edelstahl - Laguiole.com \u00ae<\/title>\n<meta name=\"description\" content=\"Ihr Laguiole-Messer wird in der handwerklichen Manufaktur Laguiole in Aubrac hergestellt. Die Klingen, Federn, Kapfe aus massivem Edelstahl und N\u00e4gel werden in der Laguiole-Schmiede in Aubrac hergestellt. Das Laguiole Klappmesser in T\u00fcrkis verk\u00f6rpert die harmonische Verbindung zwischen au\u00dfergew\u00f6hnlicher Handwerkskunst und der nat\u00fcrlichen Sch\u00f6nheit dieses kostbaren Edelsteins.\" \/>\n<meta name=\"robots\" content=\"index, follow, max-snippet:-1, max-image-preview:large, max-video-preview:-1\" \/>\n<link rel=\"canonical\" href=\"https:\/\/laguiole.com\/de\/produit\/laguiole-messer-in-aubrac-1-stueck-12cm-tuerkis-griff-2-backen-glaenzender-edelstahl\/\" \/>\n<meta property=\"og:locale\" content=\"de_DE\" \/>\n<meta property=\"og:type\" content=\"article\" \/>\n<meta property=\"og:title\" content=\"Laguiole Messer in Aubrac 1 St\u00fcck 12cm T\u00fcrkis Griff 2 Backen Gl\u00e4nzender Edelstahl - Laguiole.com \u00ae\" \/>\n<meta property=\"og:description\" content=\"Ihr Laguiole-Messer wird in der handwerklichen Manufaktur Laguiole in Aubrac hergestellt. Die Klingen, Federn, Kapfe aus massivem Edelstahl und N\u00e4gel werden in der Laguiole-Schmiede in Aubrac hergestellt. Das Laguiole Klappmesser in T\u00fcrkis verk\u00f6rpert die harmonische Verbindung zwischen au\u00dfergew\u00f6hnlicher Handwerkskunst und der nat\u00fcrlichen Sch\u00f6nheit dieses kostbaren Edelsteins.\" \/>\n<meta property=\"og:url\" content=\"https:\/\/laguiole.com\/de\/produit\/laguiole-messer-in-aubrac-1-stueck-12cm-tuerkis-griff-2-backen-glaenzender-edelstahl\/\" \/>\n<meta property=\"og:site_name\" content=\"Laguiole.com \u00ae\" \/>\n<meta property=\"article:publisher\" content=\"https:\/\/www.facebook.com\/laguiolecom\/\" \/>\n<meta property=\"og:image\" content=\"https:\/\/laguiole.com\/wp-content\/uploads\/2023\/03\/couteaux_pliants_LEA_laguiole_1p12cm_turquoise.jpg\" \/>\n\t<meta property=\"og:image:width\" content=\"1052\" \/>\n\t<meta property=\"og:image:height\" content=\"1052\" \/>\n\t<meta property=\"og:image:type\" content=\"image\/jpeg\" \/>\n<meta name=\"twitter:card\" content=\"summary_large_image\" \/>\n<meta name=\"twitter:label1\" content=\"Gesch\u00e4tzte Lesezeit\" \/>\n\t<meta name=\"twitter:data1\" content=\"1\u00a0Minute\" \/>\n<script type=\"application\/ld+json\" class=\"yoast-schema-graph\">{\"@context\":\"https:\\\/\\\/schema.org\",\"@graph\":[{\"@type\":\"WebPage\",\"@id\":\"https:\\\/\\\/laguiole.com\\\/de\\\/produit\\\/laguiole-messer-in-aubrac-1-stueck-12cm-tuerkis-griff-2-backen-glaenzender-edelstahl\\\/\",\"url\":\"https:\\\/\\\/laguiole.com\\\/de\\\/produit\\\/laguiole-messer-in-aubrac-1-stueck-12cm-tuerkis-griff-2-backen-glaenzender-edelstahl\\\/\",\"name\":\"Laguiole Messer in Aubrac 1 St\u00fcck 12cm T\u00fcrkis Griff 2 Backen Gl\u00e4nzender Edelstahl - Laguiole.com \u00ae\",\"isPartOf\":{\"@id\":\"https:\\\/\\\/laguiole.com\\\/de\\\/#website\"},\"primaryImageOfPage\":{\"@id\":\"https:\\\/\\\/laguiole.com\\\/de\\\/produit\\\/laguiole-messer-in-aubrac-1-stueck-12cm-tuerkis-griff-2-backen-glaenzender-edelstahl\\\/#primaryimage\"},\"image\":{\"@id\":\"https:\\\/\\\/laguiole.com\\\/de\\\/produit\\\/laguiole-messer-in-aubrac-1-stueck-12cm-tuerkis-griff-2-backen-glaenzender-edelstahl\\\/#primaryimage\"},\"thumbnailUrl\":\"https:\\\/\\\/laguiole.com\\\/wp-content\\\/uploads\\\/2023\\\/03\\\/couteaux_pliants_LEA_laguiole_1p12cm_turquoise.jpg\",\"datePublished\":\"2023-03-29T17:42:20+00:00\",\"description\":\"Ihr Laguiole-Messer wird in der handwerklichen Manufaktur Laguiole in Aubrac hergestellt. Die Klingen, Federn, Kapfe aus massivem Edelstahl und N\u00e4gel werden in der Laguiole-Schmiede in Aubrac hergestellt. Das Laguiole Klappmesser in T\u00fcrkis verk\u00f6rpert die harmonische Verbindung zwischen au\u00dfergew\u00f6hnlicher Handwerkskunst und der nat\u00fcrlichen Sch\u00f6nheit dieses kostbaren Edelsteins.\",\"breadcrumb\":{\"@id\":\"https:\\\/\\\/laguiole.com\\\/de\\\/produit\\\/laguiole-messer-in-aubrac-1-stueck-12cm-tuerkis-griff-2-backen-glaenzender-edelstahl\\\/#breadcrumb\"},\"inLanguage\":\"de\",\"potentialAction\":[{\"@type\":\"ReadAction\",\"target\":[\"https:\\\/\\\/laguiole.com\\\/de\\\/produit\\\/laguiole-messer-in-aubrac-1-stueck-12cm-tuerkis-griff-2-backen-glaenzender-edelstahl\\\/\"]}]},{\"@type\":\"ImageObject\",\"inLanguage\":\"de\",\"@id\":\"https:\\\/\\\/laguiole.com\\\/de\\\/produit\\\/laguiole-messer-in-aubrac-1-stueck-12cm-tuerkis-griff-2-backen-glaenzender-edelstahl\\\/#primaryimage\",\"url\":\"https:\\\/\\\/laguiole.com\\\/wp-content\\\/uploads\\\/2023\\\/03\\\/couteaux_pliants_LEA_laguiole_1p12cm_turquoise.jpg\",\"contentUrl\":\"https:\\\/\\\/laguiole.com\\\/wp-content\\\/uploads\\\/2023\\\/03\\\/couteaux_pliants_LEA_laguiole_1p12cm_turquoise.jpg\",\"width\":1052,\"height\":1052,\"caption\":\"Laguiole Aubracv Messer mit t\u00fcrkisfarbenem Griff\"},{\"@type\":\"BreadcrumbList\",\"@id\":\"https:\\\/\\\/laguiole.com\\\/de\\\/produit\\\/laguiole-messer-in-aubrac-1-stueck-12cm-tuerkis-griff-2-backen-glaenzender-edelstahl\\\/#breadcrumb\",\"itemListElement\":[{\"@type\":\"ListItem\",\"position\":1,\"name\":\"Accueil\",\"item\":\"https:\\\/\\\/laguiole.com\\\/de\\\/\"},{\"@type\":\"ListItem\",\"position\":2,\"name\":\"Shop\",\"item\":\"https:\\\/\\\/laguiole.com\\\/de\\\/shop-2\\\/\"},{\"@type\":\"ListItem\",\"position\":3,\"name\":\"Laguiole Messer in Aubrac 1 St\u00fcck 12cm T\u00fcrkis Griff 2 Backen Gl\u00e4nzender Edelstahl\"}]},{\"@type\":\"WebSite\",\"@id\":\"https:\\\/\\\/laguiole.com\\\/de\\\/#website\",\"url\":\"https:\\\/\\\/laguiole.com\\\/de\\\/\",\"name\":\"Laguiole.com\",\"description\":\"Laguiole - Couteau laguiole, Chateau Laguiole, Laguiole en Aubrac, Forge de Laguiole\",\"publisher\":{\"@id\":\"https:\\\/\\\/laguiole.com\\\/de\\\/#organization\"},\"potentialAction\":[{\"@type\":\"SearchAction\",\"target\":{\"@type\":\"EntryPoint\",\"urlTemplate\":\"https:\\\/\\\/laguiole.com\\\/de\\\/?s={search_term_string}\"},\"query-input\":{\"@type\":\"PropertyValueSpecification\",\"valueRequired\":true,\"valueName\":\"search_term_string\"}}],\"inLanguage\":\"de\"},{\"@type\":\"Organization\",\"@id\":\"https:\\\/\\\/laguiole.com\\\/de\\\/#organization\",\"name\":\"Laguiole.com\",\"url\":\"https:\\\/\\\/laguiole.com\\\/de\\\/\",\"logo\":{\"@type\":\"ImageObject\",\"inLanguage\":\"de\",\"@id\":\"https:\\\/\\\/laguiole.com\\\/de\\\/#\\\/schema\\\/logo\\\/image\\\/\",\"url\":\"https:\\\/\\\/laguiole.com\\\/wp-content\\\/uploads\\\/2021\\\/02\\\/logo_laguiole.com-horizontal.jpg\",\"contentUrl\":\"https:\\\/\\\/laguiole.com\\\/wp-content\\\/uploads\\\/2021\\\/02\\\/logo_laguiole.com-horizontal.jpg\",\"width\":490,\"height\":156,\"caption\":\"Laguiole.com\"},\"image\":{\"@id\":\"https:\\\/\\\/laguiole.com\\\/de\\\/#\\\/schema\\\/logo\\\/image\\\/\"},\"sameAs\":[\"https:\\\/\\\/www.facebook.com\\\/laguiolecom\\\/\",\"https:\\\/\\\/www.instagram.com\\\/laguiolecom\\\/\",\"https:\\\/\\\/www.youtube.com\\\/@laguiolecom\\\/videos\"]}]}<\/script>\n<!-- \/ Yoast SEO plugin. -->","yoast_head_json":{"title":"Laguiole Messer in Aubrac 1 St\u00fcck 12cm T\u00fcrkis Griff 2 Backen Gl\u00e4nzender Edelstahl - Laguiole.com \u00ae","description":"Ihr Laguiole-Messer wird in der handwerklichen Manufaktur Laguiole in Aubrac hergestellt. Die Klingen, Federn, Kapfe aus massivem Edelstahl und N\u00e4gel werden in der Laguiole-Schmiede in Aubrac hergestellt. Das Laguiole Klappmesser in T\u00fcrkis verk\u00f6rpert die harmonische Verbindung zwischen au\u00dfergew\u00f6hnlicher Handwerkskunst und der nat\u00fcrlichen Sch\u00f6nheit dieses kostbaren Edelsteins.","robots":{"index":"index","follow":"follow","max-snippet":"max-snippet:-1","max-image-preview":"max-image-preview:large","max-video-preview":"max-video-preview:-1"},"canonical":"https:\/\/laguiole.com\/de\/produit\/laguiole-messer-in-aubrac-1-stueck-12cm-tuerkis-griff-2-backen-glaenzender-edelstahl\/","og_locale":"de_DE","og_type":"article","og_title":"Laguiole Messer in Aubrac 1 St\u00fcck 12cm T\u00fcrkis Griff 2 Backen Gl\u00e4nzender Edelstahl - Laguiole.com \u00ae","og_description":"Ihr Laguiole-Messer wird in der handwerklichen Manufaktur Laguiole in Aubrac hergestellt. Die Klingen, Federn, Kapfe aus massivem Edelstahl und N\u00e4gel werden in der Laguiole-Schmiede in Aubrac hergestellt. Das Laguiole Klappmesser in T\u00fcrkis verk\u00f6rpert die harmonische Verbindung zwischen au\u00dfergew\u00f6hnlicher Handwerkskunst und der nat\u00fcrlichen Sch\u00f6nheit dieses kostbaren Edelsteins.","og_url":"https:\/\/laguiole.com\/de\/produit\/laguiole-messer-in-aubrac-1-stueck-12cm-tuerkis-griff-2-backen-glaenzender-edelstahl\/","og_site_name":"Laguiole.com \u00ae","article_publisher":"https:\/\/www.facebook.com\/laguiolecom\/","og_image":[{"width":1052,"height":1052,"url":"https:\/\/laguiole.com\/wp-content\/uploads\/2023\/03\/couteaux_pliants_LEA_laguiole_1p12cm_turquoise.jpg","type":"image\/jpeg"}],"twitter_card":"summary_large_image","twitter_misc":{"Gesch\u00e4tzte Lesezeit":"1\u00a0Minute"},"schema":{"@context":"https:\/\/schema.org","@graph":[{"@type":"WebPage","@id":"https:\/\/laguiole.com\/de\/produit\/laguiole-messer-in-aubrac-1-stueck-12cm-tuerkis-griff-2-backen-glaenzender-edelstahl\/","url":"https:\/\/laguiole.com\/de\/produit\/laguiole-messer-in-aubrac-1-stueck-12cm-tuerkis-griff-2-backen-glaenzender-edelstahl\/","name":"Laguiole Messer in Aubrac 1 St\u00fcck 12cm T\u00fcrkis Griff 2 Backen Gl\u00e4nzender Edelstahl - Laguiole.com \u00ae","isPartOf":{"@id":"https:\/\/laguiole.com\/de\/#website"},"primaryImageOfPage":{"@id":"https:\/\/laguiole.com\/de\/produit\/laguiole-messer-in-aubrac-1-stueck-12cm-tuerkis-griff-2-backen-glaenzender-edelstahl\/#primaryimage"},"image":{"@id":"https:\/\/laguiole.com\/de\/produit\/laguiole-messer-in-aubrac-1-stueck-12cm-tuerkis-griff-2-backen-glaenzender-edelstahl\/#primaryimage"},"thumbnailUrl":"https:\/\/laguiole.com\/wp-content\/uploads\/2023\/03\/couteaux_pliants_LEA_laguiole_1p12cm_turquoise.jpg","datePublished":"2023-03-29T17:42:20+00:00","description":"Ihr Laguiole-Messer wird in der handwerklichen Manufaktur Laguiole in Aubrac hergestellt. Die Klingen, Federn, Kapfe aus massivem Edelstahl und N\u00e4gel werden in der Laguiole-Schmiede in Aubrac hergestellt. Das Laguiole Klappmesser in T\u00fcrkis verk\u00f6rpert die harmonische Verbindung zwischen au\u00dfergew\u00f6hnlicher Handwerkskunst und der nat\u00fcrlichen Sch\u00f6nheit dieses kostbaren Edelsteins.","breadcrumb":{"@id":"https:\/\/laguiole.com\/de\/produit\/laguiole-messer-in-aubrac-1-stueck-12cm-tuerkis-griff-2-backen-glaenzender-edelstahl\/#breadcrumb"},"inLanguage":"de","potentialAction":[{"@type":"ReadAction","target":["https:\/\/laguiole.com\/de\/produit\/laguiole-messer-in-aubrac-1-stueck-12cm-tuerkis-griff-2-backen-glaenzender-edelstahl\/"]}]},{"@type":"ImageObject","inLanguage":"de","@id":"https:\/\/laguiole.com\/de\/produit\/laguiole-messer-in-aubrac-1-stueck-12cm-tuerkis-griff-2-backen-glaenzender-edelstahl\/#primaryimage","url":"https:\/\/laguiole.com\/wp-content\/uploads\/2023\/03\/couteaux_pliants_LEA_laguiole_1p12cm_turquoise.jpg","contentUrl":"https:\/\/laguiole.com\/wp-content\/uploads\/2023\/03\/couteaux_pliants_LEA_laguiole_1p12cm_turquoise.jpg","width":1052,"height":1052,"caption":"Laguiole Aubracv Messer mit t\u00fcrkisfarbenem Griff"},{"@type":"BreadcrumbList","@id":"https:\/\/laguiole.com\/de\/produit\/laguiole-messer-in-aubrac-1-stueck-12cm-tuerkis-griff-2-backen-glaenzender-edelstahl\/#breadcrumb","itemListElement":[{"@type":"ListItem","position":1,"name":"Accueil","item":"https:\/\/laguiole.com\/de\/"},{"@type":"ListItem","position":2,"name":"Shop","item":"https:\/\/laguiole.com\/de\/shop-2\/"},{"@type":"ListItem","position":3,"name":"Laguiole Messer in Aubrac 1 St\u00fcck 12cm T\u00fcrkis Griff 2 Backen Gl\u00e4nzender Edelstahl"}]},{"@type":"WebSite","@id":"https:\/\/laguiole.com\/de\/#website","url":"https:\/\/laguiole.com\/de\/","name":"Laguiole.com","description":"Laguiole - Couteau laguiole, Chateau Laguiole, Laguiole en Aubrac, Forge de Laguiole","publisher":{"@id":"https:\/\/laguiole.com\/de\/#organization"},"potentialAction":[{"@type":"SearchAction","target":{"@type":"EntryPoint","urlTemplate":"https:\/\/laguiole.com\/de\/?s={search_term_string}"},"query-input":{"@type":"PropertyValueSpecification","valueRequired":true,"valueName":"search_term_string"}}],"inLanguage":"de"},{"@type":"Organization","@id":"https:\/\/laguiole.com\/de\/#organization","name":"Laguiole.com","url":"https:\/\/laguiole.com\/de\/","logo":{"@type":"ImageObject","inLanguage":"de","@id":"https:\/\/laguiole.com\/de\/#\/schema\/logo\/image\/","url":"https:\/\/laguiole.com\/wp-content\/uploads\/2021\/02\/logo_laguiole.com-horizontal.jpg","contentUrl":"https:\/\/laguiole.com\/wp-content\/uploads\/2021\/02\/logo_laguiole.com-horizontal.jpg","width":490,"height":156,"caption":"Laguiole.com"},"image":{"@id":"https:\/\/laguiole.com\/de\/#\/schema\/logo\/image\/"},"sameAs":["https:\/\/www.facebook.com\/laguiolecom\/","https:\/\/www.instagram.com\/laguiolecom\/","https:\/\/www.youtube.com\/@laguiolecom\/videos"]}]}},"_links":{"self":[{"href":"https:\/\/laguiole.com\/de\/wp-json\/wp\/v2\/product\/41073","targetHints":{"allow":["GET"]}}],"collection":[{"href":"https:\/\/laguiole.com\/de\/wp-json\/wp\/v2\/product"}],"about":[{"href":"https:\/\/laguiole.com\/de\/wp-json\/wp\/v2\/types\/product"}],"version-history":[{"count":0,"href":"https:\/\/laguiole.com\/de\/wp-json\/wp\/v2\/product\/41073\/revisions"}],"wp:featuredmedia":[{"embeddable":true,"href":"https:\/\/laguiole.com\/de\/wp-json\/wp\/v2\/media\/41076"}],"wp:attachment":[{"href":"https:\/\/laguiole.com\/de\/wp-json\/wp\/v2\/media?parent=41073"}],"wp:term":[{"taxonomy":"product_brand","embeddable":true,"href":"https:\/\/laguiole.com\/de\/wp-json\/wp\/v2\/product_brand?post=41073"},{"taxonomy":"product_cat","embeddable":true,"href":"https:\/\/laguiole.com\/de\/wp-json\/wp\/v2\/product_cat?post=41073"},{"taxonomy":"product_tag","embeddable":true,"href":"https:\/\/laguiole.com\/de\/wp-json\/wp\/v2\/product_tag?post=41073"}],"curies":[{"name":"wp","href":"https:\/\/api.w.org\/{rel}","templated":true}]}}