{"id":41027,"date":"2023-04-30T17:09:00","date_gmt":"2023-04-30T15:09:00","guid":{"rendered":"https:\/\/laguiole.com\/produit\/laguiole-sommelier-in-aubrac-in-olivenholz\/"},"modified":"2025-12-04T10:53:59","modified_gmt":"2025-12-04T09:53:59","slug":"laguiole-sommelier-in-aubrac-in-olivenholz","status":"publish","type":"product","link":"https:\/\/laguiole.com\/de\/produit\/laguiole-sommelier-in-aubrac-in-olivenholz\/","title":{"rendered":"Laguiole Sommelier in Aubrac in Olivenholz"},"content":{"rendered":"<p>Eleganz im Dienste des Weins<\/p>\n<p>Der Sommelier von Laguiole en Aubrac verbindet die Tradition des Bestecks mit der Kunst der Verkostung und verk\u00f6rpert die franz\u00f6sische handwerkliche Exzellenz. Sein sauberes Design, der ausgewogene Griff und die Pr\u00e4zision seiner Mechanik machen ihn zu einem Werkzeug, das ebenso funktional wie raffiniert ist.<\/p>\n<p>Seine Struktur aus geb\u00fcrstetem Edelstahl verleiht ihm im Laufe der Zeit ein zeitgem\u00e4\u00dfes, n\u00fcchternes und widerstandsf\u00e4higes Aussehen. Der Griff aus Olivenholz mit warmen Adern und goldenen Reflexen verleiht ihm einen eleganten mediterranen Touch, wobei jedes St\u00fcck von Natur aus ein Unikat ist. <\/p>\n<p>Dieser Sommelier wurde f\u00fcr Weinliebhaber und Profis gleicherma\u00dfen entwickelt und vereint Pr\u00e4zision, Zuverl\u00e4ssigkeit und \u00c4sthetik, w\u00e4hrend er der Authentizit\u00e4t des Terroirs und der handwerklichen Geste Tribut zollt.<\/p>\n","protected":false},"excerpt":{"rendered":"<p>Laguiole Sommelier in Aubrac<br \/>\nGriff: Geschmiedeter<br \/>\nFly<br \/>\n, Olivenbaum, Edelstahl geb\u00fcrstet<br \/>\n, L\u00e4nge: 12 cm<br \/>\nGewicht: 118 grs<\/p>\n<p><center><br \/>\n<iframe style=\"max-width: 100%; max-height: 100%;\" src=\"https:\/\/spinzam.com\/shot\/embed\/?idx=227527\" width=\"480\" height=\"480\" frameborder=\"0\" scrolling=\"no\"><\/iframe><\/center><\/p>\n","protected":false},"featured_media":41028,"template":"","meta":{"_acf_changed":false,"_monsterinsights_skip_tracking":false,"_monsterinsights_sitenote_active":false,"_monsterinsights_sitenote_note":"","_monsterinsights_sitenote_category":0},"product_brand":[],"product_cat":[5962,5963],"product_tag":[6171],"class_list":{"0":"post-41027","1":"product","2":"type-product","3":"status-publish","4":"has-post-thumbnail","6":"product_cat-kellnermesser","7":"product_cat-federgravur","8":"product_tag-gravurfeder","9":"pa_finition-gebuerstet","10":"pa_manche-en-bois-olive","11":"pa_marque-laguiole-en-aubracfr","12":"pa_mitres-2-gehrungen","13":"pa_mitres-gebuersteter-edelstahl","14":"pa_mouche-geschmiedet","15":"pa_ressort-glatt","16":"pa_ressort-zum-personalisieren-lasergravur","17":"tm-has-options","20":"instock","21":"taxable","22":"shipping-taxable","23":"purchasable","24":"product-type-simple"},"supplier_id":null,"supplier_sku":"","barcode":null,"atum_controlled":true,"out_stock_date":null,"out_stock_threshold":null,"inheritable":false,"inbound_stock":0,"stock_on_hold":0,"sold_today":0,"sales_last_days":0,"reserved_stock":0,"customer_returns":0,"warehouse_damage":0,"lost_in_post":0,"other_logs":0,"out_stock_days":0,"lost_sales":0,"has_location":false,"update_date":"2026-04-28T00:40:11","atum_locations":[],"atum_stock_status":"instock","restock_status":false,"low_stock_amount":"","sales_update_date":"2026-04-28T00:40:11","calc_backorders":0,"acf":[],"yoast_head":"<!-- This site is optimized with the Yoast SEO plugin v27.3 - https:\/\/yoast.com\/product\/yoast-seo-wordpress\/ -->\n<title>Laguiole Sommelier in Aubrac in Olivenholz - Laguiole.com \u00ae<\/title>\n<meta name=\"description\" content=\"Der Sommelier von Laguiole en Aubrac verbindet die Tradition des Bestecks mit der Kunst der Verkostung und verk\u00f6rpert die franz\u00f6sische handwerkliche Exzellenz.\" \/>\n<meta name=\"robots\" content=\"index, follow, max-snippet:-1, max-image-preview:large, max-video-preview:-1\" \/>\n<link rel=\"canonical\" href=\"https:\/\/laguiole.com\/de\/produit\/laguiole-sommelier-in-aubrac-in-olivenholz\/\" \/>\n<meta property=\"og:locale\" content=\"de_DE\" \/>\n<meta property=\"og:type\" content=\"article\" \/>\n<meta property=\"og:title\" content=\"Laguiole Sommelier in Aubrac in Olivenholz - Laguiole.com \u00ae\" \/>\n<meta property=\"og:description\" content=\"Der Sommelier von Laguiole en Aubrac verbindet die Tradition des Bestecks mit der Kunst der Verkostung und verk\u00f6rpert die franz\u00f6sische handwerkliche Exzellenz.\" \/>\n<meta property=\"og:url\" content=\"https:\/\/laguiole.com\/de\/produit\/laguiole-sommelier-in-aubrac-in-olivenholz\/\" \/>\n<meta property=\"og:site_name\" content=\"Laguiole.com \u00ae\" \/>\n<meta property=\"article:publisher\" content=\"https:\/\/www.facebook.com\/laguiolecom\/\" \/>\n<meta property=\"article:modified_time\" content=\"2025-12-04T09:53:59+00:00\" \/>\n<meta property=\"og:image\" content=\"https:\/\/laguiole.com\/wp-content\/uploads\/2023\/04\/sommelier_laguiole_en_aubrac_olivier_00.jpg\" \/>\n\t<meta property=\"og:image:width\" content=\"1033\" \/>\n\t<meta property=\"og:image:height\" content=\"1033\" \/>\n\t<meta property=\"og:image:type\" content=\"image\/jpeg\" \/>\n<meta name=\"twitter:card\" content=\"summary_large_image\" \/>\n<meta name=\"twitter:label1\" content=\"Gesch\u00e4tzte Lesezeit\" \/>\n\t<meta name=\"twitter:data1\" content=\"1\u00a0Minute\" \/>\n<script type=\"application\/ld+json\" class=\"yoast-schema-graph\">{\"@context\":\"https:\\\/\\\/schema.org\",\"@graph\":[{\"@type\":\"WebPage\",\"@id\":\"https:\\\/\\\/laguiole.com\\\/de\\\/produit\\\/laguiole-sommelier-in-aubrac-in-olivenholz\\\/\",\"url\":\"https:\\\/\\\/laguiole.com\\\/de\\\/produit\\\/laguiole-sommelier-in-aubrac-in-olivenholz\\\/\",\"name\":\"Laguiole Sommelier in Aubrac in Olivenholz - Laguiole.com \u00ae\",\"isPartOf\":{\"@id\":\"https:\\\/\\\/laguiole.com\\\/de\\\/#website\"},\"primaryImageOfPage\":{\"@id\":\"https:\\\/\\\/laguiole.com\\\/de\\\/produit\\\/laguiole-sommelier-in-aubrac-in-olivenholz\\\/#primaryimage\"},\"image\":{\"@id\":\"https:\\\/\\\/laguiole.com\\\/de\\\/produit\\\/laguiole-sommelier-in-aubrac-in-olivenholz\\\/#primaryimage\"},\"thumbnailUrl\":\"https:\\\/\\\/laguiole.com\\\/wp-content\\\/uploads\\\/2023\\\/04\\\/sommelier_laguiole_en_aubrac_olivier_00.jpg\",\"datePublished\":\"2023-04-30T15:09:00+00:00\",\"dateModified\":\"2025-12-04T09:53:59+00:00\",\"description\":\"Der Sommelier von Laguiole en Aubrac verbindet die Tradition des Bestecks mit der Kunst der Verkostung und verk\u00f6rpert die franz\u00f6sische handwerkliche Exzellenz.\",\"breadcrumb\":{\"@id\":\"https:\\\/\\\/laguiole.com\\\/de\\\/produit\\\/laguiole-sommelier-in-aubrac-in-olivenholz\\\/#breadcrumb\"},\"inLanguage\":\"de\",\"potentialAction\":[{\"@type\":\"ReadAction\",\"target\":[\"https:\\\/\\\/laguiole.com\\\/de\\\/produit\\\/laguiole-sommelier-in-aubrac-in-olivenholz\\\/\"]}]},{\"@type\":\"ImageObject\",\"inLanguage\":\"de\",\"@id\":\"https:\\\/\\\/laguiole.com\\\/de\\\/produit\\\/laguiole-sommelier-in-aubrac-in-olivenholz\\\/#primaryimage\",\"url\":\"https:\\\/\\\/laguiole.com\\\/wp-content\\\/uploads\\\/2023\\\/04\\\/sommelier_laguiole_en_aubrac_olivier_00.jpg\",\"contentUrl\":\"https:\\\/\\\/laguiole.com\\\/wp-content\\\/uploads\\\/2023\\\/04\\\/sommelier_laguiole_en_aubrac_olivier_00.jpg\",\"width\":1033,\"height\":1033},{\"@type\":\"BreadcrumbList\",\"@id\":\"https:\\\/\\\/laguiole.com\\\/de\\\/produit\\\/laguiole-sommelier-in-aubrac-in-olivenholz\\\/#breadcrumb\",\"itemListElement\":[{\"@type\":\"ListItem\",\"position\":1,\"name\":\"Accueil\",\"item\":\"https:\\\/\\\/laguiole.com\\\/de\\\/\"},{\"@type\":\"ListItem\",\"position\":2,\"name\":\"Shop\",\"item\":\"https:\\\/\\\/laguiole.com\\\/de\\\/shop-2\\\/\"},{\"@type\":\"ListItem\",\"position\":3,\"name\":\"Laguiole Sommelier in Aubrac in Olivenholz\"}]},{\"@type\":\"WebSite\",\"@id\":\"https:\\\/\\\/laguiole.com\\\/de\\\/#website\",\"url\":\"https:\\\/\\\/laguiole.com\\\/de\\\/\",\"name\":\"Laguiole.com\",\"description\":\"Laguiole - Couteau laguiole, Chateau Laguiole, Laguiole en Aubrac, Forge de Laguiole\",\"publisher\":{\"@id\":\"https:\\\/\\\/laguiole.com\\\/de\\\/#organization\"},\"potentialAction\":[{\"@type\":\"SearchAction\",\"target\":{\"@type\":\"EntryPoint\",\"urlTemplate\":\"https:\\\/\\\/laguiole.com\\\/de\\\/?s={search_term_string}\"},\"query-input\":{\"@type\":\"PropertyValueSpecification\",\"valueRequired\":true,\"valueName\":\"search_term_string\"}}],\"inLanguage\":\"de\"},{\"@type\":\"Organization\",\"@id\":\"https:\\\/\\\/laguiole.com\\\/de\\\/#organization\",\"name\":\"Laguiole.com\",\"url\":\"https:\\\/\\\/laguiole.com\\\/de\\\/\",\"logo\":{\"@type\":\"ImageObject\",\"inLanguage\":\"de\",\"@id\":\"https:\\\/\\\/laguiole.com\\\/de\\\/#\\\/schema\\\/logo\\\/image\\\/\",\"url\":\"https:\\\/\\\/laguiole.com\\\/wp-content\\\/uploads\\\/2021\\\/02\\\/logo_laguiole.com-horizontal.jpg\",\"contentUrl\":\"https:\\\/\\\/laguiole.com\\\/wp-content\\\/uploads\\\/2021\\\/02\\\/logo_laguiole.com-horizontal.jpg\",\"width\":490,\"height\":156,\"caption\":\"Laguiole.com\"},\"image\":{\"@id\":\"https:\\\/\\\/laguiole.com\\\/de\\\/#\\\/schema\\\/logo\\\/image\\\/\"},\"sameAs\":[\"https:\\\/\\\/www.facebook.com\\\/laguiolecom\\\/\",\"https:\\\/\\\/www.instagram.com\\\/laguiolecom\\\/\",\"https:\\\/\\\/www.youtube.com\\\/@laguiolecom\\\/videos\"]}]}<\/script>\n<!-- \/ Yoast SEO plugin. -->","yoast_head_json":{"title":"Laguiole Sommelier in Aubrac in Olivenholz - Laguiole.com \u00ae","description":"Der Sommelier von Laguiole en Aubrac verbindet die Tradition des Bestecks mit der Kunst der Verkostung und verk\u00f6rpert die franz\u00f6sische handwerkliche Exzellenz.","robots":{"index":"index","follow":"follow","max-snippet":"max-snippet:-1","max-image-preview":"max-image-preview:large","max-video-preview":"max-video-preview:-1"},"canonical":"https:\/\/laguiole.com\/de\/produit\/laguiole-sommelier-in-aubrac-in-olivenholz\/","og_locale":"de_DE","og_type":"article","og_title":"Laguiole Sommelier in Aubrac in Olivenholz - Laguiole.com \u00ae","og_description":"Der Sommelier von Laguiole en Aubrac verbindet die Tradition des Bestecks mit der Kunst der Verkostung und verk\u00f6rpert die franz\u00f6sische handwerkliche Exzellenz.","og_url":"https:\/\/laguiole.com\/de\/produit\/laguiole-sommelier-in-aubrac-in-olivenholz\/","og_site_name":"Laguiole.com \u00ae","article_publisher":"https:\/\/www.facebook.com\/laguiolecom\/","article_modified_time":"2025-12-04T09:53:59+00:00","og_image":[{"width":1033,"height":1033,"url":"https:\/\/laguiole.com\/wp-content\/uploads\/2023\/04\/sommelier_laguiole_en_aubrac_olivier_00.jpg","type":"image\/jpeg"}],"twitter_card":"summary_large_image","twitter_misc":{"Gesch\u00e4tzte Lesezeit":"1\u00a0Minute"},"schema":{"@context":"https:\/\/schema.org","@graph":[{"@type":"WebPage","@id":"https:\/\/laguiole.com\/de\/produit\/laguiole-sommelier-in-aubrac-in-olivenholz\/","url":"https:\/\/laguiole.com\/de\/produit\/laguiole-sommelier-in-aubrac-in-olivenholz\/","name":"Laguiole Sommelier in Aubrac in Olivenholz - Laguiole.com \u00ae","isPartOf":{"@id":"https:\/\/laguiole.com\/de\/#website"},"primaryImageOfPage":{"@id":"https:\/\/laguiole.com\/de\/produit\/laguiole-sommelier-in-aubrac-in-olivenholz\/#primaryimage"},"image":{"@id":"https:\/\/laguiole.com\/de\/produit\/laguiole-sommelier-in-aubrac-in-olivenholz\/#primaryimage"},"thumbnailUrl":"https:\/\/laguiole.com\/wp-content\/uploads\/2023\/04\/sommelier_laguiole_en_aubrac_olivier_00.jpg","datePublished":"2023-04-30T15:09:00+00:00","dateModified":"2025-12-04T09:53:59+00:00","description":"Der Sommelier von Laguiole en Aubrac verbindet die Tradition des Bestecks mit der Kunst der Verkostung und verk\u00f6rpert die franz\u00f6sische handwerkliche Exzellenz.","breadcrumb":{"@id":"https:\/\/laguiole.com\/de\/produit\/laguiole-sommelier-in-aubrac-in-olivenholz\/#breadcrumb"},"inLanguage":"de","potentialAction":[{"@type":"ReadAction","target":["https:\/\/laguiole.com\/de\/produit\/laguiole-sommelier-in-aubrac-in-olivenholz\/"]}]},{"@type":"ImageObject","inLanguage":"de","@id":"https:\/\/laguiole.com\/de\/produit\/laguiole-sommelier-in-aubrac-in-olivenholz\/#primaryimage","url":"https:\/\/laguiole.com\/wp-content\/uploads\/2023\/04\/sommelier_laguiole_en_aubrac_olivier_00.jpg","contentUrl":"https:\/\/laguiole.com\/wp-content\/uploads\/2023\/04\/sommelier_laguiole_en_aubrac_olivier_00.jpg","width":1033,"height":1033},{"@type":"BreadcrumbList","@id":"https:\/\/laguiole.com\/de\/produit\/laguiole-sommelier-in-aubrac-in-olivenholz\/#breadcrumb","itemListElement":[{"@type":"ListItem","position":1,"name":"Accueil","item":"https:\/\/laguiole.com\/de\/"},{"@type":"ListItem","position":2,"name":"Shop","item":"https:\/\/laguiole.com\/de\/shop-2\/"},{"@type":"ListItem","position":3,"name":"Laguiole Sommelier in Aubrac in Olivenholz"}]},{"@type":"WebSite","@id":"https:\/\/laguiole.com\/de\/#website","url":"https:\/\/laguiole.com\/de\/","name":"Laguiole.com","description":"Laguiole - Couteau laguiole, Chateau Laguiole, Laguiole en Aubrac, Forge de Laguiole","publisher":{"@id":"https:\/\/laguiole.com\/de\/#organization"},"potentialAction":[{"@type":"SearchAction","target":{"@type":"EntryPoint","urlTemplate":"https:\/\/laguiole.com\/de\/?s={search_term_string}"},"query-input":{"@type":"PropertyValueSpecification","valueRequired":true,"valueName":"search_term_string"}}],"inLanguage":"de"},{"@type":"Organization","@id":"https:\/\/laguiole.com\/de\/#organization","name":"Laguiole.com","url":"https:\/\/laguiole.com\/de\/","logo":{"@type":"ImageObject","inLanguage":"de","@id":"https:\/\/laguiole.com\/de\/#\/schema\/logo\/image\/","url":"https:\/\/laguiole.com\/wp-content\/uploads\/2021\/02\/logo_laguiole.com-horizontal.jpg","contentUrl":"https:\/\/laguiole.com\/wp-content\/uploads\/2021\/02\/logo_laguiole.com-horizontal.jpg","width":490,"height":156,"caption":"Laguiole.com"},"image":{"@id":"https:\/\/laguiole.com\/de\/#\/schema\/logo\/image\/"},"sameAs":["https:\/\/www.facebook.com\/laguiolecom\/","https:\/\/www.instagram.com\/laguiolecom\/","https:\/\/www.youtube.com\/@laguiolecom\/videos"]}]}},"_links":{"self":[{"href":"https:\/\/laguiole.com\/de\/wp-json\/wp\/v2\/product\/41027","targetHints":{"allow":["GET"]}}],"collection":[{"href":"https:\/\/laguiole.com\/de\/wp-json\/wp\/v2\/product"}],"about":[{"href":"https:\/\/laguiole.com\/de\/wp-json\/wp\/v2\/types\/product"}],"version-history":[{"count":0,"href":"https:\/\/laguiole.com\/de\/wp-json\/wp\/v2\/product\/41027\/revisions"}],"wp:featuredmedia":[{"embeddable":true,"href":"https:\/\/laguiole.com\/de\/wp-json\/wp\/v2\/media\/41028"}],"wp:attachment":[{"href":"https:\/\/laguiole.com\/de\/wp-json\/wp\/v2\/media?parent=41027"}],"wp:term":[{"taxonomy":"product_brand","embeddable":true,"href":"https:\/\/laguiole.com\/de\/wp-json\/wp\/v2\/product_brand?post=41027"},{"taxonomy":"product_cat","embeddable":true,"href":"https:\/\/laguiole.com\/de\/wp-json\/wp\/v2\/product_cat?post=41027"},{"taxonomy":"product_tag","embeddable":true,"href":"https:\/\/laguiole.com\/de\/wp-json\/wp\/v2\/product_tag?post=41027"}],"curies":[{"name":"wp","href":"https:\/\/api.w.org\/{rel}","templated":true}]}}