{"id":40951,"date":"2023-06-12T15:13:51","date_gmt":"2023-06-12T13:13:51","guid":{"rendered":"https:\/\/laguiole.com\/produit\/geschenkgutschein-laguiole-com\/"},"modified":"2023-06-12T15:13:51","modified_gmt":"2023-06-12T13:13:51","slug":"geschenkgutschein-laguiole-com","status":"publish","type":"product","link":"https:\/\/laguiole.com\/de\/produit\/geschenkgutschein-laguiole-com\/","title":{"rendered":"Geschenkgutschein Laguiole.com"},"content":{"rendered":"","protected":false},"excerpt":{"rendered":"<p><b>Laguiole Geschenkgutschein. Geben Sie die Freiheit zu w\u00e4hlen. <\/b><br \/>\nMit dem Geschenkgutschein k\u00f6nnen Sie einen Gutschein in H\u00f6he des gew\u00fcnschten Betrags verschenken. Es wird per Kurier an die Person Ihrer Wahl geschickt, die Sie in der Lieferadresse angeben. Die Person, die den Geschenkgutschein erh\u00e4lt, hat die M\u00f6glichkeit, auf der gesamten www.laguiole.com Website den Artikel auszuw\u00e4hlen, der sie gl\u00fccklich macht. Alles, was sie tun m\u00fcssen, ist, ihre Bestellung online aufzugeben, und durch Eingabe des Geschenkgutscheincodes bei der Bestellung wird der Wert des Geschenkgutscheins automatisch vom Einkaufsbetrag abgezogen.   <\/p>\n<p>&nbsp;<\/p>\n<p>Wenn Sie m\u00f6chten, dass wir den Geschenkgutschein an den Empf\u00e4nger per E-Mail an den von Ihnen gew\u00e4hlten Tag senden, f\u00fcllen Sie einfach die Felder E-Mail und Versanddatum unten aus. Andernfalls erhalten Sie eine Kopie des Schecks, die Sie per E-Mail abgeben m\u00fcssen, sobald Ihre Bestellung best\u00e4tigt wurde. <\/p>\n","protected":false},"featured_media":40953,"template":"","meta":{"_acf_changed":false,"_monsterinsights_skip_tracking":false,"_monsterinsights_sitenote_active":false,"_monsterinsights_sitenote_note":"","_monsterinsights_sitenote_category":0},"product_brand":[],"product_cat":[5953],"product_tag":[],"class_list":{"0":"post-40951","1":"product","2":"type-product","3":"status-publish","4":"has-post-thumbnail","6":"product_cat-nicht-klassifiziert","7":"product_shipping_class-geschenkgutscheine","8":"tm-no-options","11":"instock","12":"taxable","13":"shipping-taxable","14":"purchasable","15":"product-type-variable"},"supplier_id":null,"supplier_sku":"","barcode":null,"atum_controlled":true,"out_stock_date":null,"out_stock_threshold":null,"inheritable":true,"inbound_stock":0,"stock_on_hold":0,"sold_today":0,"sales_last_days":0,"reserved_stock":0,"customer_returns":0,"warehouse_damage":0,"lost_in_post":0,"other_logs":0,"out_stock_days":0,"lost_sales":0,"has_location":false,"update_date":"2026-05-11T00:54:43","atum_locations":[],"atum_stock_status":"instock","restock_status":false,"low_stock_amount":"","sales_update_date":"2026-05-11T00:54:43","calc_backorders":null,"acf":[],"yoast_head":"<!-- This site is optimized with the Yoast SEO plugin v27.3 - https:\/\/yoast.com\/product\/yoast-seo-wordpress\/ -->\n<title>Geschenkgutschein Laguiole.com - Laguiole.com \u00ae<\/title>\n<meta name=\"robots\" content=\"index, follow, max-snippet:-1, max-image-preview:large, max-video-preview:-1\" \/>\n<link rel=\"canonical\" href=\"https:\/\/laguiole.com\/de\/produit\/geschenkgutschein-laguiole-com\/\" \/>\n<meta property=\"og:locale\" content=\"de_DE\" \/>\n<meta property=\"og:type\" content=\"article\" \/>\n<meta property=\"og:title\" content=\"Geschenkgutschein Laguiole.com - Laguiole.com \u00ae\" \/>\n<meta property=\"og:description\" content=\"Laguiole Geschenkgutschein. Geben Sie die Freiheit zu w\u00e4hlen. Mit dem Geschenkgutschein k\u00f6nnen Sie einen Gutschein in H\u00f6he des gew\u00fcnschten Betrags verschenken. Es wird per Kurier an die Person Ihrer Wahl geschickt, die Sie in der Lieferadresse angeben. Die Person, die den Geschenkgutschein erh\u00e4lt, hat die M\u00f6glichkeit, auf der gesamten www.laguiole.com Website den Artikel auszuw\u00e4hlen, der sie gl\u00fccklich macht. Alles, was sie tun m\u00fcssen, ist, ihre Bestellung online aufzugeben, und durch Eingabe des Geschenkgutscheincodes bei der Bestellung wird der Wert des Geschenkgutscheins automatisch vom Einkaufsbetrag abgezogen.   &nbsp; Wenn Sie m\u00f6chten, dass wir den Geschenkgutschein an den Empf\u00e4nger per E-Mail an den von Ihnen gew\u00e4hlten Tag senden, f\u00fcllen Sie einfach die Felder E-Mail und Versanddatum unten aus. Andernfalls erhalten Sie eine Kopie des Schecks, die Sie per E-Mail abgeben m\u00fcssen, sobald Ihre Bestellung best\u00e4tigt wurde.\" \/>\n<meta property=\"og:url\" content=\"https:\/\/laguiole.com\/de\/produit\/geschenkgutschein-laguiole-com\/\" \/>\n<meta property=\"og:site_name\" content=\"Laguiole.com \u00ae\" \/>\n<meta property=\"article:publisher\" content=\"https:\/\/www.facebook.com\/laguiolecom\/\" \/>\n<meta property=\"og:image\" content=\"https:\/\/laguiole.com\/wp-content\/uploads\/2023\/06\/cheque-cadeau.jpg\" \/>\n\t<meta property=\"og:image:width\" content=\"550\" \/>\n\t<meta property=\"og:image:height\" content=\"390\" \/>\n\t<meta property=\"og:image:type\" content=\"image\/jpeg\" \/>\n<meta name=\"twitter:card\" content=\"summary_large_image\" \/>\n<script type=\"application\/ld+json\" class=\"yoast-schema-graph\">{\"@context\":\"https:\\\/\\\/schema.org\",\"@graph\":[{\"@type\":\"WebPage\",\"@id\":\"https:\\\/\\\/laguiole.com\\\/de\\\/produit\\\/geschenkgutschein-laguiole-com\\\/\",\"url\":\"https:\\\/\\\/laguiole.com\\\/de\\\/produit\\\/geschenkgutschein-laguiole-com\\\/\",\"name\":\"Geschenkgutschein Laguiole.com - Laguiole.com \u00ae\",\"isPartOf\":{\"@id\":\"https:\\\/\\\/laguiole.com\\\/de\\\/#website\"},\"primaryImageOfPage\":{\"@id\":\"https:\\\/\\\/laguiole.com\\\/de\\\/produit\\\/geschenkgutschein-laguiole-com\\\/#primaryimage\"},\"image\":{\"@id\":\"https:\\\/\\\/laguiole.com\\\/de\\\/produit\\\/geschenkgutschein-laguiole-com\\\/#primaryimage\"},\"thumbnailUrl\":\"https:\\\/\\\/laguiole.com\\\/wp-content\\\/uploads\\\/2023\\\/06\\\/cheque-cadeau.jpg\",\"datePublished\":\"2023-06-12T13:13:51+00:00\",\"breadcrumb\":{\"@id\":\"https:\\\/\\\/laguiole.com\\\/de\\\/produit\\\/geschenkgutschein-laguiole-com\\\/#breadcrumb\"},\"inLanguage\":\"de\",\"potentialAction\":[{\"@type\":\"ReadAction\",\"target\":[\"https:\\\/\\\/laguiole.com\\\/de\\\/produit\\\/geschenkgutschein-laguiole-com\\\/\"]}]},{\"@type\":\"ImageObject\",\"inLanguage\":\"de\",\"@id\":\"https:\\\/\\\/laguiole.com\\\/de\\\/produit\\\/geschenkgutschein-laguiole-com\\\/#primaryimage\",\"url\":\"https:\\\/\\\/laguiole.com\\\/wp-content\\\/uploads\\\/2023\\\/06\\\/cheque-cadeau.jpg\",\"contentUrl\":\"https:\\\/\\\/laguiole.com\\\/wp-content\\\/uploads\\\/2023\\\/06\\\/cheque-cadeau.jpg\",\"width\":550,\"height\":390},{\"@type\":\"BreadcrumbList\",\"@id\":\"https:\\\/\\\/laguiole.com\\\/de\\\/produit\\\/geschenkgutschein-laguiole-com\\\/#breadcrumb\",\"itemListElement\":[{\"@type\":\"ListItem\",\"position\":1,\"name\":\"Accueil\",\"item\":\"https:\\\/\\\/laguiole.com\\\/de\\\/\"},{\"@type\":\"ListItem\",\"position\":2,\"name\":\"Shop\",\"item\":\"https:\\\/\\\/laguiole.com\\\/de\\\/shop-2\\\/\"},{\"@type\":\"ListItem\",\"position\":3,\"name\":\"Geschenkgutschein Laguiole.com\"}]},{\"@type\":\"WebSite\",\"@id\":\"https:\\\/\\\/laguiole.com\\\/de\\\/#website\",\"url\":\"https:\\\/\\\/laguiole.com\\\/de\\\/\",\"name\":\"Laguiole.com\",\"description\":\"Laguiole - Couteau laguiole, Chateau Laguiole, Laguiole en Aubrac, Forge de Laguiole\",\"publisher\":{\"@id\":\"https:\\\/\\\/laguiole.com\\\/de\\\/#organization\"},\"potentialAction\":[{\"@type\":\"SearchAction\",\"target\":{\"@type\":\"EntryPoint\",\"urlTemplate\":\"https:\\\/\\\/laguiole.com\\\/de\\\/?s={search_term_string}\"},\"query-input\":{\"@type\":\"PropertyValueSpecification\",\"valueRequired\":true,\"valueName\":\"search_term_string\"}}],\"inLanguage\":\"de\"},{\"@type\":\"Organization\",\"@id\":\"https:\\\/\\\/laguiole.com\\\/de\\\/#organization\",\"name\":\"Laguiole.com\",\"url\":\"https:\\\/\\\/laguiole.com\\\/de\\\/\",\"logo\":{\"@type\":\"ImageObject\",\"inLanguage\":\"de\",\"@id\":\"https:\\\/\\\/laguiole.com\\\/de\\\/#\\\/schema\\\/logo\\\/image\\\/\",\"url\":\"https:\\\/\\\/laguiole.com\\\/wp-content\\\/uploads\\\/2021\\\/02\\\/logo_laguiole.com-horizontal.jpg\",\"contentUrl\":\"https:\\\/\\\/laguiole.com\\\/wp-content\\\/uploads\\\/2021\\\/02\\\/logo_laguiole.com-horizontal.jpg\",\"width\":490,\"height\":156,\"caption\":\"Laguiole.com\"},\"image\":{\"@id\":\"https:\\\/\\\/laguiole.com\\\/de\\\/#\\\/schema\\\/logo\\\/image\\\/\"},\"sameAs\":[\"https:\\\/\\\/www.facebook.com\\\/laguiolecom\\\/\",\"https:\\\/\\\/www.instagram.com\\\/laguiolecom\\\/\",\"https:\\\/\\\/www.youtube.com\\\/@laguiolecom\\\/videos\"]}]}<\/script>\n<!-- \/ Yoast SEO plugin. -->","yoast_head_json":{"title":"Geschenkgutschein Laguiole.com - Laguiole.com \u00ae","robots":{"index":"index","follow":"follow","max-snippet":"max-snippet:-1","max-image-preview":"max-image-preview:large","max-video-preview":"max-video-preview:-1"},"canonical":"https:\/\/laguiole.com\/de\/produit\/geschenkgutschein-laguiole-com\/","og_locale":"de_DE","og_type":"article","og_title":"Geschenkgutschein Laguiole.com - Laguiole.com \u00ae","og_description":"Laguiole Geschenkgutschein. Geben Sie die Freiheit zu w\u00e4hlen. Mit dem Geschenkgutschein k\u00f6nnen Sie einen Gutschein in H\u00f6he des gew\u00fcnschten Betrags verschenken. Es wird per Kurier an die Person Ihrer Wahl geschickt, die Sie in der Lieferadresse angeben. Die Person, die den Geschenkgutschein erh\u00e4lt, hat die M\u00f6glichkeit, auf der gesamten www.laguiole.com Website den Artikel auszuw\u00e4hlen, der sie gl\u00fccklich macht. Alles, was sie tun m\u00fcssen, ist, ihre Bestellung online aufzugeben, und durch Eingabe des Geschenkgutscheincodes bei der Bestellung wird der Wert des Geschenkgutscheins automatisch vom Einkaufsbetrag abgezogen.   &nbsp; Wenn Sie m\u00f6chten, dass wir den Geschenkgutschein an den Empf\u00e4nger per E-Mail an den von Ihnen gew\u00e4hlten Tag senden, f\u00fcllen Sie einfach die Felder E-Mail und Versanddatum unten aus. Andernfalls erhalten Sie eine Kopie des Schecks, die Sie per E-Mail abgeben m\u00fcssen, sobald Ihre Bestellung best\u00e4tigt wurde.","og_url":"https:\/\/laguiole.com\/de\/produit\/geschenkgutschein-laguiole-com\/","og_site_name":"Laguiole.com \u00ae","article_publisher":"https:\/\/www.facebook.com\/laguiolecom\/","og_image":[{"width":550,"height":390,"url":"https:\/\/laguiole.com\/wp-content\/uploads\/2023\/06\/cheque-cadeau.jpg","type":"image\/jpeg"}],"twitter_card":"summary_large_image","schema":{"@context":"https:\/\/schema.org","@graph":[{"@type":"WebPage","@id":"https:\/\/laguiole.com\/de\/produit\/geschenkgutschein-laguiole-com\/","url":"https:\/\/laguiole.com\/de\/produit\/geschenkgutschein-laguiole-com\/","name":"Geschenkgutschein Laguiole.com - Laguiole.com \u00ae","isPartOf":{"@id":"https:\/\/laguiole.com\/de\/#website"},"primaryImageOfPage":{"@id":"https:\/\/laguiole.com\/de\/produit\/geschenkgutschein-laguiole-com\/#primaryimage"},"image":{"@id":"https:\/\/laguiole.com\/de\/produit\/geschenkgutschein-laguiole-com\/#primaryimage"},"thumbnailUrl":"https:\/\/laguiole.com\/wp-content\/uploads\/2023\/06\/cheque-cadeau.jpg","datePublished":"2023-06-12T13:13:51+00:00","breadcrumb":{"@id":"https:\/\/laguiole.com\/de\/produit\/geschenkgutschein-laguiole-com\/#breadcrumb"},"inLanguage":"de","potentialAction":[{"@type":"ReadAction","target":["https:\/\/laguiole.com\/de\/produit\/geschenkgutschein-laguiole-com\/"]}]},{"@type":"ImageObject","inLanguage":"de","@id":"https:\/\/laguiole.com\/de\/produit\/geschenkgutschein-laguiole-com\/#primaryimage","url":"https:\/\/laguiole.com\/wp-content\/uploads\/2023\/06\/cheque-cadeau.jpg","contentUrl":"https:\/\/laguiole.com\/wp-content\/uploads\/2023\/06\/cheque-cadeau.jpg","width":550,"height":390},{"@type":"BreadcrumbList","@id":"https:\/\/laguiole.com\/de\/produit\/geschenkgutschein-laguiole-com\/#breadcrumb","itemListElement":[{"@type":"ListItem","position":1,"name":"Accueil","item":"https:\/\/laguiole.com\/de\/"},{"@type":"ListItem","position":2,"name":"Shop","item":"https:\/\/laguiole.com\/de\/shop-2\/"},{"@type":"ListItem","position":3,"name":"Geschenkgutschein Laguiole.com"}]},{"@type":"WebSite","@id":"https:\/\/laguiole.com\/de\/#website","url":"https:\/\/laguiole.com\/de\/","name":"Laguiole.com","description":"Laguiole - Couteau laguiole, Chateau Laguiole, Laguiole en Aubrac, Forge de Laguiole","publisher":{"@id":"https:\/\/laguiole.com\/de\/#organization"},"potentialAction":[{"@type":"SearchAction","target":{"@type":"EntryPoint","urlTemplate":"https:\/\/laguiole.com\/de\/?s={search_term_string}"},"query-input":{"@type":"PropertyValueSpecification","valueRequired":true,"valueName":"search_term_string"}}],"inLanguage":"de"},{"@type":"Organization","@id":"https:\/\/laguiole.com\/de\/#organization","name":"Laguiole.com","url":"https:\/\/laguiole.com\/de\/","logo":{"@type":"ImageObject","inLanguage":"de","@id":"https:\/\/laguiole.com\/de\/#\/schema\/logo\/image\/","url":"https:\/\/laguiole.com\/wp-content\/uploads\/2021\/02\/logo_laguiole.com-horizontal.jpg","contentUrl":"https:\/\/laguiole.com\/wp-content\/uploads\/2021\/02\/logo_laguiole.com-horizontal.jpg","width":490,"height":156,"caption":"Laguiole.com"},"image":{"@id":"https:\/\/laguiole.com\/de\/#\/schema\/logo\/image\/"},"sameAs":["https:\/\/www.facebook.com\/laguiolecom\/","https:\/\/www.instagram.com\/laguiolecom\/","https:\/\/www.youtube.com\/@laguiolecom\/videos"]}]}},"_links":{"self":[{"href":"https:\/\/laguiole.com\/de\/wp-json\/wp\/v2\/product\/40951","targetHints":{"allow":["GET"]}}],"collection":[{"href":"https:\/\/laguiole.com\/de\/wp-json\/wp\/v2\/product"}],"about":[{"href":"https:\/\/laguiole.com\/de\/wp-json\/wp\/v2\/types\/product"}],"version-history":[{"count":0,"href":"https:\/\/laguiole.com\/de\/wp-json\/wp\/v2\/product\/40951\/revisions"}],"wp:featuredmedia":[{"embeddable":true,"href":"https:\/\/laguiole.com\/de\/wp-json\/wp\/v2\/media\/40953"}],"wp:attachment":[{"href":"https:\/\/laguiole.com\/de\/wp-json\/wp\/v2\/media?parent=40951"}],"wp:term":[{"taxonomy":"product_brand","embeddable":true,"href":"https:\/\/laguiole.com\/de\/wp-json\/wp\/v2\/product_brand?post=40951"},{"taxonomy":"product_cat","embeddable":true,"href":"https:\/\/laguiole.com\/de\/wp-json\/wp\/v2\/product_cat?post=40951"},{"taxonomy":"product_tag","embeddable":true,"href":"https:\/\/laguiole.com\/de\/wp-json\/wp\/v2\/product_tag?post=40951"}],"curies":[{"name":"wp","href":"https:\/\/api.w.org\/{rel}","templated":true}]}}