{"id":40689,"date":"2023-06-19T22:34:32","date_gmt":"2023-06-19T20:34:32","guid":{"rendered":"https:\/\/laguiole.com\/produit\/laguiole-tafelmesser-in-aubrac-gezahnte-steakgriffe-aus-aubrac-holz-6er-set\/"},"modified":"2023-06-19T22:34:32","modified_gmt":"2023-06-19T20:34:32","slug":"laguiole-tafelmesser-in-aubrac-gezahnte-steakgriffe-aus-aubrac-holz-6er-set","status":"publish","type":"product","link":"https:\/\/laguiole.com\/de\/produit\/laguiole-tafelmesser-in-aubrac-gezahnte-steakgriffe-aus-aubrac-holz-6er-set\/","title":{"rendered":"Laguiole Tafelmesser in Aubrac Gezahnte Steakgriffe aus Aubrac Holz (6er-Set)"},"content":{"rendered":"<h3 class=\"\" data-start=\"258\" data-end=\"355\">Set mit 6 Laguiole Tafelmessern in Aubrac \u2013 Aubrac Holz &amp; polierter Edelstahl gezackte Klinge<\/h3>\n<p class=\"\" data-start=\"357\" data-end=\"691\">Verleihen Sie Ihrem Tisch eine au\u00dfergew\u00f6hnliche Note mit diesem <strong data-start=\"411\" data-end=\"464\">Set von 6 Laguiole Tafelmessern in Aubrac<\/strong>, bei dem hervorragende Handwerkskunst und edle lokale Materialien kombiniert werden. Handgefertigt in den <strong data-start=\"571\" data-end=\"593\">Laguiole-Werkst\u00e4tten in Aubrac<\/strong>, im Herzen des Aveyron, verk\u00f6rpern diese Messer die Quintessenz des franz\u00f6sischen Besteck-Know-hows. <\/p>\n<p class=\"\" data-start=\"693\" data-end=\"1086\">Jedes <strong data-start=\"700\" data-end=\"729\">Laguiole Tafelmesser<\/strong> in dieser Box hat einen Griff aus <strong data-start=\"776\" data-end=\"793\">Aubrac-Holz<\/strong>, einem nat\u00fcrlich ge\u00e4derten lokalen Holz, das f\u00fcr seine rohe und authentische Sch\u00f6nheit bekannt ist. Das sehr dekorative <strong data-start=\"893\" data-end=\"910\">Aubrac-Holz<\/strong> stammt aus den W\u00e4ldern, die sich auf dem gleichnamigen Plateau befinden. Es besticht durch seine markanten Kontraste, sichtbaren Adern und seine Robustheit, die jedes Messer zu einem Unikat machen.  <\/p>\n<p class=\"\" data-start=\"1088\" data-end=\"1339\">Die Klingen aus <strong data-start=\"1102\" data-end=\"1142\">gl\u00e4nzendem, mikrogezacktem Edelstahl<\/strong> sorgen f\u00fcr einen effizienten und dauerhaften Schnitt, ideal f\u00fcr Fleisch wie Steaks, ohne dass ein Sch\u00e4rfen erforderlich ist. Diese <strong data-start=\"1265\" data-end=\"1286\">Laguiole Messer<\/strong> vereinen Leistung, Eleganz und t\u00e4glichen Gebrauch. <\/p>\n<hr class=\"\" data-start=\"1341\" data-end=\"1344\">\n<h3 class=\"\" data-start=\"1346\" data-end=\"1414\">Eigenschaften der Laguiole Tafelmesser aus Aubrac-Holz<\/h3>\n<ul data-start=\"1416\" data-end=\"1765\">\n<li class=\"\" data-start=\"1416\" data-end=\"1489\">\n<p class=\"\" data-start=\"1418\" data-end=\"1489\"><strong data-start=\"1418\" data-end=\"1454\">Hergestellt in Frankreich<\/strong> (Aveyron) von Laguiole in Aubrac<\/p>\n<\/li>\n<li class=\"\" data-start=\"1490\" data-end=\"1551\">\n<p class=\"\" data-start=\"1492\" data-end=\"1551\"><strong data-start=\"1502\" data-end=\"1526\">Griff aus massivem Aubrac-Holz<\/strong>, ge\u00e4dert, poliert<\/p>\n<\/li>\n<li class=\"\" data-start=\"1552\" data-end=\"1625\">\n<p class=\"\" data-start=\"1554\" data-end=\"1625\">Mikrogezahnte Klinge aus gl\u00e4nzendem Edelstahl, langlebige Schneide<\/p>\n<\/li>\n<li class=\"\" data-start=\"1626\" data-end=\"1697\">\n<p class=\"\" data-start=\"1628\" data-end=\"1697\">Geschmiedete Biene, Emblem f\u00fcr die Echtheit der <strong data-start=\"1674\" data-end=\"1695\">Laguiole-Messer<\/strong><\/p>\n<\/li>\n<li class=\"\" data-start=\"1698\" data-end=\"1765\">\n<p class=\"\" data-start=\"1700\" data-end=\"1765\">Jedes St\u00fcck ist ein Unikat dank der nat\u00fcrlichen Variationen des Holzes<\/p>\n<\/li>\n<\/ul>\n<hr class=\"\" data-start=\"1767\" data-end=\"1770\">\n<h3 class=\"\" data-start=\"1772\" data-end=\"1803\">\u00dcber den Bois d&#8217;Aubrac:<\/h3>\n<p class=\"\" data-start=\"1805\" data-end=\"2195\"><strong data-start=\"1808\" data-end=\"1825\">Das Aubrac-Holz<\/strong> wird aus den W\u00e4ldern der Aubrac-Hochebene in der N\u00e4he der Produktionsst\u00e4tten gewonnen. Dieses edle und langlebige Holz aus der Region wurde aufgrund seiner ausdrucksstarken Maserungen, kontrastierenden Farben und seiner F\u00e4higkeit, den Test der Zeit mit Eleganz zu bestehen, ausgew\u00e4hlt. Seine Verwendung spiegelt <strong data-start=\"2105\" data-end=\"2127\">das Engagement von Laguiole f\u00fcr<\/strong> eine verantwortungsvolle Produktion wider, die in seinem Territorium verwurzelt ist.  <\/p>\n<hr class=\"\" data-start=\"2197\" data-end=\"2200\">\n<h3 class=\"\" data-start=\"2202\" data-end=\"2228\">Pflegehinweise:<\/h3>\n<p class=\"\" data-start=\"2230\" data-end=\"2349\">Um die Sch\u00f6nheit und Haltbarkeit Ihrer <strong data-start=\"2279\" data-end=\"2319\">Laguiole Tafelmesser in Aubrac<\/strong> zu erhalten, befolgen Sie diese Empfehlungen:<\/p>\n<ul data-start=\"2350\" data-end=\"2752\">\n<li class=\"\" data-start=\"2350\" data-end=\"2444\">\n<p class=\"\" data-start=\"2352\" data-end=\"2444\">Nicht in die Sp\u00fclmaschine geben (Gefahr von Holzverformung und Abstumpfung der Klinge)<\/p>\n<\/li>\n<li class=\"\" data-start=\"2445\" data-end=\"2532\">\n<p class=\"\" data-start=\"2447\" data-end=\"2532\">Handw\u00e4sche mit einem weichen Schwamm und etwas Seife, dann sofort trocknen<\/p>\n<\/li>\n<li class=\"\" data-start=\"2533\" data-end=\"2645\">\n<p class=\"\" data-start=\"2535\" data-end=\"2645\">Pflegen Sie das Holz von Zeit zu Zeit mit einem nat\u00fcrlichen Pflanzen\u00f6l (Flachs, Kamelie usw.), um seinen Glanz zu erhalten<\/p>\n<\/li>\n<li class=\"\" data-start=\"2646\" data-end=\"2752\">\n<p class=\"\" data-start=\"2648\" data-end=\"2752\"><strong data-start=\"2659\" data-end=\"2680\">Bewahren Sie Laguiole Messer<\/strong> in ihrem Originaletui oder einem Messerblock auf, um St\u00f6\u00dfe zu vermeiden<\/p>\n<\/li>\n<\/ul>\n<hr class=\"\" data-start=\"2754\" data-end=\"2757\">\n<p class=\"\" data-start=\"2759\" data-end=\"3006\">Als Erben einer jahrhundertealten Tradition vereinen diese <strong data-start=\"2800\" data-end=\"2840\">Laguiole Tafelmesser in Aubrac<\/strong> Luxus, Funktionalit\u00e4t und Authentizit\u00e4t. Sie verk\u00f6rpern <strong data-start=\"2913\" data-end=\"2925\">den Laguiole-Spirit<\/strong> in seiner edelsten Form: hohe Anspr\u00fcche, lokale Wurzeln und zeitlose Eleganz. <\/p>\n","protected":false},"excerpt":{"rendered":"<p>Set mit 6 Laguiole Dent\u00e9s Steak<br \/>\nTafelmesser Griffe: Bois d&#8217;Aubrac<br \/>\nGesamtgr\u00f6\u00dfe: 23 cm<br \/>\nKlingenst\u00e4rke: 11 cm<br \/>\nGriffst\u00e4rke: 12 cm<\/p>\n","protected":false},"featured_media":40695,"template":"","meta":{"_acf_changed":false,"_monsterinsights_skip_tracking":false,"_monsterinsights_sitenote_active":false,"_monsterinsights_sitenote_note":"","_monsterinsights_sitenote_category":0},"product_brand":[],"product_cat":[5955,5956],"product_tag":[],"class_list":{"0":"post-40689","1":"product","2":"type-product","3":"status-publish","4":"has-post-thumbnail","6":"product_cat-laguiole-tafelbesteck","7":"product_cat-messer-tafelgeschirr","8":"pa_conditionnement-6-teiliges-set","9":"pa_finition-brillant","10":"pa_lame-zahnsteak","11":"pa_lame-glaenzender-edelstahl","12":"pa_manche-en-bois-aubrac-holz","13":"pa_marque-laguiole-en-aubracfr","14":"pa_mitres-2-gehrungen","15":"pa_mitres-glaenzender-edelstahl","16":"tm-has-options","19":"instock","20":"taxable","21":"shipping-taxable","22":"purchasable","23":"product-type-simple"},"supplier_id":null,"supplier_sku":"","barcode":null,"atum_controlled":true,"out_stock_date":null,"out_stock_threshold":null,"inheritable":false,"inbound_stock":0,"stock_on_hold":0,"sold_today":0,"sales_last_days":0,"reserved_stock":0,"customer_returns":0,"warehouse_damage":0,"lost_in_post":0,"other_logs":0,"out_stock_days":0,"lost_sales":0,"has_location":false,"update_date":"2026-05-11T00:57:35","atum_locations":[],"atum_stock_status":"instock","restock_status":false,"low_stock_amount":"","sales_update_date":"2026-05-11T00:57:35","calc_backorders":0,"acf":[],"yoast_head":"<!-- This site is optimized with the Yoast SEO plugin v27.3 - https:\/\/yoast.com\/product\/yoast-seo-wordpress\/ -->\n<title>Laguiole Tafelmesser in Aubrac Gezahnte Steakgriffe aus Aubrac Holz (6er-Set) - Laguiole.com \u00ae<\/title>\n<meta name=\"description\" content=\"Diese Schachtel mit 6 Tafelmessern aus Aubrac Laguiole Holz vereint hervorragende Handwerkskunst und edle lokale Materialien.\" \/>\n<meta name=\"robots\" content=\"index, follow, max-snippet:-1, max-image-preview:large, max-video-preview:-1\" \/>\n<link rel=\"canonical\" href=\"https:\/\/laguiole.com\/de\/produit\/laguiole-tafelmesser-in-aubrac-gezahnte-steakgriffe-aus-aubrac-holz-6er-set\/\" \/>\n<meta property=\"og:locale\" content=\"de_DE\" \/>\n<meta property=\"og:type\" content=\"article\" \/>\n<meta property=\"og:title\" content=\"Laguiole Tafelmesser in Aubrac Gezahnte Steakgriffe aus Aubrac Holz (6er-Set) - Laguiole.com \u00ae\" \/>\n<meta property=\"og:description\" content=\"Diese Schachtel mit 6 Tafelmessern aus Aubrac Laguiole Holz vereint hervorragende Handwerkskunst und edle lokale Materialien.\" \/>\n<meta property=\"og:url\" content=\"https:\/\/laguiole.com\/de\/produit\/laguiole-tafelmesser-in-aubrac-gezahnte-steakgriffe-aus-aubrac-holz-6er-set\/\" \/>\n<meta property=\"og:site_name\" content=\"Laguiole.com \u00ae\" \/>\n<meta property=\"article:publisher\" content=\"https:\/\/www.facebook.com\/laguiolecom\/\" \/>\n<meta property=\"og:image\" content=\"https:\/\/laguiole.com\/wp-content\/uploads\/2023\/06\/Couteaux_Table_LEA_Dentes_Steak_Bois_d_Aubrac_01.jpg\" \/>\n\t<meta property=\"og:image:width\" content=\"1033\" \/>\n\t<meta property=\"og:image:height\" content=\"1033\" \/>\n\t<meta property=\"og:image:type\" content=\"image\/jpeg\" \/>\n<meta name=\"twitter:card\" content=\"summary_large_image\" \/>\n<meta name=\"twitter:label1\" content=\"Gesch\u00e4tzte Lesezeit\" \/>\n\t<meta name=\"twitter:data1\" content=\"2\u00a0Minute\" \/>\n<script type=\"application\/ld+json\" class=\"yoast-schema-graph\">{\"@context\":\"https:\\\/\\\/schema.org\",\"@graph\":[{\"@type\":\"WebPage\",\"@id\":\"https:\\\/\\\/laguiole.com\\\/de\\\/produit\\\/laguiole-tafelmesser-in-aubrac-gezahnte-steakgriffe-aus-aubrac-holz-6er-set\\\/\",\"url\":\"https:\\\/\\\/laguiole.com\\\/de\\\/produit\\\/laguiole-tafelmesser-in-aubrac-gezahnte-steakgriffe-aus-aubrac-holz-6er-set\\\/\",\"name\":\"Laguiole Tafelmesser in Aubrac Gezahnte Steakgriffe aus Aubrac Holz (6er-Set) - Laguiole.com \u00ae\",\"isPartOf\":{\"@id\":\"https:\\\/\\\/laguiole.com\\\/de\\\/#website\"},\"primaryImageOfPage\":{\"@id\":\"https:\\\/\\\/laguiole.com\\\/de\\\/produit\\\/laguiole-tafelmesser-in-aubrac-gezahnte-steakgriffe-aus-aubrac-holz-6er-set\\\/#primaryimage\"},\"image\":{\"@id\":\"https:\\\/\\\/laguiole.com\\\/de\\\/produit\\\/laguiole-tafelmesser-in-aubrac-gezahnte-steakgriffe-aus-aubrac-holz-6er-set\\\/#primaryimage\"},\"thumbnailUrl\":\"https:\\\/\\\/laguiole.com\\\/wp-content\\\/uploads\\\/2023\\\/06\\\/Couteaux_Table_LEA_Dentes_Steak_Bois_d_Aubrac_01.jpg\",\"datePublished\":\"2023-06-19T20:34:32+00:00\",\"description\":\"Diese Schachtel mit 6 Tafelmessern aus Aubrac Laguiole Holz vereint hervorragende Handwerkskunst und edle lokale Materialien.\",\"breadcrumb\":{\"@id\":\"https:\\\/\\\/laguiole.com\\\/de\\\/produit\\\/laguiole-tafelmesser-in-aubrac-gezahnte-steakgriffe-aus-aubrac-holz-6er-set\\\/#breadcrumb\"},\"inLanguage\":\"de\",\"potentialAction\":[{\"@type\":\"ReadAction\",\"target\":[\"https:\\\/\\\/laguiole.com\\\/de\\\/produit\\\/laguiole-tafelmesser-in-aubrac-gezahnte-steakgriffe-aus-aubrac-holz-6er-set\\\/\"]}]},{\"@type\":\"ImageObject\",\"inLanguage\":\"de\",\"@id\":\"https:\\\/\\\/laguiole.com\\\/de\\\/produit\\\/laguiole-tafelmesser-in-aubrac-gezahnte-steakgriffe-aus-aubrac-holz-6er-set\\\/#primaryimage\",\"url\":\"https:\\\/\\\/laguiole.com\\\/wp-content\\\/uploads\\\/2023\\\/06\\\/Couteaux_Table_LEA_Dentes_Steak_Bois_d_Aubrac_01.jpg\",\"contentUrl\":\"https:\\\/\\\/laguiole.com\\\/wp-content\\\/uploads\\\/2023\\\/06\\\/Couteaux_Table_LEA_Dentes_Steak_Bois_d_Aubrac_01.jpg\",\"width\":1033,\"height\":1033,\"caption\":\"Laguiole Tafelmesser in Aubrac Zahnsteak Bois d'Aubrac (6er-Set)\"},{\"@type\":\"BreadcrumbList\",\"@id\":\"https:\\\/\\\/laguiole.com\\\/de\\\/produit\\\/laguiole-tafelmesser-in-aubrac-gezahnte-steakgriffe-aus-aubrac-holz-6er-set\\\/#breadcrumb\",\"itemListElement\":[{\"@type\":\"ListItem\",\"position\":1,\"name\":\"Accueil\",\"item\":\"https:\\\/\\\/laguiole.com\\\/de\\\/\"},{\"@type\":\"ListItem\",\"position\":2,\"name\":\"Shop\",\"item\":\"https:\\\/\\\/laguiole.com\\\/de\\\/shop-2\\\/\"},{\"@type\":\"ListItem\",\"position\":3,\"name\":\"Laguiole Tafelmesser in Aubrac Gezahnte Steakgriffe aus Aubrac Holz (6er-Set)\"}]},{\"@type\":\"WebSite\",\"@id\":\"https:\\\/\\\/laguiole.com\\\/de\\\/#website\",\"url\":\"https:\\\/\\\/laguiole.com\\\/de\\\/\",\"name\":\"Laguiole.com\",\"description\":\"Laguiole - Couteau laguiole, Chateau Laguiole, Laguiole en Aubrac, Forge de Laguiole\",\"publisher\":{\"@id\":\"https:\\\/\\\/laguiole.com\\\/de\\\/#organization\"},\"potentialAction\":[{\"@type\":\"SearchAction\",\"target\":{\"@type\":\"EntryPoint\",\"urlTemplate\":\"https:\\\/\\\/laguiole.com\\\/de\\\/?s={search_term_string}\"},\"query-input\":{\"@type\":\"PropertyValueSpecification\",\"valueRequired\":true,\"valueName\":\"search_term_string\"}}],\"inLanguage\":\"de\"},{\"@type\":\"Organization\",\"@id\":\"https:\\\/\\\/laguiole.com\\\/de\\\/#organization\",\"name\":\"Laguiole.com\",\"url\":\"https:\\\/\\\/laguiole.com\\\/de\\\/\",\"logo\":{\"@type\":\"ImageObject\",\"inLanguage\":\"de\",\"@id\":\"https:\\\/\\\/laguiole.com\\\/de\\\/#\\\/schema\\\/logo\\\/image\\\/\",\"url\":\"https:\\\/\\\/laguiole.com\\\/wp-content\\\/uploads\\\/2021\\\/02\\\/logo_laguiole.com-horizontal.jpg\",\"contentUrl\":\"https:\\\/\\\/laguiole.com\\\/wp-content\\\/uploads\\\/2021\\\/02\\\/logo_laguiole.com-horizontal.jpg\",\"width\":490,\"height\":156,\"caption\":\"Laguiole.com\"},\"image\":{\"@id\":\"https:\\\/\\\/laguiole.com\\\/de\\\/#\\\/schema\\\/logo\\\/image\\\/\"},\"sameAs\":[\"https:\\\/\\\/www.facebook.com\\\/laguiolecom\\\/\",\"https:\\\/\\\/www.instagram.com\\\/laguiolecom\\\/\",\"https:\\\/\\\/www.youtube.com\\\/@laguiolecom\\\/videos\"]}]}<\/script>\n<!-- \/ Yoast SEO plugin. -->","yoast_head_json":{"title":"Laguiole Tafelmesser in Aubrac Gezahnte Steakgriffe aus Aubrac Holz (6er-Set) - Laguiole.com \u00ae","description":"Diese Schachtel mit 6 Tafelmessern aus Aubrac Laguiole Holz vereint hervorragende Handwerkskunst und edle lokale Materialien.","robots":{"index":"index","follow":"follow","max-snippet":"max-snippet:-1","max-image-preview":"max-image-preview:large","max-video-preview":"max-video-preview:-1"},"canonical":"https:\/\/laguiole.com\/de\/produit\/laguiole-tafelmesser-in-aubrac-gezahnte-steakgriffe-aus-aubrac-holz-6er-set\/","og_locale":"de_DE","og_type":"article","og_title":"Laguiole Tafelmesser in Aubrac Gezahnte Steakgriffe aus Aubrac Holz (6er-Set) - Laguiole.com \u00ae","og_description":"Diese Schachtel mit 6 Tafelmessern aus Aubrac Laguiole Holz vereint hervorragende Handwerkskunst und edle lokale Materialien.","og_url":"https:\/\/laguiole.com\/de\/produit\/laguiole-tafelmesser-in-aubrac-gezahnte-steakgriffe-aus-aubrac-holz-6er-set\/","og_site_name":"Laguiole.com \u00ae","article_publisher":"https:\/\/www.facebook.com\/laguiolecom\/","og_image":[{"width":1033,"height":1033,"url":"https:\/\/laguiole.com\/wp-content\/uploads\/2023\/06\/Couteaux_Table_LEA_Dentes_Steak_Bois_d_Aubrac_01.jpg","type":"image\/jpeg"}],"twitter_card":"summary_large_image","twitter_misc":{"Gesch\u00e4tzte Lesezeit":"2\u00a0Minute"},"schema":{"@context":"https:\/\/schema.org","@graph":[{"@type":"WebPage","@id":"https:\/\/laguiole.com\/de\/produit\/laguiole-tafelmesser-in-aubrac-gezahnte-steakgriffe-aus-aubrac-holz-6er-set\/","url":"https:\/\/laguiole.com\/de\/produit\/laguiole-tafelmesser-in-aubrac-gezahnte-steakgriffe-aus-aubrac-holz-6er-set\/","name":"Laguiole Tafelmesser in Aubrac Gezahnte Steakgriffe aus Aubrac Holz (6er-Set) - Laguiole.com \u00ae","isPartOf":{"@id":"https:\/\/laguiole.com\/de\/#website"},"primaryImageOfPage":{"@id":"https:\/\/laguiole.com\/de\/produit\/laguiole-tafelmesser-in-aubrac-gezahnte-steakgriffe-aus-aubrac-holz-6er-set\/#primaryimage"},"image":{"@id":"https:\/\/laguiole.com\/de\/produit\/laguiole-tafelmesser-in-aubrac-gezahnte-steakgriffe-aus-aubrac-holz-6er-set\/#primaryimage"},"thumbnailUrl":"https:\/\/laguiole.com\/wp-content\/uploads\/2023\/06\/Couteaux_Table_LEA_Dentes_Steak_Bois_d_Aubrac_01.jpg","datePublished":"2023-06-19T20:34:32+00:00","description":"Diese Schachtel mit 6 Tafelmessern aus Aubrac Laguiole Holz vereint hervorragende Handwerkskunst und edle lokale Materialien.","breadcrumb":{"@id":"https:\/\/laguiole.com\/de\/produit\/laguiole-tafelmesser-in-aubrac-gezahnte-steakgriffe-aus-aubrac-holz-6er-set\/#breadcrumb"},"inLanguage":"de","potentialAction":[{"@type":"ReadAction","target":["https:\/\/laguiole.com\/de\/produit\/laguiole-tafelmesser-in-aubrac-gezahnte-steakgriffe-aus-aubrac-holz-6er-set\/"]}]},{"@type":"ImageObject","inLanguage":"de","@id":"https:\/\/laguiole.com\/de\/produit\/laguiole-tafelmesser-in-aubrac-gezahnte-steakgriffe-aus-aubrac-holz-6er-set\/#primaryimage","url":"https:\/\/laguiole.com\/wp-content\/uploads\/2023\/06\/Couteaux_Table_LEA_Dentes_Steak_Bois_d_Aubrac_01.jpg","contentUrl":"https:\/\/laguiole.com\/wp-content\/uploads\/2023\/06\/Couteaux_Table_LEA_Dentes_Steak_Bois_d_Aubrac_01.jpg","width":1033,"height":1033,"caption":"Laguiole Tafelmesser in Aubrac Zahnsteak Bois d'Aubrac (6er-Set)"},{"@type":"BreadcrumbList","@id":"https:\/\/laguiole.com\/de\/produit\/laguiole-tafelmesser-in-aubrac-gezahnte-steakgriffe-aus-aubrac-holz-6er-set\/#breadcrumb","itemListElement":[{"@type":"ListItem","position":1,"name":"Accueil","item":"https:\/\/laguiole.com\/de\/"},{"@type":"ListItem","position":2,"name":"Shop","item":"https:\/\/laguiole.com\/de\/shop-2\/"},{"@type":"ListItem","position":3,"name":"Laguiole Tafelmesser in Aubrac Gezahnte Steakgriffe aus Aubrac Holz (6er-Set)"}]},{"@type":"WebSite","@id":"https:\/\/laguiole.com\/de\/#website","url":"https:\/\/laguiole.com\/de\/","name":"Laguiole.com","description":"Laguiole - Couteau laguiole, Chateau Laguiole, Laguiole en Aubrac, Forge de Laguiole","publisher":{"@id":"https:\/\/laguiole.com\/de\/#organization"},"potentialAction":[{"@type":"SearchAction","target":{"@type":"EntryPoint","urlTemplate":"https:\/\/laguiole.com\/de\/?s={search_term_string}"},"query-input":{"@type":"PropertyValueSpecification","valueRequired":true,"valueName":"search_term_string"}}],"inLanguage":"de"},{"@type":"Organization","@id":"https:\/\/laguiole.com\/de\/#organization","name":"Laguiole.com","url":"https:\/\/laguiole.com\/de\/","logo":{"@type":"ImageObject","inLanguage":"de","@id":"https:\/\/laguiole.com\/de\/#\/schema\/logo\/image\/","url":"https:\/\/laguiole.com\/wp-content\/uploads\/2021\/02\/logo_laguiole.com-horizontal.jpg","contentUrl":"https:\/\/laguiole.com\/wp-content\/uploads\/2021\/02\/logo_laguiole.com-horizontal.jpg","width":490,"height":156,"caption":"Laguiole.com"},"image":{"@id":"https:\/\/laguiole.com\/de\/#\/schema\/logo\/image\/"},"sameAs":["https:\/\/www.facebook.com\/laguiolecom\/","https:\/\/www.instagram.com\/laguiolecom\/","https:\/\/www.youtube.com\/@laguiolecom\/videos"]}]}},"_links":{"self":[{"href":"https:\/\/laguiole.com\/de\/wp-json\/wp\/v2\/product\/40689","targetHints":{"allow":["GET"]}}],"collection":[{"href":"https:\/\/laguiole.com\/de\/wp-json\/wp\/v2\/product"}],"about":[{"href":"https:\/\/laguiole.com\/de\/wp-json\/wp\/v2\/types\/product"}],"version-history":[{"count":0,"href":"https:\/\/laguiole.com\/de\/wp-json\/wp\/v2\/product\/40689\/revisions"}],"wp:featuredmedia":[{"embeddable":true,"href":"https:\/\/laguiole.com\/de\/wp-json\/wp\/v2\/media\/40695"}],"wp:attachment":[{"href":"https:\/\/laguiole.com\/de\/wp-json\/wp\/v2\/media?parent=40689"}],"wp:term":[{"taxonomy":"product_brand","embeddable":true,"href":"https:\/\/laguiole.com\/de\/wp-json\/wp\/v2\/product_brand?post=40689"},{"taxonomy":"product_cat","embeddable":true,"href":"https:\/\/laguiole.com\/de\/wp-json\/wp\/v2\/product_cat?post=40689"},{"taxonomy":"product_tag","embeddable":true,"href":"https:\/\/laguiole.com\/de\/wp-json\/wp\/v2\/product_tag?post=40689"}],"curies":[{"name":"wp","href":"https:\/\/api.w.org\/{rel}","templated":true}]}}