{"id":40606,"date":"2023-05-02T17:44:01","date_gmt":"2023-05-02T15:44:01","guid":{"rendered":"https:\/\/laguiole.com\/produit\/sommelier-laguiole-en-aubrac-en-amourette\/"},"modified":"2026-03-02T19:13:33","modified_gmt":"2026-03-02T18:13:33","slug":"sommelier-laguiole-en-aubrac-en-amourette","status":"publish","type":"product","link":"https:\/\/laguiole.com\/de\/produit\/sommelier-laguiole-en-aubrac-en-amourette\/","title":{"rendered":"Sommelier Laguiole en Aubrac en Amourette"},"content":{"rendered":"<p>Der Laguiole-Sommelier in Aubrac en Amourette wird vollst\u00e4ndig von einem einzigen Besteckschmied in der urspr\u00fcnglichen Wiege des Laguiole-Messers hergestellt.<br \/>\nDie Federn, die massiven Kropfe und die gl\u00e4nzenden Edelstahln\u00e4gel werden in der Laguiole-Schmiede in Aubrac hergestellt.<br \/>\nEs wurde speziell entwickelt, um alle technischen und \u00e4sthetischen Anforderungen zu erf\u00fcllen, die Sie erwarten, egal ob Sie ein Liebhaber von Qualit\u00e4tsst\u00fccken, den Freuden des Tisches oder ein professioneller Sommelier sind.<\/p>\n<p>Schlangenholz ist ein exotisches Holz aus S\u00fcdamerika. Seine Farbe variiert von hell- bis dunkelbraun, mit ge\u00e4derten oder gesprenkelten Mustern aus dunklen Flecken, daher der Name. Es ist ein prestigetr\u00e4chtiges Holz f\u00fcr Besteck, aufgrund seines einzigartigen Aussehens.<br \/>\nNeben ihrer \u00e4sthetischen Seite ist die Amourette kratz- und sto\u00dffest, sie ist ideal f\u00fcr den t\u00e4glichen Gebrauch.<br \/>\nSchlangenholz ist ein nat\u00fcrliches und nachwachsendes Material und spricht Menschen an, die sich f\u00fcr die Minimierung der \u00f6kologischen Auswirkungen einsetzen.  <\/p>\n<p>Amourette ist ein schwer zu bearbeitendes Holz, aber es bietet eine glatte, weiche und gl\u00e4nzende Oberfl\u00e4che, sobald es durch die H\u00e4nde unserer Messerschmiede gef\u00fchrt wird.<br \/>\nDie gl\u00e4nzenden, massiven Edelstahlbacken, die zur Brillanz des Griffs hinzugef\u00fcgt werden, machen Ihren Laguiole Sommelier in Aubrac zu einem leuchtenden und edlen Objekt!<\/p>\n<p>Der Sommelier wird in einer sch\u00f6nen Eichenkiste pr\u00e4sentiert und mit seinem Echtheitszertifikat verschickt.<\/p>\n<p>Bitte beachten Sie, dass wir Materialien nat\u00fcrlichen Ursprungs verwenden und wir weisen Sie darauf hin, dass das Aussehen unserer Produkte bei gleicher Unterst\u00fctzung variieren kann.<br \/>\nDas ist es, was jedes fertige Produkt anders macht.<br \/>\nUnsere Fotos sind daher nicht vertraglich bindend.<\/p>\n","protected":false},"excerpt":{"rendered":"<p>Laguiole Sommelier in Aubrac<br \/>\nGriff: Amourette<br \/>\nGl\u00e4nzendes<br \/>\nEdelstahl-Finish L\u00e4nge: 12 cm<br \/>\nGewicht: 118 grs<\/p>\n<p><center><br \/>\n<iframe style=\"max-width: 100%; max-height: 100%;\" src=\"https:\/\/spinzam.com\/shot\/embed\/?idx=238951\" width=\"480\" height=\"480\" frameborder=\"0\" scrolling=\"no\"><\/iframe><\/center><\/p>\n","protected":false},"featured_media":40609,"template":"","meta":{"_acf_changed":false,"_monsterinsights_skip_tracking":false,"_monsterinsights_sitenote_active":false,"_monsterinsights_sitenote_note":"","_monsterinsights_sitenote_category":0},"product_brand":[],"product_cat":[5962,5963],"product_tag":[6171],"class_list":{"0":"post-40606","1":"product","2":"type-product","3":"status-publish","4":"has-post-thumbnail","6":"product_cat-kellnermesser","7":"product_cat-federgravur","8":"product_tag-gravurfeder","9":"pa_finition-brillant","10":"pa_manche-en-bois-amourette","11":"pa_marque-laguiole-en-aubracfr","12":"pa_mitres-2-gehrungen","13":"pa_mitres-glaenzender-edelstahl","14":"pa_mouche-geschmiedet","15":"pa_ressort-glatt","16":"pa_ressort-zum-personalisieren-lasergravur","17":"tm-has-options","20":"instock","21":"taxable","22":"shipping-taxable","23":"purchasable","24":"product-type-simple"},"supplier_id":null,"supplier_sku":"","barcode":null,"atum_controlled":true,"out_stock_date":null,"out_stock_threshold":null,"inheritable":false,"inbound_stock":0,"stock_on_hold":0,"sold_today":0,"sales_last_days":0,"reserved_stock":0,"customer_returns":0,"warehouse_damage":0,"lost_in_post":0,"other_logs":0,"out_stock_days":0,"lost_sales":0,"has_location":false,"update_date":"2026-05-02T00:46:03","atum_locations":[],"atum_stock_status":"instock","restock_status":false,"low_stock_amount":"","sales_update_date":"2026-05-02T00:46:03","calc_backorders":0,"acf":[],"yoast_head":"<!-- This site is optimized with the Yoast SEO plugin v27.3 - https:\/\/yoast.com\/product\/yoast-seo-wordpress\/ -->\n<title>Sommelier Laguiole en Aubrac en Amourette - Laguiole.com \u00ae<\/title>\n<meta name=\"robots\" content=\"index, follow, max-snippet:-1, max-image-preview:large, max-video-preview:-1\" \/>\n<link rel=\"canonical\" href=\"https:\/\/laguiole.com\/de\/produit\/sommelier-laguiole-en-aubrac-en-amourette\/\" \/>\n<meta property=\"og:locale\" content=\"de_DE\" \/>\n<meta property=\"og:type\" content=\"article\" \/>\n<meta property=\"og:title\" content=\"Sommelier Laguiole en Aubrac en Amourette - Laguiole.com \u00ae\" \/>\n<meta property=\"og:description\" content=\"Laguiole Sommelier in Aubrac Griff: Amourette Gl\u00e4nzendes Edelstahl-Finish L\u00e4nge: 12 cm Gewicht: 118 grs\" \/>\n<meta property=\"og:url\" content=\"https:\/\/laguiole.com\/de\/produit\/sommelier-laguiole-en-aubrac-en-amourette\/\" \/>\n<meta property=\"og:site_name\" content=\"Laguiole.com \u00ae\" \/>\n<meta property=\"article:publisher\" content=\"https:\/\/www.facebook.com\/laguiolecom\/\" \/>\n<meta property=\"article:modified_time\" content=\"2026-03-02T18:13:33+00:00\" \/>\n<meta property=\"og:image\" content=\"https:\/\/laguiole.com\/wp-content\/uploads\/2023\/04\/sommelier_laguiole_en_aubrac_amourette_00-1.jpg\" \/>\n\t<meta property=\"og:image:width\" content=\"1033\" \/>\n\t<meta property=\"og:image:height\" content=\"1033\" \/>\n\t<meta property=\"og:image:type\" content=\"image\/jpeg\" \/>\n<meta name=\"twitter:card\" content=\"summary_large_image\" \/>\n<meta name=\"twitter:label1\" content=\"Gesch\u00e4tzte Lesezeit\" \/>\n\t<meta name=\"twitter:data1\" content=\"1\u00a0Minute\" \/>\n<script type=\"application\/ld+json\" class=\"yoast-schema-graph\">{\"@context\":\"https:\\\/\\\/schema.org\",\"@graph\":[{\"@type\":\"WebPage\",\"@id\":\"https:\\\/\\\/laguiole.com\\\/de\\\/produit\\\/sommelier-laguiole-en-aubrac-en-amourette\\\/\",\"url\":\"https:\\\/\\\/laguiole.com\\\/de\\\/produit\\\/sommelier-laguiole-en-aubrac-en-amourette\\\/\",\"name\":\"Sommelier Laguiole en Aubrac en Amourette - Laguiole.com \u00ae\",\"isPartOf\":{\"@id\":\"https:\\\/\\\/laguiole.com\\\/de\\\/#website\"},\"primaryImageOfPage\":{\"@id\":\"https:\\\/\\\/laguiole.com\\\/de\\\/produit\\\/sommelier-laguiole-en-aubrac-en-amourette\\\/#primaryimage\"},\"image\":{\"@id\":\"https:\\\/\\\/laguiole.com\\\/de\\\/produit\\\/sommelier-laguiole-en-aubrac-en-amourette\\\/#primaryimage\"},\"thumbnailUrl\":\"https:\\\/\\\/laguiole.com\\\/wp-content\\\/uploads\\\/2023\\\/04\\\/sommelier_laguiole_en_aubrac_amourette_00-1.jpg\",\"datePublished\":\"2023-05-02T15:44:01+00:00\",\"dateModified\":\"2026-03-02T18:13:33+00:00\",\"breadcrumb\":{\"@id\":\"https:\\\/\\\/laguiole.com\\\/de\\\/produit\\\/sommelier-laguiole-en-aubrac-en-amourette\\\/#breadcrumb\"},\"inLanguage\":\"de\",\"potentialAction\":[{\"@type\":\"ReadAction\",\"target\":[\"https:\\\/\\\/laguiole.com\\\/de\\\/produit\\\/sommelier-laguiole-en-aubrac-en-amourette\\\/\"]}]},{\"@type\":\"ImageObject\",\"inLanguage\":\"de\",\"@id\":\"https:\\\/\\\/laguiole.com\\\/de\\\/produit\\\/sommelier-laguiole-en-aubrac-en-amourette\\\/#primaryimage\",\"url\":\"https:\\\/\\\/laguiole.com\\\/wp-content\\\/uploads\\\/2023\\\/04\\\/sommelier_laguiole_en_aubrac_amourette_00-1.jpg\",\"contentUrl\":\"https:\\\/\\\/laguiole.com\\\/wp-content\\\/uploads\\\/2023\\\/04\\\/sommelier_laguiole_en_aubrac_amourette_00-1.jpg\",\"width\":1033,\"height\":1033},{\"@type\":\"BreadcrumbList\",\"@id\":\"https:\\\/\\\/laguiole.com\\\/de\\\/produit\\\/sommelier-laguiole-en-aubrac-en-amourette\\\/#breadcrumb\",\"itemListElement\":[{\"@type\":\"ListItem\",\"position\":1,\"name\":\"Accueil\",\"item\":\"https:\\\/\\\/laguiole.com\\\/de\\\/\"},{\"@type\":\"ListItem\",\"position\":2,\"name\":\"Shop\",\"item\":\"https:\\\/\\\/laguiole.com\\\/de\\\/shop-2\\\/\"},{\"@type\":\"ListItem\",\"position\":3,\"name\":\"Sommelier Laguiole en Aubrac en Amourette\"}]},{\"@type\":\"WebSite\",\"@id\":\"https:\\\/\\\/laguiole.com\\\/de\\\/#website\",\"url\":\"https:\\\/\\\/laguiole.com\\\/de\\\/\",\"name\":\"Laguiole.com\",\"description\":\"Laguiole - Couteau laguiole, Chateau Laguiole, Laguiole en Aubrac, Forge de Laguiole\",\"publisher\":{\"@id\":\"https:\\\/\\\/laguiole.com\\\/de\\\/#organization\"},\"potentialAction\":[{\"@type\":\"SearchAction\",\"target\":{\"@type\":\"EntryPoint\",\"urlTemplate\":\"https:\\\/\\\/laguiole.com\\\/de\\\/?s={search_term_string}\"},\"query-input\":{\"@type\":\"PropertyValueSpecification\",\"valueRequired\":true,\"valueName\":\"search_term_string\"}}],\"inLanguage\":\"de\"},{\"@type\":\"Organization\",\"@id\":\"https:\\\/\\\/laguiole.com\\\/de\\\/#organization\",\"name\":\"Laguiole.com\",\"url\":\"https:\\\/\\\/laguiole.com\\\/de\\\/\",\"logo\":{\"@type\":\"ImageObject\",\"inLanguage\":\"de\",\"@id\":\"https:\\\/\\\/laguiole.com\\\/de\\\/#\\\/schema\\\/logo\\\/image\\\/\",\"url\":\"https:\\\/\\\/laguiole.com\\\/wp-content\\\/uploads\\\/2021\\\/02\\\/logo_laguiole.com-horizontal.jpg\",\"contentUrl\":\"https:\\\/\\\/laguiole.com\\\/wp-content\\\/uploads\\\/2021\\\/02\\\/logo_laguiole.com-horizontal.jpg\",\"width\":490,\"height\":156,\"caption\":\"Laguiole.com\"},\"image\":{\"@id\":\"https:\\\/\\\/laguiole.com\\\/de\\\/#\\\/schema\\\/logo\\\/image\\\/\"},\"sameAs\":[\"https:\\\/\\\/www.facebook.com\\\/laguiolecom\\\/\",\"https:\\\/\\\/www.instagram.com\\\/laguiolecom\\\/\",\"https:\\\/\\\/www.youtube.com\\\/@laguiolecom\\\/videos\"]}]}<\/script>\n<!-- \/ Yoast SEO plugin. -->","yoast_head_json":{"title":"Sommelier Laguiole en Aubrac en Amourette - Laguiole.com \u00ae","robots":{"index":"index","follow":"follow","max-snippet":"max-snippet:-1","max-image-preview":"max-image-preview:large","max-video-preview":"max-video-preview:-1"},"canonical":"https:\/\/laguiole.com\/de\/produit\/sommelier-laguiole-en-aubrac-en-amourette\/","og_locale":"de_DE","og_type":"article","og_title":"Sommelier Laguiole en Aubrac en Amourette - Laguiole.com \u00ae","og_description":"Laguiole Sommelier in Aubrac Griff: Amourette Gl\u00e4nzendes Edelstahl-Finish L\u00e4nge: 12 cm Gewicht: 118 grs","og_url":"https:\/\/laguiole.com\/de\/produit\/sommelier-laguiole-en-aubrac-en-amourette\/","og_site_name":"Laguiole.com \u00ae","article_publisher":"https:\/\/www.facebook.com\/laguiolecom\/","article_modified_time":"2026-03-02T18:13:33+00:00","og_image":[{"width":1033,"height":1033,"url":"https:\/\/laguiole.com\/wp-content\/uploads\/2023\/04\/sommelier_laguiole_en_aubrac_amourette_00-1.jpg","type":"image\/jpeg"}],"twitter_card":"summary_large_image","twitter_misc":{"Gesch\u00e4tzte Lesezeit":"1\u00a0Minute"},"schema":{"@context":"https:\/\/schema.org","@graph":[{"@type":"WebPage","@id":"https:\/\/laguiole.com\/de\/produit\/sommelier-laguiole-en-aubrac-en-amourette\/","url":"https:\/\/laguiole.com\/de\/produit\/sommelier-laguiole-en-aubrac-en-amourette\/","name":"Sommelier Laguiole en Aubrac en Amourette - Laguiole.com \u00ae","isPartOf":{"@id":"https:\/\/laguiole.com\/de\/#website"},"primaryImageOfPage":{"@id":"https:\/\/laguiole.com\/de\/produit\/sommelier-laguiole-en-aubrac-en-amourette\/#primaryimage"},"image":{"@id":"https:\/\/laguiole.com\/de\/produit\/sommelier-laguiole-en-aubrac-en-amourette\/#primaryimage"},"thumbnailUrl":"https:\/\/laguiole.com\/wp-content\/uploads\/2023\/04\/sommelier_laguiole_en_aubrac_amourette_00-1.jpg","datePublished":"2023-05-02T15:44:01+00:00","dateModified":"2026-03-02T18:13:33+00:00","breadcrumb":{"@id":"https:\/\/laguiole.com\/de\/produit\/sommelier-laguiole-en-aubrac-en-amourette\/#breadcrumb"},"inLanguage":"de","potentialAction":[{"@type":"ReadAction","target":["https:\/\/laguiole.com\/de\/produit\/sommelier-laguiole-en-aubrac-en-amourette\/"]}]},{"@type":"ImageObject","inLanguage":"de","@id":"https:\/\/laguiole.com\/de\/produit\/sommelier-laguiole-en-aubrac-en-amourette\/#primaryimage","url":"https:\/\/laguiole.com\/wp-content\/uploads\/2023\/04\/sommelier_laguiole_en_aubrac_amourette_00-1.jpg","contentUrl":"https:\/\/laguiole.com\/wp-content\/uploads\/2023\/04\/sommelier_laguiole_en_aubrac_amourette_00-1.jpg","width":1033,"height":1033},{"@type":"BreadcrumbList","@id":"https:\/\/laguiole.com\/de\/produit\/sommelier-laguiole-en-aubrac-en-amourette\/#breadcrumb","itemListElement":[{"@type":"ListItem","position":1,"name":"Accueil","item":"https:\/\/laguiole.com\/de\/"},{"@type":"ListItem","position":2,"name":"Shop","item":"https:\/\/laguiole.com\/de\/shop-2\/"},{"@type":"ListItem","position":3,"name":"Sommelier Laguiole en Aubrac en Amourette"}]},{"@type":"WebSite","@id":"https:\/\/laguiole.com\/de\/#website","url":"https:\/\/laguiole.com\/de\/","name":"Laguiole.com","description":"Laguiole - Couteau laguiole, Chateau Laguiole, Laguiole en Aubrac, Forge de Laguiole","publisher":{"@id":"https:\/\/laguiole.com\/de\/#organization"},"potentialAction":[{"@type":"SearchAction","target":{"@type":"EntryPoint","urlTemplate":"https:\/\/laguiole.com\/de\/?s={search_term_string}"},"query-input":{"@type":"PropertyValueSpecification","valueRequired":true,"valueName":"search_term_string"}}],"inLanguage":"de"},{"@type":"Organization","@id":"https:\/\/laguiole.com\/de\/#organization","name":"Laguiole.com","url":"https:\/\/laguiole.com\/de\/","logo":{"@type":"ImageObject","inLanguage":"de","@id":"https:\/\/laguiole.com\/de\/#\/schema\/logo\/image\/","url":"https:\/\/laguiole.com\/wp-content\/uploads\/2021\/02\/logo_laguiole.com-horizontal.jpg","contentUrl":"https:\/\/laguiole.com\/wp-content\/uploads\/2021\/02\/logo_laguiole.com-horizontal.jpg","width":490,"height":156,"caption":"Laguiole.com"},"image":{"@id":"https:\/\/laguiole.com\/de\/#\/schema\/logo\/image\/"},"sameAs":["https:\/\/www.facebook.com\/laguiolecom\/","https:\/\/www.instagram.com\/laguiolecom\/","https:\/\/www.youtube.com\/@laguiolecom\/videos"]}]}},"_links":{"self":[{"href":"https:\/\/laguiole.com\/de\/wp-json\/wp\/v2\/product\/40606","targetHints":{"allow":["GET"]}}],"collection":[{"href":"https:\/\/laguiole.com\/de\/wp-json\/wp\/v2\/product"}],"about":[{"href":"https:\/\/laguiole.com\/de\/wp-json\/wp\/v2\/types\/product"}],"version-history":[{"count":0,"href":"https:\/\/laguiole.com\/de\/wp-json\/wp\/v2\/product\/40606\/revisions"}],"wp:featuredmedia":[{"embeddable":true,"href":"https:\/\/laguiole.com\/de\/wp-json\/wp\/v2\/media\/40609"}],"wp:attachment":[{"href":"https:\/\/laguiole.com\/de\/wp-json\/wp\/v2\/media?parent=40606"}],"wp:term":[{"taxonomy":"product_brand","embeddable":true,"href":"https:\/\/laguiole.com\/de\/wp-json\/wp\/v2\/product_brand?post=40606"},{"taxonomy":"product_cat","embeddable":true,"href":"https:\/\/laguiole.com\/de\/wp-json\/wp\/v2\/product_cat?post=40606"},{"taxonomy":"product_tag","embeddable":true,"href":"https:\/\/laguiole.com\/de\/wp-json\/wp\/v2\/product_tag?post=40606"}],"curies":[{"name":"wp","href":"https:\/\/api.w.org\/{rel}","templated":true}]}}