{"id":40571,"date":"2023-04-30T17:57:31","date_gmt":"2023-04-30T15:57:31","guid":{"rendered":"https:\/\/laguiole.com\/produit\/laguiole-sommelier-aus-aubrac-eichenholz\/"},"modified":"2026-04-08T15:26:03","modified_gmt":"2026-04-08T13:26:03","slug":"laguiole-sommelier-aus-aubrac-eichenholz","status":"publish","type":"product","link":"https:\/\/laguiole.com\/de\/produit\/laguiole-sommelier-aus-aubrac-eichenholz\/","title":{"rendered":"Laguiole Sommelier aus Aubrac Eichenholz"},"content":{"rendered":"<p><strong>Der Laguiole Sommelier in Aubrac aus <\/strong><b>Eichenholz<\/b> verk\u00f6rpert die ultimative Eleganz, um Ihre Weinflaschen zu \u00f6ffnen.<\/p>\n<p>Jedes Exemplar wird von <strong>den Handwerkern von Laguiole in Aubrac<\/strong> sorgf\u00e4ltig von Hand geformt.<\/p>\n<p>Seine Stahlspirale gleitet leicht durch den Korken und sorgt f\u00fcr ein glattes und verhakungsfreies \u00d6ffnen. Dank des praktischen und leichten Hebels wird das Entfernen des Verschlusses von der Flasche zu einem einfachen Vorgang. <\/p>\n<p>Dar\u00fcber hinaus ist dieser Laguiole-Sommelier in Aubrac mit einem kleinen gezackten Messer ausgestattet, mit dem Sie die Aluminiumkapsel leicht entfernen k\u00f6nnen. Die Kombination dieser Eigenschaften macht es zu einem unverzichtbaren Werkzeug f\u00fcr jeden Amateur und Profi, der seine Flaschen mit Eleganz und Pr\u00e4zision \u00f6ffnen m\u00f6chte. <\/p>\n<p>Entscheiden Sie sich f\u00fcr das <strong>Sommeliermesser Laguiole en Aubrac aus <\/strong><b>Eichenholz<\/b> f\u00fcr ein raffiniertes Weinverkostungserlebnis.<\/p>\n<p><strong>Eichenholz<\/strong> hat die F\u00e4higkeit, im Laufe der Zeit eine sch\u00f6ne Patina zu entwickeln. Dies verleiht seiner \u00c4sthetik eine zus\u00e4tzliche Dimension und verleiht ihm einen rustikalen und authentischen Charme. <\/p>\n","protected":false},"excerpt":{"rendered":"<p>Laguiole Sommelier in Aubrac<br \/>\nGriff: Geschmiedete<br \/>\nFliegeneiche<br \/>\nGeb\u00fcrstetes<br \/>\nEdelstahl-Finish L\u00e4nge: 12 cm<br \/>\nGewicht: 118 grs<\/p>\n<p><center><\/p>\n<p>  <iframe style=\"max-width: 100%; max-height: 100%;\" src=\"https:\/\/spinzam.com\/shot\/embed\/?idx=238948\" width=\"480\" height=\"480\" frameborder=\"0\" scrolling=\"no\"><\/iframe><br \/>\n<\/center><\/p>\n","protected":false},"featured_media":40572,"template":"","meta":{"_acf_changed":false,"_monsterinsights_skip_tracking":false,"_monsterinsights_sitenote_active":false,"_monsterinsights_sitenote_note":"","_monsterinsights_sitenote_category":0},"product_brand":[],"product_cat":[5962,5963],"product_tag":[6171],"class_list":{"0":"post-40571","1":"product","2":"type-product","3":"status-publish","4":"has-post-thumbnail","6":"product_cat-kellnermesser","7":"product_cat-federgravur","8":"product_tag-gravurfeder","9":"pa_finition-gebuerstet","10":"pa_manche-en-bois-eiche","11":"pa_marque-laguiole-en-aubracfr","12":"pa_mitres-2-gehrungen","13":"pa_mitres-gebuersteter-edelstahl","14":"pa_mouche-geschmiedet","15":"pa_ressort-glatt","16":"pa_ressort-zum-personalisieren-lasergravur","17":"tm-has-options","20":"instock","21":"taxable","22":"shipping-taxable","23":"purchasable","24":"product-type-simple"},"supplier_id":null,"supplier_sku":"","barcode":null,"atum_controlled":true,"out_stock_date":null,"out_stock_threshold":null,"inheritable":false,"inbound_stock":0,"stock_on_hold":0,"sold_today":0,"sales_last_days":0,"reserved_stock":0,"customer_returns":0,"warehouse_damage":0,"lost_in_post":0,"other_logs":0,"out_stock_days":0,"lost_sales":0,"has_location":false,"update_date":"2026-04-28T00:41:52","atum_locations":[],"atum_stock_status":"instock","restock_status":false,"low_stock_amount":"","sales_update_date":"2026-04-28T00:41:52","calc_backorders":0,"acf":[],"yoast_head":"<!-- This site is optimized with the Yoast SEO plugin v27.3 - https:\/\/yoast.com\/product\/yoast-seo-wordpress\/ -->\n<title>Laguiole Sommelier aus Aubrac Eichenholz - Laguiole.com \u00ae<\/title>\n<meta name=\"robots\" content=\"index, follow, max-snippet:-1, max-image-preview:large, max-video-preview:-1\" \/>\n<link rel=\"canonical\" href=\"https:\/\/laguiole.com\/de\/produit\/laguiole-sommelier-aus-aubrac-eichenholz\/\" \/>\n<meta property=\"og:locale\" content=\"de_DE\" \/>\n<meta property=\"og:type\" content=\"article\" \/>\n<meta property=\"og:title\" content=\"Laguiole Sommelier aus Aubrac Eichenholz - Laguiole.com \u00ae\" \/>\n<meta property=\"og:description\" content=\"Laguiole Sommelier in Aubrac Griff: Geschmiedete Fliegeneiche Geb\u00fcrstetes Edelstahl-Finish L\u00e4nge: 12 cm Gewicht: 118 grs\" \/>\n<meta property=\"og:url\" content=\"https:\/\/laguiole.com\/de\/produit\/laguiole-sommelier-aus-aubrac-eichenholz\/\" \/>\n<meta property=\"og:site_name\" content=\"Laguiole.com \u00ae\" \/>\n<meta property=\"article:publisher\" content=\"https:\/\/www.facebook.com\/laguiolecom\/\" \/>\n<meta property=\"article:modified_time\" content=\"2026-04-08T13:26:03+00:00\" \/>\n<meta property=\"og:image\" content=\"https:\/\/laguiole.com\/wp-content\/uploads\/2023\/04\/sommelier_laguiole_en_aubrac_chene_00.jpg\" \/>\n\t<meta property=\"og:image:width\" content=\"1033\" \/>\n\t<meta property=\"og:image:height\" content=\"1033\" \/>\n\t<meta property=\"og:image:type\" content=\"image\/jpeg\" \/>\n<meta name=\"twitter:card\" content=\"summary_large_image\" \/>\n<meta name=\"twitter:label1\" content=\"Gesch\u00e4tzte Lesezeit\" \/>\n\t<meta name=\"twitter:data1\" content=\"1\u00a0Minute\" \/>\n<script type=\"application\/ld+json\" class=\"yoast-schema-graph\">{\"@context\":\"https:\\\/\\\/schema.org\",\"@graph\":[{\"@type\":\"WebPage\",\"@id\":\"https:\\\/\\\/laguiole.com\\\/de\\\/produit\\\/laguiole-sommelier-aus-aubrac-eichenholz\\\/\",\"url\":\"https:\\\/\\\/laguiole.com\\\/de\\\/produit\\\/laguiole-sommelier-aus-aubrac-eichenholz\\\/\",\"name\":\"Laguiole Sommelier aus Aubrac Eichenholz - Laguiole.com \u00ae\",\"isPartOf\":{\"@id\":\"https:\\\/\\\/laguiole.com\\\/de\\\/#website\"},\"primaryImageOfPage\":{\"@id\":\"https:\\\/\\\/laguiole.com\\\/de\\\/produit\\\/laguiole-sommelier-aus-aubrac-eichenholz\\\/#primaryimage\"},\"image\":{\"@id\":\"https:\\\/\\\/laguiole.com\\\/de\\\/produit\\\/laguiole-sommelier-aus-aubrac-eichenholz\\\/#primaryimage\"},\"thumbnailUrl\":\"https:\\\/\\\/laguiole.com\\\/wp-content\\\/uploads\\\/2023\\\/04\\\/sommelier_laguiole_en_aubrac_chene_00.jpg\",\"datePublished\":\"2023-04-30T15:57:31+00:00\",\"dateModified\":\"2026-04-08T13:26:03+00:00\",\"breadcrumb\":{\"@id\":\"https:\\\/\\\/laguiole.com\\\/de\\\/produit\\\/laguiole-sommelier-aus-aubrac-eichenholz\\\/#breadcrumb\"},\"inLanguage\":\"de\",\"potentialAction\":[{\"@type\":\"ReadAction\",\"target\":[\"https:\\\/\\\/laguiole.com\\\/de\\\/produit\\\/laguiole-sommelier-aus-aubrac-eichenholz\\\/\"]}]},{\"@type\":\"ImageObject\",\"inLanguage\":\"de\",\"@id\":\"https:\\\/\\\/laguiole.com\\\/de\\\/produit\\\/laguiole-sommelier-aus-aubrac-eichenholz\\\/#primaryimage\",\"url\":\"https:\\\/\\\/laguiole.com\\\/wp-content\\\/uploads\\\/2023\\\/04\\\/sommelier_laguiole_en_aubrac_chene_00.jpg\",\"contentUrl\":\"https:\\\/\\\/laguiole.com\\\/wp-content\\\/uploads\\\/2023\\\/04\\\/sommelier_laguiole_en_aubrac_chene_00.jpg\",\"width\":1033,\"height\":1033},{\"@type\":\"BreadcrumbList\",\"@id\":\"https:\\\/\\\/laguiole.com\\\/de\\\/produit\\\/laguiole-sommelier-aus-aubrac-eichenholz\\\/#breadcrumb\",\"itemListElement\":[{\"@type\":\"ListItem\",\"position\":1,\"name\":\"Accueil\",\"item\":\"https:\\\/\\\/laguiole.com\\\/de\\\/\"},{\"@type\":\"ListItem\",\"position\":2,\"name\":\"Shop\",\"item\":\"https:\\\/\\\/laguiole.com\\\/de\\\/shop-2\\\/\"},{\"@type\":\"ListItem\",\"position\":3,\"name\":\"Laguiole Sommelier aus Aubrac Eichenholz\"}]},{\"@type\":\"WebSite\",\"@id\":\"https:\\\/\\\/laguiole.com\\\/de\\\/#website\",\"url\":\"https:\\\/\\\/laguiole.com\\\/de\\\/\",\"name\":\"Laguiole.com\",\"description\":\"Laguiole - Couteau laguiole, Chateau Laguiole, Laguiole en Aubrac, Forge de Laguiole\",\"publisher\":{\"@id\":\"https:\\\/\\\/laguiole.com\\\/de\\\/#organization\"},\"potentialAction\":[{\"@type\":\"SearchAction\",\"target\":{\"@type\":\"EntryPoint\",\"urlTemplate\":\"https:\\\/\\\/laguiole.com\\\/de\\\/?s={search_term_string}\"},\"query-input\":{\"@type\":\"PropertyValueSpecification\",\"valueRequired\":true,\"valueName\":\"search_term_string\"}}],\"inLanguage\":\"de\"},{\"@type\":\"Organization\",\"@id\":\"https:\\\/\\\/laguiole.com\\\/de\\\/#organization\",\"name\":\"Laguiole.com\",\"url\":\"https:\\\/\\\/laguiole.com\\\/de\\\/\",\"logo\":{\"@type\":\"ImageObject\",\"inLanguage\":\"de\",\"@id\":\"https:\\\/\\\/laguiole.com\\\/de\\\/#\\\/schema\\\/logo\\\/image\\\/\",\"url\":\"https:\\\/\\\/laguiole.com\\\/wp-content\\\/uploads\\\/2021\\\/02\\\/logo_laguiole.com-horizontal.jpg\",\"contentUrl\":\"https:\\\/\\\/laguiole.com\\\/wp-content\\\/uploads\\\/2021\\\/02\\\/logo_laguiole.com-horizontal.jpg\",\"width\":490,\"height\":156,\"caption\":\"Laguiole.com\"},\"image\":{\"@id\":\"https:\\\/\\\/laguiole.com\\\/de\\\/#\\\/schema\\\/logo\\\/image\\\/\"},\"sameAs\":[\"https:\\\/\\\/www.facebook.com\\\/laguiolecom\\\/\",\"https:\\\/\\\/www.instagram.com\\\/laguiolecom\\\/\",\"https:\\\/\\\/www.youtube.com\\\/@laguiolecom\\\/videos\"]}]}<\/script>\n<!-- \/ Yoast SEO plugin. -->","yoast_head_json":{"title":"Laguiole Sommelier aus Aubrac Eichenholz - Laguiole.com \u00ae","robots":{"index":"index","follow":"follow","max-snippet":"max-snippet:-1","max-image-preview":"max-image-preview:large","max-video-preview":"max-video-preview:-1"},"canonical":"https:\/\/laguiole.com\/de\/produit\/laguiole-sommelier-aus-aubrac-eichenholz\/","og_locale":"de_DE","og_type":"article","og_title":"Laguiole Sommelier aus Aubrac Eichenholz - Laguiole.com \u00ae","og_description":"Laguiole Sommelier in Aubrac Griff: Geschmiedete Fliegeneiche Geb\u00fcrstetes Edelstahl-Finish L\u00e4nge: 12 cm Gewicht: 118 grs","og_url":"https:\/\/laguiole.com\/de\/produit\/laguiole-sommelier-aus-aubrac-eichenholz\/","og_site_name":"Laguiole.com \u00ae","article_publisher":"https:\/\/www.facebook.com\/laguiolecom\/","article_modified_time":"2026-04-08T13:26:03+00:00","og_image":[{"width":1033,"height":1033,"url":"https:\/\/laguiole.com\/wp-content\/uploads\/2023\/04\/sommelier_laguiole_en_aubrac_chene_00.jpg","type":"image\/jpeg"}],"twitter_card":"summary_large_image","twitter_misc":{"Gesch\u00e4tzte Lesezeit":"1\u00a0Minute"},"schema":{"@context":"https:\/\/schema.org","@graph":[{"@type":"WebPage","@id":"https:\/\/laguiole.com\/de\/produit\/laguiole-sommelier-aus-aubrac-eichenholz\/","url":"https:\/\/laguiole.com\/de\/produit\/laguiole-sommelier-aus-aubrac-eichenholz\/","name":"Laguiole Sommelier aus Aubrac Eichenholz - Laguiole.com \u00ae","isPartOf":{"@id":"https:\/\/laguiole.com\/de\/#website"},"primaryImageOfPage":{"@id":"https:\/\/laguiole.com\/de\/produit\/laguiole-sommelier-aus-aubrac-eichenholz\/#primaryimage"},"image":{"@id":"https:\/\/laguiole.com\/de\/produit\/laguiole-sommelier-aus-aubrac-eichenholz\/#primaryimage"},"thumbnailUrl":"https:\/\/laguiole.com\/wp-content\/uploads\/2023\/04\/sommelier_laguiole_en_aubrac_chene_00.jpg","datePublished":"2023-04-30T15:57:31+00:00","dateModified":"2026-04-08T13:26:03+00:00","breadcrumb":{"@id":"https:\/\/laguiole.com\/de\/produit\/laguiole-sommelier-aus-aubrac-eichenholz\/#breadcrumb"},"inLanguage":"de","potentialAction":[{"@type":"ReadAction","target":["https:\/\/laguiole.com\/de\/produit\/laguiole-sommelier-aus-aubrac-eichenholz\/"]}]},{"@type":"ImageObject","inLanguage":"de","@id":"https:\/\/laguiole.com\/de\/produit\/laguiole-sommelier-aus-aubrac-eichenholz\/#primaryimage","url":"https:\/\/laguiole.com\/wp-content\/uploads\/2023\/04\/sommelier_laguiole_en_aubrac_chene_00.jpg","contentUrl":"https:\/\/laguiole.com\/wp-content\/uploads\/2023\/04\/sommelier_laguiole_en_aubrac_chene_00.jpg","width":1033,"height":1033},{"@type":"BreadcrumbList","@id":"https:\/\/laguiole.com\/de\/produit\/laguiole-sommelier-aus-aubrac-eichenholz\/#breadcrumb","itemListElement":[{"@type":"ListItem","position":1,"name":"Accueil","item":"https:\/\/laguiole.com\/de\/"},{"@type":"ListItem","position":2,"name":"Shop","item":"https:\/\/laguiole.com\/de\/shop-2\/"},{"@type":"ListItem","position":3,"name":"Laguiole Sommelier aus Aubrac Eichenholz"}]},{"@type":"WebSite","@id":"https:\/\/laguiole.com\/de\/#website","url":"https:\/\/laguiole.com\/de\/","name":"Laguiole.com","description":"Laguiole - Couteau laguiole, Chateau Laguiole, Laguiole en Aubrac, Forge de Laguiole","publisher":{"@id":"https:\/\/laguiole.com\/de\/#organization"},"potentialAction":[{"@type":"SearchAction","target":{"@type":"EntryPoint","urlTemplate":"https:\/\/laguiole.com\/de\/?s={search_term_string}"},"query-input":{"@type":"PropertyValueSpecification","valueRequired":true,"valueName":"search_term_string"}}],"inLanguage":"de"},{"@type":"Organization","@id":"https:\/\/laguiole.com\/de\/#organization","name":"Laguiole.com","url":"https:\/\/laguiole.com\/de\/","logo":{"@type":"ImageObject","inLanguage":"de","@id":"https:\/\/laguiole.com\/de\/#\/schema\/logo\/image\/","url":"https:\/\/laguiole.com\/wp-content\/uploads\/2021\/02\/logo_laguiole.com-horizontal.jpg","contentUrl":"https:\/\/laguiole.com\/wp-content\/uploads\/2021\/02\/logo_laguiole.com-horizontal.jpg","width":490,"height":156,"caption":"Laguiole.com"},"image":{"@id":"https:\/\/laguiole.com\/de\/#\/schema\/logo\/image\/"},"sameAs":["https:\/\/www.facebook.com\/laguiolecom\/","https:\/\/www.instagram.com\/laguiolecom\/","https:\/\/www.youtube.com\/@laguiolecom\/videos"]}]}},"_links":{"self":[{"href":"https:\/\/laguiole.com\/de\/wp-json\/wp\/v2\/product\/40571","targetHints":{"allow":["GET"]}}],"collection":[{"href":"https:\/\/laguiole.com\/de\/wp-json\/wp\/v2\/product"}],"about":[{"href":"https:\/\/laguiole.com\/de\/wp-json\/wp\/v2\/types\/product"}],"version-history":[{"count":1,"href":"https:\/\/laguiole.com\/de\/wp-json\/wp\/v2\/product\/40571\/revisions"}],"predecessor-version":[{"id":41792,"href":"https:\/\/laguiole.com\/de\/wp-json\/wp\/v2\/product\/40571\/revisions\/41792"}],"wp:featuredmedia":[{"embeddable":true,"href":"https:\/\/laguiole.com\/de\/wp-json\/wp\/v2\/media\/40572"}],"wp:attachment":[{"href":"https:\/\/laguiole.com\/de\/wp-json\/wp\/v2\/media?parent=40571"}],"wp:term":[{"taxonomy":"product_brand","embeddable":true,"href":"https:\/\/laguiole.com\/de\/wp-json\/wp\/v2\/product_brand?post=40571"},{"taxonomy":"product_cat","embeddable":true,"href":"https:\/\/laguiole.com\/de\/wp-json\/wp\/v2\/product_cat?post=40571"},{"taxonomy":"product_tag","embeddable":true,"href":"https:\/\/laguiole.com\/de\/wp-json\/wp\/v2\/product_tag?post=40571"}],"curies":[{"name":"wp","href":"https:\/\/api.w.org\/{rel}","templated":true}]}}