{"id":40562,"date":"2023-07-12T13:11:20","date_gmt":"2023-07-12T11:11:20","guid":{"rendered":"https:\/\/laguiole.com\/produit\/leder-messer-guertel-etui-laguiole-desy-jagdgewehr-maya-grosses-modell\/"},"modified":"2025-11-05T20:21:28","modified_gmt":"2025-11-05T19:21:28","slug":"leder-messer-guertel-etui-laguiole-desy-jagdgewehr-maya-grosses-modell","status":"publish","type":"product","link":"https:\/\/laguiole.com\/de\/produit\/leder-messer-guertel-etui-laguiole-desy-jagdgewehr-maya-grosses-modell\/","title":{"rendered":"Leder Messer G\u00fcrteletui Laguiole Desy Jagd Maya Gewehr"},"content":{"rendered":"","protected":false},"excerpt":{"rendered":"<p>Lederetui f\u00fcr Laguiole Jagdmesser<br \/>\nFarbe MAYA<br \/>\nHandgefertigtes Franz\u00f6sisch (AVEYRON)<br \/>\nGeliefert mit kleinem Wetzstahl, der in den speziellen<br \/>\nSchlitz f\u00fcr vollnarbiges<br \/>\nRindsleder geschoben wird Kratzfestes Polster bei Druck im Inneren des Geh\u00e4uses<br \/>\nG\u00fcrtelschlaufe Vertikale<\/p>\n<p>Position Geeignet f\u00fcr Laguiole Jagdmesser<\/p>\n","protected":false},"featured_media":40564,"template":"","meta":{"_acf_changed":false,"_monsterinsights_skip_tracking":false,"_monsterinsights_sitenote_active":false,"_monsterinsights_sitenote_note":"","_monsterinsights_sitenote_category":0},"product_brand":[],"product_cat":[5952],"product_tag":[],"class_list":{"0":"post-40562","1":"product","2":"type-product","3":"status-publish","4":"has-post-thumbnail","6":"product_cat-messerfutteral","7":"pa_etuis-cuir-pour-jagd","8":"pa_marque-max-capdebarthes","9":"tm-no-options","12":"instock","13":"taxable","14":"shipping-taxable","15":"purchasable","16":"product-type-simple"},"supplier_id":null,"supplier_sku":"","barcode":null,"atum_controlled":true,"out_stock_date":null,"out_stock_threshold":null,"inheritable":false,"inbound_stock":0,"stock_on_hold":0,"sold_today":0,"sales_last_days":0,"reserved_stock":0,"customer_returns":0,"warehouse_damage":0,"lost_in_post":0,"other_logs":0,"out_stock_days":0,"lost_sales":0,"has_location":false,"update_date":"2026-05-14T01:01:33","atum_locations":[],"atum_stock_status":"instock","restock_status":false,"low_stock_amount":"","sales_update_date":"2026-05-14T01:01:33","calc_backorders":0,"acf":[],"yoast_head":"<!-- This site is optimized with the Yoast SEO plugin v27.6 - https:\/\/yoast.com\/product\/yoast-seo-wordpress\/ -->\n<title>Leder Messer G\u00fcrteletui Laguiole Desy Jagd Maya Gewehr - Laguiole.com \u00ae<\/title>\n<meta name=\"robots\" content=\"index, follow, max-snippet:-1, max-image-preview:large, max-video-preview:-1\" \/>\n<link rel=\"canonical\" href=\"https:\/\/laguiole.com\/de\/produit\/leder-messer-guertel-etui-laguiole-desy-jagdgewehr-maya-grosses-modell\/\" \/>\n<meta property=\"og:locale\" content=\"de_DE\" \/>\n<meta property=\"og:type\" content=\"article\" \/>\n<meta property=\"og:title\" content=\"Leder Messer G\u00fcrteletui Laguiole Desy Jagd Maya Gewehr - Laguiole.com \u00ae\" \/>\n<meta property=\"og:description\" content=\"Lederetui f\u00fcr Laguiole Jagdmesser Farbe MAYA Handgefertigtes Franz\u00f6sisch (AVEYRON) Geliefert mit kleinem Wetzstahl, der in den speziellen Schlitz f\u00fcr vollnarbiges Rindsleder geschoben wird Kratzfestes Polster bei Druck im Inneren des Geh\u00e4uses G\u00fcrtelschlaufe Vertikale Position Geeignet f\u00fcr Laguiole Jagdmesser\" \/>\n<meta property=\"og:url\" content=\"https:\/\/laguiole.com\/de\/produit\/leder-messer-guertel-etui-laguiole-desy-jagdgewehr-maya-grosses-modell\/\" \/>\n<meta property=\"og:site_name\" content=\"Laguiole.com \u00ae\" \/>\n<meta property=\"article:publisher\" content=\"https:\/\/www.facebook.com\/laguiolecom\/\" \/>\n<meta property=\"article:modified_time\" content=\"2025-11-05T19:21:28+00:00\" \/>\n<meta property=\"og:image\" content=\"https:\/\/laguiole.com\/wp-content\/uploads\/2023\/07\/Perou_Chasse_Fusil_Maya_Grand_Modele_00.jpg\" \/>\n\t<meta property=\"og:image:width\" content=\"1033\" \/>\n\t<meta property=\"og:image:height\" content=\"1033\" \/>\n\t<meta property=\"og:image:type\" content=\"image\/jpeg\" \/>\n<meta name=\"twitter:card\" content=\"summary_large_image\" \/>\n<script type=\"application\/ld+json\" class=\"yoast-schema-graph\">{\"@context\":\"https:\\\/\\\/schema.org\",\"@graph\":[{\"@type\":\"WebPage\",\"@id\":\"https:\\\/\\\/laguiole.com\\\/de\\\/produit\\\/leder-messer-guertel-etui-laguiole-desy-jagdgewehr-maya-grosses-modell\\\/\",\"url\":\"https:\\\/\\\/laguiole.com\\\/de\\\/produit\\\/leder-messer-guertel-etui-laguiole-desy-jagdgewehr-maya-grosses-modell\\\/\",\"name\":\"Leder Messer G\u00fcrteletui Laguiole Desy Jagd Maya Gewehr - Laguiole.com \u00ae\",\"isPartOf\":{\"@id\":\"https:\\\/\\\/laguiole.com\\\/de\\\/#website\"},\"primaryImageOfPage\":{\"@id\":\"https:\\\/\\\/laguiole.com\\\/de\\\/produit\\\/leder-messer-guertel-etui-laguiole-desy-jagdgewehr-maya-grosses-modell\\\/#primaryimage\"},\"image\":{\"@id\":\"https:\\\/\\\/laguiole.com\\\/de\\\/produit\\\/leder-messer-guertel-etui-laguiole-desy-jagdgewehr-maya-grosses-modell\\\/#primaryimage\"},\"thumbnailUrl\":\"https:\\\/\\\/laguiole.com\\\/wp-content\\\/uploads\\\/2023\\\/07\\\/Perou_Chasse_Fusil_Maya_Grand_Modele_00.jpg\",\"datePublished\":\"2023-07-12T11:11:20+00:00\",\"dateModified\":\"2025-11-05T19:21:28+00:00\",\"breadcrumb\":{\"@id\":\"https:\\\/\\\/laguiole.com\\\/de\\\/produit\\\/leder-messer-guertel-etui-laguiole-desy-jagdgewehr-maya-grosses-modell\\\/#breadcrumb\"},\"inLanguage\":\"de\",\"potentialAction\":[{\"@type\":\"ReadAction\",\"target\":[\"https:\\\/\\\/laguiole.com\\\/de\\\/produit\\\/leder-messer-guertel-etui-laguiole-desy-jagdgewehr-maya-grosses-modell\\\/\"]}]},{\"@type\":\"ImageObject\",\"inLanguage\":\"de\",\"@id\":\"https:\\\/\\\/laguiole.com\\\/de\\\/produit\\\/leder-messer-guertel-etui-laguiole-desy-jagdgewehr-maya-grosses-modell\\\/#primaryimage\",\"url\":\"https:\\\/\\\/laguiole.com\\\/wp-content\\\/uploads\\\/2023\\\/07\\\/Perou_Chasse_Fusil_Maya_Grand_Modele_00.jpg\",\"contentUrl\":\"https:\\\/\\\/laguiole.com\\\/wp-content\\\/uploads\\\/2023\\\/07\\\/Perou_Chasse_Fusil_Maya_Grand_Modele_00.jpg\",\"width\":1033,\"height\":1033},{\"@type\":\"BreadcrumbList\",\"@id\":\"https:\\\/\\\/laguiole.com\\\/de\\\/produit\\\/leder-messer-guertel-etui-laguiole-desy-jagdgewehr-maya-grosses-modell\\\/#breadcrumb\",\"itemListElement\":[{\"@type\":\"ListItem\",\"position\":1,\"name\":\"Accueil\",\"item\":\"https:\\\/\\\/laguiole.com\\\/de\\\/\"},{\"@type\":\"ListItem\",\"position\":2,\"name\":\"Shop\",\"item\":\"https:\\\/\\\/laguiole.com\\\/de\\\/shop-2\\\/\"},{\"@type\":\"ListItem\",\"position\":3,\"name\":\"Leder Messer G\u00fcrteletui Laguiole Desy Jagd Maya Gewehr\"}]},{\"@type\":\"WebSite\",\"@id\":\"https:\\\/\\\/laguiole.com\\\/de\\\/#website\",\"url\":\"https:\\\/\\\/laguiole.com\\\/de\\\/\",\"name\":\"Laguiole.com\",\"description\":\"Laguiole - Couteau laguiole, Chateau Laguiole, Laguiole en Aubrac, Forge de Laguiole\",\"publisher\":{\"@id\":\"https:\\\/\\\/laguiole.com\\\/de\\\/#organization\"},\"potentialAction\":[{\"@type\":\"SearchAction\",\"target\":{\"@type\":\"EntryPoint\",\"urlTemplate\":\"https:\\\/\\\/laguiole.com\\\/de\\\/?s={search_term_string}\"},\"query-input\":{\"@type\":\"PropertyValueSpecification\",\"valueRequired\":true,\"valueName\":\"search_term_string\"}}],\"inLanguage\":\"de\"},{\"@type\":\"Organization\",\"@id\":\"https:\\\/\\\/laguiole.com\\\/de\\\/#organization\",\"name\":\"Laguiole.com\",\"url\":\"https:\\\/\\\/laguiole.com\\\/de\\\/\",\"logo\":{\"@type\":\"ImageObject\",\"inLanguage\":\"de\",\"@id\":\"https:\\\/\\\/laguiole.com\\\/de\\\/#\\\/schema\\\/logo\\\/image\\\/\",\"url\":\"https:\\\/\\\/laguiole.com\\\/wp-content\\\/uploads\\\/2021\\\/02\\\/logo_laguiole.com-horizontal.jpg\",\"contentUrl\":\"https:\\\/\\\/laguiole.com\\\/wp-content\\\/uploads\\\/2021\\\/02\\\/logo_laguiole.com-horizontal.jpg\",\"width\":490,\"height\":156,\"caption\":\"Laguiole.com\"},\"image\":{\"@id\":\"https:\\\/\\\/laguiole.com\\\/de\\\/#\\\/schema\\\/logo\\\/image\\\/\"},\"sameAs\":[\"https:\\\/\\\/www.facebook.com\\\/laguiolecom\\\/\",\"https:\\\/\\\/www.instagram.com\\\/laguiolecom\\\/\",\"https:\\\/\\\/www.youtube.com\\\/@laguiolecom\\\/videos\"]}]}<\/script>\n<!-- \/ Yoast SEO plugin. -->","yoast_head_json":{"title":"Leder Messer G\u00fcrteletui Laguiole Desy Jagd Maya Gewehr - Laguiole.com \u00ae","robots":{"index":"index","follow":"follow","max-snippet":"max-snippet:-1","max-image-preview":"max-image-preview:large","max-video-preview":"max-video-preview:-1"},"canonical":"https:\/\/laguiole.com\/de\/produit\/leder-messer-guertel-etui-laguiole-desy-jagdgewehr-maya-grosses-modell\/","og_locale":"de_DE","og_type":"article","og_title":"Leder Messer G\u00fcrteletui Laguiole Desy Jagd Maya Gewehr - Laguiole.com \u00ae","og_description":"Lederetui f\u00fcr Laguiole Jagdmesser Farbe MAYA Handgefertigtes Franz\u00f6sisch (AVEYRON) Geliefert mit kleinem Wetzstahl, der in den speziellen Schlitz f\u00fcr vollnarbiges Rindsleder geschoben wird Kratzfestes Polster bei Druck im Inneren des Geh\u00e4uses G\u00fcrtelschlaufe Vertikale Position Geeignet f\u00fcr Laguiole Jagdmesser","og_url":"https:\/\/laguiole.com\/de\/produit\/leder-messer-guertel-etui-laguiole-desy-jagdgewehr-maya-grosses-modell\/","og_site_name":"Laguiole.com \u00ae","article_publisher":"https:\/\/www.facebook.com\/laguiolecom\/","article_modified_time":"2025-11-05T19:21:28+00:00","og_image":[{"width":1033,"height":1033,"url":"https:\/\/laguiole.com\/wp-content\/uploads\/2023\/07\/Perou_Chasse_Fusil_Maya_Grand_Modele_00.jpg","type":"image\/jpeg"}],"twitter_card":"summary_large_image","schema":{"@context":"https:\/\/schema.org","@graph":[{"@type":"WebPage","@id":"https:\/\/laguiole.com\/de\/produit\/leder-messer-guertel-etui-laguiole-desy-jagdgewehr-maya-grosses-modell\/","url":"https:\/\/laguiole.com\/de\/produit\/leder-messer-guertel-etui-laguiole-desy-jagdgewehr-maya-grosses-modell\/","name":"Leder Messer G\u00fcrteletui Laguiole Desy Jagd Maya Gewehr - Laguiole.com \u00ae","isPartOf":{"@id":"https:\/\/laguiole.com\/de\/#website"},"primaryImageOfPage":{"@id":"https:\/\/laguiole.com\/de\/produit\/leder-messer-guertel-etui-laguiole-desy-jagdgewehr-maya-grosses-modell\/#primaryimage"},"image":{"@id":"https:\/\/laguiole.com\/de\/produit\/leder-messer-guertel-etui-laguiole-desy-jagdgewehr-maya-grosses-modell\/#primaryimage"},"thumbnailUrl":"https:\/\/laguiole.com\/wp-content\/uploads\/2023\/07\/Perou_Chasse_Fusil_Maya_Grand_Modele_00.jpg","datePublished":"2023-07-12T11:11:20+00:00","dateModified":"2025-11-05T19:21:28+00:00","breadcrumb":{"@id":"https:\/\/laguiole.com\/de\/produit\/leder-messer-guertel-etui-laguiole-desy-jagdgewehr-maya-grosses-modell\/#breadcrumb"},"inLanguage":"de","potentialAction":[{"@type":"ReadAction","target":["https:\/\/laguiole.com\/de\/produit\/leder-messer-guertel-etui-laguiole-desy-jagdgewehr-maya-grosses-modell\/"]}]},{"@type":"ImageObject","inLanguage":"de","@id":"https:\/\/laguiole.com\/de\/produit\/leder-messer-guertel-etui-laguiole-desy-jagdgewehr-maya-grosses-modell\/#primaryimage","url":"https:\/\/laguiole.com\/wp-content\/uploads\/2023\/07\/Perou_Chasse_Fusil_Maya_Grand_Modele_00.jpg","contentUrl":"https:\/\/laguiole.com\/wp-content\/uploads\/2023\/07\/Perou_Chasse_Fusil_Maya_Grand_Modele_00.jpg","width":1033,"height":1033},{"@type":"BreadcrumbList","@id":"https:\/\/laguiole.com\/de\/produit\/leder-messer-guertel-etui-laguiole-desy-jagdgewehr-maya-grosses-modell\/#breadcrumb","itemListElement":[{"@type":"ListItem","position":1,"name":"Accueil","item":"https:\/\/laguiole.com\/de\/"},{"@type":"ListItem","position":2,"name":"Shop","item":"https:\/\/laguiole.com\/de\/shop-2\/"},{"@type":"ListItem","position":3,"name":"Leder Messer G\u00fcrteletui Laguiole Desy Jagd Maya Gewehr"}]},{"@type":"WebSite","@id":"https:\/\/laguiole.com\/de\/#website","url":"https:\/\/laguiole.com\/de\/","name":"Laguiole.com","description":"Laguiole - Couteau laguiole, Chateau Laguiole, Laguiole en Aubrac, Forge de Laguiole","publisher":{"@id":"https:\/\/laguiole.com\/de\/#organization"},"potentialAction":[{"@type":"SearchAction","target":{"@type":"EntryPoint","urlTemplate":"https:\/\/laguiole.com\/de\/?s={search_term_string}"},"query-input":{"@type":"PropertyValueSpecification","valueRequired":true,"valueName":"search_term_string"}}],"inLanguage":"de"},{"@type":"Organization","@id":"https:\/\/laguiole.com\/de\/#organization","name":"Laguiole.com","url":"https:\/\/laguiole.com\/de\/","logo":{"@type":"ImageObject","inLanguage":"de","@id":"https:\/\/laguiole.com\/de\/#\/schema\/logo\/image\/","url":"https:\/\/laguiole.com\/wp-content\/uploads\/2021\/02\/logo_laguiole.com-horizontal.jpg","contentUrl":"https:\/\/laguiole.com\/wp-content\/uploads\/2021\/02\/logo_laguiole.com-horizontal.jpg","width":490,"height":156,"caption":"Laguiole.com"},"image":{"@id":"https:\/\/laguiole.com\/de\/#\/schema\/logo\/image\/"},"sameAs":["https:\/\/www.facebook.com\/laguiolecom\/","https:\/\/www.instagram.com\/laguiolecom\/","https:\/\/www.youtube.com\/@laguiolecom\/videos"]}]}},"_links":{"self":[{"href":"https:\/\/laguiole.com\/de\/wp-json\/wp\/v2\/product\/40562","targetHints":{"allow":["GET"]}}],"collection":[{"href":"https:\/\/laguiole.com\/de\/wp-json\/wp\/v2\/product"}],"about":[{"href":"https:\/\/laguiole.com\/de\/wp-json\/wp\/v2\/types\/product"}],"version-history":[{"count":1,"href":"https:\/\/laguiole.com\/de\/wp-json\/wp\/v2\/product\/40562\/revisions"}],"predecessor-version":[{"id":44784,"href":"https:\/\/laguiole.com\/de\/wp-json\/wp\/v2\/product\/40562\/revisions\/44784"}],"wp:featuredmedia":[{"embeddable":true,"href":"https:\/\/laguiole.com\/de\/wp-json\/wp\/v2\/media\/40564"}],"wp:attachment":[{"href":"https:\/\/laguiole.com\/de\/wp-json\/wp\/v2\/media?parent=40562"}],"wp:term":[{"taxonomy":"product_brand","embeddable":true,"href":"https:\/\/laguiole.com\/de\/wp-json\/wp\/v2\/product_brand?post=40562"},{"taxonomy":"product_cat","embeddable":true,"href":"https:\/\/laguiole.com\/de\/wp-json\/wp\/v2\/product_cat?post=40562"},{"taxonomy":"product_tag","embeddable":true,"href":"https:\/\/laguiole.com\/de\/wp-json\/wp\/v2\/product_tag?post=40562"}],"curies":[{"name":"wp","href":"https:\/\/api.w.org\/{rel}","templated":true}]}}