{"id":40523,"date":"2023-07-12T12:09:20","date_gmt":"2023-07-12T10:09:20","guid":{"rendered":"https:\/\/laguiole.com\/produit\/ledertasche-mit-laguiole-com-reissverschluss-fuer-messer-oder-sommeliers-fawn-color\/"},"modified":"2023-07-12T12:09:20","modified_gmt":"2023-07-12T10:09:20","slug":"ledertasche-mit-laguiole-com-reissverschluss-fuer-messer-oder-sommeliers-fawn-color","status":"publish","type":"product","link":"https:\/\/laguiole.com\/de\/produit\/ledertasche-mit-laguiole-com-reissverschluss-fuer-messer-oder-sommeliers-fawn-color\/","title":{"rendered":"Ledertasche mit Laguiole.com Rei\u00dfverschluss f\u00fcr Messer oder Sommeliers Fawn Color"},"content":{"rendered":"","protected":false},"excerpt":{"rendered":"<p>Lederetui Laguiole.Com<br \/>\nAbmessungen 16,5 cm x 5 cm<br \/>\nFarbe Fawn<br \/>\nRei\u00dfverschluss<br \/>\nRei\u00dfverschluss passend zum Fauve<br \/>\nFederm\u00e4ppchen Rehkitz mit Satinfutter zum Schutz Ihrer Laguiole<\/p>\n<p>Geeignet f\u00fcr alle Messer, die auf www.laguiole.com<br \/>\nverkauft werden Messer 9cm, 10 cm, 11 cm, 12 cm, 14 cm, Jagdmesser, Thiers Messer, Sammlermesser,  Sommeliers&#8230;)<\/p>\n","protected":false},"featured_media":40527,"template":"","meta":{"_acf_changed":false,"_monsterinsights_skip_tracking":false,"_monsterinsights_sitenote_active":false,"_monsterinsights_sitenote_note":"","_monsterinsights_sitenote_category":0},"product_brand":[],"product_cat":[5952],"product_tag":[],"class_list":{"0":"post-40523","1":"product","2":"type-product","3":"status-publish","4":"has-post-thumbnail","6":"product_cat-messerfutteral","7":"pa_etuis-cuir-pour-10-cm","8":"pa_etuis-cuir-pour-11-12-cm","9":"pa_etuis-cuir-pour-13-14-cm","10":"pa_etuis-cuir-pour-camembert-2","11":"pa_etuis-cuir-pour-eden-park-2","12":"pa_etuis-cuir-pour-coq-francais-2","13":"pa_etuis-cuir-pour-jagd","14":"pa_etuis-cuir-pour-laguiole-2","15":"pa_etuis-cuir-pour-sauveterre-2","16":"pa_etuis-cuir-pour-kellnermesser","17":"pa_etuis-cuir-pour-thiers-2","18":"pa_marque-laguiolecom","19":"tm-no-options","22":"instock","23":"taxable","24":"shipping-taxable","25":"purchasable","26":"product-type-simple"},"supplier_id":null,"supplier_sku":"","barcode":null,"atum_controlled":true,"out_stock_date":null,"out_stock_threshold":null,"inheritable":false,"inbound_stock":0,"stock_on_hold":0,"sold_today":0,"sales_last_days":0,"reserved_stock":0,"customer_returns":0,"warehouse_damage":0,"lost_in_post":0,"other_logs":0,"out_stock_days":0,"lost_sales":0,"has_location":false,"update_date":"2026-05-14T01:01:05","atum_locations":[],"atum_stock_status":"instock","restock_status":false,"low_stock_amount":"","sales_update_date":"2026-05-14T01:01:04","calc_backorders":0,"acf":[],"yoast_head":"<!-- This site is optimized with the Yoast SEO plugin v27.6 - https:\/\/yoast.com\/product\/yoast-seo-wordpress\/ -->\n<title>Ledertasche mit Laguiole.com Rei\u00dfverschluss f\u00fcr Messer oder Sommeliers Fawn Color - Laguiole.com \u00ae<\/title>\n<meta name=\"robots\" content=\"index, follow, max-snippet:-1, max-image-preview:large, max-video-preview:-1\" \/>\n<link rel=\"canonical\" href=\"https:\/\/laguiole.com\/de\/produit\/ledertasche-mit-laguiole-com-reissverschluss-fuer-messer-oder-sommeliers-fawn-color\/\" \/>\n<meta property=\"og:locale\" content=\"de_DE\" \/>\n<meta property=\"og:type\" content=\"article\" \/>\n<meta property=\"og:title\" content=\"Ledertasche mit Laguiole.com Rei\u00dfverschluss f\u00fcr Messer oder Sommeliers Fawn Color - Laguiole.com \u00ae\" \/>\n<meta property=\"og:description\" content=\"Lederetui Laguiole.Com Abmessungen 16,5 cm x 5 cm Farbe Fawn Rei\u00dfverschluss Rei\u00dfverschluss passend zum Fauve Federm\u00e4ppchen Rehkitz mit Satinfutter zum Schutz Ihrer Laguiole Geeignet f\u00fcr alle Messer, die auf www.laguiole.com verkauft werden Messer 9cm, 10 cm, 11 cm, 12 cm, 14 cm, Jagdmesser, Thiers Messer, Sammlermesser, Sommeliers...)\" \/>\n<meta property=\"og:url\" content=\"https:\/\/laguiole.com\/de\/produit\/ledertasche-mit-laguiole-com-reissverschluss-fuer-messer-oder-sommeliers-fawn-color\/\" \/>\n<meta property=\"og:site_name\" content=\"Laguiole.com \u00ae\" \/>\n<meta property=\"article:publisher\" content=\"https:\/\/www.facebook.com\/laguiolecom\/\" \/>\n<meta property=\"og:image\" content=\"https:\/\/laguiole.com\/wp-content\/uploads\/2023\/07\/Trousse_cuir_-Zip_Laguiolecom_Coloris_Fauve_00.jpg\" \/>\n\t<meta property=\"og:image:width\" content=\"1033\" \/>\n\t<meta property=\"og:image:height\" content=\"1033\" \/>\n\t<meta property=\"og:image:type\" content=\"image\/jpeg\" \/>\n<meta name=\"twitter:card\" content=\"summary_large_image\" \/>\n<script type=\"application\/ld+json\" class=\"yoast-schema-graph\">{\"@context\":\"https:\\\/\\\/schema.org\",\"@graph\":[{\"@type\":\"WebPage\",\"@id\":\"https:\\\/\\\/laguiole.com\\\/de\\\/produit\\\/ledertasche-mit-laguiole-com-reissverschluss-fuer-messer-oder-sommeliers-fawn-color\\\/\",\"url\":\"https:\\\/\\\/laguiole.com\\\/de\\\/produit\\\/ledertasche-mit-laguiole-com-reissverschluss-fuer-messer-oder-sommeliers-fawn-color\\\/\",\"name\":\"Ledertasche mit Laguiole.com Rei\u00dfverschluss f\u00fcr Messer oder Sommeliers Fawn Color - Laguiole.com \u00ae\",\"isPartOf\":{\"@id\":\"https:\\\/\\\/laguiole.com\\\/de\\\/#website\"},\"primaryImageOfPage\":{\"@id\":\"https:\\\/\\\/laguiole.com\\\/de\\\/produit\\\/ledertasche-mit-laguiole-com-reissverschluss-fuer-messer-oder-sommeliers-fawn-color\\\/#primaryimage\"},\"image\":{\"@id\":\"https:\\\/\\\/laguiole.com\\\/de\\\/produit\\\/ledertasche-mit-laguiole-com-reissverschluss-fuer-messer-oder-sommeliers-fawn-color\\\/#primaryimage\"},\"thumbnailUrl\":\"https:\\\/\\\/laguiole.com\\\/wp-content\\\/uploads\\\/2023\\\/07\\\/Trousse_cuir_-Zip_Laguiolecom_Coloris_Fauve_00.jpg\",\"datePublished\":\"2023-07-12T10:09:20+00:00\",\"breadcrumb\":{\"@id\":\"https:\\\/\\\/laguiole.com\\\/de\\\/produit\\\/ledertasche-mit-laguiole-com-reissverschluss-fuer-messer-oder-sommeliers-fawn-color\\\/#breadcrumb\"},\"inLanguage\":\"de\",\"potentialAction\":[{\"@type\":\"ReadAction\",\"target\":[\"https:\\\/\\\/laguiole.com\\\/de\\\/produit\\\/ledertasche-mit-laguiole-com-reissverschluss-fuer-messer-oder-sommeliers-fawn-color\\\/\"]}]},{\"@type\":\"ImageObject\",\"inLanguage\":\"de\",\"@id\":\"https:\\\/\\\/laguiole.com\\\/de\\\/produit\\\/ledertasche-mit-laguiole-com-reissverschluss-fuer-messer-oder-sommeliers-fawn-color\\\/#primaryimage\",\"url\":\"https:\\\/\\\/laguiole.com\\\/wp-content\\\/uploads\\\/2023\\\/07\\\/Trousse_cuir_-Zip_Laguiolecom_Coloris_Fauve_00.jpg\",\"contentUrl\":\"https:\\\/\\\/laguiole.com\\\/wp-content\\\/uploads\\\/2023\\\/07\\\/Trousse_cuir_-Zip_Laguiolecom_Coloris_Fauve_00.jpg\",\"width\":1033,\"height\":1033},{\"@type\":\"BreadcrumbList\",\"@id\":\"https:\\\/\\\/laguiole.com\\\/de\\\/produit\\\/ledertasche-mit-laguiole-com-reissverschluss-fuer-messer-oder-sommeliers-fawn-color\\\/#breadcrumb\",\"itemListElement\":[{\"@type\":\"ListItem\",\"position\":1,\"name\":\"Accueil\",\"item\":\"https:\\\/\\\/laguiole.com\\\/de\\\/\"},{\"@type\":\"ListItem\",\"position\":2,\"name\":\"Shop\",\"item\":\"https:\\\/\\\/laguiole.com\\\/de\\\/shop-2\\\/\"},{\"@type\":\"ListItem\",\"position\":3,\"name\":\"Ledertasche mit Laguiole.com Rei\u00dfverschluss f\u00fcr Messer oder Sommeliers Fawn Color\"}]},{\"@type\":\"WebSite\",\"@id\":\"https:\\\/\\\/laguiole.com\\\/de\\\/#website\",\"url\":\"https:\\\/\\\/laguiole.com\\\/de\\\/\",\"name\":\"Laguiole.com\",\"description\":\"Laguiole - Couteau laguiole, Chateau Laguiole, Laguiole en Aubrac, Forge de Laguiole\",\"publisher\":{\"@id\":\"https:\\\/\\\/laguiole.com\\\/de\\\/#organization\"},\"potentialAction\":[{\"@type\":\"SearchAction\",\"target\":{\"@type\":\"EntryPoint\",\"urlTemplate\":\"https:\\\/\\\/laguiole.com\\\/de\\\/?s={search_term_string}\"},\"query-input\":{\"@type\":\"PropertyValueSpecification\",\"valueRequired\":true,\"valueName\":\"search_term_string\"}}],\"inLanguage\":\"de\"},{\"@type\":\"Organization\",\"@id\":\"https:\\\/\\\/laguiole.com\\\/de\\\/#organization\",\"name\":\"Laguiole.com\",\"url\":\"https:\\\/\\\/laguiole.com\\\/de\\\/\",\"logo\":{\"@type\":\"ImageObject\",\"inLanguage\":\"de\",\"@id\":\"https:\\\/\\\/laguiole.com\\\/de\\\/#\\\/schema\\\/logo\\\/image\\\/\",\"url\":\"https:\\\/\\\/laguiole.com\\\/wp-content\\\/uploads\\\/2021\\\/02\\\/logo_laguiole.com-horizontal.jpg\",\"contentUrl\":\"https:\\\/\\\/laguiole.com\\\/wp-content\\\/uploads\\\/2021\\\/02\\\/logo_laguiole.com-horizontal.jpg\",\"width\":490,\"height\":156,\"caption\":\"Laguiole.com\"},\"image\":{\"@id\":\"https:\\\/\\\/laguiole.com\\\/de\\\/#\\\/schema\\\/logo\\\/image\\\/\"},\"sameAs\":[\"https:\\\/\\\/www.facebook.com\\\/laguiolecom\\\/\",\"https:\\\/\\\/www.instagram.com\\\/laguiolecom\\\/\",\"https:\\\/\\\/www.youtube.com\\\/@laguiolecom\\\/videos\"]}]}<\/script>\n<!-- \/ Yoast SEO plugin. -->","yoast_head_json":{"title":"Ledertasche mit Laguiole.com Rei\u00dfverschluss f\u00fcr Messer oder Sommeliers Fawn Color - Laguiole.com \u00ae","robots":{"index":"index","follow":"follow","max-snippet":"max-snippet:-1","max-image-preview":"max-image-preview:large","max-video-preview":"max-video-preview:-1"},"canonical":"https:\/\/laguiole.com\/de\/produit\/ledertasche-mit-laguiole-com-reissverschluss-fuer-messer-oder-sommeliers-fawn-color\/","og_locale":"de_DE","og_type":"article","og_title":"Ledertasche mit Laguiole.com Rei\u00dfverschluss f\u00fcr Messer oder Sommeliers Fawn Color - Laguiole.com \u00ae","og_description":"Lederetui Laguiole.Com Abmessungen 16,5 cm x 5 cm Farbe Fawn Rei\u00dfverschluss Rei\u00dfverschluss passend zum Fauve Federm\u00e4ppchen Rehkitz mit Satinfutter zum Schutz Ihrer Laguiole Geeignet f\u00fcr alle Messer, die auf www.laguiole.com verkauft werden Messer 9cm, 10 cm, 11 cm, 12 cm, 14 cm, Jagdmesser, Thiers Messer, Sammlermesser, Sommeliers...)","og_url":"https:\/\/laguiole.com\/de\/produit\/ledertasche-mit-laguiole-com-reissverschluss-fuer-messer-oder-sommeliers-fawn-color\/","og_site_name":"Laguiole.com \u00ae","article_publisher":"https:\/\/www.facebook.com\/laguiolecom\/","og_image":[{"width":1033,"height":1033,"url":"https:\/\/laguiole.com\/wp-content\/uploads\/2023\/07\/Trousse_cuir_-Zip_Laguiolecom_Coloris_Fauve_00.jpg","type":"image\/jpeg"}],"twitter_card":"summary_large_image","schema":{"@context":"https:\/\/schema.org","@graph":[{"@type":"WebPage","@id":"https:\/\/laguiole.com\/de\/produit\/ledertasche-mit-laguiole-com-reissverschluss-fuer-messer-oder-sommeliers-fawn-color\/","url":"https:\/\/laguiole.com\/de\/produit\/ledertasche-mit-laguiole-com-reissverschluss-fuer-messer-oder-sommeliers-fawn-color\/","name":"Ledertasche mit Laguiole.com Rei\u00dfverschluss f\u00fcr Messer oder Sommeliers Fawn Color - Laguiole.com \u00ae","isPartOf":{"@id":"https:\/\/laguiole.com\/de\/#website"},"primaryImageOfPage":{"@id":"https:\/\/laguiole.com\/de\/produit\/ledertasche-mit-laguiole-com-reissverschluss-fuer-messer-oder-sommeliers-fawn-color\/#primaryimage"},"image":{"@id":"https:\/\/laguiole.com\/de\/produit\/ledertasche-mit-laguiole-com-reissverschluss-fuer-messer-oder-sommeliers-fawn-color\/#primaryimage"},"thumbnailUrl":"https:\/\/laguiole.com\/wp-content\/uploads\/2023\/07\/Trousse_cuir_-Zip_Laguiolecom_Coloris_Fauve_00.jpg","datePublished":"2023-07-12T10:09:20+00:00","breadcrumb":{"@id":"https:\/\/laguiole.com\/de\/produit\/ledertasche-mit-laguiole-com-reissverschluss-fuer-messer-oder-sommeliers-fawn-color\/#breadcrumb"},"inLanguage":"de","potentialAction":[{"@type":"ReadAction","target":["https:\/\/laguiole.com\/de\/produit\/ledertasche-mit-laguiole-com-reissverschluss-fuer-messer-oder-sommeliers-fawn-color\/"]}]},{"@type":"ImageObject","inLanguage":"de","@id":"https:\/\/laguiole.com\/de\/produit\/ledertasche-mit-laguiole-com-reissverschluss-fuer-messer-oder-sommeliers-fawn-color\/#primaryimage","url":"https:\/\/laguiole.com\/wp-content\/uploads\/2023\/07\/Trousse_cuir_-Zip_Laguiolecom_Coloris_Fauve_00.jpg","contentUrl":"https:\/\/laguiole.com\/wp-content\/uploads\/2023\/07\/Trousse_cuir_-Zip_Laguiolecom_Coloris_Fauve_00.jpg","width":1033,"height":1033},{"@type":"BreadcrumbList","@id":"https:\/\/laguiole.com\/de\/produit\/ledertasche-mit-laguiole-com-reissverschluss-fuer-messer-oder-sommeliers-fawn-color\/#breadcrumb","itemListElement":[{"@type":"ListItem","position":1,"name":"Accueil","item":"https:\/\/laguiole.com\/de\/"},{"@type":"ListItem","position":2,"name":"Shop","item":"https:\/\/laguiole.com\/de\/shop-2\/"},{"@type":"ListItem","position":3,"name":"Ledertasche mit Laguiole.com Rei\u00dfverschluss f\u00fcr Messer oder Sommeliers Fawn Color"}]},{"@type":"WebSite","@id":"https:\/\/laguiole.com\/de\/#website","url":"https:\/\/laguiole.com\/de\/","name":"Laguiole.com","description":"Laguiole - Couteau laguiole, Chateau Laguiole, Laguiole en Aubrac, Forge de Laguiole","publisher":{"@id":"https:\/\/laguiole.com\/de\/#organization"},"potentialAction":[{"@type":"SearchAction","target":{"@type":"EntryPoint","urlTemplate":"https:\/\/laguiole.com\/de\/?s={search_term_string}"},"query-input":{"@type":"PropertyValueSpecification","valueRequired":true,"valueName":"search_term_string"}}],"inLanguage":"de"},{"@type":"Organization","@id":"https:\/\/laguiole.com\/de\/#organization","name":"Laguiole.com","url":"https:\/\/laguiole.com\/de\/","logo":{"@type":"ImageObject","inLanguage":"de","@id":"https:\/\/laguiole.com\/de\/#\/schema\/logo\/image\/","url":"https:\/\/laguiole.com\/wp-content\/uploads\/2021\/02\/logo_laguiole.com-horizontal.jpg","contentUrl":"https:\/\/laguiole.com\/wp-content\/uploads\/2021\/02\/logo_laguiole.com-horizontal.jpg","width":490,"height":156,"caption":"Laguiole.com"},"image":{"@id":"https:\/\/laguiole.com\/de\/#\/schema\/logo\/image\/"},"sameAs":["https:\/\/www.facebook.com\/laguiolecom\/","https:\/\/www.instagram.com\/laguiolecom\/","https:\/\/www.youtube.com\/@laguiolecom\/videos"]}]}},"_links":{"self":[{"href":"https:\/\/laguiole.com\/de\/wp-json\/wp\/v2\/product\/40523","targetHints":{"allow":["GET"]}}],"collection":[{"href":"https:\/\/laguiole.com\/de\/wp-json\/wp\/v2\/product"}],"about":[{"href":"https:\/\/laguiole.com\/de\/wp-json\/wp\/v2\/types\/product"}],"version-history":[{"count":0,"href":"https:\/\/laguiole.com\/de\/wp-json\/wp\/v2\/product\/40523\/revisions"}],"wp:featuredmedia":[{"embeddable":true,"href":"https:\/\/laguiole.com\/de\/wp-json\/wp\/v2\/media\/40527"}],"wp:attachment":[{"href":"https:\/\/laguiole.com\/de\/wp-json\/wp\/v2\/media?parent=40523"}],"wp:term":[{"taxonomy":"product_brand","embeddable":true,"href":"https:\/\/laguiole.com\/de\/wp-json\/wp\/v2\/product_brand?post=40523"},{"taxonomy":"product_cat","embeddable":true,"href":"https:\/\/laguiole.com\/de\/wp-json\/wp\/v2\/product_cat?post=40523"},{"taxonomy":"product_tag","embeddable":true,"href":"https:\/\/laguiole.com\/de\/wp-json\/wp\/v2\/product_tag?post=40523"}],"curies":[{"name":"wp","href":"https:\/\/api.w.org\/{rel}","templated":true}]}}