{"id":40485,"date":"2023-07-11T14:03:52","date_gmt":"2023-07-11T12:03:52","guid":{"rendered":"https:\/\/laguiole.com\/produit\/zigarrenschneider-forge-de-laguiole-bruyere\/"},"modified":"2026-05-04T12:58:07","modified_gmt":"2026-05-04T10:58:07","slug":"zigarrenschneider-forge-de-laguiole-bruyere","status":"publish","type":"product","link":"https:\/\/laguiole.com\/de\/produit\/zigarrenschneider-forge-de-laguiole-bruyere\/","title":{"rendered":"Zigarrenschneider Forge de Laguiole Bruy\u00e8re"},"content":{"rendered":"<p>Im geschlossenen Zustand unterscheiden sie sich in keiner Weise vom traditionellen Klappmesser, dessen Kropfe sie ohne zu z\u00f6gern zur Schau stellen.<br \/>\nAber wenn sie sich \u00f6ffnen, ist es der effektivste Zigarrenscherenschneider, den sie leidenschaftlichen Liebhabern dieser Schneidemethode und des Instruments, das sie erm\u00f6glicht, anbieten.<br \/>\nEin praktisches, rustikales Produkt, besonders f\u00fcr den Raucherspaziergang.<\/p>\n","protected":false},"excerpt":{"rendered":"<p>Zigarrenschneider Forge de Laguiole<br \/>\nGriff: Bruy\u00e8re<br \/>\nGriffgr\u00f6\u00dfe: 10 cm<br \/>\nBacken: 2 Schere aus geb\u00fcrstetem<br \/>\nEdelstahl: Edelstahl geb\u00fcrstet<\/p>\n","protected":false},"featured_media":40492,"template":"","meta":{"_acf_changed":false,"_monsterinsights_skip_tracking":false,"_monsterinsights_sitenote_active":false,"_monsterinsights_sitenote_note":"","_monsterinsights_sitenote_category":0},"product_brand":[],"product_cat":[5937],"product_tag":[],"class_list":{"0":"post-40485","1":"product","2":"type-product","3":"status-publish","4":"has-post-thumbnail","6":"product_cat-laguiole-zigarrenschneider-und-pfeifenstopfer","7":"pa_finition-gebuerstet","8":"pa_manche-en-bois-heidekraut","9":"pa_marque-forge-de-laguiole","10":"pa_mitres-2-gehrungen","11":"pa_mitres-gebuersteter-edelstahl","12":"tm-has-options","15":"instock","16":"taxable","17":"shipping-taxable","18":"purchasable","19":"product-type-simple"},"supplier_id":null,"supplier_sku":"","barcode":null,"atum_controlled":true,"out_stock_date":null,"out_stock_threshold":null,"inheritable":false,"inbound_stock":0,"stock_on_hold":0,"sold_today":0,"sales_last_days":0,"reserved_stock":0,"customer_returns":0,"warehouse_damage":0,"lost_in_post":0,"other_logs":0,"out_stock_days":0,"lost_sales":0,"has_location":false,"update_date":"2026-05-14T01:03:57","atum_locations":[],"atum_stock_status":"instock","restock_status":false,"low_stock_amount":"","sales_update_date":"2026-05-14T01:03:57","calc_backorders":0,"acf":[],"yoast_head":"<!-- This site is optimized with the Yoast SEO plugin v27.3 - https:\/\/yoast.com\/product\/yoast-seo-wordpress\/ -->\n<title>Zigarrenschneider Forge de Laguiole Bruy\u00e8re - Laguiole.com \u00ae<\/title>\n<meta name=\"robots\" content=\"index, follow, max-snippet:-1, max-image-preview:large, max-video-preview:-1\" \/>\n<link rel=\"canonical\" href=\"https:\/\/laguiole.com\/de\/produit\/zigarrenschneider-forge-de-laguiole-bruyere\/\" \/>\n<meta property=\"og:locale\" content=\"de_DE\" \/>\n<meta property=\"og:type\" content=\"article\" \/>\n<meta property=\"og:title\" content=\"Zigarrenschneider Forge de Laguiole Bruy\u00e8re - Laguiole.com \u00ae\" \/>\n<meta property=\"og:description\" content=\"Zigarrenschneider Forge de Laguiole Griff: Bruy\u00e8re Griffgr\u00f6\u00dfe: 10 cm Backen: 2 Schere aus geb\u00fcrstetem Edelstahl: Edelstahl geb\u00fcrstet\" \/>\n<meta property=\"og:url\" content=\"https:\/\/laguiole.com\/de\/produit\/zigarrenschneider-forge-de-laguiole-bruyere\/\" \/>\n<meta property=\"og:site_name\" content=\"Laguiole.com \u00ae\" \/>\n<meta property=\"article:publisher\" content=\"https:\/\/www.facebook.com\/laguiolecom\/\" \/>\n<meta property=\"article:modified_time\" content=\"2026-05-04T10:58:07+00:00\" \/>\n<meta property=\"og:image\" content=\"https:\/\/laguiole.com\/wp-content\/uploads\/2023\/07\/Coupe_Cigares_FDL_bruyere_01.jpg\" \/>\n\t<meta property=\"og:image:width\" content=\"1033\" \/>\n\t<meta property=\"og:image:height\" content=\"1033\" \/>\n\t<meta property=\"og:image:type\" content=\"image\/jpeg\" \/>\n<meta name=\"twitter:card\" content=\"summary_large_image\" \/>\n<script type=\"application\/ld+json\" class=\"yoast-schema-graph\">{\"@context\":\"https:\\\/\\\/schema.org\",\"@graph\":[{\"@type\":\"WebPage\",\"@id\":\"https:\\\/\\\/laguiole.com\\\/de\\\/produit\\\/zigarrenschneider-forge-de-laguiole-bruyere\\\/\",\"url\":\"https:\\\/\\\/laguiole.com\\\/de\\\/produit\\\/zigarrenschneider-forge-de-laguiole-bruyere\\\/\",\"name\":\"Zigarrenschneider Forge de Laguiole Bruy\u00e8re - Laguiole.com \u00ae\",\"isPartOf\":{\"@id\":\"https:\\\/\\\/laguiole.com\\\/de\\\/#website\"},\"primaryImageOfPage\":{\"@id\":\"https:\\\/\\\/laguiole.com\\\/de\\\/produit\\\/zigarrenschneider-forge-de-laguiole-bruyere\\\/#primaryimage\"},\"image\":{\"@id\":\"https:\\\/\\\/laguiole.com\\\/de\\\/produit\\\/zigarrenschneider-forge-de-laguiole-bruyere\\\/#primaryimage\"},\"thumbnailUrl\":\"https:\\\/\\\/laguiole.com\\\/wp-content\\\/uploads\\\/2023\\\/07\\\/Coupe_Cigares_FDL_bruyere_01.jpg\",\"datePublished\":\"2023-07-11T12:03:52+00:00\",\"dateModified\":\"2026-05-04T10:58:07+00:00\",\"breadcrumb\":{\"@id\":\"https:\\\/\\\/laguiole.com\\\/de\\\/produit\\\/zigarrenschneider-forge-de-laguiole-bruyere\\\/#breadcrumb\"},\"inLanguage\":\"de\",\"potentialAction\":[{\"@type\":\"ReadAction\",\"target\":[\"https:\\\/\\\/laguiole.com\\\/de\\\/produit\\\/zigarrenschneider-forge-de-laguiole-bruyere\\\/\"]}]},{\"@type\":\"ImageObject\",\"inLanguage\":\"de\",\"@id\":\"https:\\\/\\\/laguiole.com\\\/de\\\/produit\\\/zigarrenschneider-forge-de-laguiole-bruyere\\\/#primaryimage\",\"url\":\"https:\\\/\\\/laguiole.com\\\/wp-content\\\/uploads\\\/2023\\\/07\\\/Coupe_Cigares_FDL_bruyere_01.jpg\",\"contentUrl\":\"https:\\\/\\\/laguiole.com\\\/wp-content\\\/uploads\\\/2023\\\/07\\\/Coupe_Cigares_FDL_bruyere_01.jpg\",\"width\":1033,\"height\":1033,\"caption\":\"Zigarrenschneider Forge de Laguiole Bruy\u00e8re\"},{\"@type\":\"BreadcrumbList\",\"@id\":\"https:\\\/\\\/laguiole.com\\\/de\\\/produit\\\/zigarrenschneider-forge-de-laguiole-bruyere\\\/#breadcrumb\",\"itemListElement\":[{\"@type\":\"ListItem\",\"position\":1,\"name\":\"Accueil\",\"item\":\"https:\\\/\\\/laguiole.com\\\/de\\\/\"},{\"@type\":\"ListItem\",\"position\":2,\"name\":\"Shop\",\"item\":\"https:\\\/\\\/laguiole.com\\\/de\\\/shop-2\\\/\"},{\"@type\":\"ListItem\",\"position\":3,\"name\":\"Zigarrenschneider Forge de Laguiole Bruy\u00e8re\"}]},{\"@type\":\"WebSite\",\"@id\":\"https:\\\/\\\/laguiole.com\\\/de\\\/#website\",\"url\":\"https:\\\/\\\/laguiole.com\\\/de\\\/\",\"name\":\"Laguiole.com\",\"description\":\"Laguiole - Couteau laguiole, Chateau Laguiole, Laguiole en Aubrac, Forge de Laguiole\",\"publisher\":{\"@id\":\"https:\\\/\\\/laguiole.com\\\/de\\\/#organization\"},\"potentialAction\":[{\"@type\":\"SearchAction\",\"target\":{\"@type\":\"EntryPoint\",\"urlTemplate\":\"https:\\\/\\\/laguiole.com\\\/de\\\/?s={search_term_string}\"},\"query-input\":{\"@type\":\"PropertyValueSpecification\",\"valueRequired\":true,\"valueName\":\"search_term_string\"}}],\"inLanguage\":\"de\"},{\"@type\":\"Organization\",\"@id\":\"https:\\\/\\\/laguiole.com\\\/de\\\/#organization\",\"name\":\"Laguiole.com\",\"url\":\"https:\\\/\\\/laguiole.com\\\/de\\\/\",\"logo\":{\"@type\":\"ImageObject\",\"inLanguage\":\"de\",\"@id\":\"https:\\\/\\\/laguiole.com\\\/de\\\/#\\\/schema\\\/logo\\\/image\\\/\",\"url\":\"https:\\\/\\\/laguiole.com\\\/wp-content\\\/uploads\\\/2021\\\/02\\\/logo_laguiole.com-horizontal.jpg\",\"contentUrl\":\"https:\\\/\\\/laguiole.com\\\/wp-content\\\/uploads\\\/2021\\\/02\\\/logo_laguiole.com-horizontal.jpg\",\"width\":490,\"height\":156,\"caption\":\"Laguiole.com\"},\"image\":{\"@id\":\"https:\\\/\\\/laguiole.com\\\/de\\\/#\\\/schema\\\/logo\\\/image\\\/\"},\"sameAs\":[\"https:\\\/\\\/www.facebook.com\\\/laguiolecom\\\/\",\"https:\\\/\\\/www.instagram.com\\\/laguiolecom\\\/\",\"https:\\\/\\\/www.youtube.com\\\/@laguiolecom\\\/videos\"]}]}<\/script>\n<!-- \/ Yoast SEO plugin. -->","yoast_head_json":{"title":"Zigarrenschneider Forge de Laguiole Bruy\u00e8re - Laguiole.com \u00ae","robots":{"index":"index","follow":"follow","max-snippet":"max-snippet:-1","max-image-preview":"max-image-preview:large","max-video-preview":"max-video-preview:-1"},"canonical":"https:\/\/laguiole.com\/de\/produit\/zigarrenschneider-forge-de-laguiole-bruyere\/","og_locale":"de_DE","og_type":"article","og_title":"Zigarrenschneider Forge de Laguiole Bruy\u00e8re - Laguiole.com \u00ae","og_description":"Zigarrenschneider Forge de Laguiole Griff: Bruy\u00e8re Griffgr\u00f6\u00dfe: 10 cm Backen: 2 Schere aus geb\u00fcrstetem Edelstahl: Edelstahl geb\u00fcrstet","og_url":"https:\/\/laguiole.com\/de\/produit\/zigarrenschneider-forge-de-laguiole-bruyere\/","og_site_name":"Laguiole.com \u00ae","article_publisher":"https:\/\/www.facebook.com\/laguiolecom\/","article_modified_time":"2026-05-04T10:58:07+00:00","og_image":[{"width":1033,"height":1033,"url":"https:\/\/laguiole.com\/wp-content\/uploads\/2023\/07\/Coupe_Cigares_FDL_bruyere_01.jpg","type":"image\/jpeg"}],"twitter_card":"summary_large_image","schema":{"@context":"https:\/\/schema.org","@graph":[{"@type":"WebPage","@id":"https:\/\/laguiole.com\/de\/produit\/zigarrenschneider-forge-de-laguiole-bruyere\/","url":"https:\/\/laguiole.com\/de\/produit\/zigarrenschneider-forge-de-laguiole-bruyere\/","name":"Zigarrenschneider Forge de Laguiole Bruy\u00e8re - Laguiole.com \u00ae","isPartOf":{"@id":"https:\/\/laguiole.com\/de\/#website"},"primaryImageOfPage":{"@id":"https:\/\/laguiole.com\/de\/produit\/zigarrenschneider-forge-de-laguiole-bruyere\/#primaryimage"},"image":{"@id":"https:\/\/laguiole.com\/de\/produit\/zigarrenschneider-forge-de-laguiole-bruyere\/#primaryimage"},"thumbnailUrl":"https:\/\/laguiole.com\/wp-content\/uploads\/2023\/07\/Coupe_Cigares_FDL_bruyere_01.jpg","datePublished":"2023-07-11T12:03:52+00:00","dateModified":"2026-05-04T10:58:07+00:00","breadcrumb":{"@id":"https:\/\/laguiole.com\/de\/produit\/zigarrenschneider-forge-de-laguiole-bruyere\/#breadcrumb"},"inLanguage":"de","potentialAction":[{"@type":"ReadAction","target":["https:\/\/laguiole.com\/de\/produit\/zigarrenschneider-forge-de-laguiole-bruyere\/"]}]},{"@type":"ImageObject","inLanguage":"de","@id":"https:\/\/laguiole.com\/de\/produit\/zigarrenschneider-forge-de-laguiole-bruyere\/#primaryimage","url":"https:\/\/laguiole.com\/wp-content\/uploads\/2023\/07\/Coupe_Cigares_FDL_bruyere_01.jpg","contentUrl":"https:\/\/laguiole.com\/wp-content\/uploads\/2023\/07\/Coupe_Cigares_FDL_bruyere_01.jpg","width":1033,"height":1033,"caption":"Zigarrenschneider Forge de Laguiole Bruy\u00e8re"},{"@type":"BreadcrumbList","@id":"https:\/\/laguiole.com\/de\/produit\/zigarrenschneider-forge-de-laguiole-bruyere\/#breadcrumb","itemListElement":[{"@type":"ListItem","position":1,"name":"Accueil","item":"https:\/\/laguiole.com\/de\/"},{"@type":"ListItem","position":2,"name":"Shop","item":"https:\/\/laguiole.com\/de\/shop-2\/"},{"@type":"ListItem","position":3,"name":"Zigarrenschneider Forge de Laguiole Bruy\u00e8re"}]},{"@type":"WebSite","@id":"https:\/\/laguiole.com\/de\/#website","url":"https:\/\/laguiole.com\/de\/","name":"Laguiole.com","description":"Laguiole - Couteau laguiole, Chateau Laguiole, Laguiole en Aubrac, Forge de Laguiole","publisher":{"@id":"https:\/\/laguiole.com\/de\/#organization"},"potentialAction":[{"@type":"SearchAction","target":{"@type":"EntryPoint","urlTemplate":"https:\/\/laguiole.com\/de\/?s={search_term_string}"},"query-input":{"@type":"PropertyValueSpecification","valueRequired":true,"valueName":"search_term_string"}}],"inLanguage":"de"},{"@type":"Organization","@id":"https:\/\/laguiole.com\/de\/#organization","name":"Laguiole.com","url":"https:\/\/laguiole.com\/de\/","logo":{"@type":"ImageObject","inLanguage":"de","@id":"https:\/\/laguiole.com\/de\/#\/schema\/logo\/image\/","url":"https:\/\/laguiole.com\/wp-content\/uploads\/2021\/02\/logo_laguiole.com-horizontal.jpg","contentUrl":"https:\/\/laguiole.com\/wp-content\/uploads\/2021\/02\/logo_laguiole.com-horizontal.jpg","width":490,"height":156,"caption":"Laguiole.com"},"image":{"@id":"https:\/\/laguiole.com\/de\/#\/schema\/logo\/image\/"},"sameAs":["https:\/\/www.facebook.com\/laguiolecom\/","https:\/\/www.instagram.com\/laguiolecom\/","https:\/\/www.youtube.com\/@laguiolecom\/videos"]}]}},"_links":{"self":[{"href":"https:\/\/laguiole.com\/de\/wp-json\/wp\/v2\/product\/40485","targetHints":{"allow":["GET"]}}],"collection":[{"href":"https:\/\/laguiole.com\/de\/wp-json\/wp\/v2\/product"}],"about":[{"href":"https:\/\/laguiole.com\/de\/wp-json\/wp\/v2\/types\/product"}],"version-history":[{"count":0,"href":"https:\/\/laguiole.com\/de\/wp-json\/wp\/v2\/product\/40485\/revisions"}],"wp:featuredmedia":[{"embeddable":true,"href":"https:\/\/laguiole.com\/de\/wp-json\/wp\/v2\/media\/40492"}],"wp:attachment":[{"href":"https:\/\/laguiole.com\/de\/wp-json\/wp\/v2\/media?parent=40485"}],"wp:term":[{"taxonomy":"product_brand","embeddable":true,"href":"https:\/\/laguiole.com\/de\/wp-json\/wp\/v2\/product_brand?post=40485"},{"taxonomy":"product_cat","embeddable":true,"href":"https:\/\/laguiole.com\/de\/wp-json\/wp\/v2\/product_cat?post=40485"},{"taxonomy":"product_tag","embeddable":true,"href":"https:\/\/laguiole.com\/de\/wp-json\/wp\/v2\/product_tag?post=40485"}],"curies":[{"name":"wp","href":"https:\/\/api.w.org\/{rel}","templated":true}]}}