{"id":40484,"date":"2023-07-11T18:58:56","date_gmt":"2023-07-11T16:58:56","guid":{"rendered":"https:\/\/laguiole.com\/produit\/laguiole-buffalo-forge-pfeifenfuellung\/"},"modified":"2026-03-25T11:55:19","modified_gmt":"2026-03-25T10:55:19","slug":"laguiole-buffalo-forge-pfeifenfuellung","status":"publish","type":"product","link":"https:\/\/laguiole.com\/de\/produit\/laguiole-buffalo-forge-pfeifenfuellung\/","title":{"rendered":"Laguiole Buffalo Forge Pfeifenf\u00fcllung"},"content":{"rendered":"<p>Der Forge de Laguiole B\u00fcffelhorn-Pfeifenf\u00fcller ist ein St\u00fcck Handwerkskunst von hoher Qualit\u00e4t und einer nat\u00fcrlichen und authentischen \u00c4sthetik.<\/p>\n<p>Dieser aus B\u00fcffelhorn gefertigte Pfeifenf\u00fcller von Forge de Laguiole ist das Ergebnis sorgf\u00e4ltiger Arbeit. B\u00fcffelhorn bietet Dichte und Robustheit, die es zu einem idealen Material f\u00fcr diesen Zweck machen. Dar\u00fcber hinaus zeichnet es sich durch eine nat\u00fcrliche Variation von Farbt\u00f6nen von tiefem Schwarz bis Hellbraun aus, die dem Objekt eine organische Note verleihen.  <\/p>\n<p>Der Laguiole Forge Pipe Filler wurde entwickelt, um den Tabak gleichm\u00e4\u00dfig in die Pfeife zu packen und so ein sanftes Abbrennen und ein optimales Raucherlebnis zu gew\u00e4hrleisten. Die ergonomische Form des Rohrf\u00fcllers erm\u00f6glicht einen bequemen und effizienten Griff. <\/p>\n<p>Wenn Sie sich f\u00fcr einen Pfeifenf\u00fcller aus B\u00fcffelhorn von Laguiole entscheiden, erwerben Sie ein Accessoire, das raffinierte \u00c4sthetik mit \u00fcberlegener Funktionalit\u00e4t verbindet. Es ist ein Objekt, das das Engagement f\u00fcr hochwertige Handwerkskunst und die Bewahrung von Traditionen widerspiegelt. Jede Verwendung dieses Pfeifenf\u00fcllers ist eine Hommage an die Kunst des Pfeifenrauchens mit Eleganz und Authentizit\u00e4t.  <\/p>\n","protected":false},"excerpt":{"rendered":"<p>Laguiole<br \/>\nForge Pfeifenf\u00fcller Geschlossen Gr\u00f6\u00dfe: 10 cm<br \/>\nGriff: Buffalo<br \/>\nBolsters 2 (davon 1 flach zum Pressen von Tabak): Gl\u00e4nzender Edelstahl<br \/>\nSchaber Klinge: Gl\u00e4nzender<br \/>\nEdelstahl Klingengr\u00f6\u00dfe: 6cm<br \/>\nPfeifenreiniger: Gl\u00e4nzender<br \/>\nEdelstahl Pfeifenreiniger Gr\u00f6\u00dfe: 6 cm<\/p>\n","protected":false},"featured_media":40486,"template":"","meta":{"_acf_changed":false,"_monsterinsights_skip_tracking":false,"_monsterinsights_sitenote_active":false,"_monsterinsights_sitenote_note":"","_monsterinsights_sitenote_category":0},"product_brand":[],"product_cat":[5937],"product_tag":[],"class_list":{"0":"post-40484","1":"product","2":"type-product","3":"status-publish","4":"has-post-thumbnail","6":"product_cat-laguiole-zigarrenschneider-und-pfeifenstopfer","7":"pa_lame-glaenzender-edelstahl","8":"pa_manche-en-matiere-animale-bueffel","9":"pa_marque-forge-de-laguiole","10":"pa_mitres-2-gehrungen","11":"pa_mitres-glaenzender-edelstahl","12":"tm-has-options","15":"instock","16":"taxable","17":"shipping-taxable","18":"purchasable","19":"product-type-simple"},"supplier_id":null,"supplier_sku":"","barcode":null,"atum_controlled":true,"out_stock_date":null,"out_stock_threshold":null,"inheritable":false,"inbound_stock":0,"stock_on_hold":0,"sold_today":0,"sales_last_days":0,"reserved_stock":0,"customer_returns":0,"warehouse_damage":0,"lost_in_post":0,"other_logs":0,"out_stock_days":0,"lost_sales":0,"has_location":false,"update_date":"2026-05-14T01:03:57","atum_locations":[],"atum_stock_status":"instock","restock_status":false,"low_stock_amount":"","sales_update_date":"2026-05-14T01:03:57","calc_backorders":0,"acf":[],"yoast_head":"<!-- This site is optimized with the Yoast SEO plugin v27.3 - https:\/\/yoast.com\/product\/yoast-seo-wordpress\/ -->\n<title>Laguiole Buffalo Forge Pfeifenf\u00fcllung - Laguiole.com \u00ae<\/title>\n<meta name=\"description\" content=\"Der Laguiole Pfeifenf\u00fcller ist ein weiteres Meisterwerk des Bestecks. Er wurde speziell entwickelt, um den Tabak gleichm\u00e4\u00dfig in die Pfeife zu packen und so einen gleichm\u00e4\u00dfigen Abbrand und einen optimalen Geschmack zu gew\u00e4hrleisten. Wie der Zigarrenschneider wird auch der Laguiole Pfeifenf\u00fcller aus hochwertigen Materialien und viel Liebe zum Detail gefertigt.\" \/>\n<meta name=\"robots\" content=\"index, follow, max-snippet:-1, max-image-preview:large, max-video-preview:-1\" \/>\n<link rel=\"canonical\" href=\"https:\/\/laguiole.com\/de\/produit\/laguiole-buffalo-forge-pfeifenfuellung\/\" \/>\n<meta property=\"og:locale\" content=\"de_DE\" \/>\n<meta property=\"og:type\" content=\"article\" \/>\n<meta property=\"og:title\" content=\"Laguiole Buffalo Forge Pfeifenf\u00fcllung - Laguiole.com \u00ae\" \/>\n<meta property=\"og:description\" content=\"Der Laguiole Pfeifenf\u00fcller ist ein weiteres Meisterwerk des Bestecks. Er wurde speziell entwickelt, um den Tabak gleichm\u00e4\u00dfig in die Pfeife zu packen und so einen gleichm\u00e4\u00dfigen Abbrand und einen optimalen Geschmack zu gew\u00e4hrleisten. Wie der Zigarrenschneider wird auch der Laguiole Pfeifenf\u00fcller aus hochwertigen Materialien und viel Liebe zum Detail gefertigt.\" \/>\n<meta property=\"og:url\" content=\"https:\/\/laguiole.com\/de\/produit\/laguiole-buffalo-forge-pfeifenfuellung\/\" \/>\n<meta property=\"og:site_name\" content=\"Laguiole.com \u00ae\" \/>\n<meta property=\"article:publisher\" content=\"https:\/\/www.facebook.com\/laguiolecom\/\" \/>\n<meta property=\"article:modified_time\" content=\"2026-03-25T10:55:19+00:00\" \/>\n<meta property=\"og:image\" content=\"https:\/\/laguiole.com\/wp-content\/uploads\/2023\/07\/Calumet_Bourre_Pipe_FDL_Corne_Foncee_00.jpg\" \/>\n\t<meta property=\"og:image:width\" content=\"1033\" \/>\n\t<meta property=\"og:image:height\" content=\"1033\" \/>\n\t<meta property=\"og:image:type\" content=\"image\/jpeg\" \/>\n<meta name=\"twitter:card\" content=\"summary_large_image\" \/>\n<meta name=\"twitter:label1\" content=\"Gesch\u00e4tzte Lesezeit\" \/>\n\t<meta name=\"twitter:data1\" content=\"1\u00a0Minute\" \/>\n<script type=\"application\/ld+json\" class=\"yoast-schema-graph\">{\"@context\":\"https:\\\/\\\/schema.org\",\"@graph\":[{\"@type\":\"WebPage\",\"@id\":\"https:\\\/\\\/laguiole.com\\\/de\\\/produit\\\/laguiole-buffalo-forge-pfeifenfuellung\\\/\",\"url\":\"https:\\\/\\\/laguiole.com\\\/de\\\/produit\\\/laguiole-buffalo-forge-pfeifenfuellung\\\/\",\"name\":\"Laguiole Buffalo Forge Pfeifenf\u00fcllung - Laguiole.com \u00ae\",\"isPartOf\":{\"@id\":\"https:\\\/\\\/laguiole.com\\\/de\\\/#website\"},\"primaryImageOfPage\":{\"@id\":\"https:\\\/\\\/laguiole.com\\\/de\\\/produit\\\/laguiole-buffalo-forge-pfeifenfuellung\\\/#primaryimage\"},\"image\":{\"@id\":\"https:\\\/\\\/laguiole.com\\\/de\\\/produit\\\/laguiole-buffalo-forge-pfeifenfuellung\\\/#primaryimage\"},\"thumbnailUrl\":\"https:\\\/\\\/laguiole.com\\\/wp-content\\\/uploads\\\/2023\\\/07\\\/Calumet_Bourre_Pipe_FDL_Corne_Foncee_00.jpg\",\"datePublished\":\"2023-07-11T16:58:56+00:00\",\"dateModified\":\"2026-03-25T10:55:19+00:00\",\"description\":\"Der Laguiole Pfeifenf\u00fcller ist ein weiteres Meisterwerk des Bestecks. Er wurde speziell entwickelt, um den Tabak gleichm\u00e4\u00dfig in die Pfeife zu packen und so einen gleichm\u00e4\u00dfigen Abbrand und einen optimalen Geschmack zu gew\u00e4hrleisten. Wie der Zigarrenschneider wird auch der Laguiole Pfeifenf\u00fcller aus hochwertigen Materialien und viel Liebe zum Detail gefertigt.\",\"breadcrumb\":{\"@id\":\"https:\\\/\\\/laguiole.com\\\/de\\\/produit\\\/laguiole-buffalo-forge-pfeifenfuellung\\\/#breadcrumb\"},\"inLanguage\":\"de\",\"potentialAction\":[{\"@type\":\"ReadAction\",\"target\":[\"https:\\\/\\\/laguiole.com\\\/de\\\/produit\\\/laguiole-buffalo-forge-pfeifenfuellung\\\/\"]}]},{\"@type\":\"ImageObject\",\"inLanguage\":\"de\",\"@id\":\"https:\\\/\\\/laguiole.com\\\/de\\\/produit\\\/laguiole-buffalo-forge-pfeifenfuellung\\\/#primaryimage\",\"url\":\"https:\\\/\\\/laguiole.com\\\/wp-content\\\/uploads\\\/2023\\\/07\\\/Calumet_Bourre_Pipe_FDL_Corne_Foncee_00.jpg\",\"contentUrl\":\"https:\\\/\\\/laguiole.com\\\/wp-content\\\/uploads\\\/2023\\\/07\\\/Calumet_Bourre_Pipe_FDL_Corne_Foncee_00.jpg\",\"width\":1033,\"height\":1033,\"caption\":\"Laguiole Buffalo Forge Pfeifenf\u00fcllung\"},{\"@type\":\"BreadcrumbList\",\"@id\":\"https:\\\/\\\/laguiole.com\\\/de\\\/produit\\\/laguiole-buffalo-forge-pfeifenfuellung\\\/#breadcrumb\",\"itemListElement\":[{\"@type\":\"ListItem\",\"position\":1,\"name\":\"Accueil\",\"item\":\"https:\\\/\\\/laguiole.com\\\/de\\\/\"},{\"@type\":\"ListItem\",\"position\":2,\"name\":\"Shop\",\"item\":\"https:\\\/\\\/laguiole.com\\\/de\\\/shop-2\\\/\"},{\"@type\":\"ListItem\",\"position\":3,\"name\":\"Laguiole Buffalo Forge Pfeifenf\u00fcllung\"}]},{\"@type\":\"WebSite\",\"@id\":\"https:\\\/\\\/laguiole.com\\\/de\\\/#website\",\"url\":\"https:\\\/\\\/laguiole.com\\\/de\\\/\",\"name\":\"Laguiole.com\",\"description\":\"Laguiole - Couteau laguiole, Chateau Laguiole, Laguiole en Aubrac, Forge de Laguiole\",\"publisher\":{\"@id\":\"https:\\\/\\\/laguiole.com\\\/de\\\/#organization\"},\"potentialAction\":[{\"@type\":\"SearchAction\",\"target\":{\"@type\":\"EntryPoint\",\"urlTemplate\":\"https:\\\/\\\/laguiole.com\\\/de\\\/?s={search_term_string}\"},\"query-input\":{\"@type\":\"PropertyValueSpecification\",\"valueRequired\":true,\"valueName\":\"search_term_string\"}}],\"inLanguage\":\"de\"},{\"@type\":\"Organization\",\"@id\":\"https:\\\/\\\/laguiole.com\\\/de\\\/#organization\",\"name\":\"Laguiole.com\",\"url\":\"https:\\\/\\\/laguiole.com\\\/de\\\/\",\"logo\":{\"@type\":\"ImageObject\",\"inLanguage\":\"de\",\"@id\":\"https:\\\/\\\/laguiole.com\\\/de\\\/#\\\/schema\\\/logo\\\/image\\\/\",\"url\":\"https:\\\/\\\/laguiole.com\\\/wp-content\\\/uploads\\\/2021\\\/02\\\/logo_laguiole.com-horizontal.jpg\",\"contentUrl\":\"https:\\\/\\\/laguiole.com\\\/wp-content\\\/uploads\\\/2021\\\/02\\\/logo_laguiole.com-horizontal.jpg\",\"width\":490,\"height\":156,\"caption\":\"Laguiole.com\"},\"image\":{\"@id\":\"https:\\\/\\\/laguiole.com\\\/de\\\/#\\\/schema\\\/logo\\\/image\\\/\"},\"sameAs\":[\"https:\\\/\\\/www.facebook.com\\\/laguiolecom\\\/\",\"https:\\\/\\\/www.instagram.com\\\/laguiolecom\\\/\",\"https:\\\/\\\/www.youtube.com\\\/@laguiolecom\\\/videos\"]}]}<\/script>\n<!-- \/ Yoast SEO plugin. -->","yoast_head_json":{"title":"Laguiole Buffalo Forge Pfeifenf\u00fcllung - Laguiole.com \u00ae","description":"Der Laguiole Pfeifenf\u00fcller ist ein weiteres Meisterwerk des Bestecks. Er wurde speziell entwickelt, um den Tabak gleichm\u00e4\u00dfig in die Pfeife zu packen und so einen gleichm\u00e4\u00dfigen Abbrand und einen optimalen Geschmack zu gew\u00e4hrleisten. Wie der Zigarrenschneider wird auch der Laguiole Pfeifenf\u00fcller aus hochwertigen Materialien und viel Liebe zum Detail gefertigt.","robots":{"index":"index","follow":"follow","max-snippet":"max-snippet:-1","max-image-preview":"max-image-preview:large","max-video-preview":"max-video-preview:-1"},"canonical":"https:\/\/laguiole.com\/de\/produit\/laguiole-buffalo-forge-pfeifenfuellung\/","og_locale":"de_DE","og_type":"article","og_title":"Laguiole Buffalo Forge Pfeifenf\u00fcllung - Laguiole.com \u00ae","og_description":"Der Laguiole Pfeifenf\u00fcller ist ein weiteres Meisterwerk des Bestecks. Er wurde speziell entwickelt, um den Tabak gleichm\u00e4\u00dfig in die Pfeife zu packen und so einen gleichm\u00e4\u00dfigen Abbrand und einen optimalen Geschmack zu gew\u00e4hrleisten. Wie der Zigarrenschneider wird auch der Laguiole Pfeifenf\u00fcller aus hochwertigen Materialien und viel Liebe zum Detail gefertigt.","og_url":"https:\/\/laguiole.com\/de\/produit\/laguiole-buffalo-forge-pfeifenfuellung\/","og_site_name":"Laguiole.com \u00ae","article_publisher":"https:\/\/www.facebook.com\/laguiolecom\/","article_modified_time":"2026-03-25T10:55:19+00:00","og_image":[{"width":1033,"height":1033,"url":"https:\/\/laguiole.com\/wp-content\/uploads\/2023\/07\/Calumet_Bourre_Pipe_FDL_Corne_Foncee_00.jpg","type":"image\/jpeg"}],"twitter_card":"summary_large_image","twitter_misc":{"Gesch\u00e4tzte Lesezeit":"1\u00a0Minute"},"schema":{"@context":"https:\/\/schema.org","@graph":[{"@type":"WebPage","@id":"https:\/\/laguiole.com\/de\/produit\/laguiole-buffalo-forge-pfeifenfuellung\/","url":"https:\/\/laguiole.com\/de\/produit\/laguiole-buffalo-forge-pfeifenfuellung\/","name":"Laguiole Buffalo Forge Pfeifenf\u00fcllung - Laguiole.com \u00ae","isPartOf":{"@id":"https:\/\/laguiole.com\/de\/#website"},"primaryImageOfPage":{"@id":"https:\/\/laguiole.com\/de\/produit\/laguiole-buffalo-forge-pfeifenfuellung\/#primaryimage"},"image":{"@id":"https:\/\/laguiole.com\/de\/produit\/laguiole-buffalo-forge-pfeifenfuellung\/#primaryimage"},"thumbnailUrl":"https:\/\/laguiole.com\/wp-content\/uploads\/2023\/07\/Calumet_Bourre_Pipe_FDL_Corne_Foncee_00.jpg","datePublished":"2023-07-11T16:58:56+00:00","dateModified":"2026-03-25T10:55:19+00:00","description":"Der Laguiole Pfeifenf\u00fcller ist ein weiteres Meisterwerk des Bestecks. Er wurde speziell entwickelt, um den Tabak gleichm\u00e4\u00dfig in die Pfeife zu packen und so einen gleichm\u00e4\u00dfigen Abbrand und einen optimalen Geschmack zu gew\u00e4hrleisten. Wie der Zigarrenschneider wird auch der Laguiole Pfeifenf\u00fcller aus hochwertigen Materialien und viel Liebe zum Detail gefertigt.","breadcrumb":{"@id":"https:\/\/laguiole.com\/de\/produit\/laguiole-buffalo-forge-pfeifenfuellung\/#breadcrumb"},"inLanguage":"de","potentialAction":[{"@type":"ReadAction","target":["https:\/\/laguiole.com\/de\/produit\/laguiole-buffalo-forge-pfeifenfuellung\/"]}]},{"@type":"ImageObject","inLanguage":"de","@id":"https:\/\/laguiole.com\/de\/produit\/laguiole-buffalo-forge-pfeifenfuellung\/#primaryimage","url":"https:\/\/laguiole.com\/wp-content\/uploads\/2023\/07\/Calumet_Bourre_Pipe_FDL_Corne_Foncee_00.jpg","contentUrl":"https:\/\/laguiole.com\/wp-content\/uploads\/2023\/07\/Calumet_Bourre_Pipe_FDL_Corne_Foncee_00.jpg","width":1033,"height":1033,"caption":"Laguiole Buffalo Forge Pfeifenf\u00fcllung"},{"@type":"BreadcrumbList","@id":"https:\/\/laguiole.com\/de\/produit\/laguiole-buffalo-forge-pfeifenfuellung\/#breadcrumb","itemListElement":[{"@type":"ListItem","position":1,"name":"Accueil","item":"https:\/\/laguiole.com\/de\/"},{"@type":"ListItem","position":2,"name":"Shop","item":"https:\/\/laguiole.com\/de\/shop-2\/"},{"@type":"ListItem","position":3,"name":"Laguiole Buffalo Forge Pfeifenf\u00fcllung"}]},{"@type":"WebSite","@id":"https:\/\/laguiole.com\/de\/#website","url":"https:\/\/laguiole.com\/de\/","name":"Laguiole.com","description":"Laguiole - Couteau laguiole, Chateau Laguiole, Laguiole en Aubrac, Forge de Laguiole","publisher":{"@id":"https:\/\/laguiole.com\/de\/#organization"},"potentialAction":[{"@type":"SearchAction","target":{"@type":"EntryPoint","urlTemplate":"https:\/\/laguiole.com\/de\/?s={search_term_string}"},"query-input":{"@type":"PropertyValueSpecification","valueRequired":true,"valueName":"search_term_string"}}],"inLanguage":"de"},{"@type":"Organization","@id":"https:\/\/laguiole.com\/de\/#organization","name":"Laguiole.com","url":"https:\/\/laguiole.com\/de\/","logo":{"@type":"ImageObject","inLanguage":"de","@id":"https:\/\/laguiole.com\/de\/#\/schema\/logo\/image\/","url":"https:\/\/laguiole.com\/wp-content\/uploads\/2021\/02\/logo_laguiole.com-horizontal.jpg","contentUrl":"https:\/\/laguiole.com\/wp-content\/uploads\/2021\/02\/logo_laguiole.com-horizontal.jpg","width":490,"height":156,"caption":"Laguiole.com"},"image":{"@id":"https:\/\/laguiole.com\/de\/#\/schema\/logo\/image\/"},"sameAs":["https:\/\/www.facebook.com\/laguiolecom\/","https:\/\/www.instagram.com\/laguiolecom\/","https:\/\/www.youtube.com\/@laguiolecom\/videos"]}]}},"_links":{"self":[{"href":"https:\/\/laguiole.com\/de\/wp-json\/wp\/v2\/product\/40484","targetHints":{"allow":["GET"]}}],"collection":[{"href":"https:\/\/laguiole.com\/de\/wp-json\/wp\/v2\/product"}],"about":[{"href":"https:\/\/laguiole.com\/de\/wp-json\/wp\/v2\/types\/product"}],"version-history":[{"count":0,"href":"https:\/\/laguiole.com\/de\/wp-json\/wp\/v2\/product\/40484\/revisions"}],"wp:featuredmedia":[{"embeddable":true,"href":"https:\/\/laguiole.com\/de\/wp-json\/wp\/v2\/media\/40486"}],"wp:attachment":[{"href":"https:\/\/laguiole.com\/de\/wp-json\/wp\/v2\/media?parent=40484"}],"wp:term":[{"taxonomy":"product_brand","embeddable":true,"href":"https:\/\/laguiole.com\/de\/wp-json\/wp\/v2\/product_brand?post=40484"},{"taxonomy":"product_cat","embeddable":true,"href":"https:\/\/laguiole.com\/de\/wp-json\/wp\/v2\/product_cat?post=40484"},{"taxonomy":"product_tag","embeddable":true,"href":"https:\/\/laguiole.com\/de\/wp-json\/wp\/v2\/product_tag?post=40484"}],"curies":[{"name":"wp","href":"https:\/\/api.w.org\/{rel}","templated":true}]}}