{"id":40422,"date":"2023-07-10T13:27:55","date_gmt":"2023-07-10T11:27:55","guid":{"rendered":"https:\/\/laguiole.com\/produit\/plisson-essential-access-range-rasierpinsel-silbergrau\/"},"modified":"2023-07-10T13:27:55","modified_gmt":"2023-07-10T11:27:55","slug":"plisson-essential-access-range-rasierpinsel-silbergrau","status":"publish","type":"product","link":"https:\/\/laguiole.com\/de\/produit\/plisson-essential-access-range-rasierpinsel-silbergrau\/","title":{"rendered":"Plisson Essential Access Range Rasierpinsel Silbergrau"},"content":{"rendered":"<p>Sch\u00f6ner Rasierpinsel aus der Essential Access-Reihe<\/p>\n<p>WIE BENUTZT MAN:<\/p>\n<p>1\/ Mit der Bartseife:<br \/>\nWenn Ihr Gesicht vorher nass ist (idealerweise, wenn Sie aus der Dusche kommen),<br \/>\n halten Sie Ihren Rasierpinsel schnell unter warmes Wasser und emulgieren Sie die Seife in der Sch\u00fcssel (ohne die Haare zu zerdr\u00fccken), bis Sie einen dicken und cremigen Schaum haben.<br \/>\nTragen Sie es in kreisenden Bewegungen ein bis zwei Minuten lang auf das Gesicht auf, um das Haar auf Ihrem Bart ausreichend weich und gl\u00e4ttbar zu machen.<\/p>\n<p>2\/ Mit der Rasiercreme:<br \/>\nSobald Ihr Gesicht vorbereitet und der Rasierpinsel mit warmem Wasser angefeuchtet ist, geben Sie einen Klecks Creme auf die Oberseite des Pinsels und seifen Sie das Gesicht wie oben beschrieben ein bis zwei Minuten lang ein.<br \/>\nEinige Benutzer bevorzugen es, direkt mit der Tube eine Spur Creme direkt auf jede Wange aufzutragen, die sie dann mit der B\u00fcrste emulgieren.<\/p>\n<p>INSTANDHALTUNG:<\/p>\n<p>Um die Eigenschaften Ihrer Bartb\u00fcrste \u00fcber viele Jahre zu erhalten, empfehlen wir, sie nach jedem Gebrauch gut auszusp\u00fclen, um alle Spuren von Creme oder Seife zu entfernen und sie abtropfen zu lassen.<br \/>\nReiben Sie es dann leicht auf einem Badetuch, bevor Sie es kopf\u00fcber auf einer geeigneten St\u00fctze aufbewahren.<\/p>\n","protected":false},"excerpt":{"rendered":"<p>Plisson Rasierpinsel Gr\u00f6\u00dfe N\u00b0 12<br \/>\nSilbergrauer<br \/>\nAcetat-Griffbesatz aus reinem russischgrauem Dachs, fest und get\u00f6nt.<br \/>\nGesamth\u00f6he des Rasierpinsels 105 mm (von der Unterseite bis zur Spitze der Borsten)<br \/>\nDurchmesser 22 mm (Ring beginnt mit den Borsten)<br \/>\nAuslass 56 mm<\/p>\n<p>Hergestellt in Frankreich<\/p>\n","protected":false},"featured_media":40425,"template":"","meta":{"_acf_changed":false,"_monsterinsights_skip_tracking":false,"_monsterinsights_sitenote_active":false,"_monsterinsights_sitenote_note":"","_monsterinsights_sitenote_category":0},"product_brand":[],"product_cat":[5960],"product_tag":[],"class_list":{"0":"post-40422","1":"product","2":"type-product","3":"status-publish","4":"has-post-thumbnail","6":"product_cat-rasiermesser-und-zubehoer","7":"pa_finition-kumpel","8":"pa_manche-en-matiere-moderne-acetat","9":"pa_marque-plissonen","10":"tm-no-options","13":"instock","14":"taxable","15":"shipping-taxable","16":"purchasable","17":"product-type-simple"},"supplier_id":null,"supplier_sku":"","barcode":null,"atum_controlled":true,"out_stock_date":null,"out_stock_threshold":null,"inheritable":false,"inbound_stock":0,"stock_on_hold":0,"sold_today":0,"sales_last_days":0,"reserved_stock":0,"customer_returns":0,"warehouse_damage":0,"lost_in_post":0,"other_logs":0,"out_stock_days":0,"lost_sales":0,"has_location":false,"update_date":"2026-05-02T00:42:08","atum_locations":[],"atum_stock_status":"instock","restock_status":false,"low_stock_amount":"","sales_update_date":"2026-05-02T00:42:08","calc_backorders":0,"acf":[],"yoast_head":"<!-- This site is optimized with the Yoast SEO plugin v27.3 - https:\/\/yoast.com\/product\/yoast-seo-wordpress\/ -->\n<title>Plisson Essential Access Range Rasierpinsel Silbergrau - Laguiole.com \u00ae<\/title>\n<meta name=\"robots\" content=\"index, follow, max-snippet:-1, max-image-preview:large, max-video-preview:-1\" \/>\n<link rel=\"canonical\" href=\"https:\/\/laguiole.com\/de\/produit\/plisson-essential-access-range-rasierpinsel-silbergrau\/\" \/>\n<meta property=\"og:locale\" content=\"de_DE\" \/>\n<meta property=\"og:type\" content=\"article\" \/>\n<meta property=\"og:title\" content=\"Plisson Essential Access Range Rasierpinsel Silbergrau - Laguiole.com \u00ae\" \/>\n<meta property=\"og:description\" content=\"Plisson Rasierpinsel Gr\u00f6\u00dfe N\u00b0 12 Silbergrauer Acetat-Griffbesatz aus reinem russischgrauem Dachs, fest und get\u00f6nt. Gesamth\u00f6he des Rasierpinsels 105 mm (von der Unterseite bis zur Spitze der Borsten) Durchmesser 22 mm (Ring beginnt mit den Borsten) Auslass 56 mm Hergestellt in Frankreich\" \/>\n<meta property=\"og:url\" content=\"https:\/\/laguiole.com\/de\/produit\/plisson-essential-access-range-rasierpinsel-silbergrau\/\" \/>\n<meta property=\"og:site_name\" content=\"Laguiole.com \u00ae\" \/>\n<meta property=\"article:publisher\" content=\"https:\/\/www.facebook.com\/laguiolecom\/\" \/>\n<meta property=\"og:image\" content=\"https:\/\/laguiole.com\/wp-content\/uploads\/2023\/07\/Blaireau_Plisson_Gamme_Essentiel_Access_Gris_01.jpg\" \/>\n\t<meta property=\"og:image:width\" content=\"1033\" \/>\n\t<meta property=\"og:image:height\" content=\"1033\" \/>\n\t<meta property=\"og:image:type\" content=\"image\/jpeg\" \/>\n<meta name=\"twitter:card\" content=\"summary_large_image\" \/>\n<meta name=\"twitter:label1\" content=\"Gesch\u00e4tzte Lesezeit\" \/>\n\t<meta name=\"twitter:data1\" content=\"1\u00a0Minute\" \/>\n<script type=\"application\/ld+json\" class=\"yoast-schema-graph\">{\"@context\":\"https:\\\/\\\/schema.org\",\"@graph\":[{\"@type\":\"WebPage\",\"@id\":\"https:\\\/\\\/laguiole.com\\\/de\\\/produit\\\/plisson-essential-access-range-rasierpinsel-silbergrau\\\/\",\"url\":\"https:\\\/\\\/laguiole.com\\\/de\\\/produit\\\/plisson-essential-access-range-rasierpinsel-silbergrau\\\/\",\"name\":\"Plisson Essential Access Range Rasierpinsel Silbergrau - Laguiole.com \u00ae\",\"isPartOf\":{\"@id\":\"https:\\\/\\\/laguiole.com\\\/de\\\/#website\"},\"primaryImageOfPage\":{\"@id\":\"https:\\\/\\\/laguiole.com\\\/de\\\/produit\\\/plisson-essential-access-range-rasierpinsel-silbergrau\\\/#primaryimage\"},\"image\":{\"@id\":\"https:\\\/\\\/laguiole.com\\\/de\\\/produit\\\/plisson-essential-access-range-rasierpinsel-silbergrau\\\/#primaryimage\"},\"thumbnailUrl\":\"https:\\\/\\\/laguiole.com\\\/wp-content\\\/uploads\\\/2023\\\/07\\\/Blaireau_Plisson_Gamme_Essentiel_Access_Gris_01.jpg\",\"datePublished\":\"2023-07-10T11:27:55+00:00\",\"breadcrumb\":{\"@id\":\"https:\\\/\\\/laguiole.com\\\/de\\\/produit\\\/plisson-essential-access-range-rasierpinsel-silbergrau\\\/#breadcrumb\"},\"inLanguage\":\"de\",\"potentialAction\":[{\"@type\":\"ReadAction\",\"target\":[\"https:\\\/\\\/laguiole.com\\\/de\\\/produit\\\/plisson-essential-access-range-rasierpinsel-silbergrau\\\/\"]}]},{\"@type\":\"ImageObject\",\"inLanguage\":\"de\",\"@id\":\"https:\\\/\\\/laguiole.com\\\/de\\\/produit\\\/plisson-essential-access-range-rasierpinsel-silbergrau\\\/#primaryimage\",\"url\":\"https:\\\/\\\/laguiole.com\\\/wp-content\\\/uploads\\\/2023\\\/07\\\/Blaireau_Plisson_Gamme_Essentiel_Access_Gris_01.jpg\",\"contentUrl\":\"https:\\\/\\\/laguiole.com\\\/wp-content\\\/uploads\\\/2023\\\/07\\\/Blaireau_Plisson_Gamme_Essentiel_Access_Gris_01.jpg\",\"width\":1033,\"height\":1033,\"caption\":\"Plisson Essential Access Range Rasierpinsel Silbergrau\"},{\"@type\":\"BreadcrumbList\",\"@id\":\"https:\\\/\\\/laguiole.com\\\/de\\\/produit\\\/plisson-essential-access-range-rasierpinsel-silbergrau\\\/#breadcrumb\",\"itemListElement\":[{\"@type\":\"ListItem\",\"position\":1,\"name\":\"Accueil\",\"item\":\"https:\\\/\\\/laguiole.com\\\/de\\\/\"},{\"@type\":\"ListItem\",\"position\":2,\"name\":\"Shop\",\"item\":\"https:\\\/\\\/laguiole.com\\\/de\\\/shop-2\\\/\"},{\"@type\":\"ListItem\",\"position\":3,\"name\":\"Plisson Essential Access Range Rasierpinsel Silbergrau\"}]},{\"@type\":\"WebSite\",\"@id\":\"https:\\\/\\\/laguiole.com\\\/de\\\/#website\",\"url\":\"https:\\\/\\\/laguiole.com\\\/de\\\/\",\"name\":\"Laguiole.com\",\"description\":\"Laguiole - Couteau laguiole, Chateau Laguiole, Laguiole en Aubrac, Forge de Laguiole\",\"publisher\":{\"@id\":\"https:\\\/\\\/laguiole.com\\\/de\\\/#organization\"},\"potentialAction\":[{\"@type\":\"SearchAction\",\"target\":{\"@type\":\"EntryPoint\",\"urlTemplate\":\"https:\\\/\\\/laguiole.com\\\/de\\\/?s={search_term_string}\"},\"query-input\":{\"@type\":\"PropertyValueSpecification\",\"valueRequired\":true,\"valueName\":\"search_term_string\"}}],\"inLanguage\":\"de\"},{\"@type\":\"Organization\",\"@id\":\"https:\\\/\\\/laguiole.com\\\/de\\\/#organization\",\"name\":\"Laguiole.com\",\"url\":\"https:\\\/\\\/laguiole.com\\\/de\\\/\",\"logo\":{\"@type\":\"ImageObject\",\"inLanguage\":\"de\",\"@id\":\"https:\\\/\\\/laguiole.com\\\/de\\\/#\\\/schema\\\/logo\\\/image\\\/\",\"url\":\"https:\\\/\\\/laguiole.com\\\/wp-content\\\/uploads\\\/2021\\\/02\\\/logo_laguiole.com-horizontal.jpg\",\"contentUrl\":\"https:\\\/\\\/laguiole.com\\\/wp-content\\\/uploads\\\/2021\\\/02\\\/logo_laguiole.com-horizontal.jpg\",\"width\":490,\"height\":156,\"caption\":\"Laguiole.com\"},\"image\":{\"@id\":\"https:\\\/\\\/laguiole.com\\\/de\\\/#\\\/schema\\\/logo\\\/image\\\/\"},\"sameAs\":[\"https:\\\/\\\/www.facebook.com\\\/laguiolecom\\\/\",\"https:\\\/\\\/www.instagram.com\\\/laguiolecom\\\/\",\"https:\\\/\\\/www.youtube.com\\\/@laguiolecom\\\/videos\"]}]}<\/script>\n<!-- \/ Yoast SEO plugin. -->","yoast_head_json":{"title":"Plisson Essential Access Range Rasierpinsel Silbergrau - Laguiole.com \u00ae","robots":{"index":"index","follow":"follow","max-snippet":"max-snippet:-1","max-image-preview":"max-image-preview:large","max-video-preview":"max-video-preview:-1"},"canonical":"https:\/\/laguiole.com\/de\/produit\/plisson-essential-access-range-rasierpinsel-silbergrau\/","og_locale":"de_DE","og_type":"article","og_title":"Plisson Essential Access Range Rasierpinsel Silbergrau - Laguiole.com \u00ae","og_description":"Plisson Rasierpinsel Gr\u00f6\u00dfe N\u00b0 12 Silbergrauer Acetat-Griffbesatz aus reinem russischgrauem Dachs, fest und get\u00f6nt. Gesamth\u00f6he des Rasierpinsels 105 mm (von der Unterseite bis zur Spitze der Borsten) Durchmesser 22 mm (Ring beginnt mit den Borsten) Auslass 56 mm Hergestellt in Frankreich","og_url":"https:\/\/laguiole.com\/de\/produit\/plisson-essential-access-range-rasierpinsel-silbergrau\/","og_site_name":"Laguiole.com \u00ae","article_publisher":"https:\/\/www.facebook.com\/laguiolecom\/","og_image":[{"width":1033,"height":1033,"url":"https:\/\/laguiole.com\/wp-content\/uploads\/2023\/07\/Blaireau_Plisson_Gamme_Essentiel_Access_Gris_01.jpg","type":"image\/jpeg"}],"twitter_card":"summary_large_image","twitter_misc":{"Gesch\u00e4tzte Lesezeit":"1\u00a0Minute"},"schema":{"@context":"https:\/\/schema.org","@graph":[{"@type":"WebPage","@id":"https:\/\/laguiole.com\/de\/produit\/plisson-essential-access-range-rasierpinsel-silbergrau\/","url":"https:\/\/laguiole.com\/de\/produit\/plisson-essential-access-range-rasierpinsel-silbergrau\/","name":"Plisson Essential Access Range Rasierpinsel Silbergrau - Laguiole.com \u00ae","isPartOf":{"@id":"https:\/\/laguiole.com\/de\/#website"},"primaryImageOfPage":{"@id":"https:\/\/laguiole.com\/de\/produit\/plisson-essential-access-range-rasierpinsel-silbergrau\/#primaryimage"},"image":{"@id":"https:\/\/laguiole.com\/de\/produit\/plisson-essential-access-range-rasierpinsel-silbergrau\/#primaryimage"},"thumbnailUrl":"https:\/\/laguiole.com\/wp-content\/uploads\/2023\/07\/Blaireau_Plisson_Gamme_Essentiel_Access_Gris_01.jpg","datePublished":"2023-07-10T11:27:55+00:00","breadcrumb":{"@id":"https:\/\/laguiole.com\/de\/produit\/plisson-essential-access-range-rasierpinsel-silbergrau\/#breadcrumb"},"inLanguage":"de","potentialAction":[{"@type":"ReadAction","target":["https:\/\/laguiole.com\/de\/produit\/plisson-essential-access-range-rasierpinsel-silbergrau\/"]}]},{"@type":"ImageObject","inLanguage":"de","@id":"https:\/\/laguiole.com\/de\/produit\/plisson-essential-access-range-rasierpinsel-silbergrau\/#primaryimage","url":"https:\/\/laguiole.com\/wp-content\/uploads\/2023\/07\/Blaireau_Plisson_Gamme_Essentiel_Access_Gris_01.jpg","contentUrl":"https:\/\/laguiole.com\/wp-content\/uploads\/2023\/07\/Blaireau_Plisson_Gamme_Essentiel_Access_Gris_01.jpg","width":1033,"height":1033,"caption":"Plisson Essential Access Range Rasierpinsel Silbergrau"},{"@type":"BreadcrumbList","@id":"https:\/\/laguiole.com\/de\/produit\/plisson-essential-access-range-rasierpinsel-silbergrau\/#breadcrumb","itemListElement":[{"@type":"ListItem","position":1,"name":"Accueil","item":"https:\/\/laguiole.com\/de\/"},{"@type":"ListItem","position":2,"name":"Shop","item":"https:\/\/laguiole.com\/de\/shop-2\/"},{"@type":"ListItem","position":3,"name":"Plisson Essential Access Range Rasierpinsel Silbergrau"}]},{"@type":"WebSite","@id":"https:\/\/laguiole.com\/de\/#website","url":"https:\/\/laguiole.com\/de\/","name":"Laguiole.com","description":"Laguiole - Couteau laguiole, Chateau Laguiole, Laguiole en Aubrac, Forge de Laguiole","publisher":{"@id":"https:\/\/laguiole.com\/de\/#organization"},"potentialAction":[{"@type":"SearchAction","target":{"@type":"EntryPoint","urlTemplate":"https:\/\/laguiole.com\/de\/?s={search_term_string}"},"query-input":{"@type":"PropertyValueSpecification","valueRequired":true,"valueName":"search_term_string"}}],"inLanguage":"de"},{"@type":"Organization","@id":"https:\/\/laguiole.com\/de\/#organization","name":"Laguiole.com","url":"https:\/\/laguiole.com\/de\/","logo":{"@type":"ImageObject","inLanguage":"de","@id":"https:\/\/laguiole.com\/de\/#\/schema\/logo\/image\/","url":"https:\/\/laguiole.com\/wp-content\/uploads\/2021\/02\/logo_laguiole.com-horizontal.jpg","contentUrl":"https:\/\/laguiole.com\/wp-content\/uploads\/2021\/02\/logo_laguiole.com-horizontal.jpg","width":490,"height":156,"caption":"Laguiole.com"},"image":{"@id":"https:\/\/laguiole.com\/de\/#\/schema\/logo\/image\/"},"sameAs":["https:\/\/www.facebook.com\/laguiolecom\/","https:\/\/www.instagram.com\/laguiolecom\/","https:\/\/www.youtube.com\/@laguiolecom\/videos"]}]}},"_links":{"self":[{"href":"https:\/\/laguiole.com\/de\/wp-json\/wp\/v2\/product\/40422","targetHints":{"allow":["GET"]}}],"collection":[{"href":"https:\/\/laguiole.com\/de\/wp-json\/wp\/v2\/product"}],"about":[{"href":"https:\/\/laguiole.com\/de\/wp-json\/wp\/v2\/types\/product"}],"version-history":[{"count":0,"href":"https:\/\/laguiole.com\/de\/wp-json\/wp\/v2\/product\/40422\/revisions"}],"wp:featuredmedia":[{"embeddable":true,"href":"https:\/\/laguiole.com\/de\/wp-json\/wp\/v2\/media\/40425"}],"wp:attachment":[{"href":"https:\/\/laguiole.com\/de\/wp-json\/wp\/v2\/media?parent=40422"}],"wp:term":[{"taxonomy":"product_brand","embeddable":true,"href":"https:\/\/laguiole.com\/de\/wp-json\/wp\/v2\/product_brand?post=40422"},{"taxonomy":"product_cat","embeddable":true,"href":"https:\/\/laguiole.com\/de\/wp-json\/wp\/v2\/product_cat?post=40422"},{"taxonomy":"product_tag","embeddable":true,"href":"https:\/\/laguiole.com\/de\/wp-json\/wp\/v2\/product_tag?post=40422"}],"curies":[{"name":"wp","href":"https:\/\/api.w.org\/{rel}","templated":true}]}}