{"id":40359,"date":"2023-07-05T19:25:44","date_gmt":"2023-07-05T17:25:44","guid":{"rendered":"https:\/\/laguiole.com\/produit\/laguiole-schinkenmesser-in-aubrac-olivier\/"},"modified":"2026-02-24T18:26:36","modified_gmt":"2026-02-24T17:26:36","slug":"laguiole-schinkenmesser-in-aubrac-olivier","status":"publish","type":"product","link":"https:\/\/laguiole.com\/de\/produit\/laguiole-schinkenmesser-in-aubrac-olivier\/","title":{"rendered":"Laguiole Schinkenmesser in Aubrac Olivier"},"content":{"rendered":"<h1 data-start=\"148\" data-end=\"207\">Laguiole-Schinkenmesser in Aubrac \u2013 Oliv-Griff<\/h1>\n<h2 data-start=\"208\" data-end=\"272\">Gl\u00e4nzende 30 cm Edelstahlklinge f\u00fcr pr\u00e4zises und elegantes Schneiden<\/h2>\n<p data-start=\"274\" data-end=\"563\">Das <strong data-start=\"277\" data-end=\"334\">Laguiole-Schinkenmesser in Aubrac aus Olivenholz<\/strong> ist darauf ausgelegt, einen langen, feinen und regelm\u00e4\u00dfigen Schnitt gro\u00dfer St\u00fccke zu erm\u00f6glichen. Handgefertigt in Frankreich, im historischen Viertel Laguiole in Aubrac, verbindet es professionelle Performance mit traditioneller Eleganz. <\/p>\n<p data-start=\"565\" data-end=\"705\">Dank seiner gro\u00dfen 30 cm langen Klinge wird er zum unverzichtbaren Werkzeug zum Schneiden von gep\u00f6keltem Schinken, gep\u00f6keltem Schinken, Prosciutto oder gro\u00dfen ger\u00f6steten St\u00fccken.<\/p>\n<hr data-start=\"707\" data-end=\"710\">\n<h2 data-start=\"712\" data-end=\"774\">Eine gro\u00dfe, 30 cm lange Klinge, speziell f\u00fcr Schinken entwickelt<\/h2>\n<p data-start=\"776\" data-end=\"1007\">Die Spezifit\u00e4t eines <strong data-start=\"796\" data-end=\"836\">Laguiole-Schinkenmessers mit 30 cm Klinge<\/strong> liegt in seiner L\u00e4nge und D\u00fcnnheit. Im Gegensatz zu einem herk\u00f6mmlichen Messer erm\u00f6glicht diese verl\u00e4ngerte Klinge, lange, durchgehende Schnitte in einer einzigen Bewegung zu machen. <\/p>\n<p data-start=\"1009\" data-end=\"1053\">Dieses Design bietet mehrere Vorteile:<\/p>\n<ul data-start=\"1055\" data-end=\"1198\">\n<li data-start=\"1055\" data-end=\"1085\">\n<p data-start=\"1057\" data-end=\"1085\">Sauberes und gleichm\u00e4\u00dfiges Schneiden<\/p>\n<\/li>\n<li data-start=\"1086\" data-end=\"1117\">\n<p data-start=\"1088\" data-end=\"1117\">D\u00fcnne, homogene Scheiben<\/p>\n<\/li>\n<li data-start=\"1118\" data-end=\"1153\">\n<p data-start=\"1120\" data-end=\"1153\">Weniger Druck auf das Fleisch<\/p>\n<\/li>\n<li data-start=\"1154\" data-end=\"1198\">\n<p data-start=\"1156\" data-end=\"1198\">Erhaltung von Textur und Fasern<\/p>\n<\/li>\n<\/ul>\n<p data-start=\"1200\" data-end=\"1397\">Seine <strong data-start=\"1203\" data-end=\"1228\">gl\u00e4nzende Edelstahlklinge<\/strong> sorgt f\u00fcr ein sanftes Gleiten und ausgezeichnete Korrosionsbest\u00e4ndigkeit. Die Gesamtl\u00e4nge des Messers erreicht 43 cm, was Stabilit\u00e4t und Pr\u00e4zision beim Schneiden gew\u00e4hrleistet. <\/p>\n<hr data-start=\"1399\" data-end=\"1402\">\n<h2 data-start=\"1404\" data-end=\"1453\">Ein untersuchtes Gleichgewicht f\u00fcr perfekte Kontrolle<\/h2>\n<p data-start=\"1455\" data-end=\"1655\">Der <strong data-start=\"1468\" data-end=\"1496\">Griff aus echtem Olivholz<\/strong> mit einer L\u00e4nge von 13 cm bietet einen bequemen und sicheren Griff. Seine nat\u00fcrliche Adern, mit warmen goldenen T\u00f6nen, macht jedes St\u00fcck einzigartig. <\/p>\n<p data-start=\"1657\" data-end=\"1713\">In Kombination mit den <strong data-start=\"1669\" data-end=\"1699\">beiden geb\u00fcrsteten Edelstahl-Bolstern<\/strong> bietet es:<\/p>\n<ul data-start=\"1715\" data-end=\"1820\">\n<li data-start=\"1715\" data-end=\"1742\">\n<p data-start=\"1717\" data-end=\"1742\">Bessere Stabilit\u00e4t<\/p>\n<\/li>\n<li data-start=\"1743\" data-end=\"1767\">\n<p data-start=\"1745\" data-end=\"1767\">Optimales Gleichgewicht<\/p>\n<\/li>\n<li data-start=\"1768\" data-end=\"1793\">\n<p data-start=\"1770\" data-end=\"1793\">Elegantes Finish<\/p>\n<\/li>\n<li data-start=\"1794\" data-end=\"1820\">\n<p data-start=\"1796\" data-end=\"1820\">Erh\u00f6hte Solidit\u00e4t<\/p>\n<\/li>\n<\/ul>\n<p data-start=\"1822\" data-end=\"1919\">So sorgt das Ganze f\u00fcr eine fl\u00fcssige und kontrollierte Geste, selbst beim Schneiden ganzer Schinken.<\/p>\n<hr data-start=\"1921\" data-end=\"1924\">\n<h2 data-start=\"1926\" data-end=\"1972\">Handgefertigt in Laguiole in Aubrac<\/h2>\n<p data-start=\"1974\" data-end=\"2252\">Jedes <strong data-start=\"1981\" data-end=\"2042\">franz\u00f6sisch hergestellte Laguiole en Aubrac-Schinkenmesser<\/strong> wird von erfahrenen Messern von Hand zusammengebaut und angepasst. In ihrem historischen Geburtsort gelegen, bewahrt die Fabrik ein Technologie, das f\u00fcr ihre Strenge und die Qualit\u00e4t ihrer Oberfl\u00e4chen bekannt ist. <\/p>\n<p data-start=\"2254\" data-end=\"2281\">Die Wahl dieses Messers bedeutet:<\/p>\n<ul data-start=\"2283\" data-end=\"2457\">\n<li data-start=\"2283\" data-end=\"2317\">\n<p data-start=\"2285\" data-end=\"2317\">F\u00f6rderung der franz\u00f6sischen Handwerkskunst<\/p>\n<\/li>\n<li data-start=\"2318\" data-end=\"2352\">\n<p data-start=\"2320\" data-end=\"2352\">Investition in ein nachhaltiges Werkzeug<\/p>\n<\/li>\n<li data-start=\"2353\" data-end=\"2402\">\n<p data-start=\"2355\" data-end=\"2402\">Er bringt eine elegante Unterschrift in seinen Dienst<\/p>\n<\/li>\n<li data-start=\"2403\" data-end=\"2457\">\n<p data-start=\"2405\" data-end=\"2457\">Sublimiere Momente des Teilens am Tisch<\/p>\n<\/li>\n<\/ul>\n<hr data-start=\"2459\" data-end=\"2462\">\n<h2 data-start=\"2464\" data-end=\"2515\">Das ideale Werkzeug f\u00fcr Liebhaber sch\u00f6ner St\u00fccke<\/h2>\n<p data-start=\"2517\" data-end=\"2673\">Dieses <strong data-start=\"2562\" data-end=\"2606\">Olivier Laguiole Schinkenmesser mit Griff<\/strong> ist f\u00fcr Gastronomiebegeisterte konzipiert und richtet sich sowohl an anspruchsvolle Amateure als auch an Profis.<\/p>\n<p data-start=\"2675\" data-end=\"2807\">Seine gro\u00dfe Klinge erm\u00f6glicht einen Schnitt, der den besten Tischen w\u00fcrdig ist, w\u00e4hrend die verfeinerte \u00c4sthetik, die typisch f\u00fcr Laguiole in Aubrac ist, beibehalten bleibt.<\/p>\n","protected":false},"excerpt":{"rendered":"<p>Laguiole Schinkenmesser in Aubrac<br \/>\nGriff: Olivier<br \/>\nGriffgr\u00f6\u00dfe: 13 cm<br \/>\nGesamtmessergr\u00f6\u00dfe: 43 cm<br \/>\nKlingengr\u00f6\u00dfe: 30 cm<br \/>\nKlinge: Gl\u00e4nzender<br \/>\nEdelstahl Kropf: 2 geb\u00fcrsteter Edelstahl<\/p>\n","protected":false},"featured_media":40361,"template":"","meta":{"_acf_changed":false,"_monsterinsights_skip_tracking":false,"_monsterinsights_sitenote_active":false,"_monsterinsights_sitenote_note":"","_monsterinsights_sitenote_category":0},"product_brand":[],"product_cat":[5934],"product_tag":[],"class_list":{"0":"post-40359","1":"product","2":"type-product","3":"status-publish","4":"has-post-thumbnail","6":"product_cat-laguiole-spezialmesser-und-zubehoer","7":"pa_lame-glaenzender-edelstahl","8":"pa_manche-en-bois-olive","9":"pa_marque-laguiole-en-aubracfr","10":"pa_mitres-2-gehrungen","11":"pa_mitres-gebuersteter-edelstahl","12":"tm-has-options","15":"instock","16":"taxable","17":"shipping-taxable","18":"purchasable","19":"product-type-simple"},"supplier_id":null,"supplier_sku":"","barcode":null,"atum_controlled":true,"out_stock_date":null,"out_stock_threshold":null,"inheritable":false,"inbound_stock":null,"stock_on_hold":0,"sold_today":0,"sales_last_days":0,"reserved_stock":null,"customer_returns":null,"warehouse_damage":null,"lost_in_post":null,"other_logs":null,"out_stock_days":0,"lost_sales":0,"has_location":false,"update_date":"2026-04-28T00:42:09","atum_locations":[],"atum_stock_status":"instock","restock_status":false,"low_stock_amount":"","sales_update_date":"2026-04-28T00:42:09","calc_backorders":0,"acf":[],"yoast_head":"<!-- This site is optimized with the Yoast SEO plugin v27.3 - https:\/\/yoast.com\/product\/yoast-seo-wordpress\/ -->\n<title>Laguiole-Schinkenmesser in Aubrac Olive \u2013 30 cm Klinge<\/title>\n<meta name=\"description\" content=\"Laguiole-Schinkenmesser in Aubrac aus Olivenholz. Gl\u00e4nzende Edelstahlklinge 30 cm f\u00fcr einen feinen und pr\u00e4zisen Schnitt, handgefertigt in Frankreich.\" \/>\n<meta name=\"robots\" content=\"index, follow, max-snippet:-1, max-image-preview:large, max-video-preview:-1\" \/>\n<link rel=\"canonical\" href=\"https:\/\/laguiole.com\/de\/produit\/laguiole-schinkenmesser-in-aubrac-olivier\/\" \/>\n<meta property=\"og:locale\" content=\"de_DE\" \/>\n<meta property=\"og:type\" content=\"article\" \/>\n<meta property=\"og:title\" content=\"Laguiole-Schinkenmesser in Aubrac Olive \u2013 30 cm Klinge\" \/>\n<meta property=\"og:description\" content=\"Laguiole-Schinkenmesser in Aubrac aus Olivenholz. Gl\u00e4nzende Edelstahlklinge 30 cm f\u00fcr einen feinen und pr\u00e4zisen Schnitt, handgefertigt in Frankreich.\" \/>\n<meta property=\"og:url\" content=\"https:\/\/laguiole.com\/de\/produit\/laguiole-schinkenmesser-in-aubrac-olivier\/\" \/>\n<meta property=\"og:site_name\" content=\"Laguiole.com \u00ae\" \/>\n<meta property=\"article:publisher\" content=\"https:\/\/www.facebook.com\/laguiolecom\/\" \/>\n<meta property=\"article:modified_time\" content=\"2026-02-24T17:26:36+00:00\" \/>\n<meta property=\"og:image\" content=\"https:\/\/laguiole.com\/wp-content\/uploads\/2023\/07\/Couteau_Jambon_LEA_Olivier_01.jpg\" \/>\n\t<meta property=\"og:image:width\" content=\"1033\" \/>\n\t<meta property=\"og:image:height\" content=\"1033\" \/>\n\t<meta property=\"og:image:type\" content=\"image\/jpeg\" \/>\n<meta name=\"twitter:card\" content=\"summary_large_image\" \/>\n<meta name=\"twitter:label1\" content=\"Gesch\u00e4tzte Lesezeit\" \/>\n\t<meta name=\"twitter:data1\" content=\"2\u00a0Minute\" \/>\n<script type=\"application\/ld+json\" class=\"yoast-schema-graph\">{\"@context\":\"https:\\\/\\\/schema.org\",\"@graph\":[{\"@type\":\"WebPage\",\"@id\":\"https:\\\/\\\/laguiole.com\\\/de\\\/produit\\\/laguiole-schinkenmesser-in-aubrac-olivier\\\/\",\"url\":\"https:\\\/\\\/laguiole.com\\\/de\\\/produit\\\/laguiole-schinkenmesser-in-aubrac-olivier\\\/\",\"name\":\"Laguiole-Schinkenmesser in Aubrac Olive \u2013 30 cm Klinge\",\"isPartOf\":{\"@id\":\"https:\\\/\\\/laguiole.com\\\/de\\\/#website\"},\"primaryImageOfPage\":{\"@id\":\"https:\\\/\\\/laguiole.com\\\/de\\\/produit\\\/laguiole-schinkenmesser-in-aubrac-olivier\\\/#primaryimage\"},\"image\":{\"@id\":\"https:\\\/\\\/laguiole.com\\\/de\\\/produit\\\/laguiole-schinkenmesser-in-aubrac-olivier\\\/#primaryimage\"},\"thumbnailUrl\":\"https:\\\/\\\/laguiole.com\\\/wp-content\\\/uploads\\\/2023\\\/07\\\/Couteau_Jambon_LEA_Olivier_01.jpg\",\"datePublished\":\"2023-07-05T17:25:44+00:00\",\"dateModified\":\"2026-02-24T17:26:36+00:00\",\"description\":\"Laguiole-Schinkenmesser in Aubrac aus Olivenholz. Gl\u00e4nzende Edelstahlklinge 30 cm f\u00fcr einen feinen und pr\u00e4zisen Schnitt, handgefertigt in Frankreich.\",\"breadcrumb\":{\"@id\":\"https:\\\/\\\/laguiole.com\\\/de\\\/produit\\\/laguiole-schinkenmesser-in-aubrac-olivier\\\/#breadcrumb\"},\"inLanguage\":\"de\",\"potentialAction\":[{\"@type\":\"ReadAction\",\"target\":[\"https:\\\/\\\/laguiole.com\\\/de\\\/produit\\\/laguiole-schinkenmesser-in-aubrac-olivier\\\/\"]}]},{\"@type\":\"ImageObject\",\"inLanguage\":\"de\",\"@id\":\"https:\\\/\\\/laguiole.com\\\/de\\\/produit\\\/laguiole-schinkenmesser-in-aubrac-olivier\\\/#primaryimage\",\"url\":\"https:\\\/\\\/laguiole.com\\\/wp-content\\\/uploads\\\/2023\\\/07\\\/Couteau_Jambon_LEA_Olivier_01.jpg\",\"contentUrl\":\"https:\\\/\\\/laguiole.com\\\/wp-content\\\/uploads\\\/2023\\\/07\\\/Couteau_Jambon_LEA_Olivier_01.jpg\",\"width\":1033,\"height\":1033,\"caption\":\"Laguiole Schinkenmesser in Aubrac Olivier\"},{\"@type\":\"BreadcrumbList\",\"@id\":\"https:\\\/\\\/laguiole.com\\\/de\\\/produit\\\/laguiole-schinkenmesser-in-aubrac-olivier\\\/#breadcrumb\",\"itemListElement\":[{\"@type\":\"ListItem\",\"position\":1,\"name\":\"Accueil\",\"item\":\"https:\\\/\\\/laguiole.com\\\/de\\\/\"},{\"@type\":\"ListItem\",\"position\":2,\"name\":\"Shop\",\"item\":\"https:\\\/\\\/laguiole.com\\\/de\\\/shop-2\\\/\"},{\"@type\":\"ListItem\",\"position\":3,\"name\":\"Laguiole Schinkenmesser in Aubrac Olivier\"}]},{\"@type\":\"WebSite\",\"@id\":\"https:\\\/\\\/laguiole.com\\\/de\\\/#website\",\"url\":\"https:\\\/\\\/laguiole.com\\\/de\\\/\",\"name\":\"Laguiole.com\",\"description\":\"Laguiole - Couteau laguiole, Chateau Laguiole, Laguiole en Aubrac, Forge de Laguiole\",\"publisher\":{\"@id\":\"https:\\\/\\\/laguiole.com\\\/de\\\/#organization\"},\"potentialAction\":[{\"@type\":\"SearchAction\",\"target\":{\"@type\":\"EntryPoint\",\"urlTemplate\":\"https:\\\/\\\/laguiole.com\\\/de\\\/?s={search_term_string}\"},\"query-input\":{\"@type\":\"PropertyValueSpecification\",\"valueRequired\":true,\"valueName\":\"search_term_string\"}}],\"inLanguage\":\"de\"},{\"@type\":\"Organization\",\"@id\":\"https:\\\/\\\/laguiole.com\\\/de\\\/#organization\",\"name\":\"Laguiole.com\",\"url\":\"https:\\\/\\\/laguiole.com\\\/de\\\/\",\"logo\":{\"@type\":\"ImageObject\",\"inLanguage\":\"de\",\"@id\":\"https:\\\/\\\/laguiole.com\\\/de\\\/#\\\/schema\\\/logo\\\/image\\\/\",\"url\":\"https:\\\/\\\/laguiole.com\\\/wp-content\\\/uploads\\\/2021\\\/02\\\/logo_laguiole.com-horizontal.jpg\",\"contentUrl\":\"https:\\\/\\\/laguiole.com\\\/wp-content\\\/uploads\\\/2021\\\/02\\\/logo_laguiole.com-horizontal.jpg\",\"width\":490,\"height\":156,\"caption\":\"Laguiole.com\"},\"image\":{\"@id\":\"https:\\\/\\\/laguiole.com\\\/de\\\/#\\\/schema\\\/logo\\\/image\\\/\"},\"sameAs\":[\"https:\\\/\\\/www.facebook.com\\\/laguiolecom\\\/\",\"https:\\\/\\\/www.instagram.com\\\/laguiolecom\\\/\",\"https:\\\/\\\/www.youtube.com\\\/@laguiolecom\\\/videos\"]}]}<\/script>\n<!-- \/ Yoast SEO plugin. -->","yoast_head_json":{"title":"Laguiole-Schinkenmesser in Aubrac Olive \u2013 30 cm Klinge","description":"Laguiole-Schinkenmesser in Aubrac aus Olivenholz. Gl\u00e4nzende Edelstahlklinge 30 cm f\u00fcr einen feinen und pr\u00e4zisen Schnitt, handgefertigt in Frankreich.","robots":{"index":"index","follow":"follow","max-snippet":"max-snippet:-1","max-image-preview":"max-image-preview:large","max-video-preview":"max-video-preview:-1"},"canonical":"https:\/\/laguiole.com\/de\/produit\/laguiole-schinkenmesser-in-aubrac-olivier\/","og_locale":"de_DE","og_type":"article","og_title":"Laguiole-Schinkenmesser in Aubrac Olive \u2013 30 cm Klinge","og_description":"Laguiole-Schinkenmesser in Aubrac aus Olivenholz. Gl\u00e4nzende Edelstahlklinge 30 cm f\u00fcr einen feinen und pr\u00e4zisen Schnitt, handgefertigt in Frankreich.","og_url":"https:\/\/laguiole.com\/de\/produit\/laguiole-schinkenmesser-in-aubrac-olivier\/","og_site_name":"Laguiole.com \u00ae","article_publisher":"https:\/\/www.facebook.com\/laguiolecom\/","article_modified_time":"2026-02-24T17:26:36+00:00","og_image":[{"width":1033,"height":1033,"url":"https:\/\/laguiole.com\/wp-content\/uploads\/2023\/07\/Couteau_Jambon_LEA_Olivier_01.jpg","type":"image\/jpeg"}],"twitter_card":"summary_large_image","twitter_misc":{"Gesch\u00e4tzte Lesezeit":"2\u00a0Minute"},"schema":{"@context":"https:\/\/schema.org","@graph":[{"@type":"WebPage","@id":"https:\/\/laguiole.com\/de\/produit\/laguiole-schinkenmesser-in-aubrac-olivier\/","url":"https:\/\/laguiole.com\/de\/produit\/laguiole-schinkenmesser-in-aubrac-olivier\/","name":"Laguiole-Schinkenmesser in Aubrac Olive \u2013 30 cm Klinge","isPartOf":{"@id":"https:\/\/laguiole.com\/de\/#website"},"primaryImageOfPage":{"@id":"https:\/\/laguiole.com\/de\/produit\/laguiole-schinkenmesser-in-aubrac-olivier\/#primaryimage"},"image":{"@id":"https:\/\/laguiole.com\/de\/produit\/laguiole-schinkenmesser-in-aubrac-olivier\/#primaryimage"},"thumbnailUrl":"https:\/\/laguiole.com\/wp-content\/uploads\/2023\/07\/Couteau_Jambon_LEA_Olivier_01.jpg","datePublished":"2023-07-05T17:25:44+00:00","dateModified":"2026-02-24T17:26:36+00:00","description":"Laguiole-Schinkenmesser in Aubrac aus Olivenholz. Gl\u00e4nzende Edelstahlklinge 30 cm f\u00fcr einen feinen und pr\u00e4zisen Schnitt, handgefertigt in Frankreich.","breadcrumb":{"@id":"https:\/\/laguiole.com\/de\/produit\/laguiole-schinkenmesser-in-aubrac-olivier\/#breadcrumb"},"inLanguage":"de","potentialAction":[{"@type":"ReadAction","target":["https:\/\/laguiole.com\/de\/produit\/laguiole-schinkenmesser-in-aubrac-olivier\/"]}]},{"@type":"ImageObject","inLanguage":"de","@id":"https:\/\/laguiole.com\/de\/produit\/laguiole-schinkenmesser-in-aubrac-olivier\/#primaryimage","url":"https:\/\/laguiole.com\/wp-content\/uploads\/2023\/07\/Couteau_Jambon_LEA_Olivier_01.jpg","contentUrl":"https:\/\/laguiole.com\/wp-content\/uploads\/2023\/07\/Couteau_Jambon_LEA_Olivier_01.jpg","width":1033,"height":1033,"caption":"Laguiole Schinkenmesser in Aubrac Olivier"},{"@type":"BreadcrumbList","@id":"https:\/\/laguiole.com\/de\/produit\/laguiole-schinkenmesser-in-aubrac-olivier\/#breadcrumb","itemListElement":[{"@type":"ListItem","position":1,"name":"Accueil","item":"https:\/\/laguiole.com\/de\/"},{"@type":"ListItem","position":2,"name":"Shop","item":"https:\/\/laguiole.com\/de\/shop-2\/"},{"@type":"ListItem","position":3,"name":"Laguiole Schinkenmesser in Aubrac Olivier"}]},{"@type":"WebSite","@id":"https:\/\/laguiole.com\/de\/#website","url":"https:\/\/laguiole.com\/de\/","name":"Laguiole.com","description":"Laguiole - Couteau laguiole, Chateau Laguiole, Laguiole en Aubrac, Forge de Laguiole","publisher":{"@id":"https:\/\/laguiole.com\/de\/#organization"},"potentialAction":[{"@type":"SearchAction","target":{"@type":"EntryPoint","urlTemplate":"https:\/\/laguiole.com\/de\/?s={search_term_string}"},"query-input":{"@type":"PropertyValueSpecification","valueRequired":true,"valueName":"search_term_string"}}],"inLanguage":"de"},{"@type":"Organization","@id":"https:\/\/laguiole.com\/de\/#organization","name":"Laguiole.com","url":"https:\/\/laguiole.com\/de\/","logo":{"@type":"ImageObject","inLanguage":"de","@id":"https:\/\/laguiole.com\/de\/#\/schema\/logo\/image\/","url":"https:\/\/laguiole.com\/wp-content\/uploads\/2021\/02\/logo_laguiole.com-horizontal.jpg","contentUrl":"https:\/\/laguiole.com\/wp-content\/uploads\/2021\/02\/logo_laguiole.com-horizontal.jpg","width":490,"height":156,"caption":"Laguiole.com"},"image":{"@id":"https:\/\/laguiole.com\/de\/#\/schema\/logo\/image\/"},"sameAs":["https:\/\/www.facebook.com\/laguiolecom\/","https:\/\/www.instagram.com\/laguiolecom\/","https:\/\/www.youtube.com\/@laguiolecom\/videos"]}]}},"_links":{"self":[{"href":"https:\/\/laguiole.com\/de\/wp-json\/wp\/v2\/product\/40359","targetHints":{"allow":["GET"]}}],"collection":[{"href":"https:\/\/laguiole.com\/de\/wp-json\/wp\/v2\/product"}],"about":[{"href":"https:\/\/laguiole.com\/de\/wp-json\/wp\/v2\/types\/product"}],"version-history":[{"count":1,"href":"https:\/\/laguiole.com\/de\/wp-json\/wp\/v2\/product\/40359\/revisions"}],"predecessor-version":[{"id":50419,"href":"https:\/\/laguiole.com\/de\/wp-json\/wp\/v2\/product\/40359\/revisions\/50419"}],"wp:featuredmedia":[{"embeddable":true,"href":"https:\/\/laguiole.com\/de\/wp-json\/wp\/v2\/media\/40361"}],"wp:attachment":[{"href":"https:\/\/laguiole.com\/de\/wp-json\/wp\/v2\/media?parent=40359"}],"wp:term":[{"taxonomy":"product_brand","embeddable":true,"href":"https:\/\/laguiole.com\/de\/wp-json\/wp\/v2\/product_brand?post=40359"},{"taxonomy":"product_cat","embeddable":true,"href":"https:\/\/laguiole.com\/de\/wp-json\/wp\/v2\/product_cat?post=40359"},{"taxonomy":"product_tag","embeddable":true,"href":"https:\/\/laguiole.com\/de\/wp-json\/wp\/v2\/product_tag?post=40359"}],"curies":[{"name":"wp","href":"https:\/\/api.w.org\/{rel}","templated":true}]}}